{"id":582,"date":"2018-07-03T14:48:38","date_gmt":"2018-07-03T12:48:38","guid":{"rendered":"http:\/\/wp.kristdemokraterna.se\/gotland\/?page_id=582"},"modified":"2020-12-10T14:36:47","modified_gmt":"2020-12-10T13:36:47","slug":"kandidater","status":"publish","type":"page","link":"https:\/\/wp.kristdemokraterna.se\/gotland\/arkiv\/val\/kandidater\/","title":{"rendered":"Kandidater 2018"},"content":{"rendered":"<p>H\u00e4r presenteras n\u00e5gra av v\u00e5ra kandidater p\u00e5 valsedeln till regionfullm\u00e4ktige 2018<\/p>\n<div id=\"attachment_587\" style=\"width: 160px\" class=\"wp-caption alignleft\"><a href=\"http:\/\/wp.kristdemokraterna.se\/gotland\/files\/2018\/06\/sara_1_webb.jpg\"><img loading=\"lazy\" decoding=\"async\" aria-describedby=\"caption-attachment-587\" class=\"wp-image-587 size-thumbnail\" src=\"http:\/\/wp.kristdemokraterna.se\/gotland\/files\/2018\/06\/sara_1_webb-150x150.jpg\" alt=\"\" width=\"150\" height=\"150\" \/><\/a><p id=\"caption-attachment-587\" class=\"wp-caption-text\">Foto: Johan Asplund<\/p><\/div>\n<p><strong>Sara Lidqvist, 40 \u00e5r, verksamhetsutvecklare, Hemse<\/strong><\/p>\n<p>&#8221;Nu f\u00e5r det vara sluttjafsat om parkering vid Visby lasarett!<br \/>\nPersonal, patienter och bes\u00f6kare m\u00e5ste vara s\u00e4kra p\u00e5 att<br \/>\ndet finns parkeringsm\u00f6jlighet. Vi vill bygga ett<br \/>\nparkeringsd\u00e4ck vid Visby lasarett. Det \u00e4r v\u00e5rt v\u00e4lf\u00e4rdsl\u00f6fte.&#8221;<\/p>\n<p>&nbsp;<\/p>\n<p>&nbsp;<\/p>\n<div id=\"attachment_588\" style=\"width: 160px\" class=\"wp-caption alignleft\"><a href=\"http:\/\/wp.kristdemokraterna.se\/gotland\/files\/2018\/06\/ola_webb.jpg\"><img loading=\"lazy\" decoding=\"async\" aria-describedby=\"caption-attachment-588\" class=\"size-thumbnail wp-image-588\" src=\"http:\/\/wp.kristdemokraterna.se\/gotland\/files\/2018\/06\/ola_webb-150x150.jpg\" alt=\"\" width=\"150\" height=\"150\" \/><\/a><p id=\"caption-attachment-588\" class=\"wp-caption-text\">Foto: Johan Asplund<\/p><\/div>\n<p><strong>Ola Bj\u00f6rkqvist, 67 \u00e5r, lantbrukare, Tofta<\/strong><\/p>\n<p>&#8221;Gotland \u00e4r mestadels landsbygd. Ett liv i v\u00e4lm\u00e5ende och<br \/>\ntrygghet skall vara lika sj\u00e4lvklart p\u00e5 landet som i stan. Vi<br \/>\nvill satsa p\u00e5 bostadsbyggande, v\u00e4l fungerande<br \/>\nkollektivtrafik och god kommunal service. Det \u00e4r v\u00e5rt<br \/>\nv\u00e4lf\u00e4rdsl\u00f6fte.&#8221;<\/p>\n<p>&nbsp;<\/p>\n<div id=\"attachment_589\" style=\"width: 160px\" class=\"wp-caption alignleft\"><a href=\"http:\/\/wp.kristdemokraterna.se\/gotland\/files\/2018\/06\/linnea_webb.jpg\"><img loading=\"lazy\" decoding=\"async\" aria-describedby=\"caption-attachment-589\" class=\"size-thumbnail wp-image-589\" src=\"http:\/\/wp.kristdemokraterna.se\/gotland\/files\/2018\/06\/linnea_webb-150x150.jpg\" alt=\"\" width=\"150\" height=\"150\" \/><\/a><p id=\"caption-attachment-589\" class=\"wp-caption-text\">Foto: Johan Asplund<\/p><\/div>\n<p><strong>Linn\u00e9a H\u00f6gberg, 39 \u00e5r, sjuksk\u00f6terska, Tingst\u00e4de<\/strong><\/p>\n<p>&#8221;Sjukv\u00e5rden ska vara tillg\u00e4nglig, v\u00e4rdig och av god kvalitet<br \/>\nmed h\u00e4lsofr\u00e4mjande och f\u00f6rebyggande insatser som<br \/>\nviktiga ingredienser. Undersk\u00f6terskor, sjuksk\u00f6terskor och<br \/>\nl\u00e4kare ska avlastas genom fortsatt satsning p\u00e5 v\u00e5rdn\u00e4ra<br \/>\nservice i en f\u00f6rstatligad sjukhusv\u00e5rd. Det \u00e4r v\u00e5rt v\u00e4lf\u00e4rdsl\u00f6fte&#8221;<\/p>\n<p>&nbsp;<\/p>\n<div id=\"attachment_604\" style=\"width: 160px\" class=\"wp-caption alignleft\"><a href=\"http:\/\/wp.kristdemokraterna.se\/gotland\/files\/2018\/07\/anna_webb.jpg\"><img loading=\"lazy\" decoding=\"async\" aria-describedby=\"caption-attachment-604\" class=\"size-thumbnail wp-image-604\" src=\"http:\/\/wp.kristdemokraterna.se\/gotland\/files\/2018\/07\/anna_webb-150x150.jpg\" alt=\"\" width=\"150\" height=\"150\" \/><\/a><p id=\"caption-attachment-604\" class=\"wp-caption-text\">Foto: Johan Asplund<\/p><\/div>\n<p><strong>Anna Haack, 52 \u00e5r, redovisningskonsult, Tofta<\/strong><\/p>\n<p>&#8221;Familjer ska sj\u00e4lva utforma och best\u00e4mma \u00f6ver sin egen vardag. Vi vill se alternativ barnomsorg, mindre grupper i f\u00f6rskolan, f\u00f6rb\u00e4ttrad ekonomi f\u00f6r barnfamiljer och mer tid f\u00f6r barnen. Det \u00e4r v\u00e5rt v\u00e4lf\u00e4rdsl\u00f6fte.&#8221;<\/p>\n<p>&nbsp;<\/p>\n<p>&nbsp;<\/p>\n<div id=\"attachment_606\" style=\"width: 160px\" class=\"wp-caption alignleft\"><a href=\"http:\/\/wp.kristdemokraterna.se\/gotland\/files\/2018\/07\/rut_webb.jpg\"><img loading=\"lazy\" decoding=\"async\" aria-describedby=\"caption-attachment-606\" class=\"size-thumbnail wp-image-606\" src=\"http:\/\/wp.kristdemokraterna.se\/gotland\/files\/2018\/07\/rut_webb-150x150.jpg\" alt=\"\" width=\"150\" height=\"150\" \/><\/a><p id=\"caption-attachment-606\" class=\"wp-caption-text\">Foto: Johan Asplund<\/p><\/div>\n<p><strong>Rut Smeds, 67 \u00e5r, socionom, Visby<\/strong><\/p>\n<p>&#8221;M\u00e5nga, b\u00e5de barn och vuxna, drabbas av psykisk oh\u00e4lsa. Vi vill se ett \u00f6kat st\u00f6d till familjer och satsningar p\u00e5 prim\u00e4rv\u00e5rd och psykiatri. Inget barn ska beh\u00f6va v\u00e4nta mer \u00e4n 30 dagar p\u00e5 utredning. Det \u00e4r v\u00e5rt v\u00e4lf\u00e4rdsl\u00f6fte.&#8221;<\/p>\n<p>&nbsp;<\/p>\n<p>&nbsp;<\/p>\n<div id=\"attachment_607\" style=\"width: 160px\" class=\"wp-caption alignleft\"><a href=\"http:\/\/wp.kristdemokraterna.se\/gotland\/files\/2018\/07\/primus_webb.jpg\"><img loading=\"lazy\" decoding=\"async\" aria-describedby=\"caption-attachment-607\" class=\"size-thumbnail wp-image-607\" src=\"http:\/\/wp.kristdemokraterna.se\/gotland\/files\/2018\/07\/primus_webb-150x150.jpg\" alt=\"\" width=\"150\" height=\"150\" \/><\/a><p id=\"caption-attachment-607\" class=\"wp-caption-text\">Foto: Johan Asplund<\/p><\/div>\n<p><strong>Primus Falk, 18 \u00e5r, studerande, Visby<\/strong><\/p>\n<p>&#8221;\u00c4ldreomsorg ska pr\u00e4glas av trygghet, v\u00e4rdighet och delaktighet. Vi vill bygga anpassade \u00e4ldreboenden och garantera plats f\u00f6r alla som \u00e4r 85 \u00e5r eller \u00e4ldre. Och skrota pension\u00e4rsskatten. Det \u00e4r v\u00e5rt v\u00e4lf\u00e4rdsl\u00f6fte.&#8221;<\/p>\n<p>&nbsp;<\/p>\n<p>&nbsp;<\/p>\n<div id=\"attachment_608\" style=\"width: 160px\" class=\"wp-caption alignleft\"><a href=\"http:\/\/wp.kristdemokraterna.se\/gotland\/files\/2018\/07\/peder_webb.jpg\"><img loading=\"lazy\" decoding=\"async\" aria-describedby=\"caption-attachment-608\" class=\"size-thumbnail wp-image-608\" src=\"http:\/\/wp.kristdemokraterna.se\/gotland\/files\/2018\/07\/peder_webb-150x150.jpg\" alt=\"\" width=\"150\" height=\"150\" \/><\/a><p id=\"caption-attachment-608\" class=\"wp-caption-text\">Foto: Johan Asplund<\/p><\/div>\n<p><strong>Peder Fohlin, 65 \u00e5r, lanthandlare, Fole<\/strong><\/p>\n<p>&#8221;Ett st\u00e4rkt n\u00e4ringsliv inneb\u00e4r fler arbetstillf\u00e4llen. Det privata n\u00e4ringslivet och m\u00e4nniskors innovationer \u00e4r grunden f\u00f6r Sveriges v\u00e4lf\u00e4rd. Region Gotland ska utveckla samarbetet med n\u00e4ringslivet p\u00e5 <strong>hela<\/strong> Gotland. Det \u00e4r v\u00e5rt v\u00e4lf\u00e4rdsl\u00f6fte.&#8221;<\/p>\n<p>&nbsp;<\/p>\n<p>&nbsp;<\/p>\n<div id=\"attachment_609\" style=\"width: 160px\" class=\"wp-caption alignleft\"><a href=\"http:\/\/wp.kristdemokraterna.se\/gotland\/files\/2018\/07\/helena_webb.jpg\"><img loading=\"lazy\" decoding=\"async\" aria-describedby=\"caption-attachment-609\" class=\"size-thumbnail wp-image-609\" src=\"http:\/\/wp.kristdemokraterna.se\/gotland\/files\/2018\/07\/helena_webb-150x150.jpg\" alt=\"\" width=\"150\" height=\"150\" \/><\/a><p id=\"caption-attachment-609\" class=\"wp-caption-text\">Foto: Johan Asplund<\/p><\/div>\n<p><strong>Helena Emilsson, 69 \u00e5r, VD, Visby<\/strong><\/p>\n<p>&#8221;Den mat som serveras till barn och \u00e4ldre p\u00e5 Gotland ska vara producerad enligt regler i svensk lagstiftning, fri fr\u00e5n till exempel antibiotika. D\u00e5 m\u00e5r m\u00e4nniskor och milj\u00f6 b\u00e4ttre. Det \u00e4r v\u00e5rt v\u00e4lf\u00e4rdsl\u00f6fte.&#8221;<\/p>\n","protected":false},"excerpt":{"rendered":"<p>H\u00e4r presenteras n\u00e5gra av v\u00e5ra kandidater p\u00e5 valsedeln till regionfullm\u00e4ktige 2018 Sara Lidqvist, 40 \u00e5r, verksamhetsutvecklare, Hemse &#8221;Nu f\u00e5r det vara sluttjafsat om parkering vid Visby lasarett! Personal, patienter och bes\u00f6kare m\u00e5ste vara s\u00e4kra p\u00e5 att det finns parkeringsm\u00f6jlighet. Vi vill bygga ett parkeringsd\u00e4ck vid Visby lasarett. Det \u00e4r v\u00e5rt v\u00e4lf\u00e4rdsl\u00f6fte.&#8221; &nbsp; &nbsp; Ola Bj\u00f6rkqvist, <a class=\"read-more-link\" href=\"https:\/\/wp.kristdemokraterna.se\/gotland\/arkiv\/val\/kandidater\/\">Read More<\/a><\/p>\n","protected":false},"author":422,"featured_media":0,"parent":455,"menu_order":2,"comment_status":"closed","ping_status":"closed","template":"","meta":{"_acf_changed":false,"footnotes":""},"class_list":["post-582","page","type-page","status-publish","hentry"],"acf":[],"yoast_head":"<!-- This site is optimized with the Yoast SEO plugin v27.3 - https:\/\/yoast.com\/product\/yoast-seo-wordpress\/ -->\n<title>Kandidater 2018 - Kristdemokraterna Gotland<\/title>\n<meta name=\"robots\" content=\"index, follow, max-snippet:-1, max-image-preview:large, max-video-preview:-1\" \/>\n<link rel=\"canonical\" href=\"https:\/\/wp.kristdemokraterna.se\/gotland\/arkiv\/val\/kandidater\/\" \/>\n<meta property=\"og:locale\" content=\"sv_SE\" \/>\n<meta property=\"og:type\" content=\"article\" \/>\n<meta property=\"og:title\" content=\"Kandidater 2018 - Kristdemokraterna Gotland\" \/>\n<meta property=\"og:description\" content=\"H\u00e4r presenteras n\u00e5gra av v\u00e5ra kandidater p\u00e5 valsedeln till regionfullm\u00e4ktige 2018 Sara Lidqvist, 40 \u00e5r, verksamhetsutvecklare, Hemse &#8221;Nu f\u00e5r det vara sluttjafsat om parkering vid Visby lasarett! Personal, patienter och bes\u00f6kare m\u00e5ste vara s\u00e4kra p\u00e5 att det finns parkeringsm\u00f6jlighet. Vi vill bygga ett parkeringsd\u00e4ck vid Visby lasarett. Det \u00e4r v\u00e5rt v\u00e4lf\u00e4rdsl\u00f6fte.&#8221; &nbsp; &nbsp; Ola Bj\u00f6rkqvist, Read More\" \/>\n<meta property=\"og:url\" content=\"https:\/\/wp.kristdemokraterna.se\/gotland\/arkiv\/val\/kandidater\/\" \/>\n<meta property=\"og:site_name\" content=\"Kristdemokraterna Gotland\" \/>\n<meta property=\"article:modified_time\" content=\"2020-12-10T13:36:47+00:00\" \/>\n<meta property=\"og:image\" content=\"http:\/\/wp.kristdemokraterna.se\/gotland\/files\/2018\/06\/sara_1_webb-150x150.jpg\" \/>\n<meta name=\"twitter:card\" content=\"summary_large_image\" \/>\n<meta name=\"twitter:label1\" content=\"Ber\u00e4knad l\u00e4stid\" \/>\n\t<meta name=\"twitter:data1\" content=\"3 minuter\" \/>\n<script type=\"application\/ld+json\" class=\"yoast-schema-graph\">{\"@context\":\"https:\\\/\\\/schema.org\",\"@graph\":[{\"@type\":\"WebPage\",\"@id\":\"https:\\\/\\\/wp.kristdemokraterna.se\\\/gotland\\\/arkiv\\\/val\\\/kandidater\\\/\",\"url\":\"https:\\\/\\\/wp.kristdemokraterna.se\\\/gotland\\\/arkiv\\\/val\\\/kandidater\\\/\",\"name\":\"Kandidater 2018 - Kristdemokraterna Gotland\",\"isPartOf\":{\"@id\":\"https:\\\/\\\/wp.kristdemokraterna.se\\\/gotland\\\/#website\"},\"primaryImageOfPage\":{\"@id\":\"https:\\\/\\\/wp.kristdemokraterna.se\\\/gotland\\\/arkiv\\\/val\\\/kandidater\\\/#primaryimage\"},\"image\":{\"@id\":\"https:\\\/\\\/wp.kristdemokraterna.se\\\/gotland\\\/arkiv\\\/val\\\/kandidater\\\/#primaryimage\"},\"thumbnailUrl\":\"http:\\\/\\\/wp.kristdemokraterna.se\\\/gotland\\\/files\\\/2018\\\/06\\\/sara_1_webb-150x150.jpg\",\"datePublished\":\"2018-07-03T12:48:38+00:00\",\"dateModified\":\"2020-12-10T13:36:47+00:00\",\"breadcrumb\":{\"@id\":\"https:\\\/\\\/wp.kristdemokraterna.se\\\/gotland\\\/arkiv\\\/val\\\/kandidater\\\/#breadcrumb\"},\"inLanguage\":\"sv-SE\",\"potentialAction\":[{\"@type\":\"ReadAction\",\"target\":[\"https:\\\/\\\/wp.kristdemokraterna.se\\\/gotland\\\/arkiv\\\/val\\\/kandidater\\\/\"]}]},{\"@type\":\"ImageObject\",\"inLanguage\":\"sv-SE\",\"@id\":\"https:\\\/\\\/wp.kristdemokraterna.se\\\/gotland\\\/arkiv\\\/val\\\/kandidater\\\/#primaryimage\",\"url\":\"http:\\\/\\\/wp.kristdemokraterna.se\\\/gotland\\\/files\\\/2018\\\/06\\\/sara_1_webb-150x150.jpg\",\"contentUrl\":\"http:\\\/\\\/wp.kristdemokraterna.se\\\/gotland\\\/files\\\/2018\\\/06\\\/sara_1_webb-150x150.jpg\"},{\"@type\":\"BreadcrumbList\",\"@id\":\"https:\\\/\\\/wp.kristdemokraterna.se\\\/gotland\\\/arkiv\\\/val\\\/kandidater\\\/#breadcrumb\",\"itemListElement\":[{\"@type\":\"ListItem\",\"position\":1,\"name\":\"Hem\",\"item\":\"https:\\\/\\\/wp.kristdemokraterna.se\\\/gotland\\\/\"},{\"@type\":\"ListItem\",\"position\":2,\"name\":\"Arkiv\",\"item\":\"https:\\\/\\\/wp.kristdemokraterna.se\\\/gotland\\\/arkiv\\\/\"},{\"@type\":\"ListItem\",\"position\":3,\"name\":\"Val 2018\",\"item\":\"https:\\\/\\\/wp.kristdemokraterna.se\\\/gotland\\\/arkiv\\\/val\\\/\"},{\"@type\":\"ListItem\",\"position\":4,\"name\":\"Kandidater 2018\"}]},{\"@type\":\"WebSite\",\"@id\":\"https:\\\/\\\/wp.kristdemokraterna.se\\\/gotland\\\/#website\",\"url\":\"https:\\\/\\\/wp.kristdemokraterna.se\\\/gotland\\\/\",\"name\":\"Kristdemokraterna Gotland\",\"description\":\"Kristdemokraterna p\u00e5 Gotland\",\"inLanguage\":\"sv-SE\"}]}<\/script>\n<!-- \/ Yoast SEO plugin. -->","yoast_head_json":{"title":"Kandidater 2018 - Kristdemokraterna Gotland","robots":{"index":"index","follow":"follow","max-snippet":"max-snippet:-1","max-image-preview":"max-image-preview:large","max-video-preview":"max-video-preview:-1"},"canonical":"https:\/\/wp.kristdemokraterna.se\/gotland\/arkiv\/val\/kandidater\/","og_locale":"sv_SE","og_type":"article","og_title":"Kandidater 2018 - Kristdemokraterna Gotland","og_description":"H\u00e4r presenteras n\u00e5gra av v\u00e5ra kandidater p\u00e5 valsedeln till regionfullm\u00e4ktige 2018 Sara Lidqvist, 40 \u00e5r, verksamhetsutvecklare, Hemse &#8221;Nu f\u00e5r det vara sluttjafsat om parkering vid Visby lasarett! Personal, patienter och bes\u00f6kare m\u00e5ste vara s\u00e4kra p\u00e5 att det finns parkeringsm\u00f6jlighet. Vi vill bygga ett parkeringsd\u00e4ck vid Visby lasarett. Det \u00e4r v\u00e5rt v\u00e4lf\u00e4rdsl\u00f6fte.&#8221; &nbsp; &nbsp; Ola Bj\u00f6rkqvist, Read More","og_url":"https:\/\/wp.kristdemokraterna.se\/gotland\/arkiv\/val\/kandidater\/","og_site_name":"Kristdemokraterna Gotland","article_modified_time":"2020-12-10T13:36:47+00:00","og_image":[{"url":"http:\/\/wp.kristdemokraterna.se\/gotland\/files\/2018\/06\/sara_1_webb-150x150.jpg","type":"","width":"","height":""}],"twitter_card":"summary_large_image","twitter_misc":{"Ber\u00e4knad l\u00e4stid":"3 minuter"},"schema":{"@context":"https:\/\/schema.org","@graph":[{"@type":"WebPage","@id":"https:\/\/wp.kristdemokraterna.se\/gotland\/arkiv\/val\/kandidater\/","url":"https:\/\/wp.kristdemokraterna.se\/gotland\/arkiv\/val\/kandidater\/","name":"Kandidater 2018 - Kristdemokraterna Gotland","isPartOf":{"@id":"https:\/\/wp.kristdemokraterna.se\/gotland\/#website"},"primaryImageOfPage":{"@id":"https:\/\/wp.kristdemokraterna.se\/gotland\/arkiv\/val\/kandidater\/#primaryimage"},"image":{"@id":"https:\/\/wp.kristdemokraterna.se\/gotland\/arkiv\/val\/kandidater\/#primaryimage"},"thumbnailUrl":"http:\/\/wp.kristdemokraterna.se\/gotland\/files\/2018\/06\/sara_1_webb-150x150.jpg","datePublished":"2018-07-03T12:48:38+00:00","dateModified":"2020-12-10T13:36:47+00:00","breadcrumb":{"@id":"https:\/\/wp.kristdemokraterna.se\/gotland\/arkiv\/val\/kandidater\/#breadcrumb"},"inLanguage":"sv-SE","potentialAction":[{"@type":"ReadAction","target":["https:\/\/wp.kristdemokraterna.se\/gotland\/arkiv\/val\/kandidater\/"]}]},{"@type":"ImageObject","inLanguage":"sv-SE","@id":"https:\/\/wp.kristdemokraterna.se\/gotland\/arkiv\/val\/kandidater\/#primaryimage","url":"http:\/\/wp.kristdemokraterna.se\/gotland\/files\/2018\/06\/sara_1_webb-150x150.jpg","contentUrl":"http:\/\/wp.kristdemokraterna.se\/gotland\/files\/2018\/06\/sara_1_webb-150x150.jpg"},{"@type":"BreadcrumbList","@id":"https:\/\/wp.kristdemokraterna.se\/gotland\/arkiv\/val\/kandidater\/#breadcrumb","itemListElement":[{"@type":"ListItem","position":1,"name":"Hem","item":"https:\/\/wp.kristdemokraterna.se\/gotland\/"},{"@type":"ListItem","position":2,"name":"Arkiv","item":"https:\/\/wp.kristdemokraterna.se\/gotland\/arkiv\/"},{"@type":"ListItem","position":3,"name":"Val 2018","item":"https:\/\/wp.kristdemokraterna.se\/gotland\/arkiv\/val\/"},{"@type":"ListItem","position":4,"name":"Kandidater 2018"}]},{"@type":"WebSite","@id":"https:\/\/wp.kristdemokraterna.se\/gotland\/#website","url":"https:\/\/wp.kristdemokraterna.se\/gotland\/","name":"Kristdemokraterna Gotland","description":"Kristdemokraterna p\u00e5 Gotland","inLanguage":"sv-SE"}]}},"_links":{"self":[{"href":"https:\/\/wp.kristdemokraterna.se\/gotland\/wp-json\/wp\/v2\/pages\/582","targetHints":{"allow":["GET"]}}],"collection":[{"href":"https:\/\/wp.kristdemokraterna.se\/gotland\/wp-json\/wp\/v2\/pages"}],"about":[{"href":"https:\/\/wp.kristdemokraterna.se\/gotland\/wp-json\/wp\/v2\/types\/page"}],"author":[{"embeddable":true,"href":"https:\/\/wp.kristdemokraterna.se\/gotland\/wp-json\/wp\/v2\/users\/422"}],"replies":[{"embeddable":true,"href":"https:\/\/wp.kristdemokraterna.se\/gotland\/wp-json\/wp\/v2\/comments?post=582"}],"version-history":[{"count":15,"href":"https:\/\/wp.kristdemokraterna.se\/gotland\/wp-json\/wp\/v2\/pages\/582\/revisions"}],"predecessor-version":[{"id":613,"href":"https:\/\/wp.kristdemokraterna.se\/gotland\/wp-json\/wp\/v2\/pages\/582\/revisions\/613"}],"up":[{"embeddable":true,"href":"https:\/\/wp.kristdemokraterna.se\/gotland\/wp-json\/wp\/v2\/pages\/455"}],"wp:attachment":[{"href":"https:\/\/wp.kristdemokraterna.se\/gotland\/wp-json\/wp\/v2\/media?parent=582"}],"curies":[{"name":"wp","href":"https:\/\/api.w.org\/{rel}","templated":true}]}}