{"id":689,"date":"2019-01-09T09:45:49","date_gmt":"2019-01-09T08:45:49","guid":{"rendered":"http:\/\/wp.kristdemokraterna.se\/gotland\/startsida\/"},"modified":"2026-03-11T17:47:08","modified_gmt":"2026-03-11T16:47:08","slug":"startsida","status":"publish","type":"page","link":"https:\/\/wp.kristdemokraterna.se\/gotland\/","title":{"rendered":"Startsida"},"content":{"rendered":"<p><strong>V\u00e5rt m\u00e5l \u00e4r ett samh\u00e4lle, d\u00e4r friheten att forma sitt eget liv g\u00e5r hand i hand med ansvaret f\u00f6r varje medm\u00e4nniska. Vi vill bygga ett samh\u00e4lle som h\u00e5ller samman. Ingen ska l\u00e4mnas efter och ingen ska h\u00e5llas tillbaka!<\/strong><\/p>\n","protected":false},"excerpt":{"rendered":"<p>V\u00e5rt m\u00e5l \u00e4r ett samh\u00e4lle, d\u00e4r friheten att forma sitt eget liv g\u00e5r hand i hand med ansvaret f\u00f6r varje medm\u00e4nniska. Vi vill bygga ett samh\u00e4lle som h\u00e5ller samman. Ingen ska l\u00e4mnas efter och ingen ska h\u00e5llas tillbaka!<\/p>\n","protected":false},"author":444,"featured_media":0,"parent":0,"menu_order":1,"comment_status":"closed","ping_status":"closed","template":"index.php","meta":{"_acf_changed":false,"footnotes":""},"class_list":["post-689","page","type-page","status-publish","hentry"],"acf":[],"yoast_head":"<!-- This site is optimized with the Yoast SEO plugin v27.3 - https:\/\/yoast.com\/product\/yoast-seo-wordpress\/ -->\n<title>Startsida - Kristdemokraterna Gotland<\/title>\n<meta name=\"description\" content=\"Kristdemokraterna arbetar f\u00f6r ett samh\u00e4lle d\u00e4r alla tar ansvar och bryr sig om varandra. D\u00e4r ingen h\u00e5lls tillbaka och ingen l\u00e4mnas efter.\" \/>\n<meta name=\"robots\" content=\"index, follow, max-snippet:-1, max-image-preview:large, max-video-preview:-1\" \/>\n<link rel=\"canonical\" href=\"https:\/\/wp.kristdemokraterna.se\/gotland\/\" \/>\n<meta property=\"og:locale\" content=\"sv_SE\" \/>\n<meta property=\"og:type\" content=\"article\" \/>\n<meta property=\"og:title\" content=\"Kristdemokraterna p\u00e5 Gotland\" \/>\n<meta property=\"og:description\" content=\"Kristdemokraterna arbetar f\u00f6r ett samh\u00e4lle d\u00e4r alla tar ansvar och bryr sig om varandra. D\u00e4r ingen h\u00e5lls tillbaka och ingen l\u00e4mnas efter.\" \/>\n<meta property=\"og:url\" content=\"https:\/\/wp.kristdemokraterna.se\/gotland\/\" \/>\n<meta property=\"og:site_name\" content=\"Kristdemokraterna Gotland\" \/>\n<meta property=\"article:modified_time\" content=\"2026-03-11T16:47:08+00:00\" \/>\n<meta property=\"og:image\" content=\"http:\/\/wp.kristdemokraterna.se\/gotland\/files\/2017\/04\/kd_standard_rgb.png\" \/>\n\t<meta property=\"og:image:width\" content=\"2000\" \/>\n\t<meta property=\"og:image:height\" content=\"1852\" \/>\n\t<meta property=\"og:image:type\" content=\"image\/png\" \/>\n<meta name=\"twitter:card\" content=\"summary_large_image\" \/>\n<meta name=\"twitter:label1\" content=\"Ber\u00e4knad l\u00e4stid\" \/>\n\t<meta name=\"twitter:data1\" content=\"1 minut\" \/>\n<script type=\"application\/ld+json\" class=\"yoast-schema-graph\">{\"@context\":\"https:\\\/\\\/schema.org\",\"@graph\":[{\"@type\":\"WebPage\",\"@id\":\"https:\\\/\\\/wp.kristdemokraterna.se\\\/gotland\\\/\",\"url\":\"https:\\\/\\\/wp.kristdemokraterna.se\\\/gotland\\\/\",\"name\":\"Startsida - Kristdemokraterna Gotland\",\"isPartOf\":{\"@id\":\"https:\\\/\\\/wp.kristdemokraterna.se\\\/gotland\\\/#website\"},\"datePublished\":\"2019-01-09T08:45:49+00:00\",\"dateModified\":\"2026-03-11T16:47:08+00:00\",\"description\":\"Kristdemokraterna arbetar f\u00f6r ett samh\u00e4lle d\u00e4r alla tar ansvar och bryr sig om varandra. D\u00e4r ingen h\u00e5lls tillbaka och ingen l\u00e4mnas efter.\",\"breadcrumb\":{\"@id\":\"https:\\\/\\\/wp.kristdemokraterna.se\\\/gotland\\\/#breadcrumb\"},\"inLanguage\":\"sv-SE\",\"potentialAction\":[{\"@type\":\"ReadAction\",\"target\":[\"https:\\\/\\\/wp.kristdemokraterna.se\\\/gotland\\\/\"]}]},{\"@type\":\"BreadcrumbList\",\"@id\":\"https:\\\/\\\/wp.kristdemokraterna.se\\\/gotland\\\/#breadcrumb\",\"itemListElement\":[{\"@type\":\"ListItem\",\"position\":1,\"name\":\"Hem\",\"item\":\"https:\\\/\\\/wp.kristdemokraterna.se\\\/gotland\\\/\"},{\"@type\":\"ListItem\",\"position\":2,\"name\":\"Startsida\"}]},{\"@type\":\"WebSite\",\"@id\":\"https:\\\/\\\/wp.kristdemokraterna.se\\\/gotland\\\/#website\",\"url\":\"https:\\\/\\\/wp.kristdemokraterna.se\\\/gotland\\\/\",\"name\":\"Kristdemokraterna Gotland\",\"description\":\"Kristdemokraterna p\u00e5 Gotland\",\"inLanguage\":\"sv-SE\"}]}<\/script>\n<!-- \/ Yoast SEO plugin. -->","yoast_head_json":{"title":"Startsida - Kristdemokraterna Gotland","description":"Kristdemokraterna arbetar f\u00f6r ett samh\u00e4lle d\u00e4r alla tar ansvar och bryr sig om varandra. D\u00e4r ingen h\u00e5lls tillbaka och ingen l\u00e4mnas efter.","robots":{"index":"index","follow":"follow","max-snippet":"max-snippet:-1","max-image-preview":"max-image-preview:large","max-video-preview":"max-video-preview:-1"},"canonical":"https:\/\/wp.kristdemokraterna.se\/gotland\/","og_locale":"sv_SE","og_type":"article","og_title":"Kristdemokraterna p\u00e5 Gotland","og_description":"Kristdemokraterna arbetar f\u00f6r ett samh\u00e4lle d\u00e4r alla tar ansvar och bryr sig om varandra. D\u00e4r ingen h\u00e5lls tillbaka och ingen l\u00e4mnas efter.","og_url":"https:\/\/wp.kristdemokraterna.se\/gotland\/","og_site_name":"Kristdemokraterna Gotland","article_modified_time":"2026-03-11T16:47:08+00:00","og_image":[{"width":2000,"height":1852,"url":"http:\/\/wp.kristdemokraterna.se\/gotland\/files\/2017\/04\/kd_standard_rgb.png","type":"image\/png"}],"twitter_card":"summary_large_image","twitter_misc":{"Ber\u00e4knad l\u00e4stid":"1 minut"},"schema":{"@context":"https:\/\/schema.org","@graph":[{"@type":"WebPage","@id":"https:\/\/wp.kristdemokraterna.se\/gotland\/","url":"https:\/\/wp.kristdemokraterna.se\/gotland\/","name":"Startsida - Kristdemokraterna Gotland","isPartOf":{"@id":"https:\/\/wp.kristdemokraterna.se\/gotland\/#website"},"datePublished":"2019-01-09T08:45:49+00:00","dateModified":"2026-03-11T16:47:08+00:00","description":"Kristdemokraterna arbetar f\u00f6r ett samh\u00e4lle d\u00e4r alla tar ansvar och bryr sig om varandra. D\u00e4r ingen h\u00e5lls tillbaka och ingen l\u00e4mnas efter.","breadcrumb":{"@id":"https:\/\/wp.kristdemokraterna.se\/gotland\/#breadcrumb"},"inLanguage":"sv-SE","potentialAction":[{"@type":"ReadAction","target":["https:\/\/wp.kristdemokraterna.se\/gotland\/"]}]},{"@type":"BreadcrumbList","@id":"https:\/\/wp.kristdemokraterna.se\/gotland\/#breadcrumb","itemListElement":[{"@type":"ListItem","position":1,"name":"Hem","item":"https:\/\/wp.kristdemokraterna.se\/gotland\/"},{"@type":"ListItem","position":2,"name":"Startsida"}]},{"@type":"WebSite","@id":"https:\/\/wp.kristdemokraterna.se\/gotland\/#website","url":"https:\/\/wp.kristdemokraterna.se\/gotland\/","name":"Kristdemokraterna Gotland","description":"Kristdemokraterna p\u00e5 Gotland","inLanguage":"sv-SE"}]}},"_links":{"self":[{"href":"https:\/\/wp.kristdemokraterna.se\/gotland\/wp-json\/wp\/v2\/pages\/689","targetHints":{"allow":["GET"]}}],"collection":[{"href":"https:\/\/wp.kristdemokraterna.se\/gotland\/wp-json\/wp\/v2\/pages"}],"about":[{"href":"https:\/\/wp.kristdemokraterna.se\/gotland\/wp-json\/wp\/v2\/types\/page"}],"author":[{"embeddable":true,"href":"https:\/\/wp.kristdemokraterna.se\/gotland\/wp-json\/wp\/v2\/users\/444"}],"replies":[{"embeddable":true,"href":"https:\/\/wp.kristdemokraterna.se\/gotland\/wp-json\/wp\/v2\/comments?post=689"}],"version-history":[{"count":194,"href":"https:\/\/wp.kristdemokraterna.se\/gotland\/wp-json\/wp\/v2\/pages\/689\/revisions"}],"predecessor-version":[{"id":1916,"href":"https:\/\/wp.kristdemokraterna.se\/gotland\/wp-json\/wp\/v2\/pages\/689\/revisions\/1916"}],"wp:attachment":[{"href":"https:\/\/wp.kristdemokraterna.se\/gotland\/wp-json\/wp\/v2\/media?parent=689"}],"curies":[{"name":"wp","href":"https:\/\/api.w.org\/{rel}","templated":true}]}}