{"id":8,"date":"2012-11-19T15:56:50","date_gmt":"2012-11-19T14:56:50","guid":{"rendered":"http:\/\/wp.kristdemokraterna.se\/gotland\/?page_id=8"},"modified":"2026-03-11T17:15:36","modified_gmt":"2026-03-11T16:15:36","slug":"kontakta-oss","status":"publish","type":"page","link":"https:\/\/wp.kristdemokraterna.se\/gotland\/kontakta-oss\/","title":{"rendered":"Kontakt"},"content":{"rendered":"<p>E-post: <a href=\"mailto:gotland@kristdemokraterna.se\">gotland@kristdemokraterna.se<\/a><\/p>\n<p>Facebook: <a href=\"https:\/\/www.facebook.com\/kdgotland\" target=\"_blank\" rel=\"noopener\">Kristdemokraterna p\u00e5 Gotland<\/a><\/p>\n<p>Instagram: kdgotland<\/p>\n<p>&nbsp;<\/p>\n<p><strong>Distriktsordf\u00f6rande<\/strong><br \/>\nSara Lidqvist<br \/>\n<a href=\"mailto:sara.lidqvist@kristdemokraterna.se\">sara.lidqvist@kristdemokraterna.se<\/a><\/p>\n<p><strong>Vice distriktsordf\u00f6rande<\/strong><br \/>\nPeder Fohlin<\/p>\n<p><strong>\u00d6vriga ledam\u00f6ter:<br \/>\n<\/strong>Kickan Enman<br \/>\nAnna Haack<br \/>\nLinn\u00e9a H\u00f6gberg<br \/>\nLeif Nellmer<br \/>\nElina Runfeldt<br \/>\nGrym Sara Westberger<\/p>\n<p><strong>Politisk sekreterare och presskontakt<\/strong><br \/>\nGrym Sara Westberger<br \/>\n070-428 89 22<br \/>\n<a href=\"mailto:grym.sara.westberger@kristdemokraterna.se\">grym.sara.westberger@kristdemokraterna.se<\/a><\/p>\n<p><strong>Organisationsnummer:<br \/>\n<\/strong>834001-1785<\/p>\n<p>&nbsp;<\/p>\n<p><a href=\"http:\/\/wp.kristdemokraterna.se\/gotland\/files\/2026\/03\/styrelse2025-scaled.jpg\"><img loading=\"lazy\" decoding=\"async\" class=\"alignleft size-large wp-image-1896\" src=\"http:\/\/wp.kristdemokraterna.se\/gotland\/files\/2026\/03\/styrelse2025-540x390.jpg\" alt=\"\" width=\"540\" height=\"390\" srcset=\"https:\/\/wp.kristdemokraterna.se\/gotland\/files\/2026\/03\/styrelse2025-540x390.jpg 540w, https:\/\/wp.kristdemokraterna.se\/gotland\/files\/2026\/03\/styrelse2025-300x217.jpg 300w, https:\/\/wp.kristdemokraterna.se\/gotland\/files\/2026\/03\/styrelse2025-768x555.jpg 768w, https:\/\/wp.kristdemokraterna.se\/gotland\/files\/2026\/03\/styrelse2025-1536x1111.jpg 1536w, https:\/\/wp.kristdemokraterna.se\/gotland\/files\/2026\/03\/styrelse2025-2048x1481.jpg 2048w, https:\/\/wp.kristdemokraterna.se\/gotland\/files\/2026\/03\/styrelse2025-277x200.jpg 277w, https:\/\/wp.kristdemokraterna.se\/gotland\/files\/2026\/03\/styrelse2025-370x268.jpg 370w, https:\/\/wp.kristdemokraterna.se\/gotland\/files\/2026\/03\/styrelse2025-770x557.jpg 770w, https:\/\/wp.kristdemokraterna.se\/gotland\/files\/2026\/03\/styrelse2025-450x325.jpg 450w, https:\/\/wp.kristdemokraterna.se\/gotland\/files\/2026\/03\/styrelse2025-280x202.jpg 280w, https:\/\/wp.kristdemokraterna.se\/gotland\/files\/2026\/03\/styrelse2025-340x246.jpg 340w, https:\/\/wp.kristdemokraterna.se\/gotland\/files\/2026\/03\/styrelse2025-200x145.jpg 200w, https:\/\/wp.kristdemokraterna.se\/gotland\/files\/2026\/03\/styrelse2025-77x56.jpg 77w\" sizes=\"auto, (max-width: 540px) 100vw, 540px\" \/><\/a><\/p>\n<p>&nbsp;<\/p>\n","protected":false},"excerpt":{"rendered":"<p>E-post: gotland@kristdemokraterna.se Facebook: Kristdemokraterna p\u00e5 Gotland Instagram: kdgotland &nbsp; Distriktsordf\u00f6rande Sara Lidqvist sara.lidqvist@kristdemokraterna.se Vice distriktsordf\u00f6rande Peder Fohlin \u00d6vriga ledam\u00f6ter: Kickan Enman Anna Haack Linn\u00e9a H\u00f6gberg Leif Nellmer Elina Runfeldt Grym Sara Westberger Politisk sekreterare och presskontakt Grym Sara Westberger 070-428 89 22 grym.sara.westberger@kristdemokraterna.se Organisationsnummer: 834001-1785 &nbsp; &nbsp;<\/p>\n","protected":false},"author":408,"featured_media":0,"parent":0,"menu_order":7,"comment_status":"closed","ping_status":"closed","template":"","meta":{"_acf_changed":false,"footnotes":""},"class_list":["post-8","page","type-page","status-publish","hentry"],"acf":[],"yoast_head":"<!-- This site is optimized with the Yoast SEO plugin v27.3 - https:\/\/yoast.com\/product\/yoast-seo-wordpress\/ -->\n<title>Kontakt - Kristdemokraterna Gotland<\/title>\n<meta name=\"robots\" content=\"index, follow, max-snippet:-1, max-image-preview:large, max-video-preview:-1\" \/>\n<link rel=\"canonical\" href=\"https:\/\/wp.kristdemokraterna.se\/gotland\/kontakta-oss\/\" \/>\n<meta property=\"og:locale\" content=\"sv_SE\" \/>\n<meta property=\"og:type\" content=\"article\" \/>\n<meta property=\"og:title\" content=\"Kontakt - Kristdemokraterna Gotland\" \/>\n<meta property=\"og:description\" content=\"E-post: gotland@kristdemokraterna.se Facebook: Kristdemokraterna p\u00e5 Gotland Instagram: kdgotland &nbsp; Distriktsordf\u00f6rande Sara Lidqvist sara.lidqvist@kristdemokraterna.se Vice distriktsordf\u00f6rande Peder Fohlin \u00d6vriga ledam\u00f6ter: Kickan Enman Anna Haack Linn\u00e9a H\u00f6gberg Leif Nellmer Elina Runfeldt Grym Sara Westberger Politisk sekreterare och presskontakt Grym Sara Westberger 070-428 89 22 grym.sara.westberger@kristdemokraterna.se Organisationsnummer: 834001-1785 &nbsp; &nbsp;\" \/>\n<meta property=\"og:url\" content=\"https:\/\/wp.kristdemokraterna.se\/gotland\/kontakta-oss\/\" \/>\n<meta property=\"og:site_name\" content=\"Kristdemokraterna Gotland\" \/>\n<meta property=\"article:modified_time\" content=\"2026-03-11T16:15:36+00:00\" \/>\n<meta property=\"og:image\" content=\"https:\/\/wp.kristdemokraterna.se\/gotland\/files\/2026\/03\/styrelse2025-540x390.jpg\" \/>\n\t<meta property=\"og:image:width\" content=\"540\" \/>\n\t<meta property=\"og:image:height\" content=\"390\" \/>\n\t<meta property=\"og:image:type\" content=\"image\/jpeg\" \/>\n<meta name=\"twitter:card\" content=\"summary_large_image\" \/>\n<meta name=\"twitter:label1\" content=\"Ber\u00e4knad l\u00e4stid\" \/>\n\t<meta name=\"twitter:data1\" content=\"1 minut\" \/>\n<script type=\"application\/ld+json\" class=\"yoast-schema-graph\">{\"@context\":\"https:\\\/\\\/schema.org\",\"@graph\":[{\"@type\":\"WebPage\",\"@id\":\"https:\\\/\\\/wp.kristdemokraterna.se\\\/gotland\\\/kontakta-oss\\\/\",\"url\":\"https:\\\/\\\/wp.kristdemokraterna.se\\\/gotland\\\/kontakta-oss\\\/\",\"name\":\"Kontakt - Kristdemokraterna Gotland\",\"isPartOf\":{\"@id\":\"https:\\\/\\\/wp.kristdemokraterna.se\\\/gotland\\\/#website\"},\"primaryImageOfPage\":{\"@id\":\"https:\\\/\\\/wp.kristdemokraterna.se\\\/gotland\\\/kontakta-oss\\\/#primaryimage\"},\"image\":{\"@id\":\"https:\\\/\\\/wp.kristdemokraterna.se\\\/gotland\\\/kontakta-oss\\\/#primaryimage\"},\"thumbnailUrl\":\"http:\\\/\\\/wp.kristdemokraterna.se\\\/gotland\\\/files\\\/2026\\\/03\\\/styrelse2025-540x390.jpg\",\"datePublished\":\"2012-11-19T14:56:50+00:00\",\"dateModified\":\"2026-03-11T16:15:36+00:00\",\"breadcrumb\":{\"@id\":\"https:\\\/\\\/wp.kristdemokraterna.se\\\/gotland\\\/kontakta-oss\\\/#breadcrumb\"},\"inLanguage\":\"sv-SE\",\"potentialAction\":[{\"@type\":\"ReadAction\",\"target\":[\"https:\\\/\\\/wp.kristdemokraterna.se\\\/gotland\\\/kontakta-oss\\\/\"]}]},{\"@type\":\"ImageObject\",\"inLanguage\":\"sv-SE\",\"@id\":\"https:\\\/\\\/wp.kristdemokraterna.se\\\/gotland\\\/kontakta-oss\\\/#primaryimage\",\"url\":\"https:\\\/\\\/wp.kristdemokraterna.se\\\/gotland\\\/files\\\/2026\\\/03\\\/styrelse2025-scaled.jpg\",\"contentUrl\":\"https:\\\/\\\/wp.kristdemokraterna.se\\\/gotland\\\/files\\\/2026\\\/03\\\/styrelse2025-scaled.jpg\",\"width\":2560,\"height\":1851},{\"@type\":\"BreadcrumbList\",\"@id\":\"https:\\\/\\\/wp.kristdemokraterna.se\\\/gotland\\\/kontakta-oss\\\/#breadcrumb\",\"itemListElement\":[{\"@type\":\"ListItem\",\"position\":1,\"name\":\"Hem\",\"item\":\"https:\\\/\\\/wp.kristdemokraterna.se\\\/gotland\\\/\"},{\"@type\":\"ListItem\",\"position\":2,\"name\":\"Kontakt\"}]},{\"@type\":\"WebSite\",\"@id\":\"https:\\\/\\\/wp.kristdemokraterna.se\\\/gotland\\\/#website\",\"url\":\"https:\\\/\\\/wp.kristdemokraterna.se\\\/gotland\\\/\",\"name\":\"Kristdemokraterna Gotland\",\"description\":\"Kristdemokraterna p\u00e5 Gotland\",\"inLanguage\":\"sv-SE\"}]}<\/script>\n<!-- \/ Yoast SEO plugin. -->","yoast_head_json":{"title":"Kontakt - Kristdemokraterna Gotland","robots":{"index":"index","follow":"follow","max-snippet":"max-snippet:-1","max-image-preview":"max-image-preview:large","max-video-preview":"max-video-preview:-1"},"canonical":"https:\/\/wp.kristdemokraterna.se\/gotland\/kontakta-oss\/","og_locale":"sv_SE","og_type":"article","og_title":"Kontakt - Kristdemokraterna Gotland","og_description":"E-post: gotland@kristdemokraterna.se Facebook: Kristdemokraterna p\u00e5 Gotland Instagram: kdgotland &nbsp; Distriktsordf\u00f6rande Sara Lidqvist sara.lidqvist@kristdemokraterna.se Vice distriktsordf\u00f6rande Peder Fohlin \u00d6vriga ledam\u00f6ter: Kickan Enman Anna Haack Linn\u00e9a H\u00f6gberg Leif Nellmer Elina Runfeldt Grym Sara Westberger Politisk sekreterare och presskontakt Grym Sara Westberger 070-428 89 22 grym.sara.westberger@kristdemokraterna.se Organisationsnummer: 834001-1785 &nbsp; &nbsp;","og_url":"https:\/\/wp.kristdemokraterna.se\/gotland\/kontakta-oss\/","og_site_name":"Kristdemokraterna Gotland","article_modified_time":"2026-03-11T16:15:36+00:00","og_image":[{"width":540,"height":390,"url":"https:\/\/wp.kristdemokraterna.se\/gotland\/files\/2026\/03\/styrelse2025-540x390.jpg","type":"image\/jpeg"}],"twitter_card":"summary_large_image","twitter_misc":{"Ber\u00e4knad l\u00e4stid":"1 minut"},"schema":{"@context":"https:\/\/schema.org","@graph":[{"@type":"WebPage","@id":"https:\/\/wp.kristdemokraterna.se\/gotland\/kontakta-oss\/","url":"https:\/\/wp.kristdemokraterna.se\/gotland\/kontakta-oss\/","name":"Kontakt - Kristdemokraterna Gotland","isPartOf":{"@id":"https:\/\/wp.kristdemokraterna.se\/gotland\/#website"},"primaryImageOfPage":{"@id":"https:\/\/wp.kristdemokraterna.se\/gotland\/kontakta-oss\/#primaryimage"},"image":{"@id":"https:\/\/wp.kristdemokraterna.se\/gotland\/kontakta-oss\/#primaryimage"},"thumbnailUrl":"http:\/\/wp.kristdemokraterna.se\/gotland\/files\/2026\/03\/styrelse2025-540x390.jpg","datePublished":"2012-11-19T14:56:50+00:00","dateModified":"2026-03-11T16:15:36+00:00","breadcrumb":{"@id":"https:\/\/wp.kristdemokraterna.se\/gotland\/kontakta-oss\/#breadcrumb"},"inLanguage":"sv-SE","potentialAction":[{"@type":"ReadAction","target":["https:\/\/wp.kristdemokraterna.se\/gotland\/kontakta-oss\/"]}]},{"@type":"ImageObject","inLanguage":"sv-SE","@id":"https:\/\/wp.kristdemokraterna.se\/gotland\/kontakta-oss\/#primaryimage","url":"https:\/\/wp.kristdemokraterna.se\/gotland\/files\/2026\/03\/styrelse2025-scaled.jpg","contentUrl":"https:\/\/wp.kristdemokraterna.se\/gotland\/files\/2026\/03\/styrelse2025-scaled.jpg","width":2560,"height":1851},{"@type":"BreadcrumbList","@id":"https:\/\/wp.kristdemokraterna.se\/gotland\/kontakta-oss\/#breadcrumb","itemListElement":[{"@type":"ListItem","position":1,"name":"Hem","item":"https:\/\/wp.kristdemokraterna.se\/gotland\/"},{"@type":"ListItem","position":2,"name":"Kontakt"}]},{"@type":"WebSite","@id":"https:\/\/wp.kristdemokraterna.se\/gotland\/#website","url":"https:\/\/wp.kristdemokraterna.se\/gotland\/","name":"Kristdemokraterna Gotland","description":"Kristdemokraterna p\u00e5 Gotland","inLanguage":"sv-SE"}]}},"_links":{"self":[{"href":"https:\/\/wp.kristdemokraterna.se\/gotland\/wp-json\/wp\/v2\/pages\/8","targetHints":{"allow":["GET"]}}],"collection":[{"href":"https:\/\/wp.kristdemokraterna.se\/gotland\/wp-json\/wp\/v2\/pages"}],"about":[{"href":"https:\/\/wp.kristdemokraterna.se\/gotland\/wp-json\/wp\/v2\/types\/page"}],"author":[{"embeddable":true,"href":"https:\/\/wp.kristdemokraterna.se\/gotland\/wp-json\/wp\/v2\/users\/408"}],"replies":[{"embeddable":true,"href":"https:\/\/wp.kristdemokraterna.se\/gotland\/wp-json\/wp\/v2\/comments?post=8"}],"version-history":[{"count":63,"href":"https:\/\/wp.kristdemokraterna.se\/gotland\/wp-json\/wp\/v2\/pages\/8\/revisions"}],"predecessor-version":[{"id":1897,"href":"https:\/\/wp.kristdemokraterna.se\/gotland\/wp-json\/wp\/v2\/pages\/8\/revisions\/1897"}],"wp:attachment":[{"href":"https:\/\/wp.kristdemokraterna.se\/gotland\/wp-json\/wp\/v2\/media?parent=8"}],"curies":[{"name":"wp","href":"https:\/\/api.w.org\/{rel}","templated":true}]}}