{"id":849,"date":"2022-07-12T10:51:34","date_gmt":"2022-07-12T08:51:34","guid":{"rendered":"http:\/\/wp.kristdemokraterna.se\/gotland\/?page_id=849"},"modified":"2022-07-12T10:51:34","modified_gmt":"2022-07-12T08:51:34","slug":"valsedel-regionfullmaktige-2022","status":"publish","type":"page","link":"https:\/\/wp.kristdemokraterna.se\/gotland\/val-2022\/valsedel-regionfullmaktige-2022\/","title":{"rendered":"Valsedel regionfullm\u00e4ktige 2022"},"content":{"rendered":"<ol>\n<li>Sara Lidqvist 44 \u00e5r, ingenj\u00f6r, Hemse<\/li>\n<li>Johan Asplund 66 \u00e5r, ingenj\u00f6r, Sproge<\/li>\n<li>Grym Sara Westberger 35 \u00e5r, sekreterare, Visby<\/li>\n<li>Anna Haack 56 \u00e5r, redovisningskonsult, Tofta<\/li>\n<li>Linn\u00e9a H\u00f6gberg 43 \u00e5r, sjuksk\u00f6terska, Tingst\u00e4de<\/li>\n<li>Mats Hedqvist 59 \u00e5r, f\u00f6retagare, Visby<\/li>\n<li>Anna-Karin Gustafsson 54 \u00e5r, specialpedagog, Visby<\/li>\n<li>Johan Rydqvist 52 \u00e5r, sj\u00f6ingenj\u00f6r, Alva<\/li>\n<li>Suzanne Enman 56 \u00e5r, personlig assistent, Slite<\/li>\n<li>Niklas Asklander 46 \u00e5r, officer, Klintehamn<\/li>\n<li>Peder Fohlin 69 \u00e5r, lanthandlare, Fole<\/li>\n<li>Magnus Back 47 \u00e5r, n\u00e4tverkstekniker, Visby<\/li>\n<li>Leif Nellmer 61 \u00e5r, reservofficer, F\u00e5r\u00f6sund<\/li>\n<li>Clas Sundberg 58 \u00e5r, s\u00e4ljare, Visby<\/li>\n<li>Conny Holm 64 \u00e5r, undersk\u00f6terska, Visby<\/li>\n<li>Inge Beckstr\u00f6m 74 \u00e5r, l\u00e4kare, Stenkumla<\/li>\n<li>Philip Sundberg 23 \u00e5r, studerande, Visby<\/li>\n<li>Elina Runfeldt 36 \u00e5r, utredare, Klinte<\/li>\n<li>Yngve Andersson 82 \u00e5r, ingenj\u00f6r, Visby<\/li>\n<li>Sture Johansson 59 \u00e5r, konsult, Hablingbo<\/li>\n<li>Gunnar Lindby 72 \u00e5r, lantbrukare, Hejdeby<\/li>\n<li>Thomas Zerne 59 \u00e5r, chauff\u00f6r, Hemse<\/li>\n<li>Sten Julin 82 \u00e5r, pension\u00e4r, Visby<\/li>\n<\/ol>\n<p>&nbsp;<\/p>\n","protected":false},"excerpt":{"rendered":"<p>Sara Lidqvist 44 \u00e5r, ingenj\u00f6r, Hemse Johan Asplund 66 \u00e5r, ingenj\u00f6r, Sproge Grym Sara Westberger 35 \u00e5r, sekreterare, Visby Anna Haack 56 \u00e5r, redovisningskonsult, Tofta Linn\u00e9a H\u00f6gberg 43 \u00e5r, sjuksk\u00f6terska, Tingst\u00e4de Mats Hedqvist 59 \u00e5r, f\u00f6retagare, Visby Anna-Karin Gustafsson 54 \u00e5r, specialpedagog, Visby Johan Rydqvist 52 \u00e5r, sj\u00f6ingenj\u00f6r, Alva Suzanne Enman 56 \u00e5r, personlig assistent, <a class=\"read-more-link\" href=\"https:\/\/wp.kristdemokraterna.se\/gotland\/val-2022\/valsedel-regionfullmaktige-2022\/\">Read More<\/a><\/p>\n","protected":false},"author":408,"featured_media":0,"parent":847,"menu_order":7,"comment_status":"closed","ping_status":"closed","template":"","meta":{"_acf_changed":false,"footnotes":""},"class_list":["post-849","page","type-page","status-publish","hentry"],"acf":[],"yoast_head":"<!-- This site is optimized with the Yoast SEO plugin v27.3 - https:\/\/yoast.com\/product\/yoast-seo-wordpress\/ -->\n<title>Valsedel regionfullm\u00e4ktige 2022 - Kristdemokraterna Gotland<\/title>\n<meta name=\"robots\" content=\"index, follow, max-snippet:-1, max-image-preview:large, max-video-preview:-1\" \/>\n<link rel=\"canonical\" href=\"https:\/\/wp.kristdemokraterna.se\/gotland\/val-2022\/valsedel-regionfullmaktige-2022\/\" \/>\n<meta property=\"og:locale\" content=\"sv_SE\" \/>\n<meta property=\"og:type\" content=\"article\" \/>\n<meta property=\"og:title\" content=\"Valsedel regionfullm\u00e4ktige 2022 - Kristdemokraterna Gotland\" \/>\n<meta property=\"og:description\" content=\"Sara Lidqvist 44 \u00e5r, ingenj\u00f6r, Hemse Johan Asplund 66 \u00e5r, ingenj\u00f6r, Sproge Grym Sara Westberger 35 \u00e5r, sekreterare, Visby Anna Haack 56 \u00e5r, redovisningskonsult, Tofta Linn\u00e9a H\u00f6gberg 43 \u00e5r, sjuksk\u00f6terska, Tingst\u00e4de Mats Hedqvist 59 \u00e5r, f\u00f6retagare, Visby Anna-Karin Gustafsson 54 \u00e5r, specialpedagog, Visby Johan Rydqvist 52 \u00e5r, sj\u00f6ingenj\u00f6r, Alva Suzanne Enman 56 \u00e5r, personlig assistent, Read More\" \/>\n<meta property=\"og:url\" content=\"https:\/\/wp.kristdemokraterna.se\/gotland\/val-2022\/valsedel-regionfullmaktige-2022\/\" \/>\n<meta property=\"og:site_name\" content=\"Kristdemokraterna Gotland\" \/>\n<meta name=\"twitter:card\" content=\"summary_large_image\" \/>\n<meta name=\"twitter:label1\" content=\"Ber\u00e4knad l\u00e4stid\" \/>\n\t<meta name=\"twitter:data1\" content=\"1 minut\" \/>\n<script type=\"application\/ld+json\" class=\"yoast-schema-graph\">{\"@context\":\"https:\\\/\\\/schema.org\",\"@graph\":[{\"@type\":\"WebPage\",\"@id\":\"https:\\\/\\\/wp.kristdemokraterna.se\\\/gotland\\\/val-2022\\\/valsedel-regionfullmaktige-2022\\\/\",\"url\":\"https:\\\/\\\/wp.kristdemokraterna.se\\\/gotland\\\/val-2022\\\/valsedel-regionfullmaktige-2022\\\/\",\"name\":\"Valsedel regionfullm\u00e4ktige 2022 - Kristdemokraterna Gotland\",\"isPartOf\":{\"@id\":\"https:\\\/\\\/wp.kristdemokraterna.se\\\/gotland\\\/#website\"},\"datePublished\":\"2022-07-12T08:51:34+00:00\",\"breadcrumb\":{\"@id\":\"https:\\\/\\\/wp.kristdemokraterna.se\\\/gotland\\\/val-2022\\\/valsedel-regionfullmaktige-2022\\\/#breadcrumb\"},\"inLanguage\":\"sv-SE\",\"potentialAction\":[{\"@type\":\"ReadAction\",\"target\":[\"https:\\\/\\\/wp.kristdemokraterna.se\\\/gotland\\\/val-2022\\\/valsedel-regionfullmaktige-2022\\\/\"]}]},{\"@type\":\"BreadcrumbList\",\"@id\":\"https:\\\/\\\/wp.kristdemokraterna.se\\\/gotland\\\/val-2022\\\/valsedel-regionfullmaktige-2022\\\/#breadcrumb\",\"itemListElement\":[{\"@type\":\"ListItem\",\"position\":1,\"name\":\"Hem\",\"item\":\"https:\\\/\\\/wp.kristdemokraterna.se\\\/gotland\\\/\"},{\"@type\":\"ListItem\",\"position\":2,\"name\":\"Val 2022\",\"item\":\"https:\\\/\\\/wp.kristdemokraterna.se\\\/gotland\\\/?page_id=847\"},{\"@type\":\"ListItem\",\"position\":3,\"name\":\"Valsedel regionfullm\u00e4ktige 2022\"}]},{\"@type\":\"WebSite\",\"@id\":\"https:\\\/\\\/wp.kristdemokraterna.se\\\/gotland\\\/#website\",\"url\":\"https:\\\/\\\/wp.kristdemokraterna.se\\\/gotland\\\/\",\"name\":\"Kristdemokraterna Gotland\",\"description\":\"Kristdemokraterna p\u00e5 Gotland\",\"inLanguage\":\"sv-SE\"}]}<\/script>\n<!-- \/ Yoast SEO plugin. -->","yoast_head_json":{"title":"Valsedel regionfullm\u00e4ktige 2022 - Kristdemokraterna Gotland","robots":{"index":"index","follow":"follow","max-snippet":"max-snippet:-1","max-image-preview":"max-image-preview:large","max-video-preview":"max-video-preview:-1"},"canonical":"https:\/\/wp.kristdemokraterna.se\/gotland\/val-2022\/valsedel-regionfullmaktige-2022\/","og_locale":"sv_SE","og_type":"article","og_title":"Valsedel regionfullm\u00e4ktige 2022 - Kristdemokraterna Gotland","og_description":"Sara Lidqvist 44 \u00e5r, ingenj\u00f6r, Hemse Johan Asplund 66 \u00e5r, ingenj\u00f6r, Sproge Grym Sara Westberger 35 \u00e5r, sekreterare, Visby Anna Haack 56 \u00e5r, redovisningskonsult, Tofta Linn\u00e9a H\u00f6gberg 43 \u00e5r, sjuksk\u00f6terska, Tingst\u00e4de Mats Hedqvist 59 \u00e5r, f\u00f6retagare, Visby Anna-Karin Gustafsson 54 \u00e5r, specialpedagog, Visby Johan Rydqvist 52 \u00e5r, sj\u00f6ingenj\u00f6r, Alva Suzanne Enman 56 \u00e5r, personlig assistent, Read More","og_url":"https:\/\/wp.kristdemokraterna.se\/gotland\/val-2022\/valsedel-regionfullmaktige-2022\/","og_site_name":"Kristdemokraterna Gotland","twitter_card":"summary_large_image","twitter_misc":{"Ber\u00e4knad l\u00e4stid":"1 minut"},"schema":{"@context":"https:\/\/schema.org","@graph":[{"@type":"WebPage","@id":"https:\/\/wp.kristdemokraterna.se\/gotland\/val-2022\/valsedel-regionfullmaktige-2022\/","url":"https:\/\/wp.kristdemokraterna.se\/gotland\/val-2022\/valsedel-regionfullmaktige-2022\/","name":"Valsedel regionfullm\u00e4ktige 2022 - Kristdemokraterna Gotland","isPartOf":{"@id":"https:\/\/wp.kristdemokraterna.se\/gotland\/#website"},"datePublished":"2022-07-12T08:51:34+00:00","breadcrumb":{"@id":"https:\/\/wp.kristdemokraterna.se\/gotland\/val-2022\/valsedel-regionfullmaktige-2022\/#breadcrumb"},"inLanguage":"sv-SE","potentialAction":[{"@type":"ReadAction","target":["https:\/\/wp.kristdemokraterna.se\/gotland\/val-2022\/valsedel-regionfullmaktige-2022\/"]}]},{"@type":"BreadcrumbList","@id":"https:\/\/wp.kristdemokraterna.se\/gotland\/val-2022\/valsedel-regionfullmaktige-2022\/#breadcrumb","itemListElement":[{"@type":"ListItem","position":1,"name":"Hem","item":"https:\/\/wp.kristdemokraterna.se\/gotland\/"},{"@type":"ListItem","position":2,"name":"Val 2022","item":"https:\/\/wp.kristdemokraterna.se\/gotland\/?page_id=847"},{"@type":"ListItem","position":3,"name":"Valsedel regionfullm\u00e4ktige 2022"}]},{"@type":"WebSite","@id":"https:\/\/wp.kristdemokraterna.se\/gotland\/#website","url":"https:\/\/wp.kristdemokraterna.se\/gotland\/","name":"Kristdemokraterna Gotland","description":"Kristdemokraterna p\u00e5 Gotland","inLanguage":"sv-SE"}]}},"_links":{"self":[{"href":"https:\/\/wp.kristdemokraterna.se\/gotland\/wp-json\/wp\/v2\/pages\/849","targetHints":{"allow":["GET"]}}],"collection":[{"href":"https:\/\/wp.kristdemokraterna.se\/gotland\/wp-json\/wp\/v2\/pages"}],"about":[{"href":"https:\/\/wp.kristdemokraterna.se\/gotland\/wp-json\/wp\/v2\/types\/page"}],"author":[{"embeddable":true,"href":"https:\/\/wp.kristdemokraterna.se\/gotland\/wp-json\/wp\/v2\/users\/408"}],"replies":[{"embeddable":true,"href":"https:\/\/wp.kristdemokraterna.se\/gotland\/wp-json\/wp\/v2\/comments?post=849"}],"version-history":[{"count":6,"href":"https:\/\/wp.kristdemokraterna.se\/gotland\/wp-json\/wp\/v2\/pages\/849\/revisions"}],"predecessor-version":[{"id":1427,"href":"https:\/\/wp.kristdemokraterna.se\/gotland\/wp-json\/wp\/v2\/pages\/849\/revisions\/1427"}],"up":[{"embeddable":true,"href":"https:\/\/wp.kristdemokraterna.se\/gotland\/wp-json\/wp\/v2\/pages\/847"}],"wp:attachment":[{"href":"https:\/\/wp.kristdemokraterna.se\/gotland\/wp-json\/wp\/v2\/media?parent=849"}],"curies":[{"name":"wp","href":"https:\/\/api.w.org\/{rel}","templated":true}]}}