{"id":872,"date":"2020-12-10T16:11:05","date_gmt":"2020-12-10T15:11:05","guid":{"rendered":"http:\/\/wp.kristdemokraterna.se\/gotland\/?page_id=872"},"modified":"2026-03-28T18:19:12","modified_gmt":"2026-03-28T17:19:12","slug":"vara-fortroendevalda","status":"publish","type":"page","link":"https:\/\/wp.kristdemokraterna.se\/gotland\/vara-fortroendevalda\/","title":{"rendered":"V\u00e5ra f\u00f6rtroendevalda"},"content":{"rendered":"<p><strong>Sara Lidqvist<br \/>\n<\/strong>Ledamot och gruppledare i regionfullm\u00e4ktige<\/p>\n<p><strong>Grym Sara Westberger<br \/>\n<\/strong>Ers\u00e4ttare i regionfullm\u00e4ktige<br \/>\nPolitisk sekreterare<\/p>\n<p><strong>Anna Haack<br \/>\n<\/strong>Ers\u00e4ttare i regionfullm\u00e4ktige<br \/>\nErs\u00e4ttare i h\u00e4lso- och sjukv\u00e5rdsn\u00e4mnden<\/p>\n<p><strong>Suzanne Kickan Enman<br \/>\n<\/strong>Ers\u00e4ttare i socialn\u00e4mnden<\/p>\n<p><strong>Leif Nellmer<br \/>\n<\/strong>Ers\u00e4ttare i milj\u00f6- och byggn\u00e4mnden<br \/>\nVice ordf\u00f6rande i styrelsen f\u00f6r Wisby Strand kongresshall<\/p>\n<p><strong>Sture Johansson<br \/>\n<\/strong>Ers\u00e4ttare i Gotlandshems styrelse<\/p>\n","protected":false},"excerpt":{"rendered":"<p>Sara Lidqvist Ledamot och gruppledare i regionfullm\u00e4ktige Grym Sara Westberger Ers\u00e4ttare i regionfullm\u00e4ktige Politisk sekreterare Anna Haack Ers\u00e4ttare i regionfullm\u00e4ktige Ers\u00e4ttare i h\u00e4lso- och sjukv\u00e5rdsn\u00e4mnden Suzanne Kickan Enman Ers\u00e4ttare i socialn\u00e4mnden Leif Nellmer Ers\u00e4ttare i milj\u00f6- och byggn\u00e4mnden Vice ordf\u00f6rande i styrelsen f\u00f6r Wisby Strand kongresshall Sture Johansson Ers\u00e4ttare i Gotlandshems styrelse<\/p>\n","protected":false},"author":408,"featured_media":0,"parent":0,"menu_order":4,"comment_status":"closed","ping_status":"closed","template":"page.php","meta":{"_acf_changed":false,"footnotes":""},"class_list":["post-872","page","type-page","status-publish","hentry"],"acf":[],"yoast_head":"<!-- This site is optimized with the Yoast SEO plugin v27.3 - https:\/\/yoast.com\/product\/yoast-seo-wordpress\/ -->\n<title>V\u00e5ra f\u00f6rtroendevalda - Kristdemokraterna Gotland<\/title>\n<meta name=\"robots\" content=\"index, follow, max-snippet:-1, max-image-preview:large, max-video-preview:-1\" \/>\n<link rel=\"canonical\" href=\"https:\/\/wp.kristdemokraterna.se\/gotland\/vara-fortroendevalda\/\" \/>\n<meta property=\"og:locale\" content=\"sv_SE\" \/>\n<meta property=\"og:type\" content=\"article\" \/>\n<meta property=\"og:title\" content=\"V\u00e5ra f\u00f6rtroendevalda - Kristdemokraterna Gotland\" \/>\n<meta property=\"og:description\" content=\"Sara Lidqvist Ledamot och gruppledare i regionfullm\u00e4ktige Grym Sara Westberger Ers\u00e4ttare i regionfullm\u00e4ktige Politisk sekreterare Anna Haack Ers\u00e4ttare i regionfullm\u00e4ktige Ers\u00e4ttare i h\u00e4lso- och sjukv\u00e5rdsn\u00e4mnden Suzanne Kickan Enman Ers\u00e4ttare i socialn\u00e4mnden Leif Nellmer Ers\u00e4ttare i milj\u00f6- och byggn\u00e4mnden Vice ordf\u00f6rande i styrelsen f\u00f6r Wisby Strand kongresshall Sture Johansson Ers\u00e4ttare i Gotlandshems styrelse\" \/>\n<meta property=\"og:url\" content=\"https:\/\/wp.kristdemokraterna.se\/gotland\/vara-fortroendevalda\/\" \/>\n<meta property=\"og:site_name\" content=\"Kristdemokraterna Gotland\" \/>\n<meta property=\"article:modified_time\" content=\"2026-03-28T17:19:12+00:00\" \/>\n<meta name=\"twitter:card\" content=\"summary_large_image\" \/>\n<meta name=\"twitter:label1\" content=\"Ber\u00e4knad l\u00e4stid\" \/>\n\t<meta name=\"twitter:data1\" content=\"1 minut\" \/>\n<script type=\"application\/ld+json\" class=\"yoast-schema-graph\">{\"@context\":\"https:\\\/\\\/schema.org\",\"@graph\":[{\"@type\":\"WebPage\",\"@id\":\"https:\\\/\\\/wp.kristdemokraterna.se\\\/gotland\\\/vara-fortroendevalda\\\/\",\"url\":\"https:\\\/\\\/wp.kristdemokraterna.se\\\/gotland\\\/vara-fortroendevalda\\\/\",\"name\":\"V\u00e5ra f\u00f6rtroendevalda - Kristdemokraterna Gotland\",\"isPartOf\":{\"@id\":\"https:\\\/\\\/wp.kristdemokraterna.se\\\/gotland\\\/#website\"},\"datePublished\":\"2020-12-10T15:11:05+00:00\",\"dateModified\":\"2026-03-28T17:19:12+00:00\",\"breadcrumb\":{\"@id\":\"https:\\\/\\\/wp.kristdemokraterna.se\\\/gotland\\\/vara-fortroendevalda\\\/#breadcrumb\"},\"inLanguage\":\"sv-SE\",\"potentialAction\":[{\"@type\":\"ReadAction\",\"target\":[\"https:\\\/\\\/wp.kristdemokraterna.se\\\/gotland\\\/vara-fortroendevalda\\\/\"]}]},{\"@type\":\"BreadcrumbList\",\"@id\":\"https:\\\/\\\/wp.kristdemokraterna.se\\\/gotland\\\/vara-fortroendevalda\\\/#breadcrumb\",\"itemListElement\":[{\"@type\":\"ListItem\",\"position\":1,\"name\":\"Hem\",\"item\":\"https:\\\/\\\/wp.kristdemokraterna.se\\\/gotland\\\/\"},{\"@type\":\"ListItem\",\"position\":2,\"name\":\"V\u00e5ra f\u00f6rtroendevalda\"}]},{\"@type\":\"WebSite\",\"@id\":\"https:\\\/\\\/wp.kristdemokraterna.se\\\/gotland\\\/#website\",\"url\":\"https:\\\/\\\/wp.kristdemokraterna.se\\\/gotland\\\/\",\"name\":\"Kristdemokraterna Gotland\",\"description\":\"Kristdemokraterna p\u00e5 Gotland\",\"inLanguage\":\"sv-SE\"}]}<\/script>\n<!-- \/ Yoast SEO plugin. -->","yoast_head_json":{"title":"V\u00e5ra f\u00f6rtroendevalda - Kristdemokraterna Gotland","robots":{"index":"index","follow":"follow","max-snippet":"max-snippet:-1","max-image-preview":"max-image-preview:large","max-video-preview":"max-video-preview:-1"},"canonical":"https:\/\/wp.kristdemokraterna.se\/gotland\/vara-fortroendevalda\/","og_locale":"sv_SE","og_type":"article","og_title":"V\u00e5ra f\u00f6rtroendevalda - Kristdemokraterna Gotland","og_description":"Sara Lidqvist Ledamot och gruppledare i regionfullm\u00e4ktige Grym Sara Westberger Ers\u00e4ttare i regionfullm\u00e4ktige Politisk sekreterare Anna Haack Ers\u00e4ttare i regionfullm\u00e4ktige Ers\u00e4ttare i h\u00e4lso- och sjukv\u00e5rdsn\u00e4mnden Suzanne Kickan Enman Ers\u00e4ttare i socialn\u00e4mnden Leif Nellmer Ers\u00e4ttare i milj\u00f6- och byggn\u00e4mnden Vice ordf\u00f6rande i styrelsen f\u00f6r Wisby Strand kongresshall Sture Johansson Ers\u00e4ttare i Gotlandshems styrelse","og_url":"https:\/\/wp.kristdemokraterna.se\/gotland\/vara-fortroendevalda\/","og_site_name":"Kristdemokraterna Gotland","article_modified_time":"2026-03-28T17:19:12+00:00","twitter_card":"summary_large_image","twitter_misc":{"Ber\u00e4knad l\u00e4stid":"1 minut"},"schema":{"@context":"https:\/\/schema.org","@graph":[{"@type":"WebPage","@id":"https:\/\/wp.kristdemokraterna.se\/gotland\/vara-fortroendevalda\/","url":"https:\/\/wp.kristdemokraterna.se\/gotland\/vara-fortroendevalda\/","name":"V\u00e5ra f\u00f6rtroendevalda - Kristdemokraterna Gotland","isPartOf":{"@id":"https:\/\/wp.kristdemokraterna.se\/gotland\/#website"},"datePublished":"2020-12-10T15:11:05+00:00","dateModified":"2026-03-28T17:19:12+00:00","breadcrumb":{"@id":"https:\/\/wp.kristdemokraterna.se\/gotland\/vara-fortroendevalda\/#breadcrumb"},"inLanguage":"sv-SE","potentialAction":[{"@type":"ReadAction","target":["https:\/\/wp.kristdemokraterna.se\/gotland\/vara-fortroendevalda\/"]}]},{"@type":"BreadcrumbList","@id":"https:\/\/wp.kristdemokraterna.se\/gotland\/vara-fortroendevalda\/#breadcrumb","itemListElement":[{"@type":"ListItem","position":1,"name":"Hem","item":"https:\/\/wp.kristdemokraterna.se\/gotland\/"},{"@type":"ListItem","position":2,"name":"V\u00e5ra f\u00f6rtroendevalda"}]},{"@type":"WebSite","@id":"https:\/\/wp.kristdemokraterna.se\/gotland\/#website","url":"https:\/\/wp.kristdemokraterna.se\/gotland\/","name":"Kristdemokraterna Gotland","description":"Kristdemokraterna p\u00e5 Gotland","inLanguage":"sv-SE"}]}},"_links":{"self":[{"href":"https:\/\/wp.kristdemokraterna.se\/gotland\/wp-json\/wp\/v2\/pages\/872","targetHints":{"allow":["GET"]}}],"collection":[{"href":"https:\/\/wp.kristdemokraterna.se\/gotland\/wp-json\/wp\/v2\/pages"}],"about":[{"href":"https:\/\/wp.kristdemokraterna.se\/gotland\/wp-json\/wp\/v2\/types\/page"}],"author":[{"embeddable":true,"href":"https:\/\/wp.kristdemokraterna.se\/gotland\/wp-json\/wp\/v2\/users\/408"}],"replies":[{"embeddable":true,"href":"https:\/\/wp.kristdemokraterna.se\/gotland\/wp-json\/wp\/v2\/comments?post=872"}],"version-history":[{"count":49,"href":"https:\/\/wp.kristdemokraterna.se\/gotland\/wp-json\/wp\/v2\/pages\/872\/revisions"}],"predecessor-version":[{"id":1931,"href":"https:\/\/wp.kristdemokraterna.se\/gotland\/wp-json\/wp\/v2\/pages\/872\/revisions\/1931"}],"wp:attachment":[{"href":"https:\/\/wp.kristdemokraterna.se\/gotland\/wp-json\/wp\/v2\/media?parent=872"}],"curies":[{"name":"wp","href":"https:\/\/api.w.org\/{rel}","templated":true}]}}