{"id":125,"date":"2018-07-09T13:27:38","date_gmt":"2018-07-09T11:27:38","guid":{"rendered":"http:\/\/wp.kristdemokraterna.se\/haabo\/?page_id=125"},"modified":"2022-06-01T13:27:06","modified_gmt":"2022-06-01T11:27:06","slug":"startsida","status":"publish","type":"page","link":"https:\/\/wp.kristdemokraterna.se\/haabo\/","title":{"rendered":"Startsida"},"content":{"rendered":"<p>Bli medlem i Kristdemokraterna H\u00e5bo!<\/p>\n<hr \/>\n<p>Distriktsordf\u00f6rande Mikael Oscarsson<\/p>\n","protected":false},"excerpt":{"rendered":"<p>Bli medlem i Kristdemokraterna H\u00e5bo! Distriktsordf\u00f6rande Mikael Oscarsson<\/p>\n","protected":false},"author":568,"featured_media":0,"parent":0,"menu_order":0,"comment_status":"closed","ping_status":"closed","template":"index.php","meta":{"_acf_changed":false,"footnotes":""},"class_list":["post-125","page","type-page","status-publish","hentry"],"acf":[],"yoast_head":"<!-- This site is optimized with the Yoast SEO plugin v27.4 - https:\/\/yoast.com\/product\/yoast-seo-wordpress\/ -->\n<title>Startsida - H\u00e5bo<\/title>\n<meta name=\"robots\" content=\"index, follow, max-snippet:-1, max-image-preview:large, max-video-preview:-1\" \/>\n<link rel=\"canonical\" href=\"https:\/\/wp.kristdemokraterna.se\/haabo\/\" \/>\n<meta property=\"og:locale\" content=\"sv_SE\" \/>\n<meta property=\"og:type\" content=\"article\" \/>\n<meta property=\"og:title\" content=\"Startsida - H\u00e5bo\" \/>\n<meta property=\"og:description\" content=\"Bli medlem i Kristdemokraterna H\u00e5bo! Distriktsordf\u00f6rande Mikael Oscarsson\" \/>\n<meta property=\"og:url\" content=\"https:\/\/wp.kristdemokraterna.se\/haabo\/\" \/>\n<meta property=\"og:site_name\" content=\"H\u00e5bo\" \/>\n<meta property=\"article:modified_time\" content=\"2022-06-01T11:27:06+00:00\" \/>\n<meta name=\"twitter:card\" content=\"summary_large_image\" \/>\n<meta name=\"twitter:label1\" content=\"Ber\u00e4knad l\u00e4stid\" \/>\n\t<meta name=\"twitter:data1\" content=\"1 minut\" \/>\n<script type=\"application\/ld+json\" class=\"yoast-schema-graph\">{\"@context\":\"https:\\\/\\\/schema.org\",\"@graph\":[{\"@type\":\"WebPage\",\"@id\":\"https:\\\/\\\/wp.kristdemokraterna.se\\\/haabo\\\/\",\"url\":\"https:\\\/\\\/wp.kristdemokraterna.se\\\/haabo\\\/\",\"name\":\"Startsida - H\u00e5bo\",\"isPartOf\":{\"@id\":\"https:\\\/\\\/wp.kristdemokraterna.se\\\/haabo\\\/#website\"},\"datePublished\":\"2018-07-09T11:27:38+00:00\",\"dateModified\":\"2022-06-01T11:27:06+00:00\",\"breadcrumb\":{\"@id\":\"https:\\\/\\\/wp.kristdemokraterna.se\\\/haabo\\\/#breadcrumb\"},\"inLanguage\":\"sv-SE\",\"potentialAction\":[{\"@type\":\"ReadAction\",\"target\":[\"https:\\\/\\\/wp.kristdemokraterna.se\\\/haabo\\\/\"]}]},{\"@type\":\"BreadcrumbList\",\"@id\":\"https:\\\/\\\/wp.kristdemokraterna.se\\\/haabo\\\/#breadcrumb\",\"itemListElement\":[{\"@type\":\"ListItem\",\"position\":1,\"name\":\"Hem\",\"item\":\"https:\\\/\\\/wp.kristdemokraterna.se\\\/haabo\\\/\"},{\"@type\":\"ListItem\",\"position\":2,\"name\":\"Startsida\"}]},{\"@type\":\"WebSite\",\"@id\":\"https:\\\/\\\/wp.kristdemokraterna.se\\\/haabo\\\/#website\",\"url\":\"https:\\\/\\\/wp.kristdemokraterna.se\\\/haabo\\\/\",\"name\":\"H\u00e5bo\",\"description\":\"En till Kristdemokraterna webbplats\",\"inLanguage\":\"sv-SE\"}]}<\/script>\n<!-- \/ Yoast SEO plugin. -->","yoast_head_json":{"title":"Startsida - H\u00e5bo","robots":{"index":"index","follow":"follow","max-snippet":"max-snippet:-1","max-image-preview":"max-image-preview:large","max-video-preview":"max-video-preview:-1"},"canonical":"https:\/\/wp.kristdemokraterna.se\/haabo\/","og_locale":"sv_SE","og_type":"article","og_title":"Startsida - H\u00e5bo","og_description":"Bli medlem i Kristdemokraterna H\u00e5bo! Distriktsordf\u00f6rande Mikael Oscarsson","og_url":"https:\/\/wp.kristdemokraterna.se\/haabo\/","og_site_name":"H\u00e5bo","article_modified_time":"2022-06-01T11:27:06+00:00","twitter_card":"summary_large_image","twitter_misc":{"Ber\u00e4knad l\u00e4stid":"1 minut"},"schema":{"@context":"https:\/\/schema.org","@graph":[{"@type":"WebPage","@id":"https:\/\/wp.kristdemokraterna.se\/haabo\/","url":"https:\/\/wp.kristdemokraterna.se\/haabo\/","name":"Startsida - H\u00e5bo","isPartOf":{"@id":"https:\/\/wp.kristdemokraterna.se\/haabo\/#website"},"datePublished":"2018-07-09T11:27:38+00:00","dateModified":"2022-06-01T11:27:06+00:00","breadcrumb":{"@id":"https:\/\/wp.kristdemokraterna.se\/haabo\/#breadcrumb"},"inLanguage":"sv-SE","potentialAction":[{"@type":"ReadAction","target":["https:\/\/wp.kristdemokraterna.se\/haabo\/"]}]},{"@type":"BreadcrumbList","@id":"https:\/\/wp.kristdemokraterna.se\/haabo\/#breadcrumb","itemListElement":[{"@type":"ListItem","position":1,"name":"Hem","item":"https:\/\/wp.kristdemokraterna.se\/haabo\/"},{"@type":"ListItem","position":2,"name":"Startsida"}]},{"@type":"WebSite","@id":"https:\/\/wp.kristdemokraterna.se\/haabo\/#website","url":"https:\/\/wp.kristdemokraterna.se\/haabo\/","name":"H\u00e5bo","description":"En till Kristdemokraterna webbplats","inLanguage":"sv-SE"}]}},"_links":{"self":[{"href":"https:\/\/wp.kristdemokraterna.se\/haabo\/wp-json\/wp\/v2\/pages\/125","targetHints":{"allow":["GET"]}}],"collection":[{"href":"https:\/\/wp.kristdemokraterna.se\/haabo\/wp-json\/wp\/v2\/pages"}],"about":[{"href":"https:\/\/wp.kristdemokraterna.se\/haabo\/wp-json\/wp\/v2\/types\/page"}],"author":[{"embeddable":true,"href":"https:\/\/wp.kristdemokraterna.se\/haabo\/wp-json\/wp\/v2\/users\/568"}],"replies":[{"embeddable":true,"href":"https:\/\/wp.kristdemokraterna.se\/haabo\/wp-json\/wp\/v2\/comments?post=125"}],"version-history":[{"count":32,"href":"https:\/\/wp.kristdemokraterna.se\/haabo\/wp-json\/wp\/v2\/pages\/125\/revisions"}],"predecessor-version":[{"id":339,"href":"https:\/\/wp.kristdemokraterna.se\/haabo\/wp-json\/wp\/v2\/pages\/125\/revisions\/339"}],"wp:attachment":[{"href":"https:\/\/wp.kristdemokraterna.se\/haabo\/wp-json\/wp\/v2\/media?parent=125"}],"curies":[{"name":"wp","href":"https:\/\/api.w.org\/{rel}","templated":true}]}}