{"id":157,"date":"2018-07-11T12:46:38","date_gmt":"2018-07-11T10:46:38","guid":{"rendered":"http:\/\/wp.kristdemokraterna.se\/haabo\/?page_id=157"},"modified":"2022-04-29T21:42:12","modified_gmt":"2022-04-29T19:42:12","slug":"vara-kandidater","status":"publish","type":"page","link":"https:\/\/wp.kristdemokraterna.se\/haabo\/vara-kandidater\/","title":{"rendered":"V\u00e5ra kandidater"},"content":{"rendered":"<p>1. Fred Rydberg, 65, L\u00e4rare, B\u00e5lsta<\/p>\n<p><img loading=\"lazy\" decoding=\"async\" class=\"wp-image-271 size-thumbnail alignnone\" src=\"http:\/\/wp.kristdemokraterna.se\/haabo\/files\/2022\/04\/20220402_095546-scaled-e1651259421799-150x150.jpg\" alt=\"\" width=\"150\" height=\"150\" data-wp-editing=\"1\" \/><\/p>\n<p>2. Tony Klaesson, 37, Fritidsledare, B\u00e5lsta<\/p>\n<p><img loading=\"lazy\" decoding=\"async\" class=\"alignnone wp-image-198 size-thumbnail\" src=\"http:\/\/wp.kristdemokraterna.se\/haabo\/files\/2022\/03\/profil-kd-sida-150x150.jpg\" alt=\"\" width=\"150\" height=\"150\" srcset=\"https:\/\/wp.kristdemokraterna.se\/haabo\/files\/2022\/03\/profil-kd-sida-150x150.jpg 150w, https:\/\/wp.kristdemokraterna.se\/haabo\/files\/2022\/03\/profil-kd-sida-300x300.jpg 300w, https:\/\/wp.kristdemokraterna.se\/haabo\/files\/2022\/03\/profil-kd-sida-540x540.jpg 540w, https:\/\/wp.kristdemokraterna.se\/haabo\/files\/2022\/03\/profil-kd-sida-768x768.jpg 768w, https:\/\/wp.kristdemokraterna.se\/haabo\/files\/2022\/03\/profil-kd-sida-200x200.jpg 200w, https:\/\/wp.kristdemokraterna.se\/haabo\/files\/2022\/03\/profil-kd-sida-370x370.jpg 370w, https:\/\/wp.kristdemokraterna.se\/haabo\/files\/2022\/03\/profil-kd-sida-90x90.jpg 90w, https:\/\/wp.kristdemokraterna.se\/haabo\/files\/2022\/03\/profil-kd-sida-770x770.jpg 770w, https:\/\/wp.kristdemokraterna.se\/haabo\/files\/2022\/03\/profil-kd-sida-450x450.jpg 450w, https:\/\/wp.kristdemokraterna.se\/haabo\/files\/2022\/03\/profil-kd-sida-280x280.jpg 280w, https:\/\/wp.kristdemokraterna.se\/haabo\/files\/2022\/03\/profil-kd-sida-340x340.jpg 340w, https:\/\/wp.kristdemokraterna.se\/haabo\/files\/2022\/03\/profil-kd-sida-56x56.jpg 56w, https:\/\/wp.kristdemokraterna.se\/haabo\/files\/2022\/03\/profil-kd-sida.jpg 1080w\" sizes=\"auto, (max-width: 150px) 100vw, 150px\" \/><\/p>\n<p>3. Helen Embrets\u00e9n, 59, L\u00e4rare, B\u00e5lsta<\/p>\n<p><img loading=\"lazy\" decoding=\"async\" class=\"alignnone wp-image-159 size-thumbnail\" src=\"http:\/\/wp.kristdemokraterna.se\/haabo\/files\/2018\/07\/dsc_0859-e1531305479734-150x150.jpg\" alt=\"\" width=\"150\" height=\"150\" srcset=\"https:\/\/wp.kristdemokraterna.se\/haabo\/files\/2018\/07\/dsc_0859-e1531305479734-150x150.jpg 150w, https:\/\/wp.kristdemokraterna.se\/haabo\/files\/2018\/07\/dsc_0859-e1531305479734-90x90.jpg 90w\" sizes=\"auto, (max-width: 150px) 100vw, 150px\" \/><\/p>\n<p>4. Mikaela Klaesson, 36, Verksamhetssamordnare, B\u00e5lsta<\/p>\n<p><img loading=\"lazy\" decoding=\"async\" class=\"alignnone size-thumbnail wp-image-217\" src=\"http:\/\/wp.kristdemokraterna.se\/haabo\/files\/2022\/03\/fb_img_1648299632107-e1648299896390-150x150.jpg\" alt=\"\" width=\"150\" height=\"150\" srcset=\"https:\/\/wp.kristdemokraterna.se\/haabo\/files\/2022\/03\/fb_img_1648299632107-e1648299896390-150x150.jpg 150w, https:\/\/wp.kristdemokraterna.se\/haabo\/files\/2022\/03\/fb_img_1648299632107-e1648299896390-300x300.jpg 300w, https:\/\/wp.kristdemokraterna.se\/haabo\/files\/2022\/03\/fb_img_1648299632107-e1648299896390-540x540.jpg 540w, https:\/\/wp.kristdemokraterna.se\/haabo\/files\/2022\/03\/fb_img_1648299632107-e1648299896390-768x768.jpg 768w, https:\/\/wp.kristdemokraterna.se\/haabo\/files\/2022\/03\/fb_img_1648299632107-e1648299896390-200x200.jpg 200w, https:\/\/wp.kristdemokraterna.se\/haabo\/files\/2022\/03\/fb_img_1648299632107-e1648299896390-370x370.jpg 370w, https:\/\/wp.kristdemokraterna.se\/haabo\/files\/2022\/03\/fb_img_1648299632107-e1648299896390-90x90.jpg 90w, https:\/\/wp.kristdemokraterna.se\/haabo\/files\/2022\/03\/fb_img_1648299632107-e1648299896390-770x770.jpg 770w, https:\/\/wp.kristdemokraterna.se\/haabo\/files\/2022\/03\/fb_img_1648299632107-e1648299896390-450x450.jpg 450w, https:\/\/wp.kristdemokraterna.se\/haabo\/files\/2022\/03\/fb_img_1648299632107-e1648299896390-280x280.jpg 280w, https:\/\/wp.kristdemokraterna.se\/haabo\/files\/2022\/03\/fb_img_1648299632107-e1648299896390-340x340.jpg 340w, https:\/\/wp.kristdemokraterna.se\/haabo\/files\/2022\/03\/fb_img_1648299632107-e1648299896390-56x56.jpg 56w, https:\/\/wp.kristdemokraterna.se\/haabo\/files\/2022\/03\/fb_img_1648299632107-e1648299896390.jpg 1440w\" sizes=\"auto, (max-width: 150px) 100vw, 150px\" \/><\/p>\n<p>5. Elinn Haugkrantz, 33, Socialpedagog, B\u00e5lsta<br \/>\n6. Carl \u2013 Adam Embrets\u00e9n, 60, IT-ansvarig, B\u00e5lsta<br \/>\n7. John Baker, 31, B\u00e5lsta<br \/>\n8. Robert Andersson, 48, B\u00e5lsta<br \/>\n9. Sven Svanstr\u00f6m, 68, B\u00e5lsta<\/p>\n<p><img loading=\"lazy\" decoding=\"async\" class=\"alignnone size-thumbnail wp-image-280\" src=\"http:\/\/wp.kristdemokraterna.se\/haabo\/files\/2022\/04\/airbrush_20220429213547-e1651261086778-150x150.jpg\" alt=\"\" width=\"150\" height=\"150\" srcset=\"https:\/\/wp.kristdemokraterna.se\/haabo\/files\/2022\/04\/airbrush_20220429213547-e1651261086778-150x150.jpg 150w, https:\/\/wp.kristdemokraterna.se\/haabo\/files\/2022\/04\/airbrush_20220429213547-e1651261086778-90x90.jpg 90w\" sizes=\"auto, (max-width: 150px) 100vw, 150px\" \/><br \/>\n10.. Per-Inge Andersson, 67, Pastor, B\u00e5lsta<br \/>\n11. Linnea Andersson, 73, Pension\u00e4r, B\u00e5lsta<\/p>\n<p>&nbsp;<\/p>\n","protected":false},"excerpt":{"rendered":"<p>1. Fred Rydberg, 65, L\u00e4rare, B\u00e5lsta 2. Tony Klaesson, 37, Fritidsledare, B\u00e5lsta 3. Helen Embrets\u00e9n, 59, L\u00e4rare, B\u00e5lsta 4. Mikaela Klaesson, 36, Verksamhetssamordnare, B\u00e5lsta 5. Elinn Haugkrantz, 33, Socialpedagog, B\u00e5lsta 6. Carl \u2013 Adam Embrets\u00e9n, 60, IT-ansvarig, B\u00e5lsta 7. John Baker, 31, B\u00e5lsta 8. Robert Andersson, 48, B\u00e5lsta 9. Sven Svanstr\u00f6m, 68, B\u00e5lsta 10.. Per-Inge <a class=\"read-more-link\" href=\"https:\/\/wp.kristdemokraterna.se\/haabo\/vara-kandidater\/\">Read More<\/a><\/p>\n","protected":false},"author":568,"featured_media":0,"parent":0,"menu_order":0,"comment_status":"closed","ping_status":"closed","template":"","meta":{"_acf_changed":false,"footnotes":""},"class_list":["post-157","page","type-page","status-publish","hentry"],"acf":[],"yoast_head":"<!-- This site is optimized with the Yoast SEO plugin v27.4 - https:\/\/yoast.com\/product\/yoast-seo-wordpress\/ -->\n<title>V\u00e5ra kandidater - H\u00e5bo<\/title>\n<meta name=\"robots\" content=\"index, follow, max-snippet:-1, max-image-preview:large, max-video-preview:-1\" \/>\n<link rel=\"canonical\" href=\"https:\/\/wp.kristdemokraterna.se\/haabo\/vara-kandidater\/\" \/>\n<meta property=\"og:locale\" content=\"sv_SE\" \/>\n<meta property=\"og:type\" content=\"article\" \/>\n<meta property=\"og:title\" content=\"V\u00e5ra kandidater - H\u00e5bo\" \/>\n<meta property=\"og:description\" content=\"1. Fred Rydberg, 65, L\u00e4rare, B\u00e5lsta 2. Tony Klaesson, 37, Fritidsledare, B\u00e5lsta 3. Helen Embrets\u00e9n, 59, L\u00e4rare, B\u00e5lsta 4. Mikaela Klaesson, 36, Verksamhetssamordnare, B\u00e5lsta 5. Elinn Haugkrantz, 33, Socialpedagog, B\u00e5lsta 6. Carl \u2013 Adam Embrets\u00e9n, 60, IT-ansvarig, B\u00e5lsta 7. John Baker, 31, B\u00e5lsta 8. Robert Andersson, 48, B\u00e5lsta 9. Sven Svanstr\u00f6m, 68, B\u00e5lsta 10.. Per-Inge Read More\" \/>\n<meta property=\"og:url\" content=\"https:\/\/wp.kristdemokraterna.se\/haabo\/vara-kandidater\/\" \/>\n<meta property=\"og:site_name\" content=\"H\u00e5bo\" \/>\n<meta property=\"article:modified_time\" content=\"2022-04-29T19:42:12+00:00\" \/>\n<meta property=\"og:image\" content=\"http:\/\/wp.kristdemokraterna.se\/haabo\/files\/2022\/04\/20220402_095546-scaled-e1651259421799-150x150.jpg\" \/>\n<meta name=\"twitter:card\" content=\"summary_large_image\" \/>\n<meta name=\"twitter:label1\" content=\"Ber\u00e4knad l\u00e4stid\" \/>\n\t<meta name=\"twitter:data1\" content=\"2 minuter\" \/>\n<script type=\"application\/ld+json\" class=\"yoast-schema-graph\">{\"@context\":\"https:\\\/\\\/schema.org\",\"@graph\":[{\"@type\":\"WebPage\",\"@id\":\"https:\\\/\\\/wp.kristdemokraterna.se\\\/haabo\\\/vara-kandidater\\\/\",\"url\":\"https:\\\/\\\/wp.kristdemokraterna.se\\\/haabo\\\/vara-kandidater\\\/\",\"name\":\"V\u00e5ra kandidater - H\u00e5bo\",\"isPartOf\":{\"@id\":\"https:\\\/\\\/wp.kristdemokraterna.se\\\/haabo\\\/#website\"},\"primaryImageOfPage\":{\"@id\":\"https:\\\/\\\/wp.kristdemokraterna.se\\\/haabo\\\/vara-kandidater\\\/#primaryimage\"},\"image\":{\"@id\":\"https:\\\/\\\/wp.kristdemokraterna.se\\\/haabo\\\/vara-kandidater\\\/#primaryimage\"},\"thumbnailUrl\":\"http:\\\/\\\/wp.kristdemokraterna.se\\\/haabo\\\/files\\\/2022\\\/04\\\/20220402_095546-scaled-e1651259421799-150x150.jpg\",\"datePublished\":\"2018-07-11T10:46:38+00:00\",\"dateModified\":\"2022-04-29T19:42:12+00:00\",\"breadcrumb\":{\"@id\":\"https:\\\/\\\/wp.kristdemokraterna.se\\\/haabo\\\/vara-kandidater\\\/#breadcrumb\"},\"inLanguage\":\"sv-SE\",\"potentialAction\":[{\"@type\":\"ReadAction\",\"target\":[\"https:\\\/\\\/wp.kristdemokraterna.se\\\/haabo\\\/vara-kandidater\\\/\"]}]},{\"@type\":\"ImageObject\",\"inLanguage\":\"sv-SE\",\"@id\":\"https:\\\/\\\/wp.kristdemokraterna.se\\\/haabo\\\/vara-kandidater\\\/#primaryimage\",\"url\":\"http:\\\/\\\/wp.kristdemokraterna.se\\\/haabo\\\/files\\\/2022\\\/04\\\/20220402_095546-scaled-e1651259421799-150x150.jpg\",\"contentUrl\":\"http:\\\/\\\/wp.kristdemokraterna.se\\\/haabo\\\/files\\\/2022\\\/04\\\/20220402_095546-scaled-e1651259421799-150x150.jpg\"},{\"@type\":\"BreadcrumbList\",\"@id\":\"https:\\\/\\\/wp.kristdemokraterna.se\\\/haabo\\\/vara-kandidater\\\/#breadcrumb\",\"itemListElement\":[{\"@type\":\"ListItem\",\"position\":1,\"name\":\"Hem\",\"item\":\"https:\\\/\\\/wp.kristdemokraterna.se\\\/haabo\\\/\"},{\"@type\":\"ListItem\",\"position\":2,\"name\":\"V\u00e5ra kandidater\"}]},{\"@type\":\"WebSite\",\"@id\":\"https:\\\/\\\/wp.kristdemokraterna.se\\\/haabo\\\/#website\",\"url\":\"https:\\\/\\\/wp.kristdemokraterna.se\\\/haabo\\\/\",\"name\":\"H\u00e5bo\",\"description\":\"En till Kristdemokraterna webbplats\",\"inLanguage\":\"sv-SE\"}]}<\/script>\n<!-- \/ Yoast SEO plugin. -->","yoast_head_json":{"title":"V\u00e5ra kandidater - H\u00e5bo","robots":{"index":"index","follow":"follow","max-snippet":"max-snippet:-1","max-image-preview":"max-image-preview:large","max-video-preview":"max-video-preview:-1"},"canonical":"https:\/\/wp.kristdemokraterna.se\/haabo\/vara-kandidater\/","og_locale":"sv_SE","og_type":"article","og_title":"V\u00e5ra kandidater - H\u00e5bo","og_description":"1. Fred Rydberg, 65, L\u00e4rare, B\u00e5lsta 2. Tony Klaesson, 37, Fritidsledare, B\u00e5lsta 3. Helen Embrets\u00e9n, 59, L\u00e4rare, B\u00e5lsta 4. Mikaela Klaesson, 36, Verksamhetssamordnare, B\u00e5lsta 5. Elinn Haugkrantz, 33, Socialpedagog, B\u00e5lsta 6. Carl \u2013 Adam Embrets\u00e9n, 60, IT-ansvarig, B\u00e5lsta 7. John Baker, 31, B\u00e5lsta 8. Robert Andersson, 48, B\u00e5lsta 9. Sven Svanstr\u00f6m, 68, B\u00e5lsta 10.. Per-Inge Read More","og_url":"https:\/\/wp.kristdemokraterna.se\/haabo\/vara-kandidater\/","og_site_name":"H\u00e5bo","article_modified_time":"2022-04-29T19:42:12+00:00","og_image":[{"url":"http:\/\/wp.kristdemokraterna.se\/haabo\/files\/2022\/04\/20220402_095546-scaled-e1651259421799-150x150.jpg","type":"","width":"","height":""}],"twitter_card":"summary_large_image","twitter_misc":{"Ber\u00e4knad l\u00e4stid":"2 minuter"},"schema":{"@context":"https:\/\/schema.org","@graph":[{"@type":"WebPage","@id":"https:\/\/wp.kristdemokraterna.se\/haabo\/vara-kandidater\/","url":"https:\/\/wp.kristdemokraterna.se\/haabo\/vara-kandidater\/","name":"V\u00e5ra kandidater - H\u00e5bo","isPartOf":{"@id":"https:\/\/wp.kristdemokraterna.se\/haabo\/#website"},"primaryImageOfPage":{"@id":"https:\/\/wp.kristdemokraterna.se\/haabo\/vara-kandidater\/#primaryimage"},"image":{"@id":"https:\/\/wp.kristdemokraterna.se\/haabo\/vara-kandidater\/#primaryimage"},"thumbnailUrl":"http:\/\/wp.kristdemokraterna.se\/haabo\/files\/2022\/04\/20220402_095546-scaled-e1651259421799-150x150.jpg","datePublished":"2018-07-11T10:46:38+00:00","dateModified":"2022-04-29T19:42:12+00:00","breadcrumb":{"@id":"https:\/\/wp.kristdemokraterna.se\/haabo\/vara-kandidater\/#breadcrumb"},"inLanguage":"sv-SE","potentialAction":[{"@type":"ReadAction","target":["https:\/\/wp.kristdemokraterna.se\/haabo\/vara-kandidater\/"]}]},{"@type":"ImageObject","inLanguage":"sv-SE","@id":"https:\/\/wp.kristdemokraterna.se\/haabo\/vara-kandidater\/#primaryimage","url":"http:\/\/wp.kristdemokraterna.se\/haabo\/files\/2022\/04\/20220402_095546-scaled-e1651259421799-150x150.jpg","contentUrl":"http:\/\/wp.kristdemokraterna.se\/haabo\/files\/2022\/04\/20220402_095546-scaled-e1651259421799-150x150.jpg"},{"@type":"BreadcrumbList","@id":"https:\/\/wp.kristdemokraterna.se\/haabo\/vara-kandidater\/#breadcrumb","itemListElement":[{"@type":"ListItem","position":1,"name":"Hem","item":"https:\/\/wp.kristdemokraterna.se\/haabo\/"},{"@type":"ListItem","position":2,"name":"V\u00e5ra kandidater"}]},{"@type":"WebSite","@id":"https:\/\/wp.kristdemokraterna.se\/haabo\/#website","url":"https:\/\/wp.kristdemokraterna.se\/haabo\/","name":"H\u00e5bo","description":"En till Kristdemokraterna webbplats","inLanguage":"sv-SE"}]}},"_links":{"self":[{"href":"https:\/\/wp.kristdemokraterna.se\/haabo\/wp-json\/wp\/v2\/pages\/157","targetHints":{"allow":["GET"]}}],"collection":[{"href":"https:\/\/wp.kristdemokraterna.se\/haabo\/wp-json\/wp\/v2\/pages"}],"about":[{"href":"https:\/\/wp.kristdemokraterna.se\/haabo\/wp-json\/wp\/v2\/types\/page"}],"author":[{"embeddable":true,"href":"https:\/\/wp.kristdemokraterna.se\/haabo\/wp-json\/wp\/v2\/users\/568"}],"replies":[{"embeddable":true,"href":"https:\/\/wp.kristdemokraterna.se\/haabo\/wp-json\/wp\/v2\/comments?post=157"}],"version-history":[{"count":13,"href":"https:\/\/wp.kristdemokraterna.se\/haabo\/wp-json\/wp\/v2\/pages\/157\/revisions"}],"predecessor-version":[{"id":284,"href":"https:\/\/wp.kristdemokraterna.se\/haabo\/wp-json\/wp\/v2\/pages\/157\/revisions\/284"}],"wp:attachment":[{"href":"https:\/\/wp.kristdemokraterna.se\/haabo\/wp-json\/wp\/v2\/media?parent=157"}],"curies":[{"name":"wp","href":"https:\/\/api.w.org\/{rel}","templated":true}]}}