{"id":206,"date":"2022-03-14T13:29:35","date_gmt":"2022-03-14T12:29:35","guid":{"rendered":"https:\/\/wp.kristdemokraterna.se\/haabo\/?page_id=206"},"modified":"2022-04-29T21:38:39","modified_gmt":"2022-04-29T19:38:39","slug":"var-styrelse","status":"publish","type":"page","link":"https:\/\/wp.kristdemokraterna.se\/haabo\/kontakta-oss\/var-styrelse\/","title":{"rendered":"V\u00e5r styrelse"},"content":{"rendered":"<p><strong>Ordf\u00f6rande &amp; gruppledare:<\/strong><\/p>\n<div id=\"attachment_160\" style=\"width: 160px\" class=\"wp-caption alignnone\"><img loading=\"lazy\" decoding=\"async\" aria-describedby=\"caption-attachment-160\" class=\"wp-image-160 size-thumbnail\" src=\"http:\/\/wp.kristdemokraterna.se\/haabo\/files\/2018\/07\/dsc_0845-e1648300070425-150x150.jpg\" alt=\"\" width=\"150\" height=\"150\" srcset=\"https:\/\/wp.kristdemokraterna.se\/haabo\/files\/2018\/07\/dsc_0845-e1648300070425-150x150.jpg 150w, https:\/\/wp.kristdemokraterna.se\/haabo\/files\/2018\/07\/dsc_0845-e1648300070425-300x300.jpg 300w, https:\/\/wp.kristdemokraterna.se\/haabo\/files\/2018\/07\/dsc_0845-e1648300070425-768x768.jpg 768w, https:\/\/wp.kristdemokraterna.se\/haabo\/files\/2018\/07\/dsc_0845-e1648300070425-540x540.jpg 540w, https:\/\/wp.kristdemokraterna.se\/haabo\/files\/2018\/07\/dsc_0845-e1648300070425-200x200.jpg 200w, https:\/\/wp.kristdemokraterna.se\/haabo\/files\/2018\/07\/dsc_0845-e1648300070425-370x370.jpg 370w, https:\/\/wp.kristdemokraterna.se\/haabo\/files\/2018\/07\/dsc_0845-e1648300070425-90x90.jpg 90w, https:\/\/wp.kristdemokraterna.se\/haabo\/files\/2018\/07\/dsc_0845-e1648300070425-770x770.jpg 770w, https:\/\/wp.kristdemokraterna.se\/haabo\/files\/2018\/07\/dsc_0845-e1648300070425-450x450.jpg 450w, https:\/\/wp.kristdemokraterna.se\/haabo\/files\/2018\/07\/dsc_0845-e1648300070425-280x280.jpg 280w, https:\/\/wp.kristdemokraterna.se\/haabo\/files\/2018\/07\/dsc_0845-e1648300070425-340x340.jpg 340w, https:\/\/wp.kristdemokraterna.se\/haabo\/files\/2018\/07\/dsc_0845-e1648300070425-56x56.jpg 56w, https:\/\/wp.kristdemokraterna.se\/haabo\/files\/2018\/07\/dsc_0845-e1648300070425-1536x1536.jpg 1536w, https:\/\/wp.kristdemokraterna.se\/haabo\/files\/2018\/07\/dsc_0845-e1648300070425-2048x2048.jpg 2048w\" sizes=\"auto, (max-width: 150px) 100vw, 150px\" \/><p id=\"caption-attachment-160\" class=\"wp-caption-text\"><em>Fred Rydberg<\/em><\/p><\/div>\n<p><strong>Vice ordf\u00f6rande, kampanjledare &amp; sekreterare<\/strong><\/p>\n<div id=\"attachment_198\" style=\"width: 160px\" class=\"wp-caption alignnone\"><img loading=\"lazy\" decoding=\"async\" aria-describedby=\"caption-attachment-198\" class=\"wp-image-198 size-thumbnail\" src=\"http:\/\/wp.kristdemokraterna.se\/haabo\/files\/2022\/03\/profil-kd-sida-150x150.jpg\" alt=\"\" width=\"150\" height=\"150\" srcset=\"https:\/\/wp.kristdemokraterna.se\/haabo\/files\/2022\/03\/profil-kd-sida-150x150.jpg 150w, https:\/\/wp.kristdemokraterna.se\/haabo\/files\/2022\/03\/profil-kd-sida-300x300.jpg 300w, https:\/\/wp.kristdemokraterna.se\/haabo\/files\/2022\/03\/profil-kd-sida-540x540.jpg 540w, https:\/\/wp.kristdemokraterna.se\/haabo\/files\/2022\/03\/profil-kd-sida-768x768.jpg 768w, https:\/\/wp.kristdemokraterna.se\/haabo\/files\/2022\/03\/profil-kd-sida-200x200.jpg 200w, https:\/\/wp.kristdemokraterna.se\/haabo\/files\/2022\/03\/profil-kd-sida-370x370.jpg 370w, https:\/\/wp.kristdemokraterna.se\/haabo\/files\/2022\/03\/profil-kd-sida-90x90.jpg 90w, https:\/\/wp.kristdemokraterna.se\/haabo\/files\/2022\/03\/profil-kd-sida-770x770.jpg 770w, https:\/\/wp.kristdemokraterna.se\/haabo\/files\/2022\/03\/profil-kd-sida-450x450.jpg 450w, https:\/\/wp.kristdemokraterna.se\/haabo\/files\/2022\/03\/profil-kd-sida-280x280.jpg 280w, https:\/\/wp.kristdemokraterna.se\/haabo\/files\/2022\/03\/profil-kd-sida-340x340.jpg 340w, https:\/\/wp.kristdemokraterna.se\/haabo\/files\/2022\/03\/profil-kd-sida-56x56.jpg 56w, https:\/\/wp.kristdemokraterna.se\/haabo\/files\/2022\/03\/profil-kd-sida.jpg 1080w\" sizes=\"auto, (max-width: 150px) 100vw, 150px\" \/><p id=\"caption-attachment-198\" class=\"wp-caption-text\"><em>Tony Klaesson<\/em><\/p><\/div>\n<p><strong>Kass\u00f6r<\/strong><\/p>\n<p><img loading=\"lazy\" decoding=\"async\" class=\"alignnone wp-image-217 size-thumbnail\" src=\"http:\/\/wp.kristdemokraterna.se\/haabo\/files\/2022\/03\/fb_img_1648299632107-e1648299896390-150x150.jpg\" alt=\"\" width=\"150\" height=\"150\" srcset=\"https:\/\/wp.kristdemokraterna.se\/haabo\/files\/2022\/03\/fb_img_1648299632107-e1648299896390-150x150.jpg 150w, https:\/\/wp.kristdemokraterna.se\/haabo\/files\/2022\/03\/fb_img_1648299632107-e1648299896390-300x300.jpg 300w, https:\/\/wp.kristdemokraterna.se\/haabo\/files\/2022\/03\/fb_img_1648299632107-e1648299896390-540x540.jpg 540w, https:\/\/wp.kristdemokraterna.se\/haabo\/files\/2022\/03\/fb_img_1648299632107-e1648299896390-768x768.jpg 768w, https:\/\/wp.kristdemokraterna.se\/haabo\/files\/2022\/03\/fb_img_1648299632107-e1648299896390-200x200.jpg 200w, https:\/\/wp.kristdemokraterna.se\/haabo\/files\/2022\/03\/fb_img_1648299632107-e1648299896390-370x370.jpg 370w, https:\/\/wp.kristdemokraterna.se\/haabo\/files\/2022\/03\/fb_img_1648299632107-e1648299896390-90x90.jpg 90w, https:\/\/wp.kristdemokraterna.se\/haabo\/files\/2022\/03\/fb_img_1648299632107-e1648299896390-770x770.jpg 770w, https:\/\/wp.kristdemokraterna.se\/haabo\/files\/2022\/03\/fb_img_1648299632107-e1648299896390-450x450.jpg 450w, https:\/\/wp.kristdemokraterna.se\/haabo\/files\/2022\/03\/fb_img_1648299632107-e1648299896390-280x280.jpg 280w, https:\/\/wp.kristdemokraterna.se\/haabo\/files\/2022\/03\/fb_img_1648299632107-e1648299896390-340x340.jpg 340w, https:\/\/wp.kristdemokraterna.se\/haabo\/files\/2022\/03\/fb_img_1648299632107-e1648299896390-56x56.jpg 56w, https:\/\/wp.kristdemokraterna.se\/haabo\/files\/2022\/03\/fb_img_1648299632107-e1648299896390.jpg 1440w\" sizes=\"auto, (max-width: 150px) 100vw, 150px\" \/><\/p>\n<p><em>Mikaela Klaesson<\/em><\/p>\n<p><strong>Ledamot<br \/>\n<\/strong><\/p>\n<p><img loading=\"lazy\" decoding=\"async\" class=\"alignnone size-thumbnail wp-image-280\" src=\"http:\/\/wp.kristdemokraterna.se\/haabo\/files\/2022\/04\/airbrush_20220429213547-e1651261086778-150x150.jpg\" alt=\"\" width=\"150\" height=\"150\" srcset=\"https:\/\/wp.kristdemokraterna.se\/haabo\/files\/2022\/04\/airbrush_20220429213547-e1651261086778-150x150.jpg 150w, https:\/\/wp.kristdemokraterna.se\/haabo\/files\/2022\/04\/airbrush_20220429213547-e1651261086778-90x90.jpg 90w\" sizes=\"auto, (max-width: 150px) 100vw, 150px\" \/><\/p>\n<p><em>Sven Svanstr\u00f6m<\/em><\/p>\n","protected":false},"excerpt":{"rendered":"<p>Ordf\u00f6rande &amp; gruppledare: Vice ordf\u00f6rande, kampanjledare &amp; sekreterare Kass\u00f6r Mikaela Klaesson Ledamot Sven Svanstr\u00f6m<\/p>\n","protected":false},"author":568,"featured_media":0,"parent":8,"menu_order":0,"comment_status":"closed","ping_status":"closed","template":"","meta":{"_acf_changed":false,"footnotes":""},"class_list":["post-206","page","type-page","status-publish","hentry"],"acf":[],"yoast_head":"<!-- This site is optimized with the Yoast SEO plugin v27.4 - https:\/\/yoast.com\/product\/yoast-seo-wordpress\/ -->\n<title>V\u00e5r styrelse - H\u00e5bo<\/title>\n<meta name=\"robots\" content=\"index, follow, max-snippet:-1, max-image-preview:large, max-video-preview:-1\" \/>\n<link rel=\"canonical\" href=\"https:\/\/wp.kristdemokraterna.se\/haabo\/kontakta-oss\/var-styrelse\/\" \/>\n<meta property=\"og:locale\" content=\"sv_SE\" \/>\n<meta property=\"og:type\" content=\"article\" \/>\n<meta property=\"og:title\" content=\"V\u00e5r styrelse - H\u00e5bo\" \/>\n<meta property=\"og:description\" content=\"Ordf\u00f6rande &amp; gruppledare: Vice ordf\u00f6rande, kampanjledare &amp; sekreterare Kass\u00f6r Mikaela Klaesson Ledamot Sven Svanstr\u00f6m\" \/>\n<meta property=\"og:url\" content=\"https:\/\/wp.kristdemokraterna.se\/haabo\/kontakta-oss\/var-styrelse\/\" \/>\n<meta property=\"og:site_name\" content=\"H\u00e5bo\" \/>\n<meta property=\"article:modified_time\" content=\"2022-04-29T19:38:39+00:00\" \/>\n<meta property=\"og:image\" content=\"http:\/\/wp.kristdemokraterna.se\/haabo\/files\/2018\/07\/dsc_0845-e1648300070425-150x150.jpg\" \/>\n<meta name=\"twitter:card\" content=\"summary_large_image\" \/>\n<meta name=\"twitter:label1\" content=\"Ber\u00e4knad l\u00e4stid\" \/>\n\t<meta name=\"twitter:data1\" content=\"1 minut\" \/>\n<script type=\"application\/ld+json\" class=\"yoast-schema-graph\">{\"@context\":\"https:\\\/\\\/schema.org\",\"@graph\":[{\"@type\":\"WebPage\",\"@id\":\"https:\\\/\\\/wp.kristdemokraterna.se\\\/haabo\\\/kontakta-oss\\\/var-styrelse\\\/\",\"url\":\"https:\\\/\\\/wp.kristdemokraterna.se\\\/haabo\\\/kontakta-oss\\\/var-styrelse\\\/\",\"name\":\"V\u00e5r styrelse - H\u00e5bo\",\"isPartOf\":{\"@id\":\"https:\\\/\\\/wp.kristdemokraterna.se\\\/haabo\\\/#website\"},\"primaryImageOfPage\":{\"@id\":\"https:\\\/\\\/wp.kristdemokraterna.se\\\/haabo\\\/kontakta-oss\\\/var-styrelse\\\/#primaryimage\"},\"image\":{\"@id\":\"https:\\\/\\\/wp.kristdemokraterna.se\\\/haabo\\\/kontakta-oss\\\/var-styrelse\\\/#primaryimage\"},\"thumbnailUrl\":\"http:\\\/\\\/wp.kristdemokraterna.se\\\/haabo\\\/files\\\/2018\\\/07\\\/dsc_0845-e1648300070425-150x150.jpg\",\"datePublished\":\"2022-03-14T12:29:35+00:00\",\"dateModified\":\"2022-04-29T19:38:39+00:00\",\"breadcrumb\":{\"@id\":\"https:\\\/\\\/wp.kristdemokraterna.se\\\/haabo\\\/kontakta-oss\\\/var-styrelse\\\/#breadcrumb\"},\"inLanguage\":\"sv-SE\",\"potentialAction\":[{\"@type\":\"ReadAction\",\"target\":[\"https:\\\/\\\/wp.kristdemokraterna.se\\\/haabo\\\/kontakta-oss\\\/var-styrelse\\\/\"]}]},{\"@type\":\"ImageObject\",\"inLanguage\":\"sv-SE\",\"@id\":\"https:\\\/\\\/wp.kristdemokraterna.se\\\/haabo\\\/kontakta-oss\\\/var-styrelse\\\/#primaryimage\",\"url\":\"http:\\\/\\\/wp.kristdemokraterna.se\\\/haabo\\\/files\\\/2018\\\/07\\\/dsc_0845-e1648300070425-150x150.jpg\",\"contentUrl\":\"http:\\\/\\\/wp.kristdemokraterna.se\\\/haabo\\\/files\\\/2018\\\/07\\\/dsc_0845-e1648300070425-150x150.jpg\"},{\"@type\":\"BreadcrumbList\",\"@id\":\"https:\\\/\\\/wp.kristdemokraterna.se\\\/haabo\\\/kontakta-oss\\\/var-styrelse\\\/#breadcrumb\",\"itemListElement\":[{\"@type\":\"ListItem\",\"position\":1,\"name\":\"Hem\",\"item\":\"https:\\\/\\\/wp.kristdemokraterna.se\\\/haabo\\\/\"},{\"@type\":\"ListItem\",\"position\":2,\"name\":\"Kontakta oss\",\"item\":\"https:\\\/\\\/wp.kristdemokraterna.se\\\/haabo\\\/kontakta-oss\\\/\"},{\"@type\":\"ListItem\",\"position\":3,\"name\":\"V\u00e5r styrelse\"}]},{\"@type\":\"WebSite\",\"@id\":\"https:\\\/\\\/wp.kristdemokraterna.se\\\/haabo\\\/#website\",\"url\":\"https:\\\/\\\/wp.kristdemokraterna.se\\\/haabo\\\/\",\"name\":\"H\u00e5bo\",\"description\":\"En till Kristdemokraterna webbplats\",\"inLanguage\":\"sv-SE\"}]}<\/script>\n<!-- \/ Yoast SEO plugin. -->","yoast_head_json":{"title":"V\u00e5r styrelse - H\u00e5bo","robots":{"index":"index","follow":"follow","max-snippet":"max-snippet:-1","max-image-preview":"max-image-preview:large","max-video-preview":"max-video-preview:-1"},"canonical":"https:\/\/wp.kristdemokraterna.se\/haabo\/kontakta-oss\/var-styrelse\/","og_locale":"sv_SE","og_type":"article","og_title":"V\u00e5r styrelse - H\u00e5bo","og_description":"Ordf\u00f6rande &amp; gruppledare: Vice ordf\u00f6rande, kampanjledare &amp; sekreterare Kass\u00f6r Mikaela Klaesson Ledamot Sven Svanstr\u00f6m","og_url":"https:\/\/wp.kristdemokraterna.se\/haabo\/kontakta-oss\/var-styrelse\/","og_site_name":"H\u00e5bo","article_modified_time":"2022-04-29T19:38:39+00:00","og_image":[{"url":"http:\/\/wp.kristdemokraterna.se\/haabo\/files\/2018\/07\/dsc_0845-e1648300070425-150x150.jpg","type":"","width":"","height":""}],"twitter_card":"summary_large_image","twitter_misc":{"Ber\u00e4knad l\u00e4stid":"1 minut"},"schema":{"@context":"https:\/\/schema.org","@graph":[{"@type":"WebPage","@id":"https:\/\/wp.kristdemokraterna.se\/haabo\/kontakta-oss\/var-styrelse\/","url":"https:\/\/wp.kristdemokraterna.se\/haabo\/kontakta-oss\/var-styrelse\/","name":"V\u00e5r styrelse - H\u00e5bo","isPartOf":{"@id":"https:\/\/wp.kristdemokraterna.se\/haabo\/#website"},"primaryImageOfPage":{"@id":"https:\/\/wp.kristdemokraterna.se\/haabo\/kontakta-oss\/var-styrelse\/#primaryimage"},"image":{"@id":"https:\/\/wp.kristdemokraterna.se\/haabo\/kontakta-oss\/var-styrelse\/#primaryimage"},"thumbnailUrl":"http:\/\/wp.kristdemokraterna.se\/haabo\/files\/2018\/07\/dsc_0845-e1648300070425-150x150.jpg","datePublished":"2022-03-14T12:29:35+00:00","dateModified":"2022-04-29T19:38:39+00:00","breadcrumb":{"@id":"https:\/\/wp.kristdemokraterna.se\/haabo\/kontakta-oss\/var-styrelse\/#breadcrumb"},"inLanguage":"sv-SE","potentialAction":[{"@type":"ReadAction","target":["https:\/\/wp.kristdemokraterna.se\/haabo\/kontakta-oss\/var-styrelse\/"]}]},{"@type":"ImageObject","inLanguage":"sv-SE","@id":"https:\/\/wp.kristdemokraterna.se\/haabo\/kontakta-oss\/var-styrelse\/#primaryimage","url":"http:\/\/wp.kristdemokraterna.se\/haabo\/files\/2018\/07\/dsc_0845-e1648300070425-150x150.jpg","contentUrl":"http:\/\/wp.kristdemokraterna.se\/haabo\/files\/2018\/07\/dsc_0845-e1648300070425-150x150.jpg"},{"@type":"BreadcrumbList","@id":"https:\/\/wp.kristdemokraterna.se\/haabo\/kontakta-oss\/var-styrelse\/#breadcrumb","itemListElement":[{"@type":"ListItem","position":1,"name":"Hem","item":"https:\/\/wp.kristdemokraterna.se\/haabo\/"},{"@type":"ListItem","position":2,"name":"Kontakta oss","item":"https:\/\/wp.kristdemokraterna.se\/haabo\/kontakta-oss\/"},{"@type":"ListItem","position":3,"name":"V\u00e5r styrelse"}]},{"@type":"WebSite","@id":"https:\/\/wp.kristdemokraterna.se\/haabo\/#website","url":"https:\/\/wp.kristdemokraterna.se\/haabo\/","name":"H\u00e5bo","description":"En till Kristdemokraterna webbplats","inLanguage":"sv-SE"}]}},"_links":{"self":[{"href":"https:\/\/wp.kristdemokraterna.se\/haabo\/wp-json\/wp\/v2\/pages\/206","targetHints":{"allow":["GET"]}}],"collection":[{"href":"https:\/\/wp.kristdemokraterna.se\/haabo\/wp-json\/wp\/v2\/pages"}],"about":[{"href":"https:\/\/wp.kristdemokraterna.se\/haabo\/wp-json\/wp\/v2\/types\/page"}],"author":[{"embeddable":true,"href":"https:\/\/wp.kristdemokraterna.se\/haabo\/wp-json\/wp\/v2\/users\/568"}],"replies":[{"embeddable":true,"href":"https:\/\/wp.kristdemokraterna.se\/haabo\/wp-json\/wp\/v2\/comments?post=206"}],"version-history":[{"count":6,"href":"https:\/\/wp.kristdemokraterna.se\/haabo\/wp-json\/wp\/v2\/pages\/206\/revisions"}],"predecessor-version":[{"id":279,"href":"https:\/\/wp.kristdemokraterna.se\/haabo\/wp-json\/wp\/v2\/pages\/206\/revisions\/279"}],"up":[{"embeddable":true,"href":"https:\/\/wp.kristdemokraterna.se\/haabo\/wp-json\/wp\/v2\/pages\/8"}],"wp:attachment":[{"href":"https:\/\/wp.kristdemokraterna.se\/haabo\/wp-json\/wp\/v2\/media?parent=206"}],"curies":[{"name":"wp","href":"https:\/\/api.w.org\/{rel}","templated":true}]}}