{"id":263,"date":"2022-04-11T22:28:46","date_gmt":"2022-04-11T20:28:46","guid":{"rendered":"https:\/\/wp.kristdemokraterna.se\/haabo\/?page_id=263"},"modified":"2022-04-11T22:59:24","modified_gmt":"2022-04-11T20:59:24","slug":"vara-viktigaste-fragor","status":"publish","type":"page","link":"https:\/\/wp.kristdemokraterna.se\/haabo\/vara-viktigaste-fragor\/","title":{"rendered":"V\u00e5ra viktigaste fr\u00e5gor"},"content":{"rendered":"<h1><img loading=\"lazy\" decoding=\"async\" class=\"alignnone wp-image-265 size-full\" src=\"http:\/\/wp.kristdemokraterna.se\/haabo\/files\/2022\/04\/familjebild-2-scaled.jpg\" alt=\"\" width=\"2560\" height=\"1707\" srcset=\"https:\/\/wp.kristdemokraterna.se\/haabo\/files\/2022\/04\/familjebild-2-scaled.jpg 2560w, https:\/\/wp.kristdemokraterna.se\/haabo\/files\/2022\/04\/familjebild-2-300x200.jpg 300w, https:\/\/wp.kristdemokraterna.se\/haabo\/files\/2022\/04\/familjebild-2-540x360.jpg 540w, https:\/\/wp.kristdemokraterna.se\/haabo\/files\/2022\/04\/familjebild-2-768x512.jpg 768w, https:\/\/wp.kristdemokraterna.se\/haabo\/files\/2022\/04\/familjebild-2-1536x1024.jpg 1536w, https:\/\/wp.kristdemokraterna.se\/haabo\/files\/2022\/04\/familjebild-2-2048x1365.jpg 2048w, https:\/\/wp.kristdemokraterna.se\/haabo\/files\/2022\/04\/familjebild-2-370x247.jpg 370w, https:\/\/wp.kristdemokraterna.se\/haabo\/files\/2022\/04\/familjebild-2-770x513.jpg 770w, https:\/\/wp.kristdemokraterna.se\/haabo\/files\/2022\/04\/familjebild-2-450x300.jpg 450w, https:\/\/wp.kristdemokraterna.se\/haabo\/files\/2022\/04\/familjebild-2-280x187.jpg 280w, https:\/\/wp.kristdemokraterna.se\/haabo\/files\/2022\/04\/familjebild-2-340x227.jpg 340w, https:\/\/wp.kristdemokraterna.se\/haabo\/files\/2022\/04\/familjebild-2-200x133.jpg 200w, https:\/\/wp.kristdemokraterna.se\/haabo\/files\/2022\/04\/familjebild-2-84x56.jpg 84w\" sizes=\"auto, (max-width: 2560px) 100vw, 2560px\" \/><\/h1>\n<h1><span style=\"text-decoration: underline\">V\u00e5ra viktigaste fr\u00e5gor<\/span><\/h1>\n<p>H\u00e4r nedanf\u00f6r kan ni l\u00e4sa en kort sammanfattning av v\u00e5ra viktigaste fr\u00e5gor<\/p>\n<h2>Samh\u00e4llsutveckling och ekonomi<\/h2>\n<p>H\u00e5bo kommun ligger i en del av Sverige med goda framtidsutsikter. Vi beh\u00f6ver v\u00e4xa i lagom takt f\u00f6r att ha r\u00e5d med den service som vi tror beh\u00f6vs av idrottshallar, simhall m m. Vi vill att utbyggnaden av VA, el, skolor med mera skall g\u00e5 hand i hand. V\u00e5r ekonomi skall vara sund och i balans. Vi vill att en utveckling av hela kommunen skall ske. Den centrumn\u00e4ra bebyggelsen med lite h\u00f6gre hus.<\/p>\n<hr \/>\n<h2>Barn, unga, skola kultur<\/h2>\n<p>H\u00e5bo kommun skall ha bra skolor d\u00e4r eleverna f\u00e5r gymnasiebeh\u00f6righet. Man skall kunna v\u00e4lja skola och barnomsorg. Skolan skall arbeta aktivt med etikfr\u00e5gor i samarbete med f\u00f6r\u00e4ldrar. Barn med behov skall st\u00f6ttas. Kommunen skall ha ett bra och varierat kulturutbud f\u00f6r en meningsfull fritid. Vi anser att personalens arbetsb\u00f6rda skall vara rimlig.<\/p>\n<hr \/>\n<h2>Ett h\u00e5llbart H\u00e5bo<\/h2>\n<p>H\u00e5bo kommun skall vara en kommun d\u00e4r kretsloppst\u00e4nkandet och v\u00e4rnandet om milj\u00f6n blir till ett hopp f\u00f6r unga generationer. Bevarandet av gr\u00f6na str\u00e5k, M\u00e4larens fina str\u00e4nder \u00e4r viktiga. H\u00e4r v\u00e4rnas om den biologiska m\u00e5ngfalden och m\u00f6jligheten f\u00f6r utevistelse i en fin milj\u00f6 f\u00f6r alla medborgare. En fossilfri bilpark och m\u00f6jlighet att ladda bilen. Solceller p\u00e5 alla kommunala byggnader.<\/p>\n<hr \/>\n<h2><strong>Trygg \u00e5lderdom<\/strong><\/h2>\n<p>\u00c4ldre skall behandlas med respekt och deras erfarenhet skall tas tillvara. \u00c4ldre skall ha l\u00e4tt att komma i kontakt med v\u00e5rd och r\u00e5dgivning. N\u00e4r man blir \u00f6ver 85 skall alla ha r\u00e4tt att kunna flytta till ett trygghetsboende med m\u00f6jlighet till social gemenskap och service. Genom att erbjuda h\u00e4lsofr\u00e4mjande insatser till \u00e4ldre kan vi bidra till ett l\u00e4ngre, sj\u00e4lvst\u00e4ndigt liv med god livskvalitet. \u00c4ven socialt n\u00e4tverk och aktiviteter.\u00a0 Ett s\u00e4tt att motverka otrygghet hos den \u00e4ldre i f\u00f6rh\u00e5llande till det egna \u00e5ldrandet \u00e4r att erbjuda \u00e4ldre ett samtal om livssituationen och det som kommunen och det civila samh\u00e4llet kan erbjuda i form av sociala aktiviteter. Ett av v\u00e5ra prioritetsomr\u00e5den att minska den ofrivilliga ensamheten, inte minst nu efter covid-19-pandemin d\u00e5 m\u00e5nga suttit isolerade och ensamma under l\u00e5ng tid. Vi beh\u00f6ver ta tillvara den kraft som finns i civilsamh\u00e4llet och d\u00e4rf\u00f6r vill vi ge aktivt st\u00f6d till f\u00f6reningar och organisationer f\u00f6r arbete och verksamhet som syftar till att bryta \u00e4ldres ensamhet och isolering.<\/p>\n","protected":false},"excerpt":{"rendered":"<p>V\u00e5ra viktigaste fr\u00e5gor H\u00e4r nedanf\u00f6r kan ni l\u00e4sa en kort sammanfattning av v\u00e5ra viktigaste fr\u00e5gor Samh\u00e4llsutveckling och ekonomi H\u00e5bo kommun ligger i en del av Sverige med goda framtidsutsikter. Vi beh\u00f6ver v\u00e4xa i lagom takt f\u00f6r att ha r\u00e5d med den service som vi tror beh\u00f6vs av idrottshallar, simhall m m. Vi vill att utbyggnaden <a class=\"read-more-link\" href=\"https:\/\/wp.kristdemokraterna.se\/haabo\/vara-viktigaste-fragor\/\">Read More<\/a><\/p>\n","protected":false},"author":568,"featured_media":0,"parent":0,"menu_order":0,"comment_status":"closed","ping_status":"closed","template":"","meta":{"_acf_changed":false,"footnotes":""},"class_list":["post-263","page","type-page","status-publish","hentry"],"acf":[],"yoast_head":"<!-- This site is optimized with the Yoast SEO plugin v27.4 - https:\/\/yoast.com\/product\/yoast-seo-wordpress\/ -->\n<title>V\u00e5ra viktigaste fr\u00e5gor - H\u00e5bo<\/title>\n<meta name=\"robots\" content=\"index, follow, max-snippet:-1, max-image-preview:large, max-video-preview:-1\" \/>\n<link rel=\"canonical\" href=\"https:\/\/wp.kristdemokraterna.se\/haabo\/vara-viktigaste-fragor\/\" \/>\n<meta property=\"og:locale\" content=\"sv_SE\" \/>\n<meta property=\"og:type\" content=\"article\" \/>\n<meta property=\"og:title\" content=\"V\u00e5ra viktigaste fr\u00e5gor - H\u00e5bo\" \/>\n<meta property=\"og:description\" content=\"V\u00e5ra viktigaste fr\u00e5gor H\u00e4r nedanf\u00f6r kan ni l\u00e4sa en kort sammanfattning av v\u00e5ra viktigaste fr\u00e5gor Samh\u00e4llsutveckling och ekonomi H\u00e5bo kommun ligger i en del av Sverige med goda framtidsutsikter. Vi beh\u00f6ver v\u00e4xa i lagom takt f\u00f6r att ha r\u00e5d med den service som vi tror beh\u00f6vs av idrottshallar, simhall m m. Vi vill att utbyggnaden Read More\" \/>\n<meta property=\"og:url\" content=\"https:\/\/wp.kristdemokraterna.se\/haabo\/vara-viktigaste-fragor\/\" \/>\n<meta property=\"og:site_name\" content=\"H\u00e5bo\" \/>\n<meta property=\"article:modified_time\" content=\"2022-04-11T20:59:24+00:00\" \/>\n<meta property=\"og:image\" content=\"http:\/\/wp.kristdemokraterna.se\/haabo\/files\/2022\/04\/familjebild-2-scaled.jpg\" \/>\n<meta name=\"twitter:card\" content=\"summary_large_image\" \/>\n<meta name=\"twitter:label1\" content=\"Ber\u00e4knad l\u00e4stid\" \/>\n\t<meta name=\"twitter:data1\" content=\"3 minuter\" \/>\n<script type=\"application\/ld+json\" class=\"yoast-schema-graph\">{\"@context\":\"https:\\\/\\\/schema.org\",\"@graph\":[{\"@type\":\"WebPage\",\"@id\":\"https:\\\/\\\/wp.kristdemokraterna.se\\\/haabo\\\/vara-viktigaste-fragor\\\/\",\"url\":\"https:\\\/\\\/wp.kristdemokraterna.se\\\/haabo\\\/vara-viktigaste-fragor\\\/\",\"name\":\"V\u00e5ra viktigaste fr\u00e5gor - H\u00e5bo\",\"isPartOf\":{\"@id\":\"https:\\\/\\\/wp.kristdemokraterna.se\\\/haabo\\\/#website\"},\"primaryImageOfPage\":{\"@id\":\"https:\\\/\\\/wp.kristdemokraterna.se\\\/haabo\\\/vara-viktigaste-fragor\\\/#primaryimage\"},\"image\":{\"@id\":\"https:\\\/\\\/wp.kristdemokraterna.se\\\/haabo\\\/vara-viktigaste-fragor\\\/#primaryimage\"},\"thumbnailUrl\":\"http:\\\/\\\/wp.kristdemokraterna.se\\\/haabo\\\/files\\\/2022\\\/04\\\/familjebild-2-scaled.jpg\",\"datePublished\":\"2022-04-11T20:28:46+00:00\",\"dateModified\":\"2022-04-11T20:59:24+00:00\",\"breadcrumb\":{\"@id\":\"https:\\\/\\\/wp.kristdemokraterna.se\\\/haabo\\\/vara-viktigaste-fragor\\\/#breadcrumb\"},\"inLanguage\":\"sv-SE\",\"potentialAction\":[{\"@type\":\"ReadAction\",\"target\":[\"https:\\\/\\\/wp.kristdemokraterna.se\\\/haabo\\\/vara-viktigaste-fragor\\\/\"]}]},{\"@type\":\"ImageObject\",\"inLanguage\":\"sv-SE\",\"@id\":\"https:\\\/\\\/wp.kristdemokraterna.se\\\/haabo\\\/vara-viktigaste-fragor\\\/#primaryimage\",\"url\":\"http:\\\/\\\/wp.kristdemokraterna.se\\\/haabo\\\/files\\\/2022\\\/04\\\/familjebild-2-scaled.jpg\",\"contentUrl\":\"http:\\\/\\\/wp.kristdemokraterna.se\\\/haabo\\\/files\\\/2022\\\/04\\\/familjebild-2-scaled.jpg\"},{\"@type\":\"BreadcrumbList\",\"@id\":\"https:\\\/\\\/wp.kristdemokraterna.se\\\/haabo\\\/vara-viktigaste-fragor\\\/#breadcrumb\",\"itemListElement\":[{\"@type\":\"ListItem\",\"position\":1,\"name\":\"Hem\",\"item\":\"https:\\\/\\\/wp.kristdemokraterna.se\\\/haabo\\\/\"},{\"@type\":\"ListItem\",\"position\":2,\"name\":\"V\u00e5ra viktigaste fr\u00e5gor\"}]},{\"@type\":\"WebSite\",\"@id\":\"https:\\\/\\\/wp.kristdemokraterna.se\\\/haabo\\\/#website\",\"url\":\"https:\\\/\\\/wp.kristdemokraterna.se\\\/haabo\\\/\",\"name\":\"H\u00e5bo\",\"description\":\"En till Kristdemokraterna webbplats\",\"inLanguage\":\"sv-SE\"}]}<\/script>\n<!-- \/ Yoast SEO plugin. -->","yoast_head_json":{"title":"V\u00e5ra viktigaste fr\u00e5gor - H\u00e5bo","robots":{"index":"index","follow":"follow","max-snippet":"max-snippet:-1","max-image-preview":"max-image-preview:large","max-video-preview":"max-video-preview:-1"},"canonical":"https:\/\/wp.kristdemokraterna.se\/haabo\/vara-viktigaste-fragor\/","og_locale":"sv_SE","og_type":"article","og_title":"V\u00e5ra viktigaste fr\u00e5gor - H\u00e5bo","og_description":"V\u00e5ra viktigaste fr\u00e5gor H\u00e4r nedanf\u00f6r kan ni l\u00e4sa en kort sammanfattning av v\u00e5ra viktigaste fr\u00e5gor Samh\u00e4llsutveckling och ekonomi H\u00e5bo kommun ligger i en del av Sverige med goda framtidsutsikter. Vi beh\u00f6ver v\u00e4xa i lagom takt f\u00f6r att ha r\u00e5d med den service som vi tror beh\u00f6vs av idrottshallar, simhall m m. Vi vill att utbyggnaden Read More","og_url":"https:\/\/wp.kristdemokraterna.se\/haabo\/vara-viktigaste-fragor\/","og_site_name":"H\u00e5bo","article_modified_time":"2022-04-11T20:59:24+00:00","og_image":[{"url":"http:\/\/wp.kristdemokraterna.se\/haabo\/files\/2022\/04\/familjebild-2-scaled.jpg","type":"","width":"","height":""}],"twitter_card":"summary_large_image","twitter_misc":{"Ber\u00e4knad l\u00e4stid":"3 minuter"},"schema":{"@context":"https:\/\/schema.org","@graph":[{"@type":"WebPage","@id":"https:\/\/wp.kristdemokraterna.se\/haabo\/vara-viktigaste-fragor\/","url":"https:\/\/wp.kristdemokraterna.se\/haabo\/vara-viktigaste-fragor\/","name":"V\u00e5ra viktigaste fr\u00e5gor - H\u00e5bo","isPartOf":{"@id":"https:\/\/wp.kristdemokraterna.se\/haabo\/#website"},"primaryImageOfPage":{"@id":"https:\/\/wp.kristdemokraterna.se\/haabo\/vara-viktigaste-fragor\/#primaryimage"},"image":{"@id":"https:\/\/wp.kristdemokraterna.se\/haabo\/vara-viktigaste-fragor\/#primaryimage"},"thumbnailUrl":"http:\/\/wp.kristdemokraterna.se\/haabo\/files\/2022\/04\/familjebild-2-scaled.jpg","datePublished":"2022-04-11T20:28:46+00:00","dateModified":"2022-04-11T20:59:24+00:00","breadcrumb":{"@id":"https:\/\/wp.kristdemokraterna.se\/haabo\/vara-viktigaste-fragor\/#breadcrumb"},"inLanguage":"sv-SE","potentialAction":[{"@type":"ReadAction","target":["https:\/\/wp.kristdemokraterna.se\/haabo\/vara-viktigaste-fragor\/"]}]},{"@type":"ImageObject","inLanguage":"sv-SE","@id":"https:\/\/wp.kristdemokraterna.se\/haabo\/vara-viktigaste-fragor\/#primaryimage","url":"http:\/\/wp.kristdemokraterna.se\/haabo\/files\/2022\/04\/familjebild-2-scaled.jpg","contentUrl":"http:\/\/wp.kristdemokraterna.se\/haabo\/files\/2022\/04\/familjebild-2-scaled.jpg"},{"@type":"BreadcrumbList","@id":"https:\/\/wp.kristdemokraterna.se\/haabo\/vara-viktigaste-fragor\/#breadcrumb","itemListElement":[{"@type":"ListItem","position":1,"name":"Hem","item":"https:\/\/wp.kristdemokraterna.se\/haabo\/"},{"@type":"ListItem","position":2,"name":"V\u00e5ra viktigaste fr\u00e5gor"}]},{"@type":"WebSite","@id":"https:\/\/wp.kristdemokraterna.se\/haabo\/#website","url":"https:\/\/wp.kristdemokraterna.se\/haabo\/","name":"H\u00e5bo","description":"En till Kristdemokraterna webbplats","inLanguage":"sv-SE"}]}},"_links":{"self":[{"href":"https:\/\/wp.kristdemokraterna.se\/haabo\/wp-json\/wp\/v2\/pages\/263","targetHints":{"allow":["GET"]}}],"collection":[{"href":"https:\/\/wp.kristdemokraterna.se\/haabo\/wp-json\/wp\/v2\/pages"}],"about":[{"href":"https:\/\/wp.kristdemokraterna.se\/haabo\/wp-json\/wp\/v2\/types\/page"}],"author":[{"embeddable":true,"href":"https:\/\/wp.kristdemokraterna.se\/haabo\/wp-json\/wp\/v2\/users\/568"}],"replies":[{"embeddable":true,"href":"https:\/\/wp.kristdemokraterna.se\/haabo\/wp-json\/wp\/v2\/comments?post=263"}],"version-history":[{"count":2,"href":"https:\/\/wp.kristdemokraterna.se\/haabo\/wp-json\/wp\/v2\/pages\/263\/revisions"}],"predecessor-version":[{"id":267,"href":"https:\/\/wp.kristdemokraterna.se\/haabo\/wp-json\/wp\/v2\/pages\/263\/revisions\/267"}],"wp:attachment":[{"href":"https:\/\/wp.kristdemokraterna.se\/haabo\/wp-json\/wp\/v2\/media?parent=263"}],"curies":[{"name":"wp","href":"https:\/\/api.w.org\/{rel}","templated":true}]}}