{"id":270,"date":"2022-04-24T14:16:25","date_gmt":"2022-04-24T12:16:25","guid":{"rendered":"https:\/\/wp.kristdemokraterna.se\/haabo\/?page_id=270"},"modified":"2022-04-29T21:43:31","modified_gmt":"2022-04-29T19:43:31","slug":"fred-rydberg","status":"publish","type":"page","link":"https:\/\/wp.kristdemokraterna.se\/haabo\/kontakta-oss\/var-styrelse\/fred-rydberg\/","title":{"rendered":"Fred Rydberg"},"content":{"rendered":"<p style=\"text-align: center\"><img loading=\"lazy\" decoding=\"async\" class=\"aligncenter wp-image-271 size-large\" src=\"http:\/\/wp.kristdemokraterna.se\/haabo\/files\/2022\/04\/20220402_095546-scaled-e1651259421799-460x540.jpg\" alt=\"\" width=\"460\" height=\"540\" srcset=\"https:\/\/wp.kristdemokraterna.se\/haabo\/files\/2022\/04\/20220402_095546-scaled-e1651259421799-460x540.jpg 460w, https:\/\/wp.kristdemokraterna.se\/haabo\/files\/2022\/04\/20220402_095546-scaled-e1651259421799-256x300.jpg 256w, https:\/\/wp.kristdemokraterna.se\/haabo\/files\/2022\/04\/20220402_095546-scaled-e1651259421799-768x901.jpg 768w, https:\/\/wp.kristdemokraterna.se\/haabo\/files\/2022\/04\/20220402_095546-scaled-e1651259421799-170x200.jpg 170w, https:\/\/wp.kristdemokraterna.se\/haabo\/files\/2022\/04\/20220402_095546-scaled-e1651259421799-370x434.jpg 370w, https:\/\/wp.kristdemokraterna.se\/haabo\/files\/2022\/04\/20220402_095546-scaled-e1651259421799-770x904.jpg 770w, https:\/\/wp.kristdemokraterna.se\/haabo\/files\/2022\/04\/20220402_095546-scaled-e1651259421799-450x528.jpg 450w, https:\/\/wp.kristdemokraterna.se\/haabo\/files\/2022\/04\/20220402_095546-scaled-e1651259421799-280x329.jpg 280w, https:\/\/wp.kristdemokraterna.se\/haabo\/files\/2022\/04\/20220402_095546-scaled-e1651259421799-340x399.jpg 340w, https:\/\/wp.kristdemokraterna.se\/haabo\/files\/2022\/04\/20220402_095546-scaled-e1651259421799-48x56.jpg 48w, https:\/\/wp.kristdemokraterna.se\/haabo\/files\/2022\/04\/20220402_095546-scaled-e1651259421799.jpg 887w\" sizes=\"auto, (max-width: 460px) 100vw, 460px\" \/><\/p>\n<p>&nbsp;<\/p>\n<p style=\"font-weight: 400;text-align: left\">Mitt namn \u00e4r Fred Rydberg jag har varit aktiv i politiken sedan 2005.<\/p>\n<p style=\"font-weight: 400;text-align: left\">Jag sitter i Kommunfullm\u00e4ktige och i Kommunstyrelsen. Jag \u00e4r ocks\u00e5 gruppledare i Kristdemokraterna h\u00e4r i H\u00e5bo. Sedan har jag n\u00e5gra mindre uppdrag som kommunens representant i Sveriges Ekokommuner samt i \u00d6stra Sveriges luftv\u00e5rdsf\u00f6rbund.<\/p>\n<p style=\"font-weight: 400;text-align: left\">Jag har alltid varit intresserad av politik men mitt engagemang startade genom att jag tycker att familjerna m\u00e5ste f\u00e5 best\u00e4mma mer \u00f6ver sina egna barn. N\u00e4r samh\u00e4llet vill styra barnen redan fr\u00e5n 1 \u00e5rs \u00e5lder \u00e4r det inte en utveckling som jag vill se. N\u00e4r man beh\u00f6ver hj\u00e4lp med barnomsorgen skall det finnas flera alternativ att v\u00e4lja mellan liksom n\u00e4r det g\u00e4ller skolan.<\/p>\n<p style=\"font-weight: 400;text-align: left\">Min hj\u00e4rtefr\u00e5ga har annars varit milj\u00f6n. Vi har en jord att f\u00f6rvalta till kommande generationer. Vi m\u00e5ste se till att den blir s\u00e5 giftfri som m\u00f6jligt och att ett kretsloppst\u00e4nkande pr\u00e4glar allt vi g\u00f6r. Vi kan inte f\u00f6rbruka mer \u00e4n vad jorden kan producera. Klimatet, biologisk m\u00e5ngfald \u00e4r viktiga fr\u00e5gor som engagerar mig.<\/p>\n<p style=\"font-weight: 400;text-align: left\">Jag har arbetat som l\u00e4rare sedan 1978 och har avslutat min karri\u00e4r 2021. Jag \u00e4r ocks\u00e5 ordf\u00f6rande i en kristen f\u00f6rsamling. Min tid g\u00e5r nu \u00e5t till ideellt arbete i politiken och kyrkan med mera.<\/p>\n<p style=\"text-align: left\">\n","protected":false},"excerpt":{"rendered":"<p>&nbsp; Mitt namn \u00e4r Fred Rydberg jag har varit aktiv i politiken sedan 2005. Jag sitter i Kommunfullm\u00e4ktige och i Kommunstyrelsen. Jag \u00e4r ocks\u00e5 gruppledare i Kristdemokraterna h\u00e4r i H\u00e5bo. Sedan har jag n\u00e5gra mindre uppdrag som kommunens representant i Sveriges Ekokommuner samt i \u00d6stra Sveriges luftv\u00e5rdsf\u00f6rbund. Jag har alltid varit intresserad av politik men <a class=\"read-more-link\" href=\"https:\/\/wp.kristdemokraterna.se\/haabo\/kontakta-oss\/var-styrelse\/fred-rydberg\/\">Read More<\/a><\/p>\n","protected":false},"author":568,"featured_media":0,"parent":206,"menu_order":0,"comment_status":"closed","ping_status":"closed","template":"","meta":{"_acf_changed":false,"footnotes":""},"class_list":["post-270","page","type-page","status-publish","hentry"],"acf":[],"yoast_head":"<!-- This site is optimized with the Yoast SEO plugin v27.4 - https:\/\/yoast.com\/product\/yoast-seo-wordpress\/ -->\n<title>Fred Rydberg - H\u00e5bo<\/title>\n<meta name=\"robots\" content=\"index, follow, max-snippet:-1, max-image-preview:large, max-video-preview:-1\" \/>\n<link rel=\"canonical\" href=\"https:\/\/wp.kristdemokraterna.se\/haabo\/kontakta-oss\/var-styrelse\/fred-rydberg\/\" \/>\n<meta property=\"og:locale\" content=\"sv_SE\" \/>\n<meta property=\"og:type\" content=\"article\" \/>\n<meta property=\"og:title\" content=\"Fred Rydberg - H\u00e5bo\" \/>\n<meta property=\"og:description\" content=\"&nbsp; Mitt namn \u00e4r Fred Rydberg jag har varit aktiv i politiken sedan 2005. Jag sitter i Kommunfullm\u00e4ktige och i Kommunstyrelsen. Jag \u00e4r ocks\u00e5 gruppledare i Kristdemokraterna h\u00e4r i H\u00e5bo. Sedan har jag n\u00e5gra mindre uppdrag som kommunens representant i Sveriges Ekokommuner samt i \u00d6stra Sveriges luftv\u00e5rdsf\u00f6rbund. Jag har alltid varit intresserad av politik men Read More\" \/>\n<meta property=\"og:url\" content=\"https:\/\/wp.kristdemokraterna.se\/haabo\/kontakta-oss\/var-styrelse\/fred-rydberg\/\" \/>\n<meta property=\"og:site_name\" content=\"H\u00e5bo\" \/>\n<meta property=\"article:modified_time\" content=\"2022-04-29T19:43:31+00:00\" \/>\n<meta property=\"og:image\" content=\"http:\/\/wp.kristdemokraterna.se\/haabo\/files\/2022\/04\/20220402_095546-scaled-e1651259421799-460x540.jpg\" \/>\n<meta name=\"twitter:card\" content=\"summary_large_image\" \/>\n<meta name=\"twitter:label1\" content=\"Ber\u00e4knad l\u00e4stid\" \/>\n\t<meta name=\"twitter:data1\" content=\"2 minuter\" \/>\n<script type=\"application\/ld+json\" class=\"yoast-schema-graph\">{\"@context\":\"https:\\\/\\\/schema.org\",\"@graph\":[{\"@type\":\"WebPage\",\"@id\":\"https:\\\/\\\/wp.kristdemokraterna.se\\\/haabo\\\/kontakta-oss\\\/var-styrelse\\\/fred-rydberg\\\/\",\"url\":\"https:\\\/\\\/wp.kristdemokraterna.se\\\/haabo\\\/kontakta-oss\\\/var-styrelse\\\/fred-rydberg\\\/\",\"name\":\"Fred Rydberg - H\u00e5bo\",\"isPartOf\":{\"@id\":\"https:\\\/\\\/wp.kristdemokraterna.se\\\/haabo\\\/#website\"},\"primaryImageOfPage\":{\"@id\":\"https:\\\/\\\/wp.kristdemokraterna.se\\\/haabo\\\/kontakta-oss\\\/var-styrelse\\\/fred-rydberg\\\/#primaryimage\"},\"image\":{\"@id\":\"https:\\\/\\\/wp.kristdemokraterna.se\\\/haabo\\\/kontakta-oss\\\/var-styrelse\\\/fred-rydberg\\\/#primaryimage\"},\"thumbnailUrl\":\"http:\\\/\\\/wp.kristdemokraterna.se\\\/haabo\\\/files\\\/2022\\\/04\\\/20220402_095546-scaled-e1651259421799-460x540.jpg\",\"datePublished\":\"2022-04-24T12:16:25+00:00\",\"dateModified\":\"2022-04-29T19:43:31+00:00\",\"breadcrumb\":{\"@id\":\"https:\\\/\\\/wp.kristdemokraterna.se\\\/haabo\\\/kontakta-oss\\\/var-styrelse\\\/fred-rydberg\\\/#breadcrumb\"},\"inLanguage\":\"sv-SE\",\"potentialAction\":[{\"@type\":\"ReadAction\",\"target\":[\"https:\\\/\\\/wp.kristdemokraterna.se\\\/haabo\\\/kontakta-oss\\\/var-styrelse\\\/fred-rydberg\\\/\"]}]},{\"@type\":\"ImageObject\",\"inLanguage\":\"sv-SE\",\"@id\":\"https:\\\/\\\/wp.kristdemokraterna.se\\\/haabo\\\/kontakta-oss\\\/var-styrelse\\\/fred-rydberg\\\/#primaryimage\",\"url\":\"http:\\\/\\\/wp.kristdemokraterna.se\\\/haabo\\\/files\\\/2022\\\/04\\\/20220402_095546-scaled-e1651259421799-460x540.jpg\",\"contentUrl\":\"http:\\\/\\\/wp.kristdemokraterna.se\\\/haabo\\\/files\\\/2022\\\/04\\\/20220402_095546-scaled-e1651259421799-460x540.jpg\"},{\"@type\":\"BreadcrumbList\",\"@id\":\"https:\\\/\\\/wp.kristdemokraterna.se\\\/haabo\\\/kontakta-oss\\\/var-styrelse\\\/fred-rydberg\\\/#breadcrumb\",\"itemListElement\":[{\"@type\":\"ListItem\",\"position\":1,\"name\":\"Hem\",\"item\":\"https:\\\/\\\/wp.kristdemokraterna.se\\\/haabo\\\/\"},{\"@type\":\"ListItem\",\"position\":2,\"name\":\"Kontakta oss\",\"item\":\"https:\\\/\\\/wp.kristdemokraterna.se\\\/haabo\\\/kontakta-oss\\\/\"},{\"@type\":\"ListItem\",\"position\":3,\"name\":\"V\u00e5r styrelse\",\"item\":\"https:\\\/\\\/wp.kristdemokraterna.se\\\/haabo\\\/kontakta-oss\\\/var-styrelse\\\/\"},{\"@type\":\"ListItem\",\"position\":4,\"name\":\"Fred Rydberg\"}]},{\"@type\":\"WebSite\",\"@id\":\"https:\\\/\\\/wp.kristdemokraterna.se\\\/haabo\\\/#website\",\"url\":\"https:\\\/\\\/wp.kristdemokraterna.se\\\/haabo\\\/\",\"name\":\"H\u00e5bo\",\"description\":\"En till Kristdemokraterna webbplats\",\"inLanguage\":\"sv-SE\"}]}<\/script>\n<!-- \/ Yoast SEO plugin. -->","yoast_head_json":{"title":"Fred Rydberg - H\u00e5bo","robots":{"index":"index","follow":"follow","max-snippet":"max-snippet:-1","max-image-preview":"max-image-preview:large","max-video-preview":"max-video-preview:-1"},"canonical":"https:\/\/wp.kristdemokraterna.se\/haabo\/kontakta-oss\/var-styrelse\/fred-rydberg\/","og_locale":"sv_SE","og_type":"article","og_title":"Fred Rydberg - H\u00e5bo","og_description":"&nbsp; Mitt namn \u00e4r Fred Rydberg jag har varit aktiv i politiken sedan 2005. Jag sitter i Kommunfullm\u00e4ktige och i Kommunstyrelsen. Jag \u00e4r ocks\u00e5 gruppledare i Kristdemokraterna h\u00e4r i H\u00e5bo. Sedan har jag n\u00e5gra mindre uppdrag som kommunens representant i Sveriges Ekokommuner samt i \u00d6stra Sveriges luftv\u00e5rdsf\u00f6rbund. Jag har alltid varit intresserad av politik men Read More","og_url":"https:\/\/wp.kristdemokraterna.se\/haabo\/kontakta-oss\/var-styrelse\/fred-rydberg\/","og_site_name":"H\u00e5bo","article_modified_time":"2022-04-29T19:43:31+00:00","og_image":[{"url":"http:\/\/wp.kristdemokraterna.se\/haabo\/files\/2022\/04\/20220402_095546-scaled-e1651259421799-460x540.jpg","type":"","width":"","height":""}],"twitter_card":"summary_large_image","twitter_misc":{"Ber\u00e4knad l\u00e4stid":"2 minuter"},"schema":{"@context":"https:\/\/schema.org","@graph":[{"@type":"WebPage","@id":"https:\/\/wp.kristdemokraterna.se\/haabo\/kontakta-oss\/var-styrelse\/fred-rydberg\/","url":"https:\/\/wp.kristdemokraterna.se\/haabo\/kontakta-oss\/var-styrelse\/fred-rydberg\/","name":"Fred Rydberg - H\u00e5bo","isPartOf":{"@id":"https:\/\/wp.kristdemokraterna.se\/haabo\/#website"},"primaryImageOfPage":{"@id":"https:\/\/wp.kristdemokraterna.se\/haabo\/kontakta-oss\/var-styrelse\/fred-rydberg\/#primaryimage"},"image":{"@id":"https:\/\/wp.kristdemokraterna.se\/haabo\/kontakta-oss\/var-styrelse\/fred-rydberg\/#primaryimage"},"thumbnailUrl":"http:\/\/wp.kristdemokraterna.se\/haabo\/files\/2022\/04\/20220402_095546-scaled-e1651259421799-460x540.jpg","datePublished":"2022-04-24T12:16:25+00:00","dateModified":"2022-04-29T19:43:31+00:00","breadcrumb":{"@id":"https:\/\/wp.kristdemokraterna.se\/haabo\/kontakta-oss\/var-styrelse\/fred-rydberg\/#breadcrumb"},"inLanguage":"sv-SE","potentialAction":[{"@type":"ReadAction","target":["https:\/\/wp.kristdemokraterna.se\/haabo\/kontakta-oss\/var-styrelse\/fred-rydberg\/"]}]},{"@type":"ImageObject","inLanguage":"sv-SE","@id":"https:\/\/wp.kristdemokraterna.se\/haabo\/kontakta-oss\/var-styrelse\/fred-rydberg\/#primaryimage","url":"http:\/\/wp.kristdemokraterna.se\/haabo\/files\/2022\/04\/20220402_095546-scaled-e1651259421799-460x540.jpg","contentUrl":"http:\/\/wp.kristdemokraterna.se\/haabo\/files\/2022\/04\/20220402_095546-scaled-e1651259421799-460x540.jpg"},{"@type":"BreadcrumbList","@id":"https:\/\/wp.kristdemokraterna.se\/haabo\/kontakta-oss\/var-styrelse\/fred-rydberg\/#breadcrumb","itemListElement":[{"@type":"ListItem","position":1,"name":"Hem","item":"https:\/\/wp.kristdemokraterna.se\/haabo\/"},{"@type":"ListItem","position":2,"name":"Kontakta oss","item":"https:\/\/wp.kristdemokraterna.se\/haabo\/kontakta-oss\/"},{"@type":"ListItem","position":3,"name":"V\u00e5r styrelse","item":"https:\/\/wp.kristdemokraterna.se\/haabo\/kontakta-oss\/var-styrelse\/"},{"@type":"ListItem","position":4,"name":"Fred Rydberg"}]},{"@type":"WebSite","@id":"https:\/\/wp.kristdemokraterna.se\/haabo\/#website","url":"https:\/\/wp.kristdemokraterna.se\/haabo\/","name":"H\u00e5bo","description":"En till Kristdemokraterna webbplats","inLanguage":"sv-SE"}]}},"_links":{"self":[{"href":"https:\/\/wp.kristdemokraterna.se\/haabo\/wp-json\/wp\/v2\/pages\/270","targetHints":{"allow":["GET"]}}],"collection":[{"href":"https:\/\/wp.kristdemokraterna.se\/haabo\/wp-json\/wp\/v2\/pages"}],"about":[{"href":"https:\/\/wp.kristdemokraterna.se\/haabo\/wp-json\/wp\/v2\/types\/page"}],"author":[{"embeddable":true,"href":"https:\/\/wp.kristdemokraterna.se\/haabo\/wp-json\/wp\/v2\/users\/568"}],"replies":[{"embeddable":true,"href":"https:\/\/wp.kristdemokraterna.se\/haabo\/wp-json\/wp\/v2\/comments?post=270"}],"version-history":[{"count":5,"href":"https:\/\/wp.kristdemokraterna.se\/haabo\/wp-json\/wp\/v2\/pages\/270\/revisions"}],"predecessor-version":[{"id":285,"href":"https:\/\/wp.kristdemokraterna.se\/haabo\/wp-json\/wp\/v2\/pages\/270\/revisions\/285"}],"up":[{"embeddable":true,"href":"https:\/\/wp.kristdemokraterna.se\/haabo\/wp-json\/wp\/v2\/pages\/206"}],"wp:attachment":[{"href":"https:\/\/wp.kristdemokraterna.se\/haabo\/wp-json\/wp\/v2\/media?parent=270"}],"curies":[{"name":"wp","href":"https:\/\/api.w.org\/{rel}","templated":true}]}}