{"id":319,"date":"2022-05-24T23:01:17","date_gmt":"2022-05-24T21:01:17","guid":{"rendered":"https:\/\/wp.kristdemokraterna.se\/haabo\/?page_id=319"},"modified":"2022-05-24T23:05:29","modified_gmt":"2022-05-24T21:05:29","slug":"tony-klaesson","status":"publish","type":"page","link":"https:\/\/wp.kristdemokraterna.se\/haabo\/kontakta-oss\/var-styrelse\/tony-klaesson\/","title":{"rendered":"Tony Klaesson"},"content":{"rendered":"<div class=\"kvgmc6g5 cxmmr5t8 oygrvhab hcukyx3x c1et5uql ii04i59q\">\n<div dir=\"auto\"><img loading=\"lazy\" decoding=\"async\" class=\"wp-image-198 size-large aligncenter\" src=\"http:\/\/wp.kristdemokraterna.se\/haabo\/files\/2022\/03\/profil-kd-sida-540x540.jpg\" alt=\"\" width=\"540\" height=\"540\" srcset=\"https:\/\/wp.kristdemokraterna.se\/haabo\/files\/2022\/03\/profil-kd-sida-540x540.jpg 540w, https:\/\/wp.kristdemokraterna.se\/haabo\/files\/2022\/03\/profil-kd-sida-300x300.jpg 300w, https:\/\/wp.kristdemokraterna.se\/haabo\/files\/2022\/03\/profil-kd-sida-150x150.jpg 150w, https:\/\/wp.kristdemokraterna.se\/haabo\/files\/2022\/03\/profil-kd-sida-768x768.jpg 768w, https:\/\/wp.kristdemokraterna.se\/haabo\/files\/2022\/03\/profil-kd-sida-200x200.jpg 200w, https:\/\/wp.kristdemokraterna.se\/haabo\/files\/2022\/03\/profil-kd-sida-370x370.jpg 370w, https:\/\/wp.kristdemokraterna.se\/haabo\/files\/2022\/03\/profil-kd-sida-90x90.jpg 90w, https:\/\/wp.kristdemokraterna.se\/haabo\/files\/2022\/03\/profil-kd-sida-770x770.jpg 770w, https:\/\/wp.kristdemokraterna.se\/haabo\/files\/2022\/03\/profil-kd-sida-450x450.jpg 450w, https:\/\/wp.kristdemokraterna.se\/haabo\/files\/2022\/03\/profil-kd-sida-280x280.jpg 280w, https:\/\/wp.kristdemokraterna.se\/haabo\/files\/2022\/03\/profil-kd-sida-340x340.jpg 340w, https:\/\/wp.kristdemokraterna.se\/haabo\/files\/2022\/03\/profil-kd-sida-56x56.jpg 56w, https:\/\/wp.kristdemokraterna.se\/haabo\/files\/2022\/03\/profil-kd-sida.jpg 1080w\" sizes=\"auto, (max-width: 540px) 100vw, 540px\" \/><\/div>\n<div dir=\"auto\"><\/div>\n<div dir=\"auto\">Mitt namn \u00e4r Tony Klaesson och jag har varit aktiv inom politiken sedan 2018.<\/div>\n<div dir=\"auto\"><\/div>\n<\/div>\n<div class=\"cxmmr5t8 oygrvhab hcukyx3x c1et5uql o9v6fnle ii04i59q\">\n<div dir=\"auto\">F\u00f6r er som kan ha missat det s\u00e5 sitter jag som ers\u00e4ttare i Kultur- och fritidsn\u00e4mnden. Under den nuvarande mandatperioden har jag varit drivande kring samverkan samt att kartl\u00e4gga underh\u00e5ll- och lokalbehoven f\u00f6r f\u00f6rvaltningens verksamhet. D\u00e4rut\u00f6ver har jag bland annat lagt initiativ till Hundbad, Handikapp-ramp, trygghetsskapande konst i form av muralm\u00e5lning i v\u00e5ra tunnlar och offentliga milj\u00f6er, som bland annat utmynnade i den stora muralm\u00e5lningen vid simhallen.Ut\u00f6ver mitt uppdrag i kommunen s\u00e5 \u00e4r jag vice ordf\u00f6rande och gruppledare f\u00f6r Kristdemokraterna H\u00e5bo. Jag sitter \u00e4ven som ledamot i distriktstyrelsen f\u00f6r KD Uppsala distrikt.<\/div>\n<\/div>\n<div class=\"cxmmr5t8 oygrvhab hcukyx3x c1et5uql o9v6fnle ii04i59q\">\n<div dir=\"auto\"><\/div>\n<\/div>\n<div class=\"cxmmr5t8 oygrvhab hcukyx3x c1et5uql o9v6fnle ii04i59q\">\n<div dir=\"auto\">Jag har alltid varit intresserad av samh\u00e4llsfr\u00e5gor och politik. Det som fick mig att engagera mig lokalt var att jag s\u00e5g hur man l\u00e4t lokaler f\u00f6rfalla. Hur utvecklingen tycktes st\u00e5 still och hur politiker h\u00e4ngde ut tj\u00e4nstem\u00e4n p\u00e5 sociala medier. S\u00e5 f\u00e5r det inte vara. Jag som \u00e4r en progressiv och l\u00f6sningsfokuserad person gick in i politiken med syfte att vara drivande f\u00f6r samverkan och utveckling f\u00f6r medborgarna och kommunens b\u00e4sta.<\/div>\n<\/div>\n<div class=\"cxmmr5t8 oygrvhab hcukyx3x c1et5uql o9v6fnle ii04i59q\">\n<div dir=\"auto\">Mina fr\u00e4msta hj\u00e4rtefr\u00e5gor \u00e4r barn, unga och funktionspolitik. I det innefattar flera delar av politiken. Alla barn ska ha r\u00e4tt till utbildning utifr\u00e5n deras f\u00f6ruts\u00e4ttningar och behov f\u00f6r att n\u00e5 s\u00e5 l\u00e5ngt de kan i sitt l\u00e4rande. Barn och unga ska \u00e4ven ges m\u00f6jlighet till en meningsfull fritid. F\u00f6reningar med deras eldsj\u00e4lar ska st\u00f6ttas och ges f\u00f6ruts\u00e4ttningar att g\u00f6ra ett s\u00e5 gott arbete som m\u00f6jligt.<\/div>\n<div dir=\"auto\"><\/div>\n<\/div>\n<div class=\"cxmmr5t8 oygrvhab hcukyx3x c1et5uql o9v6fnle ii04i59q\">\n<div dir=\"auto\">Mitt hj\u00e4rta brinner lite extra f\u00f6r NPF-personer och anh\u00f6riga. M\u00e5nga barn med NPF far illa i v\u00e5rt samh\u00e4lle p\u00e5 alla plan. S\u00e5 denna fr\u00e5ga ligger v\u00e4ldigt n\u00e4ra hj\u00e4rtat.<\/div>\n<div dir=\"auto\"><\/div>\n<\/div>\n<div class=\"cxmmr5t8 oygrvhab hcukyx3x c1et5uql o9v6fnle ii04i59q\">\n<div dir=\"auto\">Jag har arbetat som fritidsledare i skolan sedan 2018. P\u00e5 dagarna hittar ni mig p\u00e5 Grans\u00e4terskolan d\u00e4r jag under f\u00f6rmiddagen \u00e4r idrottsl\u00e4rare f\u00f6r \u00e5k 1-3 och p\u00e5 eftermiddagen ger barnen en meningsfull fritid tills v\u00e5rdnadshavare h\u00e4mtar dem. Ut\u00f6ver det s\u00e5 g\u00e5r min tid \u00e5t till ideellt arbete inom politiken och att umg\u00e5s med familjen.<\/div>\n<\/div>\n","protected":false},"excerpt":{"rendered":"<p>Mitt namn \u00e4r Tony Klaesson och jag har varit aktiv inom politiken sedan 2018. F\u00f6r er som kan ha missat det s\u00e5 sitter jag som ers\u00e4ttare i Kultur- och fritidsn\u00e4mnden. Under den nuvarande mandatperioden har jag varit drivande kring samverkan samt att kartl\u00e4gga underh\u00e5ll- och lokalbehoven f\u00f6r f\u00f6rvaltningens verksamhet. D\u00e4rut\u00f6ver har jag bland annat lagt <a class=\"read-more-link\" href=\"https:\/\/wp.kristdemokraterna.se\/haabo\/kontakta-oss\/var-styrelse\/tony-klaesson\/\">Read More<\/a><\/p>\n","protected":false},"author":568,"featured_media":0,"parent":206,"menu_order":0,"comment_status":"closed","ping_status":"closed","template":"","meta":{"_acf_changed":false,"footnotes":""},"class_list":["post-319","page","type-page","status-publish","hentry"],"acf":[],"yoast_head":"<!-- This site is optimized with the Yoast SEO plugin v27.4 - https:\/\/yoast.com\/product\/yoast-seo-wordpress\/ -->\n<title>Tony Klaesson - H\u00e5bo<\/title>\n<meta name=\"robots\" content=\"index, follow, max-snippet:-1, max-image-preview:large, max-video-preview:-1\" \/>\n<link rel=\"canonical\" href=\"https:\/\/wp.kristdemokraterna.se\/haabo\/kontakta-oss\/var-styrelse\/tony-klaesson\/\" \/>\n<meta property=\"og:locale\" content=\"sv_SE\" \/>\n<meta property=\"og:type\" content=\"article\" \/>\n<meta property=\"og:title\" content=\"Tony Klaesson - H\u00e5bo\" \/>\n<meta property=\"og:description\" content=\"Mitt namn \u00e4r Tony Klaesson och jag har varit aktiv inom politiken sedan 2018. F\u00f6r er som kan ha missat det s\u00e5 sitter jag som ers\u00e4ttare i Kultur- och fritidsn\u00e4mnden. Under den nuvarande mandatperioden har jag varit drivande kring samverkan samt att kartl\u00e4gga underh\u00e5ll- och lokalbehoven f\u00f6r f\u00f6rvaltningens verksamhet. D\u00e4rut\u00f6ver har jag bland annat lagt Read More\" \/>\n<meta property=\"og:url\" content=\"https:\/\/wp.kristdemokraterna.se\/haabo\/kontakta-oss\/var-styrelse\/tony-klaesson\/\" \/>\n<meta property=\"og:site_name\" content=\"H\u00e5bo\" \/>\n<meta property=\"article:modified_time\" content=\"2022-05-24T21:05:29+00:00\" \/>\n<meta property=\"og:image\" content=\"http:\/\/wp.kristdemokraterna.se\/haabo\/files\/2022\/03\/profil-kd-sida-540x540.jpg\" \/>\n<meta name=\"twitter:card\" content=\"summary_large_image\" \/>\n<meta name=\"twitter:label1\" content=\"Ber\u00e4knad l\u00e4stid\" \/>\n\t<meta name=\"twitter:data1\" content=\"2 minuter\" \/>\n<script type=\"application\/ld+json\" class=\"yoast-schema-graph\">{\"@context\":\"https:\\\/\\\/schema.org\",\"@graph\":[{\"@type\":\"WebPage\",\"@id\":\"https:\\\/\\\/wp.kristdemokraterna.se\\\/haabo\\\/kontakta-oss\\\/var-styrelse\\\/tony-klaesson\\\/\",\"url\":\"https:\\\/\\\/wp.kristdemokraterna.se\\\/haabo\\\/kontakta-oss\\\/var-styrelse\\\/tony-klaesson\\\/\",\"name\":\"Tony Klaesson - H\u00e5bo\",\"isPartOf\":{\"@id\":\"https:\\\/\\\/wp.kristdemokraterna.se\\\/haabo\\\/#website\"},\"primaryImageOfPage\":{\"@id\":\"https:\\\/\\\/wp.kristdemokraterna.se\\\/haabo\\\/kontakta-oss\\\/var-styrelse\\\/tony-klaesson\\\/#primaryimage\"},\"image\":{\"@id\":\"https:\\\/\\\/wp.kristdemokraterna.se\\\/haabo\\\/kontakta-oss\\\/var-styrelse\\\/tony-klaesson\\\/#primaryimage\"},\"thumbnailUrl\":\"http:\\\/\\\/wp.kristdemokraterna.se\\\/haabo\\\/files\\\/2022\\\/03\\\/profil-kd-sida-540x540.jpg\",\"datePublished\":\"2022-05-24T21:01:17+00:00\",\"dateModified\":\"2022-05-24T21:05:29+00:00\",\"breadcrumb\":{\"@id\":\"https:\\\/\\\/wp.kristdemokraterna.se\\\/haabo\\\/kontakta-oss\\\/var-styrelse\\\/tony-klaesson\\\/#breadcrumb\"},\"inLanguage\":\"sv-SE\",\"potentialAction\":[{\"@type\":\"ReadAction\",\"target\":[\"https:\\\/\\\/wp.kristdemokraterna.se\\\/haabo\\\/kontakta-oss\\\/var-styrelse\\\/tony-klaesson\\\/\"]}]},{\"@type\":\"ImageObject\",\"inLanguage\":\"sv-SE\",\"@id\":\"https:\\\/\\\/wp.kristdemokraterna.se\\\/haabo\\\/kontakta-oss\\\/var-styrelse\\\/tony-klaesson\\\/#primaryimage\",\"url\":\"http:\\\/\\\/wp.kristdemokraterna.se\\\/haabo\\\/files\\\/2022\\\/03\\\/profil-kd-sida-540x540.jpg\",\"contentUrl\":\"http:\\\/\\\/wp.kristdemokraterna.se\\\/haabo\\\/files\\\/2022\\\/03\\\/profil-kd-sida-540x540.jpg\"},{\"@type\":\"BreadcrumbList\",\"@id\":\"https:\\\/\\\/wp.kristdemokraterna.se\\\/haabo\\\/kontakta-oss\\\/var-styrelse\\\/tony-klaesson\\\/#breadcrumb\",\"itemListElement\":[{\"@type\":\"ListItem\",\"position\":1,\"name\":\"Hem\",\"item\":\"https:\\\/\\\/wp.kristdemokraterna.se\\\/haabo\\\/\"},{\"@type\":\"ListItem\",\"position\":2,\"name\":\"Kontakta oss\",\"item\":\"https:\\\/\\\/wp.kristdemokraterna.se\\\/haabo\\\/kontakta-oss\\\/\"},{\"@type\":\"ListItem\",\"position\":3,\"name\":\"V\u00e5r styrelse\",\"item\":\"https:\\\/\\\/wp.kristdemokraterna.se\\\/haabo\\\/kontakta-oss\\\/var-styrelse\\\/\"},{\"@type\":\"ListItem\",\"position\":4,\"name\":\"Tony Klaesson\"}]},{\"@type\":\"WebSite\",\"@id\":\"https:\\\/\\\/wp.kristdemokraterna.se\\\/haabo\\\/#website\",\"url\":\"https:\\\/\\\/wp.kristdemokraterna.se\\\/haabo\\\/\",\"name\":\"H\u00e5bo\",\"description\":\"En till Kristdemokraterna webbplats\",\"inLanguage\":\"sv-SE\"}]}<\/script>\n<!-- \/ Yoast SEO plugin. -->","yoast_head_json":{"title":"Tony Klaesson - H\u00e5bo","robots":{"index":"index","follow":"follow","max-snippet":"max-snippet:-1","max-image-preview":"max-image-preview:large","max-video-preview":"max-video-preview:-1"},"canonical":"https:\/\/wp.kristdemokraterna.se\/haabo\/kontakta-oss\/var-styrelse\/tony-klaesson\/","og_locale":"sv_SE","og_type":"article","og_title":"Tony Klaesson - H\u00e5bo","og_description":"Mitt namn \u00e4r Tony Klaesson och jag har varit aktiv inom politiken sedan 2018. F\u00f6r er som kan ha missat det s\u00e5 sitter jag som ers\u00e4ttare i Kultur- och fritidsn\u00e4mnden. Under den nuvarande mandatperioden har jag varit drivande kring samverkan samt att kartl\u00e4gga underh\u00e5ll- och lokalbehoven f\u00f6r f\u00f6rvaltningens verksamhet. D\u00e4rut\u00f6ver har jag bland annat lagt Read More","og_url":"https:\/\/wp.kristdemokraterna.se\/haabo\/kontakta-oss\/var-styrelse\/tony-klaesson\/","og_site_name":"H\u00e5bo","article_modified_time":"2022-05-24T21:05:29+00:00","og_image":[{"url":"http:\/\/wp.kristdemokraterna.se\/haabo\/files\/2022\/03\/profil-kd-sida-540x540.jpg","type":"","width":"","height":""}],"twitter_card":"summary_large_image","twitter_misc":{"Ber\u00e4knad l\u00e4stid":"2 minuter"},"schema":{"@context":"https:\/\/schema.org","@graph":[{"@type":"WebPage","@id":"https:\/\/wp.kristdemokraterna.se\/haabo\/kontakta-oss\/var-styrelse\/tony-klaesson\/","url":"https:\/\/wp.kristdemokraterna.se\/haabo\/kontakta-oss\/var-styrelse\/tony-klaesson\/","name":"Tony Klaesson - H\u00e5bo","isPartOf":{"@id":"https:\/\/wp.kristdemokraterna.se\/haabo\/#website"},"primaryImageOfPage":{"@id":"https:\/\/wp.kristdemokraterna.se\/haabo\/kontakta-oss\/var-styrelse\/tony-klaesson\/#primaryimage"},"image":{"@id":"https:\/\/wp.kristdemokraterna.se\/haabo\/kontakta-oss\/var-styrelse\/tony-klaesson\/#primaryimage"},"thumbnailUrl":"http:\/\/wp.kristdemokraterna.se\/haabo\/files\/2022\/03\/profil-kd-sida-540x540.jpg","datePublished":"2022-05-24T21:01:17+00:00","dateModified":"2022-05-24T21:05:29+00:00","breadcrumb":{"@id":"https:\/\/wp.kristdemokraterna.se\/haabo\/kontakta-oss\/var-styrelse\/tony-klaesson\/#breadcrumb"},"inLanguage":"sv-SE","potentialAction":[{"@type":"ReadAction","target":["https:\/\/wp.kristdemokraterna.se\/haabo\/kontakta-oss\/var-styrelse\/tony-klaesson\/"]}]},{"@type":"ImageObject","inLanguage":"sv-SE","@id":"https:\/\/wp.kristdemokraterna.se\/haabo\/kontakta-oss\/var-styrelse\/tony-klaesson\/#primaryimage","url":"http:\/\/wp.kristdemokraterna.se\/haabo\/files\/2022\/03\/profil-kd-sida-540x540.jpg","contentUrl":"http:\/\/wp.kristdemokraterna.se\/haabo\/files\/2022\/03\/profil-kd-sida-540x540.jpg"},{"@type":"BreadcrumbList","@id":"https:\/\/wp.kristdemokraterna.se\/haabo\/kontakta-oss\/var-styrelse\/tony-klaesson\/#breadcrumb","itemListElement":[{"@type":"ListItem","position":1,"name":"Hem","item":"https:\/\/wp.kristdemokraterna.se\/haabo\/"},{"@type":"ListItem","position":2,"name":"Kontakta oss","item":"https:\/\/wp.kristdemokraterna.se\/haabo\/kontakta-oss\/"},{"@type":"ListItem","position":3,"name":"V\u00e5r styrelse","item":"https:\/\/wp.kristdemokraterna.se\/haabo\/kontakta-oss\/var-styrelse\/"},{"@type":"ListItem","position":4,"name":"Tony Klaesson"}]},{"@type":"WebSite","@id":"https:\/\/wp.kristdemokraterna.se\/haabo\/#website","url":"https:\/\/wp.kristdemokraterna.se\/haabo\/","name":"H\u00e5bo","description":"En till Kristdemokraterna webbplats","inLanguage":"sv-SE"}]}},"_links":{"self":[{"href":"https:\/\/wp.kristdemokraterna.se\/haabo\/wp-json\/wp\/v2\/pages\/319","targetHints":{"allow":["GET"]}}],"collection":[{"href":"https:\/\/wp.kristdemokraterna.se\/haabo\/wp-json\/wp\/v2\/pages"}],"about":[{"href":"https:\/\/wp.kristdemokraterna.se\/haabo\/wp-json\/wp\/v2\/types\/page"}],"author":[{"embeddable":true,"href":"https:\/\/wp.kristdemokraterna.se\/haabo\/wp-json\/wp\/v2\/users\/568"}],"replies":[{"embeddable":true,"href":"https:\/\/wp.kristdemokraterna.se\/haabo\/wp-json\/wp\/v2\/comments?post=319"}],"version-history":[{"count":1,"href":"https:\/\/wp.kristdemokraterna.se\/haabo\/wp-json\/wp\/v2\/pages\/319\/revisions"}],"predecessor-version":[{"id":321,"href":"https:\/\/wp.kristdemokraterna.se\/haabo\/wp-json\/wp\/v2\/pages\/319\/revisions\/321"}],"up":[{"embeddable":true,"href":"https:\/\/wp.kristdemokraterna.se\/haabo\/wp-json\/wp\/v2\/pages\/206"}],"wp:attachment":[{"href":"https:\/\/wp.kristdemokraterna.se\/haabo\/wp-json\/wp\/v2\/media?parent=319"}],"curies":[{"name":"wp","href":"https:\/\/api.w.org\/{rel}","templated":true}]}}