{"id":1527,"date":"2018-06-13T10:08:15","date_gmt":"2018-06-13T08:08:15","guid":{"rendered":"http:\/\/wp.kristdemokraterna.se\/habo\/?page_id=1527"},"modified":"2018-06-13T10:08:15","modified_gmt":"2018-06-13T08:08:15","slug":"motioner","status":"publish","type":"page","link":"https:\/\/wp.kristdemokraterna.se\/habo\/i-kommunen\/motioner\/","title":{"rendered":"Motioner"},"content":{"rendered":"","protected":false},"excerpt":{"rendered":"","protected":false},"author":444,"featured_media":0,"parent":1525,"menu_order":0,"comment_status":"closed","ping_status":"closed","template":"","meta":{"_acf_changed":false,"footnotes":""},"class_list":["post-1527","page","type-page","status-publish","hentry"],"acf":[],"yoast_head":"<!-- This site is optimized with the Yoast SEO plugin v27.4 - https:\/\/yoast.com\/product\/yoast-seo-wordpress\/ -->\n<title>Motioner - V\u00e4lkommen till KD i Habo<\/title>\n<meta name=\"robots\" content=\"index, follow, max-snippet:-1, max-image-preview:large, max-video-preview:-1\" \/>\n<link rel=\"canonical\" href=\"https:\/\/wp.kristdemokraterna.se\/habo\/i-kommunen\/motioner\/\" \/>\n<meta property=\"og:locale\" content=\"sv_SE\" \/>\n<meta property=\"og:type\" content=\"article\" \/>\n<meta property=\"og:title\" content=\"Motioner - V\u00e4lkommen till KD i Habo\" \/>\n<meta property=\"og:url\" content=\"https:\/\/wp.kristdemokraterna.se\/habo\/i-kommunen\/motioner\/\" \/>\n<meta property=\"og:site_name\" content=\"V\u00e4lkommen till KD i Habo\" \/>\n<meta name=\"twitter:card\" content=\"summary_large_image\" \/>\n<script type=\"application\/ld+json\" class=\"yoast-schema-graph\">{\"@context\":\"https:\\\/\\\/schema.org\",\"@graph\":[{\"@type\":\"WebPage\",\"@id\":\"https:\\\/\\\/wp.kristdemokraterna.se\\\/habo\\\/i-kommunen\\\/motioner\\\/\",\"url\":\"https:\\\/\\\/wp.kristdemokraterna.se\\\/habo\\\/i-kommunen\\\/motioner\\\/\",\"name\":\"Motioner - V\u00e4lkommen till KD i Habo\",\"isPartOf\":{\"@id\":\"https:\\\/\\\/wp.kristdemokraterna.se\\\/habo\\\/#website\"},\"datePublished\":\"2018-06-13T08:08:15+00:00\",\"breadcrumb\":{\"@id\":\"https:\\\/\\\/wp.kristdemokraterna.se\\\/habo\\\/i-kommunen\\\/motioner\\\/#breadcrumb\"},\"inLanguage\":\"sv-SE\",\"potentialAction\":[{\"@type\":\"ReadAction\",\"target\":[\"https:\\\/\\\/wp.kristdemokraterna.se\\\/habo\\\/i-kommunen\\\/motioner\\\/\"]}]},{\"@type\":\"BreadcrumbList\",\"@id\":\"https:\\\/\\\/wp.kristdemokraterna.se\\\/habo\\\/i-kommunen\\\/motioner\\\/#breadcrumb\",\"itemListElement\":[{\"@type\":\"ListItem\",\"position\":1,\"name\":\"Hem\",\"item\":\"https:\\\/\\\/wp.kristdemokraterna.se\\\/habo\\\/\"},{\"@type\":\"ListItem\",\"position\":2,\"name\":\"I kommunen\",\"item\":\"https:\\\/\\\/wp.kristdemokraterna.se\\\/habo\\\/i-kommunen\\\/\"},{\"@type\":\"ListItem\",\"position\":3,\"name\":\"Motioner\"}]},{\"@type\":\"WebSite\",\"@id\":\"https:\\\/\\\/wp.kristdemokraterna.se\\\/habo\\\/#website\",\"url\":\"https:\\\/\\\/wp.kristdemokraterna.se\\\/habo\\\/\",\"name\":\"V\u00e4lkommen till KD i Habo\",\"description\":\"Politiken ska st\u00f6dja och ge f\u00f6ruts\u00e4ttningar\",\"inLanguage\":\"sv-SE\"}]}<\/script>\n<!-- \/ Yoast SEO plugin. -->","yoast_head_json":{"title":"Motioner - V\u00e4lkommen till KD i Habo","robots":{"index":"index","follow":"follow","max-snippet":"max-snippet:-1","max-image-preview":"max-image-preview:large","max-video-preview":"max-video-preview:-1"},"canonical":"https:\/\/wp.kristdemokraterna.se\/habo\/i-kommunen\/motioner\/","og_locale":"sv_SE","og_type":"article","og_title":"Motioner - V\u00e4lkommen till KD i Habo","og_url":"https:\/\/wp.kristdemokraterna.se\/habo\/i-kommunen\/motioner\/","og_site_name":"V\u00e4lkommen till KD i Habo","twitter_card":"summary_large_image","schema":{"@context":"https:\/\/schema.org","@graph":[{"@type":"WebPage","@id":"https:\/\/wp.kristdemokraterna.se\/habo\/i-kommunen\/motioner\/","url":"https:\/\/wp.kristdemokraterna.se\/habo\/i-kommunen\/motioner\/","name":"Motioner - V\u00e4lkommen till KD i Habo","isPartOf":{"@id":"https:\/\/wp.kristdemokraterna.se\/habo\/#website"},"datePublished":"2018-06-13T08:08:15+00:00","breadcrumb":{"@id":"https:\/\/wp.kristdemokraterna.se\/habo\/i-kommunen\/motioner\/#breadcrumb"},"inLanguage":"sv-SE","potentialAction":[{"@type":"ReadAction","target":["https:\/\/wp.kristdemokraterna.se\/habo\/i-kommunen\/motioner\/"]}]},{"@type":"BreadcrumbList","@id":"https:\/\/wp.kristdemokraterna.se\/habo\/i-kommunen\/motioner\/#breadcrumb","itemListElement":[{"@type":"ListItem","position":1,"name":"Hem","item":"https:\/\/wp.kristdemokraterna.se\/habo\/"},{"@type":"ListItem","position":2,"name":"I kommunen","item":"https:\/\/wp.kristdemokraterna.se\/habo\/i-kommunen\/"},{"@type":"ListItem","position":3,"name":"Motioner"}]},{"@type":"WebSite","@id":"https:\/\/wp.kristdemokraterna.se\/habo\/#website","url":"https:\/\/wp.kristdemokraterna.se\/habo\/","name":"V\u00e4lkommen till KD i Habo","description":"Politiken ska st\u00f6dja och ge f\u00f6ruts\u00e4ttningar","inLanguage":"sv-SE"}]}},"_links":{"self":[{"href":"https:\/\/wp.kristdemokraterna.se\/habo\/wp-json\/wp\/v2\/pages\/1527","targetHints":{"allow":["GET"]}}],"collection":[{"href":"https:\/\/wp.kristdemokraterna.se\/habo\/wp-json\/wp\/v2\/pages"}],"about":[{"href":"https:\/\/wp.kristdemokraterna.se\/habo\/wp-json\/wp\/v2\/types\/page"}],"author":[{"embeddable":true,"href":"https:\/\/wp.kristdemokraterna.se\/habo\/wp-json\/wp\/v2\/users\/444"}],"replies":[{"embeddable":true,"href":"https:\/\/wp.kristdemokraterna.se\/habo\/wp-json\/wp\/v2\/comments?post=1527"}],"version-history":[{"count":1,"href":"https:\/\/wp.kristdemokraterna.se\/habo\/wp-json\/wp\/v2\/pages\/1527\/revisions"}],"predecessor-version":[{"id":1528,"href":"https:\/\/wp.kristdemokraterna.se\/habo\/wp-json\/wp\/v2\/pages\/1527\/revisions\/1528"}],"up":[{"embeddable":true,"href":"https:\/\/wp.kristdemokraterna.se\/habo\/wp-json\/wp\/v2\/pages\/1525"}],"wp:attachment":[{"href":"https:\/\/wp.kristdemokraterna.se\/habo\/wp-json\/wp\/v2\/media?parent=1527"}],"curies":[{"name":"wp","href":"https:\/\/api.w.org\/{rel}","templated":true}]}}