{"id":34,"date":"2013-02-04T15:24:00","date_gmt":"2013-02-04T14:24:00","guid":{"rendered":"http:\/\/wp.kristdemokraterna.se\/habo\/?page_id=34"},"modified":"2025-11-09T14:55:47","modified_gmt":"2025-11-09T13:55:47","slug":"politiker","status":"publish","type":"page","link":"https:\/\/wp.kristdemokraterna.se\/habo\/politiker\/","title":{"rendered":"Politiker"},"content":{"rendered":"<p><strong><br \/>\nKristdemokraterna har\u00a0fem ledam\u00f6ter i Kommunfullm\u00e4ktige och tre ers\u00e4ttare<br \/>\n2 vice ordf\u00f6rande i Kommunfullm\u00e4ktige<br \/>\nKommunalr\u00e5d<br \/>\n<\/strong><strong> 2 vice ordf\u00f6rande Kommunstyrelsen<br \/>\n<\/strong><strong>Ordf\u00f6rande i Socialn\u00e4mnden och Fritids- och Kulturn\u00e4mnden<br \/>\n<\/strong><\/p>\n<p>&nbsp;<\/p>\n<p>&nbsp;<\/p>\n<p>&nbsp;<\/p>\n<p>&nbsp;<\/p>\n<p>&nbsp;<\/p>\n<p>&nbsp;<\/p>\n<p>&nbsp;<\/p>\n<p>&nbsp;<\/p>\n<p>&nbsp;<\/p>\n","protected":false},"excerpt":{"rendered":"<p>Kristdemokraterna har\u00a0fem ledam\u00f6ter i Kommunfullm\u00e4ktige och tre ers\u00e4ttare 2 vice ordf\u00f6rande i Kommunfullm\u00e4ktige Kommunalr\u00e5d 2 vice ordf\u00f6rande Kommunstyrelsen Ordf\u00f6rande i Socialn\u00e4mnden och Fritids- och Kulturn\u00e4mnden &nbsp; &nbsp; &nbsp; &nbsp; &nbsp; &nbsp; &nbsp; &nbsp; &nbsp;<\/p>\n","protected":false},"author":402,"featured_media":0,"parent":0,"menu_order":0,"comment_status":"closed","ping_status":"closed","template":"","meta":{"_acf_changed":false,"footnotes":""},"class_list":["post-34","page","type-page","status-publish","hentry"],"acf":[],"yoast_head":"<!-- This site is optimized with the Yoast SEO plugin v27.4 - https:\/\/yoast.com\/product\/yoast-seo-wordpress\/ -->\n<title>Politiker - V\u00e4lkommen till KD i Habo<\/title>\n<meta name=\"robots\" content=\"index, follow, max-snippet:-1, max-image-preview:large, max-video-preview:-1\" \/>\n<link rel=\"canonical\" href=\"https:\/\/wp.kristdemokraterna.se\/habo\/politiker\/\" \/>\n<meta property=\"og:locale\" content=\"sv_SE\" \/>\n<meta property=\"og:type\" content=\"article\" \/>\n<meta property=\"og:title\" content=\"Politiker - V\u00e4lkommen till KD i Habo\" \/>\n<meta property=\"og:description\" content=\"Kristdemokraterna har\u00a0fem ledam\u00f6ter i Kommunfullm\u00e4ktige och tre ers\u00e4ttare 2 vice ordf\u00f6rande i Kommunfullm\u00e4ktige Kommunalr\u00e5d 2 vice ordf\u00f6rande Kommunstyrelsen Ordf\u00f6rande i Socialn\u00e4mnden och Fritids- och Kulturn\u00e4mnden &nbsp; &nbsp; &nbsp; &nbsp; &nbsp; &nbsp; &nbsp; &nbsp; &nbsp;\" \/>\n<meta property=\"og:url\" content=\"https:\/\/wp.kristdemokraterna.se\/habo\/politiker\/\" \/>\n<meta property=\"og:site_name\" content=\"V\u00e4lkommen till KD i Habo\" \/>\n<meta property=\"article:modified_time\" content=\"2025-11-09T13:55:47+00:00\" \/>\n<meta name=\"twitter:card\" content=\"summary_large_image\" \/>\n<meta name=\"twitter:label1\" content=\"Ber\u00e4knad l\u00e4stid\" \/>\n\t<meta name=\"twitter:data1\" content=\"1 minut\" \/>\n<script type=\"application\/ld+json\" class=\"yoast-schema-graph\">{\"@context\":\"https:\\\/\\\/schema.org\",\"@graph\":[{\"@type\":\"WebPage\",\"@id\":\"https:\\\/\\\/wp.kristdemokraterna.se\\\/habo\\\/politiker\\\/\",\"url\":\"https:\\\/\\\/wp.kristdemokraterna.se\\\/habo\\\/politiker\\\/\",\"name\":\"Politiker - V\u00e4lkommen till KD i Habo\",\"isPartOf\":{\"@id\":\"https:\\\/\\\/wp.kristdemokraterna.se\\\/habo\\\/#website\"},\"datePublished\":\"2013-02-04T14:24:00+00:00\",\"dateModified\":\"2025-11-09T13:55:47+00:00\",\"breadcrumb\":{\"@id\":\"https:\\\/\\\/wp.kristdemokraterna.se\\\/habo\\\/politiker\\\/#breadcrumb\"},\"inLanguage\":\"sv-SE\",\"potentialAction\":[{\"@type\":\"ReadAction\",\"target\":[\"https:\\\/\\\/wp.kristdemokraterna.se\\\/habo\\\/politiker\\\/\"]}]},{\"@type\":\"BreadcrumbList\",\"@id\":\"https:\\\/\\\/wp.kristdemokraterna.se\\\/habo\\\/politiker\\\/#breadcrumb\",\"itemListElement\":[{\"@type\":\"ListItem\",\"position\":1,\"name\":\"Hem\",\"item\":\"https:\\\/\\\/wp.kristdemokraterna.se\\\/habo\\\/\"},{\"@type\":\"ListItem\",\"position\":2,\"name\":\"Politiker\"}]},{\"@type\":\"WebSite\",\"@id\":\"https:\\\/\\\/wp.kristdemokraterna.se\\\/habo\\\/#website\",\"url\":\"https:\\\/\\\/wp.kristdemokraterna.se\\\/habo\\\/\",\"name\":\"V\u00e4lkommen till KD i Habo\",\"description\":\"Politiken ska st\u00f6dja och ge f\u00f6ruts\u00e4ttningar\",\"inLanguage\":\"sv-SE\"}]}<\/script>\n<!-- \/ Yoast SEO plugin. -->","yoast_head_json":{"title":"Politiker - V\u00e4lkommen till KD i Habo","robots":{"index":"index","follow":"follow","max-snippet":"max-snippet:-1","max-image-preview":"max-image-preview:large","max-video-preview":"max-video-preview:-1"},"canonical":"https:\/\/wp.kristdemokraterna.se\/habo\/politiker\/","og_locale":"sv_SE","og_type":"article","og_title":"Politiker - V\u00e4lkommen till KD i Habo","og_description":"Kristdemokraterna har\u00a0fem ledam\u00f6ter i Kommunfullm\u00e4ktige och tre ers\u00e4ttare 2 vice ordf\u00f6rande i Kommunfullm\u00e4ktige Kommunalr\u00e5d 2 vice ordf\u00f6rande Kommunstyrelsen Ordf\u00f6rande i Socialn\u00e4mnden och Fritids- och Kulturn\u00e4mnden &nbsp; &nbsp; &nbsp; &nbsp; &nbsp; &nbsp; &nbsp; &nbsp; &nbsp;","og_url":"https:\/\/wp.kristdemokraterna.se\/habo\/politiker\/","og_site_name":"V\u00e4lkommen till KD i Habo","article_modified_time":"2025-11-09T13:55:47+00:00","twitter_card":"summary_large_image","twitter_misc":{"Ber\u00e4knad l\u00e4stid":"1 minut"},"schema":{"@context":"https:\/\/schema.org","@graph":[{"@type":"WebPage","@id":"https:\/\/wp.kristdemokraterna.se\/habo\/politiker\/","url":"https:\/\/wp.kristdemokraterna.se\/habo\/politiker\/","name":"Politiker - V\u00e4lkommen till KD i Habo","isPartOf":{"@id":"https:\/\/wp.kristdemokraterna.se\/habo\/#website"},"datePublished":"2013-02-04T14:24:00+00:00","dateModified":"2025-11-09T13:55:47+00:00","breadcrumb":{"@id":"https:\/\/wp.kristdemokraterna.se\/habo\/politiker\/#breadcrumb"},"inLanguage":"sv-SE","potentialAction":[{"@type":"ReadAction","target":["https:\/\/wp.kristdemokraterna.se\/habo\/politiker\/"]}]},{"@type":"BreadcrumbList","@id":"https:\/\/wp.kristdemokraterna.se\/habo\/politiker\/#breadcrumb","itemListElement":[{"@type":"ListItem","position":1,"name":"Hem","item":"https:\/\/wp.kristdemokraterna.se\/habo\/"},{"@type":"ListItem","position":2,"name":"Politiker"}]},{"@type":"WebSite","@id":"https:\/\/wp.kristdemokraterna.se\/habo\/#website","url":"https:\/\/wp.kristdemokraterna.se\/habo\/","name":"V\u00e4lkommen till KD i Habo","description":"Politiken ska st\u00f6dja och ge f\u00f6ruts\u00e4ttningar","inLanguage":"sv-SE"}]}},"_links":{"self":[{"href":"https:\/\/wp.kristdemokraterna.se\/habo\/wp-json\/wp\/v2\/pages\/34","targetHints":{"allow":["GET"]}}],"collection":[{"href":"https:\/\/wp.kristdemokraterna.se\/habo\/wp-json\/wp\/v2\/pages"}],"about":[{"href":"https:\/\/wp.kristdemokraterna.se\/habo\/wp-json\/wp\/v2\/types\/page"}],"author":[{"embeddable":true,"href":"https:\/\/wp.kristdemokraterna.se\/habo\/wp-json\/wp\/v2\/users\/402"}],"replies":[{"embeddable":true,"href":"https:\/\/wp.kristdemokraterna.se\/habo\/wp-json\/wp\/v2\/comments?post=34"}],"version-history":[{"count":23,"href":"https:\/\/wp.kristdemokraterna.se\/habo\/wp-json\/wp\/v2\/pages\/34\/revisions"}],"predecessor-version":[{"id":1999,"href":"https:\/\/wp.kristdemokraterna.se\/habo\/wp-json\/wp\/v2\/pages\/34\/revisions\/1999"}],"wp:attachment":[{"href":"https:\/\/wp.kristdemokraterna.se\/habo\/wp-json\/wp\/v2\/media?parent=34"}],"curies":[{"name":"wp","href":"https:\/\/api.w.org\/{rel}","templated":true}]}}