{"id":355,"date":"2013-08-18T16:25:13","date_gmt":"2013-08-18T14:25:13","guid":{"rendered":"http:\/\/wp.kristdemokraterna.se\/habo\/?page_id=355"},"modified":"2025-11-09T14:49:50","modified_gmt":"2025-11-09T13:49:50","slug":"kommunfullmaktige","status":"publish","type":"page","link":"https:\/\/wp.kristdemokraterna.se\/habo\/politiker\/kommunfullmaktige\/","title":{"rendered":"Kommunfullm\u00e4ktige"},"content":{"rendered":"<p><strong>Lokala politiker<\/strong><\/p>\n<p>Karin Hultberg<br \/>\nKommunalr\u00e5d<\/p>\n<p>Hans Jarstig<br \/>\nKommunfullm\u00e4ktige, ledamot<\/p>\n<p>Zeljka Axelsson<br \/>\nKommunfullm\u00e4ktige, ledamot<\/p>\n<p>Jan Lenhammar<br \/>\nKommunfullm\u00e4ktige, ledamot<\/p>\n<p>Jon Harald Jonsson<br \/>\nKommunfullm\u00e4ktige, ledamot<\/p>\n<p>Rickard Lantz<br \/>\nKommunfullm\u00e4ktige, ers\u00e4ttare<\/p>\n<p>Lars Ramberg<br \/>\nKommunfullm\u00e4ktige, ers\u00e4ttare<\/p>\n<p>&nbsp;<\/p>\n","protected":false},"excerpt":{"rendered":"<p>Lokala politiker Karin Hultberg Kommunalr\u00e5d Hans Jarstig Kommunfullm\u00e4ktige, ledamot Zeljka Axelsson Kommunfullm\u00e4ktige, ledamot Jan Lenhammar Kommunfullm\u00e4ktige, ledamot Jon Harald Jonsson Kommunfullm\u00e4ktige, ledamot Rickard Lantz Kommunfullm\u00e4ktige, ers\u00e4ttare Lars Ramberg Kommunfullm\u00e4ktige, ers\u00e4ttare &nbsp;<\/p>\n","protected":false},"author":402,"featured_media":0,"parent":34,"menu_order":0,"comment_status":"closed","ping_status":"closed","template":"","meta":{"_acf_changed":false,"footnotes":""},"class_list":["post-355","page","type-page","status-publish","hentry"],"acf":[],"yoast_head":"<!-- This site is optimized with the Yoast SEO plugin v27.4 - https:\/\/yoast.com\/product\/yoast-seo-wordpress\/ -->\n<title>Kommunfullm\u00e4ktige - V\u00e4lkommen till KD i Habo<\/title>\n<meta name=\"robots\" content=\"index, follow, max-snippet:-1, max-image-preview:large, max-video-preview:-1\" \/>\n<link rel=\"canonical\" href=\"https:\/\/wp.kristdemokraterna.se\/habo\/politiker\/kommunfullmaktige\/\" \/>\n<meta property=\"og:locale\" content=\"sv_SE\" \/>\n<meta property=\"og:type\" content=\"article\" \/>\n<meta property=\"og:title\" content=\"Kommunfullm\u00e4ktige - V\u00e4lkommen till KD i Habo\" \/>\n<meta property=\"og:description\" content=\"Lokala politiker Karin Hultberg Kommunalr\u00e5d Hans Jarstig Kommunfullm\u00e4ktige, ledamot Zeljka Axelsson Kommunfullm\u00e4ktige, ledamot Jan Lenhammar Kommunfullm\u00e4ktige, ledamot Jon Harald Jonsson Kommunfullm\u00e4ktige, ledamot Rickard Lantz Kommunfullm\u00e4ktige, ers\u00e4ttare Lars Ramberg Kommunfullm\u00e4ktige, ers\u00e4ttare &nbsp;\" \/>\n<meta property=\"og:url\" content=\"https:\/\/wp.kristdemokraterna.se\/habo\/politiker\/kommunfullmaktige\/\" \/>\n<meta property=\"og:site_name\" content=\"V\u00e4lkommen till KD i Habo\" \/>\n<meta property=\"article:modified_time\" content=\"2025-11-09T13:49:50+00:00\" \/>\n<meta name=\"twitter:card\" content=\"summary_large_image\" \/>\n<meta name=\"twitter:label1\" content=\"Ber\u00e4knad l\u00e4stid\" \/>\n\t<meta name=\"twitter:data1\" content=\"1 minut\" \/>\n<script type=\"application\/ld+json\" class=\"yoast-schema-graph\">{\"@context\":\"https:\\\/\\\/schema.org\",\"@graph\":[{\"@type\":\"WebPage\",\"@id\":\"https:\\\/\\\/wp.kristdemokraterna.se\\\/habo\\\/politiker\\\/kommunfullmaktige\\\/\",\"url\":\"https:\\\/\\\/wp.kristdemokraterna.se\\\/habo\\\/politiker\\\/kommunfullmaktige\\\/\",\"name\":\"Kommunfullm\u00e4ktige - V\u00e4lkommen till KD i Habo\",\"isPartOf\":{\"@id\":\"https:\\\/\\\/wp.kristdemokraterna.se\\\/habo\\\/#website\"},\"datePublished\":\"2013-08-18T14:25:13+00:00\",\"dateModified\":\"2025-11-09T13:49:50+00:00\",\"breadcrumb\":{\"@id\":\"https:\\\/\\\/wp.kristdemokraterna.se\\\/habo\\\/politiker\\\/kommunfullmaktige\\\/#breadcrumb\"},\"inLanguage\":\"sv-SE\",\"potentialAction\":[{\"@type\":\"ReadAction\",\"target\":[\"https:\\\/\\\/wp.kristdemokraterna.se\\\/habo\\\/politiker\\\/kommunfullmaktige\\\/\"]}]},{\"@type\":\"BreadcrumbList\",\"@id\":\"https:\\\/\\\/wp.kristdemokraterna.se\\\/habo\\\/politiker\\\/kommunfullmaktige\\\/#breadcrumb\",\"itemListElement\":[{\"@type\":\"ListItem\",\"position\":1,\"name\":\"Hem\",\"item\":\"https:\\\/\\\/wp.kristdemokraterna.se\\\/habo\\\/\"},{\"@type\":\"ListItem\",\"position\":2,\"name\":\"Politiker\",\"item\":\"https:\\\/\\\/wp.kristdemokraterna.se\\\/habo\\\/politiker\\\/\"},{\"@type\":\"ListItem\",\"position\":3,\"name\":\"Kommunfullm\u00e4ktige\"}]},{\"@type\":\"WebSite\",\"@id\":\"https:\\\/\\\/wp.kristdemokraterna.se\\\/habo\\\/#website\",\"url\":\"https:\\\/\\\/wp.kristdemokraterna.se\\\/habo\\\/\",\"name\":\"V\u00e4lkommen till KD i Habo\",\"description\":\"Politiken ska st\u00f6dja och ge f\u00f6ruts\u00e4ttningar\",\"inLanguage\":\"sv-SE\"}]}<\/script>\n<!-- \/ Yoast SEO plugin. -->","yoast_head_json":{"title":"Kommunfullm\u00e4ktige - V\u00e4lkommen till KD i Habo","robots":{"index":"index","follow":"follow","max-snippet":"max-snippet:-1","max-image-preview":"max-image-preview:large","max-video-preview":"max-video-preview:-1"},"canonical":"https:\/\/wp.kristdemokraterna.se\/habo\/politiker\/kommunfullmaktige\/","og_locale":"sv_SE","og_type":"article","og_title":"Kommunfullm\u00e4ktige - V\u00e4lkommen till KD i Habo","og_description":"Lokala politiker Karin Hultberg Kommunalr\u00e5d Hans Jarstig Kommunfullm\u00e4ktige, ledamot Zeljka Axelsson Kommunfullm\u00e4ktige, ledamot Jan Lenhammar Kommunfullm\u00e4ktige, ledamot Jon Harald Jonsson Kommunfullm\u00e4ktige, ledamot Rickard Lantz Kommunfullm\u00e4ktige, ers\u00e4ttare Lars Ramberg Kommunfullm\u00e4ktige, ers\u00e4ttare &nbsp;","og_url":"https:\/\/wp.kristdemokraterna.se\/habo\/politiker\/kommunfullmaktige\/","og_site_name":"V\u00e4lkommen till KD i Habo","article_modified_time":"2025-11-09T13:49:50+00:00","twitter_card":"summary_large_image","twitter_misc":{"Ber\u00e4knad l\u00e4stid":"1 minut"},"schema":{"@context":"https:\/\/schema.org","@graph":[{"@type":"WebPage","@id":"https:\/\/wp.kristdemokraterna.se\/habo\/politiker\/kommunfullmaktige\/","url":"https:\/\/wp.kristdemokraterna.se\/habo\/politiker\/kommunfullmaktige\/","name":"Kommunfullm\u00e4ktige - V\u00e4lkommen till KD i Habo","isPartOf":{"@id":"https:\/\/wp.kristdemokraterna.se\/habo\/#website"},"datePublished":"2013-08-18T14:25:13+00:00","dateModified":"2025-11-09T13:49:50+00:00","breadcrumb":{"@id":"https:\/\/wp.kristdemokraterna.se\/habo\/politiker\/kommunfullmaktige\/#breadcrumb"},"inLanguage":"sv-SE","potentialAction":[{"@type":"ReadAction","target":["https:\/\/wp.kristdemokraterna.se\/habo\/politiker\/kommunfullmaktige\/"]}]},{"@type":"BreadcrumbList","@id":"https:\/\/wp.kristdemokraterna.se\/habo\/politiker\/kommunfullmaktige\/#breadcrumb","itemListElement":[{"@type":"ListItem","position":1,"name":"Hem","item":"https:\/\/wp.kristdemokraterna.se\/habo\/"},{"@type":"ListItem","position":2,"name":"Politiker","item":"https:\/\/wp.kristdemokraterna.se\/habo\/politiker\/"},{"@type":"ListItem","position":3,"name":"Kommunfullm\u00e4ktige"}]},{"@type":"WebSite","@id":"https:\/\/wp.kristdemokraterna.se\/habo\/#website","url":"https:\/\/wp.kristdemokraterna.se\/habo\/","name":"V\u00e4lkommen till KD i Habo","description":"Politiken ska st\u00f6dja och ge f\u00f6ruts\u00e4ttningar","inLanguage":"sv-SE"}]}},"_links":{"self":[{"href":"https:\/\/wp.kristdemokraterna.se\/habo\/wp-json\/wp\/v2\/pages\/355","targetHints":{"allow":["GET"]}}],"collection":[{"href":"https:\/\/wp.kristdemokraterna.se\/habo\/wp-json\/wp\/v2\/pages"}],"about":[{"href":"https:\/\/wp.kristdemokraterna.se\/habo\/wp-json\/wp\/v2\/types\/page"}],"author":[{"embeddable":true,"href":"https:\/\/wp.kristdemokraterna.se\/habo\/wp-json\/wp\/v2\/users\/402"}],"replies":[{"embeddable":true,"href":"https:\/\/wp.kristdemokraterna.se\/habo\/wp-json\/wp\/v2\/comments?post=355"}],"version-history":[{"count":16,"href":"https:\/\/wp.kristdemokraterna.se\/habo\/wp-json\/wp\/v2\/pages\/355\/revisions"}],"predecessor-version":[{"id":1993,"href":"https:\/\/wp.kristdemokraterna.se\/habo\/wp-json\/wp\/v2\/pages\/355\/revisions\/1993"}],"up":[{"embeddable":true,"href":"https:\/\/wp.kristdemokraterna.se\/habo\/wp-json\/wp\/v2\/pages\/34"}],"wp:attachment":[{"href":"https:\/\/wp.kristdemokraterna.se\/habo\/wp-json\/wp\/v2\/media?parent=355"}],"curies":[{"name":"wp","href":"https:\/\/api.w.org\/{rel}","templated":true}]}}