{"id":36,"date":"2013-02-19T15:22:47","date_gmt":"2013-02-19T14:22:47","guid":{"rendered":"http:\/\/wp.kristdemokraterna.se\/habo\/?page_id=36"},"modified":"2026-03-14T17:54:16","modified_gmt":"2026-03-14T16:54:16","slug":"styrelsen","status":"publish","type":"page","link":"https:\/\/wp.kristdemokraterna.se\/habo\/styrelsen\/","title":{"rendered":"Styrelse 2026"},"content":{"rendered":"<p><strong>Partiavdelningsstyrelse<\/strong><\/p>\n<p><strong>Ordf\u00f6rande Hans Jarstig<\/strong><\/p>\n<p>Karin Hultberg<br \/>\nVice ordf\u00f6rande<\/p>\n<p>Sten Unnerud<br \/>\nPartiavdelningsstyrelseledamot och Kass\u00f6r<\/p>\n<p>Samuel Anefur, Enhetschef,<br \/>\nPartiavdelningsstyrelseledamot och Sekreterare<\/p>\n<p>Jan Lenhammar<br \/>\nPartiavdelningsstyrelseledamot<\/p>\n<p>Marie Lindholm<br \/>\nPartiavdelningsstyrelseledamot<\/p>\n<p><span style=\"font-weight: 300\">Jon Harald Jonsson<br \/>\n<\/span>Partiavdelningsstyrelseledamot<\/p>\n<p>&nbsp;<\/p>\n<p>&nbsp;<\/p>\n<p>&nbsp;<\/p>\n<p>__________________________________________<\/p>\n<p>&nbsp;<\/p>\n<p>&nbsp;<\/p>\n<p>&nbsp;<\/p>\n<p>&nbsp;<\/p>\n<p>&nbsp;<\/p>\n","protected":false},"excerpt":{"rendered":"<p>Partiavdelningsstyrelse Ordf\u00f6rande Hans Jarstig Karin Hultberg Vice ordf\u00f6rande Sten Unnerud Partiavdelningsstyrelseledamot och Kass\u00f6r Samuel Anefur, Enhetschef, Partiavdelningsstyrelseledamot och Sekreterare Jan Lenhammar Partiavdelningsstyrelseledamot Marie Lindholm Partiavdelningsstyrelseledamot Jon Harald Jonsson Partiavdelningsstyrelseledamot &nbsp; &nbsp; &nbsp; __________________________________________ &nbsp; &nbsp; &nbsp; &nbsp; &nbsp;<\/p>\n","protected":false},"author":402,"featured_media":0,"parent":0,"menu_order":0,"comment_status":"closed","ping_status":"closed","template":"","meta":{"_acf_changed":false,"footnotes":""},"class_list":["post-36","page","type-page","status-publish","hentry"],"acf":[],"yoast_head":"<!-- This site is optimized with the Yoast SEO plugin v27.4 - https:\/\/yoast.com\/product\/yoast-seo-wordpress\/ -->\n<title>Styrelse 2026 - V\u00e4lkommen till KD i Habo<\/title>\n<meta name=\"robots\" content=\"index, follow, max-snippet:-1, max-image-preview:large, max-video-preview:-1\" \/>\n<link rel=\"canonical\" href=\"https:\/\/wp.kristdemokraterna.se\/habo\/styrelsen\/\" \/>\n<meta property=\"og:locale\" content=\"sv_SE\" \/>\n<meta property=\"og:type\" content=\"article\" \/>\n<meta property=\"og:title\" content=\"Styrelse 2026 - V\u00e4lkommen till KD i Habo\" \/>\n<meta property=\"og:description\" content=\"Partiavdelningsstyrelse Ordf\u00f6rande Hans Jarstig Karin Hultberg Vice ordf\u00f6rande Sten Unnerud Partiavdelningsstyrelseledamot och Kass\u00f6r Samuel Anefur, Enhetschef, Partiavdelningsstyrelseledamot och Sekreterare Jan Lenhammar Partiavdelningsstyrelseledamot Marie Lindholm Partiavdelningsstyrelseledamot Jon Harald Jonsson Partiavdelningsstyrelseledamot &nbsp; &nbsp; &nbsp; __________________________________________ &nbsp; &nbsp; &nbsp; &nbsp; &nbsp;\" \/>\n<meta property=\"og:url\" content=\"https:\/\/wp.kristdemokraterna.se\/habo\/styrelsen\/\" \/>\n<meta property=\"og:site_name\" content=\"V\u00e4lkommen till KD i Habo\" \/>\n<meta property=\"article:modified_time\" content=\"2026-03-14T16:54:16+00:00\" \/>\n<meta name=\"twitter:card\" content=\"summary_large_image\" \/>\n<meta name=\"twitter:label1\" content=\"Ber\u00e4knad l\u00e4stid\" \/>\n\t<meta name=\"twitter:data1\" content=\"1 minut\" \/>\n<script type=\"application\/ld+json\" class=\"yoast-schema-graph\">{\"@context\":\"https:\\\/\\\/schema.org\",\"@graph\":[{\"@type\":\"WebPage\",\"@id\":\"https:\\\/\\\/wp.kristdemokraterna.se\\\/habo\\\/styrelsen\\\/\",\"url\":\"https:\\\/\\\/wp.kristdemokraterna.se\\\/habo\\\/styrelsen\\\/\",\"name\":\"Styrelse 2026 - V\u00e4lkommen till KD i Habo\",\"isPartOf\":{\"@id\":\"https:\\\/\\\/wp.kristdemokraterna.se\\\/habo\\\/#website\"},\"datePublished\":\"2013-02-19T14:22:47+00:00\",\"dateModified\":\"2026-03-14T16:54:16+00:00\",\"breadcrumb\":{\"@id\":\"https:\\\/\\\/wp.kristdemokraterna.se\\\/habo\\\/styrelsen\\\/#breadcrumb\"},\"inLanguage\":\"sv-SE\",\"potentialAction\":[{\"@type\":\"ReadAction\",\"target\":[\"https:\\\/\\\/wp.kristdemokraterna.se\\\/habo\\\/styrelsen\\\/\"]}]},{\"@type\":\"BreadcrumbList\",\"@id\":\"https:\\\/\\\/wp.kristdemokraterna.se\\\/habo\\\/styrelsen\\\/#breadcrumb\",\"itemListElement\":[{\"@type\":\"ListItem\",\"position\":1,\"name\":\"Hem\",\"item\":\"https:\\\/\\\/wp.kristdemokraterna.se\\\/habo\\\/\"},{\"@type\":\"ListItem\",\"position\":2,\"name\":\"Styrelse 2026\"}]},{\"@type\":\"WebSite\",\"@id\":\"https:\\\/\\\/wp.kristdemokraterna.se\\\/habo\\\/#website\",\"url\":\"https:\\\/\\\/wp.kristdemokraterna.se\\\/habo\\\/\",\"name\":\"V\u00e4lkommen till KD i Habo\",\"description\":\"Politiken ska st\u00f6dja och ge f\u00f6ruts\u00e4ttningar\",\"inLanguage\":\"sv-SE\"}]}<\/script>\n<!-- \/ Yoast SEO plugin. -->","yoast_head_json":{"title":"Styrelse 2026 - V\u00e4lkommen till KD i Habo","robots":{"index":"index","follow":"follow","max-snippet":"max-snippet:-1","max-image-preview":"max-image-preview:large","max-video-preview":"max-video-preview:-1"},"canonical":"https:\/\/wp.kristdemokraterna.se\/habo\/styrelsen\/","og_locale":"sv_SE","og_type":"article","og_title":"Styrelse 2026 - V\u00e4lkommen till KD i Habo","og_description":"Partiavdelningsstyrelse Ordf\u00f6rande Hans Jarstig Karin Hultberg Vice ordf\u00f6rande Sten Unnerud Partiavdelningsstyrelseledamot och Kass\u00f6r Samuel Anefur, Enhetschef, Partiavdelningsstyrelseledamot och Sekreterare Jan Lenhammar Partiavdelningsstyrelseledamot Marie Lindholm Partiavdelningsstyrelseledamot Jon Harald Jonsson Partiavdelningsstyrelseledamot &nbsp; &nbsp; &nbsp; __________________________________________ &nbsp; &nbsp; &nbsp; &nbsp; &nbsp;","og_url":"https:\/\/wp.kristdemokraterna.se\/habo\/styrelsen\/","og_site_name":"V\u00e4lkommen till KD i Habo","article_modified_time":"2026-03-14T16:54:16+00:00","twitter_card":"summary_large_image","twitter_misc":{"Ber\u00e4knad l\u00e4stid":"1 minut"},"schema":{"@context":"https:\/\/schema.org","@graph":[{"@type":"WebPage","@id":"https:\/\/wp.kristdemokraterna.se\/habo\/styrelsen\/","url":"https:\/\/wp.kristdemokraterna.se\/habo\/styrelsen\/","name":"Styrelse 2026 - V\u00e4lkommen till KD i Habo","isPartOf":{"@id":"https:\/\/wp.kristdemokraterna.se\/habo\/#website"},"datePublished":"2013-02-19T14:22:47+00:00","dateModified":"2026-03-14T16:54:16+00:00","breadcrumb":{"@id":"https:\/\/wp.kristdemokraterna.se\/habo\/styrelsen\/#breadcrumb"},"inLanguage":"sv-SE","potentialAction":[{"@type":"ReadAction","target":["https:\/\/wp.kristdemokraterna.se\/habo\/styrelsen\/"]}]},{"@type":"BreadcrumbList","@id":"https:\/\/wp.kristdemokraterna.se\/habo\/styrelsen\/#breadcrumb","itemListElement":[{"@type":"ListItem","position":1,"name":"Hem","item":"https:\/\/wp.kristdemokraterna.se\/habo\/"},{"@type":"ListItem","position":2,"name":"Styrelse 2026"}]},{"@type":"WebSite","@id":"https:\/\/wp.kristdemokraterna.se\/habo\/#website","url":"https:\/\/wp.kristdemokraterna.se\/habo\/","name":"V\u00e4lkommen till KD i Habo","description":"Politiken ska st\u00f6dja och ge f\u00f6ruts\u00e4ttningar","inLanguage":"sv-SE"}]}},"_links":{"self":[{"href":"https:\/\/wp.kristdemokraterna.se\/habo\/wp-json\/wp\/v2\/pages\/36","targetHints":{"allow":["GET"]}}],"collection":[{"href":"https:\/\/wp.kristdemokraterna.se\/habo\/wp-json\/wp\/v2\/pages"}],"about":[{"href":"https:\/\/wp.kristdemokraterna.se\/habo\/wp-json\/wp\/v2\/types\/page"}],"author":[{"embeddable":true,"href":"https:\/\/wp.kristdemokraterna.se\/habo\/wp-json\/wp\/v2\/users\/402"}],"replies":[{"embeddable":true,"href":"https:\/\/wp.kristdemokraterna.se\/habo\/wp-json\/wp\/v2\/comments?post=36"}],"version-history":[{"count":36,"href":"https:\/\/wp.kristdemokraterna.se\/habo\/wp-json\/wp\/v2\/pages\/36\/revisions"}],"predecessor-version":[{"id":2008,"href":"https:\/\/wp.kristdemokraterna.se\/habo\/wp-json\/wp\/v2\/pages\/36\/revisions\/2008"}],"wp:attachment":[{"href":"https:\/\/wp.kristdemokraterna.se\/habo\/wp-json\/wp\/v2\/media?parent=36"}],"curies":[{"name":"wp","href":"https:\/\/api.w.org\/{rel}","templated":true}]}}