{"id":361,"date":"2013-08-18T16:46:45","date_gmt":"2013-08-18T14:46:45","guid":{"rendered":"http:\/\/wp.kristdemokraterna.se\/habo\/?page_id=361"},"modified":"2025-11-09T14:50:28","modified_gmt":"2025-11-09T13:50:28","slug":"socialnamnden","status":"publish","type":"page","link":"https:\/\/wp.kristdemokraterna.se\/habo\/politiker\/socialnamnden\/","title":{"rendered":"Socialn\u00e4mnden"},"content":{"rendered":"<p>Hans Jarstig ordf\u00f6rande<br \/>\nSamuel Anefur, ordinarie ledamot<br \/>\nMarie Lindholm, ers\u00e4ttare<\/p>\n","protected":false},"excerpt":{"rendered":"<p>Hans Jarstig ordf\u00f6rande Samuel Anefur, ordinarie ledamot Marie Lindholm, ers\u00e4ttare<\/p>\n","protected":false},"author":402,"featured_media":0,"parent":34,"menu_order":0,"comment_status":"closed","ping_status":"closed","template":"","meta":{"_acf_changed":false,"footnotes":""},"class_list":["post-361","page","type-page","status-publish","hentry"],"acf":[],"yoast_head":"<!-- This site is optimized with the Yoast SEO plugin v27.3 - https:\/\/yoast.com\/product\/yoast-seo-wordpress\/ -->\n<title>Socialn\u00e4mnden - V\u00e4lkommen till KD i Habo<\/title>\n<meta name=\"robots\" content=\"index, follow, max-snippet:-1, max-image-preview:large, max-video-preview:-1\" \/>\n<link rel=\"canonical\" href=\"https:\/\/wp.kristdemokraterna.se\/habo\/politiker\/socialnamnden\/\" \/>\n<meta property=\"og:locale\" content=\"sv_SE\" \/>\n<meta property=\"og:type\" content=\"article\" \/>\n<meta property=\"og:title\" content=\"Socialn\u00e4mnden - V\u00e4lkommen till KD i Habo\" \/>\n<meta property=\"og:description\" content=\"Hans Jarstig ordf\u00f6rande Samuel Anefur, ordinarie ledamot Marie Lindholm, ers\u00e4ttare\" \/>\n<meta property=\"og:url\" content=\"https:\/\/wp.kristdemokraterna.se\/habo\/politiker\/socialnamnden\/\" \/>\n<meta property=\"og:site_name\" content=\"V\u00e4lkommen till KD i Habo\" \/>\n<meta property=\"article:modified_time\" content=\"2025-11-09T13:50:28+00:00\" \/>\n<meta name=\"twitter:card\" content=\"summary_large_image\" \/>\n<meta name=\"twitter:label1\" content=\"Ber\u00e4knad l\u00e4stid\" \/>\n\t<meta name=\"twitter:data1\" content=\"1 minut\" \/>\n<script type=\"application\/ld+json\" class=\"yoast-schema-graph\">{\"@context\":\"https:\\\/\\\/schema.org\",\"@graph\":[{\"@type\":\"WebPage\",\"@id\":\"https:\\\/\\\/wp.kristdemokraterna.se\\\/habo\\\/politiker\\\/socialnamnden\\\/\",\"url\":\"https:\\\/\\\/wp.kristdemokraterna.se\\\/habo\\\/politiker\\\/socialnamnden\\\/\",\"name\":\"Socialn\u00e4mnden - V\u00e4lkommen till KD i Habo\",\"isPartOf\":{\"@id\":\"https:\\\/\\\/wp.kristdemokraterna.se\\\/habo\\\/#website\"},\"datePublished\":\"2013-08-18T14:46:45+00:00\",\"dateModified\":\"2025-11-09T13:50:28+00:00\",\"breadcrumb\":{\"@id\":\"https:\\\/\\\/wp.kristdemokraterna.se\\\/habo\\\/politiker\\\/socialnamnden\\\/#breadcrumb\"},\"inLanguage\":\"sv-SE\",\"potentialAction\":[{\"@type\":\"ReadAction\",\"target\":[\"https:\\\/\\\/wp.kristdemokraterna.se\\\/habo\\\/politiker\\\/socialnamnden\\\/\"]}]},{\"@type\":\"BreadcrumbList\",\"@id\":\"https:\\\/\\\/wp.kristdemokraterna.se\\\/habo\\\/politiker\\\/socialnamnden\\\/#breadcrumb\",\"itemListElement\":[{\"@type\":\"ListItem\",\"position\":1,\"name\":\"Hem\",\"item\":\"https:\\\/\\\/wp.kristdemokraterna.se\\\/habo\\\/\"},{\"@type\":\"ListItem\",\"position\":2,\"name\":\"Politiker\",\"item\":\"https:\\\/\\\/wp.kristdemokraterna.se\\\/habo\\\/politiker\\\/\"},{\"@type\":\"ListItem\",\"position\":3,\"name\":\"Socialn\u00e4mnden\"}]},{\"@type\":\"WebSite\",\"@id\":\"https:\\\/\\\/wp.kristdemokraterna.se\\\/habo\\\/#website\",\"url\":\"https:\\\/\\\/wp.kristdemokraterna.se\\\/habo\\\/\",\"name\":\"V\u00e4lkommen till KD i Habo\",\"description\":\"Politiken ska st\u00f6dja och ge f\u00f6ruts\u00e4ttningar\",\"inLanguage\":\"sv-SE\"}]}<\/script>\n<!-- \/ Yoast SEO plugin. -->","yoast_head_json":{"title":"Socialn\u00e4mnden - V\u00e4lkommen till KD i Habo","robots":{"index":"index","follow":"follow","max-snippet":"max-snippet:-1","max-image-preview":"max-image-preview:large","max-video-preview":"max-video-preview:-1"},"canonical":"https:\/\/wp.kristdemokraterna.se\/habo\/politiker\/socialnamnden\/","og_locale":"sv_SE","og_type":"article","og_title":"Socialn\u00e4mnden - V\u00e4lkommen till KD i Habo","og_description":"Hans Jarstig ordf\u00f6rande Samuel Anefur, ordinarie ledamot Marie Lindholm, ers\u00e4ttare","og_url":"https:\/\/wp.kristdemokraterna.se\/habo\/politiker\/socialnamnden\/","og_site_name":"V\u00e4lkommen till KD i Habo","article_modified_time":"2025-11-09T13:50:28+00:00","twitter_card":"summary_large_image","twitter_misc":{"Ber\u00e4knad l\u00e4stid":"1 minut"},"schema":{"@context":"https:\/\/schema.org","@graph":[{"@type":"WebPage","@id":"https:\/\/wp.kristdemokraterna.se\/habo\/politiker\/socialnamnden\/","url":"https:\/\/wp.kristdemokraterna.se\/habo\/politiker\/socialnamnden\/","name":"Socialn\u00e4mnden - V\u00e4lkommen till KD i Habo","isPartOf":{"@id":"https:\/\/wp.kristdemokraterna.se\/habo\/#website"},"datePublished":"2013-08-18T14:46:45+00:00","dateModified":"2025-11-09T13:50:28+00:00","breadcrumb":{"@id":"https:\/\/wp.kristdemokraterna.se\/habo\/politiker\/socialnamnden\/#breadcrumb"},"inLanguage":"sv-SE","potentialAction":[{"@type":"ReadAction","target":["https:\/\/wp.kristdemokraterna.se\/habo\/politiker\/socialnamnden\/"]}]},{"@type":"BreadcrumbList","@id":"https:\/\/wp.kristdemokraterna.se\/habo\/politiker\/socialnamnden\/#breadcrumb","itemListElement":[{"@type":"ListItem","position":1,"name":"Hem","item":"https:\/\/wp.kristdemokraterna.se\/habo\/"},{"@type":"ListItem","position":2,"name":"Politiker","item":"https:\/\/wp.kristdemokraterna.se\/habo\/politiker\/"},{"@type":"ListItem","position":3,"name":"Socialn\u00e4mnden"}]},{"@type":"WebSite","@id":"https:\/\/wp.kristdemokraterna.se\/habo\/#website","url":"https:\/\/wp.kristdemokraterna.se\/habo\/","name":"V\u00e4lkommen till KD i Habo","description":"Politiken ska st\u00f6dja och ge f\u00f6ruts\u00e4ttningar","inLanguage":"sv-SE"}]}},"_links":{"self":[{"href":"https:\/\/wp.kristdemokraterna.se\/habo\/wp-json\/wp\/v2\/pages\/361","targetHints":{"allow":["GET"]}}],"collection":[{"href":"https:\/\/wp.kristdemokraterna.se\/habo\/wp-json\/wp\/v2\/pages"}],"about":[{"href":"https:\/\/wp.kristdemokraterna.se\/habo\/wp-json\/wp\/v2\/types\/page"}],"author":[{"embeddable":true,"href":"https:\/\/wp.kristdemokraterna.se\/habo\/wp-json\/wp\/v2\/users\/402"}],"replies":[{"embeddable":true,"href":"https:\/\/wp.kristdemokraterna.se\/habo\/wp-json\/wp\/v2\/comments?post=361"}],"version-history":[{"count":7,"href":"https:\/\/wp.kristdemokraterna.se\/habo\/wp-json\/wp\/v2\/pages\/361\/revisions"}],"predecessor-version":[{"id":1994,"href":"https:\/\/wp.kristdemokraterna.se\/habo\/wp-json\/wp\/v2\/pages\/361\/revisions\/1994"}],"up":[{"embeddable":true,"href":"https:\/\/wp.kristdemokraterna.se\/habo\/wp-json\/wp\/v2\/pages\/34"}],"wp:attachment":[{"href":"https:\/\/wp.kristdemokraterna.se\/habo\/wp-json\/wp\/v2\/media?parent=361"}],"curies":[{"name":"wp","href":"https:\/\/api.w.org\/{rel}","templated":true}]}}