{"id":439,"date":"2013-10-29T18:38:11","date_gmt":"2013-10-29T17:38:11","guid":{"rendered":"http:\/\/wp.kristdemokraterna.se\/habo\/?page_id=439"},"modified":"2018-12-29T15:01:18","modified_gmt":"2018-12-29T14:01:18","slug":"miljonamnden","status":"publish","type":"page","link":"https:\/\/wp.kristdemokraterna.se\/habo\/politiker\/miljonamnden\/","title":{"rendered":"Milj\u00f6n\u00e4mnden"},"content":{"rendered":"<p>Gunnar Adolfsson\u00a0ordinarie ledamot<\/p>\n","protected":false},"excerpt":{"rendered":"<p>Gunnar Adolfsson\u00a0ordinarie ledamot<\/p>\n","protected":false},"author":402,"featured_media":0,"parent":34,"menu_order":0,"comment_status":"closed","ping_status":"closed","template":"","meta":{"_acf_changed":false,"footnotes":""},"class_list":["post-439","page","type-page","status-publish","hentry"],"acf":[],"yoast_head":"<!-- This site is optimized with the Yoast SEO plugin v27.4 - https:\/\/yoast.com\/product\/yoast-seo-wordpress\/ -->\n<title>Milj\u00f6n\u00e4mnden - V\u00e4lkommen till KD i Habo<\/title>\n<meta name=\"robots\" content=\"index, follow, max-snippet:-1, max-image-preview:large, max-video-preview:-1\" \/>\n<link rel=\"canonical\" href=\"https:\/\/wp.kristdemokraterna.se\/habo\/politiker\/miljonamnden\/\" \/>\n<meta property=\"og:locale\" content=\"sv_SE\" \/>\n<meta property=\"og:type\" content=\"article\" \/>\n<meta property=\"og:title\" content=\"Milj\u00f6n\u00e4mnden - V\u00e4lkommen till KD i Habo\" \/>\n<meta property=\"og:description\" content=\"Gunnar Adolfsson\u00a0ordinarie ledamot\" \/>\n<meta property=\"og:url\" content=\"https:\/\/wp.kristdemokraterna.se\/habo\/politiker\/miljonamnden\/\" \/>\n<meta property=\"og:site_name\" content=\"V\u00e4lkommen till KD i Habo\" \/>\n<meta property=\"article:modified_time\" content=\"2018-12-29T14:01:18+00:00\" \/>\n<meta name=\"twitter:card\" content=\"summary_large_image\" \/>\n<script type=\"application\/ld+json\" class=\"yoast-schema-graph\">{\"@context\":\"https:\\\/\\\/schema.org\",\"@graph\":[{\"@type\":\"WebPage\",\"@id\":\"https:\\\/\\\/wp.kristdemokraterna.se\\\/habo\\\/politiker\\\/miljonamnden\\\/\",\"url\":\"https:\\\/\\\/wp.kristdemokraterna.se\\\/habo\\\/politiker\\\/miljonamnden\\\/\",\"name\":\"Milj\u00f6n\u00e4mnden - V\u00e4lkommen till KD i Habo\",\"isPartOf\":{\"@id\":\"https:\\\/\\\/wp.kristdemokraterna.se\\\/habo\\\/#website\"},\"datePublished\":\"2013-10-29T17:38:11+00:00\",\"dateModified\":\"2018-12-29T14:01:18+00:00\",\"breadcrumb\":{\"@id\":\"https:\\\/\\\/wp.kristdemokraterna.se\\\/habo\\\/politiker\\\/miljonamnden\\\/#breadcrumb\"},\"inLanguage\":\"sv-SE\",\"potentialAction\":[{\"@type\":\"ReadAction\",\"target\":[\"https:\\\/\\\/wp.kristdemokraterna.se\\\/habo\\\/politiker\\\/miljonamnden\\\/\"]}]},{\"@type\":\"BreadcrumbList\",\"@id\":\"https:\\\/\\\/wp.kristdemokraterna.se\\\/habo\\\/politiker\\\/miljonamnden\\\/#breadcrumb\",\"itemListElement\":[{\"@type\":\"ListItem\",\"position\":1,\"name\":\"Hem\",\"item\":\"https:\\\/\\\/wp.kristdemokraterna.se\\\/habo\\\/\"},{\"@type\":\"ListItem\",\"position\":2,\"name\":\"Politiker\",\"item\":\"https:\\\/\\\/wp.kristdemokraterna.se\\\/habo\\\/politiker\\\/\"},{\"@type\":\"ListItem\",\"position\":3,\"name\":\"Milj\u00f6n\u00e4mnden\"}]},{\"@type\":\"WebSite\",\"@id\":\"https:\\\/\\\/wp.kristdemokraterna.se\\\/habo\\\/#website\",\"url\":\"https:\\\/\\\/wp.kristdemokraterna.se\\\/habo\\\/\",\"name\":\"V\u00e4lkommen till KD i Habo\",\"description\":\"Politiken ska st\u00f6dja och ge f\u00f6ruts\u00e4ttningar\",\"inLanguage\":\"sv-SE\"}]}<\/script>\n<!-- \/ Yoast SEO plugin. -->","yoast_head_json":{"title":"Milj\u00f6n\u00e4mnden - V\u00e4lkommen till KD i Habo","robots":{"index":"index","follow":"follow","max-snippet":"max-snippet:-1","max-image-preview":"max-image-preview:large","max-video-preview":"max-video-preview:-1"},"canonical":"https:\/\/wp.kristdemokraterna.se\/habo\/politiker\/miljonamnden\/","og_locale":"sv_SE","og_type":"article","og_title":"Milj\u00f6n\u00e4mnden - V\u00e4lkommen till KD i Habo","og_description":"Gunnar Adolfsson\u00a0ordinarie ledamot","og_url":"https:\/\/wp.kristdemokraterna.se\/habo\/politiker\/miljonamnden\/","og_site_name":"V\u00e4lkommen till KD i Habo","article_modified_time":"2018-12-29T14:01:18+00:00","twitter_card":"summary_large_image","schema":{"@context":"https:\/\/schema.org","@graph":[{"@type":"WebPage","@id":"https:\/\/wp.kristdemokraterna.se\/habo\/politiker\/miljonamnden\/","url":"https:\/\/wp.kristdemokraterna.se\/habo\/politiker\/miljonamnden\/","name":"Milj\u00f6n\u00e4mnden - V\u00e4lkommen till KD i Habo","isPartOf":{"@id":"https:\/\/wp.kristdemokraterna.se\/habo\/#website"},"datePublished":"2013-10-29T17:38:11+00:00","dateModified":"2018-12-29T14:01:18+00:00","breadcrumb":{"@id":"https:\/\/wp.kristdemokraterna.se\/habo\/politiker\/miljonamnden\/#breadcrumb"},"inLanguage":"sv-SE","potentialAction":[{"@type":"ReadAction","target":["https:\/\/wp.kristdemokraterna.se\/habo\/politiker\/miljonamnden\/"]}]},{"@type":"BreadcrumbList","@id":"https:\/\/wp.kristdemokraterna.se\/habo\/politiker\/miljonamnden\/#breadcrumb","itemListElement":[{"@type":"ListItem","position":1,"name":"Hem","item":"https:\/\/wp.kristdemokraterna.se\/habo\/"},{"@type":"ListItem","position":2,"name":"Politiker","item":"https:\/\/wp.kristdemokraterna.se\/habo\/politiker\/"},{"@type":"ListItem","position":3,"name":"Milj\u00f6n\u00e4mnden"}]},{"@type":"WebSite","@id":"https:\/\/wp.kristdemokraterna.se\/habo\/#website","url":"https:\/\/wp.kristdemokraterna.se\/habo\/","name":"V\u00e4lkommen till KD i Habo","description":"Politiken ska st\u00f6dja och ge f\u00f6ruts\u00e4ttningar","inLanguage":"sv-SE"}]}},"_links":{"self":[{"href":"https:\/\/wp.kristdemokraterna.se\/habo\/wp-json\/wp\/v2\/pages\/439","targetHints":{"allow":["GET"]}}],"collection":[{"href":"https:\/\/wp.kristdemokraterna.se\/habo\/wp-json\/wp\/v2\/pages"}],"about":[{"href":"https:\/\/wp.kristdemokraterna.se\/habo\/wp-json\/wp\/v2\/types\/page"}],"author":[{"embeddable":true,"href":"https:\/\/wp.kristdemokraterna.se\/habo\/wp-json\/wp\/v2\/users\/402"}],"replies":[{"embeddable":true,"href":"https:\/\/wp.kristdemokraterna.se\/habo\/wp-json\/wp\/v2\/comments?post=439"}],"version-history":[{"count":6,"href":"https:\/\/wp.kristdemokraterna.se\/habo\/wp-json\/wp\/v2\/pages\/439\/revisions"}],"predecessor-version":[{"id":1781,"href":"https:\/\/wp.kristdemokraterna.se\/habo\/wp-json\/wp\/v2\/pages\/439\/revisions\/1781"}],"up":[{"embeddable":true,"href":"https:\/\/wp.kristdemokraterna.se\/habo\/wp-json\/wp\/v2\/pages\/34"}],"wp:attachment":[{"href":"https:\/\/wp.kristdemokraterna.se\/habo\/wp-json\/wp\/v2\/media?parent=439"}],"curies":[{"name":"wp","href":"https:\/\/api.w.org\/{rel}","templated":true}]}}