{"id":1053,"date":"2014-08-03T22:07:32","date_gmt":"2014-08-03T20:07:32","guid":{"rendered":"http:\/\/wp.kristdemokraterna.se\/hakanjohansson\/?page_id=1053"},"modified":"2022-09-06T00:23:29","modified_gmt":"2022-09-05T22:23:29","slug":"mitt-politiska-cv","status":"publish","type":"page","link":"https:\/\/wp.kristdemokraterna.se\/hakanjohansson\/om-mig\/mitt-politiska-cv\/","title":{"rendered":"Mitt politiska CV"},"content":{"rendered":"<p><em>Min politiska bana inleddes med att jag gick med i KDU (Kristdemokratiska ungdomsf\u00f6rbundet) i b\u00f6rjan av 1980-talet. Det var en mycket bra skola d\u00e4r man fick m\u00f6ta andra unga kristdemokrater, tr\u00e4na sig i att debattera och uttrycka \u00e5sikter och inte minst \u2013 ha roligt! Kristdemokraterna gick jag med i n\u00e5gra \u00e5r senare. D\u00e4refter har jag engagerat mig i b\u00e5de ungdomsf\u00f6rbundet och partiet p\u00e5 olika s\u00e4tt. H\u00e4r \u00e4r mitt politiska CV.<\/em><\/p>\n<div id=\"attachment_2834\" style=\"width: 370px\" class=\"wp-caption alignnone\"><img loading=\"lazy\" decoding=\"async\" aria-describedby=\"caption-attachment-2834\" class=\"wp-image-2834 size-large\" src=\"http:\/\/wp.kristdemokraterna.se\/hakanjohansson\/files\/2022\/09\/hakanjohansson1-360x540.jpg\" alt=\"H\u00e5kan Johansson, Kristdemokraterna V\u00e4rnamo (Foto: Rickard L Eriksson)\" width=\"360\" height=\"540\" srcset=\"https:\/\/wp.kristdemokraterna.se\/hakanjohansson\/files\/2022\/09\/hakanjohansson1-360x540.jpg 360w, https:\/\/wp.kristdemokraterna.se\/hakanjohansson\/files\/2022\/09\/hakanjohansson1-200x300.jpg 200w, https:\/\/wp.kristdemokraterna.se\/hakanjohansson\/files\/2022\/09\/hakanjohansson1-768x1152.jpg 768w, https:\/\/wp.kristdemokraterna.se\/hakanjohansson\/files\/2022\/09\/hakanjohansson1-133x200.jpg 133w, https:\/\/wp.kristdemokraterna.se\/hakanjohansson\/files\/2022\/09\/hakanjohansson1-370x555.jpg 370w, https:\/\/wp.kristdemokraterna.se\/hakanjohansson\/files\/2022\/09\/hakanjohansson1-770x1155.jpg 770w, https:\/\/wp.kristdemokraterna.se\/hakanjohansson\/files\/2022\/09\/hakanjohansson1-450x675.jpg 450w, https:\/\/wp.kristdemokraterna.se\/hakanjohansson\/files\/2022\/09\/hakanjohansson1-268x402.jpg 268w, https:\/\/wp.kristdemokraterna.se\/hakanjohansson\/files\/2022\/09\/hakanjohansson1-340x510.jpg 340w, https:\/\/wp.kristdemokraterna.se\/hakanjohansson\/files\/2022\/09\/hakanjohansson1-37x56.jpg 37w, https:\/\/wp.kristdemokraterna.se\/hakanjohansson\/files\/2022\/09\/hakanjohansson1.jpg 800w\" sizes=\"auto, (max-width: 360px) 100vw, 360px\" \/><p id=\"caption-attachment-2834\" class=\"wp-caption-text\">H\u00e5kan Johansson, Kristdemokraterna V\u00e4rnamo (Foto: Rickard L Eriksson)<\/p><\/div>\n<h2>Mitt politiska CV<\/h2>\n<h3>Utbildningar<\/h3>\n<ul>\n<li><em>2011-2012:\u00a0<\/em>Kristdemokraterna i J\u00f6nk\u00f6pings l\u00e4n, VIP-utbildning.<\/li>\n<li><em>1996-2000: <\/em>Internationella Handelsh\u00f6gskolan (J\u00f6nk\u00f6ping), Statskunskap (1-50 p).<\/li>\n<li><em>1996-1997:<\/em> Kristdemokraterna i J\u00f6nk\u00f6pings l\u00e4n, Projektutbildning.<\/li>\n<\/ul>\n<h3>Uppdrag<\/h3>\n<h4>Partiuppdrag<\/h4>\n<h5>Kristdemokraterna<\/h5>\n<p>[<a title=\"Kristdemokraternas hemsida\" href=\"https:\/\/www.kristdemokraterna.se\/\" target=\"_blank\" rel=\"noopener noreferrer\">kristdemokraterna.se<\/a>]<\/p>\n<ul>\n<li>2016-: Ers\u00e4ttare och ledamot i partidistriktsstyrelsen i <a href=\"http:\/\/wp.kristdemokraterna.se\/jonkopingslan\/\" target=\"_blank\" rel=\"noopener noreferrer\">J\u00f6nk\u00f6pings l\u00e4n<\/a>.<\/li>\n<li><em>1991-:<\/em> KDU-representant, ers\u00e4ttare, ledamot och 1 vice Ordf\u00f6rande i <a title=\"Kristdemokraterna V\u00e4rnamo\" href=\"https:\/\/kristdemokraterna.se\/lokalt\/jonkopings-lan\/varnamo\/\" target=\"_blank\" rel=\"noopener noreferrer\">partiavdelningsstyrelsen<\/a>\u00a0i <a href=\"http:\/\/varnamo.kristdemokraterna.se\" target=\"_blank\" rel=\"noopener noreferrer\">V\u00e4rnamo kommun<\/a>\u00a0(lokalavdelningsstyrelsen fram till 2015). Mina ansvarsomr\u00e5den har varit information och extern kommunikation som n\u00e4rradio, hemsida (<a title=\"Kristdemokraternas hemsida V\u00e4rnamo\" href=\"http:\/\/www.varnamo.kristdemokraterna.se\" target=\"_blank\" rel=\"noopener noreferrer\">varnamo.kristdemokraterna.se<\/a>), sociala medier och presskontakter.<\/li>\n<li><em>1988-1991:<\/em> Ers\u00e4ttare i lokalavdelningsstyrelsen i Vaggeryds kommun.<\/li>\n<li><em>1986:<\/em> Jag gick med i KDS och blev KDU-representant i lokalavdelningsstyrelsen i Gislaveds kommun.<\/li>\n<\/ul>\n<h5>KDU<\/h5>\n<p>[<a title=\"KDU:s hemsida\" href=\"http:\/\/kdu.se\/\" target=\"_blank\" rel=\"noopener noreferrer\">kdu.se<\/a>]<\/p>\n<ul>\n<li><em>1993-1995:<\/em> Vice ordf\u00f6rande f\u00f6r KDU i V\u00e4rnamo kommun.<\/li>\n<li><em>1988-1991:<\/em> Styrelseledamot f\u00f6r KDU i Vaggeryds kommun.<\/li>\n<li><em>1986-1988:<\/em> Ordf\u00f6rande f\u00f6r KDU i Gislaveds kommun.<\/li>\n<li><em>1984-1994:<\/em> Ledamot i J\u00f6nk\u00f6pings l\u00e4ns distriktsstyrelse.<\/li>\n<li><em>1981:<\/em> Jag gick med i KDU och blev invald i styrelsen i Gislaveds kommun.<\/li>\n<\/ul>\n<h4>F\u00f6rtroendeuppdrag<\/h4>\n<h5>Kommun<\/h5>\n<ul>\n<li><em>2019-:<\/em> <strong><a title=\"V\u00e4rnamo kommun\" href=\"http:\/\/kommun.varnamo.se\/\" target=\"_blank\" rel=\"noopener noreferrer\">V\u00e4rnamo kommun<\/a>: <\/strong>Ledamot i <a href=\"https:\/\/kommun.varnamo.se\/kommun-och-politik\/kommunens-organisation\/kommunfullmaktige.html\">Kommunfullm\u00e4ktige<\/a> och <a href=\"https:\/\/kommun.varnamo.se\/kommun-och-politik\/kommunens-organisation\/kommunstyrelsen.html\">Kommunstyrelsen<\/a> och styrelsen f\u00f6r Stiftelsen <a title=\"Folkparken V\u00e4rnamo\" href=\"http:\/\/www.folkparkenvarnamo.se\/\" target=\"_blank\" rel=\"noopener noreferrer\">Folkets park<\/a>. 1 vice ordf\u00f6rande i <a href=\"https:\/\/kommun.varnamo.se\/kommun-och-politik\/kommunens-organisation\/namnder-och-utskott\/tekniska-utskottet.html\">Tekniska utskottet<\/a>.<\/li>\n<li><em>2015-2018:<\/em> <strong>V\u00e4rnamo kommun:\u00a0<\/strong>Ordf\u00f6rande i Samh\u00e4llsbyggnadsn\u00e4mnden\u00a0(Milj\u00f6- och stadsbyggnadsn\u00e4mnden fram till 2016-12-31), Styrelsen f\u00f6r Lagans vattenr\u00e5d, Styrelsen f\u00f6r Stiftelsen Folkets park.<\/li>\n<li><em>2011-2014:<\/em> <strong>V\u00e4rnamo kommun:\u00a0<\/strong>1 vice ordf\u00f6rande i Upphandlingsn\u00e4mnden, Styrelsen f\u00f6r Lagans vattenr\u00e5d, Styrelsen f\u00f6r Stiftelsen Folkets park.<\/li>\n<li><em>2007-2010:<\/em> <strong>V\u00e4rnamo kommun:<\/strong> Ledamot i Tekniska n\u00e4mnden, Ledamot i Handikappr\u00e5det, Ers\u00e4ttare i Kommunstyrelsen, Styrelsen f\u00f6r Lagans vattenr\u00e5d.<\/li>\n<li><em>2003-2006:<\/em> <strong>V\u00e4rnamo kommun:<\/strong> 1 vice ordf\u00f6rande i Milj\u00f6- och stadsbyggnadsn\u00e4mnden, Ers\u00e4ttare i Kommunfullm\u00e4ktige, Styrelsen f\u00f6r Lagans vattenv\u00e5rdsf\u00f6rening.<\/li>\n<li><em>1999-2002:<\/em> <strong>V\u00e4rnamo kommun:<\/strong> 1 vice ordf\u00f6rande i Milj\u00f6- och stadsbyggnadsn\u00e4mnden.<\/li>\n<li><em>1995-1998:<\/em> <strong>V\u00e4rnamo kommun:<\/strong> Ledamot i Milj\u00f6- och h\u00e4lsoskyddsn\u00e4mnden och Ers\u00e4ttare i Handikappr\u00e5det.<\/li>\n<li><em>1989-1991:<\/em> <strong>Vaggeryds kommun:<\/strong> Ers\u00e4ttare i Fritidsn\u00e4mnden och Drogpolitiska r\u00e5det.<\/li>\n<\/ul>\n<h5>Region<\/h5>\n<ul>\n<li><em>2020-: <\/em><strong><a href=\"http:\/\/rjl.se\/\" target=\"_blank\" rel=\"noopener noreferrer\">Region J\u00f6nk\u00f6pings l\u00e4n<\/a> (tidigare J\u00f6nk\u00f6pings l\u00e4ns landsting):<\/strong>\u00a03:e ers\u00e4ttare f\u00f6r ledam\u00f6ter av <a href=\"http:\/\/rjl.se\/Demokrati\/politik-moten-och-handlingar\/regionfullmaktige2\/\" target=\"_blank\" rel=\"noopener noreferrer\">Regionfullm\u00e4ktige<\/a>. Ledamot i <a href=\"https:\/\/finsamjonkopingslan.se\/finnveden\/start\">Finnvedens samordningsf\u00f6rbund<\/a> (FINSAM)<\/li>\n<li><em>2015-2018:<\/em> <strong>Region J\u00f6nk\u00f6pings l\u00e4n (tidigare J\u00f6nk\u00f6pings l\u00e4ns landsting):<\/strong>\u00a03:e ers\u00e4ttare f\u00f6r ledam\u00f6ter av Regionfullm\u00e4ktige (tidigare Landstingsfullm\u00e4ktige)<\/li>\n<\/ul>\n<h5>Domstol<\/h5>\n<ul>\n<li><em>2003-2004 (beg\u00e4rt entledigande):\u00a0<\/em><strong>L\u00e4nsr\u00e4tten i J\u00f6nk\u00f6pings l\u00e4n:<\/strong> N\u00e4mndeman<\/li>\n<li><em>1999-2002:<\/em> <strong>L\u00e4nsr\u00e4tten i J\u00f6nk\u00f6pings l\u00e4n:<\/strong> N\u00e4mndeman<\/li>\n<\/ul>\n<hr \/>\n<p>L\u00e4s mer om mig h\u00e4r:<br \/>\n[<a title=\"Om mig\" href=\"http:\/\/wp.kristdemokraterna.se\/hakanjohansson\/om-mig\/\">Om mig<\/a>]<\/p>\n","protected":false},"excerpt":{"rendered":"<p>Min politiska bana inleddes med att jag gick med i KDU (Kristdemokratiska ungdomsf\u00f6rbundet) i b\u00f6rjan av 1980-talet. Det var en mycket bra skola d\u00e4r man fick m\u00f6ta andra unga kristdemokrater, tr\u00e4na sig i att debattera och uttrycka \u00e5sikter och inte minst \u2013 ha roligt! Kristdemokraterna gick jag med i n\u00e5gra \u00e5r senare. D\u00e4refter har jag&hellip; <a class=\"read-more-link\" href=\"https:\/\/wp.kristdemokraterna.se\/hakanjohansson\/om-mig\/mitt-politiska-cv\/\">Forts\u00e4tt l\u00e4sa<\/a><\/p>\n","protected":false},"author":507,"featured_media":123,"parent":135,"menu_order":0,"comment_status":"closed","ping_status":"closed","template":"","meta":{"_acf_changed":false,"footnotes":""},"class_list":["post-1053","page","type-page","status-publish","hentry"],"acf":[],"yoast_head":"<!-- This site is optimized with the Yoast SEO plugin v27.3 - https:\/\/yoast.com\/product\/yoast-seo-wordpress\/ -->\n<title>Mitt politiska CV - H\u00e5kan Johansson, KD<\/title>\n<meta name=\"description\" content=\"Min politiska bana inleddes i b\u00f6rjan\u00a0av 1980-talet. Sedan dess har jag varit engagerad i KDU och Kristdemokraterna. H\u00e4r \u00e4r mitt politiska CV.\" \/>\n<meta name=\"robots\" content=\"index, follow, max-snippet:-1, max-image-preview:large, max-video-preview:-1\" \/>\n<link rel=\"canonical\" href=\"https:\/\/wp.kristdemokraterna.se\/hakanjohansson\/om-mig\/mitt-politiska-cv\/\" \/>\n<meta property=\"og:locale\" content=\"sv_SE\" \/>\n<meta property=\"og:type\" content=\"article\" \/>\n<meta property=\"og:title\" content=\"Mitt politiska CV - H\u00e5kan Johansson, KD\" \/>\n<meta property=\"og:description\" content=\"Min politiska bana inleddes i b\u00f6rjan\u00a0av 1980-talet. Sedan dess har jag varit engagerad i KDU och Kristdemokraterna. H\u00e4r \u00e4r mitt politiska CV.\" \/>\n<meta property=\"og:url\" content=\"https:\/\/wp.kristdemokraterna.se\/hakanjohansson\/om-mig\/mitt-politiska-cv\/\" \/>\n<meta property=\"og:site_name\" content=\"H\u00e5kan Johansson, KD\" \/>\n<meta property=\"article:modified_time\" content=\"2022-09-05T22:23:29+00:00\" \/>\n<meta property=\"og:image\" content=\"http:\/\/wp.kristdemokraterna.se\/hakanjohansson\/files\/2020\/09\/2018_hakan_inlaggsbild.jpg\" \/>\n\t<meta property=\"og:image:width\" content=\"478\" \/>\n\t<meta property=\"og:image:height\" content=\"262\" \/>\n\t<meta property=\"og:image:type\" content=\"image\/jpeg\" \/>\n<meta name=\"twitter:card\" content=\"summary_large_image\" \/>\n<meta name=\"twitter:image\" content=\"https:\/\/wp.kristdemokraterna.se\/hakanjohansson\/files\/2020\/09\/2018_hakan_inlaggsbild.jpg\" \/>\n<meta name=\"twitter:label1\" content=\"Ber\u00e4knad l\u00e4stid\" \/>\n\t<meta name=\"twitter:data1\" content=\"3 minuter\" \/>\n<script type=\"application\/ld+json\" class=\"yoast-schema-graph\">{\"@context\":\"https:\\\/\\\/schema.org\",\"@graph\":[{\"@type\":\"WebPage\",\"@id\":\"https:\\\/\\\/wp.kristdemokraterna.se\\\/hakanjohansson\\\/om-mig\\\/mitt-politiska-cv\\\/\",\"url\":\"https:\\\/\\\/wp.kristdemokraterna.se\\\/hakanjohansson\\\/om-mig\\\/mitt-politiska-cv\\\/\",\"name\":\"Mitt politiska CV - H\u00e5kan Johansson, KD\",\"isPartOf\":{\"@id\":\"https:\\\/\\\/wp.kristdemokraterna.se\\\/hakanjohansson\\\/#website\"},\"primaryImageOfPage\":{\"@id\":\"https:\\\/\\\/wp.kristdemokraterna.se\\\/hakanjohansson\\\/om-mig\\\/mitt-politiska-cv\\\/#primaryimage\"},\"image\":{\"@id\":\"https:\\\/\\\/wp.kristdemokraterna.se\\\/hakanjohansson\\\/om-mig\\\/mitt-politiska-cv\\\/#primaryimage\"},\"thumbnailUrl\":\"https:\\\/\\\/wp.kristdemokraterna.se\\\/hakanjohansson\\\/files\\\/2014\\\/06\\\/hakan_johansson_2013.png\",\"datePublished\":\"2014-08-03T20:07:32+00:00\",\"dateModified\":\"2022-09-05T22:23:29+00:00\",\"description\":\"Min politiska bana inleddes i b\u00f6rjan\u00a0av 1980-talet. Sedan dess har jag varit engagerad i KDU och Kristdemokraterna. H\u00e4r \u00e4r mitt politiska CV.\",\"breadcrumb\":{\"@id\":\"https:\\\/\\\/wp.kristdemokraterna.se\\\/hakanjohansson\\\/om-mig\\\/mitt-politiska-cv\\\/#breadcrumb\"},\"inLanguage\":\"sv-SE\",\"potentialAction\":[{\"@type\":\"ReadAction\",\"target\":[\"https:\\\/\\\/wp.kristdemokraterna.se\\\/hakanjohansson\\\/om-mig\\\/mitt-politiska-cv\\\/\"]}]},{\"@type\":\"ImageObject\",\"inLanguage\":\"sv-SE\",\"@id\":\"https:\\\/\\\/wp.kristdemokraterna.se\\\/hakanjohansson\\\/om-mig\\\/mitt-politiska-cv\\\/#primaryimage\",\"url\":\"https:\\\/\\\/wp.kristdemokraterna.se\\\/hakanjohansson\\\/files\\\/2014\\\/06\\\/hakan_johansson_2013.png\",\"contentUrl\":\"https:\\\/\\\/wp.kristdemokraterna.se\\\/hakanjohansson\\\/files\\\/2014\\\/06\\\/hakan_johansson_2013.png\",\"width\":256,\"height\":300,\"caption\":\"H\u00e5kan Johansson, Kristdemokraterna V\u00e4rnamo. (Foto: Lennart Molin)\"},{\"@type\":\"BreadcrumbList\",\"@id\":\"https:\\\/\\\/wp.kristdemokraterna.se\\\/hakanjohansson\\\/om-mig\\\/mitt-politiska-cv\\\/#breadcrumb\",\"itemListElement\":[{\"@type\":\"ListItem\",\"position\":1,\"name\":\"Hem\",\"item\":\"https:\\\/\\\/wp.kristdemokraterna.se\\\/hakanjohansson\\\/\"},{\"@type\":\"ListItem\",\"position\":2,\"name\":\"Om mig\",\"item\":\"https:\\\/\\\/wp.kristdemokraterna.se\\\/hakanjohansson\\\/om-mig\\\/\"},{\"@type\":\"ListItem\",\"position\":3,\"name\":\"Mitt politiska CV\"}]},{\"@type\":\"WebSite\",\"@id\":\"https:\\\/\\\/wp.kristdemokraterna.se\\\/hakanjohansson\\\/#website\",\"url\":\"https:\\\/\\\/wp.kristdemokraterna.se\\\/hakanjohansson\\\/\",\"name\":\"H\u00e5kan Johansson, KD\",\"description\":\"Politik, musik och teknik...\",\"inLanguage\":\"sv-SE\"}]}<\/script>\n<!-- \/ Yoast SEO plugin. -->","yoast_head_json":{"title":"Mitt politiska CV - H\u00e5kan Johansson, KD","description":"Min politiska bana inleddes i b\u00f6rjan\u00a0av 1980-talet. Sedan dess har jag varit engagerad i KDU och Kristdemokraterna. H\u00e4r \u00e4r mitt politiska CV.","robots":{"index":"index","follow":"follow","max-snippet":"max-snippet:-1","max-image-preview":"max-image-preview:large","max-video-preview":"max-video-preview:-1"},"canonical":"https:\/\/wp.kristdemokraterna.se\/hakanjohansson\/om-mig\/mitt-politiska-cv\/","og_locale":"sv_SE","og_type":"article","og_title":"Mitt politiska CV - H\u00e5kan Johansson, KD","og_description":"Min politiska bana inleddes i b\u00f6rjan\u00a0av 1980-talet. Sedan dess har jag varit engagerad i KDU och Kristdemokraterna. H\u00e4r \u00e4r mitt politiska CV.","og_url":"https:\/\/wp.kristdemokraterna.se\/hakanjohansson\/om-mig\/mitt-politiska-cv\/","og_site_name":"H\u00e5kan Johansson, KD","article_modified_time":"2022-09-05T22:23:29+00:00","og_image":[{"width":478,"height":262,"url":"http:\/\/wp.kristdemokraterna.se\/hakanjohansson\/files\/2020\/09\/2018_hakan_inlaggsbild.jpg","type":"image\/jpeg"}],"twitter_card":"summary_large_image","twitter_image":"https:\/\/wp.kristdemokraterna.se\/hakanjohansson\/files\/2020\/09\/2018_hakan_inlaggsbild.jpg","twitter_misc":{"Ber\u00e4knad l\u00e4stid":"3 minuter"},"schema":{"@context":"https:\/\/schema.org","@graph":[{"@type":"WebPage","@id":"https:\/\/wp.kristdemokraterna.se\/hakanjohansson\/om-mig\/mitt-politiska-cv\/","url":"https:\/\/wp.kristdemokraterna.se\/hakanjohansson\/om-mig\/mitt-politiska-cv\/","name":"Mitt politiska CV - H\u00e5kan Johansson, KD","isPartOf":{"@id":"https:\/\/wp.kristdemokraterna.se\/hakanjohansson\/#website"},"primaryImageOfPage":{"@id":"https:\/\/wp.kristdemokraterna.se\/hakanjohansson\/om-mig\/mitt-politiska-cv\/#primaryimage"},"image":{"@id":"https:\/\/wp.kristdemokraterna.se\/hakanjohansson\/om-mig\/mitt-politiska-cv\/#primaryimage"},"thumbnailUrl":"https:\/\/wp.kristdemokraterna.se\/hakanjohansson\/files\/2014\/06\/hakan_johansson_2013.png","datePublished":"2014-08-03T20:07:32+00:00","dateModified":"2022-09-05T22:23:29+00:00","description":"Min politiska bana inleddes i b\u00f6rjan\u00a0av 1980-talet. Sedan dess har jag varit engagerad i KDU och Kristdemokraterna. H\u00e4r \u00e4r mitt politiska CV.","breadcrumb":{"@id":"https:\/\/wp.kristdemokraterna.se\/hakanjohansson\/om-mig\/mitt-politiska-cv\/#breadcrumb"},"inLanguage":"sv-SE","potentialAction":[{"@type":"ReadAction","target":["https:\/\/wp.kristdemokraterna.se\/hakanjohansson\/om-mig\/mitt-politiska-cv\/"]}]},{"@type":"ImageObject","inLanguage":"sv-SE","@id":"https:\/\/wp.kristdemokraterna.se\/hakanjohansson\/om-mig\/mitt-politiska-cv\/#primaryimage","url":"https:\/\/wp.kristdemokraterna.se\/hakanjohansson\/files\/2014\/06\/hakan_johansson_2013.png","contentUrl":"https:\/\/wp.kristdemokraterna.se\/hakanjohansson\/files\/2014\/06\/hakan_johansson_2013.png","width":256,"height":300,"caption":"H\u00e5kan Johansson, Kristdemokraterna V\u00e4rnamo. (Foto: Lennart Molin)"},{"@type":"BreadcrumbList","@id":"https:\/\/wp.kristdemokraterna.se\/hakanjohansson\/om-mig\/mitt-politiska-cv\/#breadcrumb","itemListElement":[{"@type":"ListItem","position":1,"name":"Hem","item":"https:\/\/wp.kristdemokraterna.se\/hakanjohansson\/"},{"@type":"ListItem","position":2,"name":"Om mig","item":"https:\/\/wp.kristdemokraterna.se\/hakanjohansson\/om-mig\/"},{"@type":"ListItem","position":3,"name":"Mitt politiska CV"}]},{"@type":"WebSite","@id":"https:\/\/wp.kristdemokraterna.se\/hakanjohansson\/#website","url":"https:\/\/wp.kristdemokraterna.se\/hakanjohansson\/","name":"H\u00e5kan Johansson, KD","description":"Politik, musik och teknik...","inLanguage":"sv-SE"}]}},"_links":{"self":[{"href":"https:\/\/wp.kristdemokraterna.se\/hakanjohansson\/wp-json\/wp\/v2\/pages\/1053","targetHints":{"allow":["GET"]}}],"collection":[{"href":"https:\/\/wp.kristdemokraterna.se\/hakanjohansson\/wp-json\/wp\/v2\/pages"}],"about":[{"href":"https:\/\/wp.kristdemokraterna.se\/hakanjohansson\/wp-json\/wp\/v2\/types\/page"}],"author":[{"embeddable":true,"href":"https:\/\/wp.kristdemokraterna.se\/hakanjohansson\/wp-json\/wp\/v2\/users\/507"}],"replies":[{"embeddable":true,"href":"https:\/\/wp.kristdemokraterna.se\/hakanjohansson\/wp-json\/wp\/v2\/comments?post=1053"}],"version-history":[{"count":25,"href":"https:\/\/wp.kristdemokraterna.se\/hakanjohansson\/wp-json\/wp\/v2\/pages\/1053\/revisions"}],"predecessor-version":[{"id":2846,"href":"https:\/\/wp.kristdemokraterna.se\/hakanjohansson\/wp-json\/wp\/v2\/pages\/1053\/revisions\/2846"}],"up":[{"embeddable":true,"href":"https:\/\/wp.kristdemokraterna.se\/hakanjohansson\/wp-json\/wp\/v2\/pages\/135"}],"wp:featuredmedia":[{"embeddable":true,"href":"https:\/\/wp.kristdemokraterna.se\/hakanjohansson\/wp-json\/wp\/v2\/media\/123"}],"wp:attachment":[{"href":"https:\/\/wp.kristdemokraterna.se\/hakanjohansson\/wp-json\/wp\/v2\/media?parent=1053"}],"curies":[{"name":"wp","href":"https:\/\/api.w.org\/{rel}","templated":true}]}}