{"id":135,"date":"2014-07-13T11:56:25","date_gmt":"2014-07-13T09:56:25","guid":{"rendered":"http:\/\/wp.kristdemokraterna.se\/hakanjohansson\/?page_id=135"},"modified":"2022-09-06T00:25:54","modified_gmt":"2022-09-05T22:25:54","slug":"om-mig","status":"publish","type":"page","link":"https:\/\/wp.kristdemokraterna.se\/hakanjohansson\/om-mig\/","title":{"rendered":"Om mig"},"content":{"rendered":"<table>\n<tbody>\n<tr>\n<td style=\"border: 0px;padding: 4px\"><strong>Om mig.<\/strong><\/p>\n<p><strong>M\u00e4nniskov\u00e4rde och milj\u00f6 triggade mitt politiska engagemang en g\u00e5ng i tiden. De och andra globala \u00f6verlevnadsfr\u00e5gor som r\u00e4ttvisa, fred, solidaritet och m\u00e4nskliga r\u00e4ttigheter har alltid varit mina politiska hj\u00e4rtefr\u00e5gor.<\/strong><\/p>\n<p><strong>Jag har \u00e4ven ett stort intresse f\u00f6r ideologi och id\u00e9debatt. Det \u00e4r viktigt, inte minst f\u00f6r att Kristdemokraternas id\u00e9v\u00e4rld, personalismen, skiljer sig s\u00e5 radikalt fr\u00e5n andra ideologier.<\/strong><\/p>\n<p><strong>Det som verkligen \u00e4r viktigt i livet g\u00e5r\u00a0inte att v\u00e4rdera med kronor och \u00f6ren:\u00a0medm\u00e4nsklig omtanke, milj\u00f6 i balans,\u00a0barn som v\u00e4xer upp, goda relationer och s\u00e5 vidare.<\/strong><\/p>\n<p><strong>Just detta som man inte kan s\u00e4tta pris p\u00e5\u00a0\u00e4r precis\u00a0det som l\u00e4gger grunden f\u00f6r det goda\u00a0samh\u00e4llet \u2013 det gemensamma b\u00e4sta. Just d\u00e4rf\u00f6r \u00e4r det s\u00e5 oerh\u00f6rt viktigt! Vill man bygga det\u00a0goda samh\u00e4llet m\u00e5ste man allts\u00e5 t\u00e4nka efter noga s\u00e5 att\u00a0man b\u00f6rjar fr\u00e5n r\u00e4tt h\u00e5ll. R\u00e4tt h\u00e5ll att b\u00f6rja ifr\u00e5n \u00e4r med barns\u00a0och ungas uppv\u00e4xtvillkor som fokus.<\/strong><\/p>\n<p><strong>D\u00e4rf\u00f6r \u00e4r jag kristdemokrat!<\/strong><\/td>\n<td style=\"border: 0px;padding: 0px;vertical-align: top\">\n<p><div id=\"attachment_2834\" style=\"width: 370px\" class=\"wp-caption alignnone\"><img loading=\"lazy\" decoding=\"async\" aria-describedby=\"caption-attachment-2834\" class=\"wp-image-2834 size-large\" src=\"http:\/\/wp.kristdemokraterna.se\/hakanjohansson\/files\/2022\/09\/hakanjohansson1-360x540.jpg\" alt=\"H\u00e5kan Johansson, Kristdemokraterna V\u00e4rnamo (Foto: Rickard L Eriksson)\" width=\"360\" height=\"540\" srcset=\"https:\/\/wp.kristdemokraterna.se\/hakanjohansson\/files\/2022\/09\/hakanjohansson1-360x540.jpg 360w, https:\/\/wp.kristdemokraterna.se\/hakanjohansson\/files\/2022\/09\/hakanjohansson1-200x300.jpg 200w, https:\/\/wp.kristdemokraterna.se\/hakanjohansson\/files\/2022\/09\/hakanjohansson1-768x1152.jpg 768w, https:\/\/wp.kristdemokraterna.se\/hakanjohansson\/files\/2022\/09\/hakanjohansson1-133x200.jpg 133w, https:\/\/wp.kristdemokraterna.se\/hakanjohansson\/files\/2022\/09\/hakanjohansson1-370x555.jpg 370w, https:\/\/wp.kristdemokraterna.se\/hakanjohansson\/files\/2022\/09\/hakanjohansson1-770x1155.jpg 770w, https:\/\/wp.kristdemokraterna.se\/hakanjohansson\/files\/2022\/09\/hakanjohansson1-450x675.jpg 450w, https:\/\/wp.kristdemokraterna.se\/hakanjohansson\/files\/2022\/09\/hakanjohansson1-268x402.jpg 268w, https:\/\/wp.kristdemokraterna.se\/hakanjohansson\/files\/2022\/09\/hakanjohansson1-340x510.jpg 340w, https:\/\/wp.kristdemokraterna.se\/hakanjohansson\/files\/2022\/09\/hakanjohansson1-37x56.jpg 37w, https:\/\/wp.kristdemokraterna.se\/hakanjohansson\/files\/2022\/09\/hakanjohansson1.jpg 800w\" sizes=\"auto, (max-width: 360px) 100vw, 360px\" \/><p id=\"caption-attachment-2834\" class=\"wp-caption-text\">H\u00e5kan Johansson, Kristdemokraterna V\u00e4rnamo (Foto: Rickard L Eriksson)<\/p><\/div><\/td>\n<\/tr>\n<\/tbody>\n<\/table>\n<h2>Om mig<\/h2>\n<h3>Kristdemokrat<\/h3>\n<p>Jag har varit kristdemokrat under en l\u00e5ng f\u00f6ljd av \u00e5r nu och hunnit med en hel del i parti och politik. L\u00e4s mer om mig i mitt politiska CV:<br \/>\n[<a title=\"Mitt politiska CV\" href=\"http:\/\/wp.kristdemokraterna.se\/hakanjohansson\/om-mig\/mitt-politiska-cv\/\">Mitt politiska CV<\/a>]<\/p>\n<p>F\u00f6r n\u00e4rvarande \u00e4r jag ledamot i Kristdemokraternas partidistriktsstyrelse h\u00e4r i J\u00f6nk\u00f6pings l\u00e4n. Vidare \u00e4r jag vice ordf\u00f6rande i Kristdemokraternas partiavdelningsstyrelse h\u00e4r i V\u00e4rnamo. I V\u00e4rnamo har jag ansvar f\u00f6r avdelningens externa information som hemsida (<a title=\"Kristdemokraternas hemsida i V\u00e4rnamo\" href=\"http:\/\/www.varnamo.kristdemokraterna.se\/\" target=\"_blank\" rel=\"noopener noreferrer\">varnamo.kristdemokraterna.se<\/a>), sociala medier och kontakter med traditionella media. Jag var \u00e4ven med och producerade n\u00e4rradio p\u00e5 den tiden det begav sig.<\/p>\n<p>I kommunpolitiken \u00e4r jag gruppledare och ledamot i <a href=\"https:\/\/kommun.varnamo.se\/kommun-och-politik\/kommunens-organisation\/kommunfullmaktige.html\">Kommunfullm\u00e4ktige<\/a> och <a href=\"https:\/\/kommun.varnamo.se\/kommun-och-politik\/kommunens-organisation\/kommunstyrelsen.html\">Kommunstyrelsen<\/a>\u00a0samt 1 vice Ordf\u00f6rande i <a href=\"https:\/\/kommun.varnamo.se\/kommun-och-politik\/kommunens-organisation\/namnder-och-utskott\/tekniska-utskottet.html\">Tekniska utskottet<\/a>. Jag har \u00e4ven f\u00e5tt f\u00f6rtroendet att representera V\u00e4rnamo kommun i:<\/p>\n<ul>\n<li>styrelsen f\u00f6r <a href=\"https:\/\/www.bolmensweden.com\/\">Bolmens fiskev\u00e5rdsomr\u00e5desf\u00f6rening<\/a> (ers\u00e4ttare) och i<\/li>\n<li>styrelsen f\u00f6r Stiftelsen <a title=\"Folkets park i V\u00e4rnamo\" href=\"http:\/\/www.folkparkenvarnamo.se\/\" target=\"_blank\" rel=\"noopener noreferrer\">Folkets park<\/a><\/li>\n<\/ul>\n<p>2014\u00a0var f\u00f6rsta g\u00e5ngen jag kandiderade i b\u00e5de i kommun- och\u00a0regionvalen. Tidigare har\u00a0jag h\u00e5llit mig till kommunpolitiken. Det \u00e4r framf\u00f6r allt mitt engagemang f\u00f6r milj\u00f6, infrastruktur och kultur som som g\u00f6r att jag kan se region J\u00f6nk\u00f6pings l\u00e4n som en ny och kraftfullare plattform att utveckla de fr\u00e5gorna ifr\u00e5n. Jag hoppas \u00e4ven kunna vara med och bidra till en b\u00e4ttre nationell samordning av sjukv\u00e5rden \u2013 n\u00e5got som verkligen skulle beh\u00f6vas!<\/p>\n<p>L\u00e4s mitt valmanifest h\u00e4r:<br \/>\n[<a href=\"http:\/\/wp.kristdemokraterna.se\/hakanjohansson\/files\/2018\/07\/180603_hakanjohansson_final.pdf\" target=\"_blank\" rel=\"noopener noreferrer\">Valmanifest<\/a>]<\/p>\n<h3>Person<\/h3>\n<p>Jag arbetar som Studie- och yrkesv\u00e4gledare (SYV). N\u00e5got som verkligen g\u00f6r livet v\u00e4rt att leva f\u00f6r mig \u00e4r musik. Jag \u00e4r fritidsmusiker och spelar piano i bland annat v\u00e4rnamok\u00f6ren <a title=\"Lingon &amp; Mj\u00f6lk\" href=\"http:\/\/www.missionskyrkan.org\/musik\/lingon-mjolk_845\" target=\"_blank\" rel=\"noopener noreferrer\">Lingon &amp; Mj\u00f6lk<\/a> och i <a title=\"Gislaved Storband\" href=\"http:\/\/www.gislavedstorband.se\/\" target=\"_blank\" rel=\"noopener noreferrer\">Gislaved Storband<\/a>. Man kan v\u00e4l s\u00e4ga att jag spelar s\u00e5 mycket jag f\u00e5r\u2026<br \/>\n\ud83d\ude09<\/p>\n<p>Teknik och vetenskap har alltid intresserat mig. Det mest intressanta tycker jag \u00e4r hur teknik, m\u00e4nniskor och samh\u00e4lle p\u00e5verkar, och interagerar med, varandra. I mitt arbete, p\u00e5 min fritid och i politiken hamnar jag ofta i det gr\u00e4nssnittet och det gillar jag.<br \/>\n\ud83d\ude00<\/p>\n<p>N\u00e5got som jag \u00e4r glad \u00f6ver \u00e4r min kyrka\u00a0<a title=\"V\u00e4rnamo alliansf\u00f6rsamling\" href=\"http:\/\/varnamoallians.se\/cms2\/\" target=\"_blank\" rel=\"noopener noreferrer\">V\u00e4rnamo alliansf\u00f6rsamling<\/a>. Att fira gudstj\u00e4nst ger mig kraft och inspiration f\u00f6r vardagslivet och hj\u00e4lper mig att\u00a0f\u00e5 perspektiv p\u00e5 tillvaron\u00a0\u2013 n\u00e4r mina vardagstrivialiteter m\u00f6ter den evige faller livets pusselbitar p\u00e5 plats. Jag \u00e4r aktiv\u00a0i f\u00f6rsamlingens musikliv.<\/p>\n<h4>Organisationer<\/h4>\n<ul>\n<li>Amnesty international:\u00a0<a style=\"font-style: normal\" title=\"Amnesty international\" href=\"http:\/\/www.amnesty.se\/\" target=\"_blank\" rel=\"noopener noreferrer\">www.amnesty.se<\/a><\/li>\n<li>Kristdemokraterna:\u00a0<a title=\"Kristdemokraterna\" href=\"https:\/\/www.kristdemokraterna.se\/\" target=\"_blank\" rel=\"noopener noreferrer\">www.kristdemokraterna.se<\/a><\/li>\n<li>Kristna fredsr\u00f6relsen:\u00a0<a style=\"font-style: normal\" title=\"Kristna fredr\u00f6relsen\" href=\"http:\/\/krf.se\/\" target=\"_blank\" rel=\"noopener noreferrer\">krf.se<\/a><\/li>\n<li>L\u00e4rarnas riksf\u00f6rbund:\u00a0<a title=\"L\u00e4rarnas riksf\u00f6rbund\" href=\"http:\/\/www.lr.se\/\" target=\"_blank\" rel=\"noopener noreferrer\">www.lr.se<\/a><\/li>\n<li>Republikanska f\u00f6reningen:\u00a0<a href=\"http:\/\/repf.se\/\" target=\"_blank\" rel=\"noopener noreferrer\">repf.se<\/a><\/li>\n<\/ul>\n<h4>Min webbplats<\/h4>\n<p>Jag b\u00f6rjade blogga i liten skala 2014 och sedan har det rullat p\u00e5. L\u00e4s g\u00e4rna min blogg:<br \/>\n[<a title=\"Min blogg\" href=\"http:\/\/wp.kristdemokraterna.se\/hakanjohansson\/kategorier\/blogg\/\">Blogg<\/a>]<\/p>\n<p>I samband med att jag byggde ut bloggen till en mer komplett webbplats inf\u00f6r valet 2014 s\u00e5 uppt\u00e4ckte jag en del gammalt material (ins\u00e4ndare, motioner med mera) som fortfarande kan vara av intresse, s\u00e5 jag lade till ett arkiv med gammalt material ocks\u00e5:<br \/>\n[<a title=\"Politiskt arkiv\" href=\"http:\/\/wp.kristdemokraterna.se\/hakanjohansson\/kategorier\/arkiv\/\">Arkiv<\/a>]<\/p>\n<p>De senaste valen fram till 2010 har Kristdemokraternas hemsida i V\u00e4rnamo erbjudit m\u00f6jligheten att presentera sig sj\u00e4lv f\u00f6r v\u00e4ljarna med en egen sida. H\u00e4r \u00e4r mina presentationssidor genom val\u00e5ren:<br \/>\n<a href=\"https:\/\/wp.kristdemokraterna.se\/hakanjohansson\/om-mig\/val-2022\/\">[2022]<\/a><br \/>\n[<a href=\"http:\/\/wp.kristdemokraterna.se\/hakanjohansson\/om-mig\/val-2018\/\">2018<\/a>]<br \/>\n[<a title=\"Val 2014\" href=\"http:\/\/wp.kristdemokraterna.se\/hakanjohansson\/val-2014\/\">2014<\/a>]<br \/>\n[<a title=\"Val 2010\" href=\"http:\/\/wp.kristdemokraterna.se\/hakanjohansson\/om-mig\/val-2010\/\">2010<\/a>]<br \/>\n[<a title=\"Val 2006\" href=\"http:\/\/wp.kristdemokraterna.se\/hakanjohansson\/om-mig\/val-2006\/\">2006<\/a>]<br \/>\n[<a title=\"Val 2002\" href=\"http:\/\/wp.kristdemokraterna.se\/hakanjohansson\/om-mig\/val-2002\/\">2002<\/a>]<br \/>\n[<a title=\"Val 1998\" href=\"http:\/\/wp.kristdemokraterna.se\/hakanjohansson\/om-mig\/val-1998\/\">1998<\/a>]<\/p>\n","protected":false},"excerpt":{"rendered":"<p>Om mig. M\u00e4nniskov\u00e4rde och milj\u00f6 triggade mitt politiska engagemang en g\u00e5ng i tiden. De och andra globala \u00f6verlevnadsfr\u00e5gor som r\u00e4ttvisa, fred, solidaritet och m\u00e4nskliga r\u00e4ttigheter har alltid varit mina politiska hj\u00e4rtefr\u00e5gor. Jag har \u00e4ven ett stort intresse f\u00f6r ideologi och id\u00e9debatt. Det \u00e4r viktigt, inte minst f\u00f6r att Kristdemokraternas id\u00e9v\u00e4rld, personalismen, skiljer sig s\u00e5 radikalt&hellip; <a class=\"read-more-link\" href=\"https:\/\/wp.kristdemokraterna.se\/hakanjohansson\/om-mig\/\">Forts\u00e4tt l\u00e4sa<\/a><\/p>\n","protected":false},"author":507,"featured_media":123,"parent":0,"menu_order":0,"comment_status":"closed","ping_status":"closed","template":"","meta":{"_acf_changed":false,"footnotes":""},"class_list":["post-135","page","type-page","status-publish","hentry"],"acf":[],"yoast_head":"<!-- This site is optimized with the Yoast SEO plugin v27.3 - https:\/\/yoast.com\/product\/yoast-seo-wordpress\/ -->\n<title>Om mig - H\u00e5kan Johansson, KD<\/title>\n<meta name=\"description\" content=\"M\u00e4nniskov\u00e4rde och milj\u00f6 triggade mitt politiska engagemang en g\u00e5ng i tiden. D\u00e4rf\u00f6r \u00e4r jag kristdemokrat. H\u00e4r kan du l\u00e4sa mer om mig.\" \/>\n<meta name=\"robots\" content=\"index, follow, max-snippet:-1, max-image-preview:large, max-video-preview:-1\" \/>\n<link rel=\"canonical\" href=\"https:\/\/wp.kristdemokraterna.se\/hakanjohansson\/om-mig\/\" \/>\n<meta property=\"og:locale\" content=\"sv_SE\" \/>\n<meta property=\"og:type\" content=\"article\" \/>\n<meta property=\"og:title\" content=\"Om mig - H\u00e5kan Johansson, KD\" \/>\n<meta property=\"og:description\" content=\"M\u00e4nniskov\u00e4rde och milj\u00f6 triggade mitt politiska engagemang en g\u00e5ng i tiden. D\u00e4rf\u00f6r \u00e4r jag kristdemokrat. H\u00e4r kan du l\u00e4sa mer om mig.\" \/>\n<meta property=\"og:url\" content=\"https:\/\/wp.kristdemokraterna.se\/hakanjohansson\/om-mig\/\" \/>\n<meta property=\"og:site_name\" content=\"H\u00e5kan Johansson, KD\" \/>\n<meta property=\"article:modified_time\" content=\"2022-09-05T22:25:54+00:00\" \/>\n<meta property=\"og:image\" content=\"http:\/\/wp.kristdemokraterna.se\/hakanjohansson\/files\/2020\/09\/2018_hakan_inlaggsbild.jpg\" \/>\n\t<meta property=\"og:image:width\" content=\"478\" \/>\n\t<meta property=\"og:image:height\" content=\"262\" \/>\n\t<meta property=\"og:image:type\" content=\"image\/jpeg\" \/>\n<meta name=\"twitter:card\" content=\"summary_large_image\" \/>\n<meta name=\"twitter:image\" content=\"https:\/\/wp.kristdemokraterna.se\/hakanjohansson\/files\/2020\/09\/2018_hakan_inlaggsbild.jpg\" \/>\n<meta name=\"twitter:label1\" content=\"Ber\u00e4knad l\u00e4stid\" \/>\n\t<meta name=\"twitter:data1\" content=\"4 minuter\" \/>\n<script type=\"application\/ld+json\" class=\"yoast-schema-graph\">{\"@context\":\"https:\\\/\\\/schema.org\",\"@graph\":[{\"@type\":\"WebPage\",\"@id\":\"https:\\\/\\\/wp.kristdemokraterna.se\\\/hakanjohansson\\\/om-mig\\\/\",\"url\":\"https:\\\/\\\/wp.kristdemokraterna.se\\\/hakanjohansson\\\/om-mig\\\/\",\"name\":\"Om mig - H\u00e5kan Johansson, KD\",\"isPartOf\":{\"@id\":\"https:\\\/\\\/wp.kristdemokraterna.se\\\/hakanjohansson\\\/#website\"},\"primaryImageOfPage\":{\"@id\":\"https:\\\/\\\/wp.kristdemokraterna.se\\\/hakanjohansson\\\/om-mig\\\/#primaryimage\"},\"image\":{\"@id\":\"https:\\\/\\\/wp.kristdemokraterna.se\\\/hakanjohansson\\\/om-mig\\\/#primaryimage\"},\"thumbnailUrl\":\"https:\\\/\\\/wp.kristdemokraterna.se\\\/hakanjohansson\\\/files\\\/2014\\\/06\\\/hakan_johansson_2013.png\",\"datePublished\":\"2014-07-13T09:56:25+00:00\",\"dateModified\":\"2022-09-05T22:25:54+00:00\",\"description\":\"M\u00e4nniskov\u00e4rde och milj\u00f6 triggade mitt politiska engagemang en g\u00e5ng i tiden. D\u00e4rf\u00f6r \u00e4r jag kristdemokrat. H\u00e4r kan du l\u00e4sa mer om mig.\",\"breadcrumb\":{\"@id\":\"https:\\\/\\\/wp.kristdemokraterna.se\\\/hakanjohansson\\\/om-mig\\\/#breadcrumb\"},\"inLanguage\":\"sv-SE\",\"potentialAction\":[{\"@type\":\"ReadAction\",\"target\":[\"https:\\\/\\\/wp.kristdemokraterna.se\\\/hakanjohansson\\\/om-mig\\\/\"]}]},{\"@type\":\"ImageObject\",\"inLanguage\":\"sv-SE\",\"@id\":\"https:\\\/\\\/wp.kristdemokraterna.se\\\/hakanjohansson\\\/om-mig\\\/#primaryimage\",\"url\":\"https:\\\/\\\/wp.kristdemokraterna.se\\\/hakanjohansson\\\/files\\\/2014\\\/06\\\/hakan_johansson_2013.png\",\"contentUrl\":\"https:\\\/\\\/wp.kristdemokraterna.se\\\/hakanjohansson\\\/files\\\/2014\\\/06\\\/hakan_johansson_2013.png\",\"width\":256,\"height\":300,\"caption\":\"H\u00e5kan Johansson, Kristdemokraterna V\u00e4rnamo. (Foto: Lennart Molin)\"},{\"@type\":\"BreadcrumbList\",\"@id\":\"https:\\\/\\\/wp.kristdemokraterna.se\\\/hakanjohansson\\\/om-mig\\\/#breadcrumb\",\"itemListElement\":[{\"@type\":\"ListItem\",\"position\":1,\"name\":\"Hem\",\"item\":\"https:\\\/\\\/wp.kristdemokraterna.se\\\/hakanjohansson\\\/\"},{\"@type\":\"ListItem\",\"position\":2,\"name\":\"Om mig\"}]},{\"@type\":\"WebSite\",\"@id\":\"https:\\\/\\\/wp.kristdemokraterna.se\\\/hakanjohansson\\\/#website\",\"url\":\"https:\\\/\\\/wp.kristdemokraterna.se\\\/hakanjohansson\\\/\",\"name\":\"H\u00e5kan Johansson, KD\",\"description\":\"Politik, musik och teknik...\",\"inLanguage\":\"sv-SE\"}]}<\/script>\n<!-- \/ Yoast SEO plugin. -->","yoast_head_json":{"title":"Om mig - H\u00e5kan Johansson, KD","description":"M\u00e4nniskov\u00e4rde och milj\u00f6 triggade mitt politiska engagemang en g\u00e5ng i tiden. D\u00e4rf\u00f6r \u00e4r jag kristdemokrat. H\u00e4r kan du l\u00e4sa mer om mig.","robots":{"index":"index","follow":"follow","max-snippet":"max-snippet:-1","max-image-preview":"max-image-preview:large","max-video-preview":"max-video-preview:-1"},"canonical":"https:\/\/wp.kristdemokraterna.se\/hakanjohansson\/om-mig\/","og_locale":"sv_SE","og_type":"article","og_title":"Om mig - H\u00e5kan Johansson, KD","og_description":"M\u00e4nniskov\u00e4rde och milj\u00f6 triggade mitt politiska engagemang en g\u00e5ng i tiden. D\u00e4rf\u00f6r \u00e4r jag kristdemokrat. H\u00e4r kan du l\u00e4sa mer om mig.","og_url":"https:\/\/wp.kristdemokraterna.se\/hakanjohansson\/om-mig\/","og_site_name":"H\u00e5kan Johansson, KD","article_modified_time":"2022-09-05T22:25:54+00:00","og_image":[{"width":478,"height":262,"url":"http:\/\/wp.kristdemokraterna.se\/hakanjohansson\/files\/2020\/09\/2018_hakan_inlaggsbild.jpg","type":"image\/jpeg"}],"twitter_card":"summary_large_image","twitter_image":"https:\/\/wp.kristdemokraterna.se\/hakanjohansson\/files\/2020\/09\/2018_hakan_inlaggsbild.jpg","twitter_misc":{"Ber\u00e4knad l\u00e4stid":"4 minuter"},"schema":{"@context":"https:\/\/schema.org","@graph":[{"@type":"WebPage","@id":"https:\/\/wp.kristdemokraterna.se\/hakanjohansson\/om-mig\/","url":"https:\/\/wp.kristdemokraterna.se\/hakanjohansson\/om-mig\/","name":"Om mig - H\u00e5kan Johansson, KD","isPartOf":{"@id":"https:\/\/wp.kristdemokraterna.se\/hakanjohansson\/#website"},"primaryImageOfPage":{"@id":"https:\/\/wp.kristdemokraterna.se\/hakanjohansson\/om-mig\/#primaryimage"},"image":{"@id":"https:\/\/wp.kristdemokraterna.se\/hakanjohansson\/om-mig\/#primaryimage"},"thumbnailUrl":"https:\/\/wp.kristdemokraterna.se\/hakanjohansson\/files\/2014\/06\/hakan_johansson_2013.png","datePublished":"2014-07-13T09:56:25+00:00","dateModified":"2022-09-05T22:25:54+00:00","description":"M\u00e4nniskov\u00e4rde och milj\u00f6 triggade mitt politiska engagemang en g\u00e5ng i tiden. D\u00e4rf\u00f6r \u00e4r jag kristdemokrat. H\u00e4r kan du l\u00e4sa mer om mig.","breadcrumb":{"@id":"https:\/\/wp.kristdemokraterna.se\/hakanjohansson\/om-mig\/#breadcrumb"},"inLanguage":"sv-SE","potentialAction":[{"@type":"ReadAction","target":["https:\/\/wp.kristdemokraterna.se\/hakanjohansson\/om-mig\/"]}]},{"@type":"ImageObject","inLanguage":"sv-SE","@id":"https:\/\/wp.kristdemokraterna.se\/hakanjohansson\/om-mig\/#primaryimage","url":"https:\/\/wp.kristdemokraterna.se\/hakanjohansson\/files\/2014\/06\/hakan_johansson_2013.png","contentUrl":"https:\/\/wp.kristdemokraterna.se\/hakanjohansson\/files\/2014\/06\/hakan_johansson_2013.png","width":256,"height":300,"caption":"H\u00e5kan Johansson, Kristdemokraterna V\u00e4rnamo. (Foto: Lennart Molin)"},{"@type":"BreadcrumbList","@id":"https:\/\/wp.kristdemokraterna.se\/hakanjohansson\/om-mig\/#breadcrumb","itemListElement":[{"@type":"ListItem","position":1,"name":"Hem","item":"https:\/\/wp.kristdemokraterna.se\/hakanjohansson\/"},{"@type":"ListItem","position":2,"name":"Om mig"}]},{"@type":"WebSite","@id":"https:\/\/wp.kristdemokraterna.se\/hakanjohansson\/#website","url":"https:\/\/wp.kristdemokraterna.se\/hakanjohansson\/","name":"H\u00e5kan Johansson, KD","description":"Politik, musik och teknik...","inLanguage":"sv-SE"}]}},"_links":{"self":[{"href":"https:\/\/wp.kristdemokraterna.se\/hakanjohansson\/wp-json\/wp\/v2\/pages\/135","targetHints":{"allow":["GET"]}}],"collection":[{"href":"https:\/\/wp.kristdemokraterna.se\/hakanjohansson\/wp-json\/wp\/v2\/pages"}],"about":[{"href":"https:\/\/wp.kristdemokraterna.se\/hakanjohansson\/wp-json\/wp\/v2\/types\/page"}],"author":[{"embeddable":true,"href":"https:\/\/wp.kristdemokraterna.se\/hakanjohansson\/wp-json\/wp\/v2\/users\/507"}],"replies":[{"embeddable":true,"href":"https:\/\/wp.kristdemokraterna.se\/hakanjohansson\/wp-json\/wp\/v2\/comments?post=135"}],"version-history":[{"count":41,"href":"https:\/\/wp.kristdemokraterna.se\/hakanjohansson\/wp-json\/wp\/v2\/pages\/135\/revisions"}],"predecessor-version":[{"id":2847,"href":"https:\/\/wp.kristdemokraterna.se\/hakanjohansson\/wp-json\/wp\/v2\/pages\/135\/revisions\/2847"}],"wp:featuredmedia":[{"embeddable":true,"href":"https:\/\/wp.kristdemokraterna.se\/hakanjohansson\/wp-json\/wp\/v2\/media\/123"}],"wp:attachment":[{"href":"https:\/\/wp.kristdemokraterna.se\/hakanjohansson\/wp-json\/wp\/v2\/media?parent=135"}],"curies":[{"name":"wp","href":"https:\/\/api.w.org\/{rel}","templated":true}]}}