{"id":142,"date":"2014-08-01T20:13:09","date_gmt":"2014-08-01T18:13:09","guid":{"rendered":"http:\/\/wp.kristdemokraterna.se\/hakanjohansson\/?page_id=142"},"modified":"2017-04-19T19:19:24","modified_gmt":"2017-04-19T17:19:24","slug":"val-2014","status":"publish","type":"page","link":"https:\/\/wp.kristdemokraterna.se\/hakanjohansson\/om-mig\/val-2014\/","title":{"rendered":"Val 2014"},"content":{"rendered":"<div style=\"text-align: center;border-top-color: #073192;border-bottom-color: #073192;border-top-width: 2px;border-bottom-width: 2px;border-top-style: solid;border-bottom-style: solid\">[<a title=\"Om H\u00e5kan Johansson\" href=\"#om\">Om mig<\/a>] | [<a title=\"Mitt valmanifest\" href=\"#manifest\">Valmanifest<\/a>] | [<a title=\"Mina valsedlar\" href=\"#valsedlar\">Valsedlar<\/a>] | [<a title=\"Kontakta mig g\u00e4rna\" href=\"#kontakt\">Kontakt<\/a>] | [<a title=\"Mitt valmaterial\" href=\"#material\">Valmaterial<\/a>]<\/div>\n<h2 id=\"om\"><a href=\"http:\/\/wp.kristdemokraterna.se\/hakanjohansson\/files\/2014\/08\/2014_val_hakanjohansson.png\"><img loading=\"lazy\" decoding=\"async\" class=\"alignnone wp-image-1083 size-full\" title=\"H\u00e5kan Johansson\" src=\"http:\/\/wp.kristdemokraterna.se\/hakanjohansson\/files\/2014\/08\/2014_val_hakanjohansson.png\" alt=\"H\u00e5kan Johansson\" width=\"580\" height=\"40\" srcset=\"https:\/\/wp.kristdemokraterna.se\/hakanjohansson\/files\/2014\/08\/2014_val_hakanjohansson.png 580w, https:\/\/wp.kristdemokraterna.se\/hakanjohansson\/files\/2014\/08\/2014_val_hakanjohansson-300x20.png 300w, https:\/\/wp.kristdemokraterna.se\/hakanjohansson\/files\/2014\/08\/2014_val_hakanjohansson-540x37.png 540w, https:\/\/wp.kristdemokraterna.se\/hakanjohansson\/files\/2014\/08\/2014_val_hakanjohansson-576x39.png 576w, https:\/\/wp.kristdemokraterna.se\/hakanjohansson\/files\/2014\/08\/2014_val_hakanjohansson-186x12.png 186w\" sizes=\"auto, (max-width: 580px) 100vw, 580px\" \/><\/a><\/h2>\n<div style=\"border: 2px solid #073192;margin-bottom: 12px\">\n<ul>\n<li>Kandidat i kommun- och\u00a0landstingsvalen, 53 \u00e5r, V\u00e4rnamo<\/li>\n<li>Studie- och yrkesv\u00e4gledare<\/li>\n<li>1 v ordf i Upphandlingsn\u00e4mnden<\/li>\n<li>Musiker och teknikentusiast<\/li>\n<\/ul>\n<\/div>\n<table style=\"background-color: #073192;color: #ffffff;margin-bottom: 8px\">\n<tbody>\n<tr>\n<td style=\"border: 0px;padding: 0px;padding-left: 4px\">\n<p><div id=\"attachment_147\" style=\"width: 240px\" class=\"wp-caption alignleft\"><a href=\"http:\/\/wp.kristdemokraterna.se\/hakanjohansson\/files\/2014\/06\/hakanjohansson_3312.png\"><img loading=\"lazy\" decoding=\"async\" aria-describedby=\"caption-attachment-147\" class=\"wp-image-147 size-full\" src=\"http:\/\/wp.kristdemokraterna.se\/hakanjohansson\/files\/2014\/06\/hakanjohansson_3312.png\" alt=\"H\u00e5kan Johansson, kandidat i kommun- och landstingsvalen. (Foto: Lennart Molin)\" width=\"230\" height=\"303\" srcset=\"https:\/\/wp.kristdemokraterna.se\/hakanjohansson\/files\/2014\/06\/hakanjohansson_3312.png 230w, https:\/\/wp.kristdemokraterna.se\/hakanjohansson\/files\/2014\/06\/hakanjohansson_3312-227x300.png 227w, https:\/\/wp.kristdemokraterna.se\/hakanjohansson\/files\/2014\/06\/hakanjohansson_3312-85x112.png 85w\" sizes=\"auto, (max-width: 230px) 100vw, 230px\" \/><\/a><p id=\"caption-attachment-147\" class=\"wp-caption-text\">H\u00e5kan Johansson, kandidat i kommun- och landstingsvalen. (Foto: Lennart Molin)<\/p><\/div><\/td>\n<td style=\"border: 0px;vertical-align: top;padding: 4px\"><strong>M\u00e4nniskov\u00e4rde och milj\u00f6 triggade mitt\u00a0politiska engagemang en g\u00e5ng i tiden.\u00a0De och andra globala \u00f6verlevnadsfr\u00e5gor\u00a0som r\u00e4ttvisa, fred, solidaritet och\u00a0m\u00e4nskliga r\u00e4ttigheter har alltid varit\u00a0mina politiska riktningsgivare.<\/strong><\/p>\n<p><strong>Det som verkligen \u00e4r viktigt i livet g\u00e5r\u00a0inte att v\u00e4rdera med kronor och \u00f6ren:\u00a0medm\u00e4nsklig omtanke, milj\u00f6 i balans,\u00a0barn som v\u00e4xer upp, goda relationer&#8230;<\/strong><\/p>\n<p><strong>Just detta som man inte kan s\u00e4tta pris p\u00e5\u00a0\u00e4r det som l\u00e4gger grunden f\u00f6r det goda\u00a0samh\u00e4llet \u2013 det gemensamma b\u00e4sta. Det\u00a0goda samh\u00e4llet kan man bara bygga om\u00a0man b\u00f6rjar fr\u00e5n r\u00e4tt h\u00e5ll \u2013 med barns\u00a0och ungas uppv\u00e4xtvillkor.<\/strong><\/p>\n<p><strong><em>I valet den 14 september v\u00e4ljer du riktning.\u00a0Min riktning \u00e4r att alla m\u00e4nniskor\u00a0h\u00f6r ihop i \u00a0en stor gemenskap \u2013 det som\u00a0\u00e4r bra f\u00f6r V\u00e4rlden \u00e4r bra f\u00f6r V\u00e4rnamo!<\/em><\/strong><\/td>\n<\/tr>\n<\/tbody>\n<\/table>\n<h2 id=\"manifest\"><a href=\"http:\/\/wp.kristdemokraterna.se\/hakanjohansson\/files\/2014\/08\/2014_val_mittvalmanifest.png\"><img loading=\"lazy\" decoding=\"async\" class=\"alignnone wp-image-1085 size-full\" title=\"Mitt valmanifest\" src=\"http:\/\/wp.kristdemokraterna.se\/hakanjohansson\/files\/2014\/08\/2014_val_mittvalmanifest.png\" alt=\"Mitt valmanifest\" width=\"667\" height=\"40\" \/><\/a><\/h2>\n<h3>I kreativ riktning<\/h3>\n<p><span style=\"color: #073192\"><strong>V\u00e4gen till V\u00e4rnamo<\/strong><\/span> ifr\u00e5n s\u00f6der bjuder\u00a0p\u00e5 en magnifik rondellskulptur &#8211; Riktning av Per Inge Bj\u00f8rlo. Den st\u00e5r\u00a0d\u00e4r v\u00e4garna m\u00f6ts \u2013 d\u00e4r m\u00e4nniskor m\u00f6ts.\u00a0Allra b\u00e4st g\u00f6r den sig p\u00e5 natten d\u00e5 den\u00a0sprider ljus i alla riktningar.<\/p>\n<p><span style=\"color: #073192\"><strong>D\u00e4r m\u00e4nniskor m\u00f6ts<\/strong><\/span> uppst\u00e5r\u00a0kreativitet \u2013 samtal, handel, samarbete,\u00a0l\u00e4rande, hantverk, konkurrens, konst,\u00a0yrkesskicklighet&#8230; D\u00e4r skapas kultur!<\/p>\n<p><span style=\"color: #073192\"><strong>V\u00e4rnamo som kreativ<\/strong><\/span> kommun m\u00e4rks\u00a0redan p\u00e5 andra sidan rondellen. D\u00e4r, p\u00e5\u00a0urgammal kulturmark, ligger\u00a0Vandalorum, centrum f\u00f6r konst och\u00a0design, och p\u00e5minner om utvecklingen\u00a0\u2013 M\u00f6belriket, f\u00f6retagarandan,\u00a0konsthantverket och de m\u00e5nga\u00a0industrier som grundar sin framg\u00e5ng p\u00e5\u00a0b\u00e5de funktion och form.<\/p>\n<p><span style=\"color: #073192\"><strong>F\u00f6retagare rankar ofta<\/strong><\/span> V\u00e4rnamos\u00a0n\u00e4ringslivsklimat h\u00f6gt. N\u00e4ringslivet\u00a0m\u00e5ste ha goda m\u00f6jligheter att forts\u00e4tta\u00a0utvecklas med utbyggd infrastruktur,\u00a0lite kr\u00e5ngel, positiv kommunledning\u00a0och byggklar industrimark.<\/p>\n<p><span style=\"color: #073192\"><strong>V\u00e4rnamo som bildningskommun<\/strong><\/span> har\u00a0skolor d\u00e4r eleverna trivs och n\u00e5r bra\u00a0resultat. H\u00e4r finns f\u00f6rskolor, folkh\u00f6gskola\u00a0och h\u00f6gskolecampus. Kommunen\u00a0m\u00e5ste \u00f6ppna f\u00f6r fler huvudm\u00e4n och ge\u00a0alla likv\u00e4rdiga och r\u00e4ttvisa m\u00f6jligheter.<\/p>\n<p><span style=\"color: #073192\"><strong>I Gummifabriken m\u00f6ts<\/strong><\/span> alla dessa\u00a0riktningar \u2013 kultur, n\u00e4ringsliv och\u00a0akademi. D\u00e4r m\u00e4nniskor m\u00f6ts uppst\u00e5r\u00a0kreativitet. N\u00e4r kreativiteten f\u00e5r tusen\u00a0blommor att blomma formas de b\u00e4sta f\u00f6ruts\u00e4ttningarna f\u00f6r en ljus framtid!<\/p>\n<p><span style=\"color: #073192\"><strong>V\u00e4rnamo som ekokommun<\/strong><\/span> lever i\u00a0samklang med milj\u00f6n. Efter rondellen\u00a0ser man skog, sj\u00f6, \u00e5ker och stad breda ut\u00a0sig. I V\u00e4rnamo ska det vara l\u00e4tt att g\u00f6ra\u00a0milj\u00f6- och klimatsmarta val. Det ska finnas bredband \u00f6verallt. Fj\u00e4rrv\u00e4rme och\u00a0sol- och vindenergi ska byggas ut. Det ska finnas gott om s\u00e4kra cykelv\u00e4gar,\u00a0kollektivtrafik och alternativa\u00a0bilbr\u00e4nslen. Det skapar potential f\u00f6r nya kreativa innovationer \u2013 ny industri med\u00a0milj\u00f6- och energismarta produkter.<\/p>\n<h3>I framtidens riktning<\/h3>\n<p>Jag brinner f\u00f6r ett socialt, ekologiskt och ekonomiskt h\u00e5llbart samh\u00e4lle som pr\u00e4glas\u00a0av solidaritet och medm\u00e4nsklighet. D\u00e4rf\u00f6r arbetar jag f\u00f6r mer makt \u00e5t samh\u00e4llets\u00a0grundl\u00e4ggande gemenskaper \u2013 Familjen, F\u00f6reningslivet och F\u00f6retagandet.<\/p>\n<ul>\n<li>Mer fj\u00e4rrv\u00e4rme i hela kommunen.<\/li>\n<li>Planera milj\u00f6- och energismart.<\/li>\n<li>Utveckla Campus V\u00e4rnamo.<\/li>\n<li>Mer valfrihet i skola och omsorg.<\/li>\n<li>Bygg Bryggarebron snarast \u2013 f\u00f6r handelns och barnens skull.<\/li>\n<li>Anta policy mot osund konkurrens.<\/li>\n<li>Mer social och lokal upphandling.<\/li>\n<li>\u00d6ka tillg\u00e4ngligheten.<\/li>\n<li>HBT-diplomera skola, v\u00e5rd och omsorg.<\/li>\n<li>Skynda p\u00e5 Europakorridoren.<\/li>\n<li>H\u00f6j standarden p\u00e5 riksv\u00e4g 27 \u2013 b\u00f6rja med f\u00f6rbifart Bor.<\/li>\n<li>\u00d6ka statens makt \u00f6ver sjukv\u00e5rden.<\/li>\n<li>Mer kultur, g\u00e4rna musik, i v\u00e5rd och omsorg \u2013 f\u00f6r gemenskap och h\u00e4lsa.<\/li>\n<li>K\u00f6fri barn- och ungdomspsykiatri.<\/li>\n<li>Utveckla v\u00e5rden i livets slutskede.<\/li>\n<li>Kompiskort p\u00e5 L\u00e4nstrafiken s\u00e5 att funktionsnedsatta kan ta med en v\u00e4n.<\/li>\n<li>Inf\u00f6r en skolkulturgaranti till professionell kultur f\u00f6r alla elever.<\/li>\n<\/ul>\n<h2 id=\"valsedlar\"><a href=\"http:\/\/wp.kristdemokraterna.se\/hakanjohansson\/files\/2014\/08\/2014_val_minavalsedlarl.png\"><img loading=\"lazy\" decoding=\"async\" class=\"alignnone size-full wp-image-1096\" src=\"http:\/\/wp.kristdemokraterna.se\/hakanjohansson\/files\/2014\/08\/2014_val_minavalsedlarl.png\" alt=\"2014_Val_MinaValsedlarl\" width=\"667\" height=\"40\" \/><\/a><\/h2>\n<p>I valet till V\u00e4rnamo kommunfullm\u00e4ktige st\u00e5r jag p\u00e5 tredje plats p\u00e5 valsedeln V\u00e4rnamo v\u00e4stra kommundel (0068-08820) och tolfte\u00a0plats p\u00e5 valsedeln V\u00e4rnamo kommun (0068-08815).<\/p>\n<p>I valet till J\u00f6nk\u00f6pings l\u00e4ns landstingsfullm\u00e4ktige st\u00e5r jag p\u00e5 sj\u00e4tte plats p\u00e5 valsedeln\u00a0Vaggeryds och V\u00e4rnamo kommuner<br \/>\n(0068-08320).<\/p>\n<div id=\"attachment_1319\" style=\"width: 860px\" class=\"wp-caption alignnone\"><a href=\"http:\/\/wp.kristdemokraterna.se\/hakanjohansson\/files\/2014\/09\/2014_val_valsedlar.jpg\"><img loading=\"lazy\" decoding=\"async\" aria-describedby=\"caption-attachment-1319\" class=\"wp-image-1319 size-full\" title=\"Mina valsedlar - f\u00e4rdigkryssade och klara. V\u00e4lj g\u00e4rna en eller b\u00e5da du ocks\u00e5... :) (Foto: H\u00e5kan Johansson)\" src=\"http:\/\/wp.kristdemokraterna.se\/hakanjohansson\/files\/2014\/09\/2014_val_valsedlar.jpg\" alt=\"Mina valsedlar - f\u00e4rdigkryssade och klara. V\u00e4lj g\u00e4rna en eller b\u00e5da du ocks\u00e5... :) (Foto: H\u00e5kan Johansson)\" width=\"850\" height=\"524\" srcset=\"https:\/\/wp.kristdemokraterna.se\/hakanjohansson\/files\/2014\/09\/2014_val_valsedlar.jpg 850w, https:\/\/wp.kristdemokraterna.se\/hakanjohansson\/files\/2014\/09\/2014_val_valsedlar-300x184.jpg 300w, https:\/\/wp.kristdemokraterna.se\/hakanjohansson\/files\/2014\/09\/2014_val_valsedlar-540x332.jpg 540w\" sizes=\"auto, (max-width: 850px) 100vw, 850px\" \/><\/a><p id=\"caption-attachment-1319\" class=\"wp-caption-text\">Mina valsedlar &#8211; f\u00e4rdigkryssade och klara. V\u00e4lj g\u00e4rna en eller b\u00e5da du ocks\u00e5&#8230; \ud83d\ude42 (Foto: H\u00e5kan Johansson)<\/p><\/div>\n<h2><a href=\"http:\/\/wp.kristdemokraterna.se\/hakanjohansson\/files\/2014\/08\/2014_val_kontaktamiggarna.png\"><img loading=\"lazy\" decoding=\"async\" class=\"alignnone wp-image-1084 size-full\" title=\"Kontakta mig g\u00e4rna\" src=\"http:\/\/wp.kristdemokraterna.se\/hakanjohansson\/files\/2014\/08\/2014_val_kontaktamiggarna.png\" alt=\"Kontakta mig g\u00e4rna\" width=\"580\" height=\"40\" srcset=\"https:\/\/wp.kristdemokraterna.se\/hakanjohansson\/files\/2014\/08\/2014_val_kontaktamiggarna.png 580w, https:\/\/wp.kristdemokraterna.se\/hakanjohansson\/files\/2014\/08\/2014_val_kontaktamiggarna-300x20.png 300w, https:\/\/wp.kristdemokraterna.se\/hakanjohansson\/files\/2014\/08\/2014_val_kontaktamiggarna-540x37.png 540w, https:\/\/wp.kristdemokraterna.se\/hakanjohansson\/files\/2014\/08\/2014_val_kontaktamiggarna-576x39.png 576w, https:\/\/wp.kristdemokraterna.se\/hakanjohansson\/files\/2014\/08\/2014_val_kontaktamiggarna-186x12.png 186w\" sizes=\"auto, (max-width: 580px) 100vw, 580px\" \/><\/a><\/h2>\n<ul>\n<li>Hemsida: <a title=\"Min hemsida\" href=\"wp.kristdemokraterna.se\/hakanjohansson\">wp.kristdemokraterna.se\/hakanjohansson<\/a><\/li>\n<li>e-post: <a title=\"Min e-postadress\" href=\"mailto:hakan.johansson@kristdemokraterna.se\" target=\"_blank\">hakan.johansson@kristdemokraterna.se<\/a><\/li>\n<li>Gilla mig p\u00e5 Facebook: <a title=\"Gilla mig p\u00e5 Facebook\" href=\"https:\/\/www.facebook.com\/hakanjohansson.KD\" target=\"_blank\">H\u00e5kan Johansson \u2013 KD<\/a><\/li>\n<li>F\u00f6lj mig p\u00e5 Twitter: <a title=\"F\u00f6lj mig p\u00e5 Twitter\" href=\"https:\/\/twitter.com\/hakanjohansson\" target=\"_blank\">@hakanjohansson<\/a><\/li>\n<li>F\u00f6lj mig p\u00e5 Instagram: <a title=\"F\u00f6lj mig p\u00e5 Instagram\" href=\"http:\/\/instagram.com\/johanssonhakan\" target=\"_blank\">johanssonhakan<\/a><\/li>\n<li>F\u00f6lj mig p\u00e5 Google+: H\u00e5kan Johansson (KD)<\/li>\n<\/ul>\n<h2 id=\"material\"><a href=\"http:\/\/wp.kristdemokraterna.se\/hakanjohansson\/files\/2014\/08\/2014_val_mittvalmaterial.png\"><img loading=\"lazy\" decoding=\"async\" class=\"alignnone wp-image-1086 size-full\" title=\"Mitt valmaterial\" src=\"http:\/\/wp.kristdemokraterna.se\/hakanjohansson\/files\/2014\/08\/2014_val_mittvalmaterial.png\" alt=\"Mitt valmaterial\" width=\"667\" height=\"40\" \/><\/a><\/h2>\n<p><a href=\"http:\/\/wp.kristdemokraterna.se\/hakanjohansson\/files\/2014\/08\/2014_valavatar_some.jpg\"><img loading=\"lazy\" decoding=\"async\" class=\"alignnone wp-image-1057 size-full\" title=\"H\u00e5kan Johansson - Kandidat i kommun- och landstingsvalen\" src=\"http:\/\/wp.kristdemokraterna.se\/hakanjohansson\/files\/2014\/08\/2014_valavatar_some.jpg\" alt=\"H\u00e5kan Johansson - Kandidat i kommun- och landstingsvalen\" width=\"400\" height=\"400\" srcset=\"https:\/\/wp.kristdemokraterna.se\/hakanjohansson\/files\/2014\/08\/2014_valavatar_some.jpg 400w, https:\/\/wp.kristdemokraterna.se\/hakanjohansson\/files\/2014\/08\/2014_valavatar_some-150x150.jpg 150w, https:\/\/wp.kristdemokraterna.se\/hakanjohansson\/files\/2014\/08\/2014_valavatar_some-300x300.jpg 300w, https:\/\/wp.kristdemokraterna.se\/hakanjohansson\/files\/2014\/08\/2014_valavatar_some-346x346.jpg 346w, https:\/\/wp.kristdemokraterna.se\/hakanjohansson\/files\/2014\/08\/2014_valavatar_some-112x112.jpg 112w\" sizes=\"auto, (max-width: 400px) 100vw, 400px\" \/><\/a><\/p>\n<p>H\u00e4r kan du l\u00e4sa min kandidatfolder:<br \/>\n[<a href=\"http:\/\/wp.kristdemokraterna.se\/hakanjohansson\/files\/2014\/07\/2014_val_kandidatfolder-2071-.pdf\">Kandidatfolder<\/a>]<\/p>\n<p>L\u00e4s om hur den kom till:<br \/>\n[<a title=\"Jag tryckte p\u00e5 knappen\u2026\" href=\"http:\/\/wp.kristdemokraterna.se\/hakanjohansson\/2014\/06\/13\/jag-tryckte-pa-knappen\/\">Jag tryckte p\u00e5 knappen\u2026<\/a>]<\/p>\n<h3>Mina annonser<\/h3>\n<hr \/>\n<p><a href=\"http:\/\/wp.kristdemokraterna.se\/hakanjohansson\/files\/2014\/08\/2014_val_christer_camilla_monica_torbjorn_overliggare_rgb_webb.png\"><img loading=\"lazy\" decoding=\"async\" class=\"alignnone wp-image-1093 size-full\" title=\"V\u00e4rnamo ska vara Sveriges b\u00e4sta kommun att v\u00e4xa upp i! Christer Fjordevik, Camilla Rinaldo Miller, Monica Johnsson, Torbj\u00f6rn Eriksson.\" src=\"http:\/\/wp.kristdemokraterna.se\/hakanjohansson\/files\/2014\/08\/2014_val_christer_camilla_monica_torbjorn_overliggare_rgb_webb.png\" alt=\"V\u00e4rnamo ska vara Sveriges b\u00e4sta kommun att v\u00e4xa upp i! Christer Fjordevik, Camilla Rinaldo Miller, Monica Johnsson, Torbj\u00f6rn Eriksson.\" width=\"600\" height=\"215\" srcset=\"https:\/\/wp.kristdemokraterna.se\/hakanjohansson\/files\/2014\/08\/2014_val_christer_camilla_monica_torbjorn_overliggare_rgb_webb.png 600w, https:\/\/wp.kristdemokraterna.se\/hakanjohansson\/files\/2014\/08\/2014_val_christer_camilla_monica_torbjorn_overliggare_rgb_webb-300x107.png 300w, https:\/\/wp.kristdemokraterna.se\/hakanjohansson\/files\/2014\/08\/2014_val_christer_camilla_monica_torbjorn_overliggare_rgb_webb-540x193.png 540w, https:\/\/wp.kristdemokraterna.se\/hakanjohansson\/files\/2014\/08\/2014_val_christer_camilla_monica_torbjorn_overliggare_rgb_webb-576x206.png 576w, https:\/\/wp.kristdemokraterna.se\/hakanjohansson\/files\/2014\/08\/2014_val_christer_camilla_monica_torbjorn_overliggare_rgb_webb-186x66.png 186w\" sizes=\"auto, (max-width: 600px) 100vw, 600px\" \/><br \/>\n<\/a>[<a title=\"Val 2014\" href=\"http:\/\/wp.kristdemokraterna.se\/varnamo\/val\/val-2014\/\" target=\"_blank\">Kristdemokraternas webbvalstuga i V\u00e4rnamo<\/a>]<\/p>\n","protected":false},"excerpt":{"rendered":"<p>[Om mig] | [Valmanifest] | [Valsedlar] | [Kontakt] | [Valmaterial] Kandidat i kommun- och\u00a0landstingsvalen, 53 \u00e5r, V\u00e4rnamo Studie- och yrkesv\u00e4gledare 1 v ordf i Upphandlingsn\u00e4mnden Musiker och teknikentusiast M\u00e4nniskov\u00e4rde och milj\u00f6 triggade mitt\u00a0politiska engagemang en g\u00e5ng i tiden.\u00a0De och andra globala \u00f6verlevnadsfr\u00e5gor\u00a0som r\u00e4ttvisa, fred, solidaritet och\u00a0m\u00e4nskliga r\u00e4ttigheter har alltid varit\u00a0mina politiska riktningsgivare. Det som verkligen&hellip; <a class=\"read-more-link\" href=\"https:\/\/wp.kristdemokraterna.se\/hakanjohansson\/om-mig\/val-2014\/\">Forts\u00e4tt l\u00e4sa<\/a><\/p>\n","protected":false},"author":507,"featured_media":1057,"parent":135,"menu_order":0,"comment_status":"closed","ping_status":"closed","template":"","meta":{"_acf_changed":false,"footnotes":""},"class_list":["post-142","page","type-page","status-publish","hentry"],"acf":[],"yoast_head":"<!-- This site is optimized with the Yoast SEO plugin v27.4 - https:\/\/yoast.com\/product\/yoast-seo-wordpress\/ -->\n<title>Val 2014 - H\u00e5kan Johansson, KD<\/title>\n<meta name=\"robots\" content=\"index, follow, max-snippet:-1, max-image-preview:large, max-video-preview:-1\" \/>\n<link rel=\"canonical\" href=\"https:\/\/wp.kristdemokraterna.se\/hakanjohansson\/om-mig\/val-2014\/\" \/>\n<meta property=\"og:locale\" content=\"sv_SE\" \/>\n<meta property=\"og:type\" content=\"article\" \/>\n<meta property=\"og:title\" content=\"Val 2014 - H\u00e5kan Johansson, KD\" \/>\n<meta property=\"og:description\" content=\"[Om mig] | [Valmanifest] | [Valsedlar] | [Kontakt] | [Valmaterial] Kandidat i kommun- och\u00a0landstingsvalen, 53 \u00e5r, V\u00e4rnamo Studie- och yrkesv\u00e4gledare 1 v ordf i Upphandlingsn\u00e4mnden Musiker och teknikentusiast M\u00e4nniskov\u00e4rde och milj\u00f6 triggade mitt\u00a0politiska engagemang en g\u00e5ng i tiden.\u00a0De och andra globala \u00f6verlevnadsfr\u00e5gor\u00a0som r\u00e4ttvisa, fred, solidaritet och\u00a0m\u00e4nskliga r\u00e4ttigheter har alltid varit\u00a0mina politiska riktningsgivare. Det som verkligen&hellip; Forts\u00e4tt l\u00e4sa\" \/>\n<meta property=\"og:url\" content=\"https:\/\/wp.kristdemokraterna.se\/hakanjohansson\/om-mig\/val-2014\/\" \/>\n<meta property=\"og:site_name\" content=\"H\u00e5kan Johansson, KD\" \/>\n<meta property=\"article:modified_time\" content=\"2017-04-19T17:19:24+00:00\" \/>\n<meta property=\"og:image\" content=\"https:\/\/wp.kristdemokraterna.se\/hakanjohansson\/files\/2014\/08\/2014_valavatar_some.jpg\" \/>\n\t<meta property=\"og:image:width\" content=\"400\" \/>\n\t<meta property=\"og:image:height\" content=\"400\" \/>\n\t<meta property=\"og:image:type\" content=\"image\/jpeg\" \/>\n<meta name=\"twitter:card\" content=\"summary_large_image\" \/>\n<meta name=\"twitter:label1\" content=\"Ber\u00e4knad l\u00e4stid\" \/>\n\t<meta name=\"twitter:data1\" content=\"4 minuter\" \/>\n<script type=\"application\/ld+json\" class=\"yoast-schema-graph\">{\"@context\":\"https:\\\/\\\/schema.org\",\"@graph\":[{\"@type\":\"WebPage\",\"@id\":\"https:\\\/\\\/wp.kristdemokraterna.se\\\/hakanjohansson\\\/om-mig\\\/val-2014\\\/\",\"url\":\"https:\\\/\\\/wp.kristdemokraterna.se\\\/hakanjohansson\\\/om-mig\\\/val-2014\\\/\",\"name\":\"Val 2014 - H\u00e5kan Johansson, KD\",\"isPartOf\":{\"@id\":\"https:\\\/\\\/wp.kristdemokraterna.se\\\/hakanjohansson\\\/#website\"},\"primaryImageOfPage\":{\"@id\":\"https:\\\/\\\/wp.kristdemokraterna.se\\\/hakanjohansson\\\/om-mig\\\/val-2014\\\/#primaryimage\"},\"image\":{\"@id\":\"https:\\\/\\\/wp.kristdemokraterna.se\\\/hakanjohansson\\\/om-mig\\\/val-2014\\\/#primaryimage\"},\"thumbnailUrl\":\"https:\\\/\\\/wp.kristdemokraterna.se\\\/hakanjohansson\\\/files\\\/2014\\\/08\\\/2014_valavatar_some.jpg\",\"datePublished\":\"2014-08-01T18:13:09+00:00\",\"dateModified\":\"2017-04-19T17:19:24+00:00\",\"breadcrumb\":{\"@id\":\"https:\\\/\\\/wp.kristdemokraterna.se\\\/hakanjohansson\\\/om-mig\\\/val-2014\\\/#breadcrumb\"},\"inLanguage\":\"sv-SE\",\"potentialAction\":[{\"@type\":\"ReadAction\",\"target\":[\"https:\\\/\\\/wp.kristdemokraterna.se\\\/hakanjohansson\\\/om-mig\\\/val-2014\\\/\"]}]},{\"@type\":\"ImageObject\",\"inLanguage\":\"sv-SE\",\"@id\":\"https:\\\/\\\/wp.kristdemokraterna.se\\\/hakanjohansson\\\/om-mig\\\/val-2014\\\/#primaryimage\",\"url\":\"https:\\\/\\\/wp.kristdemokraterna.se\\\/hakanjohansson\\\/files\\\/2014\\\/08\\\/2014_valavatar_some.jpg\",\"contentUrl\":\"https:\\\/\\\/wp.kristdemokraterna.se\\\/hakanjohansson\\\/files\\\/2014\\\/08\\\/2014_valavatar_some.jpg\",\"width\":400,\"height\":400,\"caption\":\"H\u00e5kan Johansson. Kandidat i kommun- och landstingsvalen.\"},{\"@type\":\"BreadcrumbList\",\"@id\":\"https:\\\/\\\/wp.kristdemokraterna.se\\\/hakanjohansson\\\/om-mig\\\/val-2014\\\/#breadcrumb\",\"itemListElement\":[{\"@type\":\"ListItem\",\"position\":1,\"name\":\"Hem\",\"item\":\"https:\\\/\\\/wp.kristdemokraterna.se\\\/hakanjohansson\\\/\"},{\"@type\":\"ListItem\",\"position\":2,\"name\":\"Om mig\",\"item\":\"https:\\\/\\\/wp.kristdemokraterna.se\\\/hakanjohansson\\\/om-mig\\\/\"},{\"@type\":\"ListItem\",\"position\":3,\"name\":\"Val 2014\"}]},{\"@type\":\"WebSite\",\"@id\":\"https:\\\/\\\/wp.kristdemokraterna.se\\\/hakanjohansson\\\/#website\",\"url\":\"https:\\\/\\\/wp.kristdemokraterna.se\\\/hakanjohansson\\\/\",\"name\":\"H\u00e5kan Johansson, KD\",\"description\":\"Politik, musik och teknik...\",\"inLanguage\":\"sv-SE\"}]}<\/script>\n<!-- \/ Yoast SEO plugin. -->","yoast_head_json":{"title":"Val 2014 - H\u00e5kan Johansson, KD","robots":{"index":"index","follow":"follow","max-snippet":"max-snippet:-1","max-image-preview":"max-image-preview:large","max-video-preview":"max-video-preview:-1"},"canonical":"https:\/\/wp.kristdemokraterna.se\/hakanjohansson\/om-mig\/val-2014\/","og_locale":"sv_SE","og_type":"article","og_title":"Val 2014 - H\u00e5kan Johansson, KD","og_description":"[Om mig] | [Valmanifest] | [Valsedlar] | [Kontakt] | [Valmaterial] Kandidat i kommun- och\u00a0landstingsvalen, 53 \u00e5r, V\u00e4rnamo Studie- och yrkesv\u00e4gledare 1 v ordf i Upphandlingsn\u00e4mnden Musiker och teknikentusiast M\u00e4nniskov\u00e4rde och milj\u00f6 triggade mitt\u00a0politiska engagemang en g\u00e5ng i tiden.\u00a0De och andra globala \u00f6verlevnadsfr\u00e5gor\u00a0som r\u00e4ttvisa, fred, solidaritet och\u00a0m\u00e4nskliga r\u00e4ttigheter har alltid varit\u00a0mina politiska riktningsgivare. Det som verkligen&hellip; Forts\u00e4tt l\u00e4sa","og_url":"https:\/\/wp.kristdemokraterna.se\/hakanjohansson\/om-mig\/val-2014\/","og_site_name":"H\u00e5kan Johansson, KD","article_modified_time":"2017-04-19T17:19:24+00:00","og_image":[{"width":400,"height":400,"url":"https:\/\/wp.kristdemokraterna.se\/hakanjohansson\/files\/2014\/08\/2014_valavatar_some.jpg","type":"image\/jpeg"}],"twitter_card":"summary_large_image","twitter_misc":{"Ber\u00e4knad l\u00e4stid":"4 minuter"},"schema":{"@context":"https:\/\/schema.org","@graph":[{"@type":"WebPage","@id":"https:\/\/wp.kristdemokraterna.se\/hakanjohansson\/om-mig\/val-2014\/","url":"https:\/\/wp.kristdemokraterna.se\/hakanjohansson\/om-mig\/val-2014\/","name":"Val 2014 - H\u00e5kan Johansson, KD","isPartOf":{"@id":"https:\/\/wp.kristdemokraterna.se\/hakanjohansson\/#website"},"primaryImageOfPage":{"@id":"https:\/\/wp.kristdemokraterna.se\/hakanjohansson\/om-mig\/val-2014\/#primaryimage"},"image":{"@id":"https:\/\/wp.kristdemokraterna.se\/hakanjohansson\/om-mig\/val-2014\/#primaryimage"},"thumbnailUrl":"https:\/\/wp.kristdemokraterna.se\/hakanjohansson\/files\/2014\/08\/2014_valavatar_some.jpg","datePublished":"2014-08-01T18:13:09+00:00","dateModified":"2017-04-19T17:19:24+00:00","breadcrumb":{"@id":"https:\/\/wp.kristdemokraterna.se\/hakanjohansson\/om-mig\/val-2014\/#breadcrumb"},"inLanguage":"sv-SE","potentialAction":[{"@type":"ReadAction","target":["https:\/\/wp.kristdemokraterna.se\/hakanjohansson\/om-mig\/val-2014\/"]}]},{"@type":"ImageObject","inLanguage":"sv-SE","@id":"https:\/\/wp.kristdemokraterna.se\/hakanjohansson\/om-mig\/val-2014\/#primaryimage","url":"https:\/\/wp.kristdemokraterna.se\/hakanjohansson\/files\/2014\/08\/2014_valavatar_some.jpg","contentUrl":"https:\/\/wp.kristdemokraterna.se\/hakanjohansson\/files\/2014\/08\/2014_valavatar_some.jpg","width":400,"height":400,"caption":"H\u00e5kan Johansson. Kandidat i kommun- och landstingsvalen."},{"@type":"BreadcrumbList","@id":"https:\/\/wp.kristdemokraterna.se\/hakanjohansson\/om-mig\/val-2014\/#breadcrumb","itemListElement":[{"@type":"ListItem","position":1,"name":"Hem","item":"https:\/\/wp.kristdemokraterna.se\/hakanjohansson\/"},{"@type":"ListItem","position":2,"name":"Om mig","item":"https:\/\/wp.kristdemokraterna.se\/hakanjohansson\/om-mig\/"},{"@type":"ListItem","position":3,"name":"Val 2014"}]},{"@type":"WebSite","@id":"https:\/\/wp.kristdemokraterna.se\/hakanjohansson\/#website","url":"https:\/\/wp.kristdemokraterna.se\/hakanjohansson\/","name":"H\u00e5kan Johansson, KD","description":"Politik, musik och teknik...","inLanguage":"sv-SE"}]}},"_links":{"self":[{"href":"https:\/\/wp.kristdemokraterna.se\/hakanjohansson\/wp-json\/wp\/v2\/pages\/142","targetHints":{"allow":["GET"]}}],"collection":[{"href":"https:\/\/wp.kristdemokraterna.se\/hakanjohansson\/wp-json\/wp\/v2\/pages"}],"about":[{"href":"https:\/\/wp.kristdemokraterna.se\/hakanjohansson\/wp-json\/wp\/v2\/types\/page"}],"author":[{"embeddable":true,"href":"https:\/\/wp.kristdemokraterna.se\/hakanjohansson\/wp-json\/wp\/v2\/users\/507"}],"replies":[{"embeddable":true,"href":"https:\/\/wp.kristdemokraterna.se\/hakanjohansson\/wp-json\/wp\/v2\/comments?post=142"}],"version-history":[{"count":43,"href":"https:\/\/wp.kristdemokraterna.se\/hakanjohansson\/wp-json\/wp\/v2\/pages\/142\/revisions"}],"predecessor-version":[{"id":2350,"href":"https:\/\/wp.kristdemokraterna.se\/hakanjohansson\/wp-json\/wp\/v2\/pages\/142\/revisions\/2350"}],"up":[{"embeddable":true,"href":"https:\/\/wp.kristdemokraterna.se\/hakanjohansson\/wp-json\/wp\/v2\/pages\/135"}],"wp:featuredmedia":[{"embeddable":true,"href":"https:\/\/wp.kristdemokraterna.se\/hakanjohansson\/wp-json\/wp\/v2\/media\/1057"}],"wp:attachment":[{"href":"https:\/\/wp.kristdemokraterna.se\/hakanjohansson\/wp-json\/wp\/v2\/media?parent=142"}],"curies":[{"name":"wp","href":"https:\/\/api.w.org\/{rel}","templated":true}]}}