{"id":164,"date":"2014-08-01T20:13:09","date_gmt":"2014-08-01T18:13:09","guid":{"rendered":"http:\/\/wp.kristdemokraterna.se\/hakanjohansson\/?page_id=164"},"modified":"2017-04-19T19:09:25","modified_gmt":"2017-04-19T17:09:25","slug":"val-2010","status":"publish","type":"page","link":"https:\/\/wp.kristdemokraterna.se\/hakanjohansson\/om-mig\/val-2010\/","title":{"rendered":"Val 2010"},"content":{"rendered":"<div style=\"text-align: center;border-top-color: #073192;border-bottom-color: #073192;border-top-width: 2px;border-bottom-width: 2px;border-top-style: solid;border-bottom-style: solid;margin-bottom: 4px\">[<a title=\"Om H\u00e5kan Johansson\" href=\"#om\">Om mig<\/a>] | [<a title=\"Mitt valmanifest\" href=\"#manifest\">Valmanifest<\/a>] | [<a title=\"Kontakta mig g\u00e4rna\" href=\"#kontakt\">Kontakt<\/a>] | [<a title=\"Mina annonser\" href=\"#annons\">Annonser<\/a>]<\/div>\n<div style=\"background-color: black;color: #ffffff;margin: 0px;border: 0px;padding: 0px\">\n<p><a href=\"http:\/\/wp.kristdemokraterna.se\/varnamo\/val\/val-2010\/\"><img loading=\"lazy\" decoding=\"async\" class=\"alignnone wp-image-304 size-full\" src=\"http:\/\/wp.kristdemokraterna.se\/hakanjohansson\/files\/2014\/06\/webbvalstuga2010.png\" alt=\"Ett m\u00e4nskligare V\u00e4rnamo\" width=\"600\" height=\"180\" srcset=\"https:\/\/wp.kristdemokraterna.se\/hakanjohansson\/files\/2014\/06\/webbvalstuga2010.png 600w, https:\/\/wp.kristdemokraterna.se\/hakanjohansson\/files\/2014\/06\/webbvalstuga2010-300x90.png 300w, https:\/\/wp.kristdemokraterna.se\/hakanjohansson\/files\/2014\/06\/webbvalstuga2010-540x162.png 540w, https:\/\/wp.kristdemokraterna.se\/hakanjohansson\/files\/2014\/06\/webbvalstuga2010-576x172.png 576w, https:\/\/wp.kristdemokraterna.se\/hakanjohansson\/files\/2014\/06\/webbvalstuga2010-186x55.png 186w\" sizes=\"auto, (max-width: 600px) 100vw, 600px\" \/><\/a><\/p>\n<h2 style=\"text-align: right\"><em><strong>H\u00e5kan Johansson \u2013 din kandidat i kommunvalet 2010<\/strong><\/em><\/h2>\n<p><a href=\"http:\/\/wp.kristdemokraterna.se\/hakanjohansson\/files\/2014\/06\/2009_hakan_johansson.png\"><img loading=\"lazy\" decoding=\"async\" class=\"alignnone wp-image-305\" style=\"float: left;margin: 0px;border: 0px;padding: 0px\" src=\"http:\/\/wp.kristdemokraterna.se\/hakanjohansson\/files\/2014\/06\/2009_hakan_johansson.png\" alt=\"H\u00e5kan Johansson, V\u00e4rnamo - Din kandidat i kommunfullm\u00e4ktigevalet 2010\" width=\"288\" height=\"288\" srcset=\"https:\/\/wp.kristdemokraterna.se\/hakanjohansson\/files\/2014\/06\/2009_hakan_johansson.png 300w, https:\/\/wp.kristdemokraterna.se\/hakanjohansson\/files\/2014\/06\/2009_hakan_johansson-150x150.png 150w\" sizes=\"auto, (max-width: 288px) 100vw, 288px\" \/><\/a><a href=\"http:\/\/wp.kristdemokraterna.se\/hakanjohansson\/files\/2014\/06\/kandidatrubrik_hakan_johansson.png\"><img loading=\"lazy\" decoding=\"async\" class=\"alignnone wp-image-308\" style=\"float: left;margin: 0px;border: 0px;padding: 0px\" src=\"http:\/\/wp.kristdemokraterna.se\/hakanjohansson\/files\/2014\/06\/kandidatrubrik_hakan_johansson.png\" alt=\"H\u00e5kan Johansson, V\u00e4rnamo. Din kandidat i Kommunfullm\u00e4ktigevalet\" width=\"288\" height=\"288\" srcset=\"https:\/\/wp.kristdemokraterna.se\/hakanjohansson\/files\/2014\/06\/kandidatrubrik_hakan_johansson.png 300w, https:\/\/wp.kristdemokraterna.se\/hakanjohansson\/files\/2014\/06\/kandidatrubrik_hakan_johansson-150x150.png 150w, https:\/\/wp.kristdemokraterna.se\/hakanjohansson\/files\/2014\/06\/kandidatrubrik_hakan_johansson-112x112.png 112w\" sizes=\"auto, (max-width: 288px) 100vw, 288px\" \/><\/a><a href=\"http:\/\/wp.kristdemokraterna.se\/hakanjohansson\/files\/2014\/06\/steg12.jpg\"><img loading=\"lazy\" decoding=\"async\" class=\"alignnone wp-image-303\" style=\"float: left;margin: 0px;border: 0px;padding: 0px\" src=\"http:\/\/wp.kristdemokraterna.se\/hakanjohansson\/files\/2014\/06\/steg12.jpg\" alt=\"Steg 12: En stark r\u00f6st i v\u00e4rlden\" width=\"408\" height=\"342\" srcset=\"https:\/\/wp.kristdemokraterna.se\/hakanjohansson\/files\/2014\/06\/steg12.jpg 420w, https:\/\/wp.kristdemokraterna.se\/hakanjohansson\/files\/2014\/06\/steg12-300x251.jpg 300w, https:\/\/wp.kristdemokraterna.se\/hakanjohansson\/files\/2014\/06\/steg12-412x346.jpg 412w, https:\/\/wp.kristdemokraterna.se\/hakanjohansson\/files\/2014\/06\/steg12-133x112.jpg 133w\" sizes=\"auto, (max-width: 408px) 100vw, 408px\" \/><\/a><a href=\"http:\/\/wp.kristdemokraterna.se\/hakanjohansson\/files\/2014\/06\/rubrik_merfrihetochtrygghetforvarnamo_hog.png\"><img loading=\"lazy\" decoding=\"async\" class=\"alignnone wp-image-302\" style=\"float: left;margin: 0px;border: 0px;padding: 0px\" src=\"http:\/\/wp.kristdemokraterna.se\/hakanjohansson\/files\/2014\/06\/rubrik_merfrihetochtrygghetforvarnamo_hog.png\" alt=\"rubrik_MerFrihetOchTrygghetForVarnamo_hog\" width=\"168\" height=\"224\" srcset=\"https:\/\/wp.kristdemokraterna.se\/hakanjohansson\/files\/2014\/06\/rubrik_merfrihetochtrygghetforvarnamo_hog.png 180w, https:\/\/wp.kristdemokraterna.se\/hakanjohansson\/files\/2014\/06\/rubrik_merfrihetochtrygghetforvarnamo_hog-84x112.png 84w\" sizes=\"auto, (max-width: 168px) 100vw, 168px\" \/><\/a><\/p>\n<h2 id=\"om\"><a href=\"http:\/\/wp.kristdemokraterna.se\/hakanjohansson\/files\/2014\/06\/kandidatrubrik_personligt.png\"><img loading=\"lazy\" decoding=\"async\" class=\"alignnone wp-image-310 size-full\" style=\"float: left;margin: 0px;border: 0px;padding: 0px\" src=\"http:\/\/wp.kristdemokraterna.se\/hakanjohansson\/files\/2014\/06\/kandidatrubrik_personligt.png\" alt=\"Personligt\" width=\"600\" height=\"100\" srcset=\"https:\/\/wp.kristdemokraterna.se\/hakanjohansson\/files\/2014\/06\/kandidatrubrik_personligt.png 600w, https:\/\/wp.kristdemokraterna.se\/hakanjohansson\/files\/2014\/06\/kandidatrubrik_personligt-300x50.png 300w, https:\/\/wp.kristdemokraterna.se\/hakanjohansson\/files\/2014\/06\/kandidatrubrik_personligt-540x90.png 540w, https:\/\/wp.kristdemokraterna.se\/hakanjohansson\/files\/2014\/06\/kandidatrubrik_personligt-576x96.png 576w, https:\/\/wp.kristdemokraterna.se\/hakanjohansson\/files\/2014\/06\/kandidatrubrik_personligt-186x31.png 186w\" sizes=\"auto, (max-width: 600px) 100vw, 600px\" \/><\/a><\/h2>\n<p>Livet \u00e4r mer \u00e4n att \u00e4ta, jobba och sova \u2013 det handlar om engagemang! Jag har alltid varit engagerad f\u00f6r milj\u00f6n. Det engagemanget har gjort att jag \u00e4ven f\u00e5tt upp \u00f6gonen f\u00f6r globala fr\u00e5gor som har med r\u00e4ttvisa, fred och m\u00e4nskliga r\u00e4ttigheter att g\u00f6ra. Vi h\u00f6r ihop i en stor gemenskap \u2013 det som \u00e4r bra f\u00f6r V\u00e4rlden \u00e4r ocks\u00e5 bra f\u00f6r V\u00e4rnamo!<\/p>\n<p>Ett stort intresse i mitt liv \u00e4r musik och jag spelar g\u00e4rna lite piano emellan\u00e5t, bland annat i v\u00e4rnamok\u00f6ren Lingon &amp; Mj\u00f6lk och i Gislaved Storband. Till vardags arbetar jag som studie- och yrkesv\u00e4gledare och l\u00e4rare i datorteknik p\u00e5 John Bauergymnasiet h\u00e4r i V\u00e4rnamo. Mitt viktigaste engagemang \u00e4r nog \u00e4nd\u00e5 att vara ledare f\u00f6r ungdomarna i Allianskyrkans ton\u00e5rsarbete.<\/p>\n<h2 id=\"manifest\"><a href=\"http:\/\/wp.kristdemokraterna.se\/hakanjohansson\/files\/2014\/06\/kandidatrubrik_politiskt.png\"><img loading=\"lazy\" decoding=\"async\" class=\"alignnone wp-image-311 size-full\" style=\"float: left;margin: 0px;border: 0px;padding: 0px\" src=\"http:\/\/wp.kristdemokraterna.se\/hakanjohansson\/files\/2014\/06\/kandidatrubrik_politiskt.png\" alt=\"Politiskt\" width=\"600\" height=\"100\" srcset=\"https:\/\/wp.kristdemokraterna.se\/hakanjohansson\/files\/2014\/06\/kandidatrubrik_politiskt.png 600w, https:\/\/wp.kristdemokraterna.se\/hakanjohansson\/files\/2014\/06\/kandidatrubrik_politiskt-300x50.png 300w, https:\/\/wp.kristdemokraterna.se\/hakanjohansson\/files\/2014\/06\/kandidatrubrik_politiskt-540x90.png 540w, https:\/\/wp.kristdemokraterna.se\/hakanjohansson\/files\/2014\/06\/kandidatrubrik_politiskt-576x96.png 576w, https:\/\/wp.kristdemokraterna.se\/hakanjohansson\/files\/2014\/06\/kandidatrubrik_politiskt-186x31.png 186w\" sizes=\"auto, (max-width: 600px) 100vw, 600px\" \/><\/a><\/h2>\n<p>Jag brinner f\u00f6r ett socialt, ekologiskt och ekonomiskt h\u00e5llbart samh\u00e4lle som pr\u00e4glas av solidaritet och medm\u00e4nsklighet. D\u00e4rf\u00f6r vill jag arbeta f\u00f6r att ge mer makt \u00e5t de grundl\u00e4ggande gemenskaperna i samh\u00e4llet \u2013 Familjen, F\u00f6reningslivet och F\u00f6retagandet. Det \u00e4r de som bygger v\u00e4lst\u00e5ndet. F\u00f6r n\u00e4rvarande har jag mitt politiska engagemang i Tekniska n\u00e4mnden.<\/p>\n<ul>\n<li>V\u00e4rnamo \u00e4r en ekokommun och det vill jag forts\u00e4tta utveckla:\n<ul>\n<li>Bygg ut fj\u00e4rrv\u00e4rmen i hela kommunen!<\/li>\n<li>Fler energismarta l\u00f6sningar!<\/li>\n<li>V\u00e5rda Lagan \u2013 bygg ett nytt avloppsreningsverk!<\/li>\n<\/ul>\n<\/li>\n<li>V\u00e4rnamo \u00e4r en kunskapsstad och det vill jag forts\u00e4tta utveckla:\n<ul>\n<li>Satsa p\u00e5 Campus V\u00e4rnamo!<\/li>\n<li>\u00d6ka valfriheten inom skola och barnomsorg!<\/li>\n<li>Skolans viktigaste uppgift \u00e4r att ge kunskap!<\/li>\n<\/ul>\n<\/li>\n<li>V\u00e4rnamo \u00e4r ett centrum f\u00f6r resor och transporter och det vill jag forts\u00e4tta utveckla:\n<ul>\n<li>H\u00f6j standarden p\u00e5 riksv\u00e4g 27 och b\u00f6rja med f\u00f6rbifart Bor!<\/li>\n<li>Skynda p\u00e5 arbetet med Europakorridoren!<\/li>\n<li>Utveckla Sydsvenska krysset!<\/li>\n<\/ul>\n<\/li>\n<li>V\u00e4rnamo \u00e4r en attraktiv och v\u00e4xande stad och det vill jag forts\u00e4tta utveckla:\n<ul>\n<li>Bygg Bryggarebron snarast &#8211; inte minst f\u00f6r handelns skull!<\/li>\n<li>\u00d6ka tillg\u00e4ngligheten f\u00f6r funktionshindrade!<\/li>\n<li>Utveckla V\u00e4rnamo som cykelstad!<\/li>\n<\/ul>\n<\/li>\n<\/ul>\n<h2 id=\"kontakt\"><a href=\"http:\/\/wp.kristdemokraterna.se\/hakanjohansson\/files\/2014\/06\/kandidatrubrik_kontakt.png\"><img loading=\"lazy\" decoding=\"async\" class=\"alignnone wp-image-309 size-full\" style=\"float: left;margin: 0px;border: 0px;padding: 0px\" src=\"http:\/\/wp.kristdemokraterna.se\/hakanjohansson\/files\/2014\/06\/kandidatrubrik_kontakt.png\" alt=\"Kontakt\" width=\"600\" height=\"100\" srcset=\"https:\/\/wp.kristdemokraterna.se\/hakanjohansson\/files\/2014\/06\/kandidatrubrik_kontakt.png 600w, https:\/\/wp.kristdemokraterna.se\/hakanjohansson\/files\/2014\/06\/kandidatrubrik_kontakt-300x50.png 300w, https:\/\/wp.kristdemokraterna.se\/hakanjohansson\/files\/2014\/06\/kandidatrubrik_kontakt-540x90.png 540w, https:\/\/wp.kristdemokraterna.se\/hakanjohansson\/files\/2014\/06\/kandidatrubrik_kontakt-576x96.png 576w, https:\/\/wp.kristdemokraterna.se\/hakanjohansson\/files\/2014\/06\/kandidatrubrik_kontakt-186x31.png 186w\" sizes=\"auto, (max-width: 600px) 100vw, 600px\" \/><\/a><\/h2>\n<h3 style=\"background-color: black;color: #ffffff\">Kontakta mig g\u00e4rna<\/h3>\n<dl>\n<dt>e-post<\/dt>\n<dd><a class=\"negtext\" href=\"mailto:hakan.johansson@kristdemokraterna.se\">hakan.johansson@kristdemokraterna.se<\/a><\/dd>\n<dt>Telefon<\/dt>\n<dd>0708-190960<\/dd>\n<\/dl>\n<h3 style=\"background-color: black;color: #ffffff\">L\u00e4nkar<\/h3>\n<dl>\n<dt>Valpejl.se<\/dt>\n<dd><a href=\"http:\/\/valpejl.se\/kandidat\/35979\/Hakan_Johansson\">valpejl.se\/kandidat\/35979\/Hakan_Johansson<\/a><\/dd>\n<dt>Facebook<\/dt>\n<dd><a href=\"http:\/\/www.facebook.com\/#!\/pages\/Hakan-Johansson-din-kandidat-i-kommunfullmaktigevalet\/121815324533568?ref=sgm\">H\u00e5kan Johansson &#8211; din kandidat i kommunfullm\u00e4ktigevalet <\/a><\/dd>\n<dt>Myspace<\/dt>\n<dd><a href=\"http:\/\/www.myspace.com\/hakan_johansson\">hakan_johansson<\/a><\/dd>\n<dt>Twitter<\/dt>\n<dd><a class=\"negtext\" href=\"http:\/\/twitter.com\/hakanjohansson\">hakanjohansson <\/a><\/dd>\n<\/dl>\n<p><a href=\"http:\/\/wp.kristdemokraterna.se\/hakanjohansson\/files\/2014\/06\/kristdemokraterna_neg_300.png\"><img loading=\"lazy\" decoding=\"async\" class=\"aligncenter wp-image-313 size-full\" style=\"border: 0px;margin: 0px;padding: 0px\" src=\"http:\/\/wp.kristdemokraterna.se\/hakanjohansson\/files\/2014\/06\/kristdemokraterna_neg_300.png\" alt=\"Kristdemokraterna. Ett m\u00e4nskligare Sverige\" width=\"300\" height=\"65\" srcset=\"https:\/\/wp.kristdemokraterna.se\/hakanjohansson\/files\/2014\/06\/kristdemokraterna_neg_300.png 300w, https:\/\/wp.kristdemokraterna.se\/hakanjohansson\/files\/2014\/06\/kristdemokraterna_neg_300-186x40.png 186w\" sizes=\"auto, (max-width: 300px) 100vw, 300px\" \/><\/a><\/p>\n<\/div>\n<h1 id=\"annons\">Mina annonser<\/h1>\n<h1><a href=\"http:\/\/wp.kristdemokraterna.se\/hakanjohansson\/files\/2014\/06\/banner_varnamo_nu.gif\"><img loading=\"lazy\" decoding=\"async\" class=\"alignnone wp-image-314 size-full\" src=\"http:\/\/wp.kristdemokraterna.se\/hakanjohansson\/files\/2014\/06\/banner_varnamo_nu.gif\" alt=\"F\u00f6r ett m\u00e4nskligare V\u00e4rnamo\" width=\"135\" height=\"175\" \/><\/a><\/h1>\n","protected":false},"excerpt":{"rendered":"<p>[Om mig] | [Valmanifest] | [Kontakt] | [Annonser] H\u00e5kan Johansson \u2013 din kandidat i kommunvalet 2010 Livet \u00e4r mer \u00e4n att \u00e4ta, jobba och sova \u2013 det handlar om engagemang! Jag har alltid varit engagerad f\u00f6r milj\u00f6n. Det engagemanget har gjort att jag \u00e4ven f\u00e5tt upp \u00f6gonen f\u00f6r globala fr\u00e5gor som har med r\u00e4ttvisa, fred&hellip; <a class=\"read-more-link\" href=\"https:\/\/wp.kristdemokraterna.se\/hakanjohansson\/om-mig\/val-2010\/\">Forts\u00e4tt l\u00e4sa<\/a><\/p>\n","protected":false},"author":507,"featured_media":305,"parent":135,"menu_order":0,"comment_status":"closed","ping_status":"closed","template":"","meta":{"_acf_changed":false,"footnotes":""},"class_list":["post-164","page","type-page","status-publish","hentry"],"acf":[],"yoast_head":"<!-- This site is optimized with the Yoast SEO plugin v27.4 - https:\/\/yoast.com\/product\/yoast-seo-wordpress\/ -->\n<title>Val 2010 - H\u00e5kan Johansson, KD<\/title>\n<meta name=\"robots\" content=\"index, follow, max-snippet:-1, max-image-preview:large, max-video-preview:-1\" \/>\n<link rel=\"canonical\" href=\"https:\/\/wp.kristdemokraterna.se\/hakanjohansson\/om-mig\/val-2010\/\" \/>\n<meta property=\"og:locale\" content=\"sv_SE\" \/>\n<meta property=\"og:type\" content=\"article\" \/>\n<meta property=\"og:title\" content=\"Val 2010 - H\u00e5kan Johansson, KD\" \/>\n<meta property=\"og:description\" content=\"[Om mig] | [Valmanifest] | [Kontakt] | [Annonser] H\u00e5kan Johansson \u2013 din kandidat i kommunvalet 2010 Livet \u00e4r mer \u00e4n att \u00e4ta, jobba och sova \u2013 det handlar om engagemang! Jag har alltid varit engagerad f\u00f6r milj\u00f6n. Det engagemanget har gjort att jag \u00e4ven f\u00e5tt upp \u00f6gonen f\u00f6r globala fr\u00e5gor som har med r\u00e4ttvisa, fred&hellip; Forts\u00e4tt l\u00e4sa\" \/>\n<meta property=\"og:url\" content=\"https:\/\/wp.kristdemokraterna.se\/hakanjohansson\/om-mig\/val-2010\/\" \/>\n<meta property=\"og:site_name\" content=\"H\u00e5kan Johansson, KD\" \/>\n<meta property=\"article:modified_time\" content=\"2017-04-19T17:09:25+00:00\" \/>\n<meta property=\"og:image\" content=\"https:\/\/wp.kristdemokraterna.se\/hakanjohansson\/files\/2014\/06\/2009_hakan_johansson.png\" \/>\n\t<meta property=\"og:image:width\" content=\"300\" \/>\n\t<meta property=\"og:image:height\" content=\"300\" \/>\n\t<meta property=\"og:image:type\" content=\"image\/png\" \/>\n<meta name=\"twitter:card\" content=\"summary_large_image\" \/>\n<meta name=\"twitter:label1\" content=\"Ber\u00e4knad l\u00e4stid\" \/>\n\t<meta name=\"twitter:data1\" content=\"2 minuter\" \/>\n<script type=\"application\/ld+json\" class=\"yoast-schema-graph\">{\"@context\":\"https:\\\/\\\/schema.org\",\"@graph\":[{\"@type\":\"WebPage\",\"@id\":\"https:\\\/\\\/wp.kristdemokraterna.se\\\/hakanjohansson\\\/om-mig\\\/val-2010\\\/\",\"url\":\"https:\\\/\\\/wp.kristdemokraterna.se\\\/hakanjohansson\\\/om-mig\\\/val-2010\\\/\",\"name\":\"Val 2010 - H\u00e5kan Johansson, KD\",\"isPartOf\":{\"@id\":\"https:\\\/\\\/wp.kristdemokraterna.se\\\/hakanjohansson\\\/#website\"},\"primaryImageOfPage\":{\"@id\":\"https:\\\/\\\/wp.kristdemokraterna.se\\\/hakanjohansson\\\/om-mig\\\/val-2010\\\/#primaryimage\"},\"image\":{\"@id\":\"https:\\\/\\\/wp.kristdemokraterna.se\\\/hakanjohansson\\\/om-mig\\\/val-2010\\\/#primaryimage\"},\"thumbnailUrl\":\"https:\\\/\\\/wp.kristdemokraterna.se\\\/hakanjohansson\\\/files\\\/2014\\\/06\\\/2009_hakan_johansson.png\",\"datePublished\":\"2014-08-01T18:13:09+00:00\",\"dateModified\":\"2017-04-19T17:09:25+00:00\",\"breadcrumb\":{\"@id\":\"https:\\\/\\\/wp.kristdemokraterna.se\\\/hakanjohansson\\\/om-mig\\\/val-2010\\\/#breadcrumb\"},\"inLanguage\":\"sv-SE\",\"potentialAction\":[{\"@type\":\"ReadAction\",\"target\":[\"https:\\\/\\\/wp.kristdemokraterna.se\\\/hakanjohansson\\\/om-mig\\\/val-2010\\\/\"]}]},{\"@type\":\"ImageObject\",\"inLanguage\":\"sv-SE\",\"@id\":\"https:\\\/\\\/wp.kristdemokraterna.se\\\/hakanjohansson\\\/om-mig\\\/val-2010\\\/#primaryimage\",\"url\":\"https:\\\/\\\/wp.kristdemokraterna.se\\\/hakanjohansson\\\/files\\\/2014\\\/06\\\/2009_hakan_johansson.png\",\"contentUrl\":\"https:\\\/\\\/wp.kristdemokraterna.se\\\/hakanjohansson\\\/files\\\/2014\\\/06\\\/2009_hakan_johansson.png\",\"width\":300,\"height\":300,\"caption\":\"H\u00e5kan Johansson, Kristdemokraterna V\u00e4rnamo.\"},{\"@type\":\"BreadcrumbList\",\"@id\":\"https:\\\/\\\/wp.kristdemokraterna.se\\\/hakanjohansson\\\/om-mig\\\/val-2010\\\/#breadcrumb\",\"itemListElement\":[{\"@type\":\"ListItem\",\"position\":1,\"name\":\"Hem\",\"item\":\"https:\\\/\\\/wp.kristdemokraterna.se\\\/hakanjohansson\\\/\"},{\"@type\":\"ListItem\",\"position\":2,\"name\":\"Om mig\",\"item\":\"https:\\\/\\\/wp.kristdemokraterna.se\\\/hakanjohansson\\\/om-mig\\\/\"},{\"@type\":\"ListItem\",\"position\":3,\"name\":\"Val 2010\"}]},{\"@type\":\"WebSite\",\"@id\":\"https:\\\/\\\/wp.kristdemokraterna.se\\\/hakanjohansson\\\/#website\",\"url\":\"https:\\\/\\\/wp.kristdemokraterna.se\\\/hakanjohansson\\\/\",\"name\":\"H\u00e5kan Johansson, KD\",\"description\":\"Politik, musik och teknik...\",\"inLanguage\":\"sv-SE\"}]}<\/script>\n<!-- \/ Yoast SEO plugin. -->","yoast_head_json":{"title":"Val 2010 - H\u00e5kan Johansson, KD","robots":{"index":"index","follow":"follow","max-snippet":"max-snippet:-1","max-image-preview":"max-image-preview:large","max-video-preview":"max-video-preview:-1"},"canonical":"https:\/\/wp.kristdemokraterna.se\/hakanjohansson\/om-mig\/val-2010\/","og_locale":"sv_SE","og_type":"article","og_title":"Val 2010 - H\u00e5kan Johansson, KD","og_description":"[Om mig] | [Valmanifest] | [Kontakt] | [Annonser] H\u00e5kan Johansson \u2013 din kandidat i kommunvalet 2010 Livet \u00e4r mer \u00e4n att \u00e4ta, jobba och sova \u2013 det handlar om engagemang! Jag har alltid varit engagerad f\u00f6r milj\u00f6n. Det engagemanget har gjort att jag \u00e4ven f\u00e5tt upp \u00f6gonen f\u00f6r globala fr\u00e5gor som har med r\u00e4ttvisa, fred&hellip; Forts\u00e4tt l\u00e4sa","og_url":"https:\/\/wp.kristdemokraterna.se\/hakanjohansson\/om-mig\/val-2010\/","og_site_name":"H\u00e5kan Johansson, KD","article_modified_time":"2017-04-19T17:09:25+00:00","og_image":[{"width":300,"height":300,"url":"https:\/\/wp.kristdemokraterna.se\/hakanjohansson\/files\/2014\/06\/2009_hakan_johansson.png","type":"image\/png"}],"twitter_card":"summary_large_image","twitter_misc":{"Ber\u00e4knad l\u00e4stid":"2 minuter"},"schema":{"@context":"https:\/\/schema.org","@graph":[{"@type":"WebPage","@id":"https:\/\/wp.kristdemokraterna.se\/hakanjohansson\/om-mig\/val-2010\/","url":"https:\/\/wp.kristdemokraterna.se\/hakanjohansson\/om-mig\/val-2010\/","name":"Val 2010 - H\u00e5kan Johansson, KD","isPartOf":{"@id":"https:\/\/wp.kristdemokraterna.se\/hakanjohansson\/#website"},"primaryImageOfPage":{"@id":"https:\/\/wp.kristdemokraterna.se\/hakanjohansson\/om-mig\/val-2010\/#primaryimage"},"image":{"@id":"https:\/\/wp.kristdemokraterna.se\/hakanjohansson\/om-mig\/val-2010\/#primaryimage"},"thumbnailUrl":"https:\/\/wp.kristdemokraterna.se\/hakanjohansson\/files\/2014\/06\/2009_hakan_johansson.png","datePublished":"2014-08-01T18:13:09+00:00","dateModified":"2017-04-19T17:09:25+00:00","breadcrumb":{"@id":"https:\/\/wp.kristdemokraterna.se\/hakanjohansson\/om-mig\/val-2010\/#breadcrumb"},"inLanguage":"sv-SE","potentialAction":[{"@type":"ReadAction","target":["https:\/\/wp.kristdemokraterna.se\/hakanjohansson\/om-mig\/val-2010\/"]}]},{"@type":"ImageObject","inLanguage":"sv-SE","@id":"https:\/\/wp.kristdemokraterna.se\/hakanjohansson\/om-mig\/val-2010\/#primaryimage","url":"https:\/\/wp.kristdemokraterna.se\/hakanjohansson\/files\/2014\/06\/2009_hakan_johansson.png","contentUrl":"https:\/\/wp.kristdemokraterna.se\/hakanjohansson\/files\/2014\/06\/2009_hakan_johansson.png","width":300,"height":300,"caption":"H\u00e5kan Johansson, Kristdemokraterna V\u00e4rnamo."},{"@type":"BreadcrumbList","@id":"https:\/\/wp.kristdemokraterna.se\/hakanjohansson\/om-mig\/val-2010\/#breadcrumb","itemListElement":[{"@type":"ListItem","position":1,"name":"Hem","item":"https:\/\/wp.kristdemokraterna.se\/hakanjohansson\/"},{"@type":"ListItem","position":2,"name":"Om mig","item":"https:\/\/wp.kristdemokraterna.se\/hakanjohansson\/om-mig\/"},{"@type":"ListItem","position":3,"name":"Val 2010"}]},{"@type":"WebSite","@id":"https:\/\/wp.kristdemokraterna.se\/hakanjohansson\/#website","url":"https:\/\/wp.kristdemokraterna.se\/hakanjohansson\/","name":"H\u00e5kan Johansson, KD","description":"Politik, musik och teknik...","inLanguage":"sv-SE"}]}},"_links":{"self":[{"href":"https:\/\/wp.kristdemokraterna.se\/hakanjohansson\/wp-json\/wp\/v2\/pages\/164","targetHints":{"allow":["GET"]}}],"collection":[{"href":"https:\/\/wp.kristdemokraterna.se\/hakanjohansson\/wp-json\/wp\/v2\/pages"}],"about":[{"href":"https:\/\/wp.kristdemokraterna.se\/hakanjohansson\/wp-json\/wp\/v2\/types\/page"}],"author":[{"embeddable":true,"href":"https:\/\/wp.kristdemokraterna.se\/hakanjohansson\/wp-json\/wp\/v2\/users\/507"}],"replies":[{"embeddable":true,"href":"https:\/\/wp.kristdemokraterna.se\/hakanjohansson\/wp-json\/wp\/v2\/comments?post=164"}],"version-history":[{"count":28,"href":"https:\/\/wp.kristdemokraterna.se\/hakanjohansson\/wp-json\/wp\/v2\/pages\/164\/revisions"}],"predecessor-version":[{"id":2349,"href":"https:\/\/wp.kristdemokraterna.se\/hakanjohansson\/wp-json\/wp\/v2\/pages\/164\/revisions\/2349"}],"up":[{"embeddable":true,"href":"https:\/\/wp.kristdemokraterna.se\/hakanjohansson\/wp-json\/wp\/v2\/pages\/135"}],"wp:featuredmedia":[{"embeddable":true,"href":"https:\/\/wp.kristdemokraterna.se\/hakanjohansson\/wp-json\/wp\/v2\/media\/305"}],"wp:attachment":[{"href":"https:\/\/wp.kristdemokraterna.se\/hakanjohansson\/wp-json\/wp\/v2\/media?parent=164"}],"curies":[{"name":"wp","href":"https:\/\/api.w.org\/{rel}","templated":true}]}}