{"id":166,"date":"2014-08-01T20:13:08","date_gmt":"2014-08-01T18:13:08","guid":{"rendered":"http:\/\/wp.kristdemokraterna.se\/hakanjohansson\/?page_id=166"},"modified":"2014-08-01T21:11:51","modified_gmt":"2014-08-01T19:11:51","slug":"val-2006","status":"publish","type":"page","link":"https:\/\/wp.kristdemokraterna.se\/hakanjohansson\/om-mig\/val-2006\/","title":{"rendered":"Val 2006"},"content":{"rendered":"<div style=\"text-align: center;width: 580px;height: 60px;background-color: #79c800;padding: 0px;margin: 0px;border: 0px\">\n<p style=\"text-align: center\"><a href=\"http:\/\/wp.kristdemokraterna.se\/varnamo\/val\/val-2006\/\"><img loading=\"lazy\" decoding=\"async\" class=\"alignnone wp-image-208 size-full\" style=\"text-align: center;padding: 0px;margin: 0px;border: 0px\" src=\"http:\/\/wp.kristdemokraterna.se\/hakanjohansson\/files\/2014\/06\/webbvalstugan_2006_stor.gif\" alt=\"Ett V\u00e4rnamo d\u00e4r ingen h\u00e5lls tillbaka och ingen l\u00e4mnas efter. JA! Bes\u00f6k v\u00e5r valstuga p\u00e5 webben.\" width=\"468\" height=\"60\" \/><\/a><\/p>\n<\/div>\n<p style=\"text-align: right\"><strong><em>H\u00e5kan Johansson \u2013 din kandidat i kommunfullm\u00e4ktigevalet 2006<\/em><\/strong><\/p>\n<p><a href=\"http:\/\/wp.kristdemokraterna.se\/hakanjohansson\/files\/2014\/06\/rubrikhakanjohansson.gif\"><img loading=\"lazy\" decoding=\"async\" class=\"alignnone wp-image-190 size-full\" style=\"border: 0px;padding: 0px;margin: 0px;float: left\" src=\"http:\/\/wp.kristdemokraterna.se\/hakanjohansson\/files\/2014\/06\/rubrikhakanjohansson.gif\" alt=\"H\u00e5kan Johansson, V\u00e4rnamo. Kryssa din kandidat i kommunvalet!\" width=\"100\" height=\"600\" \/><\/a><a href=\"http:\/\/wp.kristdemokraterna.se\/hakanjohansson\/files\/2014\/06\/2006_hakan_johansson.jpg\"><img loading=\"lazy\" decoding=\"async\" class=\"wp-image-195 size-full\" style=\"border: 0px;padding: 0px;margin: 0px;float: left\" src=\"http:\/\/wp.kristdemokraterna.se\/hakanjohansson\/files\/2014\/06\/2006_hakan_johansson.jpg\" alt=\"H\u00e5kan Johansson - din kandidat i kommunfullm\u00e4ktigevalet. (Foto: be-pe foto)\" width=\"300\" height=\"300\" srcset=\"https:\/\/wp.kristdemokraterna.se\/hakanjohansson\/files\/2014\/06\/2006_hakan_johansson.jpg 300w, https:\/\/wp.kristdemokraterna.se\/hakanjohansson\/files\/2014\/06\/2006_hakan_johansson-150x150.jpg 150w, https:\/\/wp.kristdemokraterna.se\/hakanjohansson\/files\/2014\/06\/2006_hakan_johansson-112x112.jpg 112w\" sizes=\"auto, (max-width: 300px) 100vw, 300px\" \/><\/a><a href=\"http:\/\/wp.kristdemokraterna.se\/hakanjohansson\/files\/2014\/06\/rubrikrakasvar.gif\"><img loading=\"lazy\" decoding=\"async\" class=\"alignnone wp-image-192\" style=\"border: 0px;padding: 0px;margin: 0px;float: left\" src=\"http:\/\/wp.kristdemokraterna.se\/hakanjohansson\/files\/2014\/06\/rubrikrakasvar.gif\" alt=\"Raka svar\" width=\"176\" height=\"24\" \/><\/a><\/p>\n<table style=\"width: 176px;height: 276px;color: #ffffff;float: left;border: 0px;padding: 0px;margin: 0px;background-color: #073192\">\n<tbody>\n<tr>\n<td style=\"width: 160px;padding: 0px\"><\/td>\n<td style=\"width: 20px;padding: 0px\">Ja!<\/td>\n<td style=\"width: 20px;padding: 0px\">Nej!<\/td>\n<\/tr>\n<tr>\n<td style=\"width: 160px;padding: 0px\">1. K\u00e4rnkraft?<\/td>\n<td style=\"width: 20px;padding: 0px\"><a href=\"http:\/\/wp.kristdemokraterna.se\/hakanjohansson\/files\/2014\/06\/tomruta.gif\"><img loading=\"lazy\" decoding=\"async\" class=\"alignnone size-full wp-image-194\" style=\"border: 0px;padding: 0px;margin: 0px\" src=\"http:\/\/wp.kristdemokraterna.se\/hakanjohansson\/files\/2014\/06\/tomruta.gif\" alt=\"tomruta\" width=\"13\" height=\"13\" \/><\/a><\/td>\n<td style=\"width: 20px;padding: 0px\"><a href=\"http:\/\/wp.kristdemokraterna.se\/hakanjohansson\/files\/2014\/06\/kryssadruta.gif\"><img loading=\"lazy\" decoding=\"async\" class=\"alignnone size-full wp-image-198\" style=\"border: 0px;padding: 0px;margin: 0px\" src=\"http:\/\/wp.kristdemokraterna.se\/hakanjohansson\/files\/2014\/06\/kryssadruta.gif\" alt=\"kryssadruta\" width=\"13\" height=\"13\" \/><\/a><\/td>\n<\/tr>\n<tr>\n<td style=\"width: 160px;padding: 0px\">2. EMU?<\/td>\n<td style=\"width: 20px;padding: 0px\"><a href=\"http:\/\/wp.kristdemokraterna.se\/hakanjohansson\/files\/2014\/06\/kryssadruta.gif\"><img loading=\"lazy\" decoding=\"async\" class=\"alignnone size-full wp-image-198\" style=\"border: 0px;padding: 0px;margin: 0px\" src=\"http:\/\/wp.kristdemokraterna.se\/hakanjohansson\/files\/2014\/06\/kryssadruta.gif\" alt=\"kryssadruta\" width=\"13\" height=\"13\" \/><\/a><\/td>\n<td style=\"width: 20px;padding: 0px\"><a href=\"http:\/\/wp.kristdemokraterna.se\/hakanjohansson\/files\/2014\/06\/tomruta.gif\"><img loading=\"lazy\" decoding=\"async\" class=\"alignnone size-full wp-image-194\" style=\"border: 0px;padding: 0px;margin: 0px\" src=\"http:\/\/wp.kristdemokraterna.se\/hakanjohansson\/files\/2014\/06\/tomruta.gif\" alt=\"tomruta\" width=\"13\" height=\"13\" \/><\/a><\/td>\n<\/tr>\n<tr>\n<td style=\"width: 160px;padding: 0px\">3. Privatsjukhus?<\/td>\n<td style=\"width: 20px;padding: 0px\"><a href=\"http:\/\/wp.kristdemokraterna.se\/hakanjohansson\/files\/2014\/06\/kryssadruta.gif\"><img loading=\"lazy\" decoding=\"async\" class=\"alignnone size-full wp-image-198\" style=\"border: 0px;padding: 0px;margin: 0px\" src=\"http:\/\/wp.kristdemokraterna.se\/hakanjohansson\/files\/2014\/06\/kryssadruta.gif\" alt=\"kryssadruta\" width=\"13\" height=\"13\" \/><\/a><\/td>\n<td style=\"width: 20px;padding: 0px\"><a href=\"http:\/\/wp.kristdemokraterna.se\/hakanjohansson\/files\/2014\/06\/tomruta.gif\"><img loading=\"lazy\" decoding=\"async\" class=\"alignnone size-full wp-image-194\" style=\"border: 0px;padding: 0px;margin: 0px\" src=\"http:\/\/wp.kristdemokraterna.se\/hakanjohansson\/files\/2014\/06\/tomruta.gif\" alt=\"tomruta\" width=\"13\" height=\"13\" \/><\/a><\/td>\n<\/tr>\n<tr>\n<td style=\"width: 160px;padding: 0px\">4. Glesbygdsst\u00f6d?<\/td>\n<td style=\"width: 20px;padding: 0px\"><a href=\"http:\/\/wp.kristdemokraterna.se\/hakanjohansson\/files\/2014\/06\/tomruta.gif\"><img loading=\"lazy\" decoding=\"async\" class=\"alignnone size-full wp-image-194\" style=\"border: 0px;padding: 0px;margin: 0px\" src=\"http:\/\/wp.kristdemokraterna.se\/hakanjohansson\/files\/2014\/06\/tomruta.gif\" alt=\"tomruta\" width=\"13\" height=\"13\" \/><\/a><\/td>\n<td style=\"width: 20px;padding: 0px\"><a href=\"http:\/\/wp.kristdemokraterna.se\/hakanjohansson\/files\/2014\/06\/kryssadruta.gif\"><img loading=\"lazy\" decoding=\"async\" class=\"alignnone size-full wp-image-198\" style=\"border: 0px;padding: 0px;margin: 0px\" src=\"http:\/\/wp.kristdemokraterna.se\/hakanjohansson\/files\/2014\/06\/kryssadruta.gif\" alt=\"kryssadruta\" width=\"13\" height=\"13\" \/><\/a><\/td>\n<\/tr>\n<tr>\n<td style=\"width: 160px;padding: 0px\">5. S\u00e4nkt bensinskatt?<\/td>\n<td style=\"width: 20px;padding: 0px\"><a href=\"http:\/\/wp.kristdemokraterna.se\/hakanjohansson\/files\/2014\/06\/kryssadruta.gif\"><img loading=\"lazy\" decoding=\"async\" class=\"alignnone size-full wp-image-198\" style=\"border: 0px;padding: 0px;margin: 0px\" src=\"http:\/\/wp.kristdemokraterna.se\/hakanjohansson\/files\/2014\/06\/kryssadruta.gif\" alt=\"kryssadruta\" width=\"13\" height=\"13\" \/><\/a><\/td>\n<td style=\"width: 20px;padding: 0px\"><a href=\"http:\/\/wp.kristdemokraterna.se\/hakanjohansson\/files\/2014\/06\/tomruta.gif\"><img loading=\"lazy\" decoding=\"async\" class=\"alignnone size-full wp-image-194\" style=\"border: 0px;padding: 0px;margin: 0px\" src=\"http:\/\/wp.kristdemokraterna.se\/hakanjohansson\/files\/2014\/06\/tomruta.gif\" alt=\"tomruta\" width=\"13\" height=\"13\" \/><\/a><\/td>\n<\/tr>\n<tr>\n<td style=\"width: 160px;padding: 0px\">6. S\u00e4nkt alkoholskatt?<\/td>\n<td style=\"width: 20px;padding: 0px\"><a href=\"http:\/\/wp.kristdemokraterna.se\/hakanjohansson\/files\/2014\/06\/tomruta.gif\"><img loading=\"lazy\" decoding=\"async\" class=\"alignnone size-full wp-image-194\" style=\"border: 0px;padding: 0px;margin: 0px\" src=\"http:\/\/wp.kristdemokraterna.se\/hakanjohansson\/files\/2014\/06\/tomruta.gif\" alt=\"tomruta\" width=\"13\" height=\"13\" \/><\/a><\/td>\n<td style=\"width: 20px;padding: 0px\"><a href=\"http:\/\/wp.kristdemokraterna.se\/hakanjohansson\/files\/2014\/06\/kryssadruta.gif\"><img loading=\"lazy\" decoding=\"async\" class=\"alignnone size-full wp-image-198\" style=\"border: 0px;padding: 0px;margin: 0px\" src=\"http:\/\/wp.kristdemokraterna.se\/hakanjohansson\/files\/2014\/06\/kryssadruta.gif\" alt=\"kryssadruta\" width=\"13\" height=\"13\" \/><\/a><\/td>\n<\/tr>\n<tr>\n<td style=\"width: 160px;padding: 0px\">7. Fler poliser<\/td>\n<td style=\"width: 20px;padding: 0px\"><a href=\"http:\/\/wp.kristdemokraterna.se\/hakanjohansson\/files\/2014\/06\/kryssadruta.gif\"><img loading=\"lazy\" decoding=\"async\" class=\"alignnone size-full wp-image-198\" style=\"border: 0px;padding: 0px;margin: 0px\" src=\"http:\/\/wp.kristdemokraterna.se\/hakanjohansson\/files\/2014\/06\/kryssadruta.gif\" alt=\"kryssadruta\" width=\"13\" height=\"13\" \/><\/a><\/td>\n<td style=\"width: 20px;padding: 0px\"><a href=\"http:\/\/wp.kristdemokraterna.se\/hakanjohansson\/files\/2014\/06\/tomruta.gif\"><img loading=\"lazy\" decoding=\"async\" class=\"alignnone size-full wp-image-194\" style=\"border: 0px;padding: 0px;margin: 0px\" src=\"http:\/\/wp.kristdemokraterna.se\/hakanjohansson\/files\/2014\/06\/tomruta.gif\" alt=\"tomruta\" width=\"13\" height=\"13\" \/><\/a><\/td>\n<\/tr>\n<\/tbody>\n<\/table>\n<div style=\"border: 0px;padding: 0px;width: 238px;height: 240px;float: left;overflow: auto;margin: 0px\"><a href=\"http:\/\/wp.kristdemokraterna.se\/hakanjohansson\/files\/2014\/06\/rubrikpersonligt.gif\"><img loading=\"lazy\" decoding=\"async\" class=\"aligncenter wp-image-191 size-full\" src=\"http:\/\/wp.kristdemokraterna.se\/hakanjohansson\/files\/2014\/06\/rubrikpersonligt.gif\" alt=\"Personligt\" width=\"180\" height=\"24\" \/><\/a>Jag \u00e4r oerh\u00f6rt f\u00f6rtjust i musik och spelar g\u00e4rna lite piano, bland annat i v\u00e4rnamok\u00f6ren Lingon &amp; Mj\u00f6lk och Gislaved Storband. Till vardags arbetar jag p\u00e5 John Bauergymnasiet.Livet \u00e4r mer \u00e4n att \u00e4ta, jobba och sova \u2013 det handlar om engagemang. Mitt viktigaste engagemang \u00e4r att vara ledare i Allianskyrkans ton\u00e5rsarbete.<\/div>\n<div style=\"border: 0px;border-left: 1px solid #073192;width: 237px;height: 240px;float: left;overflow: auto;padding: 0px;margin: 0px\">\n<p><a href=\"http:\/\/wp.kristdemokraterna.se\/hakanjohansson\/files\/2014\/06\/rubrikviktigafragor.gif\"><img loading=\"lazy\" decoding=\"async\" class=\"aligncenter wp-image-193 size-full\" src=\"http:\/\/wp.kristdemokraterna.se\/hakanjohansson\/files\/2014\/06\/rubrikviktigafragor.gif\" alt=\"Viktiga fr\u00e5gor\" width=\"180\" height=\"24\" \/><\/a>Jag brinner f\u00f6r ett socialt, ekologiskt och ekonomiskt h\u00e5llbart samh\u00e4lle som pr\u00e4glas av solidaritet och medm\u00e4nsklighet. D\u00e4rf\u00f6r vill jag:<\/p>\n<ul>\n<li>utveckla V\u00e4rnamo som ekokommun.<\/li>\n<li>g\u00f6ra det m\u00f6jligt f\u00f6r fler att kunna f\u00f6rverkliga sitt dr\u00f6mboende.<\/li>\n<li>f\u00f6rb\u00e4ttra trafiksituationen i V\u00e4rnamo centrum \u2013 det ska vara m\u00f6jligt att ta sig fram l\u00e4ngs naturliga str\u00e5k oavsett hur man f\u00e4rdas.<\/li>\n<li>arbeta f\u00f6r att riksv\u00e4g 27 uppgraderas och att &#8221;Ljussevekaleden&#8221; blir en verklighet snarast.<\/li>\n<\/ul>\n<\/div>\n<div style=\"height: 60px;width: 476px;background-color: #79c800;color: #ffffff;padding: 0px;float: left;border: 0px;margin: 0px\">\n<p><strong>e-post: <\/strong><a title=\"Skicka e-post till H\u00e5kan Johansson\" href=\"mailto:hakan.johansson@kristdemokraterna.se\">hakan.johansson@kristdemokraterna.se<\/a><br \/>\n<strong>Telefon: <\/strong>0708-190960<\/p>\n<\/div>\n<div id=\"attachment_196\" style=\"width: 310px\" class=\"wp-caption alignleft\"><a href=\"http:\/\/wp.kristdemokraterna.se\/hakanjohansson\/files\/2014\/06\/finnveden_vn_hakan.jpg\"><img loading=\"lazy\" decoding=\"async\" aria-describedby=\"caption-attachment-196\" class=\"wp-image-196 size-full\" src=\"http:\/\/wp.kristdemokraterna.se\/hakanjohansson\/files\/2014\/06\/finnveden_vn_hakan.jpg\" alt=\"JA! Fler m\u00f6jligheter till dr\u00f6mboende. H\u00e5kan Johansson, V\u00e4rnamo. Kristdemokraterna. www.varnamo.kristdemokraterna.se (Annons: V\u00e4rnamo Nyheter och Finnveden nu)\" width=\"300\" height=\"135\" srcset=\"https:\/\/wp.kristdemokraterna.se\/hakanjohansson\/files\/2014\/06\/finnveden_vn_hakan.jpg 300w, https:\/\/wp.kristdemokraterna.se\/hakanjohansson\/files\/2014\/06\/finnveden_vn_hakan-186x83.jpg 186w\" sizes=\"auto, (max-width: 300px) 100vw, 300px\" \/><\/a><p id=\"caption-attachment-196\" class=\"wp-caption-text\">Annons: V\u00e4rnamo Nyheter och Finnveden nu<\/p><\/div>\n<div id=\"attachment_197\" style=\"width: 347px\" class=\"wp-caption alignleft\"><a href=\"http:\/\/wp.kristdemokraterna.se\/hakanjohansson\/files\/2014\/06\/kristdemokraten_hakan.gif\"><img loading=\"lazy\" decoding=\"async\" aria-describedby=\"caption-attachment-197\" class=\"wp-image-197 size-full\" src=\"http:\/\/wp.kristdemokraterna.se\/hakanjohansson\/files\/2014\/06\/kristdemokraten_hakan.gif\" alt=\"JA! Fler m\u00f6jligheter till dr\u00f6mboende. H\u00e5kan Johansson, V\u00e4rnamo. Kristdemokraterna. www.varnamo.kristdemokraterna.se (Annons: Kristdemokraten)\" width=\"337\" height=\"151\" \/><\/a><p id=\"caption-attachment-197\" class=\"wp-caption-text\">Annons: Kristdemokraten<\/p><\/div>\n","protected":false},"excerpt":{"rendered":"<p>H\u00e5kan Johansson \u2013 din kandidat i kommunfullm\u00e4ktigevalet 2006 Ja! Nej! 1. K\u00e4rnkraft? 2. EMU? 3. Privatsjukhus? 4. Glesbygdsst\u00f6d? 5. S\u00e4nkt bensinskatt? 6. S\u00e4nkt alkoholskatt? 7. Fler poliser Jag \u00e4r oerh\u00f6rt f\u00f6rtjust i musik och spelar g\u00e4rna lite piano, bland annat i v\u00e4rnamok\u00f6ren Lingon &amp; Mj\u00f6lk och Gislaved Storband. Till vardags arbetar jag p\u00e5 John Bauergymnasiet.Livet&hellip; <a class=\"read-more-link\" href=\"https:\/\/wp.kristdemokraterna.se\/hakanjohansson\/om-mig\/val-2006\/\">Forts\u00e4tt l\u00e4sa<\/a><\/p>\n","protected":false},"author":507,"featured_media":195,"parent":135,"menu_order":0,"comment_status":"closed","ping_status":"closed","template":"","meta":{"_acf_changed":false,"footnotes":""},"class_list":["post-166","page","type-page","status-publish","hentry"],"acf":[],"yoast_head":"<!-- This site is optimized with the Yoast SEO plugin v27.4 - https:\/\/yoast.com\/product\/yoast-seo-wordpress\/ -->\n<title>Val 2006 - H\u00e5kan Johansson, KD<\/title>\n<meta name=\"robots\" content=\"index, follow, max-snippet:-1, max-image-preview:large, max-video-preview:-1\" \/>\n<link rel=\"canonical\" href=\"https:\/\/wp.kristdemokraterna.se\/hakanjohansson\/om-mig\/val-2006\/\" \/>\n<meta property=\"og:locale\" content=\"sv_SE\" \/>\n<meta property=\"og:type\" content=\"article\" \/>\n<meta property=\"og:title\" content=\"Val 2006 - H\u00e5kan Johansson, KD\" \/>\n<meta property=\"og:description\" content=\"H\u00e5kan Johansson \u2013 din kandidat i kommunfullm\u00e4ktigevalet 2006 Ja! Nej! 1. K\u00e4rnkraft? 2. EMU? 3. Privatsjukhus? 4. Glesbygdsst\u00f6d? 5. S\u00e4nkt bensinskatt? 6. S\u00e4nkt alkoholskatt? 7. Fler poliser Jag \u00e4r oerh\u00f6rt f\u00f6rtjust i musik och spelar g\u00e4rna lite piano, bland annat i v\u00e4rnamok\u00f6ren Lingon &amp; Mj\u00f6lk och Gislaved Storband. Till vardags arbetar jag p\u00e5 John Bauergymnasiet.Livet&hellip; Forts\u00e4tt l\u00e4sa\" \/>\n<meta property=\"og:url\" content=\"https:\/\/wp.kristdemokraterna.se\/hakanjohansson\/om-mig\/val-2006\/\" \/>\n<meta property=\"og:site_name\" content=\"H\u00e5kan Johansson, KD\" \/>\n<meta property=\"article:modified_time\" content=\"2014-08-01T19:11:51+00:00\" \/>\n<meta property=\"og:image\" content=\"https:\/\/wp.kristdemokraterna.se\/hakanjohansson\/files\/2014\/06\/2006_hakan_johansson.jpg\" \/>\n\t<meta property=\"og:image:width\" content=\"300\" \/>\n\t<meta property=\"og:image:height\" content=\"300\" \/>\n\t<meta property=\"og:image:type\" content=\"image\/jpeg\" \/>\n<meta name=\"twitter:card\" content=\"summary_large_image\" \/>\n<meta name=\"twitter:label1\" content=\"Ber\u00e4knad l\u00e4stid\" \/>\n\t<meta name=\"twitter:data1\" content=\"1 minut\" \/>\n<script type=\"application\/ld+json\" class=\"yoast-schema-graph\">{\"@context\":\"https:\\\/\\\/schema.org\",\"@graph\":[{\"@type\":\"WebPage\",\"@id\":\"https:\\\/\\\/wp.kristdemokraterna.se\\\/hakanjohansson\\\/om-mig\\\/val-2006\\\/\",\"url\":\"https:\\\/\\\/wp.kristdemokraterna.se\\\/hakanjohansson\\\/om-mig\\\/val-2006\\\/\",\"name\":\"Val 2006 - H\u00e5kan Johansson, KD\",\"isPartOf\":{\"@id\":\"https:\\\/\\\/wp.kristdemokraterna.se\\\/hakanjohansson\\\/#website\"},\"primaryImageOfPage\":{\"@id\":\"https:\\\/\\\/wp.kristdemokraterna.se\\\/hakanjohansson\\\/om-mig\\\/val-2006\\\/#primaryimage\"},\"image\":{\"@id\":\"https:\\\/\\\/wp.kristdemokraterna.se\\\/hakanjohansson\\\/om-mig\\\/val-2006\\\/#primaryimage\"},\"thumbnailUrl\":\"https:\\\/\\\/wp.kristdemokraterna.se\\\/hakanjohansson\\\/files\\\/2014\\\/06\\\/2006_hakan_johansson.jpg\",\"datePublished\":\"2014-08-01T18:13:08+00:00\",\"dateModified\":\"2014-08-01T19:11:51+00:00\",\"breadcrumb\":{\"@id\":\"https:\\\/\\\/wp.kristdemokraterna.se\\\/hakanjohansson\\\/om-mig\\\/val-2006\\\/#breadcrumb\"},\"inLanguage\":\"sv-SE\",\"potentialAction\":[{\"@type\":\"ReadAction\",\"target\":[\"https:\\\/\\\/wp.kristdemokraterna.se\\\/hakanjohansson\\\/om-mig\\\/val-2006\\\/\"]}]},{\"@type\":\"ImageObject\",\"inLanguage\":\"sv-SE\",\"@id\":\"https:\\\/\\\/wp.kristdemokraterna.se\\\/hakanjohansson\\\/om-mig\\\/val-2006\\\/#primaryimage\",\"url\":\"https:\\\/\\\/wp.kristdemokraterna.se\\\/hakanjohansson\\\/files\\\/2014\\\/06\\\/2006_hakan_johansson.jpg\",\"contentUrl\":\"https:\\\/\\\/wp.kristdemokraterna.se\\\/hakanjohansson\\\/files\\\/2014\\\/06\\\/2006_hakan_johansson.jpg\",\"width\":300,\"height\":300,\"caption\":\"H\u00e5kan Johansson, Kristdemokraterna V\u00e4rnamo.\"},{\"@type\":\"BreadcrumbList\",\"@id\":\"https:\\\/\\\/wp.kristdemokraterna.se\\\/hakanjohansson\\\/om-mig\\\/val-2006\\\/#breadcrumb\",\"itemListElement\":[{\"@type\":\"ListItem\",\"position\":1,\"name\":\"Hem\",\"item\":\"https:\\\/\\\/wp.kristdemokraterna.se\\\/hakanjohansson\\\/\"},{\"@type\":\"ListItem\",\"position\":2,\"name\":\"Om mig\",\"item\":\"https:\\\/\\\/wp.kristdemokraterna.se\\\/hakanjohansson\\\/om-mig\\\/\"},{\"@type\":\"ListItem\",\"position\":3,\"name\":\"Val 2006\"}]},{\"@type\":\"WebSite\",\"@id\":\"https:\\\/\\\/wp.kristdemokraterna.se\\\/hakanjohansson\\\/#website\",\"url\":\"https:\\\/\\\/wp.kristdemokraterna.se\\\/hakanjohansson\\\/\",\"name\":\"H\u00e5kan Johansson, KD\",\"description\":\"Politik, musik och teknik...\",\"inLanguage\":\"sv-SE\"}]}<\/script>\n<!-- \/ Yoast SEO plugin. -->","yoast_head_json":{"title":"Val 2006 - H\u00e5kan Johansson, KD","robots":{"index":"index","follow":"follow","max-snippet":"max-snippet:-1","max-image-preview":"max-image-preview:large","max-video-preview":"max-video-preview:-1"},"canonical":"https:\/\/wp.kristdemokraterna.se\/hakanjohansson\/om-mig\/val-2006\/","og_locale":"sv_SE","og_type":"article","og_title":"Val 2006 - H\u00e5kan Johansson, KD","og_description":"H\u00e5kan Johansson \u2013 din kandidat i kommunfullm\u00e4ktigevalet 2006 Ja! Nej! 1. K\u00e4rnkraft? 2. EMU? 3. Privatsjukhus? 4. Glesbygdsst\u00f6d? 5. S\u00e4nkt bensinskatt? 6. S\u00e4nkt alkoholskatt? 7. Fler poliser Jag \u00e4r oerh\u00f6rt f\u00f6rtjust i musik och spelar g\u00e4rna lite piano, bland annat i v\u00e4rnamok\u00f6ren Lingon &amp; Mj\u00f6lk och Gislaved Storband. Till vardags arbetar jag p\u00e5 John Bauergymnasiet.Livet&hellip; Forts\u00e4tt l\u00e4sa","og_url":"https:\/\/wp.kristdemokraterna.se\/hakanjohansson\/om-mig\/val-2006\/","og_site_name":"H\u00e5kan Johansson, KD","article_modified_time":"2014-08-01T19:11:51+00:00","og_image":[{"width":300,"height":300,"url":"https:\/\/wp.kristdemokraterna.se\/hakanjohansson\/files\/2014\/06\/2006_hakan_johansson.jpg","type":"image\/jpeg"}],"twitter_card":"summary_large_image","twitter_misc":{"Ber\u00e4knad l\u00e4stid":"1 minut"},"schema":{"@context":"https:\/\/schema.org","@graph":[{"@type":"WebPage","@id":"https:\/\/wp.kristdemokraterna.se\/hakanjohansson\/om-mig\/val-2006\/","url":"https:\/\/wp.kristdemokraterna.se\/hakanjohansson\/om-mig\/val-2006\/","name":"Val 2006 - H\u00e5kan Johansson, KD","isPartOf":{"@id":"https:\/\/wp.kristdemokraterna.se\/hakanjohansson\/#website"},"primaryImageOfPage":{"@id":"https:\/\/wp.kristdemokraterna.se\/hakanjohansson\/om-mig\/val-2006\/#primaryimage"},"image":{"@id":"https:\/\/wp.kristdemokraterna.se\/hakanjohansson\/om-mig\/val-2006\/#primaryimage"},"thumbnailUrl":"https:\/\/wp.kristdemokraterna.se\/hakanjohansson\/files\/2014\/06\/2006_hakan_johansson.jpg","datePublished":"2014-08-01T18:13:08+00:00","dateModified":"2014-08-01T19:11:51+00:00","breadcrumb":{"@id":"https:\/\/wp.kristdemokraterna.se\/hakanjohansson\/om-mig\/val-2006\/#breadcrumb"},"inLanguage":"sv-SE","potentialAction":[{"@type":"ReadAction","target":["https:\/\/wp.kristdemokraterna.se\/hakanjohansson\/om-mig\/val-2006\/"]}]},{"@type":"ImageObject","inLanguage":"sv-SE","@id":"https:\/\/wp.kristdemokraterna.se\/hakanjohansson\/om-mig\/val-2006\/#primaryimage","url":"https:\/\/wp.kristdemokraterna.se\/hakanjohansson\/files\/2014\/06\/2006_hakan_johansson.jpg","contentUrl":"https:\/\/wp.kristdemokraterna.se\/hakanjohansson\/files\/2014\/06\/2006_hakan_johansson.jpg","width":300,"height":300,"caption":"H\u00e5kan Johansson, Kristdemokraterna V\u00e4rnamo."},{"@type":"BreadcrumbList","@id":"https:\/\/wp.kristdemokraterna.se\/hakanjohansson\/om-mig\/val-2006\/#breadcrumb","itemListElement":[{"@type":"ListItem","position":1,"name":"Hem","item":"https:\/\/wp.kristdemokraterna.se\/hakanjohansson\/"},{"@type":"ListItem","position":2,"name":"Om mig","item":"https:\/\/wp.kristdemokraterna.se\/hakanjohansson\/om-mig\/"},{"@type":"ListItem","position":3,"name":"Val 2006"}]},{"@type":"WebSite","@id":"https:\/\/wp.kristdemokraterna.se\/hakanjohansson\/#website","url":"https:\/\/wp.kristdemokraterna.se\/hakanjohansson\/","name":"H\u00e5kan Johansson, KD","description":"Politik, musik och teknik...","inLanguage":"sv-SE"}]}},"_links":{"self":[{"href":"https:\/\/wp.kristdemokraterna.se\/hakanjohansson\/wp-json\/wp\/v2\/pages\/166","targetHints":{"allow":["GET"]}}],"collection":[{"href":"https:\/\/wp.kristdemokraterna.se\/hakanjohansson\/wp-json\/wp\/v2\/pages"}],"about":[{"href":"https:\/\/wp.kristdemokraterna.se\/hakanjohansson\/wp-json\/wp\/v2\/types\/page"}],"author":[{"embeddable":true,"href":"https:\/\/wp.kristdemokraterna.se\/hakanjohansson\/wp-json\/wp\/v2\/users\/507"}],"replies":[{"embeddable":true,"href":"https:\/\/wp.kristdemokraterna.se\/hakanjohansson\/wp-json\/wp\/v2\/comments?post=166"}],"version-history":[{"count":87,"href":"https:\/\/wp.kristdemokraterna.se\/hakanjohansson\/wp-json\/wp\/v2\/pages\/166\/revisions"}],"predecessor-version":[{"id":2347,"href":"https:\/\/wp.kristdemokraterna.se\/hakanjohansson\/wp-json\/wp\/v2\/pages\/166\/revisions\/2347"}],"up":[{"embeddable":true,"href":"https:\/\/wp.kristdemokraterna.se\/hakanjohansson\/wp-json\/wp\/v2\/pages\/135"}],"wp:featuredmedia":[{"embeddable":true,"href":"https:\/\/wp.kristdemokraterna.se\/hakanjohansson\/wp-json\/wp\/v2\/media\/195"}],"wp:attachment":[{"href":"https:\/\/wp.kristdemokraterna.se\/hakanjohansson\/wp-json\/wp\/v2\/media?parent=166"}],"curies":[{"name":"wp","href":"https:\/\/api.w.org\/{rel}","templated":true}]}}