{"id":168,"date":"2014-08-01T20:13:08","date_gmt":"2014-08-01T18:13:08","guid":{"rendered":"http:\/\/wp.kristdemokraterna.se\/hakanjohansson\/?page_id=168"},"modified":"2017-04-19T18:54:35","modified_gmt":"2017-04-19T16:54:35","slug":"val-2002","status":"publish","type":"page","link":"https:\/\/wp.kristdemokraterna.se\/hakanjohansson\/om-mig\/val-2002\/","title":{"rendered":"Val 2002"},"content":{"rendered":"<p style=\"text-align: right\"><strong><em>Din kandidat i kommunfullm\u00e4ktigevalet 2002<\/em><\/strong><\/p>\n<p><a href=\"http:\/\/wp.kristdemokraterna.se\/hakanjohansson\/files\/2014\/06\/politikmedhjarta.gif\"><img loading=\"lazy\" decoding=\"async\" class=\"aligncenter wp-image-184 size-full\" src=\"http:\/\/wp.kristdemokraterna.se\/hakanjohansson\/files\/2014\/06\/politikmedhjarta.gif\" alt=\"En politik med hj\u00e4rta och f\u00f6rnuft, Kristdemokraterna\" width=\"438\" height=\"38\" \/><\/a><\/p>\n<h2>H\u00e5kan Johansson, V\u00e4rnamo<\/h2>\n<div id=\"attachment_183\" style=\"width: 310px\" class=\"wp-caption alignleft\"><a href=\"http:\/\/wp.kristdemokraterna.se\/hakanjohansson\/files\/2014\/06\/hakan_johansson.jpg\"><img loading=\"lazy\" decoding=\"async\" aria-describedby=\"caption-attachment-183\" class=\"wp-image-183 size-full\" style=\"border: 0;margin: 0\" src=\"http:\/\/wp.kristdemokraterna.se\/hakanjohansson\/files\/2014\/06\/hakan_johansson.jpg\" alt=\"H\u00e5kan Johansson \u2013 Kristdemokratisk kandidat till V\u00e4rnamo kommunfullm\u00e4ktige. (Foto: Fotograf M\u00e4ster Olof, V\u00e4rnamo)\" width=\"300\" height=\"300\" srcset=\"https:\/\/wp.kristdemokraterna.se\/hakanjohansson\/files\/2014\/06\/hakan_johansson.jpg 300w, https:\/\/wp.kristdemokraterna.se\/hakanjohansson\/files\/2014\/06\/hakan_johansson-150x150.jpg 150w, https:\/\/wp.kristdemokraterna.se\/hakanjohansson\/files\/2014\/06\/hakan_johansson-112x112.jpg 112w\" sizes=\"auto, (max-width: 300px) 100vw, 300px\" \/><\/a><p id=\"caption-attachment-183\" class=\"wp-caption-text\">H\u00e5kan Johansson \u2013 Kristdemokratisk kandidat till V\u00e4rnamo kommunfullm\u00e4ktige. (Foto: Fotograf M\u00e4ster Olof, V\u00e4rnamo)<\/p><\/div>\n<div style=\"color: #073192;width: 220px;float: right;border: 0;margin: 0\">\n<h3>Tid f\u00f6r m\u00e4nniskan<\/h3>\n<p><strong>V\u00e4rnamo ska vara en ekokommun \u2013 inte bara kalla sig det.<\/strong><\/p>\n<ul>\n<li>Milj\u00f6certifiera alla kommunala verksamheter.<\/li>\n<li>L\u00f6s dagvatten\u00adhante\u00adringen.<\/li>\n<li>Utveckla kollektiv\u00adtrafiken.<\/li>\n<li>Skydda dricks\u00advattnet.<\/li>\n<li>Bygg ut fj\u00e4rr\u00adv\u00e4rme\u00adn\u00e4tet.<\/li>\n<\/ul>\n<\/div>\n<div style=\"background-color: #dce1f1;border: 0;border-top: 1px solid #8594ce;border-bottom: 1px solid #8594ce;color: #073192;margin: 0;margin-top: 0.5em;margin-bottom: 0.5em;width: 285px;height: 460px;float: left\">\n<h3>Kort om mig<\/h3>\n<ul>\n<li>F\u00f6r mig har alltid milj\u00f6- och solidaritetsfr\u00e5gor varit viktigast. D\u00e4rf\u00f6r \u00e4r jag kristdemokrat!<\/li>\n<li>Jag \u00e4lskar musik \u2013 ju svartare desto b\u00e4ttre (precis som med kaffe&#8230;).<\/li>\n<li>Jag arbetar som l\u00e4rare p\u00e5 Folkh\u00f6gskolan V\u00e4rnamo.<\/li>\n<li>Om jag skulle f\u00e5 tid \u00f6ver n\u00e5gon g\u00e5ng ser jag g\u00e4rna en film \u2013 helst thriller eller scifi.<\/li>\n<\/ul>\n<h4>Politiska uppdrag<\/h4>\n<ul>\n<li>1:e vice ordf\u00f6rande i Milj\u00f6- och stadsbyggnadsn\u00e4mnden.<\/li>\n<li>Ledamot i Kristdemokraternas lokalavdelningsstyrelse.<\/li>\n<\/ul>\n<\/div>\n<div style=\"background-color: #cdfa46;border: 0;border-top: 1px solid #7cc242;border-bottom: 1px solid #7cc242;color: #073192;margin: 0;margin-top: 0.5em;margin-bottom: 0.5em;width: 285px;height: 460px;float: right\">\n<h3>Kontakta mig g\u00e4rna<\/h3>\n<p class=\"enrad\"><strong>e-post<\/strong><br \/>\n<a title=\"Skicka e-post till H\u00e5kan Johansson\" href=\"mailto:hakan.johansson@kristdemokraterna.se\">hakan.johansson@kristdemokraterna.se<\/a><\/p>\n<p class=\"enrad\"><strong>Telefon<\/strong><\/p>\n<p class=\"enrad\">0708-190960<\/p>\n<\/div>\n","protected":false},"excerpt":{"rendered":"<p>Din kandidat i kommunfullm\u00e4ktigevalet 2002 H\u00e5kan Johansson, V\u00e4rnamo Tid f\u00f6r m\u00e4nniskan V\u00e4rnamo ska vara en ekokommun \u2013 inte bara kalla sig det. Milj\u00f6certifiera alla kommunala verksamheter. L\u00f6s dagvatten\u00adhante\u00adringen. Utveckla kollektiv\u00adtrafiken. Skydda dricks\u00advattnet. Bygg ut fj\u00e4rr\u00adv\u00e4rme\u00adn\u00e4tet. Kort om mig F\u00f6r mig har alltid milj\u00f6- och solidaritetsfr\u00e5gor varit viktigast. D\u00e4rf\u00f6r \u00e4r jag kristdemokrat! Jag \u00e4lskar musik \u2013&hellip; <a class=\"read-more-link\" href=\"https:\/\/wp.kristdemokraterna.se\/hakanjohansson\/om-mig\/val-2002\/\">Forts\u00e4tt l\u00e4sa<\/a><\/p>\n","protected":false},"author":507,"featured_media":183,"parent":135,"menu_order":0,"comment_status":"closed","ping_status":"closed","template":"","meta":{"_acf_changed":false,"footnotes":""},"class_list":["post-168","page","type-page","status-publish","hentry"],"acf":[],"yoast_head":"<!-- This site is optimized with the Yoast SEO plugin v27.3 - https:\/\/yoast.com\/product\/yoast-seo-wordpress\/ -->\n<title>Val 2002 - H\u00e5kan Johansson, KD<\/title>\n<meta name=\"robots\" content=\"index, follow, max-snippet:-1, max-image-preview:large, max-video-preview:-1\" \/>\n<link rel=\"canonical\" href=\"https:\/\/wp.kristdemokraterna.se\/hakanjohansson\/om-mig\/val-2002\/\" \/>\n<meta property=\"og:locale\" content=\"sv_SE\" \/>\n<meta property=\"og:type\" content=\"article\" \/>\n<meta property=\"og:title\" content=\"Val 2002 - H\u00e5kan Johansson, KD\" \/>\n<meta property=\"og:description\" content=\"Din kandidat i kommunfullm\u00e4ktigevalet 2002 H\u00e5kan Johansson, V\u00e4rnamo Tid f\u00f6r m\u00e4nniskan V\u00e4rnamo ska vara en ekokommun \u2013 inte bara kalla sig det. Milj\u00f6certifiera alla kommunala verksamheter. L\u00f6s dagvatten\u00adhante\u00adringen. Utveckla kollektiv\u00adtrafiken. Skydda dricks\u00advattnet. Bygg ut fj\u00e4rr\u00adv\u00e4rme\u00adn\u00e4tet. Kort om mig F\u00f6r mig har alltid milj\u00f6- och solidaritetsfr\u00e5gor varit viktigast. D\u00e4rf\u00f6r \u00e4r jag kristdemokrat! Jag \u00e4lskar musik \u2013&hellip; Forts\u00e4tt l\u00e4sa\" \/>\n<meta property=\"og:url\" content=\"https:\/\/wp.kristdemokraterna.se\/hakanjohansson\/om-mig\/val-2002\/\" \/>\n<meta property=\"og:site_name\" content=\"H\u00e5kan Johansson, KD\" \/>\n<meta property=\"article:modified_time\" content=\"2017-04-19T16:54:35+00:00\" \/>\n<meta property=\"og:image\" content=\"https:\/\/wp.kristdemokraterna.se\/hakanjohansson\/files\/2014\/06\/hakan_johansson.jpg\" \/>\n\t<meta property=\"og:image:width\" content=\"300\" \/>\n\t<meta property=\"og:image:height\" content=\"300\" \/>\n\t<meta property=\"og:image:type\" content=\"image\/jpeg\" \/>\n<meta name=\"twitter:card\" content=\"summary_large_image\" \/>\n<meta name=\"twitter:label1\" content=\"Ber\u00e4knad l\u00e4stid\" \/>\n\t<meta name=\"twitter:data1\" content=\"1 minut\" \/>\n<script type=\"application\/ld+json\" class=\"yoast-schema-graph\">{\"@context\":\"https:\\\/\\\/schema.org\",\"@graph\":[{\"@type\":\"WebPage\",\"@id\":\"https:\\\/\\\/wp.kristdemokraterna.se\\\/hakanjohansson\\\/om-mig\\\/val-2002\\\/\",\"url\":\"https:\\\/\\\/wp.kristdemokraterna.se\\\/hakanjohansson\\\/om-mig\\\/val-2002\\\/\",\"name\":\"Val 2002 - H\u00e5kan Johansson, KD\",\"isPartOf\":{\"@id\":\"https:\\\/\\\/wp.kristdemokraterna.se\\\/hakanjohansson\\\/#website\"},\"primaryImageOfPage\":{\"@id\":\"https:\\\/\\\/wp.kristdemokraterna.se\\\/hakanjohansson\\\/om-mig\\\/val-2002\\\/#primaryimage\"},\"image\":{\"@id\":\"https:\\\/\\\/wp.kristdemokraterna.se\\\/hakanjohansson\\\/om-mig\\\/val-2002\\\/#primaryimage\"},\"thumbnailUrl\":\"https:\\\/\\\/wp.kristdemokraterna.se\\\/hakanjohansson\\\/files\\\/2014\\\/06\\\/hakan_johansson.jpg\",\"datePublished\":\"2014-08-01T18:13:08+00:00\",\"dateModified\":\"2017-04-19T16:54:35+00:00\",\"breadcrumb\":{\"@id\":\"https:\\\/\\\/wp.kristdemokraterna.se\\\/hakanjohansson\\\/om-mig\\\/val-2002\\\/#breadcrumb\"},\"inLanguage\":\"sv-SE\",\"potentialAction\":[{\"@type\":\"ReadAction\",\"target\":[\"https:\\\/\\\/wp.kristdemokraterna.se\\\/hakanjohansson\\\/om-mig\\\/val-2002\\\/\"]}]},{\"@type\":\"ImageObject\",\"inLanguage\":\"sv-SE\",\"@id\":\"https:\\\/\\\/wp.kristdemokraterna.se\\\/hakanjohansson\\\/om-mig\\\/val-2002\\\/#primaryimage\",\"url\":\"https:\\\/\\\/wp.kristdemokraterna.se\\\/hakanjohansson\\\/files\\\/2014\\\/06\\\/hakan_johansson.jpg\",\"contentUrl\":\"https:\\\/\\\/wp.kristdemokraterna.se\\\/hakanjohansson\\\/files\\\/2014\\\/06\\\/hakan_johansson.jpg\",\"width\":300,\"height\":300,\"caption\":\"H\u00e5kan Johansson, Kristdemokraterna V\u00e4rnamo.\"},{\"@type\":\"BreadcrumbList\",\"@id\":\"https:\\\/\\\/wp.kristdemokraterna.se\\\/hakanjohansson\\\/om-mig\\\/val-2002\\\/#breadcrumb\",\"itemListElement\":[{\"@type\":\"ListItem\",\"position\":1,\"name\":\"Hem\",\"item\":\"https:\\\/\\\/wp.kristdemokraterna.se\\\/hakanjohansson\\\/\"},{\"@type\":\"ListItem\",\"position\":2,\"name\":\"Om mig\",\"item\":\"https:\\\/\\\/wp.kristdemokraterna.se\\\/hakanjohansson\\\/om-mig\\\/\"},{\"@type\":\"ListItem\",\"position\":3,\"name\":\"Val 2002\"}]},{\"@type\":\"WebSite\",\"@id\":\"https:\\\/\\\/wp.kristdemokraterna.se\\\/hakanjohansson\\\/#website\",\"url\":\"https:\\\/\\\/wp.kristdemokraterna.se\\\/hakanjohansson\\\/\",\"name\":\"H\u00e5kan Johansson, KD\",\"description\":\"Politik, musik och teknik...\",\"inLanguage\":\"sv-SE\"}]}<\/script>\n<!-- \/ Yoast SEO plugin. -->","yoast_head_json":{"title":"Val 2002 - H\u00e5kan Johansson, KD","robots":{"index":"index","follow":"follow","max-snippet":"max-snippet:-1","max-image-preview":"max-image-preview:large","max-video-preview":"max-video-preview:-1"},"canonical":"https:\/\/wp.kristdemokraterna.se\/hakanjohansson\/om-mig\/val-2002\/","og_locale":"sv_SE","og_type":"article","og_title":"Val 2002 - H\u00e5kan Johansson, KD","og_description":"Din kandidat i kommunfullm\u00e4ktigevalet 2002 H\u00e5kan Johansson, V\u00e4rnamo Tid f\u00f6r m\u00e4nniskan V\u00e4rnamo ska vara en ekokommun \u2013 inte bara kalla sig det. Milj\u00f6certifiera alla kommunala verksamheter. L\u00f6s dagvatten\u00adhante\u00adringen. Utveckla kollektiv\u00adtrafiken. Skydda dricks\u00advattnet. Bygg ut fj\u00e4rr\u00adv\u00e4rme\u00adn\u00e4tet. Kort om mig F\u00f6r mig har alltid milj\u00f6- och solidaritetsfr\u00e5gor varit viktigast. D\u00e4rf\u00f6r \u00e4r jag kristdemokrat! Jag \u00e4lskar musik \u2013&hellip; Forts\u00e4tt l\u00e4sa","og_url":"https:\/\/wp.kristdemokraterna.se\/hakanjohansson\/om-mig\/val-2002\/","og_site_name":"H\u00e5kan Johansson, KD","article_modified_time":"2017-04-19T16:54:35+00:00","og_image":[{"width":300,"height":300,"url":"https:\/\/wp.kristdemokraterna.se\/hakanjohansson\/files\/2014\/06\/hakan_johansson.jpg","type":"image\/jpeg"}],"twitter_card":"summary_large_image","twitter_misc":{"Ber\u00e4knad l\u00e4stid":"1 minut"},"schema":{"@context":"https:\/\/schema.org","@graph":[{"@type":"WebPage","@id":"https:\/\/wp.kristdemokraterna.se\/hakanjohansson\/om-mig\/val-2002\/","url":"https:\/\/wp.kristdemokraterna.se\/hakanjohansson\/om-mig\/val-2002\/","name":"Val 2002 - H\u00e5kan Johansson, KD","isPartOf":{"@id":"https:\/\/wp.kristdemokraterna.se\/hakanjohansson\/#website"},"primaryImageOfPage":{"@id":"https:\/\/wp.kristdemokraterna.se\/hakanjohansson\/om-mig\/val-2002\/#primaryimage"},"image":{"@id":"https:\/\/wp.kristdemokraterna.se\/hakanjohansson\/om-mig\/val-2002\/#primaryimage"},"thumbnailUrl":"https:\/\/wp.kristdemokraterna.se\/hakanjohansson\/files\/2014\/06\/hakan_johansson.jpg","datePublished":"2014-08-01T18:13:08+00:00","dateModified":"2017-04-19T16:54:35+00:00","breadcrumb":{"@id":"https:\/\/wp.kristdemokraterna.se\/hakanjohansson\/om-mig\/val-2002\/#breadcrumb"},"inLanguage":"sv-SE","potentialAction":[{"@type":"ReadAction","target":["https:\/\/wp.kristdemokraterna.se\/hakanjohansson\/om-mig\/val-2002\/"]}]},{"@type":"ImageObject","inLanguage":"sv-SE","@id":"https:\/\/wp.kristdemokraterna.se\/hakanjohansson\/om-mig\/val-2002\/#primaryimage","url":"https:\/\/wp.kristdemokraterna.se\/hakanjohansson\/files\/2014\/06\/hakan_johansson.jpg","contentUrl":"https:\/\/wp.kristdemokraterna.se\/hakanjohansson\/files\/2014\/06\/hakan_johansson.jpg","width":300,"height":300,"caption":"H\u00e5kan Johansson, Kristdemokraterna V\u00e4rnamo."},{"@type":"BreadcrumbList","@id":"https:\/\/wp.kristdemokraterna.se\/hakanjohansson\/om-mig\/val-2002\/#breadcrumb","itemListElement":[{"@type":"ListItem","position":1,"name":"Hem","item":"https:\/\/wp.kristdemokraterna.se\/hakanjohansson\/"},{"@type":"ListItem","position":2,"name":"Om mig","item":"https:\/\/wp.kristdemokraterna.se\/hakanjohansson\/om-mig\/"},{"@type":"ListItem","position":3,"name":"Val 2002"}]},{"@type":"WebSite","@id":"https:\/\/wp.kristdemokraterna.se\/hakanjohansson\/#website","url":"https:\/\/wp.kristdemokraterna.se\/hakanjohansson\/","name":"H\u00e5kan Johansson, KD","description":"Politik, musik och teknik...","inLanguage":"sv-SE"}]}},"_links":{"self":[{"href":"https:\/\/wp.kristdemokraterna.se\/hakanjohansson\/wp-json\/wp\/v2\/pages\/168","targetHints":{"allow":["GET"]}}],"collection":[{"href":"https:\/\/wp.kristdemokraterna.se\/hakanjohansson\/wp-json\/wp\/v2\/pages"}],"about":[{"href":"https:\/\/wp.kristdemokraterna.se\/hakanjohansson\/wp-json\/wp\/v2\/types\/page"}],"author":[{"embeddable":true,"href":"https:\/\/wp.kristdemokraterna.se\/hakanjohansson\/wp-json\/wp\/v2\/users\/507"}],"replies":[{"embeddable":true,"href":"https:\/\/wp.kristdemokraterna.se\/hakanjohansson\/wp-json\/wp\/v2\/comments?post=168"}],"version-history":[{"count":18,"href":"https:\/\/wp.kristdemokraterna.se\/hakanjohansson\/wp-json\/wp\/v2\/pages\/168\/revisions"}],"predecessor-version":[{"id":2346,"href":"https:\/\/wp.kristdemokraterna.se\/hakanjohansson\/wp-json\/wp\/v2\/pages\/168\/revisions\/2346"}],"up":[{"embeddable":true,"href":"https:\/\/wp.kristdemokraterna.se\/hakanjohansson\/wp-json\/wp\/v2\/pages\/135"}],"wp:featuredmedia":[{"embeddable":true,"href":"https:\/\/wp.kristdemokraterna.se\/hakanjohansson\/wp-json\/wp\/v2\/media\/183"}],"wp:attachment":[{"href":"https:\/\/wp.kristdemokraterna.se\/hakanjohansson\/wp-json\/wp\/v2\/media?parent=168"}],"curies":[{"name":"wp","href":"https:\/\/api.w.org\/{rel}","templated":true}]}}