{"id":170,"date":"2014-06-26T20:48:27","date_gmt":"2014-06-26T18:48:27","guid":{"rendered":"http:\/\/wp.kristdemokraterna.se\/hakanjohansson\/?page_id=170"},"modified":"2017-04-19T18:51:25","modified_gmt":"2017-04-19T16:51:25","slug":"val-1998","status":"publish","type":"page","link":"https:\/\/wp.kristdemokraterna.se\/hakanjohansson\/om-mig\/val-1998\/","title":{"rendered":"Val 1998"},"content":{"rendered":"<div style=\"text-align: center;border-top-color: #073192;border-bottom-color: #073192;border-top-width: 2px;border-bottom-width: 2px;border-top-style: solid;border-bottom-style: solid\">[<a title=\"Om H\u00e5kan Johansson\" href=\"#om\">Om mig<\/a>]\u00a0|\u00a0[<a title=\"Mitt valmanifest\" href=\"#manifest\">Valmanifest<\/a>]\u00a0|\u00a0[<a title=\"Ins\u00e4ndare\" href=\"#insandare\">Ins\u00e4ndare<\/a>]\u00a0|\u00a0[<a title=\"L\u00e4nkar\" href=\"#lankar\">L\u00e4nkar<\/a>]\u00a0| [<a title=\"Kontakta mig g\u00e4rna\" href=\"#kontakt\">Kontakt<\/a>]<\/div>\n<h2 id=\"om\">H\u00e5kan Johansson<\/h2>\n<h3>Mina intressen<\/h3>\n<div id=\"attachment_172\" style=\"width: 114px\" class=\"wp-caption alignleft\"><a href=\"http:\/\/wp.kristdemokraterna.se\/hakanjohansson\/files\/2014\/06\/hakan2.jpg\"><img loading=\"lazy\" decoding=\"async\" aria-describedby=\"caption-attachment-172\" class=\"wp-image-172 size-full\" src=\"http:\/\/wp.kristdemokraterna.se\/hakanjohansson\/files\/2014\/06\/hakan2.jpg\" alt=\"H\u00e5kan Johansson - kristdemokratisk kandidat i kommunfullm\u00e4ktigevalet 1998.\" width=\"104\" height=\"150\" srcset=\"https:\/\/wp.kristdemokraterna.se\/hakanjohansson\/files\/2014\/06\/hakan2.jpg 104w, https:\/\/wp.kristdemokraterna.se\/hakanjohansson\/files\/2014\/06\/hakan2-77x112.jpg 77w\" sizes=\"auto, (max-width: 104px) 100vw, 104px\" \/><\/a><p id=\"caption-attachment-172\" class=\"wp-caption-text\">H\u00e5kan Johansson &#8211; kristdemokratisk kandidat i kommunfullm\u00e4ktigevalet 1998.<\/p><\/div>\n<p>Mitt st\u00f6rsta intresse i livet \u00e4r musik. Sj\u00e4lv spelar jag piano eftersom jag \u00e4r emot rasism \u2013 en pianist trycker\u00a0ju ner svarta och vita lika mycket \u00a0 =). Jag b\u00f6rjade min musikaliska bana i kommunala musikskolan i Gislaved och numera \u00e4r jag med och spelar i lite olika sammanhang, bland annat i V\u00e4rnamos mest sp\u00e4nnande k\u00f6r &#8211; Lingon &amp; Mj\u00f6lk. Vidare recenserar jag levande musik i V\u00e4rnamo \u00e5t ortstidningen V\u00e4rnamo Nyheter ibland. Musik blir allra roligast om man spelar sj\u00e4lv och det \u00e4r inte alls s\u00e5 sv\u00e5rt som en del f\u00f6rs\u00f6ker att f\u00e5 det till! Testa sj\u00e4lv med min Rapmaskin. Om jag n\u00e5gon g\u00e5ng f\u00e5r en ledig stund \u00f6ver i livet lyssnar jag g\u00e4rna p\u00e5 musik (ju &#8221;svartare&#8221; desto b\u00e4ttre), l\u00e4ser en god bok (helst deckare eller thriller) eller ser en bra film p\u00e5 TV.<\/p>\n<h3>Min yrkesbakgrund<\/h3>\n<p>Studier, studier och \u00e5ter studier&#8230; Det \u00e4r vad mitt liv handlar om just nu. Jag studerar till Informationsingenj\u00f6r (120 po\u00e4ng) vid Ingenj\u00f6rsh\u00f6gskolan (ING) i J\u00f6nk\u00f6ping. Dessutom studerar jag statskunskap (41-60 po\u00e4ng) vid Internationella handelsh\u00f6gskolan (IHH) i J\u00f6nk\u00f6ping. Tidigare har jag bland annat jobbat p\u00e5 mejeri, metallfabrik, musikskola och vikarierat som l\u00e4rare. Innan jag b\u00f6rjade studera hade jag arbetat som ungdomspastor i Skillingaryds missionsf\u00f6rsamling (tre \u00e5r) och V\u00e4rnamo alliansf\u00f6rsamling (fyra \u00e5r) efter att ha g\u00e5tt den tre\u00e5riga pastors- och mission\u00e4rsutbildningen vid Korteboskolan i J\u00f6nk\u00f6ping. Sj\u00e4lv tycker jag att den blandningen har gett mig en bred erfarenhet av v\u00e5rt samh\u00e4lle.<\/p>\n<h3>Min politiska bakgrund<\/h3>\n<p>F\u00f6r mig har alltid milj\u00f6- och r\u00e4ttvisefr\u00e5gorna varit viktiga. Mitt politiska engagemang startade n\u00e4r jag gick p\u00e5 gymnasiet (G\u00e4rdesskolan i Gislaved). Fr\u00e5n b\u00f6rjan tyckte jag att centerpartiet och v\u00e4nsterpartiet l\u00e5g n\u00e4rmast mig, men sedan uppt\u00e4ckte jag kristdemokraterna i samband med k\u00e4rnkraftsomr\u00f6stningen. Kristdemokraterna \u00e4r ett parti som inte bara har milj\u00f6n som en fr\u00e5ga i vackra tal, utan den kristdemokratiska f\u00f6rvaltarskapstanken lyfter fram milj\u00f6t\u00e4nkandet till det perspektiv som m\u00e5ste p\u00e5verka alla politiska fr\u00e5gor. Vidare har kristdemokraterna broderskapstanken som ger inspiration till att arbeta f\u00f6r ett r\u00e4ttvist globalt samh\u00e4lle (med l\u00e5ngt st\u00f6rre r\u00e4ckvidd \u00e4n vad klasskampsbaserad konfrontationspolitik syftar till), men utan tv\u00e5ngsmedel och totalitarism, samtidigt som man unnar m\u00e4nniskor att &#8221;lyckas&#8221; \u2013 och uppmuntrar initiativkraft och kompetens.<\/p>\n<p>Som jag ser det \u00e4r kristdemokratin en modern politisk ideologi som<\/p>\n<ul>\n<li>ger en realistisk beskrivning av v\u00e5rt samh\u00e4lle utan att beh\u00f6va l\u00e4gga till n\u00e5gra ad hoc-antaganden (till skillnad fr\u00e5n de klassiska politiska ideologierna som m\u00e5ste g\u00f6ra det f\u00f6r att inte samh\u00e4llet ska bli alldeles om\u00e4nskligt). Det beror p\u00e5 att kristdemokratin utg\u00e5r ifr\u00e5n m\u00e4nniskan och inte ifr\u00e5n kapitalet och \u00e4gandet i sin verklighetsuppfattning.<\/li>\n<li>ger anv\u00e4ndbara analysverktyg f\u00f6r att f\u00f6rst\u00e5 det moderna komplexa samh\u00e4llet (den gamla h\u00f6ger- v\u00e4nsterskalan har onekligen vissa begr\u00e4nsningar&#8230;) och \u00e4ven ge v\u00e4gledning in i framtiden. Det beror p\u00e5 att kristdemokratin v\u00e4xte fram bland annat som ett svar p\u00e5 de klassiska politiska ideologierna och det endimensionella t\u00e4nkande de ofta ledde fram till.<\/li>\n<\/ul>\n<p>Sedan jag gjorde den uppt\u00e4ckten har jag varit engagerad i KDU, kristdemokratiska ungdomsf\u00f6rbundet, bland annat p\u00e5 distriktsniv\u00e5, och i lokala sammanhang i partiet. F\u00f6r n\u00e4rvarande \u00e4r jag ledamot i avdelningsstyrelsen, vice ordf\u00f6rande i den nya Milj\u00f6- och byggn\u00e4mnden i V\u00e4rnamo kommun och n\u00e4mndeman i L\u00e4nsr\u00e4tten i J\u00f6nk\u00f6ping. Mina politiska profilfr\u00e5gor beskriver jag n\u00e4rmare under <a title=\"L\u00e4nk till en kort presentation av min politiska profil\" href=\"#manifest\">Detta st\u00e5r jag f\u00f6r<\/a><\/p>\n<h2 id=\"manifest\">Detta st\u00e5r jag f\u00f6r<\/h2>\n<h3>Viktiga dokument \u2013 helhetsbilden<\/h3>\n<ul>\n<li>Kristdemokraternas principprogram f\u00f6r gemenskap och m\u00e4nniskov\u00e4rde.<\/li>\n<li>Valmanifest f\u00f6r ett tryggare och friare Sverige.<\/li>\n<li>Valmanifestet fr\u00e5n kristdemokraterna i V\u00e4rnamo kommun.<\/li>\n<li>Kristdemokraternas centrala valmaterial<\/li>\n<li>Om vi fick best\u00e4mma<\/li>\n<li>Om vi fick best\u00e4mma i kommunen<\/li>\n<\/ul>\n<h3>Milj\u00f6<\/h3>\n<p>Milj\u00f6n \u00e4r inte bara en fr\u00e5ga, bland andra, som man kan plocka fram n\u00e4r det passar \u2013 det handlar om v\u00e5r \u00f6verlevnad. Milj\u00f6perspektivet ska finnas med i alla politiska beslut, p\u00e5 beredningsstadiet s\u00e5v\u00e4l som p\u00e5 besluts- och implementationsstadiet.<\/p>\n<ul>\n<li>F\u00f6r att V\u00e4rnamo kommun ska leva upp till sin m\u00e5ls\u00e4ttning att vara ekokommun m\u00e5ste milj\u00f6styrningen samordnas och f\u00e5 h\u00f6g prioritet.<\/li>\n<li>Kvalitetscertifiera all kommunal verksamhet enligt ISO 9\u00a0000, som ett f\u00f6rsta steg mot en milj\u00f6certifiering enligt ISO 14\u00a0000 (och EMAS).<\/li>\n<li>Agenda 21-processen m\u00e5ste bli synligare i V\u00e4rnamo kommun.<\/li>\n<li>Rena det kommunala dagvattnet fr\u00e5n V\u00e4rnamo stad i ett v\u00e5tmarksomr\u00e5de vid Vid\u00f6sterns norra \u00e4nde. Detta omr\u00e5de kan skapa ytterligare variation \u00e5t rekreationsomr\u00e5det kring Osudden.<\/li>\n<li>Bygg en &#8221;ekoby&#8221; med den senaste kretsloppsanpassade spetstekniken, som ett positivt exempel p\u00e5 milj\u00f6v\u00e4nligt boende. Alternativt kan man rusta upp ett \u00e4ldre bostadsomr\u00e5de p\u00e5 ett liknande s\u00e4tt som Kalmarhem planerar i kvarteret Inspektoren.<\/li>\n<li>Det \u00e4r n\u00f6dv\u00e4ndigt att byta ut elv\u00e4rme mot kretsloppsanpassade energik\u00e4llor, som fj\u00e4rrv\u00e4rme, biobr\u00e4nslen (till exempel pellets) och v\u00e4rmepumpar. Den insikten m\u00e5ste genomsyra planarbetet.<\/li>\n<li>F\u00f6r att f\u00e5 en b\u00e4ttre luftkvalitet i V\u00e4rnamo centrum och f\u00e5 bort farliga transportar d\u00e4rifr\u00e5n beh\u00f6ver vi bygga f\u00e4rdigt Gr\u00f6ndalsleden. Det \u00e4r inte l\u00e4mpligt att ansluta Sveav\u00e4gen till denna. Det \u00e4r viktigt att v\u00e4gen planeras in i landskapet s\u00e5 varsamt som m\u00f6jligt, f\u00f6r att minimera ingreppen i friluftsomr\u00e5det runt Borgen.<\/li>\n<li>Bevara str\u00f6mmarna i \u00c5r\u00e5n vid Eds bruk.<\/li>\n<li>Sl\u00e5 vakt om strandskyddet! \u2013 S\u00e4lj inte ut allemansr\u00e4tten till h\u00f6gstbjudande!<\/li>\n<li>Kommunen ska beh\u00e5lla tillsynen \u00f6ver djurskyddet. Vi har kompetensen och k\u00e4nner de lokala f\u00f6rh\u00e5llandena b\u00e4st.<\/li>\n<\/ul>\n<h3>Kultur<\/h3>\n<p>\u00c4ven kuturen brukar betraktas som ett perifert intresse man kan unna sig om man f\u00e5r pengar \u00f6ver. Jag menar att ett levande, rikt och m\u00e5ngsidigt kulturliv skapar f\u00f6ruts\u00e4ttningar f\u00f6r en dynamisk utveckling i kommunen. V\u00e4rnamo stad ska vara ett attraktivt handels- och kulturcentrum \u2013 en stad som inv\u00e5narna talar gott om blir attraktiv!<\/p>\n<ul>\n<li>Forts\u00e4tt att utveckla kulturskolan.<\/li>\n<li>V\u00e4lkomna Vandalorum och liknande positiva kultursatsningar.<\/li>\n<li>V\u00e4rnamo beh\u00f6ver ett Kulturens hus. Utvecklingen i f\u00f6re detta Folkets hus \u00e4r ett bra f\u00f6rsta steg mot detta.<\/li>\n<li>Biblioteket p\u00e5 Vr\u00e5en ska finnas kvar.<\/li>\n<li>Utveckla skolbiblioteken.<\/li>\n<li>F\u00f6rnya Kyrktorget och Vr\u00e5ens centrum.<\/li>\n<li>Knyt ihop parker och promenadstigar utmed Lagans b\u00e5da str\u00e4nder till ett attraktivt omr\u00e5de f\u00f6r rekreation och naturupplevelser mitt i staden.<\/li>\n<\/ul>\n<h3>Teknik och utveckling<\/h3>\n<p>V\u00e4rnamo kommun har ovanligt goda f\u00f6ruts\u00e4ttningar f\u00f6r att utvecklas till det naturliga centrumet f\u00f6r v\u00e4stra Sm\u00e5land. L\u00e5t oss ta vara p\u00e5 dem!<\/p>\n<ul>\n<li>H\u00f6gskolan p\u00e5 hemmaplan och n\u00e4rheten till h\u00f6gskolorna i J\u00f6nk\u00f6ping och V\u00e4xj\u00f6 \u00e4r viktiga faktorer f\u00f6r en positiv utveckling av V\u00e4rnamo kommun.<\/li>\n<li>Europakorridoren \u00e4r en viktig satsning f\u00f6r framtiden, b\u00e5de ur ett lokalt, regionalt och centralt perspektiv. I kombination med en ut\u00f6kad satsning p\u00e5 kust- till kustbanan kan V\u00e4rnamo utvecklas till ett regionalt kommunikationscentrum. Banan \u00e4r \u00e4ven viktig ur ett milj\u00f6perspektiv.<\/li>\n<li>Kommunen b\u00f6r beh\u00e5lla V\u00e4rnamo energi som ett strategiskt verktyg f\u00f6r omst\u00e4llningen till det ekologiskt uth\u00e5lliga samh\u00e4llet. Bolagets infrastruktur kan utvecklas och placera V\u00e4rnamo i framkant p\u00e5 den informationsteknologiska utvecklingen. V\u00e4rnamo energi b\u00f6r samarbeta med andra lokala energibolag f\u00f6r att gemensamt m\u00f6ta utmaningarna fr\u00e5n de stora energibolagen.<\/li>\n<li>V\u00e4rnamo kommun ska underl\u00e4tta f\u00f6retagande genom ett fortsatt smidigt n\u00e4ringslivsklimat.<\/li>\n<\/ul>\n<h2 id=\"insandare\">Ins\u00e4ndare<\/h2>\n<p>H\u00e4r samlar jag mina ins\u00e4ndare i politiska fr\u00e5gor, oavsett om de blir publicerade eller inte.<\/p>\n<ul>\n<li><a title=\"L\u00e4nk &quot;Veckans \u00e5sikt&quot;, tisdag vecka 38 1998. H\u00e5kan Johansson: Klassresan bakl\u00e4nges\" href=\"http:\/\/www.varnamo.kristdemokrat.se\/politik\/asikter\/arkiv\/as9839hj.html\">Klassresan bakl\u00e4nges<\/a>, &#8221;Veckans \u00e5sikt&#8221; fr\u00e5n kristdemokraterna (1998-09-15), Onsdagstidningen (1998-09-16), V\u00e4rnamo Nyheter (1998-09-19)<\/li>\n<li><a title=\"L\u00e4nk &quot;Veckans \u00e5sikt&quot;, m\u00e5ndag vecka 38 1998. H\u00e5kan Johansson: En milj\u00f6politik f\u00f6r framtidens utmaningar\" href=\"http:\/\/www.varnamo.kristdemokrat.se\/politik\/asikter\/arkiv\/as9838hj.html\">En milj\u00f6politik f\u00f6r framtidens utmaningar<\/a>, &#8221;Veckans \u00e5sikt&#8221; fr\u00e5n kristdemokraterna (1998-09-14), Onsdagstidningen (1998-09-16), V\u00e4rnamo Nyheter (1998-09-17)<\/li>\n<\/ul>\n<h2 id=\"lankar\">Viktiga l\u00e4nkar<\/h2>\n<ul>\n<li>Kristdemokraterna i V\u00e4rnamo kommun: <a title=\"L\u00e4nk till kristdemokraterna i V\u00e4rnamo kommun\" href=\"http:\/\/www.varnamo.kristdemokraterna.se\/\" target=\"_blank\">www.varnamo.kristdemokraterna.se<\/a> <em>(Den h\u00e4r webbplatsen har jag gjort!)<\/em><\/li>\n<li>e-post till kristdemokraterna i V\u00e4rnamo kommun: <a title=\"Skicka e-post till kristdemokraterna i V\u00e4rnamo kommun\" href=\"mailto:varnamo@kristdemokraterna.se\" target=\"_blank\">varnamo@kristdemokraterna.se<\/a><\/li>\n<li>Kristdemokraterna i J\u00f6nk\u00f6pings l\u00e4n: <a title=\"L\u00e4nk till kristdemokraterna i J\u00f6nk\u00f6pings l\u00e4n\" href=\"http:\/\/www.jonkopingslan.kristdemokraterna.se\/\">www.jonkopingslan.kristdemokraterna.se<\/a><\/li>\n<li>Kristdemokraterna: <a title=\"L\u00e4nk till kristdemokraterna i Sverige\" href=\"http:\/\/www.kristdemokraterna.se\/\">www.kristdemokraterna.se<\/a><\/li>\n<\/ul>\n<h2 id=\"kontakt\">Kontakta mig g\u00e4rna<\/h2>\n<h3>H\u00e5kan Johansson<\/h3>\n<h4>e-post<\/h4>\n<p><a title=\"L\u00e4nk: Skicka e-post till mig\" href=\"mailto:hakan.johansson@kristdemokraterna.se\" target=\"_blank\">hakan.johansson@kristdemokraterna.se<\/a><\/p>\n<h4>Webbplats<\/h4>\n<p><a title=\"L\u00e4nk till min webbplats\" href=\"wp.kristdemokraterna.se\/hakanjohansson\/\">wp.kristdemokraterna.se\/hakanjohansson<\/a><\/p>\n<h4>Telefon<\/h4>\n<p>0708-190960<\/p>\n","protected":false},"excerpt":{"rendered":"<p>[Om mig]\u00a0|\u00a0[Valmanifest]\u00a0|\u00a0[Ins\u00e4ndare]\u00a0|\u00a0[L\u00e4nkar]\u00a0| [Kontakt] H\u00e5kan Johansson Mina intressen Mitt st\u00f6rsta intresse i livet \u00e4r musik. Sj\u00e4lv spelar jag piano eftersom jag \u00e4r emot rasism \u2013 en pianist trycker\u00a0ju ner svarta och vita lika mycket \u00a0 =). Jag b\u00f6rjade min musikaliska bana i kommunala musikskolan i Gislaved och numera \u00e4r jag med och spelar i lite olika&hellip; <a class=\"read-more-link\" href=\"https:\/\/wp.kristdemokraterna.se\/hakanjohansson\/om-mig\/val-1998\/\">Forts\u00e4tt l\u00e4sa<\/a><\/p>\n","protected":false},"author":507,"featured_media":172,"parent":135,"menu_order":0,"comment_status":"closed","ping_status":"closed","template":"","meta":{"_acf_changed":false,"footnotes":""},"class_list":["post-170","page","type-page","status-publish","hentry"],"acf":[],"yoast_head":"<!-- This site is optimized with the Yoast SEO plugin v27.4 - https:\/\/yoast.com\/product\/yoast-seo-wordpress\/ -->\n<title>Val 1998 - H\u00e5kan Johansson, KD<\/title>\n<meta name=\"robots\" content=\"index, follow, max-snippet:-1, max-image-preview:large, max-video-preview:-1\" \/>\n<link rel=\"canonical\" href=\"https:\/\/wp.kristdemokraterna.se\/hakanjohansson\/om-mig\/val-1998\/\" \/>\n<meta property=\"og:locale\" content=\"sv_SE\" \/>\n<meta property=\"og:type\" content=\"article\" \/>\n<meta property=\"og:title\" content=\"Val 1998 - H\u00e5kan Johansson, KD\" \/>\n<meta property=\"og:description\" content=\"[Om mig]\u00a0|\u00a0[Valmanifest]\u00a0|\u00a0[Ins\u00e4ndare]\u00a0|\u00a0[L\u00e4nkar]\u00a0| [Kontakt] H\u00e5kan Johansson Mina intressen Mitt st\u00f6rsta intresse i livet \u00e4r musik. Sj\u00e4lv spelar jag piano eftersom jag \u00e4r emot rasism \u2013 en pianist trycker\u00a0ju ner svarta och vita lika mycket \u00a0 =). Jag b\u00f6rjade min musikaliska bana i kommunala musikskolan i Gislaved och numera \u00e4r jag med och spelar i lite olika&hellip; Forts\u00e4tt l\u00e4sa\" \/>\n<meta property=\"og:url\" content=\"https:\/\/wp.kristdemokraterna.se\/hakanjohansson\/om-mig\/val-1998\/\" \/>\n<meta property=\"og:site_name\" content=\"H\u00e5kan Johansson, KD\" \/>\n<meta property=\"article:modified_time\" content=\"2017-04-19T16:51:25+00:00\" \/>\n<meta property=\"og:image\" content=\"https:\/\/wp.kristdemokraterna.se\/hakanjohansson\/files\/2014\/06\/hakan2.jpg\" \/>\n\t<meta property=\"og:image:width\" content=\"104\" \/>\n\t<meta property=\"og:image:height\" content=\"150\" \/>\n\t<meta property=\"og:image:type\" content=\"image\/jpeg\" \/>\n<meta name=\"twitter:card\" content=\"summary_large_image\" \/>\n<meta name=\"twitter:label1\" content=\"Ber\u00e4knad l\u00e4stid\" \/>\n\t<meta name=\"twitter:data1\" content=\"7 minuter\" \/>\n<script type=\"application\/ld+json\" class=\"yoast-schema-graph\">{\"@context\":\"https:\\\/\\\/schema.org\",\"@graph\":[{\"@type\":\"WebPage\",\"@id\":\"https:\\\/\\\/wp.kristdemokraterna.se\\\/hakanjohansson\\\/om-mig\\\/val-1998\\\/\",\"url\":\"https:\\\/\\\/wp.kristdemokraterna.se\\\/hakanjohansson\\\/om-mig\\\/val-1998\\\/\",\"name\":\"Val 1998 - H\u00e5kan Johansson, KD\",\"isPartOf\":{\"@id\":\"https:\\\/\\\/wp.kristdemokraterna.se\\\/hakanjohansson\\\/#website\"},\"primaryImageOfPage\":{\"@id\":\"https:\\\/\\\/wp.kristdemokraterna.se\\\/hakanjohansson\\\/om-mig\\\/val-1998\\\/#primaryimage\"},\"image\":{\"@id\":\"https:\\\/\\\/wp.kristdemokraterna.se\\\/hakanjohansson\\\/om-mig\\\/val-1998\\\/#primaryimage\"},\"thumbnailUrl\":\"https:\\\/\\\/wp.kristdemokraterna.se\\\/hakanjohansson\\\/files\\\/2014\\\/06\\\/hakan2.jpg\",\"datePublished\":\"2014-06-26T18:48:27+00:00\",\"dateModified\":\"2017-04-19T16:51:25+00:00\",\"breadcrumb\":{\"@id\":\"https:\\\/\\\/wp.kristdemokraterna.se\\\/hakanjohansson\\\/om-mig\\\/val-1998\\\/#breadcrumb\"},\"inLanguage\":\"sv-SE\",\"potentialAction\":[{\"@type\":\"ReadAction\",\"target\":[\"https:\\\/\\\/wp.kristdemokraterna.se\\\/hakanjohansson\\\/om-mig\\\/val-1998\\\/\"]}]},{\"@type\":\"ImageObject\",\"inLanguage\":\"sv-SE\",\"@id\":\"https:\\\/\\\/wp.kristdemokraterna.se\\\/hakanjohansson\\\/om-mig\\\/val-1998\\\/#primaryimage\",\"url\":\"https:\\\/\\\/wp.kristdemokraterna.se\\\/hakanjohansson\\\/files\\\/2014\\\/06\\\/hakan2.jpg\",\"contentUrl\":\"https:\\\/\\\/wp.kristdemokraterna.se\\\/hakanjohansson\\\/files\\\/2014\\\/06\\\/hakan2.jpg\",\"width\":104,\"height\":150,\"caption\":\"H\u00e5kan Johansson, Kristdemokraterna V\u00e4rnamo.\"},{\"@type\":\"BreadcrumbList\",\"@id\":\"https:\\\/\\\/wp.kristdemokraterna.se\\\/hakanjohansson\\\/om-mig\\\/val-1998\\\/#breadcrumb\",\"itemListElement\":[{\"@type\":\"ListItem\",\"position\":1,\"name\":\"Hem\",\"item\":\"https:\\\/\\\/wp.kristdemokraterna.se\\\/hakanjohansson\\\/\"},{\"@type\":\"ListItem\",\"position\":2,\"name\":\"Om mig\",\"item\":\"https:\\\/\\\/wp.kristdemokraterna.se\\\/hakanjohansson\\\/om-mig\\\/\"},{\"@type\":\"ListItem\",\"position\":3,\"name\":\"Val 1998\"}]},{\"@type\":\"WebSite\",\"@id\":\"https:\\\/\\\/wp.kristdemokraterna.se\\\/hakanjohansson\\\/#website\",\"url\":\"https:\\\/\\\/wp.kristdemokraterna.se\\\/hakanjohansson\\\/\",\"name\":\"H\u00e5kan Johansson, KD\",\"description\":\"Politik, musik och teknik...\",\"inLanguage\":\"sv-SE\"}]}<\/script>\n<!-- \/ Yoast SEO plugin. -->","yoast_head_json":{"title":"Val 1998 - H\u00e5kan Johansson, KD","robots":{"index":"index","follow":"follow","max-snippet":"max-snippet:-1","max-image-preview":"max-image-preview:large","max-video-preview":"max-video-preview:-1"},"canonical":"https:\/\/wp.kristdemokraterna.se\/hakanjohansson\/om-mig\/val-1998\/","og_locale":"sv_SE","og_type":"article","og_title":"Val 1998 - H\u00e5kan Johansson, KD","og_description":"[Om mig]\u00a0|\u00a0[Valmanifest]\u00a0|\u00a0[Ins\u00e4ndare]\u00a0|\u00a0[L\u00e4nkar]\u00a0| [Kontakt] H\u00e5kan Johansson Mina intressen Mitt st\u00f6rsta intresse i livet \u00e4r musik. Sj\u00e4lv spelar jag piano eftersom jag \u00e4r emot rasism \u2013 en pianist trycker\u00a0ju ner svarta och vita lika mycket \u00a0 =). Jag b\u00f6rjade min musikaliska bana i kommunala musikskolan i Gislaved och numera \u00e4r jag med och spelar i lite olika&hellip; Forts\u00e4tt l\u00e4sa","og_url":"https:\/\/wp.kristdemokraterna.se\/hakanjohansson\/om-mig\/val-1998\/","og_site_name":"H\u00e5kan Johansson, KD","article_modified_time":"2017-04-19T16:51:25+00:00","og_image":[{"width":104,"height":150,"url":"https:\/\/wp.kristdemokraterna.se\/hakanjohansson\/files\/2014\/06\/hakan2.jpg","type":"image\/jpeg"}],"twitter_card":"summary_large_image","twitter_misc":{"Ber\u00e4knad l\u00e4stid":"7 minuter"},"schema":{"@context":"https:\/\/schema.org","@graph":[{"@type":"WebPage","@id":"https:\/\/wp.kristdemokraterna.se\/hakanjohansson\/om-mig\/val-1998\/","url":"https:\/\/wp.kristdemokraterna.se\/hakanjohansson\/om-mig\/val-1998\/","name":"Val 1998 - H\u00e5kan Johansson, KD","isPartOf":{"@id":"https:\/\/wp.kristdemokraterna.se\/hakanjohansson\/#website"},"primaryImageOfPage":{"@id":"https:\/\/wp.kristdemokraterna.se\/hakanjohansson\/om-mig\/val-1998\/#primaryimage"},"image":{"@id":"https:\/\/wp.kristdemokraterna.se\/hakanjohansson\/om-mig\/val-1998\/#primaryimage"},"thumbnailUrl":"https:\/\/wp.kristdemokraterna.se\/hakanjohansson\/files\/2014\/06\/hakan2.jpg","datePublished":"2014-06-26T18:48:27+00:00","dateModified":"2017-04-19T16:51:25+00:00","breadcrumb":{"@id":"https:\/\/wp.kristdemokraterna.se\/hakanjohansson\/om-mig\/val-1998\/#breadcrumb"},"inLanguage":"sv-SE","potentialAction":[{"@type":"ReadAction","target":["https:\/\/wp.kristdemokraterna.se\/hakanjohansson\/om-mig\/val-1998\/"]}]},{"@type":"ImageObject","inLanguage":"sv-SE","@id":"https:\/\/wp.kristdemokraterna.se\/hakanjohansson\/om-mig\/val-1998\/#primaryimage","url":"https:\/\/wp.kristdemokraterna.se\/hakanjohansson\/files\/2014\/06\/hakan2.jpg","contentUrl":"https:\/\/wp.kristdemokraterna.se\/hakanjohansson\/files\/2014\/06\/hakan2.jpg","width":104,"height":150,"caption":"H\u00e5kan Johansson, Kristdemokraterna V\u00e4rnamo."},{"@type":"BreadcrumbList","@id":"https:\/\/wp.kristdemokraterna.se\/hakanjohansson\/om-mig\/val-1998\/#breadcrumb","itemListElement":[{"@type":"ListItem","position":1,"name":"Hem","item":"https:\/\/wp.kristdemokraterna.se\/hakanjohansson\/"},{"@type":"ListItem","position":2,"name":"Om mig","item":"https:\/\/wp.kristdemokraterna.se\/hakanjohansson\/om-mig\/"},{"@type":"ListItem","position":3,"name":"Val 1998"}]},{"@type":"WebSite","@id":"https:\/\/wp.kristdemokraterna.se\/hakanjohansson\/#website","url":"https:\/\/wp.kristdemokraterna.se\/hakanjohansson\/","name":"H\u00e5kan Johansson, KD","description":"Politik, musik och teknik...","inLanguage":"sv-SE"}]}},"_links":{"self":[{"href":"https:\/\/wp.kristdemokraterna.se\/hakanjohansson\/wp-json\/wp\/v2\/pages\/170","targetHints":{"allow":["GET"]}}],"collection":[{"href":"https:\/\/wp.kristdemokraterna.se\/hakanjohansson\/wp-json\/wp\/v2\/pages"}],"about":[{"href":"https:\/\/wp.kristdemokraterna.se\/hakanjohansson\/wp-json\/wp\/v2\/types\/page"}],"author":[{"embeddable":true,"href":"https:\/\/wp.kristdemokraterna.se\/hakanjohansson\/wp-json\/wp\/v2\/users\/507"}],"replies":[{"embeddable":true,"href":"https:\/\/wp.kristdemokraterna.se\/hakanjohansson\/wp-json\/wp\/v2\/comments?post=170"}],"version-history":[{"count":12,"href":"https:\/\/wp.kristdemokraterna.se\/hakanjohansson\/wp-json\/wp\/v2\/pages\/170\/revisions"}],"predecessor-version":[{"id":2344,"href":"https:\/\/wp.kristdemokraterna.se\/hakanjohansson\/wp-json\/wp\/v2\/pages\/170\/revisions\/2344"}],"up":[{"embeddable":true,"href":"https:\/\/wp.kristdemokraterna.se\/hakanjohansson\/wp-json\/wp\/v2\/pages\/135"}],"wp:featuredmedia":[{"embeddable":true,"href":"https:\/\/wp.kristdemokraterna.se\/hakanjohansson\/wp-json\/wp\/v2\/media\/172"}],"wp:attachment":[{"href":"https:\/\/wp.kristdemokraterna.se\/hakanjohansson\/wp-json\/wp\/v2\/media?parent=170"}],"curies":[{"name":"wp","href":"https:\/\/api.w.org\/{rel}","templated":true}]}}