{"id":2685,"date":"2021-03-02T12:40:46","date_gmt":"2021-03-02T11:40:46","guid":{"rendered":"http:\/\/wp.kristdemokraterna.se\/hakanjohansson\/?page_id=2685"},"modified":"2022-08-28T15:02:09","modified_gmt":"2022-08-28T13:02:09","slug":"kontaktuppgifter-till-hakan-johansson-kd","status":"publish","type":"page","link":"https:\/\/wp.kristdemokraterna.se\/hakanjohansson\/kontakta-mig\/kontaktuppgifter-till-hakan-johansson-kd\/","title":{"rendered":"Kontaktuppgifter till H\u00e5kan Johansson, KD"},"content":{"rendered":"<h2>Kontaktuppgifter<\/h2>\n<p>H\u00e4r \u00e4r mina kontaktuppgifter.<\/p>\n<h3>Kontaktm\u00f6jligheter<\/h3>\n<dl>\n<dt>Adress:<\/dt>\n<dd>\n<address>Smultronv\u00e4gen 18<br \/>\n331 43 V\u00c4RNAMO<\/address>\n<\/dd>\n<dt>Telefon:<\/dt>\n<dd>0708-190960<\/dd>\n<\/dl>\n<h4>Internet<\/h4>\n<dl>\n<dt>e-post:<\/dt>\n<dd><a title=\"L\u00e4nk: Skicka e-post till kristdemokraterna i V\u00e4rnamo kommun. Vi svarar inom 24 timmar!\" href=\"mailto:hakan.johansson@kristdemokraterna.se\">hakan.johansson@kristdemokraterna.se<\/a><\/dd>\n<dt>Webbplats:<\/dt>\n<dd><a title=\"L\u00e4nk till kristdemokraternas hemsida i V\u00e4rnamo\" href=\"https:\/\/wp.kristdemokraterna.se\/hakanjohansson\/\">wp.kristdemokraterna.se\/hakanjohansson\/<\/a><\/dd>\n<dt>Facebook<\/dt>\n<dd><a title=\"L\u00e4nk till Kristdemokraternas Facebooksida i V\u00e4rnamo\" href=\"https:\/\/www.facebook.com\/hakanjohansson.KD\" target=\"_blank\" rel=\"noopener noreferrer\">H\u00e5kan Johansson &#8211; KD<\/a><\/dd>\n<dt>Twitter<\/dt>\n<dd><a title=\"L\u00e4nk till Kristdemokraternas Twitterfl\u00f6de i V\u00e4rnamo\" href=\"https:\/\/twitter.com\/hakanjohansson\" target=\"_blank\" rel=\"noopener noreferrer\">@hakanjohansson<\/a><\/dd>\n<dt>Instagram<\/dt>\n<dd><a title=\"L\u00e4nk till Kristdemokraternas Instagramkonto i V\u00e4rnamo\" href=\"https:\/\/www.instagram.com\/johanssonhakan\/\" target=\"_blank\" rel=\"noopener noreferrer\">@johanssonhakan<\/a><\/dd>\n<\/dl>\n\n\t\t<style type=\"text\/css\">\n\t\t\t#gallery-1 {\n\t\t\t\tmargin: auto;\n\t\t\t}\n\t\t\t#gallery-1 .gallery-item {\n\t\t\t\tfloat: left;\n\t\t\t\tmargin-top: 10px;\n\t\t\t\ttext-align: center;\n\t\t\t\twidth: 33%;\n\t\t\t}\n\t\t\t#gallery-1 img {\n\t\t\t\tborder: 2px solid #cfcfcf;\n\t\t\t}\n\t\t\t#gallery-1 .gallery-caption {\n\t\t\t\tmargin-left: 0;\n\t\t\t}\n\t\t\t\/* see gallery_shortcode() in wp-includes\/media.php *\/\n\t\t<\/style>\n\t\t<div id='gallery-1' class='gallery galleryid-2685 gallery-columns-3 gallery-size-thumbnail'><dl class='gallery-item'>\n\t\t\t<dt class='gallery-icon landscape'>\n\t\t\t\t<a href='https:\/\/wp.kristdemokraterna.se\/hakanjohansson\/kontaktuppgifter\/'><img loading=\"lazy\" decoding=\"async\" width=\"150\" height=\"150\" src=\"https:\/\/wp.kristdemokraterna.se\/hakanjohansson\/files\/2021\/03\/kontaktuppgifter-150x150.jpg\" class=\"attachment-thumbnail size-thumbnail\" alt=\"Kontaktuppgifter till H\u00e5kan Johansson, KD\" aria-describedby=\"gallery-1-2690\" srcset=\"https:\/\/wp.kristdemokraterna.se\/hakanjohansson\/files\/2021\/03\/kontaktuppgifter-150x150.jpg 150w, https:\/\/wp.kristdemokraterna.se\/hakanjohansson\/files\/2021\/03\/kontaktuppgifter-90x90.jpg 90w\" sizes=\"auto, (max-width: 150px) 100vw, 150px\" \/><\/a>\n\t\t\t<\/dt>\n\t\t\t\t<dd class='wp-caption-text gallery-caption' id='gallery-1-2690'>\n\t\t\t\tKontaktuppgifter till H\u00e5kan Johansson, KD\n\t\t\t\t<\/dd><\/dl>\n\t\t\t<br style='clear: both' \/>\n\t\t<\/div>\n\n","protected":false},"excerpt":{"rendered":"<p>Kontaktuppgifter H\u00e4r \u00e4r mina kontaktuppgifter. Kontaktm\u00f6jligheter Adress: Smultronv\u00e4gen 18 331 43 V\u00c4RNAMO Telefon: 0708-190960 Internet e-post: hakan.johansson@kristdemokraterna.se Webbplats: wp.kristdemokraterna.se\/hakanjohansson\/ Facebook H\u00e5kan Johansson &#8211; KD Twitter @hakanjohansson Instagram @johanssonhakan<\/p>\n","protected":false},"author":507,"featured_media":0,"parent":8,"menu_order":0,"comment_status":"closed","ping_status":"closed","template":"","meta":{"_acf_changed":false,"footnotes":""},"class_list":["post-2685","page","type-page","status-publish","hentry"],"acf":[],"yoast_head":"<!-- This site is optimized with the Yoast SEO plugin v27.4 - https:\/\/yoast.com\/product\/yoast-seo-wordpress\/ -->\n<title>Kontaktuppgifter till H\u00e5kan Johansson, KD - H\u00e5kan Johansson, KD<\/title>\n<meta name=\"description\" content=\"Kontaktuppgifter till H\u00e5kan Johansson KD, Kontaktm\u00f6jligheter, Adress, Telefon, Internet, e-post, Webbplats, Facebook, Twitter, Instagram\" \/>\n<meta name=\"robots\" content=\"index, follow, max-snippet:-1, max-image-preview:large, max-video-preview:-1\" \/>\n<link rel=\"canonical\" href=\"https:\/\/wp.kristdemokraterna.se\/hakanjohansson\/kontakta-mig\/kontaktuppgifter-till-hakan-johansson-kd\/\" \/>\n<meta property=\"og:locale\" content=\"sv_SE\" \/>\n<meta property=\"og:type\" content=\"article\" \/>\n<meta property=\"og:title\" content=\"Kontaktuppgifter till H\u00e5kan Johansson, KD - H\u00e5kan Johansson, KD\" \/>\n<meta property=\"og:description\" content=\"Kontaktuppgifter till H\u00e5kan Johansson KD, Kontaktm\u00f6jligheter, Adress, Telefon, Internet, e-post, Webbplats, Facebook, Twitter, Instagram\" \/>\n<meta property=\"og:url\" content=\"https:\/\/wp.kristdemokraterna.se\/hakanjohansson\/kontakta-mig\/kontaktuppgifter-till-hakan-johansson-kd\/\" \/>\n<meta property=\"og:site_name\" content=\"H\u00e5kan Johansson, KD\" \/>\n<meta property=\"article:modified_time\" content=\"2022-08-28T13:02:09+00:00\" \/>\n<meta property=\"og:image\" content=\"http:\/\/wp.kristdemokraterna.se\/hakanjohansson\/files\/2021\/03\/kontaktuppgifter_innehallsbild.jpg\" \/>\n\t<meta property=\"og:image:width\" content=\"478\" \/>\n\t<meta property=\"og:image:height\" content=\"262\" \/>\n\t<meta property=\"og:image:type\" content=\"image\/jpeg\" \/>\n<meta name=\"twitter:card\" content=\"summary_large_image\" \/>\n<meta name=\"twitter:image\" content=\"https:\/\/wp.kristdemokraterna.se\/hakanjohansson\/files\/2021\/03\/kontaktuppgifter_innehallsbild.jpg\" \/>\n<meta name=\"twitter:label1\" content=\"Ber\u00e4knad l\u00e4stid\" \/>\n\t<meta name=\"twitter:data1\" content=\"1 minut\" \/>\n<script type=\"application\/ld+json\" class=\"yoast-schema-graph\">{\"@context\":\"https:\\\/\\\/schema.org\",\"@graph\":[{\"@type\":\"WebPage\",\"@id\":\"https:\\\/\\\/wp.kristdemokraterna.se\\\/hakanjohansson\\\/kontakta-mig\\\/kontaktuppgifter-till-hakan-johansson-kd\\\/\",\"url\":\"https:\\\/\\\/wp.kristdemokraterna.se\\\/hakanjohansson\\\/kontakta-mig\\\/kontaktuppgifter-till-hakan-johansson-kd\\\/\",\"name\":\"Kontaktuppgifter till H\u00e5kan Johansson, KD - H\u00e5kan Johansson, KD\",\"isPartOf\":{\"@id\":\"https:\\\/\\\/wp.kristdemokraterna.se\\\/hakanjohansson\\\/#website\"},\"datePublished\":\"2021-03-02T11:40:46+00:00\",\"dateModified\":\"2022-08-28T13:02:09+00:00\",\"description\":\"Kontaktuppgifter till H\u00e5kan Johansson KD, Kontaktm\u00f6jligheter, Adress, Telefon, Internet, e-post, Webbplats, Facebook, Twitter, Instagram\",\"breadcrumb\":{\"@id\":\"https:\\\/\\\/wp.kristdemokraterna.se\\\/hakanjohansson\\\/kontakta-mig\\\/kontaktuppgifter-till-hakan-johansson-kd\\\/#breadcrumb\"},\"inLanguage\":\"sv-SE\",\"potentialAction\":[{\"@type\":\"ReadAction\",\"target\":[\"https:\\\/\\\/wp.kristdemokraterna.se\\\/hakanjohansson\\\/kontakta-mig\\\/kontaktuppgifter-till-hakan-johansson-kd\\\/\"]}]},{\"@type\":\"BreadcrumbList\",\"@id\":\"https:\\\/\\\/wp.kristdemokraterna.se\\\/hakanjohansson\\\/kontakta-mig\\\/kontaktuppgifter-till-hakan-johansson-kd\\\/#breadcrumb\",\"itemListElement\":[{\"@type\":\"ListItem\",\"position\":1,\"name\":\"Hem\",\"item\":\"https:\\\/\\\/wp.kristdemokraterna.se\\\/hakanjohansson\\\/\"},{\"@type\":\"ListItem\",\"position\":2,\"name\":\"Kontakta mig\",\"item\":\"https:\\\/\\\/wp.kristdemokraterna.se\\\/hakanjohansson\\\/kontakta-mig\\\/\"},{\"@type\":\"ListItem\",\"position\":3,\"name\":\"Kontaktuppgifter till H\u00e5kan Johansson, KD\"}]},{\"@type\":\"WebSite\",\"@id\":\"https:\\\/\\\/wp.kristdemokraterna.se\\\/hakanjohansson\\\/#website\",\"url\":\"https:\\\/\\\/wp.kristdemokraterna.se\\\/hakanjohansson\\\/\",\"name\":\"H\u00e5kan Johansson, KD\",\"description\":\"Politik, musik och teknik...\",\"inLanguage\":\"sv-SE\"}]}<\/script>\n<!-- \/ Yoast SEO plugin. -->","yoast_head_json":{"title":"Kontaktuppgifter till H\u00e5kan Johansson, KD - H\u00e5kan Johansson, KD","description":"Kontaktuppgifter till H\u00e5kan Johansson KD, Kontaktm\u00f6jligheter, Adress, Telefon, Internet, e-post, Webbplats, Facebook, Twitter, Instagram","robots":{"index":"index","follow":"follow","max-snippet":"max-snippet:-1","max-image-preview":"max-image-preview:large","max-video-preview":"max-video-preview:-1"},"canonical":"https:\/\/wp.kristdemokraterna.se\/hakanjohansson\/kontakta-mig\/kontaktuppgifter-till-hakan-johansson-kd\/","og_locale":"sv_SE","og_type":"article","og_title":"Kontaktuppgifter till H\u00e5kan Johansson, KD - H\u00e5kan Johansson, KD","og_description":"Kontaktuppgifter till H\u00e5kan Johansson KD, Kontaktm\u00f6jligheter, Adress, Telefon, Internet, e-post, Webbplats, Facebook, Twitter, Instagram","og_url":"https:\/\/wp.kristdemokraterna.se\/hakanjohansson\/kontakta-mig\/kontaktuppgifter-till-hakan-johansson-kd\/","og_site_name":"H\u00e5kan Johansson, KD","article_modified_time":"2022-08-28T13:02:09+00:00","og_image":[{"width":478,"height":262,"url":"http:\/\/wp.kristdemokraterna.se\/hakanjohansson\/files\/2021\/03\/kontaktuppgifter_innehallsbild.jpg","type":"image\/jpeg"}],"twitter_card":"summary_large_image","twitter_image":"https:\/\/wp.kristdemokraterna.se\/hakanjohansson\/files\/2021\/03\/kontaktuppgifter_innehallsbild.jpg","twitter_misc":{"Ber\u00e4knad l\u00e4stid":"1 minut"},"schema":{"@context":"https:\/\/schema.org","@graph":[{"@type":"WebPage","@id":"https:\/\/wp.kristdemokraterna.se\/hakanjohansson\/kontakta-mig\/kontaktuppgifter-till-hakan-johansson-kd\/","url":"https:\/\/wp.kristdemokraterna.se\/hakanjohansson\/kontakta-mig\/kontaktuppgifter-till-hakan-johansson-kd\/","name":"Kontaktuppgifter till H\u00e5kan Johansson, KD - H\u00e5kan Johansson, KD","isPartOf":{"@id":"https:\/\/wp.kristdemokraterna.se\/hakanjohansson\/#website"},"datePublished":"2021-03-02T11:40:46+00:00","dateModified":"2022-08-28T13:02:09+00:00","description":"Kontaktuppgifter till H\u00e5kan Johansson KD, Kontaktm\u00f6jligheter, Adress, Telefon, Internet, e-post, Webbplats, Facebook, Twitter, Instagram","breadcrumb":{"@id":"https:\/\/wp.kristdemokraterna.se\/hakanjohansson\/kontakta-mig\/kontaktuppgifter-till-hakan-johansson-kd\/#breadcrumb"},"inLanguage":"sv-SE","potentialAction":[{"@type":"ReadAction","target":["https:\/\/wp.kristdemokraterna.se\/hakanjohansson\/kontakta-mig\/kontaktuppgifter-till-hakan-johansson-kd\/"]}]},{"@type":"BreadcrumbList","@id":"https:\/\/wp.kristdemokraterna.se\/hakanjohansson\/kontakta-mig\/kontaktuppgifter-till-hakan-johansson-kd\/#breadcrumb","itemListElement":[{"@type":"ListItem","position":1,"name":"Hem","item":"https:\/\/wp.kristdemokraterna.se\/hakanjohansson\/"},{"@type":"ListItem","position":2,"name":"Kontakta mig","item":"https:\/\/wp.kristdemokraterna.se\/hakanjohansson\/kontakta-mig\/"},{"@type":"ListItem","position":3,"name":"Kontaktuppgifter till H\u00e5kan Johansson, KD"}]},{"@type":"WebSite","@id":"https:\/\/wp.kristdemokraterna.se\/hakanjohansson\/#website","url":"https:\/\/wp.kristdemokraterna.se\/hakanjohansson\/","name":"H\u00e5kan Johansson, KD","description":"Politik, musik och teknik...","inLanguage":"sv-SE"}]}},"_links":{"self":[{"href":"https:\/\/wp.kristdemokraterna.se\/hakanjohansson\/wp-json\/wp\/v2\/pages\/2685","targetHints":{"allow":["GET"]}}],"collection":[{"href":"https:\/\/wp.kristdemokraterna.se\/hakanjohansson\/wp-json\/wp\/v2\/pages"}],"about":[{"href":"https:\/\/wp.kristdemokraterna.se\/hakanjohansson\/wp-json\/wp\/v2\/types\/page"}],"author":[{"embeddable":true,"href":"https:\/\/wp.kristdemokraterna.se\/hakanjohansson\/wp-json\/wp\/v2\/users\/507"}],"replies":[{"embeddable":true,"href":"https:\/\/wp.kristdemokraterna.se\/hakanjohansson\/wp-json\/wp\/v2\/comments?post=2685"}],"version-history":[{"count":7,"href":"https:\/\/wp.kristdemokraterna.se\/hakanjohansson\/wp-json\/wp\/v2\/pages\/2685\/revisions"}],"predecessor-version":[{"id":2816,"href":"https:\/\/wp.kristdemokraterna.se\/hakanjohansson\/wp-json\/wp\/v2\/pages\/2685\/revisions\/2816"}],"up":[{"embeddable":true,"href":"https:\/\/wp.kristdemokraterna.se\/hakanjohansson\/wp-json\/wp\/v2\/pages\/8"}],"wp:attachment":[{"href":"https:\/\/wp.kristdemokraterna.se\/hakanjohansson\/wp-json\/wp\/v2\/media?parent=2685"}],"curies":[{"name":"wp","href":"https:\/\/api.w.org\/{rel}","templated":true}]}}