{"id":2832,"date":"2022-09-05T23:16:48","date_gmt":"2022-09-05T21:16:48","guid":{"rendered":"https:\/\/wp.kristdemokraterna.se\/hakanjohansson\/?page_id=2832"},"modified":"2022-09-06T00:07:52","modified_gmt":"2022-09-05T22:07:52","slug":"val-2022","status":"publish","type":"page","link":"https:\/\/wp.kristdemokraterna.se\/hakanjohansson\/om-mig\/val-2022\/","title":{"rendered":"Val 2022"},"content":{"rendered":"<p>Val 2022<\/p>\n<div id=\"attachment_2836\" style=\"width: 488px\" class=\"wp-caption alignnone\"><img loading=\"lazy\" decoding=\"async\" aria-describedby=\"caption-attachment-2836\" class=\"wp-image-2836 size-full\" src=\"http:\/\/wp.kristdemokraterna.se\/hakanjohansson\/files\/2022\/09\/val2022_valsedlar_innehall.jpg\" alt=\"Mina valsedlar - f\u00e4rdigkryssade och klara. V\u00e4lj g\u00e4rna en eller b\u00e5da du ocks\u00e5... :) (Foto: H\u00e5kan Johansson)\" width=\"478\" height=\"262\" srcset=\"https:\/\/wp.kristdemokraterna.se\/hakanjohansson\/files\/2022\/09\/val2022_valsedlar_innehall.jpg 478w, https:\/\/wp.kristdemokraterna.se\/hakanjohansson\/files\/2022\/09\/val2022_valsedlar_innehall-300x164.jpg 300w, https:\/\/wp.kristdemokraterna.se\/hakanjohansson\/files\/2022\/09\/val2022_valsedlar_innehall-365x200.jpg 365w, https:\/\/wp.kristdemokraterna.se\/hakanjohansson\/files\/2022\/09\/val2022_valsedlar_innehall-370x203.jpg 370w, https:\/\/wp.kristdemokraterna.se\/hakanjohansson\/files\/2022\/09\/val2022_valsedlar_innehall-450x247.jpg 450w, https:\/\/wp.kristdemokraterna.se\/hakanjohansson\/files\/2022\/09\/val2022_valsedlar_innehall-280x153.jpg 280w, https:\/\/wp.kristdemokraterna.se\/hakanjohansson\/files\/2022\/09\/val2022_valsedlar_innehall-340x186.jpg 340w, https:\/\/wp.kristdemokraterna.se\/hakanjohansson\/files\/2022\/09\/val2022_valsedlar_innehall-200x110.jpg 200w, https:\/\/wp.kristdemokraterna.se\/hakanjohansson\/files\/2022\/09\/val2022_valsedlar_innehall-102x56.jpg 102w\" sizes=\"auto, (max-width: 478px) 100vw, 478px\" \/><p id=\"caption-attachment-2836\" class=\"wp-caption-text\">Mina valsedlar &#8211; f\u00e4rdigkryssade och klara. V\u00e4lj g\u00e4rna en eller b\u00e5da du ocks\u00e5&#8230; \ud83d\ude42 (Foto: H\u00e5kan Johansson)<\/p><\/div>\n<div style=\"text-align: center;border-top-color: #073192;border-bottom-color: #073192;border-top-width: 2px;border-bottom-width: 2px;border-top-style: solid;border-bottom-style: solid\">[<a title=\"Om H\u00e5kan Johansson\" href=\"#om\">Om mig<\/a>] | [<a title=\"Mitt valmanifest\" href=\"#manifest\">Valmanifest<\/a>] | [<a title=\"Mina valsedlar\" href=\"#valsedlar\">Valsedlar<\/a>] | [<a title=\"Kontakta mig g\u00e4rna\" href=\"#kontakt\">Kontakt<\/a>] | [<a title=\"Mitt valmaterial\" href=\"#material\">Valmaterial<\/a>]<\/div>\n<h2 id=\"om\">H\u00e5kan Johansson<\/h2>\n<div style=\"border: 2px solid #073192;margin-bottom: 12px\">\n<ul>\n<li>Kandidat i kommun- och regionvalen, 61 \u00e5r, V\u00e4rnamo<\/li>\n<li>Studie- och yrkesv\u00e4gledare<\/li>\n<li>Gruppledare f\u00f6r Kristdemokraterna i V\u00e4rnamo Kommunfullm\u00e4ktige<\/li>\n<li>1 Vice ordf\u00f6rande i Tekniska utskottet<\/li>\n<li>Ers\u00e4ttare i Regionfullm\u00e4ktige<\/li>\n<li>Musik, teknik och m\u00e4nniskor<\/li>\n<li>#kryssah\u00e5kan<\/li>\n<\/ul>\n<\/div>\n<table>\n<tbody>\n<tr>\n<td style=\"border: 0px;padding: 0px;padding-left: 4px\">\n<p><div id=\"attachment_2834\" style=\"width: 210px\" class=\"wp-caption alignnone\"><img loading=\"lazy\" decoding=\"async\" aria-describedby=\"caption-attachment-2834\" class=\"wp-image-2834 size-medium\" src=\"http:\/\/wp.kristdemokraterna.se\/hakanjohansson\/files\/2022\/09\/hakanjohansson1-200x300.jpg\" alt=\"H\u00e5kan Johansson, Kristdemokraterna V\u00e4rnamo (Foto: Rickard L Eriksson)\" width=\"200\" height=\"300\" srcset=\"https:\/\/wp.kristdemokraterna.se\/hakanjohansson\/files\/2022\/09\/hakanjohansson1-200x300.jpg 200w, https:\/\/wp.kristdemokraterna.se\/hakanjohansson\/files\/2022\/09\/hakanjohansson1-360x540.jpg 360w, https:\/\/wp.kristdemokraterna.se\/hakanjohansson\/files\/2022\/09\/hakanjohansson1-768x1152.jpg 768w, https:\/\/wp.kristdemokraterna.se\/hakanjohansson\/files\/2022\/09\/hakanjohansson1-133x200.jpg 133w, https:\/\/wp.kristdemokraterna.se\/hakanjohansson\/files\/2022\/09\/hakanjohansson1-370x555.jpg 370w, https:\/\/wp.kristdemokraterna.se\/hakanjohansson\/files\/2022\/09\/hakanjohansson1-770x1155.jpg 770w, https:\/\/wp.kristdemokraterna.se\/hakanjohansson\/files\/2022\/09\/hakanjohansson1-450x675.jpg 450w, https:\/\/wp.kristdemokraterna.se\/hakanjohansson\/files\/2022\/09\/hakanjohansson1-268x402.jpg 268w, https:\/\/wp.kristdemokraterna.se\/hakanjohansson\/files\/2022\/09\/hakanjohansson1-340x510.jpg 340w, https:\/\/wp.kristdemokraterna.se\/hakanjohansson\/files\/2022\/09\/hakanjohansson1-37x56.jpg 37w, https:\/\/wp.kristdemokraterna.se\/hakanjohansson\/files\/2022\/09\/hakanjohansson1.jpg 800w\" sizes=\"auto, (max-width: 200px) 100vw, 200px\" \/><p id=\"caption-attachment-2834\" class=\"wp-caption-text\">H\u00e5kan Johansson, Kristdemokraterna V\u00e4rnamo (Foto: Rickard L Eriksson)<\/p><\/div><\/td>\n<td style=\"border: 0px;vertical-align: top;padding: 4px\"><strong>M\u00e4nniskov\u00e4rde och milj\u00f6\u00a0<\/strong><strong>\u00e4r de politikomr\u00e5den som \u00e4r viktigast f\u00f6r mig. D\u00e4rf\u00f6r har globala \u00f6verlevnadsfr\u00e5gor som r\u00e4ttvisa, fred, solidaritet och m\u00e4nskliga r\u00e4ttigheter alltid legat n\u00e4rmast mitt hj\u00e4rta.<\/strong><\/p>\n<p><strong>Vidare \u00e4r jag intresserad av ideologi och id\u00e9debatt. Det \u00e4r viktigt att kunna s\u00e4tta in de politiska sakfr\u00e5gorna i ett st\u00f6rre sammanhang.<\/strong><\/td>\n<\/tr>\n<\/tbody>\n<\/table>\n<h2 id=\"manifest\">Val 2022 \u2013 mitt valmanifest<\/h2>\n<p>Det som verkligen \u00e4r viktigt i livet\u00a0g\u00e5r inte att v\u00e4rdera med kronor och\u00a0\u00f6ren. Medm\u00e4nsklig omtanke. Milj\u00f6 i\u00a0balans. Barn som v\u00e4xer upp. Goda\u00a0relationer\u2026<br \/>\nDet \u00e4r detta som man\u00a0inte kan s\u00e4tta ett pris p\u00e5 som l\u00e4gger\u00a0grunden f\u00f6r det goda samh\u00e4llet \u2013\u00a0det gemensamma b\u00e4sta. D\u00e4rf\u00f6r \u00e4r\u00a0det s\u00e5 viktigt!<\/p>\n<p>Det goda samh\u00e4llet bygger vi i\u00a0v\u00e5ra sm\u00e5 och n\u00e4ra gemenskaper.\u00a0Familjer. Skolklasser. Arbetsplatser.\u00a0F\u00f6reningar\u2026<br \/>\nDet vi inte\u00a0kan bygga d\u00e4r bildar vi st\u00f6rre\u00a0gemenskaper f\u00f6r att hantera.\u00a0Kommuner. Regioner. Sverige.\u00a0EU\u2026<br \/>\nOm vi bygger r\u00e4tt i kommun\u00a0och region s\u00e5 p\u00e5verkar det\u00a0v\u00e4rlden till det b\u00e4ttre. P\u00e5 samma\u00a0s\u00e4tt \u00e4r det som \u00e4r bra f\u00f6r v\u00e4rlden\u00a0ocks\u00e5 bra f\u00f6r V\u00e4rnamo.<\/p>\n<p>V\u00e4rnamo \u00e4r en bra kommun att\u00a0leva i! H\u00e4r har vi n\u00e4ra till\u00a0varandra. Samtidigt \u00e4r vi m\u00e5nga\u00a0nog att kunna ta rej\u00e4la tag n\u00e4r vi\u00a0best\u00e4mmer oss f\u00f6r det. Tack vare\u00a0att Alliansen l\u00e4nge har prioriterat<br \/>\nett varmt n\u00e4ringslivsklimat och\u00a0ordning och reda i v\u00e4lf\u00e4rden\u00a0forts\u00e4tter V\u00e4rnamo v\u00e4xa\u00a0m\u00e4nskligt. Fler bost\u00e4der. Fler\u00a0skolor. Fler matst\u00e4llen. Fler\u00a0inv\u00e5nare\u2026<\/p>\n<p>Den 11 september kan du v\u00e4lja fortsatt m\u00e4nsklig tillv\u00e4xt. Hela kommunen ska fungera!<\/p>\n<p>#kryssah\u00e5kan<\/p>\n<h3>Redo att forts\u00e4tta leda V\u00e4rnamo kommun och Region J\u00f6nk\u00f6pings l\u00e4n<\/h3>\n<h4>HELA V\u00c4RNAMO SKA FUNGERA<\/h4>\n<p>Var du \u00e4n bor i kommunen ska du kunna f\u00e5 del av samh\u00e4llets grundl\u00e4ggande sociala r\u00e4ttigheter och ha rimliga f\u00f6ruts\u00e4ttningar att f\u00f6rs\u00f6rja dig och utveckla din bygd &#8211; Hj\u00e4rtlandet.<\/p>\n<h4>EN \u00c4LDREV\u00c4NLIG KOMMUN<\/h4>\n<p>Samh\u00e4llet ska utformas mer utifr\u00e5n \u00e4ldre personers behov och f\u00f6ruts\u00e4ttningar. Alla som fyllt 85 \u00e5r ska garanteras plats i \u00e4ldreboende utan bist\u00e5ndsbed\u00f6mning.<\/p>\n<h4>EN BARNV\u00c4NLIG KOMMUN<\/h4>\n<p>Mer av skolans resurser ska g\u00e5 till barn i l\u00e4gre stadier. Barngruppernas storlek i f\u00f6rskolan ska minska. F\u00f6rvaltningarna ska samverka utifr\u00e5n barnets b\u00e4sta.<\/p>\n<h4>EN F\u00d6RETAGARV\u00c4NLIG KOMMUN<\/h4>\n<p>Entrepren\u00f6rskap ska vara m\u00f6jligt b\u00e5de i grund- och gymnasieskolan. Kommun och polis ska samarbeta f\u00f6r att trycka tillbaka vardagsbrottsligheten, som alltf\u00f6r ofta drabbar f\u00f6retagare.<\/p>\n<h4>EN HBT+-V\u00c4NLIG KOMMUN<\/h4>\n<p>Hur man blir bem\u00f6tt \u00e4r viktigt. S\u00e4rskilt f\u00f6r minoriteter. I V\u00e4rnamo kommun ska alla f\u00e5 ett gott bem\u00f6tande i kontakt med omsorg, skola och myndigheter. Det beh\u00f6vs ocks\u00e5 krafttag mot hedersf\u00f6rtryck.<\/p>\n<h4>SVERIGE SKA HA EN J\u00c4MLIK V\u00c5RD<\/h4>\n<p>Jag unnar alla inv\u00e5nare i Sverige lika h\u00f6gkvalitativ och effektiv v\u00e5rd som vi har i Region J\u00f6nk\u00f6pings l\u00e4n. Hj\u00e4lp mig genomf\u00f6ra \u00e5rhundradets v\u00e5rdreform.<\/p>\n<h2 id=\"valsedlar\">Val 2022 \u2013 mina valsedlar<\/h2>\n<p>I valet till V\u00e4rnamo kommunfullm\u00e4ktige st\u00e5r jag p\u00e5 andra plats p\u00e5 valsedeln V\u00e4rnamo kommun 1 (0068 01798).<\/p>\n<p>I valet till Region J\u00f6nk\u00f6pings l\u00e4ns landstingsfullm\u00e4ktige st\u00e5r jag p\u00e5 fj\u00e4rde plats p\u00e5 valsedeln Gislaved Gnosj\u00f6 Vaggeryd V\u00e4rnamo (0068 03126).<\/p>\n<p>#kryssah\u00e5kan<\/p>\n<div id=\"attachment_2837\" style=\"width: 550px\" class=\"wp-caption alignnone\"><img loading=\"lazy\" decoding=\"async\" aria-describedby=\"caption-attachment-2837\" class=\"wp-image-2837 size-large\" src=\"http:\/\/wp.kristdemokraterna.se\/hakanjohansson\/files\/2022\/09\/val2022_valsedlar-540x405.jpg\" alt=\"Mina valsedlar - f\u00e4rdigkryssade och klara. V\u00e4lj g\u00e4rna en eller b\u00e5da du ocks\u00e5... :) (Foto: H\u00e5kan Johansson)\" width=\"540\" height=\"405\" srcset=\"https:\/\/wp.kristdemokraterna.se\/hakanjohansson\/files\/2022\/09\/val2022_valsedlar-540x405.jpg 540w, https:\/\/wp.kristdemokraterna.se\/hakanjohansson\/files\/2022\/09\/val2022_valsedlar-300x225.jpg 300w, https:\/\/wp.kristdemokraterna.se\/hakanjohansson\/files\/2022\/09\/val2022_valsedlar-768x576.jpg 768w, https:\/\/wp.kristdemokraterna.se\/hakanjohansson\/files\/2022\/09\/val2022_valsedlar-267x200.jpg 267w, https:\/\/wp.kristdemokraterna.se\/hakanjohansson\/files\/2022\/09\/val2022_valsedlar-370x278.jpg 370w, https:\/\/wp.kristdemokraterna.se\/hakanjohansson\/files\/2022\/09\/val2022_valsedlar-770x578.jpg 770w, https:\/\/wp.kristdemokraterna.se\/hakanjohansson\/files\/2022\/09\/val2022_valsedlar-450x338.jpg 450w, https:\/\/wp.kristdemokraterna.se\/hakanjohansson\/files\/2022\/09\/val2022_valsedlar-280x210.jpg 280w, https:\/\/wp.kristdemokraterna.se\/hakanjohansson\/files\/2022\/09\/val2022_valsedlar-340x255.jpg 340w, https:\/\/wp.kristdemokraterna.se\/hakanjohansson\/files\/2022\/09\/val2022_valsedlar-200x150.jpg 200w, https:\/\/wp.kristdemokraterna.se\/hakanjohansson\/files\/2022\/09\/val2022_valsedlar-75x56.jpg 75w, https:\/\/wp.kristdemokraterna.se\/hakanjohansson\/files\/2022\/09\/val2022_valsedlar.jpg 1200w\" sizes=\"auto, (max-width: 540px) 100vw, 540px\" \/><p id=\"caption-attachment-2837\" class=\"wp-caption-text\">Mina valsedlar &#8211; f\u00e4rdigkryssade och klara. V\u00e4lj g\u00e4rna en eller b\u00e5da du ocks\u00e5&#8230; \ud83d\ude42 (Foto: H\u00e5kan Johansson)<\/p><\/div>\n<h2>Kontakta mig g\u00e4rna<\/h2>\n<ul>\n<li>Blogg: <a title=\"Min hemsida\" href=\"wp.kristdemokraterna.se\/hakanjohansson\">wp.kristdemokraterna.se\/hakanjohansson<\/a><\/li>\n<li>e-post: <a title=\"Min e-postadress\" href=\"mailto:hakan.johansson@kristdemokraterna.se\" target=\"_blank\" rel=\"noopener\">hakan.johansson@kristdemokraterna.se<\/a><\/li>\n<li>Gilla mig p\u00e5 Facebook: <a title=\"Gilla mig p\u00e5 Facebook\" href=\"https:\/\/www.facebook.com\/hakanjohansson.KD\" target=\"_blank\" rel=\"noopener\">H\u00e5kan Johansson \u2013 KD<\/a><\/li>\n<li>F\u00f6lj mig p\u00e5 Twitter: <a title=\"F\u00f6lj mig p\u00e5 Twitter\" href=\"https:\/\/twitter.com\/hakanjohansson\" target=\"_blank\" rel=\"noopener\">@hakanjohansson<\/a><\/li>\n<li>F\u00f6lj mig p\u00e5 Instagram: <a title=\"F\u00f6lj mig p\u00e5 Instagram\" href=\"http:\/\/instagram.com\/johanssonhakan\" target=\"_blank\" rel=\"noopener\">johanssonhakan<\/a><\/li>\n<\/ul>\n<h2>Mina svar<\/h2>\n<p>&nbsp;<\/p>\n<h2 id=\"material\">Mitt valmaterial<\/h2>\n<div id=\"attachment_2826\" style=\"width: 398px\" class=\"wp-caption alignnone\"><img loading=\"lazy\" decoding=\"async\" aria-describedby=\"caption-attachment-2826\" class=\"wp-image-2826 size-large\" src=\"http:\/\/wp.kristdemokraterna.se\/hakanjohansson\/files\/2022\/09\/val2022_flygblad-388x540.jpg\" alt=\"Kryssa H\u00e5kan Johansson V\u00e4rnamo.\" width=\"388\" height=\"540\" srcset=\"https:\/\/wp.kristdemokraterna.se\/hakanjohansson\/files\/2022\/09\/val2022_flygblad-388x540.jpg 388w, https:\/\/wp.kristdemokraterna.se\/hakanjohansson\/files\/2022\/09\/val2022_flygblad-215x300.jpg 215w, https:\/\/wp.kristdemokraterna.se\/hakanjohansson\/files\/2022\/09\/val2022_flygblad-144x200.jpg 144w, https:\/\/wp.kristdemokraterna.se\/hakanjohansson\/files\/2022\/09\/val2022_flygblad-370x515.jpg 370w, https:\/\/wp.kristdemokraterna.se\/hakanjohansson\/files\/2022\/09\/val2022_flygblad-450x627.jpg 450w, https:\/\/wp.kristdemokraterna.se\/hakanjohansson\/files\/2022\/09\/val2022_flygblad-280x390.jpg 280w, https:\/\/wp.kristdemokraterna.se\/hakanjohansson\/files\/2022\/09\/val2022_flygblad-340x473.jpg 340w, https:\/\/wp.kristdemokraterna.se\/hakanjohansson\/files\/2022\/09\/val2022_flygblad-40x56.jpg 40w, https:\/\/wp.kristdemokraterna.se\/hakanjohansson\/files\/2022\/09\/val2022_flygblad.jpg 596w\" sizes=\"auto, (max-width: 388px) 100vw, 388px\" \/><p id=\"caption-attachment-2826\" class=\"wp-caption-text\">Kryssa H\u00e5kan Johansson V\u00e4rnamo.<\/p><\/div>\n<p>H\u00e4r kan du l\u00e4sa mitt kandidatflygblad:<br \/>\n[<a href=\"http:\/\/wp.kristdemokraterna.se\/hakanjohansson\/files\/2022\/09\/hakan-a5_flygblad.pdf\">H\u00e5kan a5_flygblad<\/a>]<\/p>\n<p>L\u00e4s om hur det kom till:<br \/>\n[]<\/p>\n<h3>Mina annonser<\/h3>\n<div id=\"attachment_2824\" style=\"width: 442px\" class=\"wp-caption alignnone\"><img loading=\"lazy\" decoding=\"async\" aria-describedby=\"caption-attachment-2824\" class=\"wp-image-2824 size-large\" src=\"http:\/\/wp.kristdemokraterna.se\/hakanjohansson\/files\/2022\/09\/kryssa_hakan-432x540.jpg\" alt=\"Kryssa H\u00e5kan.\" width=\"432\" height=\"540\" srcset=\"https:\/\/wp.kristdemokraterna.se\/hakanjohansson\/files\/2022\/09\/kryssa_hakan-432x540.jpg 432w, https:\/\/wp.kristdemokraterna.se\/hakanjohansson\/files\/2022\/09\/kryssa_hakan-240x300.jpg 240w, https:\/\/wp.kristdemokraterna.se\/hakanjohansson\/files\/2022\/09\/kryssa_hakan-768x960.jpg 768w, https:\/\/wp.kristdemokraterna.se\/hakanjohansson\/files\/2022\/09\/kryssa_hakan-160x200.jpg 160w, https:\/\/wp.kristdemokraterna.se\/hakanjohansson\/files\/2022\/09\/kryssa_hakan-370x463.jpg 370w, https:\/\/wp.kristdemokraterna.se\/hakanjohansson\/files\/2022\/09\/kryssa_hakan-770x963.jpg 770w, https:\/\/wp.kristdemokraterna.se\/hakanjohansson\/files\/2022\/09\/kryssa_hakan-450x563.jpg 450w, https:\/\/wp.kristdemokraterna.se\/hakanjohansson\/files\/2022\/09\/kryssa_hakan-280x350.jpg 280w, https:\/\/wp.kristdemokraterna.se\/hakanjohansson\/files\/2022\/09\/kryssa_hakan-340x425.jpg 340w, https:\/\/wp.kristdemokraterna.se\/hakanjohansson\/files\/2022\/09\/kryssa_hakan-45x56.jpg 45w, https:\/\/wp.kristdemokraterna.se\/hakanjohansson\/files\/2022\/09\/kryssa_hakan.jpg 1080w\" sizes=\"auto, (max-width: 432px) 100vw, 432px\" \/><p id=\"caption-attachment-2824\" class=\"wp-caption-text\">Kryssa H\u00e5kan.<\/p><\/div>\n","protected":false},"excerpt":{"rendered":"<p>Val 2022 [Om mig] | [Valmanifest] | [Valsedlar] | [Kontakt] | [Valmaterial] H\u00e5kan Johansson Kandidat i kommun- och regionvalen, 61 \u00e5r, V\u00e4rnamo Studie- och yrkesv\u00e4gledare Gruppledare f\u00f6r Kristdemokraterna i V\u00e4rnamo Kommunfullm\u00e4ktige 1 Vice ordf\u00f6rande i Tekniska utskottet Ers\u00e4ttare i Regionfullm\u00e4ktige Musik, teknik och m\u00e4nniskor #kryssah\u00e5kan M\u00e4nniskov\u00e4rde och milj\u00f6\u00a0\u00e4r de politikomr\u00e5den som \u00e4r viktigast f\u00f6r mig.&hellip; <a class=\"read-more-link\" href=\"https:\/\/wp.kristdemokraterna.se\/hakanjohansson\/om-mig\/val-2022\/\">Forts\u00e4tt l\u00e4sa<\/a><\/p>\n","protected":false},"author":507,"featured_media":0,"parent":135,"menu_order":0,"comment_status":"closed","ping_status":"closed","template":"","meta":{"_acf_changed":false,"footnotes":""},"class_list":["post-2832","page","type-page","status-publish","hentry"],"acf":[],"yoast_head":"<!-- This site is optimized with the Yoast SEO plugin v27.4 - https:\/\/yoast.com\/product\/yoast-seo-wordpress\/ -->\n<title>Val 2022 - H\u00e5kan Johansson, KD<\/title>\n<meta name=\"description\" content=\"Val 2022. M\u00e4nniskov\u00e4rde och milj\u00f6\u00a0\u00e4r de politikomr\u00e5den som \u00e4r viktigast f\u00f6r mig. Globala \u00f6verlevnadsfr\u00e5gor alltid legat n\u00e4rmast mitt hj\u00e4rta.\" \/>\n<meta name=\"robots\" content=\"index, follow, max-snippet:-1, max-image-preview:large, max-video-preview:-1\" \/>\n<link rel=\"canonical\" href=\"https:\/\/wp.kristdemokraterna.se\/hakanjohansson\/om-mig\/val-2022\/\" \/>\n<meta property=\"og:locale\" content=\"sv_SE\" \/>\n<meta property=\"og:type\" content=\"article\" \/>\n<meta property=\"og:title\" content=\"Val 2022 - H\u00e5kan Johansson, KD\" \/>\n<meta property=\"og:description\" content=\"Val 2022. M\u00e4nniskov\u00e4rde och milj\u00f6\u00a0\u00e4r de politikomr\u00e5den som \u00e4r viktigast f\u00f6r mig. Globala \u00f6verlevnadsfr\u00e5gor alltid legat n\u00e4rmast mitt hj\u00e4rta.\" \/>\n<meta property=\"og:url\" content=\"https:\/\/wp.kristdemokraterna.se\/hakanjohansson\/om-mig\/val-2022\/\" \/>\n<meta property=\"og:site_name\" content=\"H\u00e5kan Johansson, KD\" \/>\n<meta property=\"article:modified_time\" content=\"2022-09-05T22:07:52+00:00\" \/>\n<meta property=\"og:image\" content=\"http:\/\/wp.kristdemokraterna.se\/hakanjohansson\/files\/2022\/09\/val2022_valsedlar_innehall.jpg\" \/>\n\t<meta property=\"og:image:width\" content=\"478\" \/>\n\t<meta property=\"og:image:height\" content=\"262\" \/>\n\t<meta property=\"og:image:type\" content=\"image\/jpeg\" \/>\n<meta name=\"twitter:card\" content=\"summary_large_image\" \/>\n<meta name=\"twitter:image\" content=\"https:\/\/wp.kristdemokraterna.se\/hakanjohansson\/files\/2022\/09\/val2022_valsedlar_innehall.jpg\" \/>\n<meta name=\"twitter:label1\" content=\"Ber\u00e4knad l\u00e4stid\" \/>\n\t<meta name=\"twitter:data1\" content=\"4 minuter\" \/>\n<script type=\"application\/ld+json\" class=\"yoast-schema-graph\">{\"@context\":\"https:\\\/\\\/schema.org\",\"@graph\":[{\"@type\":\"WebPage\",\"@id\":\"https:\\\/\\\/wp.kristdemokraterna.se\\\/hakanjohansson\\\/om-mig\\\/val-2022\\\/\",\"url\":\"https:\\\/\\\/wp.kristdemokraterna.se\\\/hakanjohansson\\\/om-mig\\\/val-2022\\\/\",\"name\":\"Val 2022 - H\u00e5kan Johansson, KD\",\"isPartOf\":{\"@id\":\"https:\\\/\\\/wp.kristdemokraterna.se\\\/hakanjohansson\\\/#website\"},\"primaryImageOfPage\":{\"@id\":\"https:\\\/\\\/wp.kristdemokraterna.se\\\/hakanjohansson\\\/om-mig\\\/val-2022\\\/#primaryimage\"},\"image\":{\"@id\":\"https:\\\/\\\/wp.kristdemokraterna.se\\\/hakanjohansson\\\/om-mig\\\/val-2022\\\/#primaryimage\"},\"thumbnailUrl\":\"http:\\\/\\\/wp.kristdemokraterna.se\\\/hakanjohansson\\\/files\\\/2022\\\/09\\\/val2022_valsedlar_innehall.jpg\",\"datePublished\":\"2022-09-05T21:16:48+00:00\",\"dateModified\":\"2022-09-05T22:07:52+00:00\",\"description\":\"Val 2022. M\u00e4nniskov\u00e4rde och milj\u00f6\u00a0\u00e4r de politikomr\u00e5den som \u00e4r viktigast f\u00f6r mig. Globala \u00f6verlevnadsfr\u00e5gor alltid legat n\u00e4rmast mitt hj\u00e4rta.\",\"breadcrumb\":{\"@id\":\"https:\\\/\\\/wp.kristdemokraterna.se\\\/hakanjohansson\\\/om-mig\\\/val-2022\\\/#breadcrumb\"},\"inLanguage\":\"sv-SE\",\"potentialAction\":[{\"@type\":\"ReadAction\",\"target\":[\"https:\\\/\\\/wp.kristdemokraterna.se\\\/hakanjohansson\\\/om-mig\\\/val-2022\\\/\"]}]},{\"@type\":\"ImageObject\",\"inLanguage\":\"sv-SE\",\"@id\":\"https:\\\/\\\/wp.kristdemokraterna.se\\\/hakanjohansson\\\/om-mig\\\/val-2022\\\/#primaryimage\",\"url\":\"http:\\\/\\\/wp.kristdemokraterna.se\\\/hakanjohansson\\\/files\\\/2022\\\/09\\\/val2022_valsedlar_innehall.jpg\",\"contentUrl\":\"http:\\\/\\\/wp.kristdemokraterna.se\\\/hakanjohansson\\\/files\\\/2022\\\/09\\\/val2022_valsedlar_innehall.jpg\"},{\"@type\":\"BreadcrumbList\",\"@id\":\"https:\\\/\\\/wp.kristdemokraterna.se\\\/hakanjohansson\\\/om-mig\\\/val-2022\\\/#breadcrumb\",\"itemListElement\":[{\"@type\":\"ListItem\",\"position\":1,\"name\":\"Hem\",\"item\":\"https:\\\/\\\/wp.kristdemokraterna.se\\\/hakanjohansson\\\/\"},{\"@type\":\"ListItem\",\"position\":2,\"name\":\"Om mig\",\"item\":\"https:\\\/\\\/wp.kristdemokraterna.se\\\/hakanjohansson\\\/om-mig\\\/\"},{\"@type\":\"ListItem\",\"position\":3,\"name\":\"Val 2022\"}]},{\"@type\":\"WebSite\",\"@id\":\"https:\\\/\\\/wp.kristdemokraterna.se\\\/hakanjohansson\\\/#website\",\"url\":\"https:\\\/\\\/wp.kristdemokraterna.se\\\/hakanjohansson\\\/\",\"name\":\"H\u00e5kan Johansson, KD\",\"description\":\"Politik, musik och teknik...\",\"inLanguage\":\"sv-SE\"}]}<\/script>\n<!-- \/ Yoast SEO plugin. -->","yoast_head_json":{"title":"Val 2022 - H\u00e5kan Johansson, KD","description":"Val 2022. M\u00e4nniskov\u00e4rde och milj\u00f6\u00a0\u00e4r de politikomr\u00e5den som \u00e4r viktigast f\u00f6r mig. Globala \u00f6verlevnadsfr\u00e5gor alltid legat n\u00e4rmast mitt hj\u00e4rta.","robots":{"index":"index","follow":"follow","max-snippet":"max-snippet:-1","max-image-preview":"max-image-preview:large","max-video-preview":"max-video-preview:-1"},"canonical":"https:\/\/wp.kristdemokraterna.se\/hakanjohansson\/om-mig\/val-2022\/","og_locale":"sv_SE","og_type":"article","og_title":"Val 2022 - H\u00e5kan Johansson, KD","og_description":"Val 2022. M\u00e4nniskov\u00e4rde och milj\u00f6\u00a0\u00e4r de politikomr\u00e5den som \u00e4r viktigast f\u00f6r mig. Globala \u00f6verlevnadsfr\u00e5gor alltid legat n\u00e4rmast mitt hj\u00e4rta.","og_url":"https:\/\/wp.kristdemokraterna.se\/hakanjohansson\/om-mig\/val-2022\/","og_site_name":"H\u00e5kan Johansson, KD","article_modified_time":"2022-09-05T22:07:52+00:00","og_image":[{"width":478,"height":262,"url":"http:\/\/wp.kristdemokraterna.se\/hakanjohansson\/files\/2022\/09\/val2022_valsedlar_innehall.jpg","type":"image\/jpeg"}],"twitter_card":"summary_large_image","twitter_image":"https:\/\/wp.kristdemokraterna.se\/hakanjohansson\/files\/2022\/09\/val2022_valsedlar_innehall.jpg","twitter_misc":{"Ber\u00e4knad l\u00e4stid":"4 minuter"},"schema":{"@context":"https:\/\/schema.org","@graph":[{"@type":"WebPage","@id":"https:\/\/wp.kristdemokraterna.se\/hakanjohansson\/om-mig\/val-2022\/","url":"https:\/\/wp.kristdemokraterna.se\/hakanjohansson\/om-mig\/val-2022\/","name":"Val 2022 - H\u00e5kan Johansson, KD","isPartOf":{"@id":"https:\/\/wp.kristdemokraterna.se\/hakanjohansson\/#website"},"primaryImageOfPage":{"@id":"https:\/\/wp.kristdemokraterna.se\/hakanjohansson\/om-mig\/val-2022\/#primaryimage"},"image":{"@id":"https:\/\/wp.kristdemokraterna.se\/hakanjohansson\/om-mig\/val-2022\/#primaryimage"},"thumbnailUrl":"http:\/\/wp.kristdemokraterna.se\/hakanjohansson\/files\/2022\/09\/val2022_valsedlar_innehall.jpg","datePublished":"2022-09-05T21:16:48+00:00","dateModified":"2022-09-05T22:07:52+00:00","description":"Val 2022. M\u00e4nniskov\u00e4rde och milj\u00f6\u00a0\u00e4r de politikomr\u00e5den som \u00e4r viktigast f\u00f6r mig. Globala \u00f6verlevnadsfr\u00e5gor alltid legat n\u00e4rmast mitt hj\u00e4rta.","breadcrumb":{"@id":"https:\/\/wp.kristdemokraterna.se\/hakanjohansson\/om-mig\/val-2022\/#breadcrumb"},"inLanguage":"sv-SE","potentialAction":[{"@type":"ReadAction","target":["https:\/\/wp.kristdemokraterna.se\/hakanjohansson\/om-mig\/val-2022\/"]}]},{"@type":"ImageObject","inLanguage":"sv-SE","@id":"https:\/\/wp.kristdemokraterna.se\/hakanjohansson\/om-mig\/val-2022\/#primaryimage","url":"http:\/\/wp.kristdemokraterna.se\/hakanjohansson\/files\/2022\/09\/val2022_valsedlar_innehall.jpg","contentUrl":"http:\/\/wp.kristdemokraterna.se\/hakanjohansson\/files\/2022\/09\/val2022_valsedlar_innehall.jpg"},{"@type":"BreadcrumbList","@id":"https:\/\/wp.kristdemokraterna.se\/hakanjohansson\/om-mig\/val-2022\/#breadcrumb","itemListElement":[{"@type":"ListItem","position":1,"name":"Hem","item":"https:\/\/wp.kristdemokraterna.se\/hakanjohansson\/"},{"@type":"ListItem","position":2,"name":"Om mig","item":"https:\/\/wp.kristdemokraterna.se\/hakanjohansson\/om-mig\/"},{"@type":"ListItem","position":3,"name":"Val 2022"}]},{"@type":"WebSite","@id":"https:\/\/wp.kristdemokraterna.se\/hakanjohansson\/#website","url":"https:\/\/wp.kristdemokraterna.se\/hakanjohansson\/","name":"H\u00e5kan Johansson, KD","description":"Politik, musik och teknik...","inLanguage":"sv-SE"}]}},"_links":{"self":[{"href":"https:\/\/wp.kristdemokraterna.se\/hakanjohansson\/wp-json\/wp\/v2\/pages\/2832","targetHints":{"allow":["GET"]}}],"collection":[{"href":"https:\/\/wp.kristdemokraterna.se\/hakanjohansson\/wp-json\/wp\/v2\/pages"}],"about":[{"href":"https:\/\/wp.kristdemokraterna.se\/hakanjohansson\/wp-json\/wp\/v2\/types\/page"}],"author":[{"embeddable":true,"href":"https:\/\/wp.kristdemokraterna.se\/hakanjohansson\/wp-json\/wp\/v2\/users\/507"}],"replies":[{"embeddable":true,"href":"https:\/\/wp.kristdemokraterna.se\/hakanjohansson\/wp-json\/wp\/v2\/comments?post=2832"}],"version-history":[{"count":5,"href":"https:\/\/wp.kristdemokraterna.se\/hakanjohansson\/wp-json\/wp\/v2\/pages\/2832\/revisions"}],"predecessor-version":[{"id":2840,"href":"https:\/\/wp.kristdemokraterna.se\/hakanjohansson\/wp-json\/wp\/v2\/pages\/2832\/revisions\/2840"}],"up":[{"embeddable":true,"href":"https:\/\/wp.kristdemokraterna.se\/hakanjohansson\/wp-json\/wp\/v2\/pages\/135"}],"wp:attachment":[{"href":"https:\/\/wp.kristdemokraterna.se\/hakanjohansson\/wp-json\/wp\/v2\/media?parent=2832"}],"curies":[{"name":"wp","href":"https:\/\/api.w.org\/{rel}","templated":true}]}}