{"id":164,"date":"2017-04-10T20:58:11","date_gmt":"2017-04-10T18:58:11","guid":{"rendered":"http:\/\/wp.kristdemokraterna.se\/hammaro\/?page_id=164"},"modified":"2021-10-18T20:27:24","modified_gmt":"2021-10-18T18:27:24","slug":"bli-medlem","status":"publish","type":"page","link":"https:\/\/wp.kristdemokraterna.se\/hammaro\/bli-medlem\/","title":{"rendered":"Bli medlem"},"content":{"rendered":"<p>Kristdemokraterna har central medlemshantering och du g\u00e5r enkelt och tryggt med genom att anm\u00e4la dig p\u00e5 l\u00e4nken nedan. Det kostar bara 150 kr\/\u00e5r<\/p>\n<p><a href=\"https:\/\/kristdemokraterna.se\/engagera-dig\/bli-medlem\/\"><strong>kd.nu\/blimedlem<\/strong><\/a><\/p>\n<p>Den lokala partiavdelningen p\u00e5 Hammar\u00f6 f\u00e5r meddelande om ditt medlemskap och vi kommer kontakta dig och h\u00e4lsa dig v\u00e4lkommen att engagera dig p\u00e5 den niv\u00e5 du sj\u00e4lv tycker k\u00e4nns lagom.<\/p>\n<p>Du \u00e4r v\u00e4lkommen till KD!<\/p>\n","protected":false},"excerpt":{"rendered":"<p>Kristdemokraterna har central medlemshantering och du g\u00e5r enkelt och tryggt med genom att anm\u00e4la dig p\u00e5 l\u00e4nken nedan. Det kostar bara 150 kr\/\u00e5r kd.nu\/blimedlem Den lokala partiavdelningen p\u00e5 Hammar\u00f6 f\u00e5r meddelande om ditt medlemskap och vi kommer kontakta dig och h\u00e4lsa dig v\u00e4lkommen att engagera dig p\u00e5 den niv\u00e5 du sj\u00e4lv tycker k\u00e4nns lagom. Du <a class=\"read-more-link\" href=\"https:\/\/wp.kristdemokraterna.se\/hammaro\/bli-medlem\/\">Read More<\/a><\/p>\n","protected":false},"author":724,"featured_media":0,"parent":0,"menu_order":0,"comment_status":"closed","ping_status":"closed","template":"","meta":{"_acf_changed":false,"footnotes":""},"class_list":["post-164","page","type-page","status-publish","hentry"],"acf":[],"yoast_head":"<!-- This site is optimized with the Yoast SEO plugin v27.3 - https:\/\/yoast.com\/product\/yoast-seo-wordpress\/ -->\n<title>Bli medlem - Hammar\u00f6<\/title>\n<meta name=\"robots\" content=\"index, follow, max-snippet:-1, max-image-preview:large, max-video-preview:-1\" \/>\n<link rel=\"canonical\" href=\"https:\/\/wp.kristdemokraterna.se\/hammaro\/bli-medlem\/\" \/>\n<meta property=\"og:locale\" content=\"sv_SE\" \/>\n<meta property=\"og:type\" content=\"article\" \/>\n<meta property=\"og:title\" content=\"Bli medlem - Hammar\u00f6\" \/>\n<meta property=\"og:description\" content=\"Kristdemokraterna har central medlemshantering och du g\u00e5r enkelt och tryggt med genom att anm\u00e4la dig p\u00e5 l\u00e4nken nedan. Det kostar bara 150 kr\/\u00e5r kd.nu\/blimedlem Den lokala partiavdelningen p\u00e5 Hammar\u00f6 f\u00e5r meddelande om ditt medlemskap och vi kommer kontakta dig och h\u00e4lsa dig v\u00e4lkommen att engagera dig p\u00e5 den niv\u00e5 du sj\u00e4lv tycker k\u00e4nns lagom. Du Read More\" \/>\n<meta property=\"og:url\" content=\"https:\/\/wp.kristdemokraterna.se\/hammaro\/bli-medlem\/\" \/>\n<meta property=\"og:site_name\" content=\"Hammar\u00f6\" \/>\n<meta property=\"article:modified_time\" content=\"2021-10-18T18:27:24+00:00\" \/>\n<meta name=\"twitter:card\" content=\"summary_large_image\" \/>\n<meta name=\"twitter:label1\" content=\"Ber\u00e4knad l\u00e4stid\" \/>\n\t<meta name=\"twitter:data1\" content=\"1 minut\" \/>\n<script type=\"application\/ld+json\" class=\"yoast-schema-graph\">{\"@context\":\"https:\\\/\\\/schema.org\",\"@graph\":[{\"@type\":\"WebPage\",\"@id\":\"https:\\\/\\\/wp.kristdemokraterna.se\\\/hammaro\\\/bli-medlem\\\/\",\"url\":\"https:\\\/\\\/wp.kristdemokraterna.se\\\/hammaro\\\/bli-medlem\\\/\",\"name\":\"Bli medlem - Hammar\u00f6\",\"isPartOf\":{\"@id\":\"https:\\\/\\\/wp.kristdemokraterna.se\\\/hammaro\\\/#website\"},\"datePublished\":\"2017-04-10T18:58:11+00:00\",\"dateModified\":\"2021-10-18T18:27:24+00:00\",\"breadcrumb\":{\"@id\":\"https:\\\/\\\/wp.kristdemokraterna.se\\\/hammaro\\\/bli-medlem\\\/#breadcrumb\"},\"inLanguage\":\"sv-SE\",\"potentialAction\":[{\"@type\":\"ReadAction\",\"target\":[\"https:\\\/\\\/wp.kristdemokraterna.se\\\/hammaro\\\/bli-medlem\\\/\"]}]},{\"@type\":\"BreadcrumbList\",\"@id\":\"https:\\\/\\\/wp.kristdemokraterna.se\\\/hammaro\\\/bli-medlem\\\/#breadcrumb\",\"itemListElement\":[{\"@type\":\"ListItem\",\"position\":1,\"name\":\"Hem\",\"item\":\"https:\\\/\\\/wp.kristdemokraterna.se\\\/hammaro\\\/\"},{\"@type\":\"ListItem\",\"position\":2,\"name\":\"Bli medlem\"}]},{\"@type\":\"WebSite\",\"@id\":\"https:\\\/\\\/wp.kristdemokraterna.se\\\/hammaro\\\/#website\",\"url\":\"https:\\\/\\\/wp.kristdemokraterna.se\\\/hammaro\\\/\",\"name\":\"Hammar\u00f6\",\"description\":\"Ansvarsfull och medm\u00e4nsklig politik\",\"inLanguage\":\"sv-SE\"}]}<\/script>\n<!-- \/ Yoast SEO plugin. -->","yoast_head_json":{"title":"Bli medlem - Hammar\u00f6","robots":{"index":"index","follow":"follow","max-snippet":"max-snippet:-1","max-image-preview":"max-image-preview:large","max-video-preview":"max-video-preview:-1"},"canonical":"https:\/\/wp.kristdemokraterna.se\/hammaro\/bli-medlem\/","og_locale":"sv_SE","og_type":"article","og_title":"Bli medlem - Hammar\u00f6","og_description":"Kristdemokraterna har central medlemshantering och du g\u00e5r enkelt och tryggt med genom att anm\u00e4la dig p\u00e5 l\u00e4nken nedan. Det kostar bara 150 kr\/\u00e5r kd.nu\/blimedlem Den lokala partiavdelningen p\u00e5 Hammar\u00f6 f\u00e5r meddelande om ditt medlemskap och vi kommer kontakta dig och h\u00e4lsa dig v\u00e4lkommen att engagera dig p\u00e5 den niv\u00e5 du sj\u00e4lv tycker k\u00e4nns lagom. Du Read More","og_url":"https:\/\/wp.kristdemokraterna.se\/hammaro\/bli-medlem\/","og_site_name":"Hammar\u00f6","article_modified_time":"2021-10-18T18:27:24+00:00","twitter_card":"summary_large_image","twitter_misc":{"Ber\u00e4knad l\u00e4stid":"1 minut"},"schema":{"@context":"https:\/\/schema.org","@graph":[{"@type":"WebPage","@id":"https:\/\/wp.kristdemokraterna.se\/hammaro\/bli-medlem\/","url":"https:\/\/wp.kristdemokraterna.se\/hammaro\/bli-medlem\/","name":"Bli medlem - Hammar\u00f6","isPartOf":{"@id":"https:\/\/wp.kristdemokraterna.se\/hammaro\/#website"},"datePublished":"2017-04-10T18:58:11+00:00","dateModified":"2021-10-18T18:27:24+00:00","breadcrumb":{"@id":"https:\/\/wp.kristdemokraterna.se\/hammaro\/bli-medlem\/#breadcrumb"},"inLanguage":"sv-SE","potentialAction":[{"@type":"ReadAction","target":["https:\/\/wp.kristdemokraterna.se\/hammaro\/bli-medlem\/"]}]},{"@type":"BreadcrumbList","@id":"https:\/\/wp.kristdemokraterna.se\/hammaro\/bli-medlem\/#breadcrumb","itemListElement":[{"@type":"ListItem","position":1,"name":"Hem","item":"https:\/\/wp.kristdemokraterna.se\/hammaro\/"},{"@type":"ListItem","position":2,"name":"Bli medlem"}]},{"@type":"WebSite","@id":"https:\/\/wp.kristdemokraterna.se\/hammaro\/#website","url":"https:\/\/wp.kristdemokraterna.se\/hammaro\/","name":"Hammar\u00f6","description":"Ansvarsfull och medm\u00e4nsklig politik","inLanguage":"sv-SE"}]}},"_links":{"self":[{"href":"https:\/\/wp.kristdemokraterna.se\/hammaro\/wp-json\/wp\/v2\/pages\/164","targetHints":{"allow":["GET"]}}],"collection":[{"href":"https:\/\/wp.kristdemokraterna.se\/hammaro\/wp-json\/wp\/v2\/pages"}],"about":[{"href":"https:\/\/wp.kristdemokraterna.se\/hammaro\/wp-json\/wp\/v2\/types\/page"}],"author":[{"embeddable":true,"href":"https:\/\/wp.kristdemokraterna.se\/hammaro\/wp-json\/wp\/v2\/users\/724"}],"replies":[{"embeddable":true,"href":"https:\/\/wp.kristdemokraterna.se\/hammaro\/wp-json\/wp\/v2\/comments?post=164"}],"version-history":[{"count":8,"href":"https:\/\/wp.kristdemokraterna.se\/hammaro\/wp-json\/wp\/v2\/pages\/164\/revisions"}],"predecessor-version":[{"id":378,"href":"https:\/\/wp.kristdemokraterna.se\/hammaro\/wp-json\/wp\/v2\/pages\/164\/revisions\/378"}],"wp:attachment":[{"href":"https:\/\/wp.kristdemokraterna.se\/hammaro\/wp-json\/wp\/v2\/media?parent=164"}],"curies":[{"name":"wp","href":"https:\/\/api.w.org\/{rel}","templated":true}]}}