{"id":57,"date":"2015-01-10T13:40:07","date_gmt":"2015-01-10T12:40:07","guid":{"rendered":"http:\/\/wp.kristdemokraterna.se\/hammaro\/?page_id=57"},"modified":"2021-10-18T20:28:46","modified_gmt":"2021-10-18T18:28:46","slug":"lokalpolitiker","status":"publish","type":"page","link":"https:\/\/wp.kristdemokraterna.se\/hammaro\/lokalpolitiker\/","title":{"rendered":"Lokalpolitiker"},"content":{"rendered":"<h1><strong>Kristdemokrater med f\u00f6rtroendeuppdrag<br \/>\n<\/strong><\/h1>\n<p>&nbsp;<\/p>\n<table style=\"height: 912px\" width=\"713\">\n<tbody>\n<tr>\n<td width=\"177\"><strong>N\u00c4MNDER och UPPDRAG<\/strong><\/td>\n<td width=\"198\"><strong>NAMN<\/strong><\/td>\n<td width=\"123\"><\/td>\n<\/tr>\n<tr>\n<td width=\"177\">Kommunfullm\u00e4ktige ordinarie<\/td>\n<td width=\"198\">Mattias Joelsson<br \/>\nMarianne Carlsson<\/td>\n<td width=\"123\"><\/td>\n<\/tr>\n<tr>\n<td width=\"177\">Kommunfullm\u00e4ktige ers\u00e4ttare<\/td>\n<td width=\"198\">Kenth Carlsson<br \/>\nPetra Westr\u00f6m<\/td>\n<td width=\"123\"><\/td>\n<\/tr>\n<tr>\n<td width=\"177\"><\/td>\n<td width=\"198\"><\/td>\n<td width=\"123\"><\/td>\n<\/tr>\n<tr>\n<td width=\"177\">Kommunstyrelsen ordinarie<\/td>\n<td width=\"198\">Mattias Joelsson<\/td>\n<td width=\"123\">076-110 41 33<\/td>\n<\/tr>\n<tr>\n<td width=\"177\">Kommunstyrelsen ers\u00e4ttare<\/td>\n<td width=\"198\">Kenth Carlsson<\/td>\n<td width=\"123\">070-382 35 33<\/td>\n<\/tr>\n<tr>\n<td width=\"177\">Bildningsn\u00e4mnden ordinarie<\/td>\n<td width=\"198\">Mathias Wiker<\/td>\n<td width=\"123\">073-059 65 28<\/td>\n<\/tr>\n<tr>\n<td width=\"177\">Bildningsn\u00e4mnden ers\u00e4ttare<\/td>\n<td width=\"198\">Maria Lloyd<\/td>\n<td width=\"123\">070-577 21 71<\/td>\n<\/tr>\n<tr>\n<td width=\"177\">Servicen\u00e4mnden ordinarie<\/td>\n<td width=\"198\">Lars Larsson<\/td>\n<td width=\"123\">070-376 53 16<\/td>\n<\/tr>\n<tr>\n<td width=\"177\">Socialn\u00e4mnden ordinarie<\/td>\n<td width=\"198\">Petra Westr\u00f6m<\/td>\n<td width=\"123\">073-532 82 99<\/td>\n<\/tr>\n<tr>\n<td width=\"177\">Socialn\u00e4mnden ers\u00e4ttare<\/td>\n<td width=\"198\">Dan Kihlstr\u00f6m<\/td>\n<td width=\"123\">070-343 96 86<\/td>\n<\/tr>\n<tr>\n<td width=\"177\">Milj\u00f6 &amp; Bygg ers\u00e4ttare<\/td>\n<td width=\"198\">Magnus Eriksson<\/td>\n<td width=\"123\">070-485 88 10<\/td>\n<\/tr>\n<tr>\n<td width=\"177\">Valn\u00e4mnd ordinarie<\/td>\n<td width=\"198\">Kenth Carlsson<\/td>\n<td width=\"123\">070-382 35 33<\/td>\n<\/tr>\n<tr>\n<td width=\"177\">R\u00e4ddningstj\u00e4nstf\u00f6rbundet ordinarie<\/td>\n<td width=\"198\">Marianne Carlsson<\/td>\n<td width=\"123\"><\/td>\n<\/tr>\n<tr>\n<td width=\"177\">Drifts &amp; Servicen\u00e4mnden<br \/>\nordinarie<\/td>\n<td width=\"198\">Kenth Carlsson<\/td>\n<td width=\"123\"><\/td>\n<\/tr>\n<tr>\n<td width=\"177\">V\u00e4nersamarbetet ordinarie<\/td>\n<td width=\"198\">Mattias Joelsson<\/td>\n<td width=\"123\"><\/td>\n<\/tr>\n<tr>\n<td width=\"177\"><\/td>\n<td width=\"198\"><\/td>\n<td width=\"123\"><\/td>\n<\/tr>\n<tr>\n<td width=\"177\">N\u00e4mndeman<\/td>\n<td width=\"198\">Anna Joelsson<\/td>\n<td width=\"123\"><\/td>\n<\/tr>\n<tr>\n<td width=\"177\"><\/td>\n<td width=\"198\"><\/td>\n<td width=\"123\"><\/td>\n<\/tr>\n<tr>\n<td width=\"177\"><strong>BOLAGEN och UPPDRAG<\/strong><\/td>\n<td width=\"198\"><\/td>\n<td width=\"123\"><\/td>\n<\/tr>\n<tr>\n<td width=\"177\">Hammar\u00f6bost\u00e4der AB ers\u00e4ttare<\/td>\n<td width=\"198\">Lars Larsson<\/td>\n<td width=\"123\">070-376 53 16<\/td>\n<\/tr>\n<tr>\n<td width=\"177\">Hammar\u00f6 Energi AB ordinarie<\/td>\n<td width=\"198\">Magnus Eriksson<\/td>\n<td width=\"123\"><\/td>\n<\/tr>\n<\/tbody>\n<\/table>\n<p>&nbsp;<\/p>\n","protected":false},"excerpt":{"rendered":"<p>Kristdemokrater med f\u00f6rtroendeuppdrag &nbsp; N\u00c4MNDER och UPPDRAG NAMN Kommunfullm\u00e4ktige ordinarie Mattias Joelsson Marianne Carlsson Kommunfullm\u00e4ktige ers\u00e4ttare Kenth Carlsson Petra Westr\u00f6m Kommunstyrelsen ordinarie Mattias Joelsson 076-110 41 33 Kommunstyrelsen ers\u00e4ttare Kenth Carlsson 070-382 35 33 Bildningsn\u00e4mnden ordinarie Mathias Wiker 073-059 65 28 Bildningsn\u00e4mnden ers\u00e4ttare Maria Lloyd 070-577 21 71 Servicen\u00e4mnden ordinarie Lars Larsson 070-376 53 16 <a class=\"read-more-link\" href=\"https:\/\/wp.kristdemokraterna.se\/hammaro\/lokalpolitiker\/\">Read More<\/a><\/p>\n","protected":false},"author":683,"featured_media":0,"parent":0,"menu_order":0,"comment_status":"closed","ping_status":"closed","template":"","meta":{"_acf_changed":false,"footnotes":""},"class_list":["post-57","page","type-page","status-publish","hentry"],"acf":[],"yoast_head":"<!-- This site is optimized with the Yoast SEO plugin v27.3 - https:\/\/yoast.com\/product\/yoast-seo-wordpress\/ -->\n<title>Lokalpolitiker - Hammar\u00f6<\/title>\n<meta name=\"robots\" content=\"index, follow, max-snippet:-1, max-image-preview:large, max-video-preview:-1\" \/>\n<link rel=\"canonical\" href=\"https:\/\/wp.kristdemokraterna.se\/hammaro\/lokalpolitiker\/\" \/>\n<meta property=\"og:locale\" content=\"sv_SE\" \/>\n<meta property=\"og:type\" content=\"article\" \/>\n<meta property=\"og:title\" content=\"Lokalpolitiker - Hammar\u00f6\" \/>\n<meta property=\"og:description\" content=\"Kristdemokrater med f\u00f6rtroendeuppdrag &nbsp; N\u00c4MNDER och UPPDRAG NAMN Kommunfullm\u00e4ktige ordinarie Mattias Joelsson Marianne Carlsson Kommunfullm\u00e4ktige ers\u00e4ttare Kenth Carlsson Petra Westr\u00f6m Kommunstyrelsen ordinarie Mattias Joelsson 076-110 41 33 Kommunstyrelsen ers\u00e4ttare Kenth Carlsson 070-382 35 33 Bildningsn\u00e4mnden ordinarie Mathias Wiker 073-059 65 28 Bildningsn\u00e4mnden ers\u00e4ttare Maria Lloyd 070-577 21 71 Servicen\u00e4mnden ordinarie Lars Larsson 070-376 53 16 Read More\" \/>\n<meta property=\"og:url\" content=\"https:\/\/wp.kristdemokraterna.se\/hammaro\/lokalpolitiker\/\" \/>\n<meta property=\"og:site_name\" content=\"Hammar\u00f6\" \/>\n<meta property=\"article:modified_time\" content=\"2021-10-18T18:28:46+00:00\" \/>\n<meta name=\"twitter:card\" content=\"summary_large_image\" \/>\n<meta name=\"twitter:label1\" content=\"Ber\u00e4knad l\u00e4stid\" \/>\n\t<meta name=\"twitter:data1\" content=\"1 minut\" \/>\n<script type=\"application\/ld+json\" class=\"yoast-schema-graph\">{\"@context\":\"https:\\\/\\\/schema.org\",\"@graph\":[{\"@type\":\"WebPage\",\"@id\":\"https:\\\/\\\/wp.kristdemokraterna.se\\\/hammaro\\\/lokalpolitiker\\\/\",\"url\":\"https:\\\/\\\/wp.kristdemokraterna.se\\\/hammaro\\\/lokalpolitiker\\\/\",\"name\":\"Lokalpolitiker - Hammar\u00f6\",\"isPartOf\":{\"@id\":\"https:\\\/\\\/wp.kristdemokraterna.se\\\/hammaro\\\/#website\"},\"datePublished\":\"2015-01-10T12:40:07+00:00\",\"dateModified\":\"2021-10-18T18:28:46+00:00\",\"breadcrumb\":{\"@id\":\"https:\\\/\\\/wp.kristdemokraterna.se\\\/hammaro\\\/lokalpolitiker\\\/#breadcrumb\"},\"inLanguage\":\"sv-SE\",\"potentialAction\":[{\"@type\":\"ReadAction\",\"target\":[\"https:\\\/\\\/wp.kristdemokraterna.se\\\/hammaro\\\/lokalpolitiker\\\/\"]}]},{\"@type\":\"BreadcrumbList\",\"@id\":\"https:\\\/\\\/wp.kristdemokraterna.se\\\/hammaro\\\/lokalpolitiker\\\/#breadcrumb\",\"itemListElement\":[{\"@type\":\"ListItem\",\"position\":1,\"name\":\"Hem\",\"item\":\"https:\\\/\\\/wp.kristdemokraterna.se\\\/hammaro\\\/\"},{\"@type\":\"ListItem\",\"position\":2,\"name\":\"Lokalpolitiker\"}]},{\"@type\":\"WebSite\",\"@id\":\"https:\\\/\\\/wp.kristdemokraterna.se\\\/hammaro\\\/#website\",\"url\":\"https:\\\/\\\/wp.kristdemokraterna.se\\\/hammaro\\\/\",\"name\":\"Hammar\u00f6\",\"description\":\"Ansvarsfull och medm\u00e4nsklig politik\",\"inLanguage\":\"sv-SE\"}]}<\/script>\n<!-- \/ Yoast SEO plugin. -->","yoast_head_json":{"title":"Lokalpolitiker - Hammar\u00f6","robots":{"index":"index","follow":"follow","max-snippet":"max-snippet:-1","max-image-preview":"max-image-preview:large","max-video-preview":"max-video-preview:-1"},"canonical":"https:\/\/wp.kristdemokraterna.se\/hammaro\/lokalpolitiker\/","og_locale":"sv_SE","og_type":"article","og_title":"Lokalpolitiker - Hammar\u00f6","og_description":"Kristdemokrater med f\u00f6rtroendeuppdrag &nbsp; N\u00c4MNDER och UPPDRAG NAMN Kommunfullm\u00e4ktige ordinarie Mattias Joelsson Marianne Carlsson Kommunfullm\u00e4ktige ers\u00e4ttare Kenth Carlsson Petra Westr\u00f6m Kommunstyrelsen ordinarie Mattias Joelsson 076-110 41 33 Kommunstyrelsen ers\u00e4ttare Kenth Carlsson 070-382 35 33 Bildningsn\u00e4mnden ordinarie Mathias Wiker 073-059 65 28 Bildningsn\u00e4mnden ers\u00e4ttare Maria Lloyd 070-577 21 71 Servicen\u00e4mnden ordinarie Lars Larsson 070-376 53 16 Read More","og_url":"https:\/\/wp.kristdemokraterna.se\/hammaro\/lokalpolitiker\/","og_site_name":"Hammar\u00f6","article_modified_time":"2021-10-18T18:28:46+00:00","twitter_card":"summary_large_image","twitter_misc":{"Ber\u00e4knad l\u00e4stid":"1 minut"},"schema":{"@context":"https:\/\/schema.org","@graph":[{"@type":"WebPage","@id":"https:\/\/wp.kristdemokraterna.se\/hammaro\/lokalpolitiker\/","url":"https:\/\/wp.kristdemokraterna.se\/hammaro\/lokalpolitiker\/","name":"Lokalpolitiker - Hammar\u00f6","isPartOf":{"@id":"https:\/\/wp.kristdemokraterna.se\/hammaro\/#website"},"datePublished":"2015-01-10T12:40:07+00:00","dateModified":"2021-10-18T18:28:46+00:00","breadcrumb":{"@id":"https:\/\/wp.kristdemokraterna.se\/hammaro\/lokalpolitiker\/#breadcrumb"},"inLanguage":"sv-SE","potentialAction":[{"@type":"ReadAction","target":["https:\/\/wp.kristdemokraterna.se\/hammaro\/lokalpolitiker\/"]}]},{"@type":"BreadcrumbList","@id":"https:\/\/wp.kristdemokraterna.se\/hammaro\/lokalpolitiker\/#breadcrumb","itemListElement":[{"@type":"ListItem","position":1,"name":"Hem","item":"https:\/\/wp.kristdemokraterna.se\/hammaro\/"},{"@type":"ListItem","position":2,"name":"Lokalpolitiker"}]},{"@type":"WebSite","@id":"https:\/\/wp.kristdemokraterna.se\/hammaro\/#website","url":"https:\/\/wp.kristdemokraterna.se\/hammaro\/","name":"Hammar\u00f6","description":"Ansvarsfull och medm\u00e4nsklig politik","inLanguage":"sv-SE"}]}},"_links":{"self":[{"href":"https:\/\/wp.kristdemokraterna.se\/hammaro\/wp-json\/wp\/v2\/pages\/57","targetHints":{"allow":["GET"]}}],"collection":[{"href":"https:\/\/wp.kristdemokraterna.se\/hammaro\/wp-json\/wp\/v2\/pages"}],"about":[{"href":"https:\/\/wp.kristdemokraterna.se\/hammaro\/wp-json\/wp\/v2\/types\/page"}],"author":[{"embeddable":true,"href":"https:\/\/wp.kristdemokraterna.se\/hammaro\/wp-json\/wp\/v2\/users\/683"}],"replies":[{"embeddable":true,"href":"https:\/\/wp.kristdemokraterna.se\/hammaro\/wp-json\/wp\/v2\/comments?post=57"}],"version-history":[{"count":13,"href":"https:\/\/wp.kristdemokraterna.se\/hammaro\/wp-json\/wp\/v2\/pages\/57\/revisions"}],"predecessor-version":[{"id":379,"href":"https:\/\/wp.kristdemokraterna.se\/hammaro\/wp-json\/wp\/v2\/pages\/57\/revisions\/379"}],"wp:attachment":[{"href":"https:\/\/wp.kristdemokraterna.se\/hammaro\/wp-json\/wp\/v2\/media?parent=57"}],"curies":[{"name":"wp","href":"https:\/\/api.w.org\/{rel}","templated":true}]}}