{"id":78,"date":"2017-04-10T20:09:32","date_gmt":"2017-04-10T18:09:32","guid":{"rendered":"http:\/\/wp.kristdemokraterna.se\/hammaro\/?page_id=78"},"modified":"2018-09-01T15:10:48","modified_gmt":"2018-09-01T13:10:48","slug":"var-politik","status":"publish","type":"page","link":"https:\/\/wp.kristdemokraterna.se\/hammaro\/var-politik\/","title":{"rendered":"V\u00e5r politik"},"content":{"rendered":"<p>Kristdemokraterna p\u00e5 Hammar\u00f6 arbetar f\u00f6r dig. Vi skapar aktivt politik och f\u00f6rs\u00f6ker p\u00e5verka besluten s\u00e5 de blir s\u00e5 bra som m\u00f6jligt. Vi fokuserar p\u00e5 livskvalitet f\u00f6r v\u00e5ra \u00e4ldre och p\u00e5 familjens m\u00f6jlighet att best\u00e4mma \u00f6ver sina egna liv.<\/p>\n<p>L\u00e4s v\u00e5rt lokala handlingsprogram s\u00e5 du vet vad du kan f\u00f6rv\u00e4nta dig av oss.<\/p>\n<p><a href=\"http:\/\/wp.kristdemokraterna.se\/hammaro\/files\/2018\/02\/handlingsprogram-kd-hammaro-2018-2022-1.pdf\">Handlingsprogram KD Hammar\u00f6 2018-2022<\/a><\/p>\n<div id=\"attachment_213\" style=\"width: 310px\" class=\"wp-caption alignnone\"><img loading=\"lazy\" decoding=\"async\" aria-describedby=\"caption-attachment-213\" class=\"size-medium wp-image-213\" src=\"http:\/\/wp.kristdemokraterna.se\/hammaro\/files\/2018\/02\/kd2018-2022-e1517948067738-300x225.jpg\" alt=\"\" width=\"300\" height=\"225\" srcset=\"https:\/\/wp.kristdemokraterna.se\/hammaro\/files\/2018\/02\/kd2018-2022-e1517948067738-300x225.jpg 300w, https:\/\/wp.kristdemokraterna.se\/hammaro\/files\/2018\/02\/kd2018-2022-e1517948067738-540x405.jpg 540w, https:\/\/wp.kristdemokraterna.se\/hammaro\/files\/2018\/02\/kd2018-2022-e1517948067738.jpg 640w\" sizes=\"auto, (max-width: 300px) 100vw, 300px\" \/><p id=\"caption-attachment-213\" class=\"wp-caption-text\">Kristdemokraterna p\u00e5 Hammar\u00f6s handlingsprogram<\/p><\/div>\n","protected":false},"excerpt":{"rendered":"<p>Kristdemokraterna p\u00e5 Hammar\u00f6 arbetar f\u00f6r dig. Vi skapar aktivt politik och f\u00f6rs\u00f6ker p\u00e5verka besluten s\u00e5 de blir s\u00e5 bra som m\u00f6jligt. Vi fokuserar p\u00e5 livskvalitet f\u00f6r v\u00e5ra \u00e4ldre och p\u00e5 familjens m\u00f6jlighet att best\u00e4mma \u00f6ver sina egna liv. L\u00e4s v\u00e5rt lokala handlingsprogram s\u00e5 du vet vad du kan f\u00f6rv\u00e4nta dig av oss. Handlingsprogram KD Hammar\u00f6 <a class=\"read-more-link\" href=\"https:\/\/wp.kristdemokraterna.se\/hammaro\/var-politik\/\">Read More<\/a><\/p>\n","protected":false},"author":724,"featured_media":213,"parent":0,"menu_order":0,"comment_status":"closed","ping_status":"closed","template":"","meta":{"_acf_changed":false,"footnotes":""},"class_list":["post-78","page","type-page","status-publish","has-post-thumbnail","hentry"],"acf":[],"yoast_head":"<!-- This site is optimized with the Yoast SEO plugin v27.4 - https:\/\/yoast.com\/product\/yoast-seo-wordpress\/ -->\n<title>V\u00e5r politik - Hammar\u00f6<\/title>\n<meta name=\"robots\" content=\"index, follow, max-snippet:-1, max-image-preview:large, max-video-preview:-1\" \/>\n<link rel=\"canonical\" href=\"https:\/\/wp.kristdemokraterna.se\/hammaro\/var-politik\/\" \/>\n<meta property=\"og:locale\" content=\"sv_SE\" \/>\n<meta property=\"og:type\" content=\"article\" \/>\n<meta property=\"og:title\" content=\"V\u00e5r politik - Hammar\u00f6\" \/>\n<meta property=\"og:description\" content=\"Kristdemokraterna p\u00e5 Hammar\u00f6 arbetar f\u00f6r dig. Vi skapar aktivt politik och f\u00f6rs\u00f6ker p\u00e5verka besluten s\u00e5 de blir s\u00e5 bra som m\u00f6jligt. Vi fokuserar p\u00e5 livskvalitet f\u00f6r v\u00e5ra \u00e4ldre och p\u00e5 familjens m\u00f6jlighet att best\u00e4mma \u00f6ver sina egna liv. L\u00e4s v\u00e5rt lokala handlingsprogram s\u00e5 du vet vad du kan f\u00f6rv\u00e4nta dig av oss. Handlingsprogram KD Hammar\u00f6 Read More\" \/>\n<meta property=\"og:url\" content=\"https:\/\/wp.kristdemokraterna.se\/hammaro\/var-politik\/\" \/>\n<meta property=\"og:site_name\" content=\"Hammar\u00f6\" \/>\n<meta property=\"article:modified_time\" content=\"2018-09-01T13:10:48+00:00\" \/>\n<meta property=\"og:image\" content=\"https:\/\/wp.kristdemokraterna.se\/hammaro\/files\/2018\/02\/kd2018-2022-e1517948067738.jpg\" \/>\n\t<meta property=\"og:image:width\" content=\"640\" \/>\n\t<meta property=\"og:image:height\" content=\"480\" \/>\n\t<meta property=\"og:image:type\" content=\"image\/jpeg\" \/>\n<meta name=\"twitter:card\" content=\"summary_large_image\" \/>\n<script type=\"application\/ld+json\" class=\"yoast-schema-graph\">{\"@context\":\"https:\\\/\\\/schema.org\",\"@graph\":[{\"@type\":\"WebPage\",\"@id\":\"https:\\\/\\\/wp.kristdemokraterna.se\\\/hammaro\\\/var-politik\\\/\",\"url\":\"https:\\\/\\\/wp.kristdemokraterna.se\\\/hammaro\\\/var-politik\\\/\",\"name\":\"V\u00e5r politik - Hammar\u00f6\",\"isPartOf\":{\"@id\":\"https:\\\/\\\/wp.kristdemokraterna.se\\\/hammaro\\\/#website\"},\"primaryImageOfPage\":{\"@id\":\"https:\\\/\\\/wp.kristdemokraterna.se\\\/hammaro\\\/var-politik\\\/#primaryimage\"},\"image\":{\"@id\":\"https:\\\/\\\/wp.kristdemokraterna.se\\\/hammaro\\\/var-politik\\\/#primaryimage\"},\"thumbnailUrl\":\"https:\\\/\\\/wp.kristdemokraterna.se\\\/hammaro\\\/files\\\/2018\\\/02\\\/kd2018-2022-e1517948067738.jpg\",\"datePublished\":\"2017-04-10T18:09:32+00:00\",\"dateModified\":\"2018-09-01T13:10:48+00:00\",\"breadcrumb\":{\"@id\":\"https:\\\/\\\/wp.kristdemokraterna.se\\\/hammaro\\\/var-politik\\\/#breadcrumb\"},\"inLanguage\":\"sv-SE\",\"potentialAction\":[{\"@type\":\"ReadAction\",\"target\":[\"https:\\\/\\\/wp.kristdemokraterna.se\\\/hammaro\\\/var-politik\\\/\"]}]},{\"@type\":\"ImageObject\",\"inLanguage\":\"sv-SE\",\"@id\":\"https:\\\/\\\/wp.kristdemokraterna.se\\\/hammaro\\\/var-politik\\\/#primaryimage\",\"url\":\"https:\\\/\\\/wp.kristdemokraterna.se\\\/hammaro\\\/files\\\/2018\\\/02\\\/kd2018-2022-e1517948067738.jpg\",\"contentUrl\":\"https:\\\/\\\/wp.kristdemokraterna.se\\\/hammaro\\\/files\\\/2018\\\/02\\\/kd2018-2022-e1517948067738.jpg\",\"width\":640,\"height\":480,\"caption\":\"Kristdemokraterna p\u00e5 Hammar\u00f6s handlingsprogram\"},{\"@type\":\"BreadcrumbList\",\"@id\":\"https:\\\/\\\/wp.kristdemokraterna.se\\\/hammaro\\\/var-politik\\\/#breadcrumb\",\"itemListElement\":[{\"@type\":\"ListItem\",\"position\":1,\"name\":\"Hem\",\"item\":\"https:\\\/\\\/wp.kristdemokraterna.se\\\/hammaro\\\/\"},{\"@type\":\"ListItem\",\"position\":2,\"name\":\"V\u00e5r politik\"}]},{\"@type\":\"WebSite\",\"@id\":\"https:\\\/\\\/wp.kristdemokraterna.se\\\/hammaro\\\/#website\",\"url\":\"https:\\\/\\\/wp.kristdemokraterna.se\\\/hammaro\\\/\",\"name\":\"Hammar\u00f6\",\"description\":\"Ansvarsfull och medm\u00e4nsklig politik\",\"inLanguage\":\"sv-SE\"}]}<\/script>\n<!-- \/ Yoast SEO plugin. -->","yoast_head_json":{"title":"V\u00e5r politik - Hammar\u00f6","robots":{"index":"index","follow":"follow","max-snippet":"max-snippet:-1","max-image-preview":"max-image-preview:large","max-video-preview":"max-video-preview:-1"},"canonical":"https:\/\/wp.kristdemokraterna.se\/hammaro\/var-politik\/","og_locale":"sv_SE","og_type":"article","og_title":"V\u00e5r politik - Hammar\u00f6","og_description":"Kristdemokraterna p\u00e5 Hammar\u00f6 arbetar f\u00f6r dig. Vi skapar aktivt politik och f\u00f6rs\u00f6ker p\u00e5verka besluten s\u00e5 de blir s\u00e5 bra som m\u00f6jligt. Vi fokuserar p\u00e5 livskvalitet f\u00f6r v\u00e5ra \u00e4ldre och p\u00e5 familjens m\u00f6jlighet att best\u00e4mma \u00f6ver sina egna liv. L\u00e4s v\u00e5rt lokala handlingsprogram s\u00e5 du vet vad du kan f\u00f6rv\u00e4nta dig av oss. Handlingsprogram KD Hammar\u00f6 Read More","og_url":"https:\/\/wp.kristdemokraterna.se\/hammaro\/var-politik\/","og_site_name":"Hammar\u00f6","article_modified_time":"2018-09-01T13:10:48+00:00","og_image":[{"width":640,"height":480,"url":"https:\/\/wp.kristdemokraterna.se\/hammaro\/files\/2018\/02\/kd2018-2022-e1517948067738.jpg","type":"image\/jpeg"}],"twitter_card":"summary_large_image","schema":{"@context":"https:\/\/schema.org","@graph":[{"@type":"WebPage","@id":"https:\/\/wp.kristdemokraterna.se\/hammaro\/var-politik\/","url":"https:\/\/wp.kristdemokraterna.se\/hammaro\/var-politik\/","name":"V\u00e5r politik - Hammar\u00f6","isPartOf":{"@id":"https:\/\/wp.kristdemokraterna.se\/hammaro\/#website"},"primaryImageOfPage":{"@id":"https:\/\/wp.kristdemokraterna.se\/hammaro\/var-politik\/#primaryimage"},"image":{"@id":"https:\/\/wp.kristdemokraterna.se\/hammaro\/var-politik\/#primaryimage"},"thumbnailUrl":"https:\/\/wp.kristdemokraterna.se\/hammaro\/files\/2018\/02\/kd2018-2022-e1517948067738.jpg","datePublished":"2017-04-10T18:09:32+00:00","dateModified":"2018-09-01T13:10:48+00:00","breadcrumb":{"@id":"https:\/\/wp.kristdemokraterna.se\/hammaro\/var-politik\/#breadcrumb"},"inLanguage":"sv-SE","potentialAction":[{"@type":"ReadAction","target":["https:\/\/wp.kristdemokraterna.se\/hammaro\/var-politik\/"]}]},{"@type":"ImageObject","inLanguage":"sv-SE","@id":"https:\/\/wp.kristdemokraterna.se\/hammaro\/var-politik\/#primaryimage","url":"https:\/\/wp.kristdemokraterna.se\/hammaro\/files\/2018\/02\/kd2018-2022-e1517948067738.jpg","contentUrl":"https:\/\/wp.kristdemokraterna.se\/hammaro\/files\/2018\/02\/kd2018-2022-e1517948067738.jpg","width":640,"height":480,"caption":"Kristdemokraterna p\u00e5 Hammar\u00f6s handlingsprogram"},{"@type":"BreadcrumbList","@id":"https:\/\/wp.kristdemokraterna.se\/hammaro\/var-politik\/#breadcrumb","itemListElement":[{"@type":"ListItem","position":1,"name":"Hem","item":"https:\/\/wp.kristdemokraterna.se\/hammaro\/"},{"@type":"ListItem","position":2,"name":"V\u00e5r politik"}]},{"@type":"WebSite","@id":"https:\/\/wp.kristdemokraterna.se\/hammaro\/#website","url":"https:\/\/wp.kristdemokraterna.se\/hammaro\/","name":"Hammar\u00f6","description":"Ansvarsfull och medm\u00e4nsklig politik","inLanguage":"sv-SE"}]}},"_links":{"self":[{"href":"https:\/\/wp.kristdemokraterna.se\/hammaro\/wp-json\/wp\/v2\/pages\/78","targetHints":{"allow":["GET"]}}],"collection":[{"href":"https:\/\/wp.kristdemokraterna.se\/hammaro\/wp-json\/wp\/v2\/pages"}],"about":[{"href":"https:\/\/wp.kristdemokraterna.se\/hammaro\/wp-json\/wp\/v2\/types\/page"}],"author":[{"embeddable":true,"href":"https:\/\/wp.kristdemokraterna.se\/hammaro\/wp-json\/wp\/v2\/users\/724"}],"replies":[{"embeddable":true,"href":"https:\/\/wp.kristdemokraterna.se\/hammaro\/wp-json\/wp\/v2\/comments?post=78"}],"version-history":[{"count":5,"href":"https:\/\/wp.kristdemokraterna.se\/hammaro\/wp-json\/wp\/v2\/pages\/78\/revisions"}],"predecessor-version":[{"id":286,"href":"https:\/\/wp.kristdemokraterna.se\/hammaro\/wp-json\/wp\/v2\/pages\/78\/revisions\/286"}],"wp:featuredmedia":[{"embeddable":true,"href":"https:\/\/wp.kristdemokraterna.se\/hammaro\/wp-json\/wp\/v2\/media\/213"}],"wp:attachment":[{"href":"https:\/\/wp.kristdemokraterna.se\/hammaro\/wp-json\/wp\/v2\/media?parent=78"}],"curies":[{"name":"wp","href":"https:\/\/api.w.org\/{rel}","templated":true}]}}