{"id":269,"date":"2017-11-29T16:48:28","date_gmt":"2017-11-29T15:48:28","guid":{"rendered":"http:\/\/wp.kristdemokraterna.se\/haninge2\/?page_id=269"},"modified":"2025-02-26T13:22:55","modified_gmt":"2025-02-26T12:22:55","slug":"var-partiavdelning","status":"publish","type":"page","link":"https:\/\/wp.kristdemokraterna.se\/haninge\/var-partiavdelning\/","title":{"rendered":"V\u00e5r partiavdelning"},"content":{"rendered":"<p><img loading=\"lazy\" decoding=\"async\" class=\"alignnone size-medium wp-image-1077\" src=\"http:\/\/wp.kristdemokraterna.se\/haninge\/files\/2022\/03\/jens-hemsidan-300x233.png\" alt=\"\" width=\"300\" height=\"233\" srcset=\"https:\/\/wp.kristdemokraterna.se\/haninge\/files\/2022\/03\/jens-hemsidan-300x233.png 300w, https:\/\/wp.kristdemokraterna.se\/haninge\/files\/2022\/03\/jens-hemsidan-1024x796.png 1024w, https:\/\/wp.kristdemokraterna.se\/haninge\/files\/2022\/03\/jens-hemsidan-768x597.png 768w, https:\/\/wp.kristdemokraterna.se\/haninge\/files\/2022\/03\/jens-hemsidan-1536x1195.png 1536w, https:\/\/wp.kristdemokraterna.se\/haninge\/files\/2022\/03\/jens-hemsidan-2048x1593.png 2048w, https:\/\/wp.kristdemokraterna.se\/haninge\/files\/2022\/03\/jens-hemsidan-257x200.png 257w, https:\/\/wp.kristdemokraterna.se\/haninge\/files\/2022\/03\/jens-hemsidan-370x288.png 370w, https:\/\/wp.kristdemokraterna.se\/haninge\/files\/2022\/03\/jens-hemsidan-770x599.png 770w, https:\/\/wp.kristdemokraterna.se\/haninge\/files\/2022\/03\/jens-hemsidan-450x350.png 450w, https:\/\/wp.kristdemokraterna.se\/haninge\/files\/2022\/03\/jens-hemsidan-280x218.png 280w, https:\/\/wp.kristdemokraterna.se\/haninge\/files\/2022\/03\/jens-hemsidan-340x264.png 340w, https:\/\/wp.kristdemokraterna.se\/haninge\/files\/2022\/03\/jens-hemsidan-200x156.png 200w, https:\/\/wp.kristdemokraterna.se\/haninge\/files\/2022\/03\/jens-hemsidan-72x56.png 72w\" sizes=\"auto, (max-width: 300px) 100vw, 300px\" \/><\/p>\n<p class=\"u-flush--bottom\"><strong>Jens Davidson<br \/>\n<\/strong>Partiavdelningsordf\u00f6rande<br \/>\n<a href=\"mailto:jens.davidson@haninge.se\">jens.davidson@haninge.se<\/a><\/p>\n<p>&nbsp;<\/p>\n<p><img loading=\"lazy\" decoding=\"async\" class=\"alignnone size-medium wp-image-1116\" src=\"http:\/\/wp.kristdemokraterna.se\/haninge\/files\/2022\/05\/anneli-hemsidan-1-300x260.png\" alt=\"\" width=\"300\" height=\"260\" srcset=\"https:\/\/wp.kristdemokraterna.se\/haninge\/files\/2022\/05\/anneli-hemsidan-1-300x260.png 300w, https:\/\/wp.kristdemokraterna.se\/haninge\/files\/2022\/05\/anneli-hemsidan-1-768x667.png 768w, https:\/\/wp.kristdemokraterna.se\/haninge\/files\/2022\/05\/anneli-hemsidan-1-230x200.png 230w, https:\/\/wp.kristdemokraterna.se\/haninge\/files\/2022\/05\/anneli-hemsidan-1-370x321.png 370w, https:\/\/wp.kristdemokraterna.se\/haninge\/files\/2022\/05\/anneli-hemsidan-1-770x668.png 770w, https:\/\/wp.kristdemokraterna.se\/haninge\/files\/2022\/05\/anneli-hemsidan-1-450x391.png 450w, https:\/\/wp.kristdemokraterna.se\/haninge\/files\/2022\/05\/anneli-hemsidan-1-280x243.png 280w, https:\/\/wp.kristdemokraterna.se\/haninge\/files\/2022\/05\/anneli-hemsidan-1-340x295.png 340w, https:\/\/wp.kristdemokraterna.se\/haninge\/files\/2022\/05\/anneli-hemsidan-1-200x174.png 200w, https:\/\/wp.kristdemokraterna.se\/haninge\/files\/2022\/05\/anneli-hemsidan-1-65x56.png 65w, https:\/\/wp.kristdemokraterna.se\/haninge\/files\/2022\/05\/anneli-hemsidan-1.png 840w\" sizes=\"auto, (max-width: 300px) 100vw, 300px\" \/><\/p>\n<p><b>Anneli Margaretha Ahl<br \/>\n<\/b>Vice partiavdelningsordf\u00f6rande<br \/>\n<a href=\"mailto:anneli.ahl@haninge.se\">anneli.ahl@haninge.se<\/a><\/p>\n<p><img loading=\"lazy\" decoding=\"async\" class=\"alignnone size-medium wp-image-1079\" src=\"http:\/\/wp.kristdemokraterna.se\/haninge\/files\/2022\/03\/martin-hemsidan-1-300x233.png\" alt=\"\" width=\"300\" height=\"233\" srcset=\"https:\/\/wp.kristdemokraterna.se\/haninge\/files\/2022\/03\/martin-hemsidan-1-300x233.png 300w, https:\/\/wp.kristdemokraterna.se\/haninge\/files\/2022\/03\/martin-hemsidan-1-1024x796.png 1024w, https:\/\/wp.kristdemokraterna.se\/haninge\/files\/2022\/03\/martin-hemsidan-1-768x597.png 768w, https:\/\/wp.kristdemokraterna.se\/haninge\/files\/2022\/03\/martin-hemsidan-1-1536x1195.png 1536w, https:\/\/wp.kristdemokraterna.se\/haninge\/files\/2022\/03\/martin-hemsidan-1-2048x1593.png 2048w, https:\/\/wp.kristdemokraterna.se\/haninge\/files\/2022\/03\/martin-hemsidan-1-257x200.png 257w, https:\/\/wp.kristdemokraterna.se\/haninge\/files\/2022\/03\/martin-hemsidan-1-370x288.png 370w, https:\/\/wp.kristdemokraterna.se\/haninge\/files\/2022\/03\/martin-hemsidan-1-770x599.png 770w, https:\/\/wp.kristdemokraterna.se\/haninge\/files\/2022\/03\/martin-hemsidan-1-450x350.png 450w, https:\/\/wp.kristdemokraterna.se\/haninge\/files\/2022\/03\/martin-hemsidan-1-280x218.png 280w, https:\/\/wp.kristdemokraterna.se\/haninge\/files\/2022\/03\/martin-hemsidan-1-340x264.png 340w, https:\/\/wp.kristdemokraterna.se\/haninge\/files\/2022\/03\/martin-hemsidan-1-200x156.png 200w, https:\/\/wp.kristdemokraterna.se\/haninge\/files\/2022\/03\/martin-hemsidan-1-72x56.png 72w\" sizes=\"auto, (max-width: 300px) 100vw, 300px\" \/><\/p>\n<p><strong>Martin Str\u00f6mvall<\/strong><br \/>\nPartiavdelningsstyrelseledamot<br \/>\n<a href=\"mailto:martin.stromvall@kristdemokraterna.se\">martin.stromvall@kristdemokraterna.se<\/a><\/p>\n<p><img loading=\"lazy\" decoding=\"async\" class=\"alignnone size-medium wp-image-1085\" src=\"http:\/\/wp.kristdemokraterna.se\/haninge\/files\/2022\/03\/mary-hemsidan-300x233.png\" alt=\"\" width=\"300\" height=\"233\" srcset=\"https:\/\/wp.kristdemokraterna.se\/haninge\/files\/2022\/03\/mary-hemsidan-300x233.png 300w, https:\/\/wp.kristdemokraterna.se\/haninge\/files\/2022\/03\/mary-hemsidan-1024x796.png 1024w, https:\/\/wp.kristdemokraterna.se\/haninge\/files\/2022\/03\/mary-hemsidan-768x597.png 768w, https:\/\/wp.kristdemokraterna.se\/haninge\/files\/2022\/03\/mary-hemsidan-1536x1195.png 1536w, https:\/\/wp.kristdemokraterna.se\/haninge\/files\/2022\/03\/mary-hemsidan-2048x1593.png 2048w, https:\/\/wp.kristdemokraterna.se\/haninge\/files\/2022\/03\/mary-hemsidan-257x200.png 257w, https:\/\/wp.kristdemokraterna.se\/haninge\/files\/2022\/03\/mary-hemsidan-370x288.png 370w, https:\/\/wp.kristdemokraterna.se\/haninge\/files\/2022\/03\/mary-hemsidan-770x599.png 770w, https:\/\/wp.kristdemokraterna.se\/haninge\/files\/2022\/03\/mary-hemsidan-450x350.png 450w, https:\/\/wp.kristdemokraterna.se\/haninge\/files\/2022\/03\/mary-hemsidan-280x218.png 280w, https:\/\/wp.kristdemokraterna.se\/haninge\/files\/2022\/03\/mary-hemsidan-340x264.png 340w, https:\/\/wp.kristdemokraterna.se\/haninge\/files\/2022\/03\/mary-hemsidan-200x156.png 200w, https:\/\/wp.kristdemokraterna.se\/haninge\/files\/2022\/03\/mary-hemsidan-72x56.png 72w\" sizes=\"auto, (max-width: 300px) 100vw, 300px\" \/><\/p>\n<p><strong>Mary Vel<\/strong><br \/>\nPartiavdelningsstyrelseledamot<\/p>\n<p><strong>Hans Christensen<br \/>\n<\/strong>Partiavdelningsstyrelseledamot<\/p>\n<p><strong>Carlo Taccola<br \/>\n<\/strong>Partiavdelningsstyrelseledamot<\/p>\n<p><strong>J\u00f6rgen Molin<br \/>\n<\/strong>Partiavdelningsstyrelseledamot<\/p>\n","protected":false},"excerpt":{"rendered":"<p>Jens Davidson Partiavdelningsordf\u00f6rande jens.davidson@haninge.se &nbsp; Anneli Margaretha Ahl Vice partiavdelningsordf\u00f6rande anneli.ahl@haninge.se Martin Str\u00f6mvall Partiavdelningsstyrelseledamot martin.stromvall@kristdemokraterna.se Mary Vel Partiavdelningsstyrelseledamot Hans Christensen Partiavdelningsstyrelseledamot Carlo Taccola Partiavdelningsstyrelseledamot J\u00f6rgen Molin Partiavdelningsstyrelseledamot<\/p>\n","protected":false},"author":1000,"featured_media":880,"parent":0,"menu_order":0,"comment_status":"closed","ping_status":"closed","template":"page.php","meta":{"_acf_changed":false,"footnotes":""},"class_list":["post-269","page","type-page","status-publish","hentry"],"acf":[],"yoast_head":"<!-- This site is optimized with the Yoast SEO plugin v27.4 - https:\/\/yoast.com\/product\/yoast-seo-wordpress\/ -->\n<title>V\u00e5r partiavdelning &#8211; Kristdemokraterna i Haninge |<\/title>\n<meta name=\"robots\" content=\"index, follow, max-snippet:-1, max-image-preview:large, max-video-preview:-1\" \/>\n<link rel=\"canonical\" href=\"https:\/\/wp.kristdemokraterna.se\/haninge\/var-partiavdelning\/\" \/>\n<meta property=\"og:locale\" content=\"sv_SE\" \/>\n<meta property=\"og:type\" content=\"article\" \/>\n<meta property=\"og:title\" content=\"V\u00e5r partiavdelning &#8211; Kristdemokraterna i Haninge |\" \/>\n<meta property=\"og:description\" content=\"Jens Davidson Partiavdelningsordf\u00f6rande jens.davidson@haninge.se &nbsp; Anneli Margaretha Ahl Vice partiavdelningsordf\u00f6rande anneli.ahl@haninge.se Martin Str\u00f6mvall Partiavdelningsstyrelseledamot martin.stromvall@kristdemokraterna.se Mary Vel Partiavdelningsstyrelseledamot Hans Christensen Partiavdelningsstyrelseledamot Carlo Taccola Partiavdelningsstyrelseledamot J\u00f6rgen Molin Partiavdelningsstyrelseledamot\" \/>\n<meta property=\"og:url\" content=\"https:\/\/wp.kristdemokraterna.se\/haninge\/var-partiavdelning\/\" \/>\n<meta property=\"og:site_name\" content=\"Kristdemokraterna i Haninge |\" \/>\n<meta property=\"article:modified_time\" content=\"2025-02-26T12:22:55+00:00\" \/>\n<meta property=\"og:image\" content=\"https:\/\/wp.kristdemokraterna.se\/haninge\/files\/2022\/03\/jens-hemsidan-1024x796.png\" \/>\n\t<meta property=\"og:image:width\" content=\"1024\" \/>\n\t<meta property=\"og:image:height\" content=\"796\" \/>\n\t<meta property=\"og:image:type\" content=\"image\/png\" \/>\n<meta name=\"twitter:card\" content=\"summary_large_image\" \/>\n<meta name=\"twitter:label1\" content=\"Ber\u00e4knad l\u00e4stid\" \/>\n\t<meta name=\"twitter:data1\" content=\"1 minut\" \/>\n<script type=\"application\/ld+json\" class=\"yoast-schema-graph\">{\"@context\":\"https:\\\/\\\/schema.org\",\"@graph\":[{\"@type\":\"WebPage\",\"@id\":\"https:\\\/\\\/wp.kristdemokraterna.se\\\/haninge\\\/var-partiavdelning\\\/\",\"url\":\"https:\\\/\\\/wp.kristdemokraterna.se\\\/haninge\\\/var-partiavdelning\\\/\",\"name\":\"V\u00e5r partiavdelning &#8211; Kristdemokraterna i Haninge |\",\"isPartOf\":{\"@id\":\"https:\\\/\\\/wp.kristdemokraterna.se\\\/haninge\\\/#website\"},\"primaryImageOfPage\":{\"@id\":\"https:\\\/\\\/wp.kristdemokraterna.se\\\/haninge\\\/var-partiavdelning\\\/#primaryimage\"},\"image\":{\"@id\":\"https:\\\/\\\/wp.kristdemokraterna.se\\\/haninge\\\/var-partiavdelning\\\/#primaryimage\"},\"thumbnailUrl\":\"https:\\\/\\\/wp.kristdemokraterna.se\\\/haninge\\\/files\\\/2022\\\/01\\\/kd-logo-bla\u2560e.png\",\"datePublished\":\"2017-11-29T15:48:28+00:00\",\"dateModified\":\"2025-02-26T12:22:55+00:00\",\"breadcrumb\":{\"@id\":\"https:\\\/\\\/wp.kristdemokraterna.se\\\/haninge\\\/var-partiavdelning\\\/#breadcrumb\"},\"inLanguage\":\"sv-SE\",\"potentialAction\":[{\"@type\":\"ReadAction\",\"target\":[\"https:\\\/\\\/wp.kristdemokraterna.se\\\/haninge\\\/var-partiavdelning\\\/\"]}]},{\"@type\":\"ImageObject\",\"inLanguage\":\"sv-SE\",\"@id\":\"https:\\\/\\\/wp.kristdemokraterna.se\\\/haninge\\\/var-partiavdelning\\\/#primaryimage\",\"url\":\"https:\\\/\\\/wp.kristdemokraterna.se\\\/haninge\\\/files\\\/2022\\\/01\\\/kd-logo-bla\u2560e.png\",\"contentUrl\":\"https:\\\/\\\/wp.kristdemokraterna.se\\\/haninge\\\/files\\\/2022\\\/01\\\/kd-logo-bla\u2560e.png\",\"width\":2032,\"height\":2031,\"caption\":\"Kristdemokraterna\"},{\"@type\":\"BreadcrumbList\",\"@id\":\"https:\\\/\\\/wp.kristdemokraterna.se\\\/haninge\\\/var-partiavdelning\\\/#breadcrumb\",\"itemListElement\":[{\"@type\":\"ListItem\",\"position\":1,\"name\":\"Hem\",\"item\":\"https:\\\/\\\/wp.kristdemokraterna.se\\\/haninge\\\/\"},{\"@type\":\"ListItem\",\"position\":2,\"name\":\"V\u00e5r partiavdelning\"}]},{\"@type\":\"WebSite\",\"@id\":\"https:\\\/\\\/wp.kristdemokraterna.se\\\/haninge\\\/#website\",\"url\":\"https:\\\/\\\/wp.kristdemokraterna.se\\\/haninge\\\/\",\"name\":\"Kristdemokraterna i Haninge |\",\"description\":\"Det trygga alternativet\",\"publisher\":{\"@id\":\"https:\\\/\\\/wp.kristdemokraterna.se\\\/haninge\\\/#organization\"},\"inLanguage\":\"sv-SE\"},{\"@type\":\"Organization\",\"@id\":\"https:\\\/\\\/wp.kristdemokraterna.se\\\/haninge\\\/#organization\",\"name\":\"Kristdemokraterna i Haninge\",\"url\":\"https:\\\/\\\/wp.kristdemokraterna.se\\\/haninge\\\/\",\"logo\":{\"@type\":\"ImageObject\",\"inLanguage\":\"sv-SE\",\"@id\":\"https:\\\/\\\/wp.kristdemokraterna.se\\\/haninge\\\/#\\\/schema\\\/logo\\\/image\\\/\",\"url\":\"https:\\\/\\\/wp.kristdemokraterna.se\\\/haninge\\\/files\\\/2022\\\/01\\\/kd-logo-bla\u2560e.png\",\"contentUrl\":\"https:\\\/\\\/wp.kristdemokraterna.se\\\/haninge\\\/files\\\/2022\\\/01\\\/kd-logo-bla\u2560e.png\",\"width\":2032,\"height\":2031,\"caption\":\"Kristdemokraterna i Haninge\"},\"image\":{\"@id\":\"https:\\\/\\\/wp.kristdemokraterna.se\\\/haninge\\\/#\\\/schema\\\/logo\\\/image\\\/\"}}]}<\/script>\n<!-- \/ Yoast SEO plugin. -->","yoast_head_json":{"title":"V\u00e5r partiavdelning &#8211; Kristdemokraterna i Haninge |","robots":{"index":"index","follow":"follow","max-snippet":"max-snippet:-1","max-image-preview":"max-image-preview:large","max-video-preview":"max-video-preview:-1"},"canonical":"https:\/\/wp.kristdemokraterna.se\/haninge\/var-partiavdelning\/","og_locale":"sv_SE","og_type":"article","og_title":"V\u00e5r partiavdelning &#8211; Kristdemokraterna i Haninge |","og_description":"Jens Davidson Partiavdelningsordf\u00f6rande jens.davidson@haninge.se &nbsp; Anneli Margaretha Ahl Vice partiavdelningsordf\u00f6rande anneli.ahl@haninge.se Martin Str\u00f6mvall Partiavdelningsstyrelseledamot martin.stromvall@kristdemokraterna.se Mary Vel Partiavdelningsstyrelseledamot Hans Christensen Partiavdelningsstyrelseledamot Carlo Taccola Partiavdelningsstyrelseledamot J\u00f6rgen Molin Partiavdelningsstyrelseledamot","og_url":"https:\/\/wp.kristdemokraterna.se\/haninge\/var-partiavdelning\/","og_site_name":"Kristdemokraterna i Haninge |","article_modified_time":"2025-02-26T12:22:55+00:00","og_image":[{"width":1024,"height":796,"url":"https:\/\/wp.kristdemokraterna.se\/haninge\/files\/2022\/03\/jens-hemsidan-1024x796.png","type":"image\/png"}],"twitter_card":"summary_large_image","twitter_misc":{"Ber\u00e4knad l\u00e4stid":"1 minut"},"schema":{"@context":"https:\/\/schema.org","@graph":[{"@type":"WebPage","@id":"https:\/\/wp.kristdemokraterna.se\/haninge\/var-partiavdelning\/","url":"https:\/\/wp.kristdemokraterna.se\/haninge\/var-partiavdelning\/","name":"V\u00e5r partiavdelning &#8211; Kristdemokraterna i Haninge |","isPartOf":{"@id":"https:\/\/wp.kristdemokraterna.se\/haninge\/#website"},"primaryImageOfPage":{"@id":"https:\/\/wp.kristdemokraterna.se\/haninge\/var-partiavdelning\/#primaryimage"},"image":{"@id":"https:\/\/wp.kristdemokraterna.se\/haninge\/var-partiavdelning\/#primaryimage"},"thumbnailUrl":"https:\/\/wp.kristdemokraterna.se\/haninge\/files\/2022\/01\/kd-logo-bla\u2560e.png","datePublished":"2017-11-29T15:48:28+00:00","dateModified":"2025-02-26T12:22:55+00:00","breadcrumb":{"@id":"https:\/\/wp.kristdemokraterna.se\/haninge\/var-partiavdelning\/#breadcrumb"},"inLanguage":"sv-SE","potentialAction":[{"@type":"ReadAction","target":["https:\/\/wp.kristdemokraterna.se\/haninge\/var-partiavdelning\/"]}]},{"@type":"ImageObject","inLanguage":"sv-SE","@id":"https:\/\/wp.kristdemokraterna.se\/haninge\/var-partiavdelning\/#primaryimage","url":"https:\/\/wp.kristdemokraterna.se\/haninge\/files\/2022\/01\/kd-logo-bla\u2560e.png","contentUrl":"https:\/\/wp.kristdemokraterna.se\/haninge\/files\/2022\/01\/kd-logo-bla\u2560e.png","width":2032,"height":2031,"caption":"Kristdemokraterna"},{"@type":"BreadcrumbList","@id":"https:\/\/wp.kristdemokraterna.se\/haninge\/var-partiavdelning\/#breadcrumb","itemListElement":[{"@type":"ListItem","position":1,"name":"Hem","item":"https:\/\/wp.kristdemokraterna.se\/haninge\/"},{"@type":"ListItem","position":2,"name":"V\u00e5r partiavdelning"}]},{"@type":"WebSite","@id":"https:\/\/wp.kristdemokraterna.se\/haninge\/#website","url":"https:\/\/wp.kristdemokraterna.se\/haninge\/","name":"Kristdemokraterna i Haninge |","description":"Det trygga alternativet","publisher":{"@id":"https:\/\/wp.kristdemokraterna.se\/haninge\/#organization"},"inLanguage":"sv-SE"},{"@type":"Organization","@id":"https:\/\/wp.kristdemokraterna.se\/haninge\/#organization","name":"Kristdemokraterna i Haninge","url":"https:\/\/wp.kristdemokraterna.se\/haninge\/","logo":{"@type":"ImageObject","inLanguage":"sv-SE","@id":"https:\/\/wp.kristdemokraterna.se\/haninge\/#\/schema\/logo\/image\/","url":"https:\/\/wp.kristdemokraterna.se\/haninge\/files\/2022\/01\/kd-logo-bla\u2560e.png","contentUrl":"https:\/\/wp.kristdemokraterna.se\/haninge\/files\/2022\/01\/kd-logo-bla\u2560e.png","width":2032,"height":2031,"caption":"Kristdemokraterna i Haninge"},"image":{"@id":"https:\/\/wp.kristdemokraterna.se\/haninge\/#\/schema\/logo\/image\/"}}]}},"_links":{"self":[{"href":"https:\/\/wp.kristdemokraterna.se\/haninge\/wp-json\/wp\/v2\/pages\/269","targetHints":{"allow":["GET"]}}],"collection":[{"href":"https:\/\/wp.kristdemokraterna.se\/haninge\/wp-json\/wp\/v2\/pages"}],"about":[{"href":"https:\/\/wp.kristdemokraterna.se\/haninge\/wp-json\/wp\/v2\/types\/page"}],"author":[{"embeddable":true,"href":"https:\/\/wp.kristdemokraterna.se\/haninge\/wp-json\/wp\/v2\/users\/1000"}],"replies":[{"embeddable":true,"href":"https:\/\/wp.kristdemokraterna.se\/haninge\/wp-json\/wp\/v2\/comments?post=269"}],"version-history":[{"count":28,"href":"https:\/\/wp.kristdemokraterna.se\/haninge\/wp-json\/wp\/v2\/pages\/269\/revisions"}],"predecessor-version":[{"id":1251,"href":"https:\/\/wp.kristdemokraterna.se\/haninge\/wp-json\/wp\/v2\/pages\/269\/revisions\/1251"}],"wp:featuredmedia":[{"embeddable":true,"href":"https:\/\/wp.kristdemokraterna.se\/haninge\/wp-json\/wp\/v2\/media\/880"}],"wp:attachment":[{"href":"https:\/\/wp.kristdemokraterna.se\/haninge\/wp-json\/wp\/v2\/media?parent=269"}],"curies":[{"name":"wp","href":"https:\/\/api.w.org\/{rel}","templated":true}]}}