{"id":342,"date":"2017-11-30T15:21:10","date_gmt":"2017-11-30T14:21:10","guid":{"rendered":"http:\/\/wp.kristdemokraterna.se\/haninge2\/?page_id=342"},"modified":"2022-03-03T09:59:37","modified_gmt":"2022-03-03T08:59:37","slug":"politik-for-haninge","status":"publish","type":"page","link":"https:\/\/wp.kristdemokraterna.se\/haninge\/politik-for-haninge\/","title":{"rendered":"V\u00e5r politik f\u00f6r Haninge"},"content":{"rendered":"<p style=\"text-align: left\">Haninge \u00e4r en attraktiv kommun att leva och bo i. Alla m\u00e4nniskor ska ges f\u00f6ruts\u00e4ttningar till att n\u00e5 sin fulla potential och kunna f\u00f6rverkliga sina dr\u00f6mmar. I Kristdemokraternas Haninge ska vi m\u00f6jligg\u00f6ra att fler f\u00f6retag kan etablera sig och v\u00e5ra kommuninv\u00e5nare ska ha goda m\u00f6jligheter till arbete, bostad och livskvalitet. Barn och unga i Haninge ska k\u00e4nna framtidstro men ocks\u00e5 f\u00f6rberedas f\u00f6r framg\u00e5ngsrika liv. Kristdemokraternas politik f\u00f6r Haninge handlar helt enkelt om att vilja st\u00e4rka familjen, det civila samh\u00e4llet och kommuninv\u00e5narnas egenmakt. Vi \u00e4r\u00a0partiet f\u00f6r personlig frihet och socialt ansvar.<\/p>\n<h3><img loading=\"lazy\" decoding=\"async\" class=\"wp-image-990 alignright\" style=\"font-size: 16px;font-weight: 400\" src=\"http:\/\/wp.kristdemokraterna.se\/haninge\/files\/2022\/02\/bild-skargarden-300x201.png\" alt=\"\" width=\"293\" height=\"196\" srcset=\"https:\/\/wp.kristdemokraterna.se\/haninge\/files\/2022\/02\/bild-skargarden-300x201.png 300w, https:\/\/wp.kristdemokraterna.se\/haninge\/files\/2022\/02\/bild-skargarden-1024x685.png 1024w, https:\/\/wp.kristdemokraterna.se\/haninge\/files\/2022\/02\/bild-skargarden-768x514.png 768w, https:\/\/wp.kristdemokraterna.se\/haninge\/files\/2022\/02\/bild-skargarden-1536x1028.png 1536w, https:\/\/wp.kristdemokraterna.se\/haninge\/files\/2022\/02\/bild-skargarden-299x200.png 299w, https:\/\/wp.kristdemokraterna.se\/haninge\/files\/2022\/02\/bild-skargarden-370x248.png 370w, https:\/\/wp.kristdemokraterna.se\/haninge\/files\/2022\/02\/bild-skargarden-770x515.png 770w, https:\/\/wp.kristdemokraterna.se\/haninge\/files\/2022\/02\/bild-skargarden-450x301.png 450w, https:\/\/wp.kristdemokraterna.se\/haninge\/files\/2022\/02\/bild-skargarden-280x187.png 280w, https:\/\/wp.kristdemokraterna.se\/haninge\/files\/2022\/02\/bild-skargarden-340x228.png 340w, https:\/\/wp.kristdemokraterna.se\/haninge\/files\/2022\/02\/bild-skargarden-200x134.png 200w, https:\/\/wp.kristdemokraterna.se\/haninge\/files\/2022\/02\/bild-skargarden-84x56.png 84w, https:\/\/wp.kristdemokraterna.se\/haninge\/files\/2022\/02\/bild-skargarden.png 1718w\" sizes=\"auto, (max-width: 293px) 100vw, 293px\" \/><\/h3>\n<h3>Haninge kan \u00e4nnu b\u00e4ttre<\/h3>\n<p style=\"text-align: left\">Haninge \u00e4r redan idag en bra kommun att leva och bo i, men det finns ocks\u00e5 utmaningar som vi beh\u00f6ver ta itu med. Vi m\u00e5ste d\u00e4rf\u00f6r gemensamt fr\u00e4mja sunda normer och v\u00e4rderingar och kommunen ska alltid finnas tillhands f\u00f6r den utsatte. Ett gott samh\u00e4lle grundar sig inte bara p\u00e5 materiella tillg\u00e5ngar, utan kr\u00e4ver \u00e4ven inkluderande gemenskaper och v\u00e4rden.<\/p>\n<p style=\"text-align: left\">Haninge ska vara en kommun f\u00f6r alla livets skeenden. Vi ska fr\u00e4mja goda uppv\u00e4xtvillkor och erbjuda en kvalitativ skolg\u00e5ng f\u00f6r Haninges barn och unga. Kommunen ska ocks\u00e5 vara en attraktiv plats att \u00e5ldras i. Valfrihet f\u00f6r den \u00e4ldre och ett gott bem\u00f6tande ska pr\u00e4gla Haninges \u00e4ldreomsorg. V\u00e5ra \u00e4ldre ska ha en v\u00e4rdig \u00e5lderdom och d\u00e4rf\u00f6r har vi som parti g\u00e5tt i br\u00e4schen f\u00f6r \u00e4ldres r\u00e4ttigheter och levnadsvillkor. Du som har byggt upp Sveriges och Haninges v\u00e4lf\u00e4rd f\u00f6rtj\u00e4nar att f\u00e5 det b\u00e4sta.<\/p>\n<h3>Att f\u00f6rst\u00e5 politik och samh\u00e4lle<\/h3>\n<p>Politiken har tydliga begr\u00e4nsningar vilket \u00e4r n\u00e5got som vi kristdemokrater f\u00f6rst\u00e5r. Vi lovar inte allt \u00e5t alla och vi l\u00e5tsas inte som att resurserna \u00e4r o\u00e4ndliga. D\u00e4rf\u00f6r bygger inte heller v\u00e5r politik f\u00f6r Haninge p\u00e5 att man med regleringar och policyers kan tvinga p\u00e5 m\u00e4nniskor sunda normer eller beteenden. Politikens m\u00f6jligheter ligger ist\u00e4llet i att underl\u00e4tta vardagen f\u00f6r kommuninv\u00e5narna. Erbjuda valfriheten att v\u00e4lja var man vill bo p\u00e5 \u00e5lderns h\u00f6st och framf\u00f6r allt att s\u00e4kra tryggheten p\u00e5 gator och torg. Det \u00e4r vad vi kristdemokrater har k\u00e4mpat f\u00f6r ig\u00e5r, idag och kommer g\u00f6ra \u00e4ven imorgon. Det \u00e4r v\u00e5rt l\u00f6fte till dig som kommuninv\u00e5nare.<\/p>\n<p>&nbsp;<\/p>\n<p>Vill du l\u00e4sa mer om v\u00e5r politik f\u00f6r Haninge? <a href=\"http:\/\/wp.kristdemokraterna.se\/haninge\/files\/2022\/02\/kommunpolitisk-program-2022-2026.pdf\">L\u00e4s v\u00e5rt kommunpolitiska program h\u00e4r<\/a><\/p>\n","protected":false},"excerpt":{"rendered":"<p>Haninge \u00e4r en attraktiv kommun att leva och bo i. Alla m\u00e4nniskor ska ges f\u00f6ruts\u00e4ttningar till att n\u00e5 sin fulla potential och kunna f\u00f6rverkliga sina dr\u00f6mmar. I Kristdemokraternas Haninge ska vi m\u00f6jligg\u00f6ra att fler f\u00f6retag kan etablera sig och v\u00e5ra kommuninv\u00e5nare ska ha goda m\u00f6jligheter till arbete, bostad och livskvalitet. Barn och unga i Haninge <a class=\"read-more-link\" href=\"https:\/\/wp.kristdemokraterna.se\/haninge\/politik-for-haninge\/\">L\u00e4s mer<\/a><\/p>\n","protected":false},"author":1000,"featured_media":880,"parent":0,"menu_order":0,"comment_status":"closed","ping_status":"closed","template":"page.php","meta":{"_acf_changed":false,"footnotes":""},"class_list":["post-342","page","type-page","status-publish","hentry"],"acf":[],"yoast_head":"<!-- This site is optimized with the Yoast SEO plugin v27.4 - https:\/\/yoast.com\/product\/yoast-seo-wordpress\/ -->\n<title>V\u00e5r politik f\u00f6r Haninge | Kristdemokraterna i Haninge |<\/title>\n<meta name=\"description\" content=\"Vi lovar inte allt \u00e5t alla. D\u00e4remot vill vi underl\u00e4tta f\u00f6r m\u00e4nniskor att k\u00e4nna framtidstro. L\u00e4s mer om v\u00e5r politik f\u00f6r Haninge h\u00e4r!\" \/>\n<meta name=\"robots\" content=\"index, follow, max-snippet:-1, max-image-preview:large, max-video-preview:-1\" \/>\n<link rel=\"canonical\" href=\"https:\/\/wp.kristdemokraterna.se\/haninge\/politik-for-haninge\/\" \/>\n<meta property=\"og:locale\" content=\"sv_SE\" \/>\n<meta property=\"og:type\" content=\"article\" \/>\n<meta property=\"og:title\" content=\"V\u00e5r politik f\u00f6r Haninge | Kristdemokraterna i Haninge |\" \/>\n<meta property=\"og:description\" content=\"Vi lovar inte allt \u00e5t alla. D\u00e4remot vill vi underl\u00e4tta f\u00f6r m\u00e4nniskor att k\u00e4nna framtidstro. L\u00e4s mer om v\u00e5r politik f\u00f6r Haninge h\u00e4r!\" \/>\n<meta property=\"og:url\" content=\"https:\/\/wp.kristdemokraterna.se\/haninge\/politik-for-haninge\/\" \/>\n<meta property=\"og:site_name\" content=\"Kristdemokraterna i Haninge |\" \/>\n<meta property=\"article:modified_time\" content=\"2022-03-03T08:59:37+00:00\" \/>\n<meta property=\"og:image\" content=\"http:\/\/wp.kristdemokraterna.se\/haninge\/files\/2022\/01\/kd-logo-bla\u2560e.png\" \/>\n\t<meta property=\"og:image:width\" content=\"2032\" \/>\n\t<meta property=\"og:image:height\" content=\"2031\" \/>\n\t<meta property=\"og:image:type\" content=\"image\/png\" \/>\n<meta name=\"twitter:card\" content=\"summary_large_image\" \/>\n<meta name=\"twitter:label1\" content=\"Ber\u00e4knad l\u00e4stid\" \/>\n\t<meta name=\"twitter:data1\" content=\"2 minuter\" \/>\n<script type=\"application\/ld+json\" class=\"yoast-schema-graph\">{\"@context\":\"https:\\\/\\\/schema.org\",\"@graph\":[{\"@type\":\"WebPage\",\"@id\":\"https:\\\/\\\/wp.kristdemokraterna.se\\\/haninge\\\/politik-for-haninge\\\/\",\"url\":\"https:\\\/\\\/wp.kristdemokraterna.se\\\/haninge\\\/politik-for-haninge\\\/\",\"name\":\"V\u00e5r politik f\u00f6r Haninge | Kristdemokraterna i Haninge |\",\"isPartOf\":{\"@id\":\"https:\\\/\\\/wp.kristdemokraterna.se\\\/haninge\\\/#website\"},\"primaryImageOfPage\":{\"@id\":\"https:\\\/\\\/wp.kristdemokraterna.se\\\/haninge\\\/politik-for-haninge\\\/#primaryimage\"},\"image\":{\"@id\":\"https:\\\/\\\/wp.kristdemokraterna.se\\\/haninge\\\/politik-for-haninge\\\/#primaryimage\"},\"thumbnailUrl\":\"https:\\\/\\\/wp.kristdemokraterna.se\\\/haninge\\\/files\\\/2022\\\/01\\\/kd-logo-bla\u2560e.png\",\"datePublished\":\"2017-11-30T14:21:10+00:00\",\"dateModified\":\"2022-03-03T08:59:37+00:00\",\"description\":\"Vi lovar inte allt \u00e5t alla. D\u00e4remot vill vi underl\u00e4tta f\u00f6r m\u00e4nniskor att k\u00e4nna framtidstro. L\u00e4s mer om v\u00e5r politik f\u00f6r Haninge h\u00e4r!\",\"breadcrumb\":{\"@id\":\"https:\\\/\\\/wp.kristdemokraterna.se\\\/haninge\\\/politik-for-haninge\\\/#breadcrumb\"},\"inLanguage\":\"sv-SE\",\"potentialAction\":[{\"@type\":\"ReadAction\",\"target\":[\"https:\\\/\\\/wp.kristdemokraterna.se\\\/haninge\\\/politik-for-haninge\\\/\"]}]},{\"@type\":\"ImageObject\",\"inLanguage\":\"sv-SE\",\"@id\":\"https:\\\/\\\/wp.kristdemokraterna.se\\\/haninge\\\/politik-for-haninge\\\/#primaryimage\",\"url\":\"https:\\\/\\\/wp.kristdemokraterna.se\\\/haninge\\\/files\\\/2022\\\/01\\\/kd-logo-bla\u2560e.png\",\"contentUrl\":\"https:\\\/\\\/wp.kristdemokraterna.se\\\/haninge\\\/files\\\/2022\\\/01\\\/kd-logo-bla\u2560e.png\",\"width\":2032,\"height\":2031,\"caption\":\"Kristdemokraterna\"},{\"@type\":\"BreadcrumbList\",\"@id\":\"https:\\\/\\\/wp.kristdemokraterna.se\\\/haninge\\\/politik-for-haninge\\\/#breadcrumb\",\"itemListElement\":[{\"@type\":\"ListItem\",\"position\":1,\"name\":\"Hem\",\"item\":\"https:\\\/\\\/wp.kristdemokraterna.se\\\/haninge\\\/\"},{\"@type\":\"ListItem\",\"position\":2,\"name\":\"V\u00e5r politik f\u00f6r Haninge\"}]},{\"@type\":\"WebSite\",\"@id\":\"https:\\\/\\\/wp.kristdemokraterna.se\\\/haninge\\\/#website\",\"url\":\"https:\\\/\\\/wp.kristdemokraterna.se\\\/haninge\\\/\",\"name\":\"Kristdemokraterna i Haninge |\",\"description\":\"Det trygga alternativet\",\"publisher\":{\"@id\":\"https:\\\/\\\/wp.kristdemokraterna.se\\\/haninge\\\/#organization\"},\"inLanguage\":\"sv-SE\"},{\"@type\":\"Organization\",\"@id\":\"https:\\\/\\\/wp.kristdemokraterna.se\\\/haninge\\\/#organization\",\"name\":\"Kristdemokraterna i Haninge\",\"url\":\"https:\\\/\\\/wp.kristdemokraterna.se\\\/haninge\\\/\",\"logo\":{\"@type\":\"ImageObject\",\"inLanguage\":\"sv-SE\",\"@id\":\"https:\\\/\\\/wp.kristdemokraterna.se\\\/haninge\\\/#\\\/schema\\\/logo\\\/image\\\/\",\"url\":\"https:\\\/\\\/wp.kristdemokraterna.se\\\/haninge\\\/files\\\/2022\\\/01\\\/kd-logo-bla\u2560e.png\",\"contentUrl\":\"https:\\\/\\\/wp.kristdemokraterna.se\\\/haninge\\\/files\\\/2022\\\/01\\\/kd-logo-bla\u2560e.png\",\"width\":2032,\"height\":2031,\"caption\":\"Kristdemokraterna i Haninge\"},\"image\":{\"@id\":\"https:\\\/\\\/wp.kristdemokraterna.se\\\/haninge\\\/#\\\/schema\\\/logo\\\/image\\\/\"}}]}<\/script>\n<!-- \/ Yoast SEO plugin. -->","yoast_head_json":{"title":"V\u00e5r politik f\u00f6r Haninge | Kristdemokraterna i Haninge |","description":"Vi lovar inte allt \u00e5t alla. D\u00e4remot vill vi underl\u00e4tta f\u00f6r m\u00e4nniskor att k\u00e4nna framtidstro. L\u00e4s mer om v\u00e5r politik f\u00f6r Haninge h\u00e4r!","robots":{"index":"index","follow":"follow","max-snippet":"max-snippet:-1","max-image-preview":"max-image-preview:large","max-video-preview":"max-video-preview:-1"},"canonical":"https:\/\/wp.kristdemokraterna.se\/haninge\/politik-for-haninge\/","og_locale":"sv_SE","og_type":"article","og_title":"V\u00e5r politik f\u00f6r Haninge | Kristdemokraterna i Haninge |","og_description":"Vi lovar inte allt \u00e5t alla. D\u00e4remot vill vi underl\u00e4tta f\u00f6r m\u00e4nniskor att k\u00e4nna framtidstro. L\u00e4s mer om v\u00e5r politik f\u00f6r Haninge h\u00e4r!","og_url":"https:\/\/wp.kristdemokraterna.se\/haninge\/politik-for-haninge\/","og_site_name":"Kristdemokraterna i Haninge |","article_modified_time":"2022-03-03T08:59:37+00:00","og_image":[{"width":2032,"height":2031,"url":"http:\/\/wp.kristdemokraterna.se\/haninge\/files\/2022\/01\/kd-logo-bla\u2560e.png","type":"image\/png"}],"twitter_card":"summary_large_image","twitter_misc":{"Ber\u00e4knad l\u00e4stid":"2 minuter"},"schema":{"@context":"https:\/\/schema.org","@graph":[{"@type":"WebPage","@id":"https:\/\/wp.kristdemokraterna.se\/haninge\/politik-for-haninge\/","url":"https:\/\/wp.kristdemokraterna.se\/haninge\/politik-for-haninge\/","name":"V\u00e5r politik f\u00f6r Haninge | Kristdemokraterna i Haninge |","isPartOf":{"@id":"https:\/\/wp.kristdemokraterna.se\/haninge\/#website"},"primaryImageOfPage":{"@id":"https:\/\/wp.kristdemokraterna.se\/haninge\/politik-for-haninge\/#primaryimage"},"image":{"@id":"https:\/\/wp.kristdemokraterna.se\/haninge\/politik-for-haninge\/#primaryimage"},"thumbnailUrl":"https:\/\/wp.kristdemokraterna.se\/haninge\/files\/2022\/01\/kd-logo-bla\u2560e.png","datePublished":"2017-11-30T14:21:10+00:00","dateModified":"2022-03-03T08:59:37+00:00","description":"Vi lovar inte allt \u00e5t alla. D\u00e4remot vill vi underl\u00e4tta f\u00f6r m\u00e4nniskor att k\u00e4nna framtidstro. L\u00e4s mer om v\u00e5r politik f\u00f6r Haninge h\u00e4r!","breadcrumb":{"@id":"https:\/\/wp.kristdemokraterna.se\/haninge\/politik-for-haninge\/#breadcrumb"},"inLanguage":"sv-SE","potentialAction":[{"@type":"ReadAction","target":["https:\/\/wp.kristdemokraterna.se\/haninge\/politik-for-haninge\/"]}]},{"@type":"ImageObject","inLanguage":"sv-SE","@id":"https:\/\/wp.kristdemokraterna.se\/haninge\/politik-for-haninge\/#primaryimage","url":"https:\/\/wp.kristdemokraterna.se\/haninge\/files\/2022\/01\/kd-logo-bla\u2560e.png","contentUrl":"https:\/\/wp.kristdemokraterna.se\/haninge\/files\/2022\/01\/kd-logo-bla\u2560e.png","width":2032,"height":2031,"caption":"Kristdemokraterna"},{"@type":"BreadcrumbList","@id":"https:\/\/wp.kristdemokraterna.se\/haninge\/politik-for-haninge\/#breadcrumb","itemListElement":[{"@type":"ListItem","position":1,"name":"Hem","item":"https:\/\/wp.kristdemokraterna.se\/haninge\/"},{"@type":"ListItem","position":2,"name":"V\u00e5r politik f\u00f6r Haninge"}]},{"@type":"WebSite","@id":"https:\/\/wp.kristdemokraterna.se\/haninge\/#website","url":"https:\/\/wp.kristdemokraterna.se\/haninge\/","name":"Kristdemokraterna i Haninge |","description":"Det trygga alternativet","publisher":{"@id":"https:\/\/wp.kristdemokraterna.se\/haninge\/#organization"},"inLanguage":"sv-SE"},{"@type":"Organization","@id":"https:\/\/wp.kristdemokraterna.se\/haninge\/#organization","name":"Kristdemokraterna i Haninge","url":"https:\/\/wp.kristdemokraterna.se\/haninge\/","logo":{"@type":"ImageObject","inLanguage":"sv-SE","@id":"https:\/\/wp.kristdemokraterna.se\/haninge\/#\/schema\/logo\/image\/","url":"https:\/\/wp.kristdemokraterna.se\/haninge\/files\/2022\/01\/kd-logo-bla\u2560e.png","contentUrl":"https:\/\/wp.kristdemokraterna.se\/haninge\/files\/2022\/01\/kd-logo-bla\u2560e.png","width":2032,"height":2031,"caption":"Kristdemokraterna i Haninge"},"image":{"@id":"https:\/\/wp.kristdemokraterna.se\/haninge\/#\/schema\/logo\/image\/"}}]}},"_links":{"self":[{"href":"https:\/\/wp.kristdemokraterna.se\/haninge\/wp-json\/wp\/v2\/pages\/342","targetHints":{"allow":["GET"]}}],"collection":[{"href":"https:\/\/wp.kristdemokraterna.se\/haninge\/wp-json\/wp\/v2\/pages"}],"about":[{"href":"https:\/\/wp.kristdemokraterna.se\/haninge\/wp-json\/wp\/v2\/types\/page"}],"author":[{"embeddable":true,"href":"https:\/\/wp.kristdemokraterna.se\/haninge\/wp-json\/wp\/v2\/users\/1000"}],"replies":[{"embeddable":true,"href":"https:\/\/wp.kristdemokraterna.se\/haninge\/wp-json\/wp\/v2\/comments?post=342"}],"version-history":[{"count":12,"href":"https:\/\/wp.kristdemokraterna.se\/haninge\/wp-json\/wp\/v2\/pages\/342\/revisions"}],"predecessor-version":[{"id":1067,"href":"https:\/\/wp.kristdemokraterna.se\/haninge\/wp-json\/wp\/v2\/pages\/342\/revisions\/1067"}],"wp:featuredmedia":[{"embeddable":true,"href":"https:\/\/wp.kristdemokraterna.se\/haninge\/wp-json\/wp\/v2\/media\/880"}],"wp:attachment":[{"href":"https:\/\/wp.kristdemokraterna.se\/haninge\/wp-json\/wp\/v2\/media?parent=342"}],"curies":[{"name":"wp","href":"https:\/\/api.w.org\/{rel}","templated":true}]}}