{"id":412,"date":"2022-03-01T16:38:21","date_gmt":"2022-03-01T15:38:21","guid":{"rendered":"http:\/\/wp.kristdemokraterna.se\/haninge2\/?page_id=412"},"modified":"2026-02-25T14:27:29","modified_gmt":"2026-02-25T13:27:29","slug":"en-ansvarsfull-ekonomi","status":"publish","type":"page","link":"https:\/\/wp.kristdemokraterna.se\/haninge\/politik-for-haninge\/en-ansvarsfull-ekonomi\/","title":{"rendered":"En ansvarsfull ekonomi"},"content":{"rendered":"<p>Kristdemokraterna vill f\u00f6rena l\u00e5g skatt med stark v\u00e4lf\u00e4rd. Ett v\u00e4lm\u00e5ende n\u00e4ringsliv och fler m\u00e4nniskor i arbete skapar de skatteint\u00e4kter som finansierar skola, \u00e4ldreomsorg och social trygghet. Men det kr\u00e4vs ocks\u00e5 en effektiv och ansvarsfull kommunal ekonomi.<\/p>\n<p>Haninge v\u00e4xer snabbt och st\u00e5r inf\u00f6r stora investeringar i bost\u00e4der, skolor, \u00e4ldreomsorg och infrastruktur. Samtidigt blir befolkningen \u00e4ldre, vilket st\u00e4ller \u00f6kade krav p\u00e5 kommunens resurser. D\u00e4rf\u00f6r m\u00e5ste vi prioritera r\u00e4tt och anv\u00e4nda varje skattekrona klokt.<\/p>\n<p>Vissa talar ibland om vinster i v\u00e4lf\u00e4rden \u2013 vi vill hellre peka p\u00e5 alla de f\u00f6rluster som finns i v\u00e4lf\u00e4rden i Haninge. Genom ineffektiva system, byr\u00e5krati och en f\u00f6rlegad myndighetskultur riskerar vi att se skattepengar rinna iv\u00e4g i stora svarta h\u00e5l. Ekonomin utmanas ocks\u00e5 n\u00e4r vi f\u00e5r f\u00f6r stora grupper som inte \u00e4r sj\u00e4lvf\u00f6rs\u00f6rjande. Detta i kombination med allt h\u00f6gre f\u00f6rv\u00e4ntningar p\u00e5 kommunens \u00e5taganden g\u00f6r att vi m\u00e5ste fundera p\u00e5 vad det offentliga egentligen ska g\u00f6ra och inte g\u00f6ra. Den kommunala k\u00e4rnverksamheten kommer s\u00e5ledes beh\u00f6va prioriteras h\u00e5rdare framf\u00f6r kommunala skrytbyggen. D\u00e4rf\u00f6r kr\u00e4vs det en ansvarsfull ekonomi.<\/p>\n<p style=\"text-align: center\"><img loading=\"lazy\" decoding=\"async\" class=\"aligncenter wp-image-991\" src=\"http:\/\/wp.kristdemokraterna.se\/haninge\/files\/2022\/02\/ekonomi.jpg\" alt=\"En ansvarsfull ekonomi\" width=\"485\" height=\"324\" srcset=\"https:\/\/wp.kristdemokraterna.se\/haninge\/files\/2022\/02\/ekonomi.jpg 870w, https:\/\/wp.kristdemokraterna.se\/haninge\/files\/2022\/02\/ekonomi-300x200.jpg 300w, https:\/\/wp.kristdemokraterna.se\/haninge\/files\/2022\/02\/ekonomi-768x513.jpg 768w, https:\/\/wp.kristdemokraterna.se\/haninge\/files\/2022\/02\/ekonomi-299x200.jpg 299w, https:\/\/wp.kristdemokraterna.se\/haninge\/files\/2022\/02\/ekonomi-370x247.jpg 370w, https:\/\/wp.kristdemokraterna.se\/haninge\/files\/2022\/02\/ekonomi-770x514.jpg 770w, https:\/\/wp.kristdemokraterna.se\/haninge\/files\/2022\/02\/ekonomi-450x301.jpg 450w, https:\/\/wp.kristdemokraterna.se\/haninge\/files\/2022\/02\/ekonomi-280x187.jpg 280w, https:\/\/wp.kristdemokraterna.se\/haninge\/files\/2022\/02\/ekonomi-340x227.jpg 340w, https:\/\/wp.kristdemokraterna.se\/haninge\/files\/2022\/02\/ekonomi-200x134.jpg 200w, https:\/\/wp.kristdemokraterna.se\/haninge\/files\/2022\/02\/ekonomi-84x56.jpg 84w\" sizes=\"auto, (max-width: 485px) 100vw, 485px\" \/><\/p>\n<p>F\u00f6r oss \u00e4r inriktningen tydlig: k\u00e4rnverksamheten ska alltid prioriteras. Utbildning, \u00e4ldreomsorg, socialt st\u00f6d och grundl\u00e4ggande infrastruktur \u00e4r kommunens huvuduppgifter. Byr\u00e5krati och on\u00f6diga kostnader ska minska, s\u00e5 att mer resurser n\u00e5r verksamheterna som inv\u00e5narna \u00e4r beroende av i vardagen.<\/p>\n<p>Vi ska aldrig ta ut mer skatt \u00e4n n\u00f6dv\u00e4ndigt. En h\u00e5llbar ekonomi, ordning och reda i finanserna samt tydliga prioriteringar \u00e4r grunden f\u00f6r ett tryggt och v\u00e4xande Haninge.<\/p>\n<h3><strong>Kristdemokraterna i Haninge vill:<\/strong><\/h3>\n<ul>\n<li><strong>Ta ansvar f\u00f6r ekonomin:<\/strong> Kommunen ska bedriva en l\u00e5ngsiktigt h\u00e5llbar ekonomi och h\u00e5lla tillbaka kostnads\u00f6kningar.<\/li>\n<li><strong>H\u00e5lla skatten l\u00e5g:<\/strong> Skattesatsen ska vara s\u00e5 l\u00e5g som m\u00f6jligt utan att tumma p\u00e5 kvaliteten i k\u00e4rnverksamheten.<\/li>\n<li><strong>Se \u00f6ver lokalkostnaderna:<\/strong> En \u00f6versyn ska g\u00f6ras f\u00f6r att s\u00e4kerst\u00e4lla att lokalkostnader inte urholkar ekonomin.<\/li>\n<li><strong>Prioritera r\u00e4tt uppdrag:<\/strong> Kommunen ska inte \u00f6verta f\u00f6retags och f\u00f6reningars ansvar utan fokusera p\u00e5 sina k\u00e4rnuppgifter.<\/li>\n<li><strong>S\u00e4kerst\u00e4lla effektiv drift:<\/strong> Kommunens verksamheter ska drivas av den akt\u00f6r som ger b\u00e4st resultat f\u00f6r skattemedlen, samtidigt som viss verksamhet b\u00f6r beh\u00e5llas i egen regi f\u00f6r att s\u00e4kra kompetens och beredskap.<\/li>\n<\/ul>\n<p>Vill du l\u00e4sa mer om v\u00e5r politik f\u00f6r Haninge? <a href=\"http:\/\/wp.kristdemokraterna.se\/haninge\/files\/2022\/02\/kommunpolitisk-program-2022-2026.pdf\">L\u00e4s v\u00e5rt kommunpolitiska program h\u00e4r.<\/a><\/p>\n","protected":false},"excerpt":{"rendered":"<p>Kristdemokraterna vill f\u00f6rena l\u00e5g skatt med stark v\u00e4lf\u00e4rd. Ett v\u00e4lm\u00e5ende n\u00e4ringsliv och fler m\u00e4nniskor i arbete skapar de skatteint\u00e4kter som finansierar skola, \u00e4ldreomsorg och social trygghet. Men det kr\u00e4vs ocks\u00e5 en effektiv och ansvarsfull kommunal ekonomi. Haninge v\u00e4xer snabbt och st\u00e5r inf\u00f6r stora investeringar i bost\u00e4der, skolor, \u00e4ldreomsorg och infrastruktur. Samtidigt blir befolkningen \u00e4ldre, vilket <a class=\"read-more-link\" href=\"https:\/\/wp.kristdemokraterna.se\/haninge\/politik-for-haninge\/en-ansvarsfull-ekonomi\/\">L\u00e4s mer<\/a><\/p>\n","protected":false},"author":1000,"featured_media":880,"parent":342,"menu_order":2,"comment_status":"closed","ping_status":"closed","template":"","meta":{"_acf_changed":false,"footnotes":""},"class_list":["post-412","page","type-page","status-publish","hentry"],"acf":[],"yoast_head":"<!-- This site is optimized with the Yoast SEO plugin v27.5 - https:\/\/yoast.com\/product\/yoast-seo-wordpress\/ -->\n<title>En ansvarsfull ekonomi &#8211; Kristdemokraterna i Haninge |<\/title>\n<meta name=\"description\" content=\"Kommunen m\u00e5ste ha en ansvarsfull ekonomi f\u00f6r att kunna bedriva god k\u00e4rnverksamhet idag samtidigt som vi satsar p\u00e5 framtidens v\u00e4lf\u00e4rd.\" \/>\n<meta name=\"robots\" content=\"index, follow, max-snippet:-1, max-image-preview:large, max-video-preview:-1\" \/>\n<link rel=\"canonical\" href=\"https:\/\/wp.kristdemokraterna.se\/haninge\/politik-for-haninge\/en-ansvarsfull-ekonomi\/\" \/>\n<meta property=\"og:locale\" content=\"sv_SE\" \/>\n<meta property=\"og:type\" content=\"article\" \/>\n<meta property=\"og:title\" content=\"En ansvarsfull ekonomi &#8211; Kristdemokraterna i Haninge |\" \/>\n<meta property=\"og:description\" content=\"Kommunen m\u00e5ste ha en ansvarsfull ekonomi f\u00f6r att kunna bedriva god k\u00e4rnverksamhet idag samtidigt som vi satsar p\u00e5 framtidens v\u00e4lf\u00e4rd.\" \/>\n<meta property=\"og:url\" content=\"https:\/\/wp.kristdemokraterna.se\/haninge\/politik-for-haninge\/en-ansvarsfull-ekonomi\/\" \/>\n<meta property=\"og:site_name\" content=\"Kristdemokraterna i Haninge |\" \/>\n<meta property=\"article:modified_time\" content=\"2026-02-25T13:27:29+00:00\" \/>\n<meta property=\"og:image\" content=\"https:\/\/wp.kristdemokraterna.se\/haninge\/files\/2022\/02\/ekonomi.jpg\" \/>\n\t<meta property=\"og:image:width\" content=\"870\" \/>\n\t<meta property=\"og:image:height\" content=\"581\" \/>\n\t<meta property=\"og:image:type\" content=\"image\/jpeg\" \/>\n<meta name=\"twitter:card\" content=\"summary_large_image\" \/>\n<meta name=\"twitter:label1\" content=\"Ber\u00e4knad l\u00e4stid\" \/>\n\t<meta name=\"twitter:data1\" content=\"2 minuter\" \/>\n<script type=\"application\/ld+json\" class=\"yoast-schema-graph\">{\"@context\":\"https:\\\/\\\/schema.org\",\"@graph\":[{\"@type\":\"WebPage\",\"@id\":\"https:\\\/\\\/wp.kristdemokraterna.se\\\/haninge\\\/politik-for-haninge\\\/en-ansvarsfull-ekonomi\\\/\",\"url\":\"https:\\\/\\\/wp.kristdemokraterna.se\\\/haninge\\\/politik-for-haninge\\\/en-ansvarsfull-ekonomi\\\/\",\"name\":\"En ansvarsfull ekonomi &#8211; Kristdemokraterna i Haninge |\",\"isPartOf\":{\"@id\":\"https:\\\/\\\/wp.kristdemokraterna.se\\\/haninge\\\/#website\"},\"primaryImageOfPage\":{\"@id\":\"https:\\\/\\\/wp.kristdemokraterna.se\\\/haninge\\\/politik-for-haninge\\\/en-ansvarsfull-ekonomi\\\/#primaryimage\"},\"image\":{\"@id\":\"https:\\\/\\\/wp.kristdemokraterna.se\\\/haninge\\\/politik-for-haninge\\\/en-ansvarsfull-ekonomi\\\/#primaryimage\"},\"thumbnailUrl\":\"https:\\\/\\\/wp.kristdemokraterna.se\\\/haninge\\\/files\\\/2022\\\/01\\\/kd-logo-bla\u2560e.png\",\"datePublished\":\"2022-03-01T15:38:21+00:00\",\"dateModified\":\"2026-02-25T13:27:29+00:00\",\"description\":\"Kommunen m\u00e5ste ha en ansvarsfull ekonomi f\u00f6r att kunna bedriva god k\u00e4rnverksamhet idag samtidigt som vi satsar p\u00e5 framtidens v\u00e4lf\u00e4rd.\",\"breadcrumb\":{\"@id\":\"https:\\\/\\\/wp.kristdemokraterna.se\\\/haninge\\\/politik-for-haninge\\\/en-ansvarsfull-ekonomi\\\/#breadcrumb\"},\"inLanguage\":\"sv-SE\",\"potentialAction\":[{\"@type\":\"ReadAction\",\"target\":[\"https:\\\/\\\/wp.kristdemokraterna.se\\\/haninge\\\/politik-for-haninge\\\/en-ansvarsfull-ekonomi\\\/\"]}]},{\"@type\":\"ImageObject\",\"inLanguage\":\"sv-SE\",\"@id\":\"https:\\\/\\\/wp.kristdemokraterna.se\\\/haninge\\\/politik-for-haninge\\\/en-ansvarsfull-ekonomi\\\/#primaryimage\",\"url\":\"https:\\\/\\\/wp.kristdemokraterna.se\\\/haninge\\\/files\\\/2022\\\/01\\\/kd-logo-bla\u2560e.png\",\"contentUrl\":\"https:\\\/\\\/wp.kristdemokraterna.se\\\/haninge\\\/files\\\/2022\\\/01\\\/kd-logo-bla\u2560e.png\",\"width\":2032,\"height\":2031,\"caption\":\"Kristdemokraterna\"},{\"@type\":\"BreadcrumbList\",\"@id\":\"https:\\\/\\\/wp.kristdemokraterna.se\\\/haninge\\\/politik-for-haninge\\\/en-ansvarsfull-ekonomi\\\/#breadcrumb\",\"itemListElement\":[{\"@type\":\"ListItem\",\"position\":1,\"name\":\"Hem\",\"item\":\"https:\\\/\\\/wp.kristdemokraterna.se\\\/haninge\\\/\"},{\"@type\":\"ListItem\",\"position\":2,\"name\":\"V\u00e5r politik f\u00f6r Haninge\",\"item\":\"https:\\\/\\\/wp.kristdemokraterna.se\\\/haninge\\\/politik-for-haninge\\\/\"},{\"@type\":\"ListItem\",\"position\":3,\"name\":\"En ansvarsfull ekonomi\"}]},{\"@type\":\"WebSite\",\"@id\":\"https:\\\/\\\/wp.kristdemokraterna.se\\\/haninge\\\/#website\",\"url\":\"https:\\\/\\\/wp.kristdemokraterna.se\\\/haninge\\\/\",\"name\":\"Kristdemokraterna i Haninge |\",\"description\":\"Det trygga alternativet\",\"publisher\":{\"@id\":\"https:\\\/\\\/wp.kristdemokraterna.se\\\/haninge\\\/#organization\"},\"inLanguage\":\"sv-SE\"},{\"@type\":\"Organization\",\"@id\":\"https:\\\/\\\/wp.kristdemokraterna.se\\\/haninge\\\/#organization\",\"name\":\"Kristdemokraterna i Haninge\",\"url\":\"https:\\\/\\\/wp.kristdemokraterna.se\\\/haninge\\\/\",\"logo\":{\"@type\":\"ImageObject\",\"inLanguage\":\"sv-SE\",\"@id\":\"https:\\\/\\\/wp.kristdemokraterna.se\\\/haninge\\\/#\\\/schema\\\/logo\\\/image\\\/\",\"url\":\"https:\\\/\\\/wp.kristdemokraterna.se\\\/haninge\\\/files\\\/2022\\\/01\\\/kd-logo-bla\u2560e.png\",\"contentUrl\":\"https:\\\/\\\/wp.kristdemokraterna.se\\\/haninge\\\/files\\\/2022\\\/01\\\/kd-logo-bla\u2560e.png\",\"width\":2032,\"height\":2031,\"caption\":\"Kristdemokraterna i Haninge\"},\"image\":{\"@id\":\"https:\\\/\\\/wp.kristdemokraterna.se\\\/haninge\\\/#\\\/schema\\\/logo\\\/image\\\/\"}}]}<\/script>\n<!-- \/ Yoast SEO plugin. -->","yoast_head_json":{"title":"En ansvarsfull ekonomi &#8211; Kristdemokraterna i Haninge |","description":"Kommunen m\u00e5ste ha en ansvarsfull ekonomi f\u00f6r att kunna bedriva god k\u00e4rnverksamhet idag samtidigt som vi satsar p\u00e5 framtidens v\u00e4lf\u00e4rd.","robots":{"index":"index","follow":"follow","max-snippet":"max-snippet:-1","max-image-preview":"max-image-preview:large","max-video-preview":"max-video-preview:-1"},"canonical":"https:\/\/wp.kristdemokraterna.se\/haninge\/politik-for-haninge\/en-ansvarsfull-ekonomi\/","og_locale":"sv_SE","og_type":"article","og_title":"En ansvarsfull ekonomi &#8211; Kristdemokraterna i Haninge |","og_description":"Kommunen m\u00e5ste ha en ansvarsfull ekonomi f\u00f6r att kunna bedriva god k\u00e4rnverksamhet idag samtidigt som vi satsar p\u00e5 framtidens v\u00e4lf\u00e4rd.","og_url":"https:\/\/wp.kristdemokraterna.se\/haninge\/politik-for-haninge\/en-ansvarsfull-ekonomi\/","og_site_name":"Kristdemokraterna i Haninge |","article_modified_time":"2026-02-25T13:27:29+00:00","og_image":[{"width":870,"height":581,"url":"https:\/\/wp.kristdemokraterna.se\/haninge\/files\/2022\/02\/ekonomi.jpg","type":"image\/jpeg"}],"twitter_card":"summary_large_image","twitter_misc":{"Ber\u00e4knad l\u00e4stid":"2 minuter"},"schema":{"@context":"https:\/\/schema.org","@graph":[{"@type":"WebPage","@id":"https:\/\/wp.kristdemokraterna.se\/haninge\/politik-for-haninge\/en-ansvarsfull-ekonomi\/","url":"https:\/\/wp.kristdemokraterna.se\/haninge\/politik-for-haninge\/en-ansvarsfull-ekonomi\/","name":"En ansvarsfull ekonomi &#8211; Kristdemokraterna i Haninge |","isPartOf":{"@id":"https:\/\/wp.kristdemokraterna.se\/haninge\/#website"},"primaryImageOfPage":{"@id":"https:\/\/wp.kristdemokraterna.se\/haninge\/politik-for-haninge\/en-ansvarsfull-ekonomi\/#primaryimage"},"image":{"@id":"https:\/\/wp.kristdemokraterna.se\/haninge\/politik-for-haninge\/en-ansvarsfull-ekonomi\/#primaryimage"},"thumbnailUrl":"https:\/\/wp.kristdemokraterna.se\/haninge\/files\/2022\/01\/kd-logo-bla\u2560e.png","datePublished":"2022-03-01T15:38:21+00:00","dateModified":"2026-02-25T13:27:29+00:00","description":"Kommunen m\u00e5ste ha en ansvarsfull ekonomi f\u00f6r att kunna bedriva god k\u00e4rnverksamhet idag samtidigt som vi satsar p\u00e5 framtidens v\u00e4lf\u00e4rd.","breadcrumb":{"@id":"https:\/\/wp.kristdemokraterna.se\/haninge\/politik-for-haninge\/en-ansvarsfull-ekonomi\/#breadcrumb"},"inLanguage":"sv-SE","potentialAction":[{"@type":"ReadAction","target":["https:\/\/wp.kristdemokraterna.se\/haninge\/politik-for-haninge\/en-ansvarsfull-ekonomi\/"]}]},{"@type":"ImageObject","inLanguage":"sv-SE","@id":"https:\/\/wp.kristdemokraterna.se\/haninge\/politik-for-haninge\/en-ansvarsfull-ekonomi\/#primaryimage","url":"https:\/\/wp.kristdemokraterna.se\/haninge\/files\/2022\/01\/kd-logo-bla\u2560e.png","contentUrl":"https:\/\/wp.kristdemokraterna.se\/haninge\/files\/2022\/01\/kd-logo-bla\u2560e.png","width":2032,"height":2031,"caption":"Kristdemokraterna"},{"@type":"BreadcrumbList","@id":"https:\/\/wp.kristdemokraterna.se\/haninge\/politik-for-haninge\/en-ansvarsfull-ekonomi\/#breadcrumb","itemListElement":[{"@type":"ListItem","position":1,"name":"Hem","item":"https:\/\/wp.kristdemokraterna.se\/haninge\/"},{"@type":"ListItem","position":2,"name":"V\u00e5r politik f\u00f6r Haninge","item":"https:\/\/wp.kristdemokraterna.se\/haninge\/politik-for-haninge\/"},{"@type":"ListItem","position":3,"name":"En ansvarsfull ekonomi"}]},{"@type":"WebSite","@id":"https:\/\/wp.kristdemokraterna.se\/haninge\/#website","url":"https:\/\/wp.kristdemokraterna.se\/haninge\/","name":"Kristdemokraterna i Haninge |","description":"Det trygga alternativet","publisher":{"@id":"https:\/\/wp.kristdemokraterna.se\/haninge\/#organization"},"inLanguage":"sv-SE"},{"@type":"Organization","@id":"https:\/\/wp.kristdemokraterna.se\/haninge\/#organization","name":"Kristdemokraterna i Haninge","url":"https:\/\/wp.kristdemokraterna.se\/haninge\/","logo":{"@type":"ImageObject","inLanguage":"sv-SE","@id":"https:\/\/wp.kristdemokraterna.se\/haninge\/#\/schema\/logo\/image\/","url":"https:\/\/wp.kristdemokraterna.se\/haninge\/files\/2022\/01\/kd-logo-bla\u2560e.png","contentUrl":"https:\/\/wp.kristdemokraterna.se\/haninge\/files\/2022\/01\/kd-logo-bla\u2560e.png","width":2032,"height":2031,"caption":"Kristdemokraterna i Haninge"},"image":{"@id":"https:\/\/wp.kristdemokraterna.se\/haninge\/#\/schema\/logo\/image\/"}}]}},"_links":{"self":[{"href":"https:\/\/wp.kristdemokraterna.se\/haninge\/wp-json\/wp\/v2\/pages\/412","targetHints":{"allow":["GET"]}}],"collection":[{"href":"https:\/\/wp.kristdemokraterna.se\/haninge\/wp-json\/wp\/v2\/pages"}],"about":[{"href":"https:\/\/wp.kristdemokraterna.se\/haninge\/wp-json\/wp\/v2\/types\/page"}],"author":[{"embeddable":true,"href":"https:\/\/wp.kristdemokraterna.se\/haninge\/wp-json\/wp\/v2\/users\/1000"}],"replies":[{"embeddable":true,"href":"https:\/\/wp.kristdemokraterna.se\/haninge\/wp-json\/wp\/v2\/comments?post=412"}],"version-history":[{"count":12,"href":"https:\/\/wp.kristdemokraterna.se\/haninge\/wp-json\/wp\/v2\/pages\/412\/revisions"}],"predecessor-version":[{"id":1315,"href":"https:\/\/wp.kristdemokraterna.se\/haninge\/wp-json\/wp\/v2\/pages\/412\/revisions\/1315"}],"up":[{"embeddable":true,"href":"https:\/\/wp.kristdemokraterna.se\/haninge\/wp-json\/wp\/v2\/pages\/342"}],"wp:featuredmedia":[{"embeddable":true,"href":"https:\/\/wp.kristdemokraterna.se\/haninge\/wp-json\/wp\/v2\/media\/880"}],"wp:attachment":[{"href":"https:\/\/wp.kristdemokraterna.se\/haninge\/wp-json\/wp\/v2\/media?parent=412"}],"curies":[{"name":"wp","href":"https:\/\/api.w.org\/{rel}","templated":true}]}}