{"id":901,"date":"2022-03-01T17:19:36","date_gmt":"2022-03-01T16:19:36","guid":{"rendered":"https:\/\/wp.kristdemokraterna.se\/haninge\/?page_id=901"},"modified":"2026-02-25T15:08:46","modified_gmt":"2026-02-25T14:08:46","slug":"fria-och-trygga-familjer","status":"publish","type":"page","link":"https:\/\/wp.kristdemokraterna.se\/haninge\/politik-for-haninge\/fria-och-trygga-familjer\/","title":{"rendered":"Fria och trygga familjer"},"content":{"rendered":"<p>Kristdemokraterna s\u00e4tter familjen i centrum. Familjen \u00e4r samh\u00e4llets mest grundl\u00e4ggande gemenskap \u2013 en plats d\u00e4r barn f\u00e5r k\u00e4rlek, trygghet och v\u00e4gledning. Det \u00e4r d\u00e4r v\u00e4rderingar formas och ansvar l\u00e4rs. Ett samh\u00e4lle som h\u00e5ller ihop b\u00f6rjar i trygga familjer. Ingen familj \u00e4r den andra lik. V\u00e5r utg\u00e5ngspunkt \u00e4r d\u00e4rf\u00f6r att familjer och andra n\u00e4ra gemenskaper sj\u00e4lva s\u00e5 l\u00e5ngt som m\u00f6jligt ska ha makten att utforma den egna vardagen. V\u00e5r uppgift \u00e4r att ge st\u00f6d i detta utan att leverera byr\u00e5kratiska ovanifr\u00e5n-l\u00f6sningar.<\/p>\n<p>Ingen familj \u00e4r den andra lik. V\u00e5r utg\u00e5ngspunkt \u00e4r att familjer sj\u00e4lva ska ha makten att forma sin vardag. Politikens uppgift \u00e4r att st\u00f6tta \u2013 inte styra. D\u00e4rf\u00f6r vill vi st\u00e4rka de verksamheter som ger st\u00f6d tidigt: \u00f6ppna f\u00f6rskolan, familjecentraler och f\u00f6r\u00e4ldrar\u00e5dgivning. Dessa \u00e4r viktiga m\u00f6tesplatser som motverkar ensamhet, st\u00e4rker integrationen och ger f\u00f6r\u00e4ldrar st\u00f6d i sin roll. Fria och trygga familjer l\u00e4gger grunden f\u00f6r ett trevligare samh\u00e4lle att leva i. D\u00e4rf\u00f6r har Kristdemokraterna p\u00e5 b\u00e5de lokal och <a href=\"https:\/\/kristdemokraterna.se\/familj\/\">nationell niv\u00e5<\/a> alltid pratat om vikten av v\u00e4lm\u00e5ende familjer.<\/p>\n<p>Familjen spelar en avg\u00f6rande roll i att f\u00f6rebygga psykisk oh\u00e4lsa, utanf\u00f6rskap och kriminalitet. Sociala insatser ska d\u00e4rf\u00f6r ha en familjecentrerad utg\u00e5ngspunkt. Barnets b\u00e4sta ska alltid st\u00e5 i centrum. Den som uts\u00e4tter sin familj f\u00f6r v\u00e5ld ska inte kunna bo kvar i hemmet \u2013 det ska den utsatta.<\/p>\n<p>Vi vill ocks\u00e5 st\u00e4rka f\u00f6r\u00e4ldrars m\u00f6jligheter att vara n\u00e4rvarande under barnens f\u00f6rsta \u00e5r och v\u00e4rna anh\u00f6riga som tar stort ansvar f\u00f6r n\u00e4rst\u00e5ende. Med fria och trygga familjer kan Haninge ha en l\u00e5ngsiktigt positiv utveckling som spiller \u00f6ver p\u00e5 de flesta andra omr\u00e5den; det bidrar till b\u00e4ttre studiero i skolan, mindre kriminalitet i samh\u00e4llet men ocks\u00e5 en b\u00e4ttre mellanm\u00e4nsklig respekt och h\u00e4nsyn.<\/p>\n<p style=\"text-align: center\"><img loading=\"lazy\" decoding=\"async\" class=\"aligncenter wp-image-992\" src=\"http:\/\/wp.kristdemokraterna.se\/haninge\/files\/2022\/02\/familjebild-1024x673.png\" alt=\"fria och trygga familjer\" width=\"548\" height=\"360\" srcset=\"https:\/\/wp.kristdemokraterna.se\/haninge\/files\/2022\/02\/familjebild-1024x673.png 1024w, https:\/\/wp.kristdemokraterna.se\/haninge\/files\/2022\/02\/familjebild-300x197.png 300w, https:\/\/wp.kristdemokraterna.se\/haninge\/files\/2022\/02\/familjebild-768x505.png 768w, https:\/\/wp.kristdemokraterna.se\/haninge\/files\/2022\/02\/familjebild-1536x1009.png 1536w, https:\/\/wp.kristdemokraterna.se\/haninge\/files\/2022\/02\/familjebild-304x200.png 304w, https:\/\/wp.kristdemokraterna.se\/haninge\/files\/2022\/02\/familjebild-370x243.png 370w, https:\/\/wp.kristdemokraterna.se\/haninge\/files\/2022\/02\/familjebild-770x506.png 770w, https:\/\/wp.kristdemokraterna.se\/haninge\/files\/2022\/02\/familjebild-450x296.png 450w, https:\/\/wp.kristdemokraterna.se\/haninge\/files\/2022\/02\/familjebild-280x184.png 280w, https:\/\/wp.kristdemokraterna.se\/haninge\/files\/2022\/02\/familjebild-340x223.png 340w, https:\/\/wp.kristdemokraterna.se\/haninge\/files\/2022\/02\/familjebild-200x131.png 200w, https:\/\/wp.kristdemokraterna.se\/haninge\/files\/2022\/02\/familjebild-85x56.png 85w, https:\/\/wp.kristdemokraterna.se\/haninge\/files\/2022\/02\/familjebild.png 1706w\" sizes=\"auto, (max-width: 548px) 100vw, 548px\" \/><\/p>\n<h3><strong>Kristdemokraterna i Haninge vill:<\/strong><\/h3>\n<ul>\n<li><strong>St\u00e4rka f\u00f6r\u00e4ldrast\u00f6det:<\/strong> Alla f\u00f6r\u00e4ldrar ska kunna ta del av f\u00f6r\u00e4ldrast\u00f6d via familjer\u00e5dgivning, kurser och aktiviteter p\u00e5 f\u00f6rskola, skola och familjecentraler.<\/li>\n<li><strong>Familjecentrerade insatser:<\/strong> Sociala insatser ska utg\u00e5 fr\u00e5n hela familjens behov.<\/li>\n<li><strong>Fler familjecentraler:<\/strong> Kommunen ska starta fler familjecentraler och s\u00e4kerst\u00e4lla en fungerande f\u00f6r\u00e4ldrar\u00e5dgivning utan l\u00e5nga k\u00f6er.<\/li>\n<li><strong>Tillg\u00e4nglig familjer\u00e5dgivning:<\/strong> Inf\u00f6ra en gratischeck till familjer\u00e5dgivningen vid barns f\u00f6delse samt en maxtaxa p\u00e5 200 kronor.<\/li>\n<li><strong>Nollvision mot v\u00e5ld i n\u00e4ra relationer:<\/strong> Den som uts\u00e4tts f\u00f6r v\u00e5ld ska f\u00e5 trygghet och st\u00f6d och kunna bo kvar i hemmet \u2013 inte v\u00e5ldsut\u00f6varen.<\/li>\n<li><strong>St\u00e4rka st\u00f6det till anh\u00f6rigv\u00e5rdare:<\/strong> Anh\u00f6riga som v\u00e5rdar \u00e4ldre eller personer med funktionsneds\u00e4ttning ska f\u00e5 b\u00e4ttre st\u00f6d.<\/li>\n<li><strong>Tryggare villkor f\u00f6r f\u00f6r\u00e4ldrar:<\/strong> R\u00e4tten till hel f\u00f6r\u00e4ldraledighet ska f\u00f6rl\u00e4ngas tills barnet fyllt tre \u00e5r och f\u00f6r\u00e4ldralediga ska informeras och involveras vid f\u00f6r\u00e4ndringar p\u00e5 arbetsplatsen.<\/li>\n<li><strong>Personlig koordinator:<\/strong> Familjer med barn som har varaktig funktionsneds\u00e4ttning och m\u00e5nga v\u00e5rdkontakter ska erbjudas en personlig koordinator.<\/li>\n<li><strong>Barnets r\u00e4tt i v\u00e5rdnadstvister:<\/strong> Barn ska ha r\u00e4tt till ett eget ombud.<\/li>\n<\/ul>\n<p>Vill du l\u00e4sa mer om v\u00e5r politik f\u00f6r Haninge? <a href=\"http:\/\/wp.kristdemokraterna.se\/haninge\/files\/2022\/02\/kommunpolitisk-program-2022-2026.pdf\">L\u00e4s v\u00e5rt kommunpolitiska program h\u00e4r.<\/a><\/p>\n","protected":false},"excerpt":{"rendered":"<p>Kristdemokraterna s\u00e4tter familjen i centrum. Familjen \u00e4r samh\u00e4llets mest grundl\u00e4ggande gemenskap \u2013 en plats d\u00e4r barn f\u00e5r k\u00e4rlek, trygghet och v\u00e4gledning. Det \u00e4r d\u00e4r v\u00e4rderingar formas och ansvar l\u00e4rs. Ett samh\u00e4lle som h\u00e5ller ihop b\u00f6rjar i trygga familjer. Ingen familj \u00e4r den andra lik. V\u00e5r utg\u00e5ngspunkt \u00e4r d\u00e4rf\u00f6r att familjer och andra n\u00e4ra gemenskaper sj\u00e4lva <a class=\"read-more-link\" href=\"https:\/\/wp.kristdemokraterna.se\/haninge\/politik-for-haninge\/fria-och-trygga-familjer\/\">L\u00e4s mer<\/a><\/p>\n","protected":false},"author":1000,"featured_media":880,"parent":342,"menu_order":6,"comment_status":"closed","ping_status":"closed","template":"","meta":{"_acf_changed":false,"footnotes":""},"class_list":["post-901","page","type-page","status-publish","hentry"],"acf":[],"yoast_head":"<!-- This site is optimized with the Yoast SEO plugin v27.3 - https:\/\/yoast.com\/product\/yoast-seo-wordpress\/ -->\n<title>Fria och trygga familjer &#8211; Kristdemokraterna i Haninge |<\/title>\n<meta name=\"description\" content=\"Fria och trygga familjer men ocks\u00e5 andra n\u00e4ra gemenskaper \u00e4r en f\u00f6ruts\u00e4ttning f\u00f6r att ett samh\u00e4lle som utvecklas och frodas.\" \/>\n<meta name=\"robots\" content=\"index, follow, max-snippet:-1, max-image-preview:large, max-video-preview:-1\" \/>\n<link rel=\"canonical\" href=\"https:\/\/wp.kristdemokraterna.se\/haninge\/politik-for-haninge\/fria-och-trygga-familjer\/\" \/>\n<meta property=\"og:locale\" content=\"sv_SE\" \/>\n<meta property=\"og:type\" content=\"article\" \/>\n<meta property=\"og:title\" content=\"Fria och trygga familjer &#8211; Kristdemokraterna i Haninge |\" \/>\n<meta property=\"og:description\" content=\"Fria och trygga familjer men ocks\u00e5 andra n\u00e4ra gemenskaper \u00e4r en f\u00f6ruts\u00e4ttning f\u00f6r att ett samh\u00e4lle som utvecklas och frodas.\" \/>\n<meta property=\"og:url\" content=\"https:\/\/wp.kristdemokraterna.se\/haninge\/politik-for-haninge\/fria-och-trygga-familjer\/\" \/>\n<meta property=\"og:site_name\" content=\"Kristdemokraterna i Haninge |\" \/>\n<meta property=\"article:modified_time\" content=\"2026-02-25T14:08:46+00:00\" \/>\n<meta property=\"og:image\" content=\"https:\/\/wp.kristdemokraterna.se\/haninge\/files\/2022\/02\/familjebild-1024x673.png\" \/>\n\t<meta property=\"og:image:width\" content=\"1024\" \/>\n\t<meta property=\"og:image:height\" content=\"673\" \/>\n\t<meta property=\"og:image:type\" content=\"image\/png\" \/>\n<meta name=\"twitter:card\" content=\"summary_large_image\" \/>\n<meta name=\"twitter:label1\" content=\"Ber\u00e4knad l\u00e4stid\" \/>\n\t<meta name=\"twitter:data1\" content=\"3 minuter\" \/>\n<script type=\"application\/ld+json\" class=\"yoast-schema-graph\">{\"@context\":\"https:\\\/\\\/schema.org\",\"@graph\":[{\"@type\":\"WebPage\",\"@id\":\"https:\\\/\\\/wp.kristdemokraterna.se\\\/haninge\\\/politik-for-haninge\\\/fria-och-trygga-familjer\\\/\",\"url\":\"https:\\\/\\\/wp.kristdemokraterna.se\\\/haninge\\\/politik-for-haninge\\\/fria-och-trygga-familjer\\\/\",\"name\":\"Fria och trygga familjer &#8211; Kristdemokraterna i Haninge |\",\"isPartOf\":{\"@id\":\"https:\\\/\\\/wp.kristdemokraterna.se\\\/haninge\\\/#website\"},\"primaryImageOfPage\":{\"@id\":\"https:\\\/\\\/wp.kristdemokraterna.se\\\/haninge\\\/politik-for-haninge\\\/fria-och-trygga-familjer\\\/#primaryimage\"},\"image\":{\"@id\":\"https:\\\/\\\/wp.kristdemokraterna.se\\\/haninge\\\/politik-for-haninge\\\/fria-och-trygga-familjer\\\/#primaryimage\"},\"thumbnailUrl\":\"https:\\\/\\\/wp.kristdemokraterna.se\\\/haninge\\\/files\\\/2022\\\/01\\\/kd-logo-bla\u2560e.png\",\"datePublished\":\"2022-03-01T16:19:36+00:00\",\"dateModified\":\"2026-02-25T14:08:46+00:00\",\"description\":\"Fria och trygga familjer men ocks\u00e5 andra n\u00e4ra gemenskaper \u00e4r en f\u00f6ruts\u00e4ttning f\u00f6r att ett samh\u00e4lle som utvecklas och frodas.\",\"breadcrumb\":{\"@id\":\"https:\\\/\\\/wp.kristdemokraterna.se\\\/haninge\\\/politik-for-haninge\\\/fria-och-trygga-familjer\\\/#breadcrumb\"},\"inLanguage\":\"sv-SE\",\"potentialAction\":[{\"@type\":\"ReadAction\",\"target\":[\"https:\\\/\\\/wp.kristdemokraterna.se\\\/haninge\\\/politik-for-haninge\\\/fria-och-trygga-familjer\\\/\"]}]},{\"@type\":\"ImageObject\",\"inLanguage\":\"sv-SE\",\"@id\":\"https:\\\/\\\/wp.kristdemokraterna.se\\\/haninge\\\/politik-for-haninge\\\/fria-och-trygga-familjer\\\/#primaryimage\",\"url\":\"https:\\\/\\\/wp.kristdemokraterna.se\\\/haninge\\\/files\\\/2022\\\/01\\\/kd-logo-bla\u2560e.png\",\"contentUrl\":\"https:\\\/\\\/wp.kristdemokraterna.se\\\/haninge\\\/files\\\/2022\\\/01\\\/kd-logo-bla\u2560e.png\",\"width\":2032,\"height\":2031,\"caption\":\"Kristdemokraterna\"},{\"@type\":\"BreadcrumbList\",\"@id\":\"https:\\\/\\\/wp.kristdemokraterna.se\\\/haninge\\\/politik-for-haninge\\\/fria-och-trygga-familjer\\\/#breadcrumb\",\"itemListElement\":[{\"@type\":\"ListItem\",\"position\":1,\"name\":\"Hem\",\"item\":\"https:\\\/\\\/wp.kristdemokraterna.se\\\/haninge\\\/\"},{\"@type\":\"ListItem\",\"position\":2,\"name\":\"V\u00e5r politik f\u00f6r Haninge\",\"item\":\"https:\\\/\\\/wp.kristdemokraterna.se\\\/haninge\\\/politik-for-haninge\\\/\"},{\"@type\":\"ListItem\",\"position\":3,\"name\":\"Fria och trygga familjer\"}]},{\"@type\":\"WebSite\",\"@id\":\"https:\\\/\\\/wp.kristdemokraterna.se\\\/haninge\\\/#website\",\"url\":\"https:\\\/\\\/wp.kristdemokraterna.se\\\/haninge\\\/\",\"name\":\"Kristdemokraterna i Haninge |\",\"description\":\"Det trygga alternativet\",\"publisher\":{\"@id\":\"https:\\\/\\\/wp.kristdemokraterna.se\\\/haninge\\\/#organization\"},\"inLanguage\":\"sv-SE\"},{\"@type\":\"Organization\",\"@id\":\"https:\\\/\\\/wp.kristdemokraterna.se\\\/haninge\\\/#organization\",\"name\":\"Kristdemokraterna i Haninge\",\"url\":\"https:\\\/\\\/wp.kristdemokraterna.se\\\/haninge\\\/\",\"logo\":{\"@type\":\"ImageObject\",\"inLanguage\":\"sv-SE\",\"@id\":\"https:\\\/\\\/wp.kristdemokraterna.se\\\/haninge\\\/#\\\/schema\\\/logo\\\/image\\\/\",\"url\":\"https:\\\/\\\/wp.kristdemokraterna.se\\\/haninge\\\/files\\\/2022\\\/01\\\/kd-logo-bla\u2560e.png\",\"contentUrl\":\"https:\\\/\\\/wp.kristdemokraterna.se\\\/haninge\\\/files\\\/2022\\\/01\\\/kd-logo-bla\u2560e.png\",\"width\":2032,\"height\":2031,\"caption\":\"Kristdemokraterna i Haninge\"},\"image\":{\"@id\":\"https:\\\/\\\/wp.kristdemokraterna.se\\\/haninge\\\/#\\\/schema\\\/logo\\\/image\\\/\"}}]}<\/script>\n<!-- \/ Yoast SEO plugin. -->","yoast_head_json":{"title":"Fria och trygga familjer &#8211; Kristdemokraterna i Haninge |","description":"Fria och trygga familjer men ocks\u00e5 andra n\u00e4ra gemenskaper \u00e4r en f\u00f6ruts\u00e4ttning f\u00f6r att ett samh\u00e4lle som utvecklas och frodas.","robots":{"index":"index","follow":"follow","max-snippet":"max-snippet:-1","max-image-preview":"max-image-preview:large","max-video-preview":"max-video-preview:-1"},"canonical":"https:\/\/wp.kristdemokraterna.se\/haninge\/politik-for-haninge\/fria-och-trygga-familjer\/","og_locale":"sv_SE","og_type":"article","og_title":"Fria och trygga familjer &#8211; Kristdemokraterna i Haninge |","og_description":"Fria och trygga familjer men ocks\u00e5 andra n\u00e4ra gemenskaper \u00e4r en f\u00f6ruts\u00e4ttning f\u00f6r att ett samh\u00e4lle som utvecklas och frodas.","og_url":"https:\/\/wp.kristdemokraterna.se\/haninge\/politik-for-haninge\/fria-och-trygga-familjer\/","og_site_name":"Kristdemokraterna i Haninge |","article_modified_time":"2026-02-25T14:08:46+00:00","og_image":[{"width":1024,"height":673,"url":"https:\/\/wp.kristdemokraterna.se\/haninge\/files\/2022\/02\/familjebild-1024x673.png","type":"image\/png"}],"twitter_card":"summary_large_image","twitter_misc":{"Ber\u00e4knad l\u00e4stid":"3 minuter"},"schema":{"@context":"https:\/\/schema.org","@graph":[{"@type":"WebPage","@id":"https:\/\/wp.kristdemokraterna.se\/haninge\/politik-for-haninge\/fria-och-trygga-familjer\/","url":"https:\/\/wp.kristdemokraterna.se\/haninge\/politik-for-haninge\/fria-och-trygga-familjer\/","name":"Fria och trygga familjer &#8211; Kristdemokraterna i Haninge |","isPartOf":{"@id":"https:\/\/wp.kristdemokraterna.se\/haninge\/#website"},"primaryImageOfPage":{"@id":"https:\/\/wp.kristdemokraterna.se\/haninge\/politik-for-haninge\/fria-och-trygga-familjer\/#primaryimage"},"image":{"@id":"https:\/\/wp.kristdemokraterna.se\/haninge\/politik-for-haninge\/fria-och-trygga-familjer\/#primaryimage"},"thumbnailUrl":"https:\/\/wp.kristdemokraterna.se\/haninge\/files\/2022\/01\/kd-logo-bla\u2560e.png","datePublished":"2022-03-01T16:19:36+00:00","dateModified":"2026-02-25T14:08:46+00:00","description":"Fria och trygga familjer men ocks\u00e5 andra n\u00e4ra gemenskaper \u00e4r en f\u00f6ruts\u00e4ttning f\u00f6r att ett samh\u00e4lle som utvecklas och frodas.","breadcrumb":{"@id":"https:\/\/wp.kristdemokraterna.se\/haninge\/politik-for-haninge\/fria-och-trygga-familjer\/#breadcrumb"},"inLanguage":"sv-SE","potentialAction":[{"@type":"ReadAction","target":["https:\/\/wp.kristdemokraterna.se\/haninge\/politik-for-haninge\/fria-och-trygga-familjer\/"]}]},{"@type":"ImageObject","inLanguage":"sv-SE","@id":"https:\/\/wp.kristdemokraterna.se\/haninge\/politik-for-haninge\/fria-och-trygga-familjer\/#primaryimage","url":"https:\/\/wp.kristdemokraterna.se\/haninge\/files\/2022\/01\/kd-logo-bla\u2560e.png","contentUrl":"https:\/\/wp.kristdemokraterna.se\/haninge\/files\/2022\/01\/kd-logo-bla\u2560e.png","width":2032,"height":2031,"caption":"Kristdemokraterna"},{"@type":"BreadcrumbList","@id":"https:\/\/wp.kristdemokraterna.se\/haninge\/politik-for-haninge\/fria-och-trygga-familjer\/#breadcrumb","itemListElement":[{"@type":"ListItem","position":1,"name":"Hem","item":"https:\/\/wp.kristdemokraterna.se\/haninge\/"},{"@type":"ListItem","position":2,"name":"V\u00e5r politik f\u00f6r Haninge","item":"https:\/\/wp.kristdemokraterna.se\/haninge\/politik-for-haninge\/"},{"@type":"ListItem","position":3,"name":"Fria och trygga familjer"}]},{"@type":"WebSite","@id":"https:\/\/wp.kristdemokraterna.se\/haninge\/#website","url":"https:\/\/wp.kristdemokraterna.se\/haninge\/","name":"Kristdemokraterna i Haninge |","description":"Det trygga alternativet","publisher":{"@id":"https:\/\/wp.kristdemokraterna.se\/haninge\/#organization"},"inLanguage":"sv-SE"},{"@type":"Organization","@id":"https:\/\/wp.kristdemokraterna.se\/haninge\/#organization","name":"Kristdemokraterna i Haninge","url":"https:\/\/wp.kristdemokraterna.se\/haninge\/","logo":{"@type":"ImageObject","inLanguage":"sv-SE","@id":"https:\/\/wp.kristdemokraterna.se\/haninge\/#\/schema\/logo\/image\/","url":"https:\/\/wp.kristdemokraterna.se\/haninge\/files\/2022\/01\/kd-logo-bla\u2560e.png","contentUrl":"https:\/\/wp.kristdemokraterna.se\/haninge\/files\/2022\/01\/kd-logo-bla\u2560e.png","width":2032,"height":2031,"caption":"Kristdemokraterna i Haninge"},"image":{"@id":"https:\/\/wp.kristdemokraterna.se\/haninge\/#\/schema\/logo\/image\/"}}]}},"_links":{"self":[{"href":"https:\/\/wp.kristdemokraterna.se\/haninge\/wp-json\/wp\/v2\/pages\/901","targetHints":{"allow":["GET"]}}],"collection":[{"href":"https:\/\/wp.kristdemokraterna.se\/haninge\/wp-json\/wp\/v2\/pages"}],"about":[{"href":"https:\/\/wp.kristdemokraterna.se\/haninge\/wp-json\/wp\/v2\/types\/page"}],"author":[{"embeddable":true,"href":"https:\/\/wp.kristdemokraterna.se\/haninge\/wp-json\/wp\/v2\/users\/1000"}],"replies":[{"embeddable":true,"href":"https:\/\/wp.kristdemokraterna.se\/haninge\/wp-json\/wp\/v2\/comments?post=901"}],"version-history":[{"count":11,"href":"https:\/\/wp.kristdemokraterna.se\/haninge\/wp-json\/wp\/v2\/pages\/901\/revisions"}],"predecessor-version":[{"id":1325,"href":"https:\/\/wp.kristdemokraterna.se\/haninge\/wp-json\/wp\/v2\/pages\/901\/revisions\/1325"}],"up":[{"embeddable":true,"href":"https:\/\/wp.kristdemokraterna.se\/haninge\/wp-json\/wp\/v2\/pages\/342"}],"wp:featuredmedia":[{"embeddable":true,"href":"https:\/\/wp.kristdemokraterna.se\/haninge\/wp-json\/wp\/v2\/media\/880"}],"wp:attachment":[{"href":"https:\/\/wp.kristdemokraterna.se\/haninge\/wp-json\/wp\/v2\/media?parent=901"}],"curies":[{"name":"wp","href":"https:\/\/api.w.org\/{rel}","templated":true}]}}