{"id":907,"date":"2022-03-01T15:04:34","date_gmt":"2022-03-01T14:04:34","guid":{"rendered":"https:\/\/wp.kristdemokraterna.se\/haninge\/?page_id=907"},"modified":"2026-02-25T14:37:14","modified_gmt":"2026-02-25T13:37:14","slug":"en-vardig-aldreomsorg","status":"publish","type":"page","link":"https:\/\/wp.kristdemokraterna.se\/haninge\/politik-for-haninge\/en-vardig-aldreomsorg\/","title":{"rendered":"En v\u00e4rdig \u00e4ldreomsorg"},"content":{"rendered":"<p>Kristdemokraterna \u00e4r det parti som idag ansvarar f\u00f6r Haninges \u00e4ldreomsorg. V\u00e5r drivkraft \u00e4r att \u00e5stadkomma en v\u00e4rdig \u00e4ldreomsorg av god kvalitet, pr\u00e4glad av valfrihet och trygghet, d\u00e4r den som \u00e4r i behov av omsorg bem\u00f6ts med v\u00e4rdighet, omtanke och respekt. Omsorgen om Haninges \u00e4ldre \u00e4r och har alltid varit en prioriterad fr\u00e5ga f\u00f6r oss kristdemokrater och \u00e4ven om vi vill g\u00f6ra mer s\u00e5 \u00e4r vi stolta \u00f6ver vad vi \u00e5stadkommit hittills.<\/p>\n<p>Valfriheten \u00e4r grundl\u00e4ggande. Genom lagen om valfrihet (LOV) kan \u00e4ldre sj\u00e4lva v\u00e4lja utf\u00f6rare inom hemtj\u00e4nst och \u00e4ldreboende \u2013 en r\u00e4ttighet vi vill v\u00e4rna och utveckla. Man ska ha m\u00f6jlighet att p\u00e5verka sin vardag genom hela livet. Under mandatperioden 2022-2026 har vi p\u00e5b\u00f6rjat arbetet med att \u00e4ven inf\u00f6ra LOV p\u00e5 s\u00e4rskilt boende.<\/p>\n<p>En v\u00e4rdig \u00e4ldreomsorg f\u00f6r alla \u00e4ldre har ocks\u00e5 ambitionen att minska ofrivillig ensamhet bland \u00e4ldre. \u00c4ven om fysisk kontakt \u00e4r \u00f6verl\u00e4gsen, s\u00e5 \u00e4r tekniska hj\u00e4lpmedel ett bra komplement. En enkel \u00e5tg\u00e4rd f\u00f6r att minska k\u00e4nslan av ensamhet \u00e4r att samtliga \u00e4ldreboenden under n\u00e4stkommande mandatperioden installerar Wi-Fi och fiber f\u00f6r att \u00e4ldre ska ges m\u00f6jlighet att kunna kommunicera med sina anh\u00f6riga.<\/p>\n<p><img loading=\"lazy\" decoding=\"async\" class=\"aligncenter wp-image-982\" src=\"http:\/\/wp.kristdemokraterna.se\/haninge\/files\/2022\/02\/aldre-1024x682.png\" alt=\"en v\u00e4rdig \u00e4ldreomsorg\" width=\"733\" height=\"488\" srcset=\"https:\/\/wp.kristdemokraterna.se\/haninge\/files\/2022\/02\/aldre-1024x682.png 1024w, https:\/\/wp.kristdemokraterna.se\/haninge\/files\/2022\/02\/aldre-300x200.png 300w, https:\/\/wp.kristdemokraterna.se\/haninge\/files\/2022\/02\/aldre-768x512.png 768w, https:\/\/wp.kristdemokraterna.se\/haninge\/files\/2022\/02\/aldre-370x247.png 370w, https:\/\/wp.kristdemokraterna.se\/haninge\/files\/2022\/02\/aldre-770x513.png 770w, https:\/\/wp.kristdemokraterna.se\/haninge\/files\/2022\/02\/aldre-450x300.png 450w, https:\/\/wp.kristdemokraterna.se\/haninge\/files\/2022\/02\/aldre-280x187.png 280w, https:\/\/wp.kristdemokraterna.se\/haninge\/files\/2022\/02\/aldre-340x227.png 340w, https:\/\/wp.kristdemokraterna.se\/haninge\/files\/2022\/02\/aldre-200x133.png 200w, https:\/\/wp.kristdemokraterna.se\/haninge\/files\/2022\/02\/aldre-84x56.png 84w, https:\/\/wp.kristdemokraterna.se\/haninge\/files\/2022\/02\/aldre.png 1241w\" sizes=\"auto, (max-width: 733px) 100vw, 733px\" \/><\/p>\n<p>Det ska vara tryggt att bli \u00e4ldre i Haninge. Omsorgen ska pr\u00e4glas av kompetens, kontinuitet och respekt. Personalen ska vara v\u00e4lutbildad, beh\u00e4rska svenska och arbeta f\u00f6r att skapa stabila relationer, s\u00e5 att den \u00e4ldre m\u00f6ter s\u00e5 f\u00e5 olika personer som m\u00f6jligt i sitt hem. Trygghet byggs genom igenk\u00e4nning, f\u00f6rtroende och goda relationer.<\/p>\n<p data-start=\"443\" data-end=\"786\">Ny teknik skapar stora m\u00f6jligheter inom \u00e4ldreomsorgen. Haninge ligger i framkant n\u00e4r det g\u00e4ller att inf\u00f6ra v\u00e4lf\u00e4rdsteknik, och vi vill forts\u00e4tta utveckla detta arbete. Med exempelvis r\u00f6relsesensorer kan fallolyckor f\u00f6rebyggas och tryggheten \u00f6ka \u2013 samtidigt som personalen f\u00e5r b\u00e4ttre f\u00f6ruts\u00e4ttningar att fokusera p\u00e5 omsorg och m\u00e4nsklig n\u00e4rvaro.<\/p>\n<p data-start=\"788\" data-end=\"1235\">God och n\u00e4ringsrik mat \u00e4r en sj\u00e4lvklar del av livskvaliteten. Under den h\u00e4r mandatperioden har vi kristdemokrater inf\u00f6rt ett nytt m\u00e5ltidskoncept p\u00e5 \u00e4ldreboendena f\u00f6r att minska ensamhet och h\u00f6ja m\u00e5ltidsupplevelsen. Helgerna har f\u00e5tt en mer festlig pr\u00e4gel, bland annat genom trer\u00e4ttersmiddagar p\u00e5 l\u00f6rdagar och s\u00f6ndagar. Under kommande mandatperiod vill vi forts\u00e4tta utveckla m\u00e5ltiderna och g\u00f6ra matstunden till en \u00e4nnu viktigare del av gemenskapen<\/p>\n<h3><strong>Kristdemokraterna i Haninge vill:<\/strong><\/h3>\n<ul>\n<li><strong>V\u00e4rna valfriheten:<\/strong> LOV ska g\u00e4lla inom b\u00e5de hemtj\u00e4nst och \u00e4ldreboenden s\u00e5 att \u00e4ldre kan v\u00e4lja utf\u00f6rare.<\/li>\n<li><strong>Ha h\u00f6ga spr\u00e5k- och kompetenskrav:<\/strong> All personal ska beh\u00e4rska svenska och erbjudas relevant utbildning, inklusive demenskompetens.<\/li>\n<li><strong>Ha en \u00f6kad kontinuitet i hemtj\u00e4nsten:<\/strong> Antalet olika personal som den \u00e4ldre m\u00f6ter ska minska.<\/li>\n<li><strong>Val av personal:<\/strong> \u00c4ldre ska kunna v\u00e4lja k\u00f6n p\u00e5 sin hemtj\u00e4nstpersonal.<\/li>\n<li><strong>Utveckla tr\u00e4ffpunkter:<\/strong> Kommunens m\u00f6tesplatser f\u00f6r \u00e4ldre ska erbjuda fler sociala aktiviteter och gemenskap.<\/li>\n<li><strong>Utveckla v\u00e4lf\u00e4rdstekniken:<\/strong> Teknik som \u00f6kar trygghet och sj\u00e4lvst\u00e4ndighet, exempelvis digitala l\u00e5s och sensorer, ska inf\u00f6ras och vidareutvecklas.<\/li>\n<li><strong>St\u00e4rka anh\u00f6rigst\u00f6det:<\/strong> Anh\u00f6rigst\u00f6det ska utvecklas och anh\u00f6rigbidraget h\u00f6jas.<\/li>\n<li><strong>St\u00f6dja id\u00e9buren omsorg:<\/strong> Ideella och id\u00e9burna akt\u00f6rer ska ges goda f\u00f6ruts\u00e4ttningar att bedriva verksamhet.<\/li>\n<li><strong>Underl\u00e4tta kvarboende:<\/strong> Kommunen ska vara tillm\u00f6tesg\u00e5ende i bostadsanpassning f\u00f6r att g\u00f6ra det m\u00f6jligt att bo kvar hemma l\u00e4ngre<\/li>\n<\/ul>\n<p>Vill du l\u00e4sa mer om v\u00e5r politik f\u00f6r Haninge? <a href=\"http:\/\/wp.kristdemokraterna.se\/haninge\/files\/2022\/02\/kommunpolitisk-program-2022-2026.pdf\">L\u00e4s v\u00e5rt kommunpolitiska program h\u00e4r<\/a><\/p>\n","protected":false},"excerpt":{"rendered":"<p>Kristdemokraterna \u00e4r det parti som idag ansvarar f\u00f6r Haninges \u00e4ldreomsorg. V\u00e5r drivkraft \u00e4r att \u00e5stadkomma en v\u00e4rdig \u00e4ldreomsorg av god kvalitet, pr\u00e4glad av valfrihet och trygghet, d\u00e4r den som \u00e4r i behov av omsorg bem\u00f6ts med v\u00e4rdighet, omtanke och respekt. Omsorgen om Haninges \u00e4ldre \u00e4r och har alltid varit en prioriterad fr\u00e5ga f\u00f6r oss kristdemokrater <a class=\"read-more-link\" href=\"https:\/\/wp.kristdemokraterna.se\/haninge\/politik-for-haninge\/en-vardig-aldreomsorg\/\">L\u00e4s mer<\/a><\/p>\n","protected":false},"author":1000,"featured_media":880,"parent":342,"menu_order":3,"comment_status":"closed","ping_status":"closed","template":"","meta":{"_acf_changed":false,"footnotes":""},"class_list":["post-907","page","type-page","status-publish","hentry"],"acf":[],"yoast_head":"<!-- This site is optimized with the Yoast SEO plugin v27.3 - https:\/\/yoast.com\/product\/yoast-seo-wordpress\/ -->\n<title>En v\u00e4rdig \u00e4ldreomsorg &#8211; Kristdemokraterna i Haninge |<\/title>\n<meta name=\"description\" content=\"V\u00e5r drivkraft \u00e4r att \u00e5stadkomma en v\u00e4rdig \u00e4ldreomsorg, pr\u00e4glad av valfrihet och trygghet, d\u00e4r v\u00e5ra \u00e4ldre bem\u00f6ts med omtanke och respekt.\" \/>\n<meta name=\"robots\" content=\"index, follow, max-snippet:-1, max-image-preview:large, max-video-preview:-1\" \/>\n<link rel=\"canonical\" href=\"https:\/\/wp.kristdemokraterna.se\/haninge\/politik-for-haninge\/en-vardig-aldreomsorg\/\" \/>\n<meta property=\"og:locale\" content=\"sv_SE\" \/>\n<meta property=\"og:type\" content=\"article\" \/>\n<meta property=\"og:title\" content=\"En v\u00e4rdig \u00e4ldreomsorg &#8211; Kristdemokraterna i Haninge |\" \/>\n<meta property=\"og:description\" content=\"V\u00e5r drivkraft \u00e4r att \u00e5stadkomma en v\u00e4rdig \u00e4ldreomsorg, pr\u00e4glad av valfrihet och trygghet, d\u00e4r v\u00e5ra \u00e4ldre bem\u00f6ts med omtanke och respekt.\" \/>\n<meta property=\"og:url\" content=\"https:\/\/wp.kristdemokraterna.se\/haninge\/politik-for-haninge\/en-vardig-aldreomsorg\/\" \/>\n<meta property=\"og:site_name\" content=\"Kristdemokraterna i Haninge |\" \/>\n<meta property=\"article:modified_time\" content=\"2026-02-25T13:37:14+00:00\" \/>\n<meta property=\"og:image\" content=\"https:\/\/wp.kristdemokraterna.se\/haninge\/files\/2022\/02\/aldre-1024x682.png\" \/>\n\t<meta property=\"og:image:width\" content=\"1024\" \/>\n\t<meta property=\"og:image:height\" content=\"682\" \/>\n\t<meta property=\"og:image:type\" content=\"image\/png\" \/>\n<meta name=\"twitter:card\" content=\"summary_large_image\" \/>\n<meta name=\"twitter:label1\" content=\"Ber\u00e4knad l\u00e4stid\" \/>\n\t<meta name=\"twitter:data1\" content=\"3 minuter\" \/>\n<script type=\"application\/ld+json\" class=\"yoast-schema-graph\">{\"@context\":\"https:\\\/\\\/schema.org\",\"@graph\":[{\"@type\":\"WebPage\",\"@id\":\"https:\\\/\\\/wp.kristdemokraterna.se\\\/haninge\\\/politik-for-haninge\\\/en-vardig-aldreomsorg\\\/\",\"url\":\"https:\\\/\\\/wp.kristdemokraterna.se\\\/haninge\\\/politik-for-haninge\\\/en-vardig-aldreomsorg\\\/\",\"name\":\"En v\u00e4rdig \u00e4ldreomsorg &#8211; Kristdemokraterna i Haninge |\",\"isPartOf\":{\"@id\":\"https:\\\/\\\/wp.kristdemokraterna.se\\\/haninge\\\/#website\"},\"primaryImageOfPage\":{\"@id\":\"https:\\\/\\\/wp.kristdemokraterna.se\\\/haninge\\\/politik-for-haninge\\\/en-vardig-aldreomsorg\\\/#primaryimage\"},\"image\":{\"@id\":\"https:\\\/\\\/wp.kristdemokraterna.se\\\/haninge\\\/politik-for-haninge\\\/en-vardig-aldreomsorg\\\/#primaryimage\"},\"thumbnailUrl\":\"https:\\\/\\\/wp.kristdemokraterna.se\\\/haninge\\\/files\\\/2022\\\/01\\\/kd-logo-bla\u2560e.png\",\"datePublished\":\"2022-03-01T14:04:34+00:00\",\"dateModified\":\"2026-02-25T13:37:14+00:00\",\"description\":\"V\u00e5r drivkraft \u00e4r att \u00e5stadkomma en v\u00e4rdig \u00e4ldreomsorg, pr\u00e4glad av valfrihet och trygghet, d\u00e4r v\u00e5ra \u00e4ldre bem\u00f6ts med omtanke och respekt.\",\"breadcrumb\":{\"@id\":\"https:\\\/\\\/wp.kristdemokraterna.se\\\/haninge\\\/politik-for-haninge\\\/en-vardig-aldreomsorg\\\/#breadcrumb\"},\"inLanguage\":\"sv-SE\",\"potentialAction\":[{\"@type\":\"ReadAction\",\"target\":[\"https:\\\/\\\/wp.kristdemokraterna.se\\\/haninge\\\/politik-for-haninge\\\/en-vardig-aldreomsorg\\\/\"]}]},{\"@type\":\"ImageObject\",\"inLanguage\":\"sv-SE\",\"@id\":\"https:\\\/\\\/wp.kristdemokraterna.se\\\/haninge\\\/politik-for-haninge\\\/en-vardig-aldreomsorg\\\/#primaryimage\",\"url\":\"https:\\\/\\\/wp.kristdemokraterna.se\\\/haninge\\\/files\\\/2022\\\/01\\\/kd-logo-bla\u2560e.png\",\"contentUrl\":\"https:\\\/\\\/wp.kristdemokraterna.se\\\/haninge\\\/files\\\/2022\\\/01\\\/kd-logo-bla\u2560e.png\",\"width\":2032,\"height\":2031,\"caption\":\"Kristdemokraterna\"},{\"@type\":\"BreadcrumbList\",\"@id\":\"https:\\\/\\\/wp.kristdemokraterna.se\\\/haninge\\\/politik-for-haninge\\\/en-vardig-aldreomsorg\\\/#breadcrumb\",\"itemListElement\":[{\"@type\":\"ListItem\",\"position\":1,\"name\":\"Hem\",\"item\":\"https:\\\/\\\/wp.kristdemokraterna.se\\\/haninge\\\/\"},{\"@type\":\"ListItem\",\"position\":2,\"name\":\"V\u00e5r politik f\u00f6r Haninge\",\"item\":\"https:\\\/\\\/wp.kristdemokraterna.se\\\/haninge\\\/politik-for-haninge\\\/\"},{\"@type\":\"ListItem\",\"position\":3,\"name\":\"En v\u00e4rdig \u00e4ldreomsorg\"}]},{\"@type\":\"WebSite\",\"@id\":\"https:\\\/\\\/wp.kristdemokraterna.se\\\/haninge\\\/#website\",\"url\":\"https:\\\/\\\/wp.kristdemokraterna.se\\\/haninge\\\/\",\"name\":\"Kristdemokraterna i Haninge |\",\"description\":\"Det trygga alternativet\",\"publisher\":{\"@id\":\"https:\\\/\\\/wp.kristdemokraterna.se\\\/haninge\\\/#organization\"},\"inLanguage\":\"sv-SE\"},{\"@type\":\"Organization\",\"@id\":\"https:\\\/\\\/wp.kristdemokraterna.se\\\/haninge\\\/#organization\",\"name\":\"Kristdemokraterna i Haninge\",\"url\":\"https:\\\/\\\/wp.kristdemokraterna.se\\\/haninge\\\/\",\"logo\":{\"@type\":\"ImageObject\",\"inLanguage\":\"sv-SE\",\"@id\":\"https:\\\/\\\/wp.kristdemokraterna.se\\\/haninge\\\/#\\\/schema\\\/logo\\\/image\\\/\",\"url\":\"https:\\\/\\\/wp.kristdemokraterna.se\\\/haninge\\\/files\\\/2022\\\/01\\\/kd-logo-bla\u2560e.png\",\"contentUrl\":\"https:\\\/\\\/wp.kristdemokraterna.se\\\/haninge\\\/files\\\/2022\\\/01\\\/kd-logo-bla\u2560e.png\",\"width\":2032,\"height\":2031,\"caption\":\"Kristdemokraterna i Haninge\"},\"image\":{\"@id\":\"https:\\\/\\\/wp.kristdemokraterna.se\\\/haninge\\\/#\\\/schema\\\/logo\\\/image\\\/\"}}]}<\/script>\n<!-- \/ Yoast SEO plugin. -->","yoast_head_json":{"title":"En v\u00e4rdig \u00e4ldreomsorg &#8211; Kristdemokraterna i Haninge |","description":"V\u00e5r drivkraft \u00e4r att \u00e5stadkomma en v\u00e4rdig \u00e4ldreomsorg, pr\u00e4glad av valfrihet och trygghet, d\u00e4r v\u00e5ra \u00e4ldre bem\u00f6ts med omtanke och respekt.","robots":{"index":"index","follow":"follow","max-snippet":"max-snippet:-1","max-image-preview":"max-image-preview:large","max-video-preview":"max-video-preview:-1"},"canonical":"https:\/\/wp.kristdemokraterna.se\/haninge\/politik-for-haninge\/en-vardig-aldreomsorg\/","og_locale":"sv_SE","og_type":"article","og_title":"En v\u00e4rdig \u00e4ldreomsorg &#8211; Kristdemokraterna i Haninge |","og_description":"V\u00e5r drivkraft \u00e4r att \u00e5stadkomma en v\u00e4rdig \u00e4ldreomsorg, pr\u00e4glad av valfrihet och trygghet, d\u00e4r v\u00e5ra \u00e4ldre bem\u00f6ts med omtanke och respekt.","og_url":"https:\/\/wp.kristdemokraterna.se\/haninge\/politik-for-haninge\/en-vardig-aldreomsorg\/","og_site_name":"Kristdemokraterna i Haninge |","article_modified_time":"2026-02-25T13:37:14+00:00","og_image":[{"width":1024,"height":682,"url":"https:\/\/wp.kristdemokraterna.se\/haninge\/files\/2022\/02\/aldre-1024x682.png","type":"image\/png"}],"twitter_card":"summary_large_image","twitter_misc":{"Ber\u00e4knad l\u00e4stid":"3 minuter"},"schema":{"@context":"https:\/\/schema.org","@graph":[{"@type":"WebPage","@id":"https:\/\/wp.kristdemokraterna.se\/haninge\/politik-for-haninge\/en-vardig-aldreomsorg\/","url":"https:\/\/wp.kristdemokraterna.se\/haninge\/politik-for-haninge\/en-vardig-aldreomsorg\/","name":"En v\u00e4rdig \u00e4ldreomsorg &#8211; Kristdemokraterna i Haninge |","isPartOf":{"@id":"https:\/\/wp.kristdemokraterna.se\/haninge\/#website"},"primaryImageOfPage":{"@id":"https:\/\/wp.kristdemokraterna.se\/haninge\/politik-for-haninge\/en-vardig-aldreomsorg\/#primaryimage"},"image":{"@id":"https:\/\/wp.kristdemokraterna.se\/haninge\/politik-for-haninge\/en-vardig-aldreomsorg\/#primaryimage"},"thumbnailUrl":"https:\/\/wp.kristdemokraterna.se\/haninge\/files\/2022\/01\/kd-logo-bla\u2560e.png","datePublished":"2022-03-01T14:04:34+00:00","dateModified":"2026-02-25T13:37:14+00:00","description":"V\u00e5r drivkraft \u00e4r att \u00e5stadkomma en v\u00e4rdig \u00e4ldreomsorg, pr\u00e4glad av valfrihet och trygghet, d\u00e4r v\u00e5ra \u00e4ldre bem\u00f6ts med omtanke och respekt.","breadcrumb":{"@id":"https:\/\/wp.kristdemokraterna.se\/haninge\/politik-for-haninge\/en-vardig-aldreomsorg\/#breadcrumb"},"inLanguage":"sv-SE","potentialAction":[{"@type":"ReadAction","target":["https:\/\/wp.kristdemokraterna.se\/haninge\/politik-for-haninge\/en-vardig-aldreomsorg\/"]}]},{"@type":"ImageObject","inLanguage":"sv-SE","@id":"https:\/\/wp.kristdemokraterna.se\/haninge\/politik-for-haninge\/en-vardig-aldreomsorg\/#primaryimage","url":"https:\/\/wp.kristdemokraterna.se\/haninge\/files\/2022\/01\/kd-logo-bla\u2560e.png","contentUrl":"https:\/\/wp.kristdemokraterna.se\/haninge\/files\/2022\/01\/kd-logo-bla\u2560e.png","width":2032,"height":2031,"caption":"Kristdemokraterna"},{"@type":"BreadcrumbList","@id":"https:\/\/wp.kristdemokraterna.se\/haninge\/politik-for-haninge\/en-vardig-aldreomsorg\/#breadcrumb","itemListElement":[{"@type":"ListItem","position":1,"name":"Hem","item":"https:\/\/wp.kristdemokraterna.se\/haninge\/"},{"@type":"ListItem","position":2,"name":"V\u00e5r politik f\u00f6r Haninge","item":"https:\/\/wp.kristdemokraterna.se\/haninge\/politik-for-haninge\/"},{"@type":"ListItem","position":3,"name":"En v\u00e4rdig \u00e4ldreomsorg"}]},{"@type":"WebSite","@id":"https:\/\/wp.kristdemokraterna.se\/haninge\/#website","url":"https:\/\/wp.kristdemokraterna.se\/haninge\/","name":"Kristdemokraterna i Haninge |","description":"Det trygga alternativet","publisher":{"@id":"https:\/\/wp.kristdemokraterna.se\/haninge\/#organization"},"inLanguage":"sv-SE"},{"@type":"Organization","@id":"https:\/\/wp.kristdemokraterna.se\/haninge\/#organization","name":"Kristdemokraterna i Haninge","url":"https:\/\/wp.kristdemokraterna.se\/haninge\/","logo":{"@type":"ImageObject","inLanguage":"sv-SE","@id":"https:\/\/wp.kristdemokraterna.se\/haninge\/#\/schema\/logo\/image\/","url":"https:\/\/wp.kristdemokraterna.se\/haninge\/files\/2022\/01\/kd-logo-bla\u2560e.png","contentUrl":"https:\/\/wp.kristdemokraterna.se\/haninge\/files\/2022\/01\/kd-logo-bla\u2560e.png","width":2032,"height":2031,"caption":"Kristdemokraterna i Haninge"},"image":{"@id":"https:\/\/wp.kristdemokraterna.se\/haninge\/#\/schema\/logo\/image\/"}}]}},"_links":{"self":[{"href":"https:\/\/wp.kristdemokraterna.se\/haninge\/wp-json\/wp\/v2\/pages\/907","targetHints":{"allow":["GET"]}}],"collection":[{"href":"https:\/\/wp.kristdemokraterna.se\/haninge\/wp-json\/wp\/v2\/pages"}],"about":[{"href":"https:\/\/wp.kristdemokraterna.se\/haninge\/wp-json\/wp\/v2\/types\/page"}],"author":[{"embeddable":true,"href":"https:\/\/wp.kristdemokraterna.se\/haninge\/wp-json\/wp\/v2\/users\/1000"}],"replies":[{"embeddable":true,"href":"https:\/\/wp.kristdemokraterna.se\/haninge\/wp-json\/wp\/v2\/comments?post=907"}],"version-history":[{"count":12,"href":"https:\/\/wp.kristdemokraterna.se\/haninge\/wp-json\/wp\/v2\/pages\/907\/revisions"}],"predecessor-version":[{"id":1318,"href":"https:\/\/wp.kristdemokraterna.se\/haninge\/wp-json\/wp\/v2\/pages\/907\/revisions\/1318"}],"up":[{"embeddable":true,"href":"https:\/\/wp.kristdemokraterna.se\/haninge\/wp-json\/wp\/v2\/pages\/342"}],"wp:featuredmedia":[{"embeddable":true,"href":"https:\/\/wp.kristdemokraterna.se\/haninge\/wp-json\/wp\/v2\/media\/880"}],"wp:attachment":[{"href":"https:\/\/wp.kristdemokraterna.se\/haninge\/wp-json\/wp\/v2\/media?parent=907"}],"curies":[{"name":"wp","href":"https:\/\/api.w.org\/{rel}","templated":true}]}}