{"id":915,"date":"2022-03-01T19:19:36","date_gmt":"2022-03-01T18:19:36","guid":{"rendered":"https:\/\/wp.kristdemokraterna.se\/haninge\/?page_id=915"},"modified":"2026-02-27T10:32:46","modified_gmt":"2026-02-27T09:32:46","slug":"kultur-och-foreningsliv","status":"publish","type":"page","link":"https:\/\/wp.kristdemokraterna.se\/haninge\/politik-for-haninge\/kultur-och-foreningsliv\/","title":{"rendered":"Kultur och f\u00f6reningsliv"},"content":{"rendered":"<p>Haninge ska vara en kommun d\u00e4r det \u00e4r gott att leva. Ett rikt kultur- och fritidsliv skapar gemenskap, st\u00e4rker folkh\u00e4lsan och g\u00f6r kommunen attraktiv f\u00f6r b\u00e5de inv\u00e5nare och bes\u00f6kare. V\u00e5rt kulturarv \u2013 med historiska milj\u00f6er, sk\u00e4rg\u00e5rd och levande f\u00f6reningsliv \u2013 \u00e4r en tillg\u00e5ng som ska v\u00e4rnas och utvecklas.<\/p>\n<p>Kommunen har till uppgift att skapa bra f\u00f6ruts\u00e4ttningar f\u00f6r kultur och f\u00f6reningsliv. Genom att finansiera v\u00e5ra bibliotek, Roj-teatern, kulturhuset, naturreservat, idrottsanl\u00e4ggningar m.m. s\u00e4kerst\u00e4ller vi en kulturell bredd i Haninge. Men det \u00e4r det starka civilsamh\u00e4llet, f\u00f6reningar, samfund, studief\u00f6rbund och idrottsr\u00f6relsen, som \u00e4r grunden f\u00f6r ett levande Haninge. D\u00e4r kommunens roll \u00e4r att st\u00f6tta, inte styra.<\/p>\n<p style=\"text-align: center\"><img loading=\"lazy\" decoding=\"async\" class=\"aligncenter wp-image-980\" src=\"http:\/\/wp.kristdemokraterna.se\/haninge\/files\/2022\/02\/fotboll.jpg\" alt=\"kultur och f\u00f6reningsliv\" width=\"633\" height=\"422\" srcset=\"https:\/\/wp.kristdemokraterna.se\/haninge\/files\/2022\/02\/fotboll.jpg 870w, https:\/\/wp.kristdemokraterna.se\/haninge\/files\/2022\/02\/fotboll-300x200.jpg 300w, https:\/\/wp.kristdemokraterna.se\/haninge\/files\/2022\/02\/fotboll-768x512.jpg 768w, https:\/\/wp.kristdemokraterna.se\/haninge\/files\/2022\/02\/fotboll-370x247.jpg 370w, https:\/\/wp.kristdemokraterna.se\/haninge\/files\/2022\/02\/fotboll-770x513.jpg 770w, https:\/\/wp.kristdemokraterna.se\/haninge\/files\/2022\/02\/fotboll-450x300.jpg 450w, https:\/\/wp.kristdemokraterna.se\/haninge\/files\/2022\/02\/fotboll-280x187.jpg 280w, https:\/\/wp.kristdemokraterna.se\/haninge\/files\/2022\/02\/fotboll-340x227.jpg 340w, https:\/\/wp.kristdemokraterna.se\/haninge\/files\/2022\/02\/fotboll-200x133.jpg 200w, https:\/\/wp.kristdemokraterna.se\/haninge\/files\/2022\/02\/fotboll-84x56.jpg 84w\" sizes=\"auto, (max-width: 633px) 100vw, 633px\" \/><\/p>\n<p>Alla barn och unga ska ha m\u00f6jlighet till en aktiv och meningsfull fritid. Ingen ska hindras fr\u00e5n att delta p\u00e5 grund av familjens ekonomi. Fritidsg\u00e5rdar och m\u00f6tesplatser ska vara trygga och attraktiva.<\/p>\n<p>Kultur- och f\u00f6reningslivet ska vara en plats d\u00e4r gemenskap, ansvar och respekt v\u00e4xer. Ett starkt civilsamh\u00e4lle bygger integration och framtidstro.<\/p>\n<h3><strong>Kristdemokraterna i Haninge vill:<\/strong><\/h3>\n<ul>\n<li><strong>V\u00e4rna kulturarvet:<\/strong> Det lokala kulturarvet ska lyftas som grund f\u00f6r en stark bes\u00f6ksn\u00e4ring.<\/li>\n<li><strong>Utveckla fritidsg\u00e5rdarna:<\/strong> Tillg\u00e4ngligheten ska f\u00f6rb\u00e4ttras och verksamheten st\u00e4rkas.<\/li>\n<li><strong>Fler idrottsytor:<\/strong> Sm\u00e5 utomhusanl\u00e4ggningar ska finnas i varje kommundel och skolg\u00e5rdar nyttjas b\u00e4ttre.<\/li>\n<li><strong>Nya idrottsanl\u00e4ggningar:<\/strong> En ny simhall i V\u00e4sterhaninge, en fotbollsplan p\u00e5 Norrby G\u00e4rde och en 11-manna\u00adplan i V\u00e4sterhaninge ska byggas.<\/li>\n<li><strong>Avgiftsfria lokaler f\u00f6r f\u00f6reningar:<\/strong> Idrottsf\u00f6reningar ska kunna boka kommunens lokaler utan avgift.<\/li>\n<li><strong>God tillg\u00e4nglighet till anl\u00e4ggningar:<\/strong> Nya anl\u00e4ggningar ska vara tillg\u00e4ngliga med cykel, buss och bil.<\/li>\n<li><strong>St\u00e4rka sk\u00e4rg\u00e5rd och turism:<\/strong> Samarbetet med turism- och sk\u00e4rg\u00e5rdsakt\u00f6rer ska ut\u00f6kas och sk\u00e4rg\u00e5rdstrafiken byggas ut med fler b\u00e5tar till Dalar\u00f6.<\/li>\n<li><strong>V\u00e4rna svenska traditioner:<\/strong> Svenska flaggan ska vara hissad vid kommunhuset och information om normer och sexualitet ska vara \u00e5ldersanpassad.<\/li>\n<\/ul>\n<p>Vill du l\u00e4sa mer om v\u00e5r politik f\u00f6r Haninge? <a href=\"http:\/\/wp.kristdemokraterna.se\/haninge\/files\/2022\/02\/kommunpolitisk-program-2022-2026.pdf\">L\u00e4s v\u00e5rt kommunpolitiska program h\u00e4r.<\/a><\/p>\n","protected":false},"excerpt":{"rendered":"<p>Haninge ska vara en kommun d\u00e4r det \u00e4r gott att leva. Ett rikt kultur- och fritidsliv skapar gemenskap, st\u00e4rker folkh\u00e4lsan och g\u00f6r kommunen attraktiv f\u00f6r b\u00e5de inv\u00e5nare och bes\u00f6kare. V\u00e5rt kulturarv \u2013 med historiska milj\u00f6er, sk\u00e4rg\u00e5rd och levande f\u00f6reningsliv \u2013 \u00e4r en tillg\u00e5ng som ska v\u00e4rnas och utvecklas. Kommunen har till uppgift att skapa bra <a class=\"read-more-link\" href=\"https:\/\/wp.kristdemokraterna.se\/haninge\/politik-for-haninge\/kultur-och-foreningsliv\/\">L\u00e4s mer<\/a><\/p>\n","protected":false},"author":1000,"featured_media":880,"parent":342,"menu_order":8,"comment_status":"closed","ping_status":"closed","template":"","meta":{"_acf_changed":false,"footnotes":""},"class_list":["post-915","page","type-page","status-publish","hentry"],"acf":[],"yoast_head":"<!-- This site is optimized with the Yoast SEO plugin v27.4 - https:\/\/yoast.com\/product\/yoast-seo-wordpress\/ -->\n<title>Kultur och f\u00f6reningsliv &#8211; Kristdemokraterna i Haninge |<\/title>\n<meta name=\"description\" content=\"Kommunen har till uppgift att skapa bra f\u00f6ruts\u00e4ttningar f\u00f6r kultur och f\u00f6reningsliv. En meningsfull fritid st\u00e4rker ungas h\u00e4lsa och v\u00e4lm\u00e5ende.\" \/>\n<meta name=\"robots\" content=\"index, follow, max-snippet:-1, max-image-preview:large, max-video-preview:-1\" \/>\n<link rel=\"canonical\" href=\"https:\/\/wp.kristdemokraterna.se\/haninge\/politik-for-haninge\/kultur-och-foreningsliv\/\" \/>\n<meta property=\"og:locale\" content=\"sv_SE\" \/>\n<meta property=\"og:type\" content=\"article\" \/>\n<meta property=\"og:title\" content=\"Kultur och f\u00f6reningsliv &#8211; Kristdemokraterna i Haninge |\" \/>\n<meta property=\"og:description\" content=\"Kommunen har till uppgift att skapa bra f\u00f6ruts\u00e4ttningar f\u00f6r kultur och f\u00f6reningsliv. En meningsfull fritid st\u00e4rker ungas h\u00e4lsa och v\u00e4lm\u00e5ende.\" \/>\n<meta property=\"og:url\" content=\"https:\/\/wp.kristdemokraterna.se\/haninge\/politik-for-haninge\/kultur-och-foreningsliv\/\" \/>\n<meta property=\"og:site_name\" content=\"Kristdemokraterna i Haninge |\" \/>\n<meta property=\"article:modified_time\" content=\"2026-02-27T09:32:46+00:00\" \/>\n<meta property=\"og:image\" content=\"https:\/\/wp.kristdemokraterna.se\/haninge\/files\/2022\/02\/fotboll.jpg\" \/>\n\t<meta property=\"og:image:width\" content=\"870\" \/>\n\t<meta property=\"og:image:height\" content=\"580\" \/>\n\t<meta property=\"og:image:type\" content=\"image\/jpeg\" \/>\n<meta name=\"twitter:card\" content=\"summary_large_image\" \/>\n<meta name=\"twitter:label1\" content=\"Ber\u00e4knad l\u00e4stid\" \/>\n\t<meta name=\"twitter:data1\" content=\"2 minuter\" \/>\n<script type=\"application\/ld+json\" class=\"yoast-schema-graph\">{\"@context\":\"https:\\\/\\\/schema.org\",\"@graph\":[{\"@type\":\"WebPage\",\"@id\":\"https:\\\/\\\/wp.kristdemokraterna.se\\\/haninge\\\/politik-for-haninge\\\/kultur-och-foreningsliv\\\/\",\"url\":\"https:\\\/\\\/wp.kristdemokraterna.se\\\/haninge\\\/politik-for-haninge\\\/kultur-och-foreningsliv\\\/\",\"name\":\"Kultur och f\u00f6reningsliv &#8211; Kristdemokraterna i Haninge |\",\"isPartOf\":{\"@id\":\"https:\\\/\\\/wp.kristdemokraterna.se\\\/haninge\\\/#website\"},\"primaryImageOfPage\":{\"@id\":\"https:\\\/\\\/wp.kristdemokraterna.se\\\/haninge\\\/politik-for-haninge\\\/kultur-och-foreningsliv\\\/#primaryimage\"},\"image\":{\"@id\":\"https:\\\/\\\/wp.kristdemokraterna.se\\\/haninge\\\/politik-for-haninge\\\/kultur-och-foreningsliv\\\/#primaryimage\"},\"thumbnailUrl\":\"https:\\\/\\\/wp.kristdemokraterna.se\\\/haninge\\\/files\\\/2022\\\/01\\\/kd-logo-bla\u2560e.png\",\"datePublished\":\"2022-03-01T18:19:36+00:00\",\"dateModified\":\"2026-02-27T09:32:46+00:00\",\"description\":\"Kommunen har till uppgift att skapa bra f\u00f6ruts\u00e4ttningar f\u00f6r kultur och f\u00f6reningsliv. En meningsfull fritid st\u00e4rker ungas h\u00e4lsa och v\u00e4lm\u00e5ende.\",\"breadcrumb\":{\"@id\":\"https:\\\/\\\/wp.kristdemokraterna.se\\\/haninge\\\/politik-for-haninge\\\/kultur-och-foreningsliv\\\/#breadcrumb\"},\"inLanguage\":\"sv-SE\",\"potentialAction\":[{\"@type\":\"ReadAction\",\"target\":[\"https:\\\/\\\/wp.kristdemokraterna.se\\\/haninge\\\/politik-for-haninge\\\/kultur-och-foreningsliv\\\/\"]}]},{\"@type\":\"ImageObject\",\"inLanguage\":\"sv-SE\",\"@id\":\"https:\\\/\\\/wp.kristdemokraterna.se\\\/haninge\\\/politik-for-haninge\\\/kultur-och-foreningsliv\\\/#primaryimage\",\"url\":\"https:\\\/\\\/wp.kristdemokraterna.se\\\/haninge\\\/files\\\/2022\\\/01\\\/kd-logo-bla\u2560e.png\",\"contentUrl\":\"https:\\\/\\\/wp.kristdemokraterna.se\\\/haninge\\\/files\\\/2022\\\/01\\\/kd-logo-bla\u2560e.png\",\"width\":2032,\"height\":2031,\"caption\":\"Kristdemokraterna\"},{\"@type\":\"BreadcrumbList\",\"@id\":\"https:\\\/\\\/wp.kristdemokraterna.se\\\/haninge\\\/politik-for-haninge\\\/kultur-och-foreningsliv\\\/#breadcrumb\",\"itemListElement\":[{\"@type\":\"ListItem\",\"position\":1,\"name\":\"Hem\",\"item\":\"https:\\\/\\\/wp.kristdemokraterna.se\\\/haninge\\\/\"},{\"@type\":\"ListItem\",\"position\":2,\"name\":\"V\u00e5r politik f\u00f6r Haninge\",\"item\":\"https:\\\/\\\/wp.kristdemokraterna.se\\\/haninge\\\/politik-for-haninge\\\/\"},{\"@type\":\"ListItem\",\"position\":3,\"name\":\"Kultur och f\u00f6reningsliv\"}]},{\"@type\":\"WebSite\",\"@id\":\"https:\\\/\\\/wp.kristdemokraterna.se\\\/haninge\\\/#website\",\"url\":\"https:\\\/\\\/wp.kristdemokraterna.se\\\/haninge\\\/\",\"name\":\"Kristdemokraterna i Haninge |\",\"description\":\"Det trygga alternativet\",\"publisher\":{\"@id\":\"https:\\\/\\\/wp.kristdemokraterna.se\\\/haninge\\\/#organization\"},\"inLanguage\":\"sv-SE\"},{\"@type\":\"Organization\",\"@id\":\"https:\\\/\\\/wp.kristdemokraterna.se\\\/haninge\\\/#organization\",\"name\":\"Kristdemokraterna i Haninge\",\"url\":\"https:\\\/\\\/wp.kristdemokraterna.se\\\/haninge\\\/\",\"logo\":{\"@type\":\"ImageObject\",\"inLanguage\":\"sv-SE\",\"@id\":\"https:\\\/\\\/wp.kristdemokraterna.se\\\/haninge\\\/#\\\/schema\\\/logo\\\/image\\\/\",\"url\":\"https:\\\/\\\/wp.kristdemokraterna.se\\\/haninge\\\/files\\\/2022\\\/01\\\/kd-logo-bla\u2560e.png\",\"contentUrl\":\"https:\\\/\\\/wp.kristdemokraterna.se\\\/haninge\\\/files\\\/2022\\\/01\\\/kd-logo-bla\u2560e.png\",\"width\":2032,\"height\":2031,\"caption\":\"Kristdemokraterna i Haninge\"},\"image\":{\"@id\":\"https:\\\/\\\/wp.kristdemokraterna.se\\\/haninge\\\/#\\\/schema\\\/logo\\\/image\\\/\"}}]}<\/script>\n<!-- \/ Yoast SEO plugin. -->","yoast_head_json":{"title":"Kultur och f\u00f6reningsliv &#8211; Kristdemokraterna i Haninge |","description":"Kommunen har till uppgift att skapa bra f\u00f6ruts\u00e4ttningar f\u00f6r kultur och f\u00f6reningsliv. En meningsfull fritid st\u00e4rker ungas h\u00e4lsa och v\u00e4lm\u00e5ende.","robots":{"index":"index","follow":"follow","max-snippet":"max-snippet:-1","max-image-preview":"max-image-preview:large","max-video-preview":"max-video-preview:-1"},"canonical":"https:\/\/wp.kristdemokraterna.se\/haninge\/politik-for-haninge\/kultur-och-foreningsliv\/","og_locale":"sv_SE","og_type":"article","og_title":"Kultur och f\u00f6reningsliv &#8211; Kristdemokraterna i Haninge |","og_description":"Kommunen har till uppgift att skapa bra f\u00f6ruts\u00e4ttningar f\u00f6r kultur och f\u00f6reningsliv. En meningsfull fritid st\u00e4rker ungas h\u00e4lsa och v\u00e4lm\u00e5ende.","og_url":"https:\/\/wp.kristdemokraterna.se\/haninge\/politik-for-haninge\/kultur-och-foreningsliv\/","og_site_name":"Kristdemokraterna i Haninge |","article_modified_time":"2026-02-27T09:32:46+00:00","og_image":[{"width":870,"height":580,"url":"https:\/\/wp.kristdemokraterna.se\/haninge\/files\/2022\/02\/fotboll.jpg","type":"image\/jpeg"}],"twitter_card":"summary_large_image","twitter_misc":{"Ber\u00e4knad l\u00e4stid":"2 minuter"},"schema":{"@context":"https:\/\/schema.org","@graph":[{"@type":"WebPage","@id":"https:\/\/wp.kristdemokraterna.se\/haninge\/politik-for-haninge\/kultur-och-foreningsliv\/","url":"https:\/\/wp.kristdemokraterna.se\/haninge\/politik-for-haninge\/kultur-och-foreningsliv\/","name":"Kultur och f\u00f6reningsliv &#8211; Kristdemokraterna i Haninge |","isPartOf":{"@id":"https:\/\/wp.kristdemokraterna.se\/haninge\/#website"},"primaryImageOfPage":{"@id":"https:\/\/wp.kristdemokraterna.se\/haninge\/politik-for-haninge\/kultur-och-foreningsliv\/#primaryimage"},"image":{"@id":"https:\/\/wp.kristdemokraterna.se\/haninge\/politik-for-haninge\/kultur-och-foreningsliv\/#primaryimage"},"thumbnailUrl":"https:\/\/wp.kristdemokraterna.se\/haninge\/files\/2022\/01\/kd-logo-bla\u2560e.png","datePublished":"2022-03-01T18:19:36+00:00","dateModified":"2026-02-27T09:32:46+00:00","description":"Kommunen har till uppgift att skapa bra f\u00f6ruts\u00e4ttningar f\u00f6r kultur och f\u00f6reningsliv. En meningsfull fritid st\u00e4rker ungas h\u00e4lsa och v\u00e4lm\u00e5ende.","breadcrumb":{"@id":"https:\/\/wp.kristdemokraterna.se\/haninge\/politik-for-haninge\/kultur-och-foreningsliv\/#breadcrumb"},"inLanguage":"sv-SE","potentialAction":[{"@type":"ReadAction","target":["https:\/\/wp.kristdemokraterna.se\/haninge\/politik-for-haninge\/kultur-och-foreningsliv\/"]}]},{"@type":"ImageObject","inLanguage":"sv-SE","@id":"https:\/\/wp.kristdemokraterna.se\/haninge\/politik-for-haninge\/kultur-och-foreningsliv\/#primaryimage","url":"https:\/\/wp.kristdemokraterna.se\/haninge\/files\/2022\/01\/kd-logo-bla\u2560e.png","contentUrl":"https:\/\/wp.kristdemokraterna.se\/haninge\/files\/2022\/01\/kd-logo-bla\u2560e.png","width":2032,"height":2031,"caption":"Kristdemokraterna"},{"@type":"BreadcrumbList","@id":"https:\/\/wp.kristdemokraterna.se\/haninge\/politik-for-haninge\/kultur-och-foreningsliv\/#breadcrumb","itemListElement":[{"@type":"ListItem","position":1,"name":"Hem","item":"https:\/\/wp.kristdemokraterna.se\/haninge\/"},{"@type":"ListItem","position":2,"name":"V\u00e5r politik f\u00f6r Haninge","item":"https:\/\/wp.kristdemokraterna.se\/haninge\/politik-for-haninge\/"},{"@type":"ListItem","position":3,"name":"Kultur och f\u00f6reningsliv"}]},{"@type":"WebSite","@id":"https:\/\/wp.kristdemokraterna.se\/haninge\/#website","url":"https:\/\/wp.kristdemokraterna.se\/haninge\/","name":"Kristdemokraterna i Haninge |","description":"Det trygga alternativet","publisher":{"@id":"https:\/\/wp.kristdemokraterna.se\/haninge\/#organization"},"inLanguage":"sv-SE"},{"@type":"Organization","@id":"https:\/\/wp.kristdemokraterna.se\/haninge\/#organization","name":"Kristdemokraterna i Haninge","url":"https:\/\/wp.kristdemokraterna.se\/haninge\/","logo":{"@type":"ImageObject","inLanguage":"sv-SE","@id":"https:\/\/wp.kristdemokraterna.se\/haninge\/#\/schema\/logo\/image\/","url":"https:\/\/wp.kristdemokraterna.se\/haninge\/files\/2022\/01\/kd-logo-bla\u2560e.png","contentUrl":"https:\/\/wp.kristdemokraterna.se\/haninge\/files\/2022\/01\/kd-logo-bla\u2560e.png","width":2032,"height":2031,"caption":"Kristdemokraterna i Haninge"},"image":{"@id":"https:\/\/wp.kristdemokraterna.se\/haninge\/#\/schema\/logo\/image\/"}}]}},"_links":{"self":[{"href":"https:\/\/wp.kristdemokraterna.se\/haninge\/wp-json\/wp\/v2\/pages\/915","targetHints":{"allow":["GET"]}}],"collection":[{"href":"https:\/\/wp.kristdemokraterna.se\/haninge\/wp-json\/wp\/v2\/pages"}],"about":[{"href":"https:\/\/wp.kristdemokraterna.se\/haninge\/wp-json\/wp\/v2\/types\/page"}],"author":[{"embeddable":true,"href":"https:\/\/wp.kristdemokraterna.se\/haninge\/wp-json\/wp\/v2\/users\/1000"}],"replies":[{"embeddable":true,"href":"https:\/\/wp.kristdemokraterna.se\/haninge\/wp-json\/wp\/v2\/comments?post=915"}],"version-history":[{"count":14,"href":"https:\/\/wp.kristdemokraterna.se\/haninge\/wp-json\/wp\/v2\/pages\/915\/revisions"}],"predecessor-version":[{"id":1332,"href":"https:\/\/wp.kristdemokraterna.se\/haninge\/wp-json\/wp\/v2\/pages\/915\/revisions\/1332"}],"up":[{"embeddable":true,"href":"https:\/\/wp.kristdemokraterna.se\/haninge\/wp-json\/wp\/v2\/pages\/342"}],"wp:featuredmedia":[{"embeddable":true,"href":"https:\/\/wp.kristdemokraterna.se\/haninge\/wp-json\/wp\/v2\/media\/880"}],"wp:attachment":[{"href":"https:\/\/wp.kristdemokraterna.se\/haninge\/wp-json\/wp\/v2\/media?parent=915"}],"curies":[{"name":"wp","href":"https:\/\/api.w.org\/{rel}","templated":true}]}}