{"id":920,"date":"2022-03-01T19:53:37","date_gmt":"2022-03-01T18:53:37","guid":{"rendered":"https:\/\/wp.kristdemokraterna.se\/haninge\/?page_id=920"},"modified":"2026-02-27T11:04:36","modified_gmt":"2026-02-27T10:04:36","slug":"stadsbyggnad","status":"publish","type":"page","link":"https:\/\/wp.kristdemokraterna.se\/haninge\/politik-for-haninge\/stadsbyggnad\/","title":{"rendered":"Stadsbyggnad"},"content":{"rendered":"<p>Hur vi planerar och bygger v\u00e5r kommun p\u00e5verkar tryggheten, gemenskapen och livskvaliteten. N\u00e4r bost\u00e4der, arbetsplatser och service samverkar skapas levande omr\u00e5den d\u00e4r m\u00e4nniskor m\u00f6ts.<\/p>\n<p>Bostadsbyggandet \u00e4r viktigt \u2013 men det handlar inte bara om antal, utan om att bygga r\u00e4tt bost\u00e4der p\u00e5 r\u00e4tt plats. Nya omr\u00e5den ska utformas med l\u00e5g energif\u00f6rbrukning, sunda material och gr\u00f6na m\u00f6tesplatser som skapar trygghet och trivsel. Varje kommundel ska utvecklas utifr\u00e5n sin unika karakt\u00e4r och i dialog med de boende.<\/p>\n<p>I takt med att Haninge v\u00e4xer ska service och infrastruktur f\u00f6lja kommunens utveckling. Vi kommer att forts\u00e4tta att vara p\u00e5drivande i de regionala fr\u00e5gor som ber\u00f6r v\u00e5r kommun, inte minst vad g\u00e4ller kollektivtrafik, cykelbanor, v\u00e4gar och byggandet av ett nytt n\u00e4rsjukhus.<\/p>\n<p style=\"text-align: center\"><img loading=\"lazy\" decoding=\"async\" class=\"aligncenter wp-image-983\" src=\"http:\/\/wp.kristdemokraterna.se\/haninge\/files\/2022\/02\/cykelvag-1024x876.jpg\" alt=\"stadsbyggnad\" width=\"462\" height=\"395\" srcset=\"https:\/\/wp.kristdemokraterna.se\/haninge\/files\/2022\/02\/cykelvag-1024x876.jpg 1024w, https:\/\/wp.kristdemokraterna.se\/haninge\/files\/2022\/02\/cykelvag-300x257.jpg 300w, https:\/\/wp.kristdemokraterna.se\/haninge\/files\/2022\/02\/cykelvag-768x657.jpg 768w, https:\/\/wp.kristdemokraterna.se\/haninge\/files\/2022\/02\/cykelvag-234x200.jpg 234w, https:\/\/wp.kristdemokraterna.se\/haninge\/files\/2022\/02\/cykelvag-370x317.jpg 370w, https:\/\/wp.kristdemokraterna.se\/haninge\/files\/2022\/02\/cykelvag-770x659.jpg 770w, https:\/\/wp.kristdemokraterna.se\/haninge\/files\/2022\/02\/cykelvag-450x385.jpg 450w, https:\/\/wp.kristdemokraterna.se\/haninge\/files\/2022\/02\/cykelvag-280x240.jpg 280w, https:\/\/wp.kristdemokraterna.se\/haninge\/files\/2022\/02\/cykelvag-340x291.jpg 340w, https:\/\/wp.kristdemokraterna.se\/haninge\/files\/2022\/02\/cykelvag-200x171.jpg 200w, https:\/\/wp.kristdemokraterna.se\/haninge\/files\/2022\/02\/cykelvag-65x56.jpg 65w, https:\/\/wp.kristdemokraterna.se\/haninge\/files\/2022\/02\/cykelvag.jpg 1391w\" sizes=\"auto, (max-width: 462px) 100vw, 462px\" \/><\/p>\n<p>Vi vill bygga bost\u00e4der som m\u00e4nniskor faktiskt efterfr\u00e5gar. I centrala Haninge beh\u00f6vs fler bost\u00e4der f\u00f6r att st\u00e4rka service och trygghet. I flera kommundelar ska sm\u00e5hus prioriteras, samtidigt som bebyggelsen p\u00e5 Dalar\u00f6 och i Vendels\u00f6 ska vara \u00e5terh\u00e5llsam.<\/p>\n<p>Bostadsbyggandet \u00e4r en v\u00e4sentlig del n\u00e4r vi utvecklar Haninge, men det \u00e4r viktigt att inte bara fokusera p\u00e5 antalet bost\u00e4der utan ocks\u00e5 p\u00e5 hur de nya bost\u00e4derna byggs.\u00a0 Nya omgivningar ska formges b\u00e5de effektivt och vackert samtidigt som kulturhistoriska byggnader ska v\u00e4rnas.<\/p>\n<h3><strong>Kristdemokraterna i Haninge vill:<\/strong><\/h3>\n<ul>\n<li><strong>F\u00f6rb\u00e4ttra infrastrukturen:<\/strong> Kommunen ska verka f\u00f6r Tv\u00e4rf\u00f6rbindelse S\u00f6dert\u00f6rn och en f\u00f6rb\u00e4ttrad trafikl\u00f6sning vid Dalar\u00f6v\u00e4gen\/G\u00e5l\u00f6v\u00e4gen.<\/li>\n<li><strong>Utveckla pendlingen:<\/strong> Vega ska bli en del av pendellinjen 43X f\u00f6r snabbare resor till city.<\/li>\n<li><strong>Bygga varierat:<\/strong> Bostadsomr\u00e5den ska inneh\u00e5lla olika typer av boenden. I Tungelsta, V\u00e4sterhaninge, Gud\u00f6 och Vendels\u00f6 ska sm\u00e5hus prioriteras.<\/li>\n<li><strong>Utveckla Gud\u00f6broleden:<\/strong> V\u00e4gen ska breddas f\u00f6r att m\u00f6jligg\u00f6ra expressbuss mellan Haninge och Stockholm.<\/li>\n<li><strong>Bygga fler cykelv\u00e4gar:<\/strong> Nya cykelv\u00e4gar till Dalar\u00f6 och Berga ska f\u00f6rb\u00e4ttra s\u00e4kerhet och tillg\u00e4nglighet.<\/li>\n<li><strong>\u00d6ka trafiks\u00e4kerheten:<\/strong> En cirkulationsplats vid Parkv\u00e4gen\/Tungelstav\u00e4gen ska byggas.<\/li>\n<li><strong>Utveckla Norrbyskogen:<\/strong> Omr\u00e5det ska utvecklas med sm\u00e5hus i en trivsam och naturn\u00e4ra milj\u00f6.<\/li>\n<li><strong>Bygga nytt akutsjukhus:<\/strong> Ett nytt n\u00e4rsjukhus med fler v\u00e5rdavdelningar ska etableras.<\/li>\n<li><strong>Fungerande kollektivtrafik:<\/strong> Nya och mindre centrala omr\u00e5den ska ha god lokaltrafik och fler expressbusslinjer till city.<\/li>\n<li><strong>Utveckla Poseidons torg:<\/strong> Fler restauranger, caf\u00e9er och kulturverksamheter ska m\u00f6jligg\u00f6ras.<\/li>\n<li><strong>L\u00e5ga parkeringsavgifter:<\/strong> Parkeringsavgifterna ska vara s\u00e5 l\u00e5ga som m\u00f6jligt eller avgiftsfria.<\/li>\n<\/ul>\n<p>Vill du l\u00e4sa mer om v\u00e5r politik f\u00f6r Haninge? <a href=\"http:\/\/wp.kristdemokraterna.se\/haninge\/files\/2022\/02\/kommunpolitisk-program-2022-2026.pdf\">L\u00e4s v\u00e5rt kommunpolitiska program h\u00e4r.<\/a><\/p>\n","protected":false},"excerpt":{"rendered":"<p>Hur vi planerar och bygger v\u00e5r kommun p\u00e5verkar tryggheten, gemenskapen och livskvaliteten. N\u00e4r bost\u00e4der, arbetsplatser och service samverkar skapas levande omr\u00e5den d\u00e4r m\u00e4nniskor m\u00f6ts. Bostadsbyggandet \u00e4r viktigt \u2013 men det handlar inte bara om antal, utan om att bygga r\u00e4tt bost\u00e4der p\u00e5 r\u00e4tt plats. Nya omr\u00e5den ska utformas med l\u00e5g energif\u00f6rbrukning, sunda material och gr\u00f6na <a class=\"read-more-link\" href=\"https:\/\/wp.kristdemokraterna.se\/haninge\/politik-for-haninge\/stadsbyggnad\/\">L\u00e4s mer<\/a><\/p>\n","protected":false},"author":1000,"featured_media":880,"parent":342,"menu_order":11,"comment_status":"closed","ping_status":"closed","template":"","meta":{"_acf_changed":false,"footnotes":""},"class_list":["post-920","page","type-page","status-publish","hentry"],"acf":[],"yoast_head":"<!-- This site is optimized with the Yoast SEO plugin v27.5 - https:\/\/yoast.com\/product\/yoast-seo-wordpress\/ -->\n<title>Stadsbyggnad &#8211; Kristdemokraterna i Haninge |<\/title>\n<meta name=\"description\" content=\"Nya omgivningar ska formges b\u00e5de effektivt och vackert samtidigt som kulturhistoriska byggnader ska v\u00e4rnas - m\u00e4nsklig stadsbyggnad i fokus!\" \/>\n<meta name=\"robots\" content=\"index, follow, max-snippet:-1, max-image-preview:large, max-video-preview:-1\" \/>\n<link rel=\"canonical\" href=\"https:\/\/wp.kristdemokraterna.se\/haninge\/politik-for-haninge\/stadsbyggnad\/\" \/>\n<meta property=\"og:locale\" content=\"sv_SE\" \/>\n<meta property=\"og:type\" content=\"article\" \/>\n<meta property=\"og:title\" content=\"Stadsbyggnad &#8211; Kristdemokraterna i Haninge |\" \/>\n<meta property=\"og:description\" content=\"Nya omgivningar ska formges b\u00e5de effektivt och vackert samtidigt som kulturhistoriska byggnader ska v\u00e4rnas - m\u00e4nsklig stadsbyggnad i fokus!\" \/>\n<meta property=\"og:url\" content=\"https:\/\/wp.kristdemokraterna.se\/haninge\/politik-for-haninge\/stadsbyggnad\/\" \/>\n<meta property=\"og:site_name\" content=\"Kristdemokraterna i Haninge |\" \/>\n<meta property=\"article:modified_time\" content=\"2026-02-27T10:04:36+00:00\" \/>\n<meta property=\"og:image\" content=\"https:\/\/wp.kristdemokraterna.se\/haninge\/files\/2022\/02\/cykelvag.jpg\" \/>\n\t<meta property=\"og:image:width\" content=\"1391\" \/>\n\t<meta property=\"og:image:height\" content=\"1190\" \/>\n\t<meta property=\"og:image:type\" content=\"image\/jpeg\" \/>\n<meta name=\"twitter:card\" content=\"summary_large_image\" \/>\n<meta name=\"twitter:label1\" content=\"Ber\u00e4knad l\u00e4stid\" \/>\n\t<meta name=\"twitter:data1\" content=\"2 minuter\" \/>\n<script type=\"application\/ld+json\" class=\"yoast-schema-graph\">{\"@context\":\"https:\\\/\\\/schema.org\",\"@graph\":[{\"@type\":\"WebPage\",\"@id\":\"https:\\\/\\\/wp.kristdemokraterna.se\\\/haninge\\\/politik-for-haninge\\\/stadsbyggnad\\\/\",\"url\":\"https:\\\/\\\/wp.kristdemokraterna.se\\\/haninge\\\/politik-for-haninge\\\/stadsbyggnad\\\/\",\"name\":\"Stadsbyggnad &#8211; Kristdemokraterna i Haninge |\",\"isPartOf\":{\"@id\":\"https:\\\/\\\/wp.kristdemokraterna.se\\\/haninge\\\/#website\"},\"primaryImageOfPage\":{\"@id\":\"https:\\\/\\\/wp.kristdemokraterna.se\\\/haninge\\\/politik-for-haninge\\\/stadsbyggnad\\\/#primaryimage\"},\"image\":{\"@id\":\"https:\\\/\\\/wp.kristdemokraterna.se\\\/haninge\\\/politik-for-haninge\\\/stadsbyggnad\\\/#primaryimage\"},\"thumbnailUrl\":\"https:\\\/\\\/wp.kristdemokraterna.se\\\/haninge\\\/files\\\/2022\\\/01\\\/kd-logo-bla\u2560e.png\",\"datePublished\":\"2022-03-01T18:53:37+00:00\",\"dateModified\":\"2026-02-27T10:04:36+00:00\",\"description\":\"Nya omgivningar ska formges b\u00e5de effektivt och vackert samtidigt som kulturhistoriska byggnader ska v\u00e4rnas - m\u00e4nsklig stadsbyggnad i fokus!\",\"breadcrumb\":{\"@id\":\"https:\\\/\\\/wp.kristdemokraterna.se\\\/haninge\\\/politik-for-haninge\\\/stadsbyggnad\\\/#breadcrumb\"},\"inLanguage\":\"sv-SE\",\"potentialAction\":[{\"@type\":\"ReadAction\",\"target\":[\"https:\\\/\\\/wp.kristdemokraterna.se\\\/haninge\\\/politik-for-haninge\\\/stadsbyggnad\\\/\"]}]},{\"@type\":\"ImageObject\",\"inLanguage\":\"sv-SE\",\"@id\":\"https:\\\/\\\/wp.kristdemokraterna.se\\\/haninge\\\/politik-for-haninge\\\/stadsbyggnad\\\/#primaryimage\",\"url\":\"https:\\\/\\\/wp.kristdemokraterna.se\\\/haninge\\\/files\\\/2022\\\/01\\\/kd-logo-bla\u2560e.png\",\"contentUrl\":\"https:\\\/\\\/wp.kristdemokraterna.se\\\/haninge\\\/files\\\/2022\\\/01\\\/kd-logo-bla\u2560e.png\",\"width\":2032,\"height\":2031,\"caption\":\"Kristdemokraterna\"},{\"@type\":\"BreadcrumbList\",\"@id\":\"https:\\\/\\\/wp.kristdemokraterna.se\\\/haninge\\\/politik-for-haninge\\\/stadsbyggnad\\\/#breadcrumb\",\"itemListElement\":[{\"@type\":\"ListItem\",\"position\":1,\"name\":\"Hem\",\"item\":\"https:\\\/\\\/wp.kristdemokraterna.se\\\/haninge\\\/\"},{\"@type\":\"ListItem\",\"position\":2,\"name\":\"V\u00e5r politik f\u00f6r Haninge\",\"item\":\"https:\\\/\\\/wp.kristdemokraterna.se\\\/haninge\\\/politik-for-haninge\\\/\"},{\"@type\":\"ListItem\",\"position\":3,\"name\":\"Stadsbyggnad\"}]},{\"@type\":\"WebSite\",\"@id\":\"https:\\\/\\\/wp.kristdemokraterna.se\\\/haninge\\\/#website\",\"url\":\"https:\\\/\\\/wp.kristdemokraterna.se\\\/haninge\\\/\",\"name\":\"Kristdemokraterna i Haninge |\",\"description\":\"Det trygga alternativet\",\"publisher\":{\"@id\":\"https:\\\/\\\/wp.kristdemokraterna.se\\\/haninge\\\/#organization\"},\"inLanguage\":\"sv-SE\"},{\"@type\":\"Organization\",\"@id\":\"https:\\\/\\\/wp.kristdemokraterna.se\\\/haninge\\\/#organization\",\"name\":\"Kristdemokraterna i Haninge\",\"url\":\"https:\\\/\\\/wp.kristdemokraterna.se\\\/haninge\\\/\",\"logo\":{\"@type\":\"ImageObject\",\"inLanguage\":\"sv-SE\",\"@id\":\"https:\\\/\\\/wp.kristdemokraterna.se\\\/haninge\\\/#\\\/schema\\\/logo\\\/image\\\/\",\"url\":\"https:\\\/\\\/wp.kristdemokraterna.se\\\/haninge\\\/files\\\/2022\\\/01\\\/kd-logo-bla\u2560e.png\",\"contentUrl\":\"https:\\\/\\\/wp.kristdemokraterna.se\\\/haninge\\\/files\\\/2022\\\/01\\\/kd-logo-bla\u2560e.png\",\"width\":2032,\"height\":2031,\"caption\":\"Kristdemokraterna i Haninge\"},\"image\":{\"@id\":\"https:\\\/\\\/wp.kristdemokraterna.se\\\/haninge\\\/#\\\/schema\\\/logo\\\/image\\\/\"}}]}<\/script>\n<!-- \/ Yoast SEO plugin. -->","yoast_head_json":{"title":"Stadsbyggnad &#8211; Kristdemokraterna i Haninge |","description":"Nya omgivningar ska formges b\u00e5de effektivt och vackert samtidigt som kulturhistoriska byggnader ska v\u00e4rnas - m\u00e4nsklig stadsbyggnad i fokus!","robots":{"index":"index","follow":"follow","max-snippet":"max-snippet:-1","max-image-preview":"max-image-preview:large","max-video-preview":"max-video-preview:-1"},"canonical":"https:\/\/wp.kristdemokraterna.se\/haninge\/politik-for-haninge\/stadsbyggnad\/","og_locale":"sv_SE","og_type":"article","og_title":"Stadsbyggnad &#8211; Kristdemokraterna i Haninge |","og_description":"Nya omgivningar ska formges b\u00e5de effektivt och vackert samtidigt som kulturhistoriska byggnader ska v\u00e4rnas - m\u00e4nsklig stadsbyggnad i fokus!","og_url":"https:\/\/wp.kristdemokraterna.se\/haninge\/politik-for-haninge\/stadsbyggnad\/","og_site_name":"Kristdemokraterna i Haninge |","article_modified_time":"2026-02-27T10:04:36+00:00","og_image":[{"width":1391,"height":1190,"url":"https:\/\/wp.kristdemokraterna.se\/haninge\/files\/2022\/02\/cykelvag.jpg","type":"image\/jpeg"}],"twitter_card":"summary_large_image","twitter_misc":{"Ber\u00e4knad l\u00e4stid":"2 minuter"},"schema":{"@context":"https:\/\/schema.org","@graph":[{"@type":"WebPage","@id":"https:\/\/wp.kristdemokraterna.se\/haninge\/politik-for-haninge\/stadsbyggnad\/","url":"https:\/\/wp.kristdemokraterna.se\/haninge\/politik-for-haninge\/stadsbyggnad\/","name":"Stadsbyggnad &#8211; Kristdemokraterna i Haninge |","isPartOf":{"@id":"https:\/\/wp.kristdemokraterna.se\/haninge\/#website"},"primaryImageOfPage":{"@id":"https:\/\/wp.kristdemokraterna.se\/haninge\/politik-for-haninge\/stadsbyggnad\/#primaryimage"},"image":{"@id":"https:\/\/wp.kristdemokraterna.se\/haninge\/politik-for-haninge\/stadsbyggnad\/#primaryimage"},"thumbnailUrl":"https:\/\/wp.kristdemokraterna.se\/haninge\/files\/2022\/01\/kd-logo-bla\u2560e.png","datePublished":"2022-03-01T18:53:37+00:00","dateModified":"2026-02-27T10:04:36+00:00","description":"Nya omgivningar ska formges b\u00e5de effektivt och vackert samtidigt som kulturhistoriska byggnader ska v\u00e4rnas - m\u00e4nsklig stadsbyggnad i fokus!","breadcrumb":{"@id":"https:\/\/wp.kristdemokraterna.se\/haninge\/politik-for-haninge\/stadsbyggnad\/#breadcrumb"},"inLanguage":"sv-SE","potentialAction":[{"@type":"ReadAction","target":["https:\/\/wp.kristdemokraterna.se\/haninge\/politik-for-haninge\/stadsbyggnad\/"]}]},{"@type":"ImageObject","inLanguage":"sv-SE","@id":"https:\/\/wp.kristdemokraterna.se\/haninge\/politik-for-haninge\/stadsbyggnad\/#primaryimage","url":"https:\/\/wp.kristdemokraterna.se\/haninge\/files\/2022\/01\/kd-logo-bla\u2560e.png","contentUrl":"https:\/\/wp.kristdemokraterna.se\/haninge\/files\/2022\/01\/kd-logo-bla\u2560e.png","width":2032,"height":2031,"caption":"Kristdemokraterna"},{"@type":"BreadcrumbList","@id":"https:\/\/wp.kristdemokraterna.se\/haninge\/politik-for-haninge\/stadsbyggnad\/#breadcrumb","itemListElement":[{"@type":"ListItem","position":1,"name":"Hem","item":"https:\/\/wp.kristdemokraterna.se\/haninge\/"},{"@type":"ListItem","position":2,"name":"V\u00e5r politik f\u00f6r Haninge","item":"https:\/\/wp.kristdemokraterna.se\/haninge\/politik-for-haninge\/"},{"@type":"ListItem","position":3,"name":"Stadsbyggnad"}]},{"@type":"WebSite","@id":"https:\/\/wp.kristdemokraterna.se\/haninge\/#website","url":"https:\/\/wp.kristdemokraterna.se\/haninge\/","name":"Kristdemokraterna i Haninge |","description":"Det trygga alternativet","publisher":{"@id":"https:\/\/wp.kristdemokraterna.se\/haninge\/#organization"},"inLanguage":"sv-SE"},{"@type":"Organization","@id":"https:\/\/wp.kristdemokraterna.se\/haninge\/#organization","name":"Kristdemokraterna i Haninge","url":"https:\/\/wp.kristdemokraterna.se\/haninge\/","logo":{"@type":"ImageObject","inLanguage":"sv-SE","@id":"https:\/\/wp.kristdemokraterna.se\/haninge\/#\/schema\/logo\/image\/","url":"https:\/\/wp.kristdemokraterna.se\/haninge\/files\/2022\/01\/kd-logo-bla\u2560e.png","contentUrl":"https:\/\/wp.kristdemokraterna.se\/haninge\/files\/2022\/01\/kd-logo-bla\u2560e.png","width":2032,"height":2031,"caption":"Kristdemokraterna i Haninge"},"image":{"@id":"https:\/\/wp.kristdemokraterna.se\/haninge\/#\/schema\/logo\/image\/"}}]}},"_links":{"self":[{"href":"https:\/\/wp.kristdemokraterna.se\/haninge\/wp-json\/wp\/v2\/pages\/920","targetHints":{"allow":["GET"]}}],"collection":[{"href":"https:\/\/wp.kristdemokraterna.se\/haninge\/wp-json\/wp\/v2\/pages"}],"about":[{"href":"https:\/\/wp.kristdemokraterna.se\/haninge\/wp-json\/wp\/v2\/types\/page"}],"author":[{"embeddable":true,"href":"https:\/\/wp.kristdemokraterna.se\/haninge\/wp-json\/wp\/v2\/users\/1000"}],"replies":[{"embeddable":true,"href":"https:\/\/wp.kristdemokraterna.se\/haninge\/wp-json\/wp\/v2\/comments?post=920"}],"version-history":[{"count":11,"href":"https:\/\/wp.kristdemokraterna.se\/haninge\/wp-json\/wp\/v2\/pages\/920\/revisions"}],"predecessor-version":[{"id":1341,"href":"https:\/\/wp.kristdemokraterna.se\/haninge\/wp-json\/wp\/v2\/pages\/920\/revisions\/1341"}],"up":[{"embeddable":true,"href":"https:\/\/wp.kristdemokraterna.se\/haninge\/wp-json\/wp\/v2\/pages\/342"}],"wp:featuredmedia":[{"embeddable":true,"href":"https:\/\/wp.kristdemokraterna.se\/haninge\/wp-json\/wp\/v2\/media\/880"}],"wp:attachment":[{"href":"https:\/\/wp.kristdemokraterna.se\/haninge\/wp-json\/wp\/v2\/media?parent=920"}],"curies":[{"name":"wp","href":"https:\/\/api.w.org\/{rel}","templated":true}]}}