{"id":923,"date":"2022-03-01T19:33:18","date_gmt":"2022-03-01T18:33:18","guid":{"rendered":"https:\/\/wp.kristdemokraterna.se\/haninge\/?page_id=923"},"modified":"2026-02-27T10:49:56","modified_gmt":"2026-02-27T09:49:56","slug":"miljo-och-klimat","status":"publish","type":"page","link":"https:\/\/wp.kristdemokraterna.se\/haninge\/politik-for-haninge\/miljo-och-klimat\/","title":{"rendered":"Milj\u00f6 och klimat"},"content":{"rendered":"<p>F\u00f6rvaltarskapstanken \u00e4r en b\u00e4rande del i den kristdemokratiska ideologin. Den handlar om att vi ska f\u00f6rvalta v\u00e5r milj\u00f6 p\u00e5 ett s\u00e4tt som g\u00f6r att vi kan l\u00e4mna \u00f6ver v\u00e5r planet till n\u00e4sta generation i ett minst lika bra skick. Kommunen har en s\u00e4rskild roll i arbetet att bygga ett samh\u00e4lle d\u00e4r skadlig milj\u00f6p\u00e5verkan minimeras genom aktivt milj\u00f6 och klimat-arbete i flera delar av sin verksamhet. Energin ska vara fossilfri, trafiksystemen h\u00e5llbara, bostadsmilj\u00f6er m\u00e4nskliga och sm\u00e5skaliga samt naturresurser som tillvaratas i ett kretsloppst\u00e4nkande.<\/p>\n<p>Klimatf\u00f6r\u00e4ndringarna \u00e4r en utmaning som kr\u00e4ver l\u00e5ngsiktiga och ansvarsfulla beslut. Genom smarta investeringar st\u00e4rker vi b\u00e5de milj\u00f6n och kommunens ekonomi. Vi har redan minskat energif\u00f6rbrukningen i kommunens verksamheter och p\u00e5b\u00f6rjat reningsinsatser i Drevviken. Det arbetet ska forts\u00e4tta och utvecklas. Kommunen ska \u00e4ven s\u00e4kerst\u00e4lla att den vackra sk\u00e4rg\u00e5rdsmilj\u00f6n bevaras genom att f\u00f6rhindra vindkraftsanl\u00e4ggningar till havs.<\/p>\n<p>Haningebor ska ges goda f\u00f6ruts\u00e4ttningar att g\u00f6ra klimatsmarta val i vardagen. Utbyggd laddinfrastruktur, energieffektivisering och f\u00f6rb\u00e4ttrad avfallshantering \u00e4r viktiga delar. Samtidigt ska vi v\u00e4rna jordbruksmarken, det \u00f6ppna landskapet och det lokala n\u00e4ringslivet som bidrar till h\u00e5llbar livsmedelsf\u00f6rs\u00f6rjning och st\u00e4rkt krisberedskap.<\/p>\n<p>I dialog med sina bolag ska kommunen ska st\u00e4ndigt jobba med energieffektiviseringar i egna fastigheter och g\u00f6ra klimatsmarta val vid s\u00e5v\u00e4l ny- som ombyggnation. Det ska vara l\u00e4tt att g\u00f6ra r\u00e4tt f\u00f6r kommunens medborgare och d\u00e4rf\u00f6r ska det planeras f\u00f6r smart k\u00e4llsortering och l\u00e4ttillg\u00e4ngliga g\u00e5ng- och cykelv\u00e4gar. Vid stadsplanering ska n\u00e4rhet till gr\u00f6nomr\u00e5den och gr\u00f6na str\u00e5k aktivt arbetas med och tas h\u00e4nsyn till.<\/p>\n<p style=\"text-align: center\"><img loading=\"lazy\" decoding=\"async\" class=\"aligncenter wp-image-1050\" src=\"http:\/\/wp.kristdemokraterna.se\/haninge\/files\/2022\/03\/lukas-menzel-eiqlzeftd5m-unsplash-1024x683.jpg\" alt=\"milj\u00f6 och klimat\" width=\"603\" height=\"402\" srcset=\"https:\/\/wp.kristdemokraterna.se\/haninge\/files\/2022\/03\/lukas-menzel-eiqlzeftd5m-unsplash-1024x683.jpg 1024w, https:\/\/wp.kristdemokraterna.se\/haninge\/files\/2022\/03\/lukas-menzel-eiqlzeftd5m-unsplash-300x200.jpg 300w, https:\/\/wp.kristdemokraterna.se\/haninge\/files\/2022\/03\/lukas-menzel-eiqlzeftd5m-unsplash-768x512.jpg 768w, https:\/\/wp.kristdemokraterna.se\/haninge\/files\/2022\/03\/lukas-menzel-eiqlzeftd5m-unsplash-1536x1024.jpg 1536w, https:\/\/wp.kristdemokraterna.se\/haninge\/files\/2022\/03\/lukas-menzel-eiqlzeftd5m-unsplash-2048x1365.jpg 2048w, https:\/\/wp.kristdemokraterna.se\/haninge\/files\/2022\/03\/lukas-menzel-eiqlzeftd5m-unsplash-370x247.jpg 370w, https:\/\/wp.kristdemokraterna.se\/haninge\/files\/2022\/03\/lukas-menzel-eiqlzeftd5m-unsplash-770x513.jpg 770w, https:\/\/wp.kristdemokraterna.se\/haninge\/files\/2022\/03\/lukas-menzel-eiqlzeftd5m-unsplash-450x300.jpg 450w, https:\/\/wp.kristdemokraterna.se\/haninge\/files\/2022\/03\/lukas-menzel-eiqlzeftd5m-unsplash-280x187.jpg 280w, https:\/\/wp.kristdemokraterna.se\/haninge\/files\/2022\/03\/lukas-menzel-eiqlzeftd5m-unsplash-340x227.jpg 340w, https:\/\/wp.kristdemokraterna.se\/haninge\/files\/2022\/03\/lukas-menzel-eiqlzeftd5m-unsplash-200x133.jpg 200w, https:\/\/wp.kristdemokraterna.se\/haninge\/files\/2022\/03\/lukas-menzel-eiqlzeftd5m-unsplash-84x56.jpg 84w\" sizes=\"auto, (max-width: 603px) 100vw, 603px\" \/><\/p>\n<h3><strong>Kristdemokraterna i Haninge vill:<\/strong><\/h3>\n<ul>\n<li><strong>Bygga ut laddinfrastruktur:<\/strong> Fler laddstationer ska m\u00f6jligg\u00f6ras i hela kommunen.<\/li>\n<li><strong>V\u00e4rna jordbruksmarken:<\/strong> Lokal livsmedelsproduktion och det \u00f6ppna landskapet ska st\u00e4rkas<\/li>\n<li><strong>F\u00f6rb\u00e4ttra vattenkvaliteten:<\/strong> Sj\u00f6ar som Drevviken ska renas f\u00f6r s\u00e4krare bad och rent dricksvatten.<\/li>\n<li><strong>Skapa giftfria milj\u00f6er:<\/strong> Lek- och skolmilj\u00f6er ska vara fria fr\u00e5n skadliga \u00e4mnen.<\/li>\n<li><strong>Bevara naturomr\u00e5den:<\/strong> Gr\u00f6nomr\u00e5den ska skyddas och renh\u00e5llningen f\u00f6rb\u00e4ttras.<\/li>\n<li><strong>Utveckla badstr\u00e4nder:<\/strong> Badplatser ska vara rena, trygga och l\u00e4ttillg\u00e4ngliga m\u00f6tesplatser.<\/li>\n<li><strong>Skydda sk\u00e4rg\u00e5rden:<\/strong> Kommunen ska verka mot etablering av vindkraftverk i sk\u00e4rg\u00e5rden.<\/li>\n<li><strong>M\u00f6jligg\u00f6ra strandn\u00e4ra byggande:<\/strong> F\u00f6renklingar ska ske d\u00e4r naturv\u00e4rden och allemansr\u00e4tten inte hotas.<\/li>\n<li><strong>St\u00e4rka den cirkul\u00e4ra ekonomin:<\/strong> \u00c5terbruk ska \u00f6ka och avfall minska.<\/li>\n<\/ul>\n<p>Vill du l\u00e4sa mer om v\u00e5r politik f\u00f6r Haninge? <a href=\"http:\/\/wp.kristdemokraterna.se\/haninge\/files\/2022\/02\/kommunpolitisk-program-2022-2026.pdf\">L\u00e4s v\u00e5rt kommunpolitiska program h\u00e4r.<\/a><\/p>\n","protected":false},"excerpt":{"rendered":"<p>F\u00f6rvaltarskapstanken \u00e4r en b\u00e4rande del i den kristdemokratiska ideologin. Den handlar om att vi ska f\u00f6rvalta v\u00e5r milj\u00f6 p\u00e5 ett s\u00e4tt som g\u00f6r att vi kan l\u00e4mna \u00f6ver v\u00e5r planet till n\u00e4sta generation i ett minst lika bra skick. Kommunen har en s\u00e4rskild roll i arbetet att bygga ett samh\u00e4lle d\u00e4r skadlig milj\u00f6p\u00e5verkan minimeras genom <a class=\"read-more-link\" href=\"https:\/\/wp.kristdemokraterna.se\/haninge\/politik-for-haninge\/miljo-och-klimat\/\">L\u00e4s mer<\/a><\/p>\n","protected":false},"author":1000,"featured_media":880,"parent":342,"menu_order":9,"comment_status":"closed","ping_status":"closed","template":"","meta":{"_acf_changed":false,"footnotes":""},"class_list":["post-923","page","type-page","status-publish","hentry"],"acf":[],"yoast_head":"<!-- This site is optimized with the Yoast SEO plugin v27.4 - https:\/\/yoast.com\/product\/yoast-seo-wordpress\/ -->\n<title>Milj\u00f6 och klimat &#8211; Kristdemokraterna i Haninge |<\/title>\n<meta name=\"description\" content=\"Kommunen har en s\u00e4rskild roll i arbetet att bygga ett samh\u00e4lle d\u00e4r skadlig milj\u00f6p\u00e5verkan minimeras genom aktivt milj\u00f6- och klimat-arbete.\" \/>\n<meta name=\"robots\" content=\"index, follow, max-snippet:-1, max-image-preview:large, max-video-preview:-1\" \/>\n<link rel=\"canonical\" href=\"https:\/\/wp.kristdemokraterna.se\/haninge\/politik-for-haninge\/miljo-och-klimat\/\" \/>\n<meta property=\"og:locale\" content=\"sv_SE\" \/>\n<meta property=\"og:type\" content=\"article\" \/>\n<meta property=\"og:title\" content=\"Milj\u00f6 och klimat &#8211; Kristdemokraterna i Haninge |\" \/>\n<meta property=\"og:description\" content=\"Kommunen har en s\u00e4rskild roll i arbetet att bygga ett samh\u00e4lle d\u00e4r skadlig milj\u00f6p\u00e5verkan minimeras genom aktivt milj\u00f6- och klimat-arbete.\" \/>\n<meta property=\"og:url\" content=\"https:\/\/wp.kristdemokraterna.se\/haninge\/politik-for-haninge\/miljo-och-klimat\/\" \/>\n<meta property=\"og:site_name\" content=\"Kristdemokraterna i Haninge |\" \/>\n<meta property=\"article:modified_time\" content=\"2026-02-27T09:49:56+00:00\" \/>\n<meta property=\"og:image\" content=\"https:\/\/wp.kristdemokraterna.se\/haninge\/files\/2022\/03\/lukas-menzel-eiqlzeftd5m-unsplash-1024x683.jpg\" \/>\n\t<meta property=\"og:image:width\" content=\"1024\" \/>\n\t<meta property=\"og:image:height\" content=\"683\" \/>\n\t<meta property=\"og:image:type\" content=\"image\/jpeg\" \/>\n<meta name=\"twitter:card\" content=\"summary_large_image\" \/>\n<meta name=\"twitter:label1\" content=\"Ber\u00e4knad l\u00e4stid\" \/>\n\t<meta name=\"twitter:data1\" content=\"2 minuter\" \/>\n<script type=\"application\/ld+json\" class=\"yoast-schema-graph\">{\"@context\":\"https:\\\/\\\/schema.org\",\"@graph\":[{\"@type\":\"WebPage\",\"@id\":\"https:\\\/\\\/wp.kristdemokraterna.se\\\/haninge\\\/politik-for-haninge\\\/miljo-och-klimat\\\/\",\"url\":\"https:\\\/\\\/wp.kristdemokraterna.se\\\/haninge\\\/politik-for-haninge\\\/miljo-och-klimat\\\/\",\"name\":\"Milj\u00f6 och klimat &#8211; Kristdemokraterna i Haninge |\",\"isPartOf\":{\"@id\":\"https:\\\/\\\/wp.kristdemokraterna.se\\\/haninge\\\/#website\"},\"primaryImageOfPage\":{\"@id\":\"https:\\\/\\\/wp.kristdemokraterna.se\\\/haninge\\\/politik-for-haninge\\\/miljo-och-klimat\\\/#primaryimage\"},\"image\":{\"@id\":\"https:\\\/\\\/wp.kristdemokraterna.se\\\/haninge\\\/politik-for-haninge\\\/miljo-och-klimat\\\/#primaryimage\"},\"thumbnailUrl\":\"https:\\\/\\\/wp.kristdemokraterna.se\\\/haninge\\\/files\\\/2022\\\/01\\\/kd-logo-bla\u2560e.png\",\"datePublished\":\"2022-03-01T18:33:18+00:00\",\"dateModified\":\"2026-02-27T09:49:56+00:00\",\"description\":\"Kommunen har en s\u00e4rskild roll i arbetet att bygga ett samh\u00e4lle d\u00e4r skadlig milj\u00f6p\u00e5verkan minimeras genom aktivt milj\u00f6- och klimat-arbete.\",\"breadcrumb\":{\"@id\":\"https:\\\/\\\/wp.kristdemokraterna.se\\\/haninge\\\/politik-for-haninge\\\/miljo-och-klimat\\\/#breadcrumb\"},\"inLanguage\":\"sv-SE\",\"potentialAction\":[{\"@type\":\"ReadAction\",\"target\":[\"https:\\\/\\\/wp.kristdemokraterna.se\\\/haninge\\\/politik-for-haninge\\\/miljo-och-klimat\\\/\"]}]},{\"@type\":\"ImageObject\",\"inLanguage\":\"sv-SE\",\"@id\":\"https:\\\/\\\/wp.kristdemokraterna.se\\\/haninge\\\/politik-for-haninge\\\/miljo-och-klimat\\\/#primaryimage\",\"url\":\"https:\\\/\\\/wp.kristdemokraterna.se\\\/haninge\\\/files\\\/2022\\\/01\\\/kd-logo-bla\u2560e.png\",\"contentUrl\":\"https:\\\/\\\/wp.kristdemokraterna.se\\\/haninge\\\/files\\\/2022\\\/01\\\/kd-logo-bla\u2560e.png\",\"width\":2032,\"height\":2031,\"caption\":\"Kristdemokraterna\"},{\"@type\":\"BreadcrumbList\",\"@id\":\"https:\\\/\\\/wp.kristdemokraterna.se\\\/haninge\\\/politik-for-haninge\\\/miljo-och-klimat\\\/#breadcrumb\",\"itemListElement\":[{\"@type\":\"ListItem\",\"position\":1,\"name\":\"Hem\",\"item\":\"https:\\\/\\\/wp.kristdemokraterna.se\\\/haninge\\\/\"},{\"@type\":\"ListItem\",\"position\":2,\"name\":\"V\u00e5r politik f\u00f6r Haninge\",\"item\":\"https:\\\/\\\/wp.kristdemokraterna.se\\\/haninge\\\/politik-for-haninge\\\/\"},{\"@type\":\"ListItem\",\"position\":3,\"name\":\"Milj\u00f6 och klimat\"}]},{\"@type\":\"WebSite\",\"@id\":\"https:\\\/\\\/wp.kristdemokraterna.se\\\/haninge\\\/#website\",\"url\":\"https:\\\/\\\/wp.kristdemokraterna.se\\\/haninge\\\/\",\"name\":\"Kristdemokraterna i Haninge |\",\"description\":\"Det trygga alternativet\",\"publisher\":{\"@id\":\"https:\\\/\\\/wp.kristdemokraterna.se\\\/haninge\\\/#organization\"},\"inLanguage\":\"sv-SE\"},{\"@type\":\"Organization\",\"@id\":\"https:\\\/\\\/wp.kristdemokraterna.se\\\/haninge\\\/#organization\",\"name\":\"Kristdemokraterna i Haninge\",\"url\":\"https:\\\/\\\/wp.kristdemokraterna.se\\\/haninge\\\/\",\"logo\":{\"@type\":\"ImageObject\",\"inLanguage\":\"sv-SE\",\"@id\":\"https:\\\/\\\/wp.kristdemokraterna.se\\\/haninge\\\/#\\\/schema\\\/logo\\\/image\\\/\",\"url\":\"https:\\\/\\\/wp.kristdemokraterna.se\\\/haninge\\\/files\\\/2022\\\/01\\\/kd-logo-bla\u2560e.png\",\"contentUrl\":\"https:\\\/\\\/wp.kristdemokraterna.se\\\/haninge\\\/files\\\/2022\\\/01\\\/kd-logo-bla\u2560e.png\",\"width\":2032,\"height\":2031,\"caption\":\"Kristdemokraterna i Haninge\"},\"image\":{\"@id\":\"https:\\\/\\\/wp.kristdemokraterna.se\\\/haninge\\\/#\\\/schema\\\/logo\\\/image\\\/\"}}]}<\/script>\n<!-- \/ Yoast SEO plugin. -->","yoast_head_json":{"title":"Milj\u00f6 och klimat &#8211; Kristdemokraterna i Haninge |","description":"Kommunen har en s\u00e4rskild roll i arbetet att bygga ett samh\u00e4lle d\u00e4r skadlig milj\u00f6p\u00e5verkan minimeras genom aktivt milj\u00f6- och klimat-arbete.","robots":{"index":"index","follow":"follow","max-snippet":"max-snippet:-1","max-image-preview":"max-image-preview:large","max-video-preview":"max-video-preview:-1"},"canonical":"https:\/\/wp.kristdemokraterna.se\/haninge\/politik-for-haninge\/miljo-och-klimat\/","og_locale":"sv_SE","og_type":"article","og_title":"Milj\u00f6 och klimat &#8211; Kristdemokraterna i Haninge |","og_description":"Kommunen har en s\u00e4rskild roll i arbetet att bygga ett samh\u00e4lle d\u00e4r skadlig milj\u00f6p\u00e5verkan minimeras genom aktivt milj\u00f6- och klimat-arbete.","og_url":"https:\/\/wp.kristdemokraterna.se\/haninge\/politik-for-haninge\/miljo-och-klimat\/","og_site_name":"Kristdemokraterna i Haninge |","article_modified_time":"2026-02-27T09:49:56+00:00","og_image":[{"width":1024,"height":683,"url":"https:\/\/wp.kristdemokraterna.se\/haninge\/files\/2022\/03\/lukas-menzel-eiqlzeftd5m-unsplash-1024x683.jpg","type":"image\/jpeg"}],"twitter_card":"summary_large_image","twitter_misc":{"Ber\u00e4knad l\u00e4stid":"2 minuter"},"schema":{"@context":"https:\/\/schema.org","@graph":[{"@type":"WebPage","@id":"https:\/\/wp.kristdemokraterna.se\/haninge\/politik-for-haninge\/miljo-och-klimat\/","url":"https:\/\/wp.kristdemokraterna.se\/haninge\/politik-for-haninge\/miljo-och-klimat\/","name":"Milj\u00f6 och klimat &#8211; Kristdemokraterna i Haninge |","isPartOf":{"@id":"https:\/\/wp.kristdemokraterna.se\/haninge\/#website"},"primaryImageOfPage":{"@id":"https:\/\/wp.kristdemokraterna.se\/haninge\/politik-for-haninge\/miljo-och-klimat\/#primaryimage"},"image":{"@id":"https:\/\/wp.kristdemokraterna.se\/haninge\/politik-for-haninge\/miljo-och-klimat\/#primaryimage"},"thumbnailUrl":"https:\/\/wp.kristdemokraterna.se\/haninge\/files\/2022\/01\/kd-logo-bla\u2560e.png","datePublished":"2022-03-01T18:33:18+00:00","dateModified":"2026-02-27T09:49:56+00:00","description":"Kommunen har en s\u00e4rskild roll i arbetet att bygga ett samh\u00e4lle d\u00e4r skadlig milj\u00f6p\u00e5verkan minimeras genom aktivt milj\u00f6- och klimat-arbete.","breadcrumb":{"@id":"https:\/\/wp.kristdemokraterna.se\/haninge\/politik-for-haninge\/miljo-och-klimat\/#breadcrumb"},"inLanguage":"sv-SE","potentialAction":[{"@type":"ReadAction","target":["https:\/\/wp.kristdemokraterna.se\/haninge\/politik-for-haninge\/miljo-och-klimat\/"]}]},{"@type":"ImageObject","inLanguage":"sv-SE","@id":"https:\/\/wp.kristdemokraterna.se\/haninge\/politik-for-haninge\/miljo-och-klimat\/#primaryimage","url":"https:\/\/wp.kristdemokraterna.se\/haninge\/files\/2022\/01\/kd-logo-bla\u2560e.png","contentUrl":"https:\/\/wp.kristdemokraterna.se\/haninge\/files\/2022\/01\/kd-logo-bla\u2560e.png","width":2032,"height":2031,"caption":"Kristdemokraterna"},{"@type":"BreadcrumbList","@id":"https:\/\/wp.kristdemokraterna.se\/haninge\/politik-for-haninge\/miljo-och-klimat\/#breadcrumb","itemListElement":[{"@type":"ListItem","position":1,"name":"Hem","item":"https:\/\/wp.kristdemokraterna.se\/haninge\/"},{"@type":"ListItem","position":2,"name":"V\u00e5r politik f\u00f6r Haninge","item":"https:\/\/wp.kristdemokraterna.se\/haninge\/politik-for-haninge\/"},{"@type":"ListItem","position":3,"name":"Milj\u00f6 och klimat"}]},{"@type":"WebSite","@id":"https:\/\/wp.kristdemokraterna.se\/haninge\/#website","url":"https:\/\/wp.kristdemokraterna.se\/haninge\/","name":"Kristdemokraterna i Haninge |","description":"Det trygga alternativet","publisher":{"@id":"https:\/\/wp.kristdemokraterna.se\/haninge\/#organization"},"inLanguage":"sv-SE"},{"@type":"Organization","@id":"https:\/\/wp.kristdemokraterna.se\/haninge\/#organization","name":"Kristdemokraterna i Haninge","url":"https:\/\/wp.kristdemokraterna.se\/haninge\/","logo":{"@type":"ImageObject","inLanguage":"sv-SE","@id":"https:\/\/wp.kristdemokraterna.se\/haninge\/#\/schema\/logo\/image\/","url":"https:\/\/wp.kristdemokraterna.se\/haninge\/files\/2022\/01\/kd-logo-bla\u2560e.png","contentUrl":"https:\/\/wp.kristdemokraterna.se\/haninge\/files\/2022\/01\/kd-logo-bla\u2560e.png","width":2032,"height":2031,"caption":"Kristdemokraterna i Haninge"},"image":{"@id":"https:\/\/wp.kristdemokraterna.se\/haninge\/#\/schema\/logo\/image\/"}}]}},"_links":{"self":[{"href":"https:\/\/wp.kristdemokraterna.se\/haninge\/wp-json\/wp\/v2\/pages\/923","targetHints":{"allow":["GET"]}}],"collection":[{"href":"https:\/\/wp.kristdemokraterna.se\/haninge\/wp-json\/wp\/v2\/pages"}],"about":[{"href":"https:\/\/wp.kristdemokraterna.se\/haninge\/wp-json\/wp\/v2\/types\/page"}],"author":[{"embeddable":true,"href":"https:\/\/wp.kristdemokraterna.se\/haninge\/wp-json\/wp\/v2\/users\/1000"}],"replies":[{"embeddable":true,"href":"https:\/\/wp.kristdemokraterna.se\/haninge\/wp-json\/wp\/v2\/comments?post=923"}],"version-history":[{"count":12,"href":"https:\/\/wp.kristdemokraterna.se\/haninge\/wp-json\/wp\/v2\/pages\/923\/revisions"}],"predecessor-version":[{"id":1335,"href":"https:\/\/wp.kristdemokraterna.se\/haninge\/wp-json\/wp\/v2\/pages\/923\/revisions\/1335"}],"up":[{"embeddable":true,"href":"https:\/\/wp.kristdemokraterna.se\/haninge\/wp-json\/wp\/v2\/pages\/342"}],"wp:featuredmedia":[{"embeddable":true,"href":"https:\/\/wp.kristdemokraterna.se\/haninge\/wp-json\/wp\/v2\/media\/880"}],"wp:attachment":[{"href":"https:\/\/wp.kristdemokraterna.se\/haninge\/wp-json\/wp\/v2\/media?parent=923"}],"curies":[{"name":"wp","href":"https:\/\/api.w.org\/{rel}","templated":true}]}}