{"id":269,"date":"2017-11-29T16:48:28","date_gmt":"2017-11-29T15:48:28","guid":{"rendered":"http:\/\/wp.kristdemokraterna.se\/harnosand\/?page_id=269"},"modified":"2017-12-04T16:42:37","modified_gmt":"2017-12-04T15:42:37","slug":"textsida-med-vanster-sidebar","status":"publish","type":"page","link":"https:\/\/wp.kristdemokraterna.se\/harnosand\/textsida-med-vanster-sidebar\/","title":{"rendered":"V\u00e5r partiavdelning"},"content":{"rendered":"<p><a href=\"http:\/\/wp.kristdemokraterna.se\/harnosand\/files\/2017\/12\/halvfigur.png\"><img loading=\"lazy\" decoding=\"async\" class=\"alignnone size-thumbnail wp-image-366\" src=\"http:\/\/wp.kristdemokraterna.se\/harnosand\/files\/2017\/12\/halvfigur-150x150.png\" alt=\"\" width=\"150\" height=\"150\" srcset=\"https:\/\/wp.kristdemokraterna.se\/harnosand\/files\/2017\/12\/halvfigur-150x150.png 150w, https:\/\/wp.kristdemokraterna.se\/harnosand\/files\/2017\/12\/halvfigur-90x90.png 90w\" sizes=\"auto, (max-width: 150px) 100vw, 150px\" \/><\/a><\/p>\n<p>Ordf\u00f6rande<\/p>\n<p>Sekreterare<\/p>\n<p>ledam\u00f6ter<\/p>\n<p>ers\u00e4ttare<\/p>\n<p>&nbsp;<\/p>\n<p>&nbsp;<\/p>\n<p>&nbsp;<\/p>\n","protected":false},"excerpt":{"rendered":"<p>Ordf\u00f6rande Sekreterare ledam\u00f6ter ers\u00e4ttare &nbsp; &nbsp; &nbsp;<\/p>\n","protected":false},"author":471,"featured_media":0,"parent":0,"menu_order":0,"comment_status":"closed","ping_status":"closed","template":"page.php","meta":{"_acf_changed":false,"footnotes":""},"class_list":["post-269","page","type-page","status-publish","hentry"],"acf":[],"yoast_head":"<!-- This site is optimized with the Yoast SEO plugin v27.3 - https:\/\/yoast.com\/product\/yoast-seo-wordpress\/ -->\n<title>V\u00e5r partiavdelning - KRISTDEMOKRATERNA I H\u00c4RNOSAND<\/title>\n<meta name=\"robots\" content=\"index, follow, max-snippet:-1, max-image-preview:large, max-video-preview:-1\" \/>\n<link rel=\"canonical\" href=\"https:\/\/wp.kristdemokraterna.se\/harnosand\/textsida-med-vanster-sidebar\/\" \/>\n<meta property=\"og:locale\" content=\"sv_SE\" \/>\n<meta property=\"og:type\" content=\"article\" \/>\n<meta property=\"og:title\" content=\"V\u00e5r partiavdelning - KRISTDEMOKRATERNA I H\u00c4RNOSAND\" \/>\n<meta property=\"og:description\" content=\"Ordf\u00f6rande Sekreterare ledam\u00f6ter ers\u00e4ttare &nbsp; &nbsp; &nbsp;\" \/>\n<meta property=\"og:url\" content=\"https:\/\/wp.kristdemokraterna.se\/harnosand\/textsida-med-vanster-sidebar\/\" \/>\n<meta property=\"og:site_name\" content=\"KRISTDEMOKRATERNA I H\u00c4RNOSAND\" \/>\n<meta property=\"article:modified_time\" content=\"2017-12-04T15:42:37+00:00\" \/>\n<meta property=\"og:image\" content=\"http:\/\/wp.kristdemokraterna.se\/harnosand\/files\/2017\/12\/halvfigur-150x150.png\" \/>\n<meta name=\"twitter:card\" content=\"summary_large_image\" \/>\n<script type=\"application\/ld+json\" class=\"yoast-schema-graph\">{\"@context\":\"https:\\\/\\\/schema.org\",\"@graph\":[{\"@type\":\"WebPage\",\"@id\":\"https:\\\/\\\/wp.kristdemokraterna.se\\\/harnosand\\\/textsida-med-vanster-sidebar\\\/\",\"url\":\"https:\\\/\\\/wp.kristdemokraterna.se\\\/harnosand\\\/textsida-med-vanster-sidebar\\\/\",\"name\":\"V\u00e5r partiavdelning - KRISTDEMOKRATERNA I H\u00c4RNOSAND\",\"isPartOf\":{\"@id\":\"https:\\\/\\\/wp.kristdemokraterna.se\\\/harnosand\\\/#website\"},\"primaryImageOfPage\":{\"@id\":\"https:\\\/\\\/wp.kristdemokraterna.se\\\/harnosand\\\/textsida-med-vanster-sidebar\\\/#primaryimage\"},\"image\":{\"@id\":\"https:\\\/\\\/wp.kristdemokraterna.se\\\/harnosand\\\/textsida-med-vanster-sidebar\\\/#primaryimage\"},\"thumbnailUrl\":\"http:\\\/\\\/wp.kristdemokraterna.se\\\/harnosand\\\/files\\\/2017\\\/12\\\/halvfigur-150x150.png\",\"datePublished\":\"2017-11-29T15:48:28+00:00\",\"dateModified\":\"2017-12-04T15:42:37+00:00\",\"breadcrumb\":{\"@id\":\"https:\\\/\\\/wp.kristdemokraterna.se\\\/harnosand\\\/textsida-med-vanster-sidebar\\\/#breadcrumb\"},\"inLanguage\":\"sv-SE\",\"potentialAction\":[{\"@type\":\"ReadAction\",\"target\":[\"https:\\\/\\\/wp.kristdemokraterna.se\\\/harnosand\\\/textsida-med-vanster-sidebar\\\/\"]}]},{\"@type\":\"ImageObject\",\"inLanguage\":\"sv-SE\",\"@id\":\"https:\\\/\\\/wp.kristdemokraterna.se\\\/harnosand\\\/textsida-med-vanster-sidebar\\\/#primaryimage\",\"url\":\"https:\\\/\\\/wp.kristdemokraterna.se\\\/harnosand\\\/files\\\/2017\\\/12\\\/halvfigur.png\",\"contentUrl\":\"https:\\\/\\\/wp.kristdemokraterna.se\\\/harnosand\\\/files\\\/2017\\\/12\\\/halvfigur.png\",\"width\":380,\"height\":330},{\"@type\":\"BreadcrumbList\",\"@id\":\"https:\\\/\\\/wp.kristdemokraterna.se\\\/harnosand\\\/textsida-med-vanster-sidebar\\\/#breadcrumb\",\"itemListElement\":[{\"@type\":\"ListItem\",\"position\":1,\"name\":\"Hem\",\"item\":\"https:\\\/\\\/wp.kristdemokraterna.se\\\/harnosand\\\/\"},{\"@type\":\"ListItem\",\"position\":2,\"name\":\"V\u00e5r partiavdelning\"}]},{\"@type\":\"WebSite\",\"@id\":\"https:\\\/\\\/wp.kristdemokraterna.se\\\/harnosand\\\/#website\",\"url\":\"https:\\\/\\\/wp.kristdemokraterna.se\\\/harnosand\\\/\",\"name\":\"KRISTDEMOKRATERNA I H\u00c4RNOSAND\",\"description\":\"En till Kristdemokraterna webbplats\",\"inLanguage\":\"sv-SE\"}]}<\/script>\n<!-- \/ Yoast SEO plugin. -->","yoast_head_json":{"title":"V\u00e5r partiavdelning - KRISTDEMOKRATERNA I H\u00c4RNOSAND","robots":{"index":"index","follow":"follow","max-snippet":"max-snippet:-1","max-image-preview":"max-image-preview:large","max-video-preview":"max-video-preview:-1"},"canonical":"https:\/\/wp.kristdemokraterna.se\/harnosand\/textsida-med-vanster-sidebar\/","og_locale":"sv_SE","og_type":"article","og_title":"V\u00e5r partiavdelning - KRISTDEMOKRATERNA I H\u00c4RNOSAND","og_description":"Ordf\u00f6rande Sekreterare ledam\u00f6ter ers\u00e4ttare &nbsp; &nbsp; &nbsp;","og_url":"https:\/\/wp.kristdemokraterna.se\/harnosand\/textsida-med-vanster-sidebar\/","og_site_name":"KRISTDEMOKRATERNA I H\u00c4RNOSAND","article_modified_time":"2017-12-04T15:42:37+00:00","og_image":[{"url":"http:\/\/wp.kristdemokraterna.se\/harnosand\/files\/2017\/12\/halvfigur-150x150.png","type":"","width":"","height":""}],"twitter_card":"summary_large_image","schema":{"@context":"https:\/\/schema.org","@graph":[{"@type":"WebPage","@id":"https:\/\/wp.kristdemokraterna.se\/harnosand\/textsida-med-vanster-sidebar\/","url":"https:\/\/wp.kristdemokraterna.se\/harnosand\/textsida-med-vanster-sidebar\/","name":"V\u00e5r partiavdelning - KRISTDEMOKRATERNA I H\u00c4RNOSAND","isPartOf":{"@id":"https:\/\/wp.kristdemokraterna.se\/harnosand\/#website"},"primaryImageOfPage":{"@id":"https:\/\/wp.kristdemokraterna.se\/harnosand\/textsida-med-vanster-sidebar\/#primaryimage"},"image":{"@id":"https:\/\/wp.kristdemokraterna.se\/harnosand\/textsida-med-vanster-sidebar\/#primaryimage"},"thumbnailUrl":"http:\/\/wp.kristdemokraterna.se\/harnosand\/files\/2017\/12\/halvfigur-150x150.png","datePublished":"2017-11-29T15:48:28+00:00","dateModified":"2017-12-04T15:42:37+00:00","breadcrumb":{"@id":"https:\/\/wp.kristdemokraterna.se\/harnosand\/textsida-med-vanster-sidebar\/#breadcrumb"},"inLanguage":"sv-SE","potentialAction":[{"@type":"ReadAction","target":["https:\/\/wp.kristdemokraterna.se\/harnosand\/textsida-med-vanster-sidebar\/"]}]},{"@type":"ImageObject","inLanguage":"sv-SE","@id":"https:\/\/wp.kristdemokraterna.se\/harnosand\/textsida-med-vanster-sidebar\/#primaryimage","url":"https:\/\/wp.kristdemokraterna.se\/harnosand\/files\/2017\/12\/halvfigur.png","contentUrl":"https:\/\/wp.kristdemokraterna.se\/harnosand\/files\/2017\/12\/halvfigur.png","width":380,"height":330},{"@type":"BreadcrumbList","@id":"https:\/\/wp.kristdemokraterna.se\/harnosand\/textsida-med-vanster-sidebar\/#breadcrumb","itemListElement":[{"@type":"ListItem","position":1,"name":"Hem","item":"https:\/\/wp.kristdemokraterna.se\/harnosand\/"},{"@type":"ListItem","position":2,"name":"V\u00e5r partiavdelning"}]},{"@type":"WebSite","@id":"https:\/\/wp.kristdemokraterna.se\/harnosand\/#website","url":"https:\/\/wp.kristdemokraterna.se\/harnosand\/","name":"KRISTDEMOKRATERNA I H\u00c4RNOSAND","description":"En till Kristdemokraterna webbplats","inLanguage":"sv-SE"}]}},"_links":{"self":[{"href":"https:\/\/wp.kristdemokraterna.se\/harnosand\/wp-json\/wp\/v2\/pages\/269","targetHints":{"allow":["GET"]}}],"collection":[{"href":"https:\/\/wp.kristdemokraterna.se\/harnosand\/wp-json\/wp\/v2\/pages"}],"about":[{"href":"https:\/\/wp.kristdemokraterna.se\/harnosand\/wp-json\/wp\/v2\/types\/page"}],"author":[{"embeddable":true,"href":"https:\/\/wp.kristdemokraterna.se\/harnosand\/wp-json\/wp\/v2\/users\/471"}],"replies":[{"embeddable":true,"href":"https:\/\/wp.kristdemokraterna.se\/harnosand\/wp-json\/wp\/v2\/comments?post=269"}],"version-history":[{"count":12,"href":"https:\/\/wp.kristdemokraterna.se\/harnosand\/wp-json\/wp\/v2\/pages\/269\/revisions"}],"predecessor-version":[{"id":367,"href":"https:\/\/wp.kristdemokraterna.se\/harnosand\/wp-json\/wp\/v2\/pages\/269\/revisions\/367"}],"wp:attachment":[{"href":"https:\/\/wp.kristdemokraterna.se\/harnosand\/wp-json\/wp\/v2\/media?parent=269"}],"curies":[{"name":"wp","href":"https:\/\/api.w.org\/{rel}","templated":true}]}}