{"id":363,"date":"2017-12-04T16:11:27","date_gmt":"2017-12-04T15:11:27","guid":{"rendered":"http:\/\/wp.kristdemokraterna.se\/harnosand\/?page_id=363"},"modified":"2018-04-09T18:18:56","modified_gmt":"2018-04-09T16:18:56","slug":"kontakta-oss-2","status":"publish","type":"page","link":"https:\/\/wp.kristdemokraterna.se\/harnosand\/textsida-med-vanster-sidebar\/kontakta-oss-2\/","title":{"rendered":"Kontakta oss"},"content":{"rendered":"<h3>Partiavdelningen i H\u00e4rn\u00f6sand<\/h3>\n<p>Postadress:<\/p>\n<p>Hanaberg 223 , 87192 H\u00e4rn\u00f6sand<br \/>\nTelefon: +46 72-741 32 59<\/p>\n<h4>Partiavdelningsstyrelse<\/h4>\n<p>Ingemar Wiklander<br \/>\nPartiavdelningsordf\u00f6rande<\/p>\n<p>Karin H\u00f6gberg<br \/>\n1:e vice partiavdelningsordf\u00f6rande<\/p>\n<p>Anders Nordstr\u00f6m<br \/>\nPartiavdelningsstyrelseledamot<\/p>\n<p>Robert Bark\u00e9us<br \/>\nPartiavdelningsstyrelseledamot<\/p>\n<p>Barbro Persson<br \/>\nPartiavdelningsstyrelseledamot<\/p>\n<p>Tore Sowell<br \/>\nPartiavdelningsstyrelseers\u00e4ttare<\/p>\n<p>Mai Nahas<br \/>\nPartiavdelningsstyrelseers\u00e4ttare<\/p>\n","protected":false},"excerpt":{"rendered":"<p>Partiavdelningen i H\u00e4rn\u00f6sand Postadress: Hanaberg 223 , 87192 H\u00e4rn\u00f6sand Telefon: +46 72-741 32 59 Partiavdelningsstyrelse Ingemar Wiklander Partiavdelningsordf\u00f6rande Karin H\u00f6gberg 1:e vice partiavdelningsordf\u00f6rande Anders Nordstr\u00f6m Partiavdelningsstyrelseledamot Robert Bark\u00e9us Partiavdelningsstyrelseledamot Barbro Persson Partiavdelningsstyrelseledamot Tore Sowell Partiavdelningsstyrelseers\u00e4ttare Mai Nahas Partiavdelningsstyrelseers\u00e4ttare<\/p>\n","protected":false},"author":471,"featured_media":0,"parent":269,"menu_order":0,"comment_status":"closed","ping_status":"closed","template":"page.php","meta":{"_acf_changed":false,"footnotes":""},"class_list":["post-363","page","type-page","status-publish","hentry"],"acf":[],"yoast_head":"<!-- This site is optimized with the Yoast SEO plugin v27.3 - https:\/\/yoast.com\/product\/yoast-seo-wordpress\/ -->\n<title>Kontakta oss - KRISTDEMOKRATERNA I H\u00c4RNOSAND<\/title>\n<meta name=\"robots\" content=\"index, follow, max-snippet:-1, max-image-preview:large, max-video-preview:-1\" \/>\n<link rel=\"canonical\" href=\"https:\/\/wp.kristdemokraterna.se\/harnosand\/textsida-med-vanster-sidebar\/kontakta-oss-2\/\" \/>\n<meta property=\"og:locale\" content=\"sv_SE\" \/>\n<meta property=\"og:type\" content=\"article\" \/>\n<meta property=\"og:title\" content=\"Kontakta oss - KRISTDEMOKRATERNA I H\u00c4RNOSAND\" \/>\n<meta property=\"og:description\" content=\"Partiavdelningen i H\u00e4rn\u00f6sand Postadress: Hanaberg 223 , 87192 H\u00e4rn\u00f6sand Telefon: +46 72-741 32 59 Partiavdelningsstyrelse Ingemar Wiklander Partiavdelningsordf\u00f6rande Karin H\u00f6gberg 1:e vice partiavdelningsordf\u00f6rande Anders Nordstr\u00f6m Partiavdelningsstyrelseledamot Robert Bark\u00e9us Partiavdelningsstyrelseledamot Barbro Persson Partiavdelningsstyrelseledamot Tore Sowell Partiavdelningsstyrelseers\u00e4ttare Mai Nahas Partiavdelningsstyrelseers\u00e4ttare\" \/>\n<meta property=\"og:url\" content=\"https:\/\/wp.kristdemokraterna.se\/harnosand\/textsida-med-vanster-sidebar\/kontakta-oss-2\/\" \/>\n<meta property=\"og:site_name\" content=\"KRISTDEMOKRATERNA I H\u00c4RNOSAND\" \/>\n<meta property=\"article:modified_time\" content=\"2018-04-09T16:18:56+00:00\" \/>\n<meta name=\"twitter:card\" content=\"summary_large_image\" \/>\n<script type=\"application\/ld+json\" class=\"yoast-schema-graph\">{\"@context\":\"https:\\\/\\\/schema.org\",\"@graph\":[{\"@type\":\"WebPage\",\"@id\":\"https:\\\/\\\/wp.kristdemokraterna.se\\\/harnosand\\\/textsida-med-vanster-sidebar\\\/kontakta-oss-2\\\/\",\"url\":\"https:\\\/\\\/wp.kristdemokraterna.se\\\/harnosand\\\/textsida-med-vanster-sidebar\\\/kontakta-oss-2\\\/\",\"name\":\"Kontakta oss - KRISTDEMOKRATERNA I H\u00c4RNOSAND\",\"isPartOf\":{\"@id\":\"https:\\\/\\\/wp.kristdemokraterna.se\\\/harnosand\\\/#website\"},\"datePublished\":\"2017-12-04T15:11:27+00:00\",\"dateModified\":\"2018-04-09T16:18:56+00:00\",\"breadcrumb\":{\"@id\":\"https:\\\/\\\/wp.kristdemokraterna.se\\\/harnosand\\\/textsida-med-vanster-sidebar\\\/kontakta-oss-2\\\/#breadcrumb\"},\"inLanguage\":\"sv-SE\",\"potentialAction\":[{\"@type\":\"ReadAction\",\"target\":[\"https:\\\/\\\/wp.kristdemokraterna.se\\\/harnosand\\\/textsida-med-vanster-sidebar\\\/kontakta-oss-2\\\/\"]}]},{\"@type\":\"BreadcrumbList\",\"@id\":\"https:\\\/\\\/wp.kristdemokraterna.se\\\/harnosand\\\/textsida-med-vanster-sidebar\\\/kontakta-oss-2\\\/#breadcrumb\",\"itemListElement\":[{\"@type\":\"ListItem\",\"position\":1,\"name\":\"Hem\",\"item\":\"https:\\\/\\\/wp.kristdemokraterna.se\\\/harnosand\\\/\"},{\"@type\":\"ListItem\",\"position\":2,\"name\":\"V\u00e5r partiavdelning\",\"item\":\"https:\\\/\\\/wp.kristdemokraterna.se\\\/harnosand\\\/textsida-med-vanster-sidebar\\\/\"},{\"@type\":\"ListItem\",\"position\":3,\"name\":\"Kontakta oss\"}]},{\"@type\":\"WebSite\",\"@id\":\"https:\\\/\\\/wp.kristdemokraterna.se\\\/harnosand\\\/#website\",\"url\":\"https:\\\/\\\/wp.kristdemokraterna.se\\\/harnosand\\\/\",\"name\":\"KRISTDEMOKRATERNA I H\u00c4RNOSAND\",\"description\":\"En till Kristdemokraterna webbplats\",\"inLanguage\":\"sv-SE\"}]}<\/script>\n<!-- \/ Yoast SEO plugin. -->","yoast_head_json":{"title":"Kontakta oss - KRISTDEMOKRATERNA I H\u00c4RNOSAND","robots":{"index":"index","follow":"follow","max-snippet":"max-snippet:-1","max-image-preview":"max-image-preview:large","max-video-preview":"max-video-preview:-1"},"canonical":"https:\/\/wp.kristdemokraterna.se\/harnosand\/textsida-med-vanster-sidebar\/kontakta-oss-2\/","og_locale":"sv_SE","og_type":"article","og_title":"Kontakta oss - KRISTDEMOKRATERNA I H\u00c4RNOSAND","og_description":"Partiavdelningen i H\u00e4rn\u00f6sand Postadress: Hanaberg 223 , 87192 H\u00e4rn\u00f6sand Telefon: +46 72-741 32 59 Partiavdelningsstyrelse Ingemar Wiklander Partiavdelningsordf\u00f6rande Karin H\u00f6gberg 1:e vice partiavdelningsordf\u00f6rande Anders Nordstr\u00f6m Partiavdelningsstyrelseledamot Robert Bark\u00e9us Partiavdelningsstyrelseledamot Barbro Persson Partiavdelningsstyrelseledamot Tore Sowell Partiavdelningsstyrelseers\u00e4ttare Mai Nahas Partiavdelningsstyrelseers\u00e4ttare","og_url":"https:\/\/wp.kristdemokraterna.se\/harnosand\/textsida-med-vanster-sidebar\/kontakta-oss-2\/","og_site_name":"KRISTDEMOKRATERNA I H\u00c4RNOSAND","article_modified_time":"2018-04-09T16:18:56+00:00","twitter_card":"summary_large_image","schema":{"@context":"https:\/\/schema.org","@graph":[{"@type":"WebPage","@id":"https:\/\/wp.kristdemokraterna.se\/harnosand\/textsida-med-vanster-sidebar\/kontakta-oss-2\/","url":"https:\/\/wp.kristdemokraterna.se\/harnosand\/textsida-med-vanster-sidebar\/kontakta-oss-2\/","name":"Kontakta oss - KRISTDEMOKRATERNA I H\u00c4RNOSAND","isPartOf":{"@id":"https:\/\/wp.kristdemokraterna.se\/harnosand\/#website"},"datePublished":"2017-12-04T15:11:27+00:00","dateModified":"2018-04-09T16:18:56+00:00","breadcrumb":{"@id":"https:\/\/wp.kristdemokraterna.se\/harnosand\/textsida-med-vanster-sidebar\/kontakta-oss-2\/#breadcrumb"},"inLanguage":"sv-SE","potentialAction":[{"@type":"ReadAction","target":["https:\/\/wp.kristdemokraterna.se\/harnosand\/textsida-med-vanster-sidebar\/kontakta-oss-2\/"]}]},{"@type":"BreadcrumbList","@id":"https:\/\/wp.kristdemokraterna.se\/harnosand\/textsida-med-vanster-sidebar\/kontakta-oss-2\/#breadcrumb","itemListElement":[{"@type":"ListItem","position":1,"name":"Hem","item":"https:\/\/wp.kristdemokraterna.se\/harnosand\/"},{"@type":"ListItem","position":2,"name":"V\u00e5r partiavdelning","item":"https:\/\/wp.kristdemokraterna.se\/harnosand\/textsida-med-vanster-sidebar\/"},{"@type":"ListItem","position":3,"name":"Kontakta oss"}]},{"@type":"WebSite","@id":"https:\/\/wp.kristdemokraterna.se\/harnosand\/#website","url":"https:\/\/wp.kristdemokraterna.se\/harnosand\/","name":"KRISTDEMOKRATERNA I H\u00c4RNOSAND","description":"En till Kristdemokraterna webbplats","inLanguage":"sv-SE"}]}},"_links":{"self":[{"href":"https:\/\/wp.kristdemokraterna.se\/harnosand\/wp-json\/wp\/v2\/pages\/363","targetHints":{"allow":["GET"]}}],"collection":[{"href":"https:\/\/wp.kristdemokraterna.se\/harnosand\/wp-json\/wp\/v2\/pages"}],"about":[{"href":"https:\/\/wp.kristdemokraterna.se\/harnosand\/wp-json\/wp\/v2\/types\/page"}],"author":[{"embeddable":true,"href":"https:\/\/wp.kristdemokraterna.se\/harnosand\/wp-json\/wp\/v2\/users\/471"}],"replies":[{"embeddable":true,"href":"https:\/\/wp.kristdemokraterna.se\/harnosand\/wp-json\/wp\/v2\/comments?post=363"}],"version-history":[{"count":3,"href":"https:\/\/wp.kristdemokraterna.se\/harnosand\/wp-json\/wp\/v2\/pages\/363\/revisions"}],"predecessor-version":[{"id":488,"href":"https:\/\/wp.kristdemokraterna.se\/harnosand\/wp-json\/wp\/v2\/pages\/363\/revisions\/488"}],"up":[{"embeddable":true,"href":"https:\/\/wp.kristdemokraterna.se\/harnosand\/wp-json\/wp\/v2\/pages\/269"}],"wp:attachment":[{"href":"https:\/\/wp.kristdemokraterna.se\/harnosand\/wp-json\/wp\/v2\/media?parent=363"}],"curies":[{"name":"wp","href":"https:\/\/api.w.org\/{rel}","templated":true}]}}