{"id":269,"date":"2017-11-29T16:48:28","date_gmt":"2017-11-29T15:48:28","guid":{"rendered":"http:\/\/wp.kristdemokraterna.se\/hassleholm\/?page_id=269"},"modified":"2022-07-10T13:11:49","modified_gmt":"2022-07-10T11:11:49","slug":"textsida-med-vanster-sidebar","status":"publish","type":"page","link":"https:\/\/wp.kristdemokraterna.se\/hassleholm\/textsida-med-vanster-sidebar\/","title":{"rendered":"V\u00e5r partiavdelning"},"content":{"rendered":"<p><em>Styrelse f\u00f6r verksamhets\u00e5ret 2022 &#8211; 2023<\/em><\/p>\n<p><strong>Presidium:<\/strong><\/p>\n<p>Ordf\u00f6rande Robin Gustavsson<\/p>\n<p>Vice ordf\u00f6rande Christer Caesar<\/p>\n<p><strong>Ledam\u00f6ter:<\/strong><\/p>\n<p>Simon Berneblad<\/p>\n<p>Andr\u00e9 L\u00e5d\u00f6<\/p>\n<p>Erika Heil Utbult<\/p>\n<p>Stefan Svensson<\/p>\n<p>Margareta Lindquist<\/p>\n<p>Maria Tennevi<\/p>\n<p>Tommy Malenstr\u00f6m<\/p>\n<p>Elias H\u00f6gh\u00e4ll &#8211; adjungerad via Kristdemokratiska ungdomsf\u00f6rbundet i Nord\u00f6stra Sk\u00e5ne<\/p>\n<p>Kenneth Wir\u00f6dal &#8211; adjungerad via Kristdemokratiska Seniorf\u00f6rbundet i H\u00e4ssleholm<\/p>\n<p><strong>Ers\u00e4ttare:<\/strong><\/p>\n<p>Mats Bj\u00f6rklund<\/p>\n<p>Gunnel Br\u00e4nnstr\u00f6m<\/p>\n<p>Berit Wir\u00f6dal<\/p>\n<p>Isabelle Mandeg\u00e5rd &#8211; adjungerad via Kristdemokratiska ungdomsf\u00f6rbundet i Nord\u00f6stra Sk\u00e5ne<\/p>\n<p>&nbsp;<\/p>\n<p>&nbsp;<\/p>\n<p>&nbsp;<\/p>\n","protected":false},"excerpt":{"rendered":"<p>Styrelse f\u00f6r verksamhets\u00e5ret 2022 &#8211; 2023 Presidium: Ordf\u00f6rande Robin Gustavsson Vice ordf\u00f6rande Christer Caesar Ledam\u00f6ter: Simon Berneblad Andr\u00e9 L\u00e5d\u00f6 Erika Heil Utbult Stefan Svensson Margareta Lindquist Maria Tennevi Tommy Malenstr\u00f6m Elias H\u00f6gh\u00e4ll &#8211; adjungerad via Kristdemokratiska ungdomsf\u00f6rbundet i Nord\u00f6stra Sk\u00e5ne Kenneth Wir\u00f6dal &#8211; adjungerad via Kristdemokratiska Seniorf\u00f6rbundet i H\u00e4ssleholm Ers\u00e4ttare: Mats Bj\u00f6rklund Gunnel Br\u00e4nnstr\u00f6m Berit <a class=\"read-more-link\" href=\"https:\/\/wp.kristdemokraterna.se\/hassleholm\/textsida-med-vanster-sidebar\/\">L\u00e4s mer<\/a><\/p>\n","protected":false},"author":651,"featured_media":0,"parent":0,"menu_order":0,"comment_status":"closed","ping_status":"closed","template":"page.php","meta":{"_acf_changed":false,"footnotes":""},"class_list":["post-269","page","type-page","status-publish","hentry"],"acf":[],"yoast_head":"<!-- This site is optimized with the Yoast SEO plugin v27.4 - https:\/\/yoast.com\/product\/yoast-seo-wordpress\/ -->\n<title>V\u00e5r partiavdelning - Kristdemokraterna | H\u00e4ssleholm<\/title>\n<meta name=\"robots\" content=\"index, follow, max-snippet:-1, max-image-preview:large, max-video-preview:-1\" \/>\n<link rel=\"canonical\" href=\"https:\/\/wp.kristdemokraterna.se\/hassleholm\/textsida-med-vanster-sidebar\/\" \/>\n<meta property=\"og:locale\" content=\"sv_SE\" \/>\n<meta property=\"og:type\" content=\"article\" \/>\n<meta property=\"og:title\" content=\"V\u00e5r partiavdelning - Kristdemokraterna | H\u00e4ssleholm\" \/>\n<meta property=\"og:description\" content=\"Styrelse f\u00f6r verksamhets\u00e5ret 2022 &#8211; 2023 Presidium: Ordf\u00f6rande Robin Gustavsson Vice ordf\u00f6rande Christer Caesar Ledam\u00f6ter: Simon Berneblad Andr\u00e9 L\u00e5d\u00f6 Erika Heil Utbult Stefan Svensson Margareta Lindquist Maria Tennevi Tommy Malenstr\u00f6m Elias H\u00f6gh\u00e4ll &#8211; adjungerad via Kristdemokratiska ungdomsf\u00f6rbundet i Nord\u00f6stra Sk\u00e5ne Kenneth Wir\u00f6dal &#8211; adjungerad via Kristdemokratiska Seniorf\u00f6rbundet i H\u00e4ssleholm Ers\u00e4ttare: Mats Bj\u00f6rklund Gunnel Br\u00e4nnstr\u00f6m Berit L\u00e4s mer\" \/>\n<meta property=\"og:url\" content=\"https:\/\/wp.kristdemokraterna.se\/hassleholm\/textsida-med-vanster-sidebar\/\" \/>\n<meta property=\"og:site_name\" content=\"Kristdemokraterna | H\u00e4ssleholm\" \/>\n<meta property=\"article:modified_time\" content=\"2022-07-10T11:11:49+00:00\" \/>\n<meta name=\"twitter:card\" content=\"summary_large_image\" \/>\n<script type=\"application\/ld+json\" class=\"yoast-schema-graph\">{\"@context\":\"https:\\\/\\\/schema.org\",\"@graph\":[{\"@type\":\"WebPage\",\"@id\":\"https:\\\/\\\/wp.kristdemokraterna.se\\\/hassleholm\\\/textsida-med-vanster-sidebar\\\/\",\"url\":\"https:\\\/\\\/wp.kristdemokraterna.se\\\/hassleholm\\\/textsida-med-vanster-sidebar\\\/\",\"name\":\"V\u00e5r partiavdelning - Kristdemokraterna | H\u00e4ssleholm\",\"isPartOf\":{\"@id\":\"https:\\\/\\\/wp.kristdemokraterna.se\\\/hassleholm\\\/#website\"},\"datePublished\":\"2017-11-29T15:48:28+00:00\",\"dateModified\":\"2022-07-10T11:11:49+00:00\",\"breadcrumb\":{\"@id\":\"https:\\\/\\\/wp.kristdemokraterna.se\\\/hassleholm\\\/textsida-med-vanster-sidebar\\\/#breadcrumb\"},\"inLanguage\":\"sv-SE\",\"potentialAction\":[{\"@type\":\"ReadAction\",\"target\":[\"https:\\\/\\\/wp.kristdemokraterna.se\\\/hassleholm\\\/textsida-med-vanster-sidebar\\\/\"]}]},{\"@type\":\"BreadcrumbList\",\"@id\":\"https:\\\/\\\/wp.kristdemokraterna.se\\\/hassleholm\\\/textsida-med-vanster-sidebar\\\/#breadcrumb\",\"itemListElement\":[{\"@type\":\"ListItem\",\"position\":1,\"name\":\"Hem\",\"item\":\"https:\\\/\\\/wp.kristdemokraterna.se\\\/hassleholm\\\/\"},{\"@type\":\"ListItem\",\"position\":2,\"name\":\"V\u00e5r partiavdelning\"}]},{\"@type\":\"WebSite\",\"@id\":\"https:\\\/\\\/wp.kristdemokraterna.se\\\/hassleholm\\\/#website\",\"url\":\"https:\\\/\\\/wp.kristdemokraterna.se\\\/hassleholm\\\/\",\"name\":\"Kristdemokraterna | H\u00e4ssleholm\",\"description\":\"\u00c4nnu en webbplats hos Kristdemokraterna\",\"inLanguage\":\"sv-SE\"}]}<\/script>\n<!-- \/ Yoast SEO plugin. -->","yoast_head_json":{"title":"V\u00e5r partiavdelning - Kristdemokraterna | H\u00e4ssleholm","robots":{"index":"index","follow":"follow","max-snippet":"max-snippet:-1","max-image-preview":"max-image-preview:large","max-video-preview":"max-video-preview:-1"},"canonical":"https:\/\/wp.kristdemokraterna.se\/hassleholm\/textsida-med-vanster-sidebar\/","og_locale":"sv_SE","og_type":"article","og_title":"V\u00e5r partiavdelning - Kristdemokraterna | H\u00e4ssleholm","og_description":"Styrelse f\u00f6r verksamhets\u00e5ret 2022 &#8211; 2023 Presidium: Ordf\u00f6rande Robin Gustavsson Vice ordf\u00f6rande Christer Caesar Ledam\u00f6ter: Simon Berneblad Andr\u00e9 L\u00e5d\u00f6 Erika Heil Utbult Stefan Svensson Margareta Lindquist Maria Tennevi Tommy Malenstr\u00f6m Elias H\u00f6gh\u00e4ll &#8211; adjungerad via Kristdemokratiska ungdomsf\u00f6rbundet i Nord\u00f6stra Sk\u00e5ne Kenneth Wir\u00f6dal &#8211; adjungerad via Kristdemokratiska Seniorf\u00f6rbundet i H\u00e4ssleholm Ers\u00e4ttare: Mats Bj\u00f6rklund Gunnel Br\u00e4nnstr\u00f6m Berit L\u00e4s mer","og_url":"https:\/\/wp.kristdemokraterna.se\/hassleholm\/textsida-med-vanster-sidebar\/","og_site_name":"Kristdemokraterna | H\u00e4ssleholm","article_modified_time":"2022-07-10T11:11:49+00:00","twitter_card":"summary_large_image","schema":{"@context":"https:\/\/schema.org","@graph":[{"@type":"WebPage","@id":"https:\/\/wp.kristdemokraterna.se\/hassleholm\/textsida-med-vanster-sidebar\/","url":"https:\/\/wp.kristdemokraterna.se\/hassleholm\/textsida-med-vanster-sidebar\/","name":"V\u00e5r partiavdelning - Kristdemokraterna | H\u00e4ssleholm","isPartOf":{"@id":"https:\/\/wp.kristdemokraterna.se\/hassleholm\/#website"},"datePublished":"2017-11-29T15:48:28+00:00","dateModified":"2022-07-10T11:11:49+00:00","breadcrumb":{"@id":"https:\/\/wp.kristdemokraterna.se\/hassleholm\/textsida-med-vanster-sidebar\/#breadcrumb"},"inLanguage":"sv-SE","potentialAction":[{"@type":"ReadAction","target":["https:\/\/wp.kristdemokraterna.se\/hassleholm\/textsida-med-vanster-sidebar\/"]}]},{"@type":"BreadcrumbList","@id":"https:\/\/wp.kristdemokraterna.se\/hassleholm\/textsida-med-vanster-sidebar\/#breadcrumb","itemListElement":[{"@type":"ListItem","position":1,"name":"Hem","item":"https:\/\/wp.kristdemokraterna.se\/hassleholm\/"},{"@type":"ListItem","position":2,"name":"V\u00e5r partiavdelning"}]},{"@type":"WebSite","@id":"https:\/\/wp.kristdemokraterna.se\/hassleholm\/#website","url":"https:\/\/wp.kristdemokraterna.se\/hassleholm\/","name":"Kristdemokraterna | H\u00e4ssleholm","description":"\u00c4nnu en webbplats hos Kristdemokraterna","inLanguage":"sv-SE"}]}},"_links":{"self":[{"href":"https:\/\/wp.kristdemokraterna.se\/hassleholm\/wp-json\/wp\/v2\/pages\/269","targetHints":{"allow":["GET"]}}],"collection":[{"href":"https:\/\/wp.kristdemokraterna.se\/hassleholm\/wp-json\/wp\/v2\/pages"}],"about":[{"href":"https:\/\/wp.kristdemokraterna.se\/hassleholm\/wp-json\/wp\/v2\/types\/page"}],"author":[{"embeddable":true,"href":"https:\/\/wp.kristdemokraterna.se\/hassleholm\/wp-json\/wp\/v2\/users\/651"}],"replies":[{"embeddable":true,"href":"https:\/\/wp.kristdemokraterna.se\/hassleholm\/wp-json\/wp\/v2\/comments?post=269"}],"version-history":[{"count":19,"href":"https:\/\/wp.kristdemokraterna.se\/hassleholm\/wp-json\/wp\/v2\/pages\/269\/revisions"}],"predecessor-version":[{"id":642,"href":"https:\/\/wp.kristdemokraterna.se\/hassleholm\/wp-json\/wp\/v2\/pages\/269\/revisions\/642"}],"wp:attachment":[{"href":"https:\/\/wp.kristdemokraterna.se\/hassleholm\/wp-json\/wp\/v2\/media?parent=269"}],"curies":[{"name":"wp","href":"https:\/\/api.w.org\/{rel}","templated":true}]}}