{"id":272,"date":"2017-11-29T16:49:10","date_gmt":"2017-11-29T15:49:10","guid":{"rendered":"http:\/\/wp.kristdemokraterna.se\/hassleholm\/?page_id=272"},"modified":"2022-07-10T12:58:08","modified_gmt":"2022-07-10T10:58:08","slug":"textsida-fullbredd","status":"publish","type":"page","link":"https:\/\/wp.kristdemokraterna.se\/hassleholm\/textsida-fullbredd\/","title":{"rendered":"Vad vi st\u00e5r f\u00f6r!"},"content":{"rendered":"<div class=\"o-grid__item u-2\/3@md-up\">\n<div class=\"o-section u-soft--top\">\n<div class=\"u-3\/4@sm-up u-1\/1@md-up\">\n<article>\n<div id=\"print\">\n<p><strong>REDO F\u00d6R FRAMTIDENS H\u00c4SSLEHOLM!<\/strong><\/p>\n<p><em>Valmanifest f\u00f6r Kristdemokraterna i H\u00e4ssleholm 2022\u20132026<\/em><\/p>\n<p><em>Antaget av partiavdelningsstyrelsen 26\/4 &#8211; 2022<\/em><\/p>\n<p><strong>108 \u00e5r som stad, nu \u00e4r vi redo att l\u00e4gga grunden f\u00f6r framtiden!<\/strong><\/p>\n<p>H\u00e4ssleholm har i n\u00e4rmare 108 \u00e5r varit en framg\u00e5ngsrik stad f\u00f6r Sk\u00e5ne. En j\u00e4rnv\u00e4gsmetropol vars syfte har varit avg\u00f6rande f\u00f6r Sk\u00e5nes transportinfrastruktur. 2000-talets digitalisering och utveckling har p\u00e5verkat m\u00e5nga bruksorter i Sk\u00e5ne, inklusive H\u00e4ssleholm. Nu \u00e4r det dags att l\u00e4gga grunden f\u00f6r framtiden. Kristdemokraterna \u00e4r REDO f\u00f6r framtidens H\u00e4ssleholm.<\/p>\n<p>Under den senaste mandatperioden har Kristdemokraterna styrt tillsammans med Moderaterna och Liberalerna. Vi har gjort skillnad f\u00f6r H\u00e4ssleholmarnas tillg\u00e5ng till v\u00e4lf\u00e4rden. Rekordm\u00e5nga nya bost\u00e4der har byggts, beslutet om ett nytt badhus \u00e4r klubbat och ett nytt toppmodernt v\u00e5rdboende \u00e4r invigt. \u00c4ven ett beslut om renovering av Markan och inr\u00e4ttande av nya lokaler f\u00f6r Familjens Hus har skett under v\u00e5r tid i styret. Men mandatperioden har inte varit felfri. Att styra i minoritet har p\u00e5verkat politikens m\u00f6jlighet att ge en konsekvent framtidsplan. KD hoppas att v\u00e4ljarna ger oss det st\u00f6d som kr\u00e4vs f\u00f6r att forma en stabil majoritet.<\/p>\n<p>Det har blivit tydligt de senaste \u00e5ren att Kristdemokraterna har h\u00f6gt f\u00f6rtroende i viktiga v\u00e4lf\u00e4rdsfr\u00e5gor, s\u00e5som h\u00e4lso- och sjukv\u00e5rd och \u00e4ldreomsorg. D\u00e4rf\u00f6r \u00e4r det viktigt att visa f\u00f6r H\u00e4ssleholmarna att Kristdemokraterna \u00e4ven forts\u00e4ttningsvis har f\u00f6rslag och id\u00e9er f\u00f6r att utveckla v\u00e5r gemensamma v\u00e4lf\u00e4rd. Att ha en Kristdemokrat med vid f\u00f6rhandlingsbordet \u00e4r en garanti f\u00f6r att b\u00e5de kommunens \u00e4ldre och unga prioriteras.<\/p>\n<p>Kristdemokraterna i H\u00e4ssleholm vill betona att samtliga f\u00f6rslag har ett Agenda 2030-perspektiv. Det inneb\u00e4r f\u00f6r att forma ett gott liv, hela livet, beh\u00f6ver inte bara omsorgs- och v\u00e4lf\u00e4rdsfr\u00e5gor vara bra och trygga. Samh\u00e4llsbyggnadsfr\u00e5gor liksom det civila samh\u00e4llets bidrag, kultur och fritid samt skola \u00e4r en viktig del f\u00f6r att st\u00e4rka varje enskild medborgares liv.<\/p>\n<p>St\u00f6rre del av valprogrammet ska genomf\u00f6ras under mandatperioden 2022 &#8211; 2026 via bland annat Kristdemokraterna i H\u00e4ssleholms kommande styrelser och i kommunfullm\u00e4ktige genom de nominerade toppkandidaterna.<\/p>\n<p><strong>Christer Caesar<\/strong><\/p>\n<p><em>F\u00f6rsta namn f\u00f6r Kristdemokraterna vid valet till kommunfullm\u00e4ktige i H\u00e4ssleholm<\/em><\/p>\n<p><strong>Simon Berneblad<\/strong><\/p>\n<p><em>Andra namn f\u00f6r Kristdemokraterna vid valet till kommunfullm\u00e4ktige i H\u00e4ssleholm<\/em><\/p>\n<p><strong>Erika Heil Utbult<\/strong><\/p>\n<p><em>Tredje namn f\u00f6r Kristdemokraterna vid valet till kommunfullm\u00e4ktige i H\u00e4ssleholm<\/em><\/p>\n<p><strong>Stefan Svensson<\/strong><\/p>\n<p><em>Fj\u00e4rde namn f\u00f6r Kristdemokraterna vid valet till kommunfullm\u00e4ktige i H\u00e4ssleholm<\/em><\/p>\n<p><strong>Redo f\u00f6r en god v\u00e5rd och omsorg<\/strong><\/p>\n<p>V\u00e5ra medborgare ska kunna \u00e5ldras med v\u00e4rdighet. \u00c4ldreomsorgen ska pr\u00e4glas av trygghet och delaktighet. \u00a0Det inneb\u00e4r att service, v\u00e5rd och omsorg ska vara tillg\u00e4nglig.<\/p>\n<p>Regionalt och nationellt m\u00e5ste sjukv\u00e5rden i sin helhet fungera. All omv\u00e5rdnad och sjukv\u00e5rd \u00e4r en mellanm\u00e4nsklig process med m\u00e5l att hj\u00e4lpa patienterna och anh\u00f6riga att hantera sv\u00e5ra situationer. D\u00e4rf\u00f6r vill Kristdemokraterna nationellt f\u00f6r\u00e4ndra sjukv\u00e5rden i grunden, s\u00e5 vi kommer tillbaka till grunduppdraget att ge god omv\u00e5rdnad i alla situationer. Det kr\u00e4vs stora reformer och inte l\u00e4ngre lappa och laga i ett trasigt system. Regionerna b\u00f6r l\u00e4ggas ner och staten ta \u00f6ver ansvaret \u00f6ver sjukv\u00e5rden.<\/p>\n<p><strong>Kristdemokraterna anser att:<\/strong><\/p>\n<ul>\n<li>All personal inom omsorgen som jobbar v\u00e5rdn\u00e4ra m\u00e5ste kunna kommunicera p\u00e5 god svenska.<\/li>\n<li>H\u00e4ssleholms kommun ska fortsatt erbjuda tr\u00e4ffpunkter f\u00f6r \u00e4ldre i samverkan med civilsamh\u00e4llet, med en variation av aktiviteter.<\/li>\n<li>\u00c4ldresamtal ska erbjudas alla som fyllt 80 \u00e5r.<\/li>\n<li>F\u00f6rb\u00e4ttra arbetsvillkoren s\u00e5 att o\u00f6nskad deltid tas bort och delade turer minskas.<\/li>\n<li>Den palliativa v\u00e5rden ska i samverkan med regionen utvecklas f\u00f6r att garantera alla en v\u00e4rdig v\u00e5rd i livets slutskede.<\/li>\n<li>Kommunens v\u00e5rd och omsorg ska vara personcentrerad. D\u00e4r insatserna ska vara samordnade och utg\u00e5 fr\u00e5n den enskildes behov, situation, f\u00f6rm\u00e5gor och preferenser.<\/li>\n<li>Bygga fler platser i anpassade boenden f\u00f6r \u00e4ldre s\u00e5som seniorboenden och trygghetsboenden.<\/li>\n<li>H\u00f6g kvalitet, stor valfrihet och n\u00e4ringsriktig kost ska garanteras inom \u00e4ldreomsorgen.<\/li>\n<li>Kommunen ska ha ett v\u00e4lutvecklat anh\u00f6rigst\u00f6d. Det ska finnas tydlig information kring vilket st\u00f6d anh\u00f6riga har r\u00e4tt till.<\/li>\n<li>Verka f\u00f6r en garanterad plats p\u00e5 boende f\u00f6r de \u00e4ldre \u00f6ver 85 \u00e5r.<\/li>\n<li>Hemtj\u00e4nsten ska ges m\u00f6jlighet att f\u00f6rst\u00e4rkas med specialistteam med l\u00e4kare och sjuksk\u00f6terska.<\/li>\n<li>Antalet v\u00e5rdare en brukare ska m\u00f6ta i sitt hem ska minska.<\/li>\n<li>Den medicinska kompetensen ska st\u00e4rkas inom \u00e4ldreomsorgen genom fler sjuksk\u00f6terskor och \u00f6kad l\u00e4karmedverkan.<\/li>\n<\/ul>\n<p><strong>Redo f\u00f6r en trygg familj och ett tryggt samh\u00e4lle<\/strong><\/p>\n<p>Att bygga ett samh\u00e4lle d\u00e4r m\u00e4nniskor k\u00e4nner sig trygga handlar om att ta till sig en m\u00e4ngd olika perspektiv. Trygghet i familjen, n\u00e4romr\u00e5det och i samh\u00e4llet \u00e4r alla f\u00f6ruts\u00e4ttningar f\u00f6r ett v\u00e4l fungerande samh\u00e4lle. Likv\u00e4l s\u00e5 m\u00e5ste den upplevda tryggheten st\u00e4rkas genom bland annat trygghetskameror, klottersanering och genom brottsf\u00f6rebyggande- och det trygghetsskapande arbetet. Samh\u00e4llet m\u00e5ste ge tydliga signaler p\u00e5 vad som \u00e4r r\u00e4tt och fel, s\u00e5v\u00e4l som att reagera snabbt p\u00e5 beg\u00e5ngna brott.<\/p>\n<p>Kommunens uppgift \u00e4r att s\u00e4kra en trygg och bra uppv\u00e4xt f\u00f6r barn och unga med fritidsverksamhet och skola, som ger m\u00f6jlighet till arbete, sj\u00e4lvf\u00f6rs\u00f6rjning och eget liv. Trygga familjer och andra n\u00e4ra gemenskaper \u00e4r d\u00e4rf\u00f6r en f\u00f6ruts\u00e4ttning f\u00f6r ett v\u00e4l fungerande samh\u00e4lle.\u00a0 I familjen kan barnet f\u00e5 en villkorsl\u00f6s \u2013 men inte kravl\u00f6s \u2013 k\u00e4rlek. Ingen familj \u00e4r dock den andra lik. V\u00e5r utg\u00e5ngspunkt \u00e4r d\u00e4rf\u00f6r att familjen och andra n\u00e4ra gemenskaper sj\u00e4lva s\u00e5 l\u00e5ngt som m\u00f6jligt ska ha makten att utforma den egna vardagen.<\/p>\n<p><strong>Kristdemokraterna anser att:<\/strong><\/p>\n<ul>\n<li>H\u00e4ssleholms kommun ska ha fokus mot heml\u00f6shet och str\u00e4va mot en &#8221;Tak \u00f6ver huvudet-garanti\u201d.<\/li>\n<li>H\u00e4ssleholms kommun ska ha ett aktivt arbete i samverkan med bostadsf\u00f6retagen f\u00f6r att kunna f\u00f6rebygga heml\u00f6shet i samband med vr\u00e4kning, s\u00e4rskilt d\u00e4r barn finns med i bilden.<\/li>\n<li>F\u00f6rs\u00f6rjningsst\u00f6d ska kombineras med aktivitetskrav.<\/li>\n<li>\u00d6ka kraften i det brottsf\u00f6rebyggande arbetet genom att samverka med f\u00f6reningsliv, f\u00f6rs\u00e4kringsbolag och n\u00e4ringslivet.<\/li>\n<li>\u00d6ka valfrihet och m\u00f6jligheten att v\u00e4lja vilken form av barnomsorg som passar f\u00f6r\u00e4ldrar eller v\u00e5rdnadshavare.<\/li>\n<li>F\u00f6rskolan ska ha sm\u00e5 barngrupper, sa\u030a att det blir en lugn milj\u00f6.<\/li>\n<li>Nolltolerans mot nedskr\u00e4pning och klotter i hela kommunen.<\/li>\n<li>Inf\u00f6ra trygghetskameror i hela kommunen.<\/li>\n<li>H\u00e4ssleholms kommun ska satsa p\u00e5 trygghetsskapande \u00e5tg\u00e4rder tillsammans med polisen.<\/li>\n<li>H\u00e4ssleholms kommun ska ge st\u00f6d till f\u00f6reningslivet i kommunen f\u00f6r de som arbetar med barn och ungdom, d\u00e4r styrning och ledning sker genom demokratiska former.<\/li>\n<\/ul>\n<p><strong>Redo att bygga en attraktiv kommun<\/strong><\/p>\n<p>Ett samh\u00e4llsbyggande utifr\u00e5n ett kristdemokratiskt perspektiv k\u00e4nnetecknas av att planera efter familjens legitima \u00f6nskem\u00e5l och tillgodose deras behov p\u00e5 ett h\u00e5llbart s\u00e4tt. Nybyggnation i s\u00e5v\u00e4l kommunens centrum och i samh\u00e4llena runt om ska samspela med sin omgivning d\u00e4r s\u00e5v\u00e4l uppl\u00e5telse av sm\u00e5hus, bostadsr\u00e4tter, arbetsplatser och kommersiella aktiviteter ska ha en naturlig plats. Detta f\u00f6r att bygga ett tryggt och inkluderande samh\u00e4lle f\u00f6r familjer, n\u00e4ringsliv och civilsamh\u00e4lle utefter alla dess utmaningar och \u00f6nskem\u00e5l.<\/p>\n<p><strong>Kristdemokraterna anser att:<\/strong><\/p>\n<ul>\n<li>H\u00e4ssleholms kommun ska planera f\u00f6r fler sm\u00e5hus och bostadsr\u00e4tter, b\u00e5de i kommunens centrum och i samh\u00e4llena runt om.<\/li>\n<li>Uppr\u00e4tta handlings- och strategiplaner f\u00f6r att tydligt skapa en vision f\u00f6r framtidens utveckling f\u00f6r H\u00e4ssleholms kommun. Dessa strategier b\u00f6r k\u00e4nneteckna en stadsbyggnad som tillgodoser s\u00e5v\u00e4l boende, f\u00f6retagande och industriell utveckling som st\u00e4rker H\u00e4ssleholms plats p\u00e5 arbetsmarknaden.<\/li>\n<li>H\u00e4ssleholms kommun ska anta en arkitekturpolicy d\u00e4r traditionella arkitektoniska och estetiska v\u00e4rden belyses men \u00e4ven hur vi planerar staden ur ett trygghetsperspektiv.<\/li>\n<li>Motorintresserade ungdomar ska tilldelas en dedikerad plats att vara och verka p\u00e5.<\/li>\n<li>F\u00f6rskolor, skolor, \u00e4ldreboenden och LSS-bost\u00e4der ska finnas med tidigt i planarbetet.<\/li>\n<li>H\u00e4ssleholms kommun ska efterstr\u00e4va en blandning av olika uppl\u00e5telseformer och storlekar p\u00e5 bost\u00e4der d\u00e4r \u00e4ven sm\u00e5husbebyggelse ska ha en naturlig plats.<\/li>\n<li>\u00d6ka m\u00f6jligheten f\u00f6r arbetspendling mellan t\u00e4torterna och \u00f6vriga Sk\u00e5ne.<\/li>\n<li>Gr\u00f6nomr\u00e5den och parker b\u00f6r bevaras. F\u00f6r att skapa trygghet och naturliga m\u00f6tesplatser.<\/li>\n<li>Underl\u00e4tta for f\u00f6retag att etablera sig genom att f\u00f6renkla administrationen i kommunen.<\/li>\n<li>St\u00e4rka r\u00e4ttigheterna f\u00f6r den sm\u00e5skaliga vattenkraften.<\/li>\n<li>J\u00e4rnv\u00e4gsinfrastrukturen i H\u00e4ssleholm f\u00f6rst\u00e4rks med fyrsp\u00e5r till Malm\u00f6 samt dubbelsp\u00e5r till Kristianstad och Helsingborg.<\/li>\n<li>Planeringsarbetet i kommunen ska pr\u00e4glas av omtanke och h\u00e4nsyn, till exempel: familjers behov av bil, bostadsplanering, milj\u00f6, barnperspektiv, kollektivtrafik, skolor, lekplatser, trygghet, social h\u00e5llbarhet etc.<\/li>\n<li>Polisens lokala f\u00f6rankring ska st\u00e4rkas.<\/li>\n<li>Vid etablerandet av vindkraftparker ska de lokala f\u00f6ruts\u00e4ttningarna tas i beaktning.<\/li>\n<\/ul>\n<p><strong>Redo att st\u00e4rka skolan<\/strong><\/p>\n<p>Kristdemokraternas vision \u00e4r en skola d\u00e4r varje barn och elev f\u00e5r utvecklas efter sin fulla potential, till vidare studier, ett meningsfullt yrkesliv och delaktighet i samh\u00e4llsgemenskapen. Under f\u00f6ruts\u00e4ttning att skolorna har denna utg\u00e5ngspunkt, f\u00f6ljer l\u00e4roplanen och lever upp till kvalitetskraven ska de ges stort m\u00e5tt av frihet att sj\u00e4lva utforma undervisningen.<\/p>\n<p><strong>Kristdemokraterna anser att:<\/strong><\/p>\n<ul>\n<li>Spr\u00e5kf\u00f6rskola ska erbjudas alla nyanl\u00e4nda barn.<\/li>\n<li>Syskonf\u00f6rtur i val till f\u00f6rskola och skola b\u00f6r g\u00e4lla, inte minst f\u00f6r att underl\u00e4tta familjers vardagsliv.<\/li>\n<li>En elevh\u00e4lsogaranti ska finnas som inneb\u00e4r att varje elev ska kunna komma i kontakt med elevh\u00e4lsan varje skoldag.<\/li>\n<li>Barn med sv\u00e5righeter att h\u00e4nga med i studierna beh\u00f6ver tidigt uppm\u00e4rksammas och f\u00e5 st\u00f6d.<\/li>\n<li>Elever i gymnasieskolan ska ges m\u00f6jlighet att d\u00e4rut\u00f6ver l\u00e4sa h\u00f6gskolekurser.<\/li>\n<li>Alla elever ska ges m\u00f6jlighet att \u00e5terkommande tr\u00e4ffa utbildad Studie- och Yrkesv\u00e4gledare f\u00f6r att kunna g\u00f6ra v\u00e4lgrundade studie- och yrkesval.<\/li>\n<li>Fortsatt v\u00e4rna det fria skolvalet.<\/li>\n<li>Ge f\u00f6ruts\u00e4ttning fo\u0308r fysisk aktivitet varje dag.<\/li>\n<li>Det administrativa arbetet bo\u0308r minska fo\u0308r la\u0308rare, fo\u0308r att ge dem mer tid med eleverna och undervisningen.<\/li>\n<li>Kommunen ska anpassa sin organisation s\u00e5 att samverkan sker utifr\u00e5n barnets b\u00e4sta f\u00f6r att hj\u00e4lp och st\u00f6d ska komma till familjerna i tid.<\/li>\n<li>Utred och koppla samman de gymnasiestudier som efterfr\u00e5gas av det lokala n\u00e4ringslivet och arbetsmarknaden.<\/li>\n<li>Skolan ska se till att den enskilde eleven utvecklas i sin takt, framst\u00e5ende elever ska kunna g\u00e5 i speciella profilklasser.<\/li>\n<li>Barnomsorg och f\u00f6rskola ska ge f\u00f6r\u00e4ldrarna st\u00f6d i deras ansvar f\u00f6r barnens fostran och inte ta \u00f6ver ansvaret.<\/li>\n<li>Mobbaren b\u00f6r efter utredning och samtal som inte givit effekt, flyttas till annan skola.<\/li>\n<\/ul>\n<\/div>\n<\/article>\n<\/div>\n<\/div>\n<\/div>\n","protected":false},"excerpt":{"rendered":"<p>REDO F\u00d6R FRAMTIDENS H\u00c4SSLEHOLM! Valmanifest f\u00f6r Kristdemokraterna i H\u00e4ssleholm 2022\u20132026 Antaget av partiavdelningsstyrelsen 26\/4 &#8211; 2022 108 \u00e5r som stad, nu \u00e4r vi redo att l\u00e4gga grunden f\u00f6r framtiden! H\u00e4ssleholm har i n\u00e4rmare 108 \u00e5r varit en framg\u00e5ngsrik stad f\u00f6r Sk\u00e5ne. En j\u00e4rnv\u00e4gsmetropol vars syfte har varit avg\u00f6rande f\u00f6r Sk\u00e5nes transportinfrastruktur. 2000-talets digitalisering och utveckling <a class=\"read-more-link\" href=\"https:\/\/wp.kristdemokraterna.se\/hassleholm\/textsida-fullbredd\/\">L\u00e4s mer<\/a><\/p>\n","protected":false},"author":651,"featured_media":0,"parent":0,"menu_order":0,"comment_status":"closed","ping_status":"closed","template":"page-full.php","meta":{"_acf_changed":false,"footnotes":""},"class_list":["post-272","page","type-page","status-publish","hentry"],"acf":[],"yoast_head":"<!-- This site is optimized with the Yoast SEO plugin v27.3 - https:\/\/yoast.com\/product\/yoast-seo-wordpress\/ -->\n<title>Vad vi st\u00e5r f\u00f6r! - Kristdemokraterna | H\u00e4ssleholm<\/title>\n<meta name=\"robots\" content=\"index, follow, max-snippet:-1, max-image-preview:large, max-video-preview:-1\" \/>\n<link rel=\"canonical\" href=\"https:\/\/wp.kristdemokraterna.se\/hassleholm\/textsida-fullbredd\/\" \/>\n<meta property=\"og:locale\" content=\"sv_SE\" \/>\n<meta property=\"og:type\" content=\"article\" \/>\n<meta property=\"og:title\" content=\"Vad vi st\u00e5r f\u00f6r! - Kristdemokraterna | H\u00e4ssleholm\" \/>\n<meta property=\"og:description\" content=\"REDO F\u00d6R FRAMTIDENS H\u00c4SSLEHOLM! Valmanifest f\u00f6r Kristdemokraterna i H\u00e4ssleholm 2022\u20132026 Antaget av partiavdelningsstyrelsen 26\/4 &#8211; 2022 108 \u00e5r som stad, nu \u00e4r vi redo att l\u00e4gga grunden f\u00f6r framtiden! H\u00e4ssleholm har i n\u00e4rmare 108 \u00e5r varit en framg\u00e5ngsrik stad f\u00f6r Sk\u00e5ne. En j\u00e4rnv\u00e4gsmetropol vars syfte har varit avg\u00f6rande f\u00f6r Sk\u00e5nes transportinfrastruktur. 2000-talets digitalisering och utveckling L\u00e4s mer\" \/>\n<meta property=\"og:url\" content=\"https:\/\/wp.kristdemokraterna.se\/hassleholm\/textsida-fullbredd\/\" \/>\n<meta property=\"og:site_name\" content=\"Kristdemokraterna | H\u00e4ssleholm\" \/>\n<meta property=\"article:modified_time\" content=\"2022-07-10T10:58:08+00:00\" \/>\n<meta name=\"twitter:card\" content=\"summary_large_image\" \/>\n<meta name=\"twitter:label1\" content=\"Ber\u00e4knad l\u00e4stid\" \/>\n\t<meta name=\"twitter:data1\" content=\"9 minuter\" \/>\n<script type=\"application\/ld+json\" class=\"yoast-schema-graph\">{\"@context\":\"https:\\\/\\\/schema.org\",\"@graph\":[{\"@type\":\"WebPage\",\"@id\":\"https:\\\/\\\/wp.kristdemokraterna.se\\\/hassleholm\\\/textsida-fullbredd\\\/\",\"url\":\"https:\\\/\\\/wp.kristdemokraterna.se\\\/hassleholm\\\/textsida-fullbredd\\\/\",\"name\":\"Vad vi st\u00e5r f\u00f6r! - Kristdemokraterna | H\u00e4ssleholm\",\"isPartOf\":{\"@id\":\"https:\\\/\\\/wp.kristdemokraterna.se\\\/hassleholm\\\/#website\"},\"datePublished\":\"2017-11-29T15:49:10+00:00\",\"dateModified\":\"2022-07-10T10:58:08+00:00\",\"breadcrumb\":{\"@id\":\"https:\\\/\\\/wp.kristdemokraterna.se\\\/hassleholm\\\/textsida-fullbredd\\\/#breadcrumb\"},\"inLanguage\":\"sv-SE\",\"potentialAction\":[{\"@type\":\"ReadAction\",\"target\":[\"https:\\\/\\\/wp.kristdemokraterna.se\\\/hassleholm\\\/textsida-fullbredd\\\/\"]}]},{\"@type\":\"BreadcrumbList\",\"@id\":\"https:\\\/\\\/wp.kristdemokraterna.se\\\/hassleholm\\\/textsida-fullbredd\\\/#breadcrumb\",\"itemListElement\":[{\"@type\":\"ListItem\",\"position\":1,\"name\":\"Hem\",\"item\":\"https:\\\/\\\/wp.kristdemokraterna.se\\\/hassleholm\\\/\"},{\"@type\":\"ListItem\",\"position\":2,\"name\":\"Vad vi st\u00e5r f\u00f6r!\"}]},{\"@type\":\"WebSite\",\"@id\":\"https:\\\/\\\/wp.kristdemokraterna.se\\\/hassleholm\\\/#website\",\"url\":\"https:\\\/\\\/wp.kristdemokraterna.se\\\/hassleholm\\\/\",\"name\":\"Kristdemokraterna | H\u00e4ssleholm\",\"description\":\"\u00c4nnu en webbplats hos Kristdemokraterna\",\"inLanguage\":\"sv-SE\"}]}<\/script>\n<!-- \/ Yoast SEO plugin. -->","yoast_head_json":{"title":"Vad vi st\u00e5r f\u00f6r! - Kristdemokraterna | H\u00e4ssleholm","robots":{"index":"index","follow":"follow","max-snippet":"max-snippet:-1","max-image-preview":"max-image-preview:large","max-video-preview":"max-video-preview:-1"},"canonical":"https:\/\/wp.kristdemokraterna.se\/hassleholm\/textsida-fullbredd\/","og_locale":"sv_SE","og_type":"article","og_title":"Vad vi st\u00e5r f\u00f6r! - Kristdemokraterna | H\u00e4ssleholm","og_description":"REDO F\u00d6R FRAMTIDENS H\u00c4SSLEHOLM! Valmanifest f\u00f6r Kristdemokraterna i H\u00e4ssleholm 2022\u20132026 Antaget av partiavdelningsstyrelsen 26\/4 &#8211; 2022 108 \u00e5r som stad, nu \u00e4r vi redo att l\u00e4gga grunden f\u00f6r framtiden! H\u00e4ssleholm har i n\u00e4rmare 108 \u00e5r varit en framg\u00e5ngsrik stad f\u00f6r Sk\u00e5ne. En j\u00e4rnv\u00e4gsmetropol vars syfte har varit avg\u00f6rande f\u00f6r Sk\u00e5nes transportinfrastruktur. 2000-talets digitalisering och utveckling L\u00e4s mer","og_url":"https:\/\/wp.kristdemokraterna.se\/hassleholm\/textsida-fullbredd\/","og_site_name":"Kristdemokraterna | H\u00e4ssleholm","article_modified_time":"2022-07-10T10:58:08+00:00","twitter_card":"summary_large_image","twitter_misc":{"Ber\u00e4knad l\u00e4stid":"9 minuter"},"schema":{"@context":"https:\/\/schema.org","@graph":[{"@type":"WebPage","@id":"https:\/\/wp.kristdemokraterna.se\/hassleholm\/textsida-fullbredd\/","url":"https:\/\/wp.kristdemokraterna.se\/hassleholm\/textsida-fullbredd\/","name":"Vad vi st\u00e5r f\u00f6r! - Kristdemokraterna | H\u00e4ssleholm","isPartOf":{"@id":"https:\/\/wp.kristdemokraterna.se\/hassleholm\/#website"},"datePublished":"2017-11-29T15:49:10+00:00","dateModified":"2022-07-10T10:58:08+00:00","breadcrumb":{"@id":"https:\/\/wp.kristdemokraterna.se\/hassleholm\/textsida-fullbredd\/#breadcrumb"},"inLanguage":"sv-SE","potentialAction":[{"@type":"ReadAction","target":["https:\/\/wp.kristdemokraterna.se\/hassleholm\/textsida-fullbredd\/"]}]},{"@type":"BreadcrumbList","@id":"https:\/\/wp.kristdemokraterna.se\/hassleholm\/textsida-fullbredd\/#breadcrumb","itemListElement":[{"@type":"ListItem","position":1,"name":"Hem","item":"https:\/\/wp.kristdemokraterna.se\/hassleholm\/"},{"@type":"ListItem","position":2,"name":"Vad vi st\u00e5r f\u00f6r!"}]},{"@type":"WebSite","@id":"https:\/\/wp.kristdemokraterna.se\/hassleholm\/#website","url":"https:\/\/wp.kristdemokraterna.se\/hassleholm\/","name":"Kristdemokraterna | H\u00e4ssleholm","description":"\u00c4nnu en webbplats hos Kristdemokraterna","inLanguage":"sv-SE"}]}},"_links":{"self":[{"href":"https:\/\/wp.kristdemokraterna.se\/hassleholm\/wp-json\/wp\/v2\/pages\/272","targetHints":{"allow":["GET"]}}],"collection":[{"href":"https:\/\/wp.kristdemokraterna.se\/hassleholm\/wp-json\/wp\/v2\/pages"}],"about":[{"href":"https:\/\/wp.kristdemokraterna.se\/hassleholm\/wp-json\/wp\/v2\/types\/page"}],"author":[{"embeddable":true,"href":"https:\/\/wp.kristdemokraterna.se\/hassleholm\/wp-json\/wp\/v2\/users\/651"}],"replies":[{"embeddable":true,"href":"https:\/\/wp.kristdemokraterna.se\/hassleholm\/wp-json\/wp\/v2\/comments?post=272"}],"version-history":[{"count":4,"href":"https:\/\/wp.kristdemokraterna.se\/hassleholm\/wp-json\/wp\/v2\/pages\/272\/revisions"}],"predecessor-version":[{"id":629,"href":"https:\/\/wp.kristdemokraterna.se\/hassleholm\/wp-json\/wp\/v2\/pages\/272\/revisions\/629"}],"wp:attachment":[{"href":"https:\/\/wp.kristdemokraterna.se\/hassleholm\/wp-json\/wp\/v2\/media?parent=272"}],"curies":[{"name":"wp","href":"https:\/\/api.w.org\/{rel}","templated":true}]}}