{"id":73,"date":"2018-06-26T13:45:49","date_gmt":"2018-06-26T11:45:49","guid":{"rendered":"http:\/\/wp.kristdemokraterna.se\/heby\/?page_id=73"},"modified":"2022-06-01T13:19:57","modified_gmt":"2022-06-01T11:19:57","slug":"startsida","status":"publish","type":"page","link":"https:\/\/wp.kristdemokraterna.se\/heby\/","title":{"rendered":"Startsida"},"content":{"rendered":"<p>Bli medlem i Kristdemokraterna Heby!<\/p>\n<hr \/>\n<p>Distriktsordf\u00f6rande Mikael Oscarsson<\/p>\n","protected":false},"excerpt":{"rendered":"<p>Bli medlem i Kristdemokraterna Heby! Distriktsordf\u00f6rande Mikael Oscarsson<\/p>\n","protected":false},"author":567,"featured_media":0,"parent":0,"menu_order":0,"comment_status":"closed","ping_status":"closed","template":"index.php","meta":{"_acf_changed":false,"footnotes":""},"class_list":["post-73","page","type-page","status-publish","hentry"],"acf":[],"yoast_head":"<!-- This site is optimized with the Yoast SEO plugin v27.3 - https:\/\/yoast.com\/product\/yoast-seo-wordpress\/ -->\n<title>Startsida - Heby<\/title>\n<meta name=\"robots\" content=\"index, follow, max-snippet:-1, max-image-preview:large, max-video-preview:-1\" \/>\n<link rel=\"canonical\" href=\"https:\/\/wp.kristdemokraterna.se\/heby\/\" \/>\n<meta property=\"og:locale\" content=\"sv_SE\" \/>\n<meta property=\"og:type\" content=\"article\" \/>\n<meta property=\"og:title\" content=\"Startsida - Heby\" \/>\n<meta property=\"og:description\" content=\"Bli medlem i Kristdemokraterna Heby! Distriktsordf\u00f6rande Mikael Oscarsson\" \/>\n<meta property=\"og:url\" content=\"https:\/\/wp.kristdemokraterna.se\/heby\/\" \/>\n<meta property=\"og:site_name\" content=\"Heby\" \/>\n<meta property=\"article:modified_time\" content=\"2022-06-01T11:19:57+00:00\" \/>\n<meta name=\"twitter:card\" content=\"summary_large_image\" \/>\n<meta name=\"twitter:label1\" content=\"Ber\u00e4knad l\u00e4stid\" \/>\n\t<meta name=\"twitter:data1\" content=\"1 minut\" \/>\n<script type=\"application\/ld+json\" class=\"yoast-schema-graph\">{\"@context\":\"https:\\\/\\\/schema.org\",\"@graph\":[{\"@type\":\"WebPage\",\"@id\":\"https:\\\/\\\/wp.kristdemokraterna.se\\\/heby\\\/\",\"url\":\"https:\\\/\\\/wp.kristdemokraterna.se\\\/heby\\\/\",\"name\":\"Startsida - Heby\",\"isPartOf\":{\"@id\":\"https:\\\/\\\/wp.kristdemokraterna.se\\\/heby\\\/#website\"},\"datePublished\":\"2018-06-26T11:45:49+00:00\",\"dateModified\":\"2022-06-01T11:19:57+00:00\",\"breadcrumb\":{\"@id\":\"https:\\\/\\\/wp.kristdemokraterna.se\\\/heby\\\/#breadcrumb\"},\"inLanguage\":\"sv-SE\",\"potentialAction\":[{\"@type\":\"ReadAction\",\"target\":[\"https:\\\/\\\/wp.kristdemokraterna.se\\\/heby\\\/\"]}]},{\"@type\":\"BreadcrumbList\",\"@id\":\"https:\\\/\\\/wp.kristdemokraterna.se\\\/heby\\\/#breadcrumb\",\"itemListElement\":[{\"@type\":\"ListItem\",\"position\":1,\"name\":\"Hem\",\"item\":\"https:\\\/\\\/wp.kristdemokraterna.se\\\/heby\\\/\"},{\"@type\":\"ListItem\",\"position\":2,\"name\":\"Startsida\"}]},{\"@type\":\"WebSite\",\"@id\":\"https:\\\/\\\/wp.kristdemokraterna.se\\\/heby\\\/#website\",\"url\":\"https:\\\/\\\/wp.kristdemokraterna.se\\\/heby\\\/\",\"name\":\"Heby\",\"description\":\"F\u00f6r f\u00f6retagandet, familjerna och f\u00f6rsvaret\",\"inLanguage\":\"sv-SE\"}]}<\/script>\n<!-- \/ Yoast SEO plugin. -->","yoast_head_json":{"title":"Startsida - Heby","robots":{"index":"index","follow":"follow","max-snippet":"max-snippet:-1","max-image-preview":"max-image-preview:large","max-video-preview":"max-video-preview:-1"},"canonical":"https:\/\/wp.kristdemokraterna.se\/heby\/","og_locale":"sv_SE","og_type":"article","og_title":"Startsida - Heby","og_description":"Bli medlem i Kristdemokraterna Heby! Distriktsordf\u00f6rande Mikael Oscarsson","og_url":"https:\/\/wp.kristdemokraterna.se\/heby\/","og_site_name":"Heby","article_modified_time":"2022-06-01T11:19:57+00:00","twitter_card":"summary_large_image","twitter_misc":{"Ber\u00e4knad l\u00e4stid":"1 minut"},"schema":{"@context":"https:\/\/schema.org","@graph":[{"@type":"WebPage","@id":"https:\/\/wp.kristdemokraterna.se\/heby\/","url":"https:\/\/wp.kristdemokraterna.se\/heby\/","name":"Startsida - Heby","isPartOf":{"@id":"https:\/\/wp.kristdemokraterna.se\/heby\/#website"},"datePublished":"2018-06-26T11:45:49+00:00","dateModified":"2022-06-01T11:19:57+00:00","breadcrumb":{"@id":"https:\/\/wp.kristdemokraterna.se\/heby\/#breadcrumb"},"inLanguage":"sv-SE","potentialAction":[{"@type":"ReadAction","target":["https:\/\/wp.kristdemokraterna.se\/heby\/"]}]},{"@type":"BreadcrumbList","@id":"https:\/\/wp.kristdemokraterna.se\/heby\/#breadcrumb","itemListElement":[{"@type":"ListItem","position":1,"name":"Hem","item":"https:\/\/wp.kristdemokraterna.se\/heby\/"},{"@type":"ListItem","position":2,"name":"Startsida"}]},{"@type":"WebSite","@id":"https:\/\/wp.kristdemokraterna.se\/heby\/#website","url":"https:\/\/wp.kristdemokraterna.se\/heby\/","name":"Heby","description":"F\u00f6r f\u00f6retagandet, familjerna och f\u00f6rsvaret","inLanguage":"sv-SE"}]}},"_links":{"self":[{"href":"https:\/\/wp.kristdemokraterna.se\/heby\/wp-json\/wp\/v2\/pages\/73","targetHints":{"allow":["GET"]}}],"collection":[{"href":"https:\/\/wp.kristdemokraterna.se\/heby\/wp-json\/wp\/v2\/pages"}],"about":[{"href":"https:\/\/wp.kristdemokraterna.se\/heby\/wp-json\/wp\/v2\/types\/page"}],"author":[{"embeddable":true,"href":"https:\/\/wp.kristdemokraterna.se\/heby\/wp-json\/wp\/v2\/users\/567"}],"replies":[{"embeddable":true,"href":"https:\/\/wp.kristdemokraterna.se\/heby\/wp-json\/wp\/v2\/comments?post=73"}],"version-history":[{"count":20,"href":"https:\/\/wp.kristdemokraterna.se\/heby\/wp-json\/wp\/v2\/pages\/73\/revisions"}],"predecessor-version":[{"id":147,"href":"https:\/\/wp.kristdemokraterna.se\/heby\/wp-json\/wp\/v2\/pages\/73\/revisions\/147"}],"wp:attachment":[{"href":"https:\/\/wp.kristdemokraterna.se\/heby\/wp-json\/wp\/v2\/media?parent=73"}],"curies":[{"name":"wp","href":"https:\/\/api.w.org\/{rel}","templated":true}]}}