{"id":81,"date":"2018-06-26T14:06:56","date_gmt":"2018-06-26T12:06:56","guid":{"rendered":"http:\/\/wp.kristdemokraterna.se\/heby\/?page_id=81"},"modified":"2022-05-24T16:34:52","modified_gmt":"2022-05-24T14:34:52","slug":"bli-medlem","status":"publish","type":"page","link":"https:\/\/wp.kristdemokraterna.se\/heby\/bli-medlem\/","title":{"rendered":"Bli medlem"},"content":{"rendered":"<p>Jag gick med i\u00a0Kristdemokraterna f\u00f6r att jag vill v\u00e4rna m\u00e4nniskors r\u00e4tt till sj\u00e4lvbest\u00e4mmande. Varje m\u00e4nniska \u00e4r unik och m\u00e5ste ha r\u00e4tt till mer egenmakt.\u00a0F\u00f6r mig byggs samh\u00e4llet underifr\u00e5n och familjens roll \u00e4r central. D\u00e4rf\u00f6r m\u00e5ste familjerna sj\u00e4lva f\u00e5 best\u00e4mma hur de ska f\u00f6rdela f\u00f6r\u00e4ldraledigheten, p\u00e5 samma s\u00e4tt som \u00e4ldre ska f\u00e5 best\u00e4mma mer \u00f6ver hur de vill ha sin \u00e4ldreomsorg. Idag hotas egenmakten och sj\u00e4lvbest\u00e4mmandet av kl\u00e5fingriga politiker. Det vill jag och Kristdemokraterna s\u00e4tta stopp f\u00f6r.<\/p>\n<p>Jag hoppas du vill vara med och arbeta f\u00f6r mer\u00a0egenmakt och mer medm\u00e4nsklighet.<br \/>\nG\u00f6r som jag gjorde\u00a0\u2013 bli medlem.<\/p>\n<p><strong>EBBA BUSCH<br \/>\n<\/strong>Partiledare (KD)<\/p>\n<p><img loading=\"lazy\" decoding=\"async\" class=\"alignnone size-medium wp-image-75\" src=\"http:\/\/wp.kristdemokraterna.se\/heby\/files\/2018\/06\/ebba_transparent4-500x420-300x252.png\" alt=\"\" width=\"300\" height=\"252\" srcset=\"https:\/\/wp.kristdemokraterna.se\/heby\/files\/2018\/06\/ebba_transparent4-500x420-300x252.png 300w, https:\/\/wp.kristdemokraterna.se\/heby\/files\/2018\/06\/ebba_transparent4-500x420-238x200.png 238w, https:\/\/wp.kristdemokraterna.se\/heby\/files\/2018\/06\/ebba_transparent4-500x420-370x311.png 370w, https:\/\/wp.kristdemokraterna.se\/heby\/files\/2018\/06\/ebba_transparent4-500x420-450x378.png 450w, https:\/\/wp.kristdemokraterna.se\/heby\/files\/2018\/06\/ebba_transparent4-500x420-280x235.png 280w, https:\/\/wp.kristdemokraterna.se\/heby\/files\/2018\/06\/ebba_transparent4-500x420-340x286.png 340w, https:\/\/wp.kristdemokraterna.se\/heby\/files\/2018\/06\/ebba_transparent4-500x420-200x168.png 200w, https:\/\/wp.kristdemokraterna.se\/heby\/files\/2018\/06\/ebba_transparent4-500x420-67x56.png 67w, https:\/\/wp.kristdemokraterna.se\/heby\/files\/2018\/06\/ebba_transparent4-500x420.png 500w\" sizes=\"auto, (max-width: 300px) 100vw, 300px\" \/><\/p>\n<h2>Om medlemskap<\/h2>\n<p>Medlemsavgiften \u00e4r 200 kr. I ditt v\u00e4lkomstpaket, som du f\u00e5r hemskickat n\u00e5gon vecka efter att du ans\u00f6kt om medlemskap, s\u00e5 finns information om hur du kan betala avgiften. Varmt v\u00e4lkommen med din medlemsans\u00f6kan.<\/p>\n<p><a href=\"https:\/\/kristdemokraterna.se\/engagera-dig\/bli-medlem\/\">Bli medlem &#8211; Kristdemokraterna<\/a><\/p>\n<h3>Vi f\u00f6ljer den nya lagstiftningen f\u00f6r behandling av personuppgifter \u2013 GDPR<\/h3>\n<h3>Integritetspolicy f\u00f6r personuppgifter<\/h3>\n<p>Kristdemokraternas integritetspolicy g\u00e4ller hantering av information och behandling av personuppgifter inom den Kristdemokratiska r\u00f6relsen, dvs moderpartiet, partidistrikten och partiavdelningarna.<\/p>\n<p><strong>L\u00e4s v\u00e5r integritetspolicy h\u00e4r<\/strong><br \/>\n<a href=\"https:\/\/kristdemokraterna.se\/integritetspolicy\/\">https:\/\/kristdemokraterna.se\/integritetspolicy\/<\/a><\/p>\n","protected":false},"excerpt":{"rendered":"<p>Jag gick med i\u00a0Kristdemokraterna f\u00f6r att jag vill v\u00e4rna m\u00e4nniskors r\u00e4tt till sj\u00e4lvbest\u00e4mmande. Varje m\u00e4nniska \u00e4r unik och m\u00e5ste ha r\u00e4tt till mer egenmakt.\u00a0F\u00f6r mig byggs samh\u00e4llet underifr\u00e5n och familjens roll \u00e4r central. D\u00e4rf\u00f6r m\u00e5ste familjerna sj\u00e4lva f\u00e5 best\u00e4mma hur de ska f\u00f6rdela f\u00f6r\u00e4ldraledigheten, p\u00e5 samma s\u00e4tt som \u00e4ldre ska f\u00e5 best\u00e4mma mer \u00f6ver hur <a class=\"read-more-link\" href=\"https:\/\/wp.kristdemokraterna.se\/heby\/bli-medlem\/\">Read More<\/a><\/p>\n","protected":false},"author":567,"featured_media":0,"parent":0,"menu_order":0,"comment_status":"closed","ping_status":"closed","template":"","meta":{"_acf_changed":false,"footnotes":""},"class_list":["post-81","page","type-page","status-publish","hentry"],"acf":[],"yoast_head":"<!-- This site is optimized with the Yoast SEO plugin v27.3 - https:\/\/yoast.com\/product\/yoast-seo-wordpress\/ -->\n<title>Bli medlem - Heby<\/title>\n<meta name=\"robots\" content=\"index, follow, max-snippet:-1, max-image-preview:large, max-video-preview:-1\" \/>\n<link rel=\"canonical\" href=\"https:\/\/wp.kristdemokraterna.se\/heby\/bli-medlem\/\" \/>\n<meta property=\"og:locale\" content=\"sv_SE\" \/>\n<meta property=\"og:type\" content=\"article\" \/>\n<meta property=\"og:title\" content=\"Bli medlem - Heby\" \/>\n<meta property=\"og:description\" content=\"Jag gick med i\u00a0Kristdemokraterna f\u00f6r att jag vill v\u00e4rna m\u00e4nniskors r\u00e4tt till sj\u00e4lvbest\u00e4mmande. Varje m\u00e4nniska \u00e4r unik och m\u00e5ste ha r\u00e4tt till mer egenmakt.\u00a0F\u00f6r mig byggs samh\u00e4llet underifr\u00e5n och familjens roll \u00e4r central. D\u00e4rf\u00f6r m\u00e5ste familjerna sj\u00e4lva f\u00e5 best\u00e4mma hur de ska f\u00f6rdela f\u00f6r\u00e4ldraledigheten, p\u00e5 samma s\u00e4tt som \u00e4ldre ska f\u00e5 best\u00e4mma mer \u00f6ver hur Read More\" \/>\n<meta property=\"og:url\" content=\"https:\/\/wp.kristdemokraterna.se\/heby\/bli-medlem\/\" \/>\n<meta property=\"og:site_name\" content=\"Heby\" \/>\n<meta property=\"article:modified_time\" content=\"2022-05-24T14:34:52+00:00\" \/>\n<meta property=\"og:image\" content=\"http:\/\/wp.kristdemokraterna.se\/heby\/files\/2018\/06\/ebba_transparent4-500x420-300x252.png\" \/>\n<meta name=\"twitter:card\" content=\"summary_large_image\" \/>\n<meta name=\"twitter:label1\" content=\"Ber\u00e4knad l\u00e4stid\" \/>\n\t<meta name=\"twitter:data1\" content=\"2 minuter\" \/>\n<script type=\"application\/ld+json\" class=\"yoast-schema-graph\">{\"@context\":\"https:\\\/\\\/schema.org\",\"@graph\":[{\"@type\":\"WebPage\",\"@id\":\"https:\\\/\\\/wp.kristdemokraterna.se\\\/heby\\\/bli-medlem\\\/\",\"url\":\"https:\\\/\\\/wp.kristdemokraterna.se\\\/heby\\\/bli-medlem\\\/\",\"name\":\"Bli medlem - Heby\",\"isPartOf\":{\"@id\":\"https:\\\/\\\/wp.kristdemokraterna.se\\\/heby\\\/#website\"},\"primaryImageOfPage\":{\"@id\":\"https:\\\/\\\/wp.kristdemokraterna.se\\\/heby\\\/bli-medlem\\\/#primaryimage\"},\"image\":{\"@id\":\"https:\\\/\\\/wp.kristdemokraterna.se\\\/heby\\\/bli-medlem\\\/#primaryimage\"},\"thumbnailUrl\":\"http:\\\/\\\/wp.kristdemokraterna.se\\\/heby\\\/files\\\/2018\\\/06\\\/ebba_transparent4-500x420-300x252.png\",\"datePublished\":\"2018-06-26T12:06:56+00:00\",\"dateModified\":\"2022-05-24T14:34:52+00:00\",\"breadcrumb\":{\"@id\":\"https:\\\/\\\/wp.kristdemokraterna.se\\\/heby\\\/bli-medlem\\\/#breadcrumb\"},\"inLanguage\":\"sv-SE\",\"potentialAction\":[{\"@type\":\"ReadAction\",\"target\":[\"https:\\\/\\\/wp.kristdemokraterna.se\\\/heby\\\/bli-medlem\\\/\"]}]},{\"@type\":\"ImageObject\",\"inLanguage\":\"sv-SE\",\"@id\":\"https:\\\/\\\/wp.kristdemokraterna.se\\\/heby\\\/bli-medlem\\\/#primaryimage\",\"url\":\"http:\\\/\\\/wp.kristdemokraterna.se\\\/heby\\\/files\\\/2018\\\/06\\\/ebba_transparent4-500x420-300x252.png\",\"contentUrl\":\"http:\\\/\\\/wp.kristdemokraterna.se\\\/heby\\\/files\\\/2018\\\/06\\\/ebba_transparent4-500x420-300x252.png\"},{\"@type\":\"BreadcrumbList\",\"@id\":\"https:\\\/\\\/wp.kristdemokraterna.se\\\/heby\\\/bli-medlem\\\/#breadcrumb\",\"itemListElement\":[{\"@type\":\"ListItem\",\"position\":1,\"name\":\"Hem\",\"item\":\"https:\\\/\\\/wp.kristdemokraterna.se\\\/heby\\\/\"},{\"@type\":\"ListItem\",\"position\":2,\"name\":\"Bli medlem\"}]},{\"@type\":\"WebSite\",\"@id\":\"https:\\\/\\\/wp.kristdemokraterna.se\\\/heby\\\/#website\",\"url\":\"https:\\\/\\\/wp.kristdemokraterna.se\\\/heby\\\/\",\"name\":\"Heby\",\"description\":\"F\u00f6r f\u00f6retagandet, familjerna och f\u00f6rsvaret\",\"inLanguage\":\"sv-SE\"}]}<\/script>\n<!-- \/ Yoast SEO plugin. -->","yoast_head_json":{"title":"Bli medlem - Heby","robots":{"index":"index","follow":"follow","max-snippet":"max-snippet:-1","max-image-preview":"max-image-preview:large","max-video-preview":"max-video-preview:-1"},"canonical":"https:\/\/wp.kristdemokraterna.se\/heby\/bli-medlem\/","og_locale":"sv_SE","og_type":"article","og_title":"Bli medlem - Heby","og_description":"Jag gick med i\u00a0Kristdemokraterna f\u00f6r att jag vill v\u00e4rna m\u00e4nniskors r\u00e4tt till sj\u00e4lvbest\u00e4mmande. Varje m\u00e4nniska \u00e4r unik och m\u00e5ste ha r\u00e4tt till mer egenmakt.\u00a0F\u00f6r mig byggs samh\u00e4llet underifr\u00e5n och familjens roll \u00e4r central. D\u00e4rf\u00f6r m\u00e5ste familjerna sj\u00e4lva f\u00e5 best\u00e4mma hur de ska f\u00f6rdela f\u00f6r\u00e4ldraledigheten, p\u00e5 samma s\u00e4tt som \u00e4ldre ska f\u00e5 best\u00e4mma mer \u00f6ver hur Read More","og_url":"https:\/\/wp.kristdemokraterna.se\/heby\/bli-medlem\/","og_site_name":"Heby","article_modified_time":"2022-05-24T14:34:52+00:00","og_image":[{"url":"http:\/\/wp.kristdemokraterna.se\/heby\/files\/2018\/06\/ebba_transparent4-500x420-300x252.png","type":"","width":"","height":""}],"twitter_card":"summary_large_image","twitter_misc":{"Ber\u00e4knad l\u00e4stid":"2 minuter"},"schema":{"@context":"https:\/\/schema.org","@graph":[{"@type":"WebPage","@id":"https:\/\/wp.kristdemokraterna.se\/heby\/bli-medlem\/","url":"https:\/\/wp.kristdemokraterna.se\/heby\/bli-medlem\/","name":"Bli medlem - Heby","isPartOf":{"@id":"https:\/\/wp.kristdemokraterna.se\/heby\/#website"},"primaryImageOfPage":{"@id":"https:\/\/wp.kristdemokraterna.se\/heby\/bli-medlem\/#primaryimage"},"image":{"@id":"https:\/\/wp.kristdemokraterna.se\/heby\/bli-medlem\/#primaryimage"},"thumbnailUrl":"http:\/\/wp.kristdemokraterna.se\/heby\/files\/2018\/06\/ebba_transparent4-500x420-300x252.png","datePublished":"2018-06-26T12:06:56+00:00","dateModified":"2022-05-24T14:34:52+00:00","breadcrumb":{"@id":"https:\/\/wp.kristdemokraterna.se\/heby\/bli-medlem\/#breadcrumb"},"inLanguage":"sv-SE","potentialAction":[{"@type":"ReadAction","target":["https:\/\/wp.kristdemokraterna.se\/heby\/bli-medlem\/"]}]},{"@type":"ImageObject","inLanguage":"sv-SE","@id":"https:\/\/wp.kristdemokraterna.se\/heby\/bli-medlem\/#primaryimage","url":"http:\/\/wp.kristdemokraterna.se\/heby\/files\/2018\/06\/ebba_transparent4-500x420-300x252.png","contentUrl":"http:\/\/wp.kristdemokraterna.se\/heby\/files\/2018\/06\/ebba_transparent4-500x420-300x252.png"},{"@type":"BreadcrumbList","@id":"https:\/\/wp.kristdemokraterna.se\/heby\/bli-medlem\/#breadcrumb","itemListElement":[{"@type":"ListItem","position":1,"name":"Hem","item":"https:\/\/wp.kristdemokraterna.se\/heby\/"},{"@type":"ListItem","position":2,"name":"Bli medlem"}]},{"@type":"WebSite","@id":"https:\/\/wp.kristdemokraterna.se\/heby\/#website","url":"https:\/\/wp.kristdemokraterna.se\/heby\/","name":"Heby","description":"F\u00f6r f\u00f6retagandet, familjerna och f\u00f6rsvaret","inLanguage":"sv-SE"}]}},"_links":{"self":[{"href":"https:\/\/wp.kristdemokraterna.se\/heby\/wp-json\/wp\/v2\/pages\/81","targetHints":{"allow":["GET"]}}],"collection":[{"href":"https:\/\/wp.kristdemokraterna.se\/heby\/wp-json\/wp\/v2\/pages"}],"about":[{"href":"https:\/\/wp.kristdemokraterna.se\/heby\/wp-json\/wp\/v2\/types\/page"}],"author":[{"embeddable":true,"href":"https:\/\/wp.kristdemokraterna.se\/heby\/wp-json\/wp\/v2\/users\/567"}],"replies":[{"embeddable":true,"href":"https:\/\/wp.kristdemokraterna.se\/heby\/wp-json\/wp\/v2\/comments?post=81"}],"version-history":[{"count":3,"href":"https:\/\/wp.kristdemokraterna.se\/heby\/wp-json\/wp\/v2\/pages\/81\/revisions"}],"predecessor-version":[{"id":126,"href":"https:\/\/wp.kristdemokraterna.se\/heby\/wp-json\/wp\/v2\/pages\/81\/revisions\/126"}],"wp:attachment":[{"href":"https:\/\/wp.kristdemokraterna.se\/heby\/wp-json\/wp\/v2\/media?parent=81"}],"curies":[{"name":"wp","href":"https:\/\/api.w.org\/{rel}","templated":true}]}}