{"id":83,"date":"2018-06-26T14:07:53","date_gmt":"2018-06-26T12:07:53","guid":{"rendered":"http:\/\/wp.kristdemokraterna.se\/heby\/?page_id=83"},"modified":"2018-06-26T14:07:53","modified_gmt":"2018-06-26T12:07:53","slug":"var-politik","status":"publish","type":"page","link":"https:\/\/wp.kristdemokraterna.se\/heby\/var-politik\/","title":{"rendered":"V\u00e5r politik"},"content":{"rendered":"<h1>Politikomr\u00e5den<\/h1>\n<div id=\"print\">\n<h2><\/h2>\n<p><strong>Vad anser Kristdemokraterna om skolan, v\u00e5rden och polisen?\u00a0H\u00e4r hittar du information om v\u00e5ra \u00e5sikter\u00a0i de flesta politiska fr\u00e5gor.<\/strong><\/p>\n<\/div>\n<h3>V\u00e5rd och omsorg<\/h3>\n<p>Vi vill att alla \u2013 i hela landet \u2013 ska f\u00e5 trygg och h\u00f6gkvalitativ v\u00e5rd i tid. Tyv\u00e4rr ser vi en motsatt utveckling: v\u00e5rdk\u00f6erna blir allt l\u00e4ngre och det \u00e4r stora skillnader p\u00e5 v\u00e5rdens kvalitet i de olika landstingen. Vi vill \u00e5terinf\u00f6ra k\u00f6miljarden f\u00f6r att korta k\u00f6erna och flytta ansvaret fr\u00e5n landstingen till staten f\u00f6r att s\u00e4kra en god, effektiv och j\u00e4mlik sjukv\u00e5rd.<\/p>\n<p><a href=\"https:\/\/kristdemokraterna.se\/vard-och-omsorg\/\">L\u00e4s mer om v\u00e5ra f\u00f6rslag.<\/a><\/p>\n<h3><\/h3>\n<h3>\u00c4ldre<\/h3>\n<p>Vi vill bygga ett samh\u00e4lle d\u00e4r m\u00e4nniskor kan \u00e5ldras i trygghet och v\u00e4rdighet. \u00c4ldre ska kunna leva ett aktivt liv och ha inflytande \u00f6ver sin vardag med bibeh\u00e5llet oberoende, bem\u00f6tas med respekt och ha tillg\u00e5ng till god v\u00e5rd och omsorg. Det friska \u00e5ldrandet, att se \u00e4ldre som en resurs att ta tillvara och att ha ett v\u00e4l fungerande samspel mellan generationerna \u00e4r ocks\u00e5 viktiga best\u00e5ndsdelar i v\u00e5r \u00e4ldrepolitik.<\/p>\n<p><a href=\"http:\/\/kristdemokraterna.se\/aldre\">L\u00e4s mer om v\u00e5ra f\u00f6rslag.<\/a><\/p>\n<h3><\/h3>\n<h3>Trygghet<\/h3>\n<p>En av statens grunduppgifter \u00e4r att se till att medborgarna \u00e4r trygga. Man ska kunna lita p\u00e5 att polisen kommer n\u00e4r man larmar. D\u00e4rf\u00f6r vill vi se fler poliser, och de ska ha resurser att f\u00f6rebygga, f\u00f6rhindra och beivra brott. N\u00e4r m\u00e4nniskor uts\u00e4tts f\u00f6r v\u00e5ldsbrott, r\u00e5n, sexuella trakasserier eller inbrott i sitt hem m\u00e5ste r\u00e4ttsv\u00e4sendet agera. Och vi ska alltid st\u00e5 p\u00e5 brottsoffrets sida.<br \/>\n<a href=\"https:\/\/kristdemokraterna.se\/lag-och-ratt\/\">L\u00e4s mer om v\u00e5ra f\u00f6rslag.<\/a><\/p>\n<p>&nbsp;<\/p>\n<h3>Familj<\/h3>\n<p>Familjen \u00e4r den viktigaste gemenskapen. Barn som v\u00e4xer upp i trygga familjer f\u00e5r goda f\u00f6ruts\u00e4ttningar att klara livets utmaningar. Vi vet samtidigt att barn och unga m\u00e5r allt s\u00e4mre i dag. En viktig del i att f\u00f6rb\u00e4ttra uppv\u00e4xtvillkoren f\u00f6r barn och unga \u00e4r att st\u00f6dja familjen. Kristdemokraterna vill st\u00f6dja och f\u00f6rvalta de v\u00e4rden och f\u00f6ruts\u00e4ttningar som bidrar till att familjen kan fungera.<br \/>\n<a href=\"https:\/\/kristdemokraterna.se\/familj\/\">L\u00e4s mer om v\u00e5ra f\u00f6rslag<\/a><\/p>\n<p>&nbsp;<\/p>\n<h3>Arbete\u00a0och f\u00f6retagande<\/h3>\n<p>Varje m\u00e4nniska har behov av gemenskap med andra, ta eget ansvar och utvecklas som person. Ett arbete \u00e4r d\u00e4rf\u00f6r viktigt f\u00f6r varje m\u00e4nniska. Vi vill ha ett samh\u00e4lle som tar vara p\u00e5 alla m\u00e4nniskors m\u00f6jligheter och inneboende f\u00f6rm\u00e5ga. Alla kan inte arbeta 100 procent av heltid, men alla ska ha m\u00f6jlighet att arbeta 100 procent av sin f\u00f6rm\u00e5ga.<br \/>\n<a href=\"https:\/\/kristdemokraterna.se\/arbete-och-foretagande\/\">L\u00e4s mer om v\u00e5ra f\u00f6rslag.<\/a><\/p>\n<p>&nbsp;<\/p>\n<h3>Migration och integration<\/h3>\n<p>Kristdemokraterna vill ha ett flyktingmottagande som v\u00e4rnar \u00f6ppenhet och respekt f\u00f6r asylr\u00e4tten. Sverige ska ge skydd till m\u00e4nniskor som flyr undan f\u00f6rf\u00f6ljelse, krig och f\u00f6rtryck. Men f\u00f6r att klara ett gott mottagande m\u00e5ste det vara ordning och reda i asylmottagningen. Den ska vara reglerad och kontrollerad samt kombineras med en effektiv och v\u00e4lfungerande integrationspolitik.<br \/>\n<a href=\"https:\/\/kristdemokraterna.se\/migration-och-integration\/\">L\u00e4s mer om v\u00e5ra .<\/a><\/p>\n<p>&nbsp;<\/p>\n<h3>Ekonomi och skatter<\/h3>\n<p>Kristdemokraternas ekonomiska politik bygger p\u00e5 att marknadsekonomin m\u00e5ste kombineras med en socialt ansvarsfull politik f\u00f6r att s\u00e4kra s\u00e5v\u00e4l en b\u00e4ttre v\u00e4lf\u00e4rdsutveckling som en skatteniv\u00e5 som ger vanliga m\u00e4nniskor mer pengar kvar i pl\u00e5nboken. Det i sin tur \u00f6kar friheten och det personliga ansvarstagandet.<br \/>\n<a href=\"https:\/\/kristdemokraterna.se\/ekonomi-och-skatter\/\">L\u00e4s mer om v\u00e5ra f\u00f6rslag.<\/a><\/p>\n<p>&nbsp;<\/p>\n<h3>Skola och utbildning<\/h3>\n<p>Skolans uppgift \u00e4r att ge varje elev kunskaper som \u00e4r n\u00f6dv\u00e4ndiga f\u00f6r att leva och verka i ett modernt samh\u00e4lle och att tillsammans med f\u00f6r\u00e4ldrarna fostra eleverna till ansvarsk\u00e4nnande medborgare. V\u00e5r utbildningspolitik fokuserar p\u00e5 kunskap, bildning och arbetsro och d\u00e4r varje skola har stor frihet att utforma verksamheten.<br \/>\n<a href=\"https:\/\/kristdemokraterna.se\/skola-och-utbildning\/\">L\u00e4s mer om v\u00e5ra f\u00f6rslag.<\/a><\/p>\n<p>&nbsp;<\/p>\n<h3>F\u00f6rsvar<\/h3>\n<p><i><\/i>Utg\u00e5ngspunkt f\u00f6r den kristdemokratiska s\u00e4kerhetspolitiken \u00e4r varje m\u00e4nniskas r\u00e4tt till liv och v\u00e4rdighet. Dess \u00f6vergripande m\u00e5l \u00e4r att bidra till fred, frihet och s\u00e4kerhet f\u00f6r alla m\u00e4nniskor i samh\u00e4llet och att solidariskt bidra till en fredlig utveckling i omv\u00e4rlden.<\/p>\n<p>&nbsp;<\/p>\n<h3>Bostad<\/h3>\n<p>Idag \u00e4r bostadskrisen ett faktum och \u00e4r ett enormt problem f\u00f6r v\u00e4ldigt breda grupper i samh\u00e4llet. \u00a0Till m\u00e4nniskans grundl\u00e4ggande behov och r\u00e4ttigheter h\u00f6r att ha en bostad, en plats att kalla sitt hem. Det \u00e4r d\u00e4r man k\u00e4nner trygghet. Kristdemokraterna \u00e4r beredda att ta de beslut som kr\u00e4vs f\u00f6r att fler ska f\u00e5 n\u00e5gonstans att bo.<br \/>\n<a href=\"https:\/\/kristdemokraterna.se\/bostad\/\">L\u00e4s mer om v\u00e5ra f\u00f6rslag.<\/a><\/p>\n<p>&nbsp;<\/p>\n<h3>Utrikes och bist\u00e5nd<\/h3>\n<p>Omv\u00e4rldsutvecklingen g\u00e5r \u00e5t fel h\u00e5ll. D\u00e4rf\u00f6r beh\u00f6ver vi ett mer effektivt FN som kan agera resolut. Det beh\u00f6vs en fungerande allians mellan de krafter som tror p\u00e5 frihet, demokrati och varje m\u00e4nniskas unika och okr\u00e4nkbara v\u00e4rde. Vi beh\u00f6ver ocks\u00e5 en regering som v\u00e5gar f\u00f6ra en utrikespolitik v\u00e4rd namnet. Vi vill ha en ambiti\u00f6s utvecklingspolitik och v\u00e4rnar ett gener\u00f6st bist\u00e5nd. Bist\u00e5ndets l\u00e5ngsiktiga m\u00e5l ska vara att de l\u00e4nder som idag tar emot bist\u00e5nd tids nog ska n\u00e5 en utveckling d\u00e4r inte bist\u00e5ndet l\u00e4ngre beh\u00f6vs.<br \/>\n<a href=\"https:\/\/kristdemokraterna.se\/utrikespolitik-och-bistand\/\">L\u00e4s mer om v\u00e5ra f\u00f6rslag<\/a><\/p>\n<p>&nbsp;<\/p>\n<h3>Jord- och skogsbruk<\/h3>\n<p>Vi vill att jordbruket ska kunna f\u00f6rse hela Sverige med livsmedel. Idag \u00e4r Sveriges sj\u00e4lvf\u00f6rs\u00f6rjningsgrad alldeles f\u00f6r l\u00e5g. Vi vill ge b\u00f6nderna minskat regelkr\u00e5ngel och b\u00e4ttre ekonomiska f\u00f6ruts\u00e4ttningar. Det \u00f6kar ocks\u00e5 det svenska jordbrukets konkurrenskraft.<br \/>\n<a href=\"https:\/\/kristdemokraterna.se\/jord-och-skogsbruk\/\">L\u00e4s mer om v\u00e5ra f\u00f6rslag.<\/a><\/p>\n<p>&nbsp;<\/p>\n<h3>Milj\u00f6 och energi<\/h3>\n<p>Vi som lever nu ska \u00f6verl\u00e4mna en jord som n\u00e4sta generation kan ha som hem. De nuvarande produktions- och konsumtionssystemen p\u00e5 v\u00e5r planet \u00e4r inte l\u00e5ngsiktigt h\u00e5llbara. Vi vill ha en ansvarsfull politik som bevarar v\u00e5r naturmilj\u00f6 med dess livsbetingelser f\u00f6r olika arter och som resurs f\u00f6r m\u00e4nniskan. Vi vill st\u00e4lla om till en l\u00e5ngsiktigt h\u00e5llbar energif\u00f6rs\u00f6rjning, vilket bidrar till m\u00e4nniskors v\u00e4lf\u00e4rd.<br \/>\n<a href=\"https:\/\/kristdemokraterna.se\/miljo-och-energi\/\">L\u00e4s mer om v\u00e5ra f\u00f6rslag.<\/a><\/p>\n<p>&nbsp;<\/p>\n<h3>J\u00e4mst\u00e4lldhet<\/h3>\n<p>Kvinnor och m\u00e4n ska ha lika villkor att forma sitt liv utifr\u00e5n sina egna \u00f6nskem\u00e5l. D\u00e4r \u00e4r samh\u00e4llet inte i dag. Det finns hem d\u00e4r kvinnor inte f\u00e5r g\u00e5 ut eller v\u00e4lja vem de vill gifta sig med. Utseendefixering och h\u00e5rda prestationskrav skapar stress och driver m\u00e5nga unga kvinnor mot psykisk oh\u00e4lsa. V\u00e5ld i n\u00e4ra relationer \u00e4r ett allvarligt, och till stora delar dolt, samh\u00e4llsproblem.<br \/>\n<a href=\"https:\/\/kristdemokraterna.se\/jamstalldhet\/\">L\u00e4s mer om v\u00e5ra f\u00f6rslag.<\/a><\/p>\n<p>&nbsp;<\/p>\n<h3>Trossamfund och religion<\/h3>\n<p><i><\/i>Kristen etik utg\u00f6r till stor del den v\u00e4rdegrund som v\u00e5rt samh\u00e4lle vilar p\u00e5. Att vara medveten om sin egna historiska identitet skapar trygga medborgare och \u00e4r en viktig f\u00f6ruts\u00e4ttning f\u00f6r att kunna f\u00f6rst\u00e5 m\u00e4nniskor med annan religi\u00f6s och kulturell bakgrund.<br \/>\n<a href=\"https:\/\/kristdemokraterna.se\/trossamfund-och-religion\/\">L\u00e4s mer om v\u00e5ra f\u00f6rslag.<\/a><\/p>\n<p>&nbsp;<\/p>\n<h3>Europasamarbetet<\/h3>\n<p>Kristdemokraterna vill ha ett smalare och vassare EU med t\u00e4tare samarbete kring trygghet, milj\u00f6, migrations- och handelsfr\u00e5gor. Europeiska unionen var fr\u00e5n b\u00f6rjan ett fredsprojekt som idag levererar frihet, fred, tillv\u00e4xt och samf\u00f6rst\u00e5nd varje dag, men\u00a0samarbetet \u00e4r utmanat av ett bristande st\u00f6d och f\u00f6rtroende hos l\u00e4ndernas innev\u00e5nare.\u00a0Europasamarbetet v\u00e4xer och har idag inflytande i fler fr\u00e5gor \u00e4n vad Kristdemokraterna anser att unionen ska ha. Detta skjuter bort besluten fr\u00e5n inv\u00e5narna i respektive land och skapar en misst\u00e4nksamhet mot unionen.<br \/>\n<a href=\"https:\/\/kristdemokraterna.se\/europasamarbetet\/\">L\u00e4s mer om v\u00e5ra f\u00f6rslag.<\/a><\/p>\n<h3>Kommunikationer och IT<\/h3>\n<p>Vi vill ha goda transport- och kommunikationsm\u00f6jligheter \u00f6ver hela Sverige. Vi vill f\u00f6rb\u00e4ttra m\u00e4nniskors vardag, exempelvis genom fungerande bredband p\u00e5 landsbygden och b\u00e4ttre cykelv\u00e4gar i st\u00e4derna.<br \/>\n<a href=\"https:\/\/kristdemokraterna.se\/kommunikationer-och-it\/\">L\u00e4s mer om v\u00e5ra f\u00f6rslag.<\/a><\/p>\n<h3><strong>Kultur och media<br \/>\n<\/strong><\/h3>\n<p>Kultur uppst\u00e5r i m\u00f6tet mellan m\u00e4nniskor och skapas av oss alla gemensamt. Kulturen ger oss mening i nuet, men kulturen b\u00e4r ocks\u00e5 v\u00e5ra historiska r\u00f6tter och f\u00f6der visioner f\u00f6r framtiden. Kulturen bidrar till att vidga den egna verkligheten och fantasin. Den kan hj\u00e4lpa oss att v\u00e4xa som empatiska och ink\u00e4nnande m\u00e4nniskor. Kulturen, precis som moralen, h\u00e5ller ihop gemenskaper. Den \u00e4r med och skapar f\u00f6ruts\u00e4ttningar f\u00f6r ett gott samh\u00e4lle.<br \/>\n<a href=\"https:\/\/kristdemokraterna.se\/kultur-och-media\/\">L\u00e4s mer om v\u00e5ra f\u00f6rslag<\/a>.<\/p>\n","protected":false},"excerpt":{"rendered":"<p>Politikomr\u00e5den Vad anser Kristdemokraterna om skolan, v\u00e5rden och polisen?\u00a0H\u00e4r hittar du information om v\u00e5ra \u00e5sikter\u00a0i de flesta politiska fr\u00e5gor. V\u00e5rd och omsorg Vi vill att alla \u2013 i hela landet \u2013 ska f\u00e5 trygg och h\u00f6gkvalitativ v\u00e5rd i tid. Tyv\u00e4rr ser vi en motsatt utveckling: v\u00e5rdk\u00f6erna blir allt l\u00e4ngre och det \u00e4r stora skillnader p\u00e5 <a class=\"read-more-link\" href=\"https:\/\/wp.kristdemokraterna.se\/heby\/var-politik\/\">Read More<\/a><\/p>\n","protected":false},"author":567,"featured_media":0,"parent":0,"menu_order":0,"comment_status":"closed","ping_status":"closed","template":"","meta":{"_acf_changed":false,"footnotes":""},"class_list":["post-83","page","type-page","status-publish","hentry"],"acf":[],"yoast_head":"<!-- This site is optimized with the Yoast SEO plugin v27.4 - https:\/\/yoast.com\/product\/yoast-seo-wordpress\/ -->\n<title>V\u00e5r politik - Heby<\/title>\n<meta name=\"robots\" content=\"index, follow, max-snippet:-1, max-image-preview:large, max-video-preview:-1\" \/>\n<link rel=\"canonical\" href=\"https:\/\/wp.kristdemokraterna.se\/heby\/var-politik\/\" \/>\n<meta property=\"og:locale\" content=\"sv_SE\" \/>\n<meta property=\"og:type\" content=\"article\" \/>\n<meta property=\"og:title\" content=\"V\u00e5r politik - Heby\" \/>\n<meta property=\"og:description\" content=\"Politikomr\u00e5den Vad anser Kristdemokraterna om skolan, v\u00e5rden och polisen?\u00a0H\u00e4r hittar du information om v\u00e5ra \u00e5sikter\u00a0i de flesta politiska fr\u00e5gor. V\u00e5rd och omsorg Vi vill att alla \u2013 i hela landet \u2013 ska f\u00e5 trygg och h\u00f6gkvalitativ v\u00e5rd i tid. Tyv\u00e4rr ser vi en motsatt utveckling: v\u00e5rdk\u00f6erna blir allt l\u00e4ngre och det \u00e4r stora skillnader p\u00e5 Read More\" \/>\n<meta property=\"og:url\" content=\"https:\/\/wp.kristdemokraterna.se\/heby\/var-politik\/\" \/>\n<meta property=\"og:site_name\" content=\"Heby\" \/>\n<meta name=\"twitter:card\" content=\"summary_large_image\" \/>\n<meta name=\"twitter:label1\" content=\"Ber\u00e4knad l\u00e4stid\" \/>\n\t<meta name=\"twitter:data1\" content=\"7 minuter\" \/>\n<script type=\"application\/ld+json\" class=\"yoast-schema-graph\">{\"@context\":\"https:\\\/\\\/schema.org\",\"@graph\":[{\"@type\":\"WebPage\",\"@id\":\"https:\\\/\\\/wp.kristdemokraterna.se\\\/heby\\\/var-politik\\\/\",\"url\":\"https:\\\/\\\/wp.kristdemokraterna.se\\\/heby\\\/var-politik\\\/\",\"name\":\"V\u00e5r politik - Heby\",\"isPartOf\":{\"@id\":\"https:\\\/\\\/wp.kristdemokraterna.se\\\/heby\\\/#website\"},\"datePublished\":\"2018-06-26T12:07:53+00:00\",\"breadcrumb\":{\"@id\":\"https:\\\/\\\/wp.kristdemokraterna.se\\\/heby\\\/var-politik\\\/#breadcrumb\"},\"inLanguage\":\"sv-SE\",\"potentialAction\":[{\"@type\":\"ReadAction\",\"target\":[\"https:\\\/\\\/wp.kristdemokraterna.se\\\/heby\\\/var-politik\\\/\"]}]},{\"@type\":\"BreadcrumbList\",\"@id\":\"https:\\\/\\\/wp.kristdemokraterna.se\\\/heby\\\/var-politik\\\/#breadcrumb\",\"itemListElement\":[{\"@type\":\"ListItem\",\"position\":1,\"name\":\"Hem\",\"item\":\"https:\\\/\\\/wp.kristdemokraterna.se\\\/heby\\\/\"},{\"@type\":\"ListItem\",\"position\":2,\"name\":\"V\u00e5r politik\"}]},{\"@type\":\"WebSite\",\"@id\":\"https:\\\/\\\/wp.kristdemokraterna.se\\\/heby\\\/#website\",\"url\":\"https:\\\/\\\/wp.kristdemokraterna.se\\\/heby\\\/\",\"name\":\"Heby\",\"description\":\"F\u00f6r f\u00f6retagandet, familjerna och f\u00f6rsvaret\",\"inLanguage\":\"sv-SE\"}]}<\/script>\n<!-- \/ Yoast SEO plugin. -->","yoast_head_json":{"title":"V\u00e5r politik - Heby","robots":{"index":"index","follow":"follow","max-snippet":"max-snippet:-1","max-image-preview":"max-image-preview:large","max-video-preview":"max-video-preview:-1"},"canonical":"https:\/\/wp.kristdemokraterna.se\/heby\/var-politik\/","og_locale":"sv_SE","og_type":"article","og_title":"V\u00e5r politik - Heby","og_description":"Politikomr\u00e5den Vad anser Kristdemokraterna om skolan, v\u00e5rden och polisen?\u00a0H\u00e4r hittar du information om v\u00e5ra \u00e5sikter\u00a0i de flesta politiska fr\u00e5gor. V\u00e5rd och omsorg Vi vill att alla \u2013 i hela landet \u2013 ska f\u00e5 trygg och h\u00f6gkvalitativ v\u00e5rd i tid. Tyv\u00e4rr ser vi en motsatt utveckling: v\u00e5rdk\u00f6erna blir allt l\u00e4ngre och det \u00e4r stora skillnader p\u00e5 Read More","og_url":"https:\/\/wp.kristdemokraterna.se\/heby\/var-politik\/","og_site_name":"Heby","twitter_card":"summary_large_image","twitter_misc":{"Ber\u00e4knad l\u00e4stid":"7 minuter"},"schema":{"@context":"https:\/\/schema.org","@graph":[{"@type":"WebPage","@id":"https:\/\/wp.kristdemokraterna.se\/heby\/var-politik\/","url":"https:\/\/wp.kristdemokraterna.se\/heby\/var-politik\/","name":"V\u00e5r politik - Heby","isPartOf":{"@id":"https:\/\/wp.kristdemokraterna.se\/heby\/#website"},"datePublished":"2018-06-26T12:07:53+00:00","breadcrumb":{"@id":"https:\/\/wp.kristdemokraterna.se\/heby\/var-politik\/#breadcrumb"},"inLanguage":"sv-SE","potentialAction":[{"@type":"ReadAction","target":["https:\/\/wp.kristdemokraterna.se\/heby\/var-politik\/"]}]},{"@type":"BreadcrumbList","@id":"https:\/\/wp.kristdemokraterna.se\/heby\/var-politik\/#breadcrumb","itemListElement":[{"@type":"ListItem","position":1,"name":"Hem","item":"https:\/\/wp.kristdemokraterna.se\/heby\/"},{"@type":"ListItem","position":2,"name":"V\u00e5r politik"}]},{"@type":"WebSite","@id":"https:\/\/wp.kristdemokraterna.se\/heby\/#website","url":"https:\/\/wp.kristdemokraterna.se\/heby\/","name":"Heby","description":"F\u00f6r f\u00f6retagandet, familjerna och f\u00f6rsvaret","inLanguage":"sv-SE"}]}},"_links":{"self":[{"href":"https:\/\/wp.kristdemokraterna.se\/heby\/wp-json\/wp\/v2\/pages\/83","targetHints":{"allow":["GET"]}}],"collection":[{"href":"https:\/\/wp.kristdemokraterna.se\/heby\/wp-json\/wp\/v2\/pages"}],"about":[{"href":"https:\/\/wp.kristdemokraterna.se\/heby\/wp-json\/wp\/v2\/types\/page"}],"author":[{"embeddable":true,"href":"https:\/\/wp.kristdemokraterna.se\/heby\/wp-json\/wp\/v2\/users\/567"}],"replies":[{"embeddable":true,"href":"https:\/\/wp.kristdemokraterna.se\/heby\/wp-json\/wp\/v2\/comments?post=83"}],"version-history":[{"count":1,"href":"https:\/\/wp.kristdemokraterna.se\/heby\/wp-json\/wp\/v2\/pages\/83\/revisions"}],"predecessor-version":[{"id":84,"href":"https:\/\/wp.kristdemokraterna.se\/heby\/wp-json\/wp\/v2\/pages\/83\/revisions\/84"}],"wp:attachment":[{"href":"https:\/\/wp.kristdemokraterna.se\/heby\/wp-json\/wp\/v2\/media?parent=83"}],"curies":[{"name":"wp","href":"https:\/\/api.w.org\/{rel}","templated":true}]}}