{"id":85,"date":"2018-06-26T14:10:21","date_gmt":"2018-06-26T12:10:21","guid":{"rendered":"http:\/\/wp.kristdemokraterna.se\/heby\/?page_id=85"},"modified":"2025-01-13T15:42:34","modified_gmt":"2025-01-13T14:42:34","slug":"var-partiavdelning","status":"publish","type":"page","link":"https:\/\/wp.kristdemokraterna.se\/heby\/var-partiavdelning\/","title":{"rendered":"V\u00e5r partiavdelningsstyrelse"},"content":{"rendered":"<header class=\"u-push--bottom\">\n<p class=\"u-push--bottom\"><strong>Hans-G\u00f6ran Bj\u00f6rk <\/strong><em>ordf\u00f6rande<\/em><br \/>\nE-post: <a>hgb.bjork@gmail.com<\/a><a><br \/>\n<\/a>Telefon: 070-885 85 20<\/p>\n<p><strong>Ingela Vikander <\/strong><em>vice ordf\u00f6rande<\/em><\/p>\n<p><strong>Anders Kihl <\/strong><em>ledamot<\/em><\/p>\n<p><strong>Jonas Paulsson <\/strong><em>ledamot<\/em><\/p>\n<p><strong>Florence Emma Anvi <\/strong><em>ers\u00e4ttare<\/em><\/p>\n<p><strong>Carl-Gunnar Johansson <\/strong><em>ers\u00e4ttare<\/em><\/p>\n<p><strong>Nettan Kihl <\/strong><em>ers\u00e4ttare<\/em><\/p>\n<\/header>\n","protected":false},"excerpt":{"rendered":"<p>Hans-G\u00f6ran Bj\u00f6rk ordf\u00f6rande E-post: hgb.bjork@gmail.com Telefon: 070-885 85 20 Ingela Vikander vice ordf\u00f6rande Anders Kihl ledamot Jonas Paulsson ledamot Florence Emma Anvi ers\u00e4ttare Carl-Gunnar Johansson ers\u00e4ttare Nettan Kihl ers\u00e4ttare<\/p>\n","protected":false},"author":567,"featured_media":0,"parent":0,"menu_order":0,"comment_status":"closed","ping_status":"closed","template":"","meta":{"_acf_changed":false,"footnotes":""},"class_list":["post-85","page","type-page","status-publish","hentry"],"acf":[],"yoast_head":"<!-- This site is optimized with the Yoast SEO plugin v27.4 - https:\/\/yoast.com\/product\/yoast-seo-wordpress\/ -->\n<title>V\u00e5r partiavdelningsstyrelse - Heby<\/title>\n<meta name=\"robots\" content=\"index, follow, max-snippet:-1, max-image-preview:large, max-video-preview:-1\" \/>\n<link rel=\"canonical\" href=\"https:\/\/wp.kristdemokraterna.se\/heby\/var-partiavdelning\/\" \/>\n<meta property=\"og:locale\" content=\"sv_SE\" \/>\n<meta property=\"og:type\" content=\"article\" \/>\n<meta property=\"og:title\" content=\"V\u00e5r partiavdelningsstyrelse - Heby\" \/>\n<meta property=\"og:description\" content=\"Hans-G\u00f6ran Bj\u00f6rk ordf\u00f6rande E-post: hgb.bjork@gmail.com Telefon: 070-885 85 20 Ingela Vikander vice ordf\u00f6rande Anders Kihl ledamot Jonas Paulsson ledamot Florence Emma Anvi ers\u00e4ttare Carl-Gunnar Johansson ers\u00e4ttare Nettan Kihl ers\u00e4ttare\" \/>\n<meta property=\"og:url\" content=\"https:\/\/wp.kristdemokraterna.se\/heby\/var-partiavdelning\/\" \/>\n<meta property=\"og:site_name\" content=\"Heby\" \/>\n<meta property=\"article:modified_time\" content=\"2025-01-13T14:42:34+00:00\" \/>\n<meta name=\"twitter:card\" content=\"summary_large_image\" \/>\n<meta name=\"twitter:label1\" content=\"Ber\u00e4knad l\u00e4stid\" \/>\n\t<meta name=\"twitter:data1\" content=\"1 minut\" \/>\n<script type=\"application\/ld+json\" class=\"yoast-schema-graph\">{\"@context\":\"https:\\\/\\\/schema.org\",\"@graph\":[{\"@type\":\"WebPage\",\"@id\":\"https:\\\/\\\/wp.kristdemokraterna.se\\\/heby\\\/var-partiavdelning\\\/\",\"url\":\"https:\\\/\\\/wp.kristdemokraterna.se\\\/heby\\\/var-partiavdelning\\\/\",\"name\":\"V\u00e5r partiavdelningsstyrelse - Heby\",\"isPartOf\":{\"@id\":\"https:\\\/\\\/wp.kristdemokraterna.se\\\/heby\\\/#website\"},\"datePublished\":\"2018-06-26T12:10:21+00:00\",\"dateModified\":\"2025-01-13T14:42:34+00:00\",\"breadcrumb\":{\"@id\":\"https:\\\/\\\/wp.kristdemokraterna.se\\\/heby\\\/var-partiavdelning\\\/#breadcrumb\"},\"inLanguage\":\"sv-SE\",\"potentialAction\":[{\"@type\":\"ReadAction\",\"target\":[\"https:\\\/\\\/wp.kristdemokraterna.se\\\/heby\\\/var-partiavdelning\\\/\"]}]},{\"@type\":\"BreadcrumbList\",\"@id\":\"https:\\\/\\\/wp.kristdemokraterna.se\\\/heby\\\/var-partiavdelning\\\/#breadcrumb\",\"itemListElement\":[{\"@type\":\"ListItem\",\"position\":1,\"name\":\"Hem\",\"item\":\"https:\\\/\\\/wp.kristdemokraterna.se\\\/heby\\\/\"},{\"@type\":\"ListItem\",\"position\":2,\"name\":\"V\u00e5r partiavdelningsstyrelse\"}]},{\"@type\":\"WebSite\",\"@id\":\"https:\\\/\\\/wp.kristdemokraterna.se\\\/heby\\\/#website\",\"url\":\"https:\\\/\\\/wp.kristdemokraterna.se\\\/heby\\\/\",\"name\":\"Heby\",\"description\":\"F\u00f6r f\u00f6retagandet, familjerna och f\u00f6rsvaret\",\"inLanguage\":\"sv-SE\"}]}<\/script>\n<!-- \/ Yoast SEO plugin. -->","yoast_head_json":{"title":"V\u00e5r partiavdelningsstyrelse - Heby","robots":{"index":"index","follow":"follow","max-snippet":"max-snippet:-1","max-image-preview":"max-image-preview:large","max-video-preview":"max-video-preview:-1"},"canonical":"https:\/\/wp.kristdemokraterna.se\/heby\/var-partiavdelning\/","og_locale":"sv_SE","og_type":"article","og_title":"V\u00e5r partiavdelningsstyrelse - Heby","og_description":"Hans-G\u00f6ran Bj\u00f6rk ordf\u00f6rande E-post: hgb.bjork@gmail.com Telefon: 070-885 85 20 Ingela Vikander vice ordf\u00f6rande Anders Kihl ledamot Jonas Paulsson ledamot Florence Emma Anvi ers\u00e4ttare Carl-Gunnar Johansson ers\u00e4ttare Nettan Kihl ers\u00e4ttare","og_url":"https:\/\/wp.kristdemokraterna.se\/heby\/var-partiavdelning\/","og_site_name":"Heby","article_modified_time":"2025-01-13T14:42:34+00:00","twitter_card":"summary_large_image","twitter_misc":{"Ber\u00e4knad l\u00e4stid":"1 minut"},"schema":{"@context":"https:\/\/schema.org","@graph":[{"@type":"WebPage","@id":"https:\/\/wp.kristdemokraterna.se\/heby\/var-partiavdelning\/","url":"https:\/\/wp.kristdemokraterna.se\/heby\/var-partiavdelning\/","name":"V\u00e5r partiavdelningsstyrelse - Heby","isPartOf":{"@id":"https:\/\/wp.kristdemokraterna.se\/heby\/#website"},"datePublished":"2018-06-26T12:10:21+00:00","dateModified":"2025-01-13T14:42:34+00:00","breadcrumb":{"@id":"https:\/\/wp.kristdemokraterna.se\/heby\/var-partiavdelning\/#breadcrumb"},"inLanguage":"sv-SE","potentialAction":[{"@type":"ReadAction","target":["https:\/\/wp.kristdemokraterna.se\/heby\/var-partiavdelning\/"]}]},{"@type":"BreadcrumbList","@id":"https:\/\/wp.kristdemokraterna.se\/heby\/var-partiavdelning\/#breadcrumb","itemListElement":[{"@type":"ListItem","position":1,"name":"Hem","item":"https:\/\/wp.kristdemokraterna.se\/heby\/"},{"@type":"ListItem","position":2,"name":"V\u00e5r partiavdelningsstyrelse"}]},{"@type":"WebSite","@id":"https:\/\/wp.kristdemokraterna.se\/heby\/#website","url":"https:\/\/wp.kristdemokraterna.se\/heby\/","name":"Heby","description":"F\u00f6r f\u00f6retagandet, familjerna och f\u00f6rsvaret","inLanguage":"sv-SE"}]}},"_links":{"self":[{"href":"https:\/\/wp.kristdemokraterna.se\/heby\/wp-json\/wp\/v2\/pages\/85","targetHints":{"allow":["GET"]}}],"collection":[{"href":"https:\/\/wp.kristdemokraterna.se\/heby\/wp-json\/wp\/v2\/pages"}],"about":[{"href":"https:\/\/wp.kristdemokraterna.se\/heby\/wp-json\/wp\/v2\/types\/page"}],"author":[{"embeddable":true,"href":"https:\/\/wp.kristdemokraterna.se\/heby\/wp-json\/wp\/v2\/users\/567"}],"replies":[{"embeddable":true,"href":"https:\/\/wp.kristdemokraterna.se\/heby\/wp-json\/wp\/v2\/comments?post=85"}],"version-history":[{"count":19,"href":"https:\/\/wp.kristdemokraterna.se\/heby\/wp-json\/wp\/v2\/pages\/85\/revisions"}],"predecessor-version":[{"id":176,"href":"https:\/\/wp.kristdemokraterna.se\/heby\/wp-json\/wp\/v2\/pages\/85\/revisions\/176"}],"wp:attachment":[{"href":"https:\/\/wp.kristdemokraterna.se\/heby\/wp-json\/wp\/v2\/media?parent=85"}],"curies":[{"name":"wp","href":"https:\/\/api.w.org\/{rel}","templated":true}]}}