{"id":87,"date":"2012-03-08T19:29:30","date_gmt":"2012-03-08T19:29:30","guid":{"rendered":"http:\/\/wpskane.kristdemokraterna.se\/lokalavdelning\/?page_id=6"},"modified":"2025-12-06T11:18:22","modified_gmt":"2025-12-06T10:18:22","slug":"avdelningen","status":"publish","type":"page","link":"https:\/\/wp.kristdemokraterna.se\/helsingborg\/avdelningen\/","title":{"rendered":"Kristdemokraterna i Helsingborg"},"content":{"rendered":"<div align=\"left\">\n<h2 style=\"text-align: center\"><strong>V\u00e4lkommen till Kristdemokraterna i Helsingborg<\/strong><\/h2>\n<h5><\/h5>\n<p><strong>Kristdemokraterna i Helsingborg\u00a0<\/strong>\u00e4r ditt lokala parti som verkar f\u00f6r en v\u00e4rdig v\u00e5rd och omsorg, valfrihet i v\u00e4lf\u00e4rden, ett blomstrande n\u00e4ringsliv och en h\u00e5llbar utveckling i Helsingborg. Vi \u00e4r en del av samverkanspartierna som under mandatperioden styr staden i minoritet och har d\u00e4rf\u00f6r goda m\u00f6jligheter att driva igenom kristdemokratisk politik. V\u00e5ra viktigaste fr\u00e5gor under mandatperioden kommer vara att f\u00f6rb\u00e4ttra \u00e4ldreomsorgen i kommunen, st\u00e4rka familjerna, forts\u00e4tta utveckla stadens milj\u00f6arbete och se till att s\u00e4kerst\u00e4lla tryggheten hos Helsingborgs inv\u00e5nare.<\/p>\n<p>Kristdemokraterna har tre mandat i kommunfullm\u00e4ktige, som innehas av <a href=\"mailto:lars.thunberg@kristdemokraterna.se\">Lars Thunberg<\/a>, Cecilia Bengtsson och Alexander Kolind. Partiavdelningens arbete leds av ordf\u00f6rande Cecilia Bengtsson, v\u00e5rt kommunalr\u00e5d\u00a0<a href=\"mailto:lars.thunberg@kristdemokraterna.se\">Lars Thunberg<\/a> samt v\u00e5ran politiska sekreterare Louise Nilsson.<\/p>\n<\/div>\n<p>Kristdemokraterna i Helsingborg \u00e4r en del av den v\u00e4rldsomsp\u00e4nnande kristdemokratiska r\u00f6relsen som\u00a0arbetar f\u00f6r ett mer ansvarstagande samh\u00e4lle d\u00e4r fler m\u00e4nniskor bryr sig om varandra. Nationellt \u00e4r vi ett parti som prioriterar fr\u00e5gor r\u00f6rande v\u00e5rd, trygghet, familjen samt v\u00e5ra \u00e4ldre och vi f\u00f6retr\u00e4ds av v\u00e5r partiledare Ebba Busch Thor. En vanlig f\u00f6rdom om partiet \u00e4r att man m\u00e5ste vara kristen eller religi\u00f6st engagerad f\u00f6r att r\u00f6sta p\u00e5 oss eller vara medlem. Det st\u00e4mmer inte. V\u00e5rt partinamn syftar till att vi st\u00e5r f\u00f6r en demokrati byggd p\u00e5 kristen m\u00e4nniskosyn och v\u00e4rdegrund, men vi \u00e4r p\u00e5 inget s\u00e4tt ett religi\u00f6st parti.\u00a0Alla som delar v\u00e5ra id\u00e9er \u00e4r v\u00e4lkomna i partiet, oavsett livs\u00e5sk\u00e5dning.<\/p>\n<p>Vill du precis som vi f\u00f6rb\u00e4ttra Helsingborgs genom mer kristdemokratisk politik? Tveka d\u00e5 inte att bli medlem eller att engagera dig hos oss.<\/p>\n<p><strong>Kontakt:<\/strong><\/p>\n<p><strong>Partiavdelningens ordf\u00f6rande<br \/>\n<\/strong>Cecilia Bengtsson &#8211; cecilia.bengtsson2@helsingborg.se 073-385 04 58<\/p>\n<p><strong>Kommunalr\u00e5d<br \/>\n<\/strong>Lars Thunberg &#8211; lars.thunberg@helsingborg.se 070-628 43 10<\/p>\n<p><strong>Politisk sekreterare<br \/>\n<\/strong>Louise Nilsson &#8211; louise.nilsson@kristdemokraterna.se<\/p>\n<div align=\"left\">\n<p>&nbsp;<\/p>\n<\/div>\n","protected":false},"excerpt":{"rendered":"<p>V\u00e4lkommen till Kristdemokraterna i Helsingborg Kristdemokraterna i Helsingborg\u00a0\u00e4r ditt lokala parti som verkar f\u00f6r en v\u00e4rdig v\u00e5rd och omsorg, valfrihet i v\u00e4lf\u00e4rden, ett blomstrande n\u00e4ringsliv och en h\u00e5llbar utveckling i Helsingborg. Vi \u00e4r en del av samverkanspartierna som under mandatperioden styr staden i minoritet och har d\u00e4rf\u00f6r goda m\u00f6jligheter att driva igenom kristdemokratisk politik. V\u00e5ra <a class=\"read-more-link\" href=\"https:\/\/wp.kristdemokraterna.se\/helsingborg\/avdelningen\/\">L\u00e4s mer<\/a><\/p>\n","protected":false},"author":444,"featured_media":0,"parent":0,"menu_order":0,"comment_status":"closed","ping_status":"closed","template":"","meta":{"_acf_changed":false,"footnotes":""},"class_list":["post-87","page","type-page","status-publish","hentry"],"acf":[],"yoast_head":"<!-- This site is optimized with the Yoast SEO plugin v27.4 - https:\/\/yoast.com\/product\/yoast-seo-wordpress\/ -->\n<title>Kristdemokraterna i Helsingborg - Kristdemokraterna | Helsingborg<\/title>\n<meta name=\"robots\" content=\"index, follow, max-snippet:-1, max-image-preview:large, max-video-preview:-1\" \/>\n<link rel=\"canonical\" href=\"https:\/\/wp.kristdemokraterna.se\/helsingborg\/avdelningen\/\" \/>\n<meta property=\"og:locale\" content=\"sv_SE\" \/>\n<meta property=\"og:type\" content=\"article\" \/>\n<meta property=\"og:title\" content=\"Kristdemokraterna i Helsingborg - Kristdemokraterna | Helsingborg\" \/>\n<meta property=\"og:description\" content=\"V\u00e4lkommen till Kristdemokraterna i Helsingborg Kristdemokraterna i Helsingborg\u00a0\u00e4r ditt lokala parti som verkar f\u00f6r en v\u00e4rdig v\u00e5rd och omsorg, valfrihet i v\u00e4lf\u00e4rden, ett blomstrande n\u00e4ringsliv och en h\u00e5llbar utveckling i Helsingborg. Vi \u00e4r en del av samverkanspartierna som under mandatperioden styr staden i minoritet och har d\u00e4rf\u00f6r goda m\u00f6jligheter att driva igenom kristdemokratisk politik. V\u00e5ra L\u00e4s mer\" \/>\n<meta property=\"og:url\" content=\"https:\/\/wp.kristdemokraterna.se\/helsingborg\/avdelningen\/\" \/>\n<meta property=\"og:site_name\" content=\"Kristdemokraterna | Helsingborg\" \/>\n<meta property=\"article:modified_time\" content=\"2025-12-06T10:18:22+00:00\" \/>\n<meta name=\"twitter:card\" content=\"summary_large_image\" \/>\n<meta name=\"twitter:label1\" content=\"Ber\u00e4knad l\u00e4stid\" \/>\n\t<meta name=\"twitter:data1\" content=\"2 minuter\" \/>\n<script type=\"application\/ld+json\" class=\"yoast-schema-graph\">{\"@context\":\"https:\\\/\\\/schema.org\",\"@graph\":[{\"@type\":\"WebPage\",\"@id\":\"https:\\\/\\\/wp.kristdemokraterna.se\\\/helsingborg\\\/avdelningen\\\/\",\"url\":\"https:\\\/\\\/wp.kristdemokraterna.se\\\/helsingborg\\\/avdelningen\\\/\",\"name\":\"Kristdemokraterna i Helsingborg - Kristdemokraterna | Helsingborg\",\"isPartOf\":{\"@id\":\"https:\\\/\\\/wp.kristdemokraterna.se\\\/helsingborg\\\/#website\"},\"datePublished\":\"2012-03-08T19:29:30+00:00\",\"dateModified\":\"2025-12-06T10:18:22+00:00\",\"breadcrumb\":{\"@id\":\"https:\\\/\\\/wp.kristdemokraterna.se\\\/helsingborg\\\/avdelningen\\\/#breadcrumb\"},\"inLanguage\":\"sv-SE\",\"potentialAction\":[{\"@type\":\"ReadAction\",\"target\":[\"https:\\\/\\\/wp.kristdemokraterna.se\\\/helsingborg\\\/avdelningen\\\/\"]}]},{\"@type\":\"BreadcrumbList\",\"@id\":\"https:\\\/\\\/wp.kristdemokraterna.se\\\/helsingborg\\\/avdelningen\\\/#breadcrumb\",\"itemListElement\":[{\"@type\":\"ListItem\",\"position\":1,\"name\":\"Hem\",\"item\":\"https:\\\/\\\/wp.kristdemokraterna.se\\\/helsingborg\\\/\"},{\"@type\":\"ListItem\",\"position\":2,\"name\":\"Kristdemokraterna i Helsingborg\"}]},{\"@type\":\"WebSite\",\"@id\":\"https:\\\/\\\/wp.kristdemokraterna.se\\\/helsingborg\\\/#website\",\"url\":\"https:\\\/\\\/wp.kristdemokraterna.se\\\/helsingborg\\\/\",\"name\":\"Kristdemokraterna | Helsingborg\",\"description\":\"\u00c4nnu en webbplats hos Kristdemokraterna\",\"inLanguage\":\"sv-SE\"}]}<\/script>\n<!-- \/ Yoast SEO plugin. -->","yoast_head_json":{"title":"Kristdemokraterna i Helsingborg - Kristdemokraterna | Helsingborg","robots":{"index":"index","follow":"follow","max-snippet":"max-snippet:-1","max-image-preview":"max-image-preview:large","max-video-preview":"max-video-preview:-1"},"canonical":"https:\/\/wp.kristdemokraterna.se\/helsingborg\/avdelningen\/","og_locale":"sv_SE","og_type":"article","og_title":"Kristdemokraterna i Helsingborg - Kristdemokraterna | Helsingborg","og_description":"V\u00e4lkommen till Kristdemokraterna i Helsingborg Kristdemokraterna i Helsingborg\u00a0\u00e4r ditt lokala parti som verkar f\u00f6r en v\u00e4rdig v\u00e5rd och omsorg, valfrihet i v\u00e4lf\u00e4rden, ett blomstrande n\u00e4ringsliv och en h\u00e5llbar utveckling i Helsingborg. Vi \u00e4r en del av samverkanspartierna som under mandatperioden styr staden i minoritet och har d\u00e4rf\u00f6r goda m\u00f6jligheter att driva igenom kristdemokratisk politik. V\u00e5ra L\u00e4s mer","og_url":"https:\/\/wp.kristdemokraterna.se\/helsingborg\/avdelningen\/","og_site_name":"Kristdemokraterna | Helsingborg","article_modified_time":"2025-12-06T10:18:22+00:00","twitter_card":"summary_large_image","twitter_misc":{"Ber\u00e4knad l\u00e4stid":"2 minuter"},"schema":{"@context":"https:\/\/schema.org","@graph":[{"@type":"WebPage","@id":"https:\/\/wp.kristdemokraterna.se\/helsingborg\/avdelningen\/","url":"https:\/\/wp.kristdemokraterna.se\/helsingborg\/avdelningen\/","name":"Kristdemokraterna i Helsingborg - Kristdemokraterna | Helsingborg","isPartOf":{"@id":"https:\/\/wp.kristdemokraterna.se\/helsingborg\/#website"},"datePublished":"2012-03-08T19:29:30+00:00","dateModified":"2025-12-06T10:18:22+00:00","breadcrumb":{"@id":"https:\/\/wp.kristdemokraterna.se\/helsingborg\/avdelningen\/#breadcrumb"},"inLanguage":"sv-SE","potentialAction":[{"@type":"ReadAction","target":["https:\/\/wp.kristdemokraterna.se\/helsingborg\/avdelningen\/"]}]},{"@type":"BreadcrumbList","@id":"https:\/\/wp.kristdemokraterna.se\/helsingborg\/avdelningen\/#breadcrumb","itemListElement":[{"@type":"ListItem","position":1,"name":"Hem","item":"https:\/\/wp.kristdemokraterna.se\/helsingborg\/"},{"@type":"ListItem","position":2,"name":"Kristdemokraterna i Helsingborg"}]},{"@type":"WebSite","@id":"https:\/\/wp.kristdemokraterna.se\/helsingborg\/#website","url":"https:\/\/wp.kristdemokraterna.se\/helsingborg\/","name":"Kristdemokraterna | Helsingborg","description":"\u00c4nnu en webbplats hos Kristdemokraterna","inLanguage":"sv-SE"}]}},"_links":{"self":[{"href":"https:\/\/wp.kristdemokraterna.se\/helsingborg\/wp-json\/wp\/v2\/pages\/87","targetHints":{"allow":["GET"]}}],"collection":[{"href":"https:\/\/wp.kristdemokraterna.se\/helsingborg\/wp-json\/wp\/v2\/pages"}],"about":[{"href":"https:\/\/wp.kristdemokraterna.se\/helsingborg\/wp-json\/wp\/v2\/types\/page"}],"author":[{"embeddable":true,"href":"https:\/\/wp.kristdemokraterna.se\/helsingborg\/wp-json\/wp\/v2\/users\/444"}],"replies":[{"embeddable":true,"href":"https:\/\/wp.kristdemokraterna.se\/helsingborg\/wp-json\/wp\/v2\/comments?post=87"}],"version-history":[{"count":6,"href":"https:\/\/wp.kristdemokraterna.se\/helsingborg\/wp-json\/wp\/v2\/pages\/87\/revisions"}],"predecessor-version":[{"id":1022,"href":"https:\/\/wp.kristdemokraterna.se\/helsingborg\/wp-json\/wp\/v2\/pages\/87\/revisions\/1022"}],"wp:attachment":[{"href":"https:\/\/wp.kristdemokraterna.se\/helsingborg\/wp-json\/wp\/v2\/media?parent=87"}],"curies":[{"name":"wp","href":"https:\/\/api.w.org\/{rel}","templated":true}]}}