{"id":269,"date":"2017-11-29T16:48:28","date_gmt":"2017-11-29T15:48:28","guid":{"rendered":"http:\/\/wp.kristdemokraterna.se\/hjo\/?page_id=269"},"modified":"2018-05-03T14:50:03","modified_gmt":"2018-05-03T12:50:03","slug":"textsida-med-vanster-sidebar","status":"publish","type":"page","link":"https:\/\/wp.kristdemokraterna.se\/hjo\/textsida-med-vanster-sidebar\/","title":{"rendered":"V\u00e5r partiavdelning"},"content":{"rendered":"<p><a href=\"http:\/\/wp.kristdemokraterna.se\/hjo\/files\/2017\/12\/halvfigur.png\"><img loading=\"lazy\" decoding=\"async\" class=\"alignnone size-thumbnail wp-image-366\" src=\"http:\/\/wp.kristdemokraterna.se\/hjo\/files\/2017\/12\/halvfigur-150x150.png\" alt=\"\" width=\"150\" height=\"150\" srcset=\"https:\/\/wp.kristdemokraterna.se\/hjo\/files\/2017\/12\/halvfigur-150x150.png 150w, https:\/\/wp.kristdemokraterna.se\/hjo\/files\/2017\/12\/halvfigur-90x90.png 90w\" sizes=\"auto, (max-width: 150px) 100vw, 150px\" \/><\/a><\/p>\n<p>Ordf\u00f6rande Irene Oskarsson\u00a0 070 5744454 irene.oskarsson@kristdemokraterna.se<\/p>\n<p>kass\u00f6r\u00a0 Bengt Samuelsson 070 3393611<\/p>\n<p>Berndt Dahnsson, berndt.dahnson@kristdemokraterna.se<\/p>\n<p>Maria Lundblom B\u00e4ckstr\u00f6m valledare,\u00a0 maria.l.backstrom@kristdemokraterna.se<\/p>\n<p>\u00c5sa Engdahl,<\/p>\n<p>J\u00f6rgen Sv\u00e4rd, jorgen.svard@kristdemokraterna.se<\/p>\n<p>&nbsp;<\/p>\n<p>&nbsp;<\/p>\n<p>&nbsp;<\/p>\n<p>&nbsp;<\/p>\n","protected":false},"excerpt":{"rendered":"<p>Ordf\u00f6rande Irene Oskarsson\u00a0 070 5744454 irene.oskarsson@kristdemokraterna.se kass\u00f6r\u00a0 Bengt Samuelsson 070 3393611 Berndt Dahnsson, berndt.dahnson@kristdemokraterna.se Maria Lundblom B\u00e4ckstr\u00f6m valledare,\u00a0 maria.l.backstrom@kristdemokraterna.se \u00c5sa Engdahl, J\u00f6rgen Sv\u00e4rd, jorgen.svard@kristdemokraterna.se &nbsp; &nbsp; &nbsp; &nbsp;<\/p>\n","protected":false},"author":845,"featured_media":0,"parent":0,"menu_order":0,"comment_status":"closed","ping_status":"closed","template":"page.php","meta":{"_acf_changed":false,"footnotes":""},"class_list":["post-269","page","type-page","status-publish","hentry"],"acf":[],"yoast_head":"<!-- This site is optimized with the Yoast SEO plugin v27.3 - https:\/\/yoast.com\/product\/yoast-seo-wordpress\/ -->\n<title>V\u00e5r partiavdelning - Kristdemokraterna | Hjo<\/title>\n<meta name=\"robots\" content=\"index, follow, max-snippet:-1, max-image-preview:large, max-video-preview:-1\" \/>\n<link rel=\"canonical\" href=\"https:\/\/wp.kristdemokraterna.se\/hjo\/textsida-med-vanster-sidebar\/\" \/>\n<meta property=\"og:locale\" content=\"sv_SE\" \/>\n<meta property=\"og:type\" content=\"article\" \/>\n<meta property=\"og:title\" content=\"V\u00e5r partiavdelning - Kristdemokraterna | Hjo\" \/>\n<meta property=\"og:description\" content=\"Ordf\u00f6rande Irene Oskarsson\u00a0 070 5744454 irene.oskarsson@kristdemokraterna.se kass\u00f6r\u00a0 Bengt Samuelsson 070 3393611 Berndt Dahnsson, berndt.dahnson@kristdemokraterna.se Maria Lundblom B\u00e4ckstr\u00f6m valledare,\u00a0 maria.l.backstrom@kristdemokraterna.se \u00c5sa Engdahl, J\u00f6rgen Sv\u00e4rd, jorgen.svard@kristdemokraterna.se &nbsp; &nbsp; &nbsp; &nbsp;\" \/>\n<meta property=\"og:url\" content=\"https:\/\/wp.kristdemokraterna.se\/hjo\/textsida-med-vanster-sidebar\/\" \/>\n<meta property=\"og:site_name\" content=\"Kristdemokraterna | Hjo\" \/>\n<meta property=\"article:modified_time\" content=\"2018-05-03T12:50:03+00:00\" \/>\n<meta property=\"og:image\" content=\"http:\/\/wp.kristdemokraterna.se\/hjo\/files\/2017\/12\/halvfigur-150x150.png\" \/>\n<meta name=\"twitter:card\" content=\"summary_large_image\" \/>\n<script type=\"application\/ld+json\" class=\"yoast-schema-graph\">{\"@context\":\"https:\\\/\\\/schema.org\",\"@graph\":[{\"@type\":\"WebPage\",\"@id\":\"https:\\\/\\\/wp.kristdemokraterna.se\\\/hjo\\\/textsida-med-vanster-sidebar\\\/\",\"url\":\"https:\\\/\\\/wp.kristdemokraterna.se\\\/hjo\\\/textsida-med-vanster-sidebar\\\/\",\"name\":\"V\u00e5r partiavdelning - Kristdemokraterna | Hjo\",\"isPartOf\":{\"@id\":\"https:\\\/\\\/wp.kristdemokraterna.se\\\/hjo\\\/#website\"},\"primaryImageOfPage\":{\"@id\":\"https:\\\/\\\/wp.kristdemokraterna.se\\\/hjo\\\/textsida-med-vanster-sidebar\\\/#primaryimage\"},\"image\":{\"@id\":\"https:\\\/\\\/wp.kristdemokraterna.se\\\/hjo\\\/textsida-med-vanster-sidebar\\\/#primaryimage\"},\"thumbnailUrl\":\"http:\\\/\\\/wp.kristdemokraterna.se\\\/hjo\\\/files\\\/2017\\\/12\\\/halvfigur-150x150.png\",\"datePublished\":\"2017-11-29T15:48:28+00:00\",\"dateModified\":\"2018-05-03T12:50:03+00:00\",\"breadcrumb\":{\"@id\":\"https:\\\/\\\/wp.kristdemokraterna.se\\\/hjo\\\/textsida-med-vanster-sidebar\\\/#breadcrumb\"},\"inLanguage\":\"sv-SE\",\"potentialAction\":[{\"@type\":\"ReadAction\",\"target\":[\"https:\\\/\\\/wp.kristdemokraterna.se\\\/hjo\\\/textsida-med-vanster-sidebar\\\/\"]}]},{\"@type\":\"ImageObject\",\"inLanguage\":\"sv-SE\",\"@id\":\"https:\\\/\\\/wp.kristdemokraterna.se\\\/hjo\\\/textsida-med-vanster-sidebar\\\/#primaryimage\",\"url\":\"https:\\\/\\\/wp.kristdemokraterna.se\\\/hjo\\\/files\\\/2017\\\/12\\\/halvfigur.png\",\"contentUrl\":\"https:\\\/\\\/wp.kristdemokraterna.se\\\/hjo\\\/files\\\/2017\\\/12\\\/halvfigur.png\",\"width\":380,\"height\":330},{\"@type\":\"BreadcrumbList\",\"@id\":\"https:\\\/\\\/wp.kristdemokraterna.se\\\/hjo\\\/textsida-med-vanster-sidebar\\\/#breadcrumb\",\"itemListElement\":[{\"@type\":\"ListItem\",\"position\":1,\"name\":\"Hem\",\"item\":\"https:\\\/\\\/wp.kristdemokraterna.se\\\/hjo\\\/\"},{\"@type\":\"ListItem\",\"position\":2,\"name\":\"V\u00e5r partiavdelning\"}]},{\"@type\":\"WebSite\",\"@id\":\"https:\\\/\\\/wp.kristdemokraterna.se\\\/hjo\\\/#website\",\"url\":\"https:\\\/\\\/wp.kristdemokraterna.se\\\/hjo\\\/\",\"name\":\"Kristdemokraterna | Hjo\",\"description\":\"En till Kristdemokraterna webbplats\",\"inLanguage\":\"sv-SE\"}]}<\/script>\n<!-- \/ Yoast SEO plugin. -->","yoast_head_json":{"title":"V\u00e5r partiavdelning - Kristdemokraterna | Hjo","robots":{"index":"index","follow":"follow","max-snippet":"max-snippet:-1","max-image-preview":"max-image-preview:large","max-video-preview":"max-video-preview:-1"},"canonical":"https:\/\/wp.kristdemokraterna.se\/hjo\/textsida-med-vanster-sidebar\/","og_locale":"sv_SE","og_type":"article","og_title":"V\u00e5r partiavdelning - Kristdemokraterna | Hjo","og_description":"Ordf\u00f6rande Irene Oskarsson\u00a0 070 5744454 irene.oskarsson@kristdemokraterna.se kass\u00f6r\u00a0 Bengt Samuelsson 070 3393611 Berndt Dahnsson, berndt.dahnson@kristdemokraterna.se Maria Lundblom B\u00e4ckstr\u00f6m valledare,\u00a0 maria.l.backstrom@kristdemokraterna.se \u00c5sa Engdahl, J\u00f6rgen Sv\u00e4rd, jorgen.svard@kristdemokraterna.se &nbsp; &nbsp; &nbsp; &nbsp;","og_url":"https:\/\/wp.kristdemokraterna.se\/hjo\/textsida-med-vanster-sidebar\/","og_site_name":"Kristdemokraterna | Hjo","article_modified_time":"2018-05-03T12:50:03+00:00","og_image":[{"url":"http:\/\/wp.kristdemokraterna.se\/hjo\/files\/2017\/12\/halvfigur-150x150.png","type":"","width":"","height":""}],"twitter_card":"summary_large_image","schema":{"@context":"https:\/\/schema.org","@graph":[{"@type":"WebPage","@id":"https:\/\/wp.kristdemokraterna.se\/hjo\/textsida-med-vanster-sidebar\/","url":"https:\/\/wp.kristdemokraterna.se\/hjo\/textsida-med-vanster-sidebar\/","name":"V\u00e5r partiavdelning - Kristdemokraterna | Hjo","isPartOf":{"@id":"https:\/\/wp.kristdemokraterna.se\/hjo\/#website"},"primaryImageOfPage":{"@id":"https:\/\/wp.kristdemokraterna.se\/hjo\/textsida-med-vanster-sidebar\/#primaryimage"},"image":{"@id":"https:\/\/wp.kristdemokraterna.se\/hjo\/textsida-med-vanster-sidebar\/#primaryimage"},"thumbnailUrl":"http:\/\/wp.kristdemokraterna.se\/hjo\/files\/2017\/12\/halvfigur-150x150.png","datePublished":"2017-11-29T15:48:28+00:00","dateModified":"2018-05-03T12:50:03+00:00","breadcrumb":{"@id":"https:\/\/wp.kristdemokraterna.se\/hjo\/textsida-med-vanster-sidebar\/#breadcrumb"},"inLanguage":"sv-SE","potentialAction":[{"@type":"ReadAction","target":["https:\/\/wp.kristdemokraterna.se\/hjo\/textsida-med-vanster-sidebar\/"]}]},{"@type":"ImageObject","inLanguage":"sv-SE","@id":"https:\/\/wp.kristdemokraterna.se\/hjo\/textsida-med-vanster-sidebar\/#primaryimage","url":"https:\/\/wp.kristdemokraterna.se\/hjo\/files\/2017\/12\/halvfigur.png","contentUrl":"https:\/\/wp.kristdemokraterna.se\/hjo\/files\/2017\/12\/halvfigur.png","width":380,"height":330},{"@type":"BreadcrumbList","@id":"https:\/\/wp.kristdemokraterna.se\/hjo\/textsida-med-vanster-sidebar\/#breadcrumb","itemListElement":[{"@type":"ListItem","position":1,"name":"Hem","item":"https:\/\/wp.kristdemokraterna.se\/hjo\/"},{"@type":"ListItem","position":2,"name":"V\u00e5r partiavdelning"}]},{"@type":"WebSite","@id":"https:\/\/wp.kristdemokraterna.se\/hjo\/#website","url":"https:\/\/wp.kristdemokraterna.se\/hjo\/","name":"Kristdemokraterna | Hjo","description":"En till Kristdemokraterna webbplats","inLanguage":"sv-SE"}]}},"_links":{"self":[{"href":"https:\/\/wp.kristdemokraterna.se\/hjo\/wp-json\/wp\/v2\/pages\/269","targetHints":{"allow":["GET"]}}],"collection":[{"href":"https:\/\/wp.kristdemokraterna.se\/hjo\/wp-json\/wp\/v2\/pages"}],"about":[{"href":"https:\/\/wp.kristdemokraterna.se\/hjo\/wp-json\/wp\/v2\/types\/page"}],"author":[{"embeddable":true,"href":"https:\/\/wp.kristdemokraterna.se\/hjo\/wp-json\/wp\/v2\/users\/845"}],"replies":[{"embeddable":true,"href":"https:\/\/wp.kristdemokraterna.se\/hjo\/wp-json\/wp\/v2\/comments?post=269"}],"version-history":[{"count":13,"href":"https:\/\/wp.kristdemokraterna.se\/hjo\/wp-json\/wp\/v2\/pages\/269\/revisions"}],"predecessor-version":[{"id":341,"href":"https:\/\/wp.kristdemokraterna.se\/hjo\/wp-json\/wp\/v2\/pages\/269\/revisions\/341"}],"wp:attachment":[{"href":"https:\/\/wp.kristdemokraterna.se\/hjo\/wp-json\/wp\/v2\/media?parent=269"}],"curies":[{"name":"wp","href":"https:\/\/api.w.org\/{rel}","templated":true}]}}