{"id":363,"date":"2017-12-04T16:11:27","date_gmt":"2017-12-04T15:11:27","guid":{"rendered":"http:\/\/wp.kristdemokraterna.se\/hjo\/?page_id=363"},"modified":"2022-08-10T13:47:32","modified_gmt":"2022-08-10T11:47:32","slug":"kontakta-oss","status":"publish","type":"page","link":"https:\/\/wp.kristdemokraterna.se\/hjo\/textsida-med-vanster-sidebar\/kontakta-oss\/","title":{"rendered":"Kontakta oss"},"content":{"rendered":"<p><strong>Kristdemokraterna Hjo<\/strong><\/p>\n<p>H\u00f6r g\u00e4rna av dig om du har tankar kring hur vi tillsammans kan g\u00f6ra Hjo till en b\u00e4ttre plats att leva och bo p\u00e5!<\/p>\n<div class=\"app-hjemvt\"><strong><span class=\"app-hjemvt\">Postadress:<\/span><\/strong><\/div>\n<div class=\"app-hjemvt\">G\u00e4rdhemsv\u00e4gen 5<\/div>\n<div class=\"app-hjemvt\">54434 Hjo<\/div>\n<div class=\"app-hjemvt\"><strong><span class=\"app-hjemvt\">Telefon:<\/span><\/strong><\/div>\n<div class=\"app-hjemvt\">070-3960959<\/div>\n<div><strong>e-post:<\/strong><\/div>\n<div class=\"page\" title=\"Page 5\">\n<div class=\"section\">\n<div class=\"layoutArea\">\n<div class=\"column\">\n<p><a href=\"michael.kihlstrom@kristdemokraterna.se\">michael.kihlstrom@kristdemokraterna.se<\/a><br \/>\n<a href=\"eva-lott.gram@telia.com\">eva-lott.gram@telia.com<\/a><\/p>\n<\/div>\n<\/div>\n<\/div>\n<\/div>\n","protected":false},"excerpt":{"rendered":"<p>Kristdemokraterna Hjo H\u00f6r g\u00e4rna av dig om du har tankar kring hur vi tillsammans kan g\u00f6ra Hjo till en b\u00e4ttre plats att leva och bo p\u00e5! Postadress: G\u00e4rdhemsv\u00e4gen 5 54434 Hjo Telefon: 070-3960959 e-post: michael.kihlstrom@kristdemokraterna.se eva-lott.gram@telia.com<\/p>\n","protected":false},"author":845,"featured_media":0,"parent":269,"menu_order":0,"comment_status":"closed","ping_status":"closed","template":"page.php","meta":{"_acf_changed":false,"footnotes":""},"class_list":["post-363","page","type-page","status-publish","hentry"],"acf":[],"yoast_head":"<!-- This site is optimized with the Yoast SEO plugin v27.3 - https:\/\/yoast.com\/product\/yoast-seo-wordpress\/ -->\n<title>Kontakta oss - Kristdemokraterna | Hjo<\/title>\n<meta name=\"robots\" content=\"index, follow, max-snippet:-1, max-image-preview:large, max-video-preview:-1\" \/>\n<link rel=\"canonical\" href=\"https:\/\/wp.kristdemokraterna.se\/hjo\/textsida-med-vanster-sidebar\/kontakta-oss\/\" \/>\n<meta property=\"og:locale\" content=\"sv_SE\" \/>\n<meta property=\"og:type\" content=\"article\" \/>\n<meta property=\"og:title\" content=\"Kontakta oss - Kristdemokraterna | Hjo\" \/>\n<meta property=\"og:description\" content=\"Kristdemokraterna Hjo H\u00f6r g\u00e4rna av dig om du har tankar kring hur vi tillsammans kan g\u00f6ra Hjo till en b\u00e4ttre plats att leva och bo p\u00e5! Postadress: G\u00e4rdhemsv\u00e4gen 5 54434 Hjo Telefon: 070-3960959 e-post: michael.kihlstrom@kristdemokraterna.se eva-lott.gram@telia.com\" \/>\n<meta property=\"og:url\" content=\"https:\/\/wp.kristdemokraterna.se\/hjo\/textsida-med-vanster-sidebar\/kontakta-oss\/\" \/>\n<meta property=\"og:site_name\" content=\"Kristdemokraterna | Hjo\" \/>\n<meta property=\"article:modified_time\" content=\"2022-08-10T11:47:32+00:00\" \/>\n<meta name=\"twitter:card\" content=\"summary_large_image\" \/>\n<meta name=\"twitter:label1\" content=\"Ber\u00e4knad l\u00e4stid\" \/>\n\t<meta name=\"twitter:data1\" content=\"1 minut\" \/>\n<script type=\"application\/ld+json\" class=\"yoast-schema-graph\">{\"@context\":\"https:\\\/\\\/schema.org\",\"@graph\":[{\"@type\":\"WebPage\",\"@id\":\"https:\\\/\\\/wp.kristdemokraterna.se\\\/hjo\\\/textsida-med-vanster-sidebar\\\/kontakta-oss\\\/\",\"url\":\"https:\\\/\\\/wp.kristdemokraterna.se\\\/hjo\\\/textsida-med-vanster-sidebar\\\/kontakta-oss\\\/\",\"name\":\"Kontakta oss - Kristdemokraterna | Hjo\",\"isPartOf\":{\"@id\":\"https:\\\/\\\/wp.kristdemokraterna.se\\\/hjo\\\/#website\"},\"datePublished\":\"2017-12-04T15:11:27+00:00\",\"dateModified\":\"2022-08-10T11:47:32+00:00\",\"breadcrumb\":{\"@id\":\"https:\\\/\\\/wp.kristdemokraterna.se\\\/hjo\\\/textsida-med-vanster-sidebar\\\/kontakta-oss\\\/#breadcrumb\"},\"inLanguage\":\"sv-SE\",\"potentialAction\":[{\"@type\":\"ReadAction\",\"target\":[\"https:\\\/\\\/wp.kristdemokraterna.se\\\/hjo\\\/textsida-med-vanster-sidebar\\\/kontakta-oss\\\/\"]}]},{\"@type\":\"BreadcrumbList\",\"@id\":\"https:\\\/\\\/wp.kristdemokraterna.se\\\/hjo\\\/textsida-med-vanster-sidebar\\\/kontakta-oss\\\/#breadcrumb\",\"itemListElement\":[{\"@type\":\"ListItem\",\"position\":1,\"name\":\"Hem\",\"item\":\"https:\\\/\\\/wp.kristdemokraterna.se\\\/hjo\\\/\"},{\"@type\":\"ListItem\",\"position\":2,\"name\":\"V\u00e5r partiavdelning\",\"item\":\"https:\\\/\\\/wp.kristdemokraterna.se\\\/hjo\\\/textsida-med-vanster-sidebar\\\/\"},{\"@type\":\"ListItem\",\"position\":3,\"name\":\"Kontakta oss\"}]},{\"@type\":\"WebSite\",\"@id\":\"https:\\\/\\\/wp.kristdemokraterna.se\\\/hjo\\\/#website\",\"url\":\"https:\\\/\\\/wp.kristdemokraterna.se\\\/hjo\\\/\",\"name\":\"Kristdemokraterna | Hjo\",\"description\":\"En till Kristdemokraterna webbplats\",\"inLanguage\":\"sv-SE\"}]}<\/script>\n<!-- \/ Yoast SEO plugin. -->","yoast_head_json":{"title":"Kontakta oss - Kristdemokraterna | Hjo","robots":{"index":"index","follow":"follow","max-snippet":"max-snippet:-1","max-image-preview":"max-image-preview:large","max-video-preview":"max-video-preview:-1"},"canonical":"https:\/\/wp.kristdemokraterna.se\/hjo\/textsida-med-vanster-sidebar\/kontakta-oss\/","og_locale":"sv_SE","og_type":"article","og_title":"Kontakta oss - Kristdemokraterna | Hjo","og_description":"Kristdemokraterna Hjo H\u00f6r g\u00e4rna av dig om du har tankar kring hur vi tillsammans kan g\u00f6ra Hjo till en b\u00e4ttre plats att leva och bo p\u00e5! Postadress: G\u00e4rdhemsv\u00e4gen 5 54434 Hjo Telefon: 070-3960959 e-post: michael.kihlstrom@kristdemokraterna.se eva-lott.gram@telia.com","og_url":"https:\/\/wp.kristdemokraterna.se\/hjo\/textsida-med-vanster-sidebar\/kontakta-oss\/","og_site_name":"Kristdemokraterna | Hjo","article_modified_time":"2022-08-10T11:47:32+00:00","twitter_card":"summary_large_image","twitter_misc":{"Ber\u00e4knad l\u00e4stid":"1 minut"},"schema":{"@context":"https:\/\/schema.org","@graph":[{"@type":"WebPage","@id":"https:\/\/wp.kristdemokraterna.se\/hjo\/textsida-med-vanster-sidebar\/kontakta-oss\/","url":"https:\/\/wp.kristdemokraterna.se\/hjo\/textsida-med-vanster-sidebar\/kontakta-oss\/","name":"Kontakta oss - Kristdemokraterna | Hjo","isPartOf":{"@id":"https:\/\/wp.kristdemokraterna.se\/hjo\/#website"},"datePublished":"2017-12-04T15:11:27+00:00","dateModified":"2022-08-10T11:47:32+00:00","breadcrumb":{"@id":"https:\/\/wp.kristdemokraterna.se\/hjo\/textsida-med-vanster-sidebar\/kontakta-oss\/#breadcrumb"},"inLanguage":"sv-SE","potentialAction":[{"@type":"ReadAction","target":["https:\/\/wp.kristdemokraterna.se\/hjo\/textsida-med-vanster-sidebar\/kontakta-oss\/"]}]},{"@type":"BreadcrumbList","@id":"https:\/\/wp.kristdemokraterna.se\/hjo\/textsida-med-vanster-sidebar\/kontakta-oss\/#breadcrumb","itemListElement":[{"@type":"ListItem","position":1,"name":"Hem","item":"https:\/\/wp.kristdemokraterna.se\/hjo\/"},{"@type":"ListItem","position":2,"name":"V\u00e5r partiavdelning","item":"https:\/\/wp.kristdemokraterna.se\/hjo\/textsida-med-vanster-sidebar\/"},{"@type":"ListItem","position":3,"name":"Kontakta oss"}]},{"@type":"WebSite","@id":"https:\/\/wp.kristdemokraterna.se\/hjo\/#website","url":"https:\/\/wp.kristdemokraterna.se\/hjo\/","name":"Kristdemokraterna | Hjo","description":"En till Kristdemokraterna webbplats","inLanguage":"sv-SE"}]}},"_links":{"self":[{"href":"https:\/\/wp.kristdemokraterna.se\/hjo\/wp-json\/wp\/v2\/pages\/363","targetHints":{"allow":["GET"]}}],"collection":[{"href":"https:\/\/wp.kristdemokraterna.se\/hjo\/wp-json\/wp\/v2\/pages"}],"about":[{"href":"https:\/\/wp.kristdemokraterna.se\/hjo\/wp-json\/wp\/v2\/types\/page"}],"author":[{"embeddable":true,"href":"https:\/\/wp.kristdemokraterna.se\/hjo\/wp-json\/wp\/v2\/users\/845"}],"replies":[{"embeddable":true,"href":"https:\/\/wp.kristdemokraterna.se\/hjo\/wp-json\/wp\/v2\/comments?post=363"}],"version-history":[{"count":7,"href":"https:\/\/wp.kristdemokraterna.se\/hjo\/wp-json\/wp\/v2\/pages\/363\/revisions"}],"predecessor-version":[{"id":544,"href":"https:\/\/wp.kristdemokraterna.se\/hjo\/wp-json\/wp\/v2\/pages\/363\/revisions\/544"}],"up":[{"embeddable":true,"href":"https:\/\/wp.kristdemokraterna.se\/hjo\/wp-json\/wp\/v2\/pages\/269"}],"wp:attachment":[{"href":"https:\/\/wp.kristdemokraterna.se\/hjo\/wp-json\/wp\/v2\/media?parent=363"}],"curies":[{"name":"wp","href":"https:\/\/api.w.org\/{rel}","templated":true}]}}