{"id":361,"date":"2017-12-04T16:09:00","date_gmt":"2017-12-04T15:09:00","guid":{"rendered":"http:\/\/wp.kristdemokraterna.se\/hofors\/?page_id=361"},"modified":"2026-02-11T20:57:01","modified_gmt":"2026-02-11T19:57:01","slug":"arsmote","status":"publish","type":"page","link":"https:\/\/wp.kristdemokraterna.se\/hofors\/arsmote\/","title":{"rendered":"\u00c5rsm\u00f6te"},"content":{"rendered":"<p><a href=\"http:\/\/wp.kristdemokraterna.se\/hofors\/files\/2016\/11\/foretag_ej_logga.jpg\"><img loading=\"lazy\" decoding=\"async\" class=\"size-medium wp-image-707 alignright\" src=\"http:\/\/wp.kristdemokraterna.se\/hofors\/files\/2026\/02\/board-meeting-300x235.jpg\" alt=\"\" width=\"300\" height=\"235\" srcset=\"https:\/\/wp.kristdemokraterna.se\/hofors\/files\/2026\/02\/board-meeting-300x235.jpg 300w, https:\/\/wp.kristdemokraterna.se\/hofors\/files\/2026\/02\/board-meeting-1024x801.jpg 1024w, https:\/\/wp.kristdemokraterna.se\/hofors\/files\/2026\/02\/board-meeting-768x601.jpg 768w, https:\/\/wp.kristdemokraterna.se\/hofors\/files\/2026\/02\/board-meeting-256x200.jpg 256w, https:\/\/wp.kristdemokraterna.se\/hofors\/files\/2026\/02\/board-meeting-370x289.jpg 370w, https:\/\/wp.kristdemokraterna.se\/hofors\/files\/2026\/02\/board-meeting-770x602.jpg 770w, https:\/\/wp.kristdemokraterna.se\/hofors\/files\/2026\/02\/board-meeting-450x352.jpg 450w, https:\/\/wp.kristdemokraterna.se\/hofors\/files\/2026\/02\/board-meeting-280x219.jpg 280w, https:\/\/wp.kristdemokraterna.se\/hofors\/files\/2026\/02\/board-meeting-340x266.jpg 340w, https:\/\/wp.kristdemokraterna.se\/hofors\/files\/2026\/02\/board-meeting-200x156.jpg 200w, https:\/\/wp.kristdemokraterna.se\/hofors\/files\/2026\/02\/board-meeting-72x56.jpg 72w, https:\/\/wp.kristdemokraterna.se\/hofors\/files\/2026\/02\/board-meeting.jpg 1500w\" sizes=\"auto, (max-width: 300px) 100vw, 300px\" \/><\/a><\/p>\n<p style=\"text-align: center\"><strong>\u00c5rsm\u00f6te f\u00f6r alla medlemmar<\/strong> i partiavdelningen sker<\/p>\n<p style=\"text-align: center\">Torsdagen den 19 februari 2026, kl 18:30<\/p>\n<p style=\"text-align: center\">Studief\u00f6rbundet Vuxenskolan<br \/>\nFolkets Hus, Hofors<\/p>\n<p>&nbsp;<\/p>\n","protected":false},"excerpt":{"rendered":"<p>\u00c5rsm\u00f6te f\u00f6r alla medlemmar i partiavdelningen sker Torsdagen den 19 februari 2026, kl 18:30 Studief\u00f6rbundet Vuxenskolan Folkets Hus, Hofors &nbsp;<\/p>\n","protected":false},"author":2,"featured_media":619,"parent":0,"menu_order":0,"comment_status":"closed","ping_status":"closed","template":"page.php","meta":{"_acf_changed":false,"footnotes":""},"class_list":["post-361","page","type-page","status-publish","hentry"],"acf":[],"yoast_head":"<!-- This site is optimized with the Yoast SEO plugin v27.3 - https:\/\/yoast.com\/product\/yoast-seo-wordpress\/ -->\n<title>\u00c5rsm\u00f6te - Kristdemokraterna i Hofors\/Tors\u00e5ker<\/title>\n<meta name=\"robots\" content=\"index, follow, max-snippet:-1, max-image-preview:large, max-video-preview:-1\" \/>\n<link rel=\"canonical\" href=\"https:\/\/wp.kristdemokraterna.se\/hofors\/arsmote\/\" \/>\n<meta property=\"og:locale\" content=\"sv_SE\" \/>\n<meta property=\"og:type\" content=\"article\" \/>\n<meta property=\"og:title\" content=\"\u00c5rsm\u00f6te - Kristdemokraterna i Hofors\/Tors\u00e5ker\" \/>\n<meta property=\"og:description\" content=\"\u00c5rsm\u00f6te f\u00f6r alla medlemmar i partiavdelningen sker Torsdagen den 19 februari 2026, kl 18:30 Studief\u00f6rbundet Vuxenskolan Folkets Hus, Hofors &nbsp;\" \/>\n<meta property=\"og:url\" content=\"https:\/\/wp.kristdemokraterna.se\/hofors\/arsmote\/\" \/>\n<meta property=\"og:site_name\" content=\"Kristdemokraterna i Hofors\/Tors\u00e5ker\" \/>\n<meta property=\"article:modified_time\" content=\"2026-02-11T19:57:01+00:00\" \/>\n<meta property=\"og:image\" content=\"https:\/\/wp.kristdemokraterna.se\/hofors\/files\/2026\/02\/board-meeting.jpg\" \/>\n\t<meta property=\"og:image:width\" content=\"1500\" \/>\n\t<meta property=\"og:image:height\" content=\"1173\" \/>\n\t<meta property=\"og:image:type\" content=\"image\/jpeg\" \/>\n<meta name=\"twitter:card\" content=\"summary_large_image\" \/>\n<meta name=\"twitter:label1\" content=\"Ber\u00e4knad l\u00e4stid\" \/>\n\t<meta name=\"twitter:data1\" content=\"1 minut\" \/>\n<script type=\"application\/ld+json\" class=\"yoast-schema-graph\">{\"@context\":\"https:\\\/\\\/schema.org\",\"@graph\":[{\"@type\":\"WebPage\",\"@id\":\"https:\\\/\\\/wp.kristdemokraterna.se\\\/hofors\\\/arsmote\\\/\",\"url\":\"https:\\\/\\\/wp.kristdemokraterna.se\\\/hofors\\\/arsmote\\\/\",\"name\":\"\u00c5rsm\u00f6te - Kristdemokraterna i Hofors\\\/Tors\u00e5ker\",\"isPartOf\":{\"@id\":\"https:\\\/\\\/wp.kristdemokraterna.se\\\/hofors\\\/#website\"},\"primaryImageOfPage\":{\"@id\":\"https:\\\/\\\/wp.kristdemokraterna.se\\\/hofors\\\/arsmote\\\/#primaryimage\"},\"image\":{\"@id\":\"https:\\\/\\\/wp.kristdemokraterna.se\\\/hofors\\\/arsmote\\\/#primaryimage\"},\"thumbnailUrl\":\"https:\\\/\\\/wp.kristdemokraterna.se\\\/hofors\\\/files\\\/2021\\\/05\\\/flower.png\",\"datePublished\":\"2017-12-04T15:09:00+00:00\",\"dateModified\":\"2026-02-11T19:57:01+00:00\",\"breadcrumb\":{\"@id\":\"https:\\\/\\\/wp.kristdemokraterna.se\\\/hofors\\\/arsmote\\\/#breadcrumb\"},\"inLanguage\":\"sv-SE\",\"potentialAction\":[{\"@type\":\"ReadAction\",\"target\":[\"https:\\\/\\\/wp.kristdemokraterna.se\\\/hofors\\\/arsmote\\\/\"]}]},{\"@type\":\"ImageObject\",\"inLanguage\":\"sv-SE\",\"@id\":\"https:\\\/\\\/wp.kristdemokraterna.se\\\/hofors\\\/arsmote\\\/#primaryimage\",\"url\":\"https:\\\/\\\/wp.kristdemokraterna.se\\\/hofors\\\/files\\\/2021\\\/05\\\/flower.png\",\"contentUrl\":\"https:\\\/\\\/wp.kristdemokraterna.se\\\/hofors\\\/files\\\/2021\\\/05\\\/flower.png\",\"width\":478,\"height\":262},{\"@type\":\"BreadcrumbList\",\"@id\":\"https:\\\/\\\/wp.kristdemokraterna.se\\\/hofors\\\/arsmote\\\/#breadcrumb\",\"itemListElement\":[{\"@type\":\"ListItem\",\"position\":1,\"name\":\"Hem\",\"item\":\"https:\\\/\\\/wp.kristdemokraterna.se\\\/hofors\\\/\"},{\"@type\":\"ListItem\",\"position\":2,\"name\":\"\u00c5rsm\u00f6te\"}]},{\"@type\":\"WebSite\",\"@id\":\"https:\\\/\\\/wp.kristdemokraterna.se\\\/hofors\\\/#website\",\"url\":\"https:\\\/\\\/wp.kristdemokraterna.se\\\/hofors\\\/\",\"name\":\"Kristdemokraterna i Hofors\\\/Tors\u00e5ker\",\"description\":\"En till Kristdemokraterna webbplats\",\"inLanguage\":\"sv-SE\"}]}<\/script>\n<!-- \/ Yoast SEO plugin. -->","yoast_head_json":{"title":"\u00c5rsm\u00f6te - Kristdemokraterna i Hofors\/Tors\u00e5ker","robots":{"index":"index","follow":"follow","max-snippet":"max-snippet:-1","max-image-preview":"max-image-preview:large","max-video-preview":"max-video-preview:-1"},"canonical":"https:\/\/wp.kristdemokraterna.se\/hofors\/arsmote\/","og_locale":"sv_SE","og_type":"article","og_title":"\u00c5rsm\u00f6te - Kristdemokraterna i Hofors\/Tors\u00e5ker","og_description":"\u00c5rsm\u00f6te f\u00f6r alla medlemmar i partiavdelningen sker Torsdagen den 19 februari 2026, kl 18:30 Studief\u00f6rbundet Vuxenskolan Folkets Hus, Hofors &nbsp;","og_url":"https:\/\/wp.kristdemokraterna.se\/hofors\/arsmote\/","og_site_name":"Kristdemokraterna i Hofors\/Tors\u00e5ker","article_modified_time":"2026-02-11T19:57:01+00:00","og_image":[{"width":1500,"height":1173,"url":"https:\/\/wp.kristdemokraterna.se\/hofors\/files\/2026\/02\/board-meeting.jpg","type":"image\/jpeg"}],"twitter_card":"summary_large_image","twitter_misc":{"Ber\u00e4knad l\u00e4stid":"1 minut"},"schema":{"@context":"https:\/\/schema.org","@graph":[{"@type":"WebPage","@id":"https:\/\/wp.kristdemokraterna.se\/hofors\/arsmote\/","url":"https:\/\/wp.kristdemokraterna.se\/hofors\/arsmote\/","name":"\u00c5rsm\u00f6te - Kristdemokraterna i Hofors\/Tors\u00e5ker","isPartOf":{"@id":"https:\/\/wp.kristdemokraterna.se\/hofors\/#website"},"primaryImageOfPage":{"@id":"https:\/\/wp.kristdemokraterna.se\/hofors\/arsmote\/#primaryimage"},"image":{"@id":"https:\/\/wp.kristdemokraterna.se\/hofors\/arsmote\/#primaryimage"},"thumbnailUrl":"https:\/\/wp.kristdemokraterna.se\/hofors\/files\/2021\/05\/flower.png","datePublished":"2017-12-04T15:09:00+00:00","dateModified":"2026-02-11T19:57:01+00:00","breadcrumb":{"@id":"https:\/\/wp.kristdemokraterna.se\/hofors\/arsmote\/#breadcrumb"},"inLanguage":"sv-SE","potentialAction":[{"@type":"ReadAction","target":["https:\/\/wp.kristdemokraterna.se\/hofors\/arsmote\/"]}]},{"@type":"ImageObject","inLanguage":"sv-SE","@id":"https:\/\/wp.kristdemokraterna.se\/hofors\/arsmote\/#primaryimage","url":"https:\/\/wp.kristdemokraterna.se\/hofors\/files\/2021\/05\/flower.png","contentUrl":"https:\/\/wp.kristdemokraterna.se\/hofors\/files\/2021\/05\/flower.png","width":478,"height":262},{"@type":"BreadcrumbList","@id":"https:\/\/wp.kristdemokraterna.se\/hofors\/arsmote\/#breadcrumb","itemListElement":[{"@type":"ListItem","position":1,"name":"Hem","item":"https:\/\/wp.kristdemokraterna.se\/hofors\/"},{"@type":"ListItem","position":2,"name":"\u00c5rsm\u00f6te"}]},{"@type":"WebSite","@id":"https:\/\/wp.kristdemokraterna.se\/hofors\/#website","url":"https:\/\/wp.kristdemokraterna.se\/hofors\/","name":"Kristdemokraterna i Hofors\/Tors\u00e5ker","description":"En till Kristdemokraterna webbplats","inLanguage":"sv-SE"}]}},"_links":{"self":[{"href":"https:\/\/wp.kristdemokraterna.se\/hofors\/wp-json\/wp\/v2\/pages\/361","targetHints":{"allow":["GET"]}}],"collection":[{"href":"https:\/\/wp.kristdemokraterna.se\/hofors\/wp-json\/wp\/v2\/pages"}],"about":[{"href":"https:\/\/wp.kristdemokraterna.se\/hofors\/wp-json\/wp\/v2\/types\/page"}],"author":[{"embeddable":true,"href":"https:\/\/wp.kristdemokraterna.se\/hofors\/wp-json\/wp\/v2\/users\/2"}],"replies":[{"embeddable":true,"href":"https:\/\/wp.kristdemokraterna.se\/hofors\/wp-json\/wp\/v2\/comments?post=361"}],"version-history":[{"count":9,"href":"https:\/\/wp.kristdemokraterna.se\/hofors\/wp-json\/wp\/v2\/pages\/361\/revisions"}],"predecessor-version":[{"id":710,"href":"https:\/\/wp.kristdemokraterna.se\/hofors\/wp-json\/wp\/v2\/pages\/361\/revisions\/710"}],"wp:featuredmedia":[{"embeddable":true,"href":"https:\/\/wp.kristdemokraterna.se\/hofors\/wp-json\/wp\/v2\/media\/619"}],"wp:attachment":[{"href":"https:\/\/wp.kristdemokraterna.se\/hofors\/wp-json\/wp\/v2\/media?parent=361"}],"curies":[{"name":"wp","href":"https:\/\/api.w.org\/{rel}","templated":true}]}}