{"id":568,"date":"2021-04-27T11:40:26","date_gmt":"2021-04-27T09:40:26","guid":{"rendered":"https:\/\/wp.kristdemokraterna.se\/hofors\/?page_id=568"},"modified":"2026-03-26T12:29:51","modified_gmt":"2026-03-26T11:29:51","slug":"kontakta-oss","status":"publish","type":"page","link":"https:\/\/wp.kristdemokraterna.se\/hofors\/kontakta-oss\/","title":{"rendered":"Kontakta oss"},"content":{"rendered":"<p><img loading=\"lazy\" decoding=\"async\" class=\"alignright wp-image-815\" src=\"http:\/\/wp.kristdemokraterna.se\/hofors\/files\/2026\/03\/lenaanikakicki-300x175.png\" alt=\"\" width=\"332\" height=\"194\" srcset=\"https:\/\/wp.kristdemokraterna.se\/hofors\/files\/2026\/03\/lenaanikakicki-300x175.png 300w, https:\/\/wp.kristdemokraterna.se\/hofors\/files\/2026\/03\/lenaanikakicki-1024x597.png 1024w, https:\/\/wp.kristdemokraterna.se\/hofors\/files\/2026\/03\/lenaanikakicki-768x448.png 768w, https:\/\/wp.kristdemokraterna.se\/hofors\/files\/2026\/03\/lenaanikakicki-1536x896.png 1536w, https:\/\/wp.kristdemokraterna.se\/hofors\/files\/2026\/03\/lenaanikakicki-2048x1194.png 2048w, https:\/\/wp.kristdemokraterna.se\/hofors\/files\/2026\/03\/lenaanikakicki-343x200.png 343w, https:\/\/wp.kristdemokraterna.se\/hofors\/files\/2026\/03\/lenaanikakicki-370x216.png 370w, https:\/\/wp.kristdemokraterna.se\/hofors\/files\/2026\/03\/lenaanikakicki-770x449.png 770w, https:\/\/wp.kristdemokraterna.se\/hofors\/files\/2026\/03\/lenaanikakicki-450x262.png 450w, https:\/\/wp.kristdemokraterna.se\/hofors\/files\/2026\/03\/lenaanikakicki-280x163.png 280w, https:\/\/wp.kristdemokraterna.se\/hofors\/files\/2026\/03\/lenaanikakicki-340x198.png 340w, https:\/\/wp.kristdemokraterna.se\/hofors\/files\/2026\/03\/lenaanikakicki-200x117.png 200w, https:\/\/wp.kristdemokraterna.se\/hofors\/files\/2026\/03\/lenaanikakicki-96x56.png 96w\" sizes=\"auto, (max-width: 332px) 100vw, 332px\" \/><\/p>\n<p><strong>Ordf\u00f6rande<\/strong><br \/>\nAnnika Sj\u00f6gren<br \/>\nannika.sjogren@kristdemokraterna.se<\/p>\n<p><strong>1:e vice ordf\u00f6rande<\/strong><br \/>\nLena Eskilsson<br \/>\nlena@eskilzzon.se<\/p>\n<p><strong>2:e vice ordf\u00f6rande<\/strong><br \/>\nKicki Vesterberg<br \/>\nkicki.westerberg@kristdemokraterna.se<\/p>\n<p>&nbsp;<\/p>\n","protected":false},"excerpt":{"rendered":"<p>Ordf\u00f6rande Annika Sj\u00f6gren annika.sjogren@kristdemokraterna.se 1:e vice ordf\u00f6rande Lena Eskilsson lena@eskilzzon.se 2:e vice ordf\u00f6rande Kicki Vesterberg kicki.westerberg@kristdemokraterna.se &nbsp;<\/p>\n","protected":false},"author":919,"featured_media":619,"parent":0,"menu_order":0,"comment_status":"closed","ping_status":"closed","template":"page.php","meta":{"_acf_changed":false,"footnotes":""},"class_list":["post-568","page","type-page","status-publish","hentry"],"acf":[],"yoast_head":"<!-- This site is optimized with the Yoast SEO plugin v27.3 - https:\/\/yoast.com\/product\/yoast-seo-wordpress\/ -->\n<title>Kontakta oss - Kristdemokraterna i Hofors\/Tors\u00e5ker<\/title>\n<meta name=\"robots\" content=\"index, follow, max-snippet:-1, max-image-preview:large, max-video-preview:-1\" \/>\n<link rel=\"canonical\" href=\"https:\/\/wp.kristdemokraterna.se\/hofors\/kontakta-oss\/\" \/>\n<meta property=\"og:locale\" content=\"sv_SE\" \/>\n<meta property=\"og:type\" content=\"article\" \/>\n<meta property=\"og:title\" content=\"Kontakta oss - Kristdemokraterna i Hofors\/Tors\u00e5ker\" \/>\n<meta property=\"og:description\" content=\"Ordf\u00f6rande Annika Sj\u00f6gren annika.sjogren@kristdemokraterna.se 1:e vice ordf\u00f6rande Lena Eskilsson lena@eskilzzon.se 2:e vice ordf\u00f6rande Kicki Vesterberg kicki.westerberg@kristdemokraterna.se &nbsp;\" \/>\n<meta property=\"og:url\" content=\"https:\/\/wp.kristdemokraterna.se\/hofors\/kontakta-oss\/\" \/>\n<meta property=\"og:site_name\" content=\"Kristdemokraterna i Hofors\/Tors\u00e5ker\" \/>\n<meta property=\"article:modified_time\" content=\"2026-03-26T11:29:51+00:00\" \/>\n<meta property=\"og:image\" content=\"https:\/\/wp.kristdemokraterna.se\/hofors\/files\/2026\/03\/lenaanikakicki-1024x597.png\" \/>\n\t<meta property=\"og:image:width\" content=\"1024\" \/>\n\t<meta property=\"og:image:height\" content=\"597\" \/>\n\t<meta property=\"og:image:type\" content=\"image\/png\" \/>\n<meta name=\"twitter:card\" content=\"summary_large_image\" \/>\n<meta name=\"twitter:label1\" content=\"Ber\u00e4knad l\u00e4stid\" \/>\n\t<meta name=\"twitter:data1\" content=\"1 minut\" \/>\n<script type=\"application\/ld+json\" class=\"yoast-schema-graph\">{\"@context\":\"https:\\\/\\\/schema.org\",\"@graph\":[{\"@type\":\"WebPage\",\"@id\":\"https:\\\/\\\/wp.kristdemokraterna.se\\\/hofors\\\/kontakta-oss\\\/\",\"url\":\"https:\\\/\\\/wp.kristdemokraterna.se\\\/hofors\\\/kontakta-oss\\\/\",\"name\":\"Kontakta oss - Kristdemokraterna i Hofors\\\/Tors\u00e5ker\",\"isPartOf\":{\"@id\":\"https:\\\/\\\/wp.kristdemokraterna.se\\\/hofors\\\/#website\"},\"primaryImageOfPage\":{\"@id\":\"https:\\\/\\\/wp.kristdemokraterna.se\\\/hofors\\\/kontakta-oss\\\/#primaryimage\"},\"image\":{\"@id\":\"https:\\\/\\\/wp.kristdemokraterna.se\\\/hofors\\\/kontakta-oss\\\/#primaryimage\"},\"thumbnailUrl\":\"https:\\\/\\\/wp.kristdemokraterna.se\\\/hofors\\\/files\\\/2021\\\/05\\\/flower.png\",\"datePublished\":\"2021-04-27T09:40:26+00:00\",\"dateModified\":\"2026-03-26T11:29:51+00:00\",\"breadcrumb\":{\"@id\":\"https:\\\/\\\/wp.kristdemokraterna.se\\\/hofors\\\/kontakta-oss\\\/#breadcrumb\"},\"inLanguage\":\"sv-SE\",\"potentialAction\":[{\"@type\":\"ReadAction\",\"target\":[\"https:\\\/\\\/wp.kristdemokraterna.se\\\/hofors\\\/kontakta-oss\\\/\"]}]},{\"@type\":\"ImageObject\",\"inLanguage\":\"sv-SE\",\"@id\":\"https:\\\/\\\/wp.kristdemokraterna.se\\\/hofors\\\/kontakta-oss\\\/#primaryimage\",\"url\":\"https:\\\/\\\/wp.kristdemokraterna.se\\\/hofors\\\/files\\\/2021\\\/05\\\/flower.png\",\"contentUrl\":\"https:\\\/\\\/wp.kristdemokraterna.se\\\/hofors\\\/files\\\/2021\\\/05\\\/flower.png\",\"width\":478,\"height\":262},{\"@type\":\"BreadcrumbList\",\"@id\":\"https:\\\/\\\/wp.kristdemokraterna.se\\\/hofors\\\/kontakta-oss\\\/#breadcrumb\",\"itemListElement\":[{\"@type\":\"ListItem\",\"position\":1,\"name\":\"Hem\",\"item\":\"https:\\\/\\\/wp.kristdemokraterna.se\\\/hofors\\\/\"},{\"@type\":\"ListItem\",\"position\":2,\"name\":\"Kontakta oss\"}]},{\"@type\":\"WebSite\",\"@id\":\"https:\\\/\\\/wp.kristdemokraterna.se\\\/hofors\\\/#website\",\"url\":\"https:\\\/\\\/wp.kristdemokraterna.se\\\/hofors\\\/\",\"name\":\"Kristdemokraterna i Hofors\\\/Tors\u00e5ker\",\"description\":\"En till Kristdemokraterna webbplats\",\"inLanguage\":\"sv-SE\"}]}<\/script>\n<!-- \/ Yoast SEO plugin. -->","yoast_head_json":{"title":"Kontakta oss - Kristdemokraterna i Hofors\/Tors\u00e5ker","robots":{"index":"index","follow":"follow","max-snippet":"max-snippet:-1","max-image-preview":"max-image-preview:large","max-video-preview":"max-video-preview:-1"},"canonical":"https:\/\/wp.kristdemokraterna.se\/hofors\/kontakta-oss\/","og_locale":"sv_SE","og_type":"article","og_title":"Kontakta oss - Kristdemokraterna i Hofors\/Tors\u00e5ker","og_description":"Ordf\u00f6rande Annika Sj\u00f6gren annika.sjogren@kristdemokraterna.se 1:e vice ordf\u00f6rande Lena Eskilsson lena@eskilzzon.se 2:e vice ordf\u00f6rande Kicki Vesterberg kicki.westerberg@kristdemokraterna.se &nbsp;","og_url":"https:\/\/wp.kristdemokraterna.se\/hofors\/kontakta-oss\/","og_site_name":"Kristdemokraterna i Hofors\/Tors\u00e5ker","article_modified_time":"2026-03-26T11:29:51+00:00","og_image":[{"width":1024,"height":597,"url":"https:\/\/wp.kristdemokraterna.se\/hofors\/files\/2026\/03\/lenaanikakicki-1024x597.png","type":"image\/png"}],"twitter_card":"summary_large_image","twitter_misc":{"Ber\u00e4knad l\u00e4stid":"1 minut"},"schema":{"@context":"https:\/\/schema.org","@graph":[{"@type":"WebPage","@id":"https:\/\/wp.kristdemokraterna.se\/hofors\/kontakta-oss\/","url":"https:\/\/wp.kristdemokraterna.se\/hofors\/kontakta-oss\/","name":"Kontakta oss - Kristdemokraterna i Hofors\/Tors\u00e5ker","isPartOf":{"@id":"https:\/\/wp.kristdemokraterna.se\/hofors\/#website"},"primaryImageOfPage":{"@id":"https:\/\/wp.kristdemokraterna.se\/hofors\/kontakta-oss\/#primaryimage"},"image":{"@id":"https:\/\/wp.kristdemokraterna.se\/hofors\/kontakta-oss\/#primaryimage"},"thumbnailUrl":"https:\/\/wp.kristdemokraterna.se\/hofors\/files\/2021\/05\/flower.png","datePublished":"2021-04-27T09:40:26+00:00","dateModified":"2026-03-26T11:29:51+00:00","breadcrumb":{"@id":"https:\/\/wp.kristdemokraterna.se\/hofors\/kontakta-oss\/#breadcrumb"},"inLanguage":"sv-SE","potentialAction":[{"@type":"ReadAction","target":["https:\/\/wp.kristdemokraterna.se\/hofors\/kontakta-oss\/"]}]},{"@type":"ImageObject","inLanguage":"sv-SE","@id":"https:\/\/wp.kristdemokraterna.se\/hofors\/kontakta-oss\/#primaryimage","url":"https:\/\/wp.kristdemokraterna.se\/hofors\/files\/2021\/05\/flower.png","contentUrl":"https:\/\/wp.kristdemokraterna.se\/hofors\/files\/2021\/05\/flower.png","width":478,"height":262},{"@type":"BreadcrumbList","@id":"https:\/\/wp.kristdemokraterna.se\/hofors\/kontakta-oss\/#breadcrumb","itemListElement":[{"@type":"ListItem","position":1,"name":"Hem","item":"https:\/\/wp.kristdemokraterna.se\/hofors\/"},{"@type":"ListItem","position":2,"name":"Kontakta oss"}]},{"@type":"WebSite","@id":"https:\/\/wp.kristdemokraterna.se\/hofors\/#website","url":"https:\/\/wp.kristdemokraterna.se\/hofors\/","name":"Kristdemokraterna i Hofors\/Tors\u00e5ker","description":"En till Kristdemokraterna webbplats","inLanguage":"sv-SE"}]}},"_links":{"self":[{"href":"https:\/\/wp.kristdemokraterna.se\/hofors\/wp-json\/wp\/v2\/pages\/568","targetHints":{"allow":["GET"]}}],"collection":[{"href":"https:\/\/wp.kristdemokraterna.se\/hofors\/wp-json\/wp\/v2\/pages"}],"about":[{"href":"https:\/\/wp.kristdemokraterna.se\/hofors\/wp-json\/wp\/v2\/types\/page"}],"author":[{"embeddable":true,"href":"https:\/\/wp.kristdemokraterna.se\/hofors\/wp-json\/wp\/v2\/users\/919"}],"replies":[{"embeddable":true,"href":"https:\/\/wp.kristdemokraterna.se\/hofors\/wp-json\/wp\/v2\/comments?post=568"}],"version-history":[{"count":14,"href":"https:\/\/wp.kristdemokraterna.se\/hofors\/wp-json\/wp\/v2\/pages\/568\/revisions"}],"predecessor-version":[{"id":816,"href":"https:\/\/wp.kristdemokraterna.se\/hofors\/wp-json\/wp\/v2\/pages\/568\/revisions\/816"}],"wp:featuredmedia":[{"embeddable":true,"href":"https:\/\/wp.kristdemokraterna.se\/hofors\/wp-json\/wp\/v2\/media\/619"}],"wp:attachment":[{"href":"https:\/\/wp.kristdemokraterna.se\/hofors\/wp-json\/wp\/v2\/media?parent=568"}],"curies":[{"name":"wp","href":"https:\/\/api.w.org\/{rel}","templated":true}]}}